{"id":911,"date":"2017-09-25T11:28:46","date_gmt":"2017-09-25T11:28:46","guid":{"rendered":"http:\/\/www.seac.es\/es\/?page_id=911"},"modified":"2022-10-07T06:00:43","modified_gmt":"2022-10-07T06:00:43","slug":"accesorios","status":"publish","type":"page","link":"https:\/\/www.seac.es\/es\/productos\/accesorios\/","title":{"rendered":"Accesorios"},"content":{"rendered":"<div id=\"pl-911\"  class=\"panel-layout\" ><div id=\"pg-911-0\"  class=\"panel-grid panel-has-style\" ><div class=\"siteorigin-panels-stretch panel-row-style panel-row-style-for-911-0\" data-stretch-type=\"full\" ><div id=\"pgc-911-0-0\"  class=\"panel-grid-cell\" ><div id=\"panel-911-0-0-0\" class=\"so-panel widget widget_sow-editor panel-first-child panel-last-child\" data-index=\"0\" ><div\n\t\t\t\n\t\t\tclass=\"so-widget-sow-editor so-widget-sow-editor-base\"\n\t\t\t\n\t\t>\n<div class=\"siteorigin-widget-tinymce textwidget\">\n\t<h1>\u00a0<\/h1>\n<h1>Accesorios<\/h1>\n<\/div>\n<\/div><\/div><\/div><\/div><\/div><div id=\"pg-911-1\"  class=\"panel-grid panel-has-style\" ><div class=\"siteorigin-panels-stretch panel-row-style panel-row-style-for-911-1\" data-stretch-type=\"full\" ><div id=\"pgc-911-1-0\"  class=\"panel-grid-cell\" ><div id=\"panel-911-1-0-0\" class=\"so-panel widget widget_sow-image panel-first-child panel-last-child\" data-index=\"1\" ><div\n\t\t\t\n\t\t\tclass=\"so-widget-sow-image so-widget-sow-image-default-17bc2272b535-911\"\n\t\t\t\n\t\t>\n\n<div class=\"sow-image-container\">\n\t\t<img src=\"https:\/\/www.seac.es\/es\/wp-content\/uploads\/2022\/04\/estacion_torre_2.jpg\" width=\"424\" height=\"640\" srcset=\"https:\/\/www.seac.es\/es\/wp-content\/uploads\/2022\/04\/estacion_torre_2.jpg 424w, https:\/\/www.seac.es\/es\/wp-content\/uploads\/2022\/04\/estacion_torre_2-199x300.jpg 199w, https:\/\/www.seac.es\/es\/wp-content\/uploads\/2022\/04\/estacion_torre_2-16x24.jpg 16w, https:\/\/www.seac.es\/es\/wp-content\/uploads\/2022\/04\/estacion_torre_2-24x36.jpg 24w, https:\/\/www.seac.es\/es\/wp-content\/uploads\/2022\/04\/estacion_torre_2-32x48.jpg 32w\" sizes=\"(max-width: 424px) 100vw, 424px\" title=\"estacion_meteorologica\" alt=\"\" loading=\"lazy\" \t\tclass=\"so-widget-image\"\/>\n\t<\/div>\n\n<\/div><\/div><\/div><div id=\"pgc-911-1-1\"  class=\"panel-grid-cell\" ><div id=\"panel-911-1-1-0\" class=\"so-panel widget widget_sow-editor panel-first-child panel-last-child\" data-index=\"2\" ><div\n\t\t\t\n\t\t\tclass=\"so-widget-sow-editor so-widget-sow-editor-base\"\n\t\t\t\n\t\t>\n<div class=\"siteorigin-widget-tinymce textwidget\">\n\t<h3>Presentaci\u00f3n<\/h3>\n<p>La puesta en marcha de cualquier proyecto de meteorolog\u00eda o medio ambiente necesita la instalaci\u00f3n de una serie de elementos complementarios, el\u00e9ctricos y mec\u00e1nicos.<\/p>\n<p>Para cualquier proyecto o suministro, proporcionamos todo tipo de accesorio necesario para completar cualquier instalaci\u00f3n.<\/p>\n<p>Entre los mismos se encuentran:<\/p>\n<p>M\u00e1stiles abatibles de 10 metros en acero, aluminio y fibra de vidrio.<\/p>\n<p>Crucetas para soporte de sensores de viento.<\/p>\n<p>Pies de pluvi\u00f3metro.<\/p>\n<p>Soportes para sensores de temperatura, humedad, irradiaci\u00f3n, etc.<\/p>\n<p>Paneles solares y soportes.<\/p>\n<p>Balizas.<\/p>\n<p>Seg\u00fan las necesidades del proyecto facilitamos los complementos m\u00e1s adecuados.<\/p>\n<\/div>\n<\/div><\/div><\/div><\/div><\/div><div id=\"pg-911-2\"  class=\"panel-grid panel-has-style\" ><div class=\"siteorigin-panels-stretch panel-row-style panel-row-style-for-911-2\" data-stretch-type=\"full\" ><div id=\"pgc-911-2-0\"  class=\"panel-grid-cell\" ><div id=\"panel-911-2-0-0\" class=\"so-panel widget widget_sow-image panel-first-child panel-last-child\" data-index=\"3\" ><div\n\t\t\t\n\t\t\tclass=\"so-widget-sow-image so-widget-sow-image-default-d6014b76747a-911\"\n\t\t\t\n\t\t>\n\n<div class=\"sow-image-container\">\n\t\t<img src=\"https:\/\/www.seac.es\/es\/wp-content\/uploads\/2022\/04\/platos_transp_small-781x512.png\" width=\"781\" height=\"512\" srcset=\"https:\/\/www.seac.es\/es\/wp-content\/uploads\/2022\/04\/platos_transp_small-781x512.png 781w, https:\/\/www.seac.es\/es\/wp-content\/uploads\/2022\/04\/platos_transp_small-24x16.png 24w, https:\/\/www.seac.es\/es\/wp-content\/uploads\/2022\/04\/platos_transp_small-36x24.png 36w, https:\/\/www.seac.es\/es\/wp-content\/uploads\/2022\/04\/platos_transp_small-48x32.png 48w\" sizes=\"(max-width: 781px) 100vw, 781px\" alt=\"\" loading=\"lazy\" \t\tclass=\"so-widget-image\"\/>\n\t<\/div>\n\n<\/div><\/div><\/div><div id=\"pgc-911-2-1\"  class=\"panel-grid-cell\" ><div id=\"panel-911-2-1-0\" class=\"so-panel widget widget_sow-image panel-first-child panel-last-child\" data-index=\"4\" ><div\n\t\t\t\n\t\t\tclass=\"so-widget-sow-image so-widget-sow-image-default-d6014b76747a-911\"\n\t\t\t\n\t\t>\n\n<div class=\"sow-image-container\">\n\t\t<img src=\"https:\/\/www.seac.es\/es\/wp-content\/uploads\/2022\/04\/Panel_solar_transp-781x512.png\" width=\"781\" height=\"512\" sizes=\"(max-width: 781px) 100vw, 781px\" alt=\"\" loading=\"lazy\" \t\tclass=\"so-widget-image\"\/>\n\t<\/div>\n\n<\/div><\/div><\/div><\/div><\/div><\/div>","protected":false},"excerpt":{"rendered":"<p>\u00a0 Accesorios Presentaci\u00f3n La puesta en marcha de cualquier proyecto de meteorolog\u00eda o medio ambiente necesita la instalaci\u00f3n de una serie de elementos complementarios, el\u00e9ctricos<\/p>\n","protected":false},"author":1,"featured_media":761,"parent":749,"menu_order":0,"comment_status":"closed","ping_status":"closed","template":"","meta":[],"yoast_head":"<!-- This site is optimized with the Yoast SEO plugin v19.2 - https:\/\/yoast.com\/wordpress\/plugins\/seo\/ -->\n<title>Accesorios - SEAC<\/title>\n<meta name=\"description\" content=\"Para cualquier proyecto o suministro, proporcionamos todo tipo de accesorio necesario para completar cualquier instalaci\u00f3n.\" \/>\n<meta name=\"robots\" content=\"index, follow, max-snippet:-1, max-image-preview:large, max-video-preview:-1\" \/>\n<link rel=\"canonical\" href=\"https:\/\/www.seac.es\/es\/productos\/accesorios\/\" \/>\n<meta property=\"og:locale\" content=\"es_ES\" \/>\n<meta property=\"og:type\" content=\"article\" \/>\n<meta property=\"og:title\" content=\"Accesorios - SEAC\" \/>\n<meta property=\"og:description\" content=\"Para cualquier proyecto o suministro, proporcionamos todo tipo de accesorio necesario para completar cualquier instalaci\u00f3n.\" \/>\n<meta property=\"og:url\" content=\"https:\/\/www.seac.es\/es\/productos\/accesorios\/\" \/>\n<meta property=\"og:site_name\" content=\"SEAC\" \/>\n<meta property=\"article:modified_time\" content=\"2022-10-07T06:00:43+00:00\" \/>\n<meta property=\"og:image\" content=\"https:\/\/www.seac.es\/es\/wp-content\/uploads\/2017\/09\/FullSizeRender-9-cuadrado.jpg\" \/>\n\t<meta property=\"og:image:width\" content=\"635\" \/>\n\t<meta property=\"og:image:height\" content=\"641\" \/>\n\t<meta property=\"og:image:type\" content=\"image\/jpeg\" \/>\n<meta name=\"author\" content=\"adminblogseac\" \/>\n<meta name=\"twitter:card\" content=\"summary_large_image\" \/>\n<meta name=\"twitter:label1\" content=\"Tiempo de lectura\" \/>\n\t<meta name=\"twitter:data1\" content=\"1 minuto\" \/>\n<script type=\"application\/ld+json\" class=\"yoast-schema-graph\">{\"@context\":\"https:\/\/schema.org\",\"@graph\":[{\"@type\":\"Organization\",\"@id\":\"https:\/\/www.seac.es\/es\/#organization\",\"name\":\"SEAC S.A.\",\"url\":\"https:\/\/www.seac.es\/es\/\",\"sameAs\":[],\"logo\":{\"@type\":\"ImageObject\",\"inLanguage\":\"es\",\"@id\":\"https:\/\/www.seac.es\/es\/#\/schema\/logo\/image\/\",\"url\":\"https:\/\/www.seac.es\/es\/wp-content\/uploads\/2017\/08\/logoSEAC240x105.png\",\"contentUrl\":\"https:\/\/www.seac.es\/es\/wp-content\/uploads\/2017\/08\/logoSEAC240x105.png\",\"width\":240,\"height\":105,\"caption\":\"SEAC S.A.\"},\"image\":{\"@id\":\"https:\/\/www.seac.es\/es\/#\/schema\/logo\/image\/\"}},{\"@type\":\"WebSite\",\"@id\":\"https:\/\/www.seac.es\/es\/#website\",\"url\":\"https:\/\/www.seac.es\/es\/\",\"name\":\"SEAC\",\"description\":\"Meteorolog\u00eda y equipos de medida\",\"publisher\":{\"@id\":\"https:\/\/www.seac.es\/es\/#organization\"},\"potentialAction\":[{\"@type\":\"SearchAction\",\"target\":{\"@type\":\"EntryPoint\",\"urlTemplate\":\"https:\/\/www.seac.es\/es\/?s={search_term_string}\"},\"query-input\":\"required name=search_term_string\"}],\"inLanguage\":\"es\"},{\"@type\":\"ImageObject\",\"inLanguage\":\"es\",\"@id\":\"https:\/\/www.seac.es\/es\/productos\/accesorios\/#primaryimage\",\"url\":\"https:\/\/www.seac.es\/es\/wp-content\/uploads\/2017\/09\/FullSizeRender-9-cuadrado.jpg\",\"contentUrl\":\"https:\/\/www.seac.es\/es\/wp-content\/uploads\/2017\/09\/FullSizeRender-9-cuadrado.jpg\",\"width\":635,\"height\":641,\"caption\":\"accesorios meteorologia seac\"},{\"@type\":\"WebPage\",\"@id\":\"https:\/\/www.seac.es\/es\/productos\/accesorios\/#webpage\",\"url\":\"https:\/\/www.seac.es\/es\/productos\/accesorios\/\",\"name\":\"Accesorios - SEAC\",\"isPartOf\":{\"@id\":\"https:\/\/www.seac.es\/es\/#website\"},\"primaryImageOfPage\":{\"@id\":\"https:\/\/www.seac.es\/es\/productos\/accesorios\/#primaryimage\"},\"datePublished\":\"2017-09-25T11:28:46+00:00\",\"dateModified\":\"2022-10-07T06:00:43+00:00\",\"description\":\"Para cualquier proyecto o suministro, proporcionamos todo tipo de accesorio necesario para completar cualquier instalaci\u00f3n.\",\"breadcrumb\":{\"@id\":\"https:\/\/www.seac.es\/es\/productos\/accesorios\/#breadcrumb\"},\"inLanguage\":\"es\",\"potentialAction\":[{\"@type\":\"ReadAction\",\"target\":[\"https:\/\/www.seac.es\/es\/productos\/accesorios\/\"]}]},{\"@type\":\"BreadcrumbList\",\"@id\":\"https:\/\/www.seac.es\/es\/productos\/accesorios\/#breadcrumb\",\"itemListElement\":[{\"@type\":\"ListItem\",\"position\":1,\"name\":\"Portada\",\"item\":\"https:\/\/www.seac.es\/es\/\"},{\"@type\":\"ListItem\",\"position\":2,\"name\":\"Productos\",\"item\":\"https:\/\/www.seac.es\/es\/productos\/\"},{\"@type\":\"ListItem\",\"position\":3,\"name\":\"Accesorios\"}]}]}<\/script>\n<!-- \/ Yoast SEO plugin. -->","yoast_head_json":{"title":"Accesorios - SEAC","description":"Para cualquier proyecto o suministro, proporcionamos todo tipo de accesorio necesario para completar cualquier instalaci\u00f3n.","robots":{"index":"index","follow":"follow","max-snippet":"max-snippet:-1","max-image-preview":"max-image-preview:large","max-video-preview":"max-video-preview:-1"},"canonical":"https:\/\/www.seac.es\/es\/productos\/accesorios\/","og_locale":"es_ES","og_type":"article","og_title":"Accesorios - SEAC","og_description":"Para cualquier proyecto o suministro, proporcionamos todo tipo de accesorio necesario para completar cualquier instalaci\u00f3n.","og_url":"https:\/\/www.seac.es\/es\/productos\/accesorios\/","og_site_name":"SEAC","article_modified_time":"2022-10-07T06:00:43+00:00","og_image":[{"width":635,"height":641,"url":"https:\/\/www.seac.es\/es\/wp-content\/uploads\/2017\/09\/FullSizeRender-9-cuadrado.jpg","type":"image\/jpeg"}],"author":"adminblogseac","twitter_card":"summary_large_image","twitter_misc":{"Tiempo de lectura":"1 minuto"},"schema":{"@context":"https:\/\/schema.org","@graph":[{"@type":"Organization","@id":"https:\/\/www.seac.es\/es\/#organization","name":"SEAC S.A.","url":"https:\/\/www.seac.es\/es\/","sameAs":[],"logo":{"@type":"ImageObject","inLanguage":"es","@id":"https:\/\/www.seac.es\/es\/#\/schema\/logo\/image\/","url":"https:\/\/www.seac.es\/es\/wp-content\/uploads\/2017\/08\/logoSEAC240x105.png","contentUrl":"https:\/\/www.seac.es\/es\/wp-content\/uploads\/2017\/08\/logoSEAC240x105.png","width":240,"height":105,"caption":"SEAC S.A."},"image":{"@id":"https:\/\/www.seac.es\/es\/#\/schema\/logo\/image\/"}},{"@type":"WebSite","@id":"https:\/\/www.seac.es\/es\/#website","url":"https:\/\/www.seac.es\/es\/","name":"SEAC","description":"Meteorolog\u00eda y equipos de medida","publisher":{"@id":"https:\/\/www.seac.es\/es\/#organization"},"potentialAction":[{"@type":"SearchAction","target":{"@type":"EntryPoint","urlTemplate":"https:\/\/www.seac.es\/es\/?s={search_term_string}"},"query-input":"required name=search_term_string"}],"inLanguage":"es"},{"@type":"ImageObject","inLanguage":"es","@id":"https:\/\/www.seac.es\/es\/productos\/accesorios\/#primaryimage","url":"https:\/\/www.seac.es\/es\/wp-content\/uploads\/2017\/09\/FullSizeRender-9-cuadrado.jpg","contentUrl":"https:\/\/www.seac.es\/es\/wp-content\/uploads\/2017\/09\/FullSizeRender-9-cuadrado.jpg","width":635,"height":641,"caption":"accesorios meteorologia seac"},{"@type":"WebPage","@id":"https:\/\/www.seac.es\/es\/productos\/accesorios\/#webpage","url":"https:\/\/www.seac.es\/es\/productos\/accesorios\/","name":"Accesorios - SEAC","isPartOf":{"@id":"https:\/\/www.seac.es\/es\/#website"},"primaryImageOfPage":{"@id":"https:\/\/www.seac.es\/es\/productos\/accesorios\/#primaryimage"},"datePublished":"2017-09-25T11:28:46+00:00","dateModified":"2022-10-07T06:00:43+00:00","description":"Para cualquier proyecto o suministro, proporcionamos todo tipo de accesorio necesario para completar cualquier instalaci\u00f3n.","breadcrumb":{"@id":"https:\/\/www.seac.es\/es\/productos\/accesorios\/#breadcrumb"},"inLanguage":"es","potentialAction":[{"@type":"ReadAction","target":["https:\/\/www.seac.es\/es\/productos\/accesorios\/"]}]},{"@type":"BreadcrumbList","@id":"https:\/\/www.seac.es\/es\/productos\/accesorios\/#breadcrumb","itemListElement":[{"@type":"ListItem","position":1,"name":"Portada","item":"https:\/\/www.seac.es\/es\/"},{"@type":"ListItem","position":2,"name":"Productos","item":"https:\/\/www.seac.es\/es\/productos\/"},{"@type":"ListItem","position":3,"name":"Accesorios"}]}]}},"_links":{"self":[{"href":"https:\/\/www.seac.es\/es\/wp-json\/wp\/v2\/pages\/911"}],"collection":[{"href":"https:\/\/www.seac.es\/es\/wp-json\/wp\/v2\/pages"}],"about":[{"href":"https:\/\/www.seac.es\/es\/wp-json\/wp\/v2\/types\/page"}],"author":[{"embeddable":true,"href":"https:\/\/www.seac.es\/es\/wp-json\/wp\/v2\/users\/1"}],"replies":[{"embeddable":true,"href":"https:\/\/www.seac.es\/es\/wp-json\/wp\/v2\/comments?post=911"}],"version-history":[{"count":29,"href":"https:\/\/www.seac.es\/es\/wp-json\/wp\/v2\/pages\/911\/revisions"}],"predecessor-version":[{"id":3965,"href":"https:\/\/www.seac.es\/es\/wp-json\/wp\/v2\/pages\/911\/revisions\/3965"}],"up":[{"embeddable":true,"href":"https:\/\/www.seac.es\/es\/wp-json\/wp\/v2\/pages\/749"}],"wp:featuredmedia":[{"embeddable":true,"href":"https:\/\/www.seac.es\/es\/wp-json\/wp\/v2\/media\/761"}],"wp:attachment":[{"href":"https:\/\/www.seac.es\/es\/wp-json\/wp\/v2\/media?parent=911"}],"curies":[{"name":"wp","href":"https:\/\/api.w.org\/{rel}","templated":true}]}}