{"id":848,"date":"2017-09-22T11:12:20","date_gmt":"2017-09-22T11:12:20","guid":{"rendered":"http:\/\/www.seac.es\/es\/?page_id=848"},"modified":"2022-09-20T07:16:59","modified_gmt":"2022-09-20T07:16:59","slug":"tm-03-y-sc-03","status":"publish","type":"page","link":"https:\/\/www.seac.es\/es\/productos\/estaciones-meteorologicas\/tm-03-y-sc-03\/","title":{"rendered":"TM-03 y SC-03"},"content":{"rendered":"<div id=\"pl-848\"  class=\"panel-layout\" ><div id=\"pg-848-0\"  class=\"panel-grid panel-has-style\" ><div class=\"siteorigin-panels-stretch panel-row-style panel-row-style-for-848-0\" data-stretch-type=\"full-stretched\" ><div id=\"pgc-848-0-0\"  class=\"panel-grid-cell\" ><div id=\"panel-848-0-0-0\" class=\"so-panel widget widget_sow-hero panel-first-child panel-last-child\" data-index=\"0\" ><div\n\t\t\t\n\t\t\tclass=\"so-widget-sow-hero so-widget-sow-hero-default-5dfc655a3c7d-848\"\n\t\t\t\n\t\t><div class=\"sow-slider-base\" style=\"display: none\"><ul\n\t\t\t\t\tclass=\"sow-slider-images\"\n\t\t\t\t\tdata-settings=\"{&quot;pagination&quot;:true,&quot;speed&quot;:800,&quot;timeout&quot;:8000,&quot;paused&quot;:false,&quot;pause_on_hover&quot;:false,&quot;swipe&quot;:false,&quot;nav_always_show_desktop&quot;:&quot;&quot;,&quot;nav_always_show_mobile&quot;:&quot;&quot;,&quot;breakpoint&quot;:&quot;780px&quot;,&quot;unmute&quot;:false,&quot;anchor&quot;:null}\"\n\t\t\t\t\tstyle=\"min-height: 280px\"\t\t\t\t\tdata-anchor-id=\"\"\n\t\t\t\t>\t\t<li class=\"sow-slider-image  sow-slider-image-cover\" style=\"background-color: #333333;background-image: url(https:\/\/www.seac.es\/es\/wp-content\/uploads\/2022\/09\/invierno3.jpg)\" >\n\t\t\t\t\t<div class=\"sow-slider-image-container\">\n\t\t\t<div class=\"sow-slider-image-wrapper\">\n\t\t\t\t<h1>Equipo meteorol\u00f3gico para carreteras - TM-03 y SC-03<\/h1>\n\t\t\t<\/div>\n\t\t<\/div>\n\t\t\t\t<\/li>\n\t\t<\/ul>\t\t\t\t<ol class=\"sow-slider-pagination\">\n\t\t\t\t\t\t\t\t\t\t\t<li><a href=\"#\" data-goto=\"0\" aria-label=\"mostrar diapositiva 1\"><\/a><\/li>\n\t\t\t\t\t\t\t\t\t<\/ol>\n\n\t\t\t\t<div class=\"sow-slide-nav sow-slide-nav-next\">\n\t\t\t\t\t<a href=\"#\" data-goto=\"next\" aria-label=\"diapositiva siguiente\" data-action=\"next\">\n\t\t\t\t\t\t<em class=\"sow-sld-icon-thin-right\"><\/em>\n\t\t\t\t\t<\/a>\n\t\t\t\t<\/div>\n\n\t\t\t\t<div class=\"sow-slide-nav sow-slide-nav-prev\">\n\t\t\t\t\t<a href=\"#\" data-goto=\"previous\" aria-label=\"diapositiva anterior\" data-action=\"prev\">\n\t\t\t\t\t\t<em class=\"sow-sld-icon-thin-left\"><\/em>\n\t\t\t\t\t<\/a>\n\t\t\t\t<\/div>\n\t\t\t\t<\/div><\/div><\/div><\/div><\/div><\/div><div id=\"pg-848-1\"  class=\"panel-grid panel-has-style\" ><div class=\"siteorigin-panels-stretch panel-row-style panel-row-style-for-848-1\" data-stretch-type=\"full\" ><div id=\"pgc-848-1-0\"  class=\"panel-grid-cell\" ><div id=\"panel-848-1-0-0\" class=\"so-panel widget widget_sow-image panel-first-child panel-last-child\" data-index=\"1\" ><div\n\t\t\t\n\t\t\tclass=\"so-widget-sow-image so-widget-sow-image-default-2ec334f0a340-848\"\n\t\t\t\n\t\t>\n\n<div class=\"sow-image-container\">\n\t\t<img src=\"https:\/\/www.seac.es\/es\/wp-content\/uploads\/2022\/04\/TM03-SC03_small_transp.png\" width=\"1800\" height=\"1086\" srcset=\"https:\/\/www.seac.es\/es\/wp-content\/uploads\/2022\/04\/TM03-SC03_small_transp.png 1800w, https:\/\/www.seac.es\/es\/wp-content\/uploads\/2022\/04\/TM03-SC03_small_transp-300x181.png 300w, https:\/\/www.seac.es\/es\/wp-content\/uploads\/2022\/04\/TM03-SC03_small_transp-768x463.png 768w, https:\/\/www.seac.es\/es\/wp-content\/uploads\/2022\/04\/TM03-SC03_small_transp-1024x618.png 1024w, https:\/\/www.seac.es\/es\/wp-content\/uploads\/2022\/04\/TM03-SC03_small_transp-24x14.png 24w, https:\/\/www.seac.es\/es\/wp-content\/uploads\/2022\/04\/TM03-SC03_small_transp-36x22.png 36w, https:\/\/www.seac.es\/es\/wp-content\/uploads\/2022\/04\/TM03-SC03_small_transp-48x29.png 48w\" sizes=\"(max-width: 1800px) 100vw, 1800px\" alt=\"\" loading=\"lazy\" \t\tclass=\"so-widget-image\"\/>\n\t<\/div>\n\n<\/div><\/div><\/div><div id=\"pgc-848-1-1\"  class=\"panel-grid-cell\" ><div id=\"panel-848-1-1-0\" class=\"so-panel widget widget_sow-editor panel-first-child\" data-index=\"2\" ><div\n\t\t\t\n\t\t\tclass=\"so-widget-sow-editor so-widget-sow-editor-base\"\n\t\t\t\n\t\t>\n<div class=\"siteorigin-widget-tinymce textwidget\">\n\t<h3>Presentaci\u00f3n<\/h3>\n<p>El conjunto de Terminal m\u00f3vil (TM-03) y Sensores de calzada (SC-03), junto con las estaciones fijas de carretera y el software de gesti\u00f3n forman un sistema de ayudas a la vialidad invernal y a las predicciones local y general del tiempo.<\/p>\n<p>Mediante el m\u00f3dulo de comunicaciones y GPS integrados, permite conocer el estado de la calzada y su posici\u00f3n en tiempo real desde un centro de control, a la vez que almacena los datos internamente para su env\u00edo o an\u00e1lisis posterior.<\/p>\n<h3>TM-03<\/h3>\n<p>El m\u00f3dulo TM-03 recibe y valida la informaci\u00f3n de los sensores de forma continua; almacena los datos en memoria y los env\u00eda por GPRS a centros de control.<br \/>Dispone de teclado, display y leds de monitorizaci\u00f3n de estado. Incluye tambi\u00e9n un receptor GPS para posicionamiento y antena integrada de alta sensibilidad. <br \/>Por medio de un mensaje SMS se puede realizar la configuraci\u00f3n y solicitar un diagn\u00f3stico del equipo.<br \/>El sincronismo horario se lleva a cabo indistintamente por GPS o IP de forma autom\u00e1tica.<\/p>\n<h3>SC-03<\/h3>\n<p>El m\u00f3dulo SC-03 se compone de: <br \/>- Caja de intemperie: aloja la electr\u00f3nica. <br \/>- Sensores: de temperatura y humedad del aire y de temperatura de calzada. La sustituci\u00f3n de los mismos se puede realizar en campo ya que son intercambiables sin necesidad de recalibraci\u00f3n y se conectan a la caja por conector de intemperie incorporado.<br \/>- Soporte. El soporte sujeta el conjunto y contiene una cubierta que envuelve los sensores y sirve de protector f\u00edsico y solar.<br \/>La sujeci\u00f3n a la carrocer\u00eda es mediante imanes y por correa de seguridad.<br \/>La alimentaci\u00f3n y salida de se\u00f1ales es por cable con conector.<\/p>\n<\/div>\n<\/div><\/div><div id=\"panel-848-1-1-1\" class=\"so-panel widget widget_sow-button panel-last-child\" data-index=\"3\" ><div\n\t\t\t\n\t\t\tclass=\"so-widget-sow-button so-widget-sow-button-wire-30b3367ab913-848\"\n\t\t\t\n\t\t><div class=\"ow-button-base ow-button-align-left\">\n\t<a href=\"\/docs-pdf\/GE_IE_CAT_0017.pdf\" class=\"ow-icon-placement-left ow-button-hover\" \t\t>\n\t\t<span>\n\t\t\t\n\t\t\tVer cat\u00e1logo\t\t<\/span>\n\t<\/a>\n<\/div>\n<\/div><\/div><\/div><\/div><\/div><div id=\"pg-848-2\"  class=\"panel-grid panel-has-style\" ><div class=\"siteorigin-panels-stretch panel-row-style panel-row-style-for-848-2\" data-stretch-type=\"full\" ><div id=\"pgc-848-2-0\"  class=\"panel-grid-cell\" ><div id=\"panel-848-2-0-0\" class=\"so-panel widget widget_sow-editor panel-first-child panel-last-child\" data-index=\"4\" ><div class=\"panel-widget-style panel-widget-style-for-848-2-0-0\" ><div\n\t\t\t\n\t\t\tclass=\"so-widget-sow-editor so-widget-sow-editor-base\"\n\t\t\t\n\t\t>\n<div class=\"siteorigin-widget-tinymce textwidget\">\n\t<h1>\u00a0<\/h1>\n<h1>TM-03 y SC-03\u00a0Caracter\u00edsticas t\u00e9cnicas<\/h1>\n<\/div>\n<\/div><\/div><\/div><\/div><\/div><\/div><div id=\"pg-848-3\"  class=\"panel-grid panel-has-style\" ><div class=\"siteorigin-panels-stretch panel-row-style panel-row-style-for-848-3\" data-stretch-type=\"full\" ><div id=\"pgc-848-3-0\"  class=\"panel-grid-cell\" ><div id=\"panel-848-3-0-0\" class=\"so-panel widget widget_sow-editor panel-first-child\" data-index=\"5\" ><div\n\t\t\t\n\t\t\tclass=\"so-widget-sow-editor so-widget-sow-editor-base\"\n\t\t\t\n\t\t>\n<div class=\"siteorigin-widget-tinymce textwidget\">\n\t<p><strong>TM-03<\/strong><\/p>\n<hr \/>\n<hr \/>\n<p><strong>General<\/strong><\/p>\n<hr \/>\n<table width=\"353\">\n<tbody>\n<tr>\n<td width=\"183\">\n<p>Equipo compacto<\/p>\n<\/td>\n<td width=\"170\">\u00a0<\/td>\n<\/tr>\n<tr>\n<td width=\"183\">\n<p>F\u00e1cil instalaci\u00f3n y manejo\u00b7<\/p>\n<\/td>\n<td width=\"170\">\u00a0<\/td>\n<\/tr>\n<tr>\n<td width=\"183\">\n<p>Display luminoso<\/p>\n<\/td>\n<td width=\"170\">\u00a0<\/td>\n<\/tr>\n<tr>\n<td width=\"183\">\n<p>Tecnolog\u00eda de \u00faltima generaci\u00f3n<\/p>\n<\/td>\n<td width=\"170\">\u00a0<\/td>\n<\/tr>\n<tr>\n<td width=\"183\">\n<p>GPS integrado<\/p>\n<p>M\u00f3dulo de comunicaciones GPRS<\/p>\n<p>Memoria interna<\/p>\n<p>Sincronismo horario GPS\/IP<\/p>\n<p>Ranura portasim<\/p>\n<\/td>\n<td width=\"170\">\u00a0<\/td>\n<\/tr>\n<\/tbody>\n<\/table>\n<p><strong>El\u00e9ctricas<\/strong><\/p>\n<hr \/>\n<table>\n<tbody>\n<tr>\n<td width=\"135\">\n<p>Alimentaci\u00f3n<\/p>\n<\/td>\n<td width=\"170\">\n<p>9~28 VDC<\/p>\n<p>Protegida contra sobretensiones y cambio de polaridad<\/p>\n<\/td>\n<\/tr>\n<\/tbody>\n<\/table>\n<p><strong>Mec\u00e1nicas<\/strong><\/p>\n<hr \/>\n<table>\n<tbody>\n<tr>\n<td width=\"135\">\n<p>Peso<\/p>\n<\/td>\n<td width=\"170\">\n<p>345 gr<\/p>\n<\/td>\n<\/tr>\n<tr>\n<td width=\"135\">\n<p>Longitud<\/p>\n<\/td>\n<td width=\"170\">\n<p>160 mm<\/p>\n<\/td>\n<\/tr>\n<tr>\n<td width=\"135\">\n<p>Anchura<\/p>\n<\/td>\n<td width=\"170\">\n<p>90 mm<\/p>\n<\/td>\n<\/tr>\n<tr>\n<td width=\"135\">\n<p>Altura<\/p>\n<\/td>\n<td width=\"170\">\n<p>60 mm<\/p>\n<\/td>\n<\/tr>\n<\/tbody>\n<\/table>\n<\/div>\n<\/div><\/div><div id=\"panel-848-3-0-1\" class=\"so-panel widget widget_sow-image panel-last-child\" data-index=\"6\" ><div\n\t\t\t\n\t\t\tclass=\"so-widget-sow-image so-widget-sow-image-default-d6014b76747a-848\"\n\t\t\t\n\t\t>\n\n<div class=\"sow-image-container\">\n\t\t<img src=\"https:\/\/www.seac.es\/es\/wp-content\/uploads\/2017\/09\/DSC01535_web.jpg\" width=\"3210\" height=\"2187\" srcset=\"https:\/\/www.seac.es\/es\/wp-content\/uploads\/2017\/09\/DSC01535_web.jpg 3210w, https:\/\/www.seac.es\/es\/wp-content\/uploads\/2017\/09\/DSC01535_web-300x204.jpg 300w, https:\/\/www.seac.es\/es\/wp-content\/uploads\/2017\/09\/DSC01535_web-768x523.jpg 768w, https:\/\/www.seac.es\/es\/wp-content\/uploads\/2017\/09\/DSC01535_web-1024x698.jpg 1024w, https:\/\/www.seac.es\/es\/wp-content\/uploads\/2017\/09\/DSC01535_web-24x16.jpg 24w, https:\/\/www.seac.es\/es\/wp-content\/uploads\/2017\/09\/DSC01535_web-36x25.jpg 36w, https:\/\/www.seac.es\/es\/wp-content\/uploads\/2017\/09\/DSC01535_web-48x33.jpg 48w\" sizes=\"(max-width: 3210px) 100vw, 3210px\" alt=\"\" loading=\"lazy\" \t\tclass=\"so-widget-image\"\/>\n\t<\/div>\n\n<\/div><\/div><\/div><div id=\"pgc-848-3-1\"  class=\"panel-grid-cell panel-grid-cell-empty\" ><\/div><div id=\"pgc-848-3-2\"  class=\"panel-grid-cell\" ><div id=\"panel-848-3-2-0\" class=\"so-panel widget widget_sow-editor panel-first-child\" data-index=\"7\" ><div\n\t\t\t\n\t\t\tclass=\"so-widget-sow-editor so-widget-sow-editor-base\"\n\t\t\t\n\t\t>\n<div class=\"siteorigin-widget-tinymce textwidget\">\n\t<p><strong>SC-03<\/strong><\/p>\n<hr \/>\n<hr \/>\n<p><strong>General<\/strong><\/p>\n<hr \/>\n<p>Caja IP65<\/p>\n<p>Equipo liviano<\/p>\n<p>Sensores intercambiables<\/p>\n<p><strong>Sensor de temperatura de calzada<\/strong><\/p>\n<hr \/>\n<table width=\"399\">\n<tbody>\n<tr>\n<td colspan=\"2\" width=\"229\">\n<p>Medida de infrarrojos por termopila<\/p>\n<\/td>\n<td colspan=\"2\" width=\"170\">\u00a0<\/td>\n<\/tr>\n<tr>\n<td colspan=\"2\" width=\"229\">\n<p>Amplificador de bajo ruido<\/p>\n<\/td>\n<td colspan=\"2\" width=\"170\">\u00a0<\/td>\n<\/tr>\n<tr>\n<td colspan=\"2\" width=\"229\">\n<p>Medidor interno de temperatura<\/p>\n<\/td>\n<td colspan=\"2\" width=\"170\">\u00a0<\/td>\n<\/tr>\n<tr>\n<td colspan=\"2\" width=\"229\">\n<p>Unidad DSP y conversor A\/D de 17 bits<\/p>\n<\/td>\n<td colspan=\"2\" width=\"170\">\u00a0<\/td>\n<\/tr>\n<tr>\n<td width=\"135\">\n<p>Rango de medida<\/p>\n<\/td>\n<td colspan=\"2\" width=\"170\">\n<p>\u201340 a 125 \u00baC<\/p>\n<\/td>\n<td width=\"94\">\u00a0<\/td>\n<\/tr>\n<tr>\n<td width=\"135\">\n<p>Exactitud<\/p>\n<\/td>\n<td colspan=\"2\" width=\"170\">\n<p>+- 0,5 \u00baC<\/p>\n<\/td>\n<td width=\"94\">\u00a0<\/td>\n<\/tr>\n<tr>\n<td width=\"135\">\n<p>Tiempo de respuesta<\/p>\n<\/td>\n<td colspan=\"2\" width=\"170\">\n<p>0,15 seg<\/p>\n<\/td>\n<td width=\"94\">\u00a0<\/td>\n<\/tr>\n<tr>\n<td width=\"135\">\u00a0<\/td>\n<td width=\"94\">\u00a0<\/td>\n<td width=\"76\">\u00a0<\/td>\n<td width=\"94\">\u00a0<\/td>\n<\/tr>\n<\/tbody>\n<\/table>\n<p><strong>Sensor de temperatura y humedad del aire<\/strong><\/p>\n<hr \/>\n<p>Tecnolog\u00eda CMOSense\u00ae<\/p>\n<p>Humedad. Capacitivo.<\/p>\n<p>Temperatura: Bandgap sensor.<\/p>\n<p>Conversor A\/D 14 bits<\/p>\n<p>Temperatura:<\/p>\n<table>\n<tbody>\n<tr>\n<td width=\"135\">\n<p>Rango de medida<\/p>\n<\/td>\n<td width=\"170\">\n<p>\u201340 a 125 \u00baC<\/p>\n<\/td>\n<\/tr>\n<tr>\n<td width=\"135\">\n<p>Exactitud t\u00edpica<\/p>\n<\/td>\n<td width=\"170\">\n<p>+- 0,5 \u00baC<\/p>\n<\/td>\n<\/tr>\n<\/tbody>\n<\/table>\n<p>Humedad:<\/p>\n<table>\n<tbody>\n<tr>\n<td width=\"135\">\n<p>Rango de medida<\/p>\n<\/td>\n<td width=\"170\">\n<p>0 a 100%HR<\/p>\n<\/td>\n<\/tr>\n<tr>\n<td width=\"135\">\n<p>Exactitud t\u00edpica<\/p>\n<\/td>\n<td width=\"170\">\n<p>+- 2%<\/p>\n<\/td>\n<\/tr>\n<tr>\n<td width=\"135\">\n<p>Tiempo de respuesta<\/p>\n<\/td>\n<td width=\"170\">\n<p>8 seg<\/p>\n<\/td>\n<\/tr>\n<\/tbody>\n<\/table>\n<p><strong>El\u00e9ctricas<\/strong><\/p>\n<hr \/>\n<table>\n<tbody>\n<tr>\n<td width=\"135\">\n<p>Alimentaci\u00f3n<\/p>\n<\/td>\n<td width=\"170\">\n<p>9~28 VDC<\/p>\n<p>Protegida contra sobretensiones y cambio de polaridad<\/p>\n<\/td>\n<\/tr>\n<\/tbody>\n<\/table>\n<p><strong>Mec\u00e1nicas<\/strong><\/p>\n<hr \/>\n<table width=\"312\">\n<tbody>\n<tr>\n<td width=\"135\">\n<p>Peso<\/p>\n<\/td>\n<td width=\"177\">\n<p>725 gr (Caja sensores con soporte)<\/p>\n<\/td>\n<\/tr>\n<tr>\n<td width=\"135\">\n<p>Longitud<\/p>\n<\/td>\n<td width=\"177\">\n<p>125 mm<\/p>\n<\/td>\n<\/tr>\n<tr>\n<td width=\"135\">\n<p>Anchura<\/p>\n<\/td>\n<td width=\"177\">\n<p>60 mm<\/p>\n<\/td>\n<\/tr>\n<tr>\n<td width=\"135\">\n<p>Altura<\/p>\n<\/td>\n<td width=\"177\">\n<p>185 mm<\/p>\n<\/td>\n<\/tr>\n<\/tbody>\n<\/table>\n<\/div>\n<\/div><\/div><div id=\"panel-848-3-2-1\" class=\"so-panel widget widget_sow-button panel-last-child\" data-index=\"8\" ><div\n\t\t\t\n\t\t\tclass=\"so-widget-sow-button so-widget-sow-button-wire-30b3367ab913-848\"\n\t\t\t\n\t\t><div class=\"ow-button-base ow-button-align-left\">\n\t<a href=\"\/docs-pdf\/GE_IE_CAT_0017.pdf\" class=\"ow-icon-placement-left ow-button-hover\" \t\t>\n\t\t<span>\n\t\t\t\n\t\t\tVer cat\u00e1logo\t\t<\/span>\n\t<\/a>\n<\/div>\n<\/div><\/div><\/div><\/div><\/div><\/div>","protected":false},"excerpt":{"rendered":"<p>Presentaci\u00f3n El conjunto de Terminal m\u00f3vil (TM-03) y Sensores de calzada (SC-03), junto con las estaciones fijas de carretera y el software de gesti\u00f3n forman<\/p>\n","protected":false},"author":1,"featured_media":849,"parent":706,"menu_order":0,"comment_status":"closed","ping_status":"closed","template":"","meta":[],"yoast_head":"<!-- This site is optimized with the Yoast SEO plugin v19.2 - https:\/\/yoast.com\/wordpress\/plugins\/seo\/ -->\n<title>TM-03 y SC-03 - SEAC<\/title>\n<meta name=\"description\" content=\"Equipo de adquisici\u00f3n de datos meteorol\u00f3gicos para ser instalado en veh\u00edculos de mantenimiento de carreteras. Env\u00edo de datos y posici\u00f3n en tiempo real.\" \/>\n<meta name=\"robots\" content=\"index, follow, max-snippet:-1, max-image-preview:large, max-video-preview:-1\" \/>\n<link rel=\"canonical\" href=\"https:\/\/www.seac.es\/es\/productos\/estaciones-meteorologicas\/tm-03-y-sc-03\/\" \/>\n<meta property=\"og:locale\" content=\"es_ES\" \/>\n<meta property=\"og:type\" content=\"article\" \/>\n<meta property=\"og:title\" content=\"TM-03 y SC-03 - SEAC\" \/>\n<meta property=\"og:description\" content=\"Equipo de adquisici\u00f3n de datos meteorol\u00f3gicos para ser instalado en veh\u00edculos de mantenimiento de carreteras. Env\u00edo de datos y posici\u00f3n en tiempo real.\" \/>\n<meta property=\"og:url\" content=\"https:\/\/www.seac.es\/es\/productos\/estaciones-meteorologicas\/tm-03-y-sc-03\/\" \/>\n<meta property=\"og:site_name\" content=\"SEAC\" \/>\n<meta property=\"article:modified_time\" content=\"2022-09-20T07:16:59+00:00\" \/>\n<meta property=\"og:image\" content=\"https:\/\/www.seac.es\/es\/wp-content\/uploads\/2017\/09\/tm03-640.png\" \/>\n\t<meta property=\"og:image:width\" content=\"678\" \/>\n\t<meta property=\"og:image:height\" content=\"510\" \/>\n\t<meta property=\"og:image:type\" content=\"image\/png\" \/>\n<meta name=\"author\" content=\"adminblogseac\" \/>\n<meta name=\"twitter:card\" content=\"summary_large_image\" \/>\n<meta name=\"twitter:label1\" content=\"Tiempo de lectura\" \/>\n\t<meta name=\"twitter:data1\" content=\"3 minutos\" \/>\n<script type=\"application\/ld+json\" class=\"yoast-schema-graph\">{\"@context\":\"https:\/\/schema.org\",\"@graph\":[{\"@type\":\"Organization\",\"@id\":\"https:\/\/www.seac.es\/es\/#organization\",\"name\":\"SEAC S.A.\",\"url\":\"https:\/\/www.seac.es\/es\/\",\"sameAs\":[],\"logo\":{\"@type\":\"ImageObject\",\"inLanguage\":\"es\",\"@id\":\"https:\/\/www.seac.es\/es\/#\/schema\/logo\/image\/\",\"url\":\"https:\/\/www.seac.es\/es\/wp-content\/uploads\/2017\/08\/logoSEAC240x105.png\",\"contentUrl\":\"https:\/\/www.seac.es\/es\/wp-content\/uploads\/2017\/08\/logoSEAC240x105.png\",\"width\":240,\"height\":105,\"caption\":\"SEAC S.A.\"},\"image\":{\"@id\":\"https:\/\/www.seac.es\/es\/#\/schema\/logo\/image\/\"}},{\"@type\":\"WebSite\",\"@id\":\"https:\/\/www.seac.es\/es\/#website\",\"url\":\"https:\/\/www.seac.es\/es\/\",\"name\":\"SEAC\",\"description\":\"Meteorolog\u00eda y equipos de medida\",\"publisher\":{\"@id\":\"https:\/\/www.seac.es\/es\/#organization\"},\"potentialAction\":[{\"@type\":\"SearchAction\",\"target\":{\"@type\":\"EntryPoint\",\"urlTemplate\":\"https:\/\/www.seac.es\/es\/?s={search_term_string}\"},\"query-input\":\"required name=search_term_string\"}],\"inLanguage\":\"es\"},{\"@type\":\"ImageObject\",\"inLanguage\":\"es\",\"@id\":\"https:\/\/www.seac.es\/es\/productos\/estaciones-meteorologicas\/tm-03-y-sc-03\/#primaryimage\",\"url\":\"https:\/\/www.seac.es\/es\/wp-content\/uploads\/2017\/09\/tm03-640.png\",\"contentUrl\":\"https:\/\/www.seac.es\/es\/wp-content\/uploads\/2017\/09\/tm03-640.png\",\"width\":678,\"height\":510},{\"@type\":\"WebPage\",\"@id\":\"https:\/\/www.seac.es\/es\/productos\/estaciones-meteorologicas\/tm-03-y-sc-03\/#webpage\",\"url\":\"https:\/\/www.seac.es\/es\/productos\/estaciones-meteorologicas\/tm-03-y-sc-03\/\",\"name\":\"TM-03 y SC-03 - SEAC\",\"isPartOf\":{\"@id\":\"https:\/\/www.seac.es\/es\/#website\"},\"primaryImageOfPage\":{\"@id\":\"https:\/\/www.seac.es\/es\/productos\/estaciones-meteorologicas\/tm-03-y-sc-03\/#primaryimage\"},\"datePublished\":\"2017-09-22T11:12:20+00:00\",\"dateModified\":\"2022-09-20T07:16:59+00:00\",\"description\":\"Equipo de adquisici\u00f3n de datos meteorol\u00f3gicos para ser instalado en veh\u00edculos de mantenimiento de carreteras. Env\u00edo de datos y posici\u00f3n en tiempo real.\",\"breadcrumb\":{\"@id\":\"https:\/\/www.seac.es\/es\/productos\/estaciones-meteorologicas\/tm-03-y-sc-03\/#breadcrumb\"},\"inLanguage\":\"es\",\"potentialAction\":[{\"@type\":\"ReadAction\",\"target\":[\"https:\/\/www.seac.es\/es\/productos\/estaciones-meteorologicas\/tm-03-y-sc-03\/\"]}]},{\"@type\":\"BreadcrumbList\",\"@id\":\"https:\/\/www.seac.es\/es\/productos\/estaciones-meteorologicas\/tm-03-y-sc-03\/#breadcrumb\",\"itemListElement\":[{\"@type\":\"ListItem\",\"position\":1,\"name\":\"Portada\",\"item\":\"https:\/\/www.seac.es\/es\/\"},{\"@type\":\"ListItem\",\"position\":2,\"name\":\"Productos\",\"item\":\"https:\/\/www.seac.es\/es\/productos\/\"},{\"@type\":\"ListItem\",\"position\":3,\"name\":\"Estaciones\",\"item\":\"https:\/\/www.seac.es\/es\/productos\/estaciones-meteorologicas\/\"},{\"@type\":\"ListItem\",\"position\":4,\"name\":\"TM-03 y SC-03\"}]}]}<\/script>\n<!-- \/ Yoast SEO plugin. -->","yoast_head_json":{"title":"TM-03 y SC-03 - SEAC","description":"Equipo de adquisici\u00f3n de datos meteorol\u00f3gicos para ser instalado en veh\u00edculos de mantenimiento de carreteras. Env\u00edo de datos y posici\u00f3n en tiempo real.","robots":{"index":"index","follow":"follow","max-snippet":"max-snippet:-1","max-image-preview":"max-image-preview:large","max-video-preview":"max-video-preview:-1"},"canonical":"https:\/\/www.seac.es\/es\/productos\/estaciones-meteorologicas\/tm-03-y-sc-03\/","og_locale":"es_ES","og_type":"article","og_title":"TM-03 y SC-03 - SEAC","og_description":"Equipo de adquisici\u00f3n de datos meteorol\u00f3gicos para ser instalado en veh\u00edculos de mantenimiento de carreteras. Env\u00edo de datos y posici\u00f3n en tiempo real.","og_url":"https:\/\/www.seac.es\/es\/productos\/estaciones-meteorologicas\/tm-03-y-sc-03\/","og_site_name":"SEAC","article_modified_time":"2022-09-20T07:16:59+00:00","og_image":[{"width":678,"height":510,"url":"https:\/\/www.seac.es\/es\/wp-content\/uploads\/2017\/09\/tm03-640.png","type":"image\/png"}],"author":"adminblogseac","twitter_card":"summary_large_image","twitter_misc":{"Tiempo de lectura":"3 minutos"},"schema":{"@context":"https:\/\/schema.org","@graph":[{"@type":"Organization","@id":"https:\/\/www.seac.es\/es\/#organization","name":"SEAC S.A.","url":"https:\/\/www.seac.es\/es\/","sameAs":[],"logo":{"@type":"ImageObject","inLanguage":"es","@id":"https:\/\/www.seac.es\/es\/#\/schema\/logo\/image\/","url":"https:\/\/www.seac.es\/es\/wp-content\/uploads\/2017\/08\/logoSEAC240x105.png","contentUrl":"https:\/\/www.seac.es\/es\/wp-content\/uploads\/2017\/08\/logoSEAC240x105.png","width":240,"height":105,"caption":"SEAC S.A."},"image":{"@id":"https:\/\/www.seac.es\/es\/#\/schema\/logo\/image\/"}},{"@type":"WebSite","@id":"https:\/\/www.seac.es\/es\/#website","url":"https:\/\/www.seac.es\/es\/","name":"SEAC","description":"Meteorolog\u00eda y equipos de medida","publisher":{"@id":"https:\/\/www.seac.es\/es\/#organization"},"potentialAction":[{"@type":"SearchAction","target":{"@type":"EntryPoint","urlTemplate":"https:\/\/www.seac.es\/es\/?s={search_term_string}"},"query-input":"required name=search_term_string"}],"inLanguage":"es"},{"@type":"ImageObject","inLanguage":"es","@id":"https:\/\/www.seac.es\/es\/productos\/estaciones-meteorologicas\/tm-03-y-sc-03\/#primaryimage","url":"https:\/\/www.seac.es\/es\/wp-content\/uploads\/2017\/09\/tm03-640.png","contentUrl":"https:\/\/www.seac.es\/es\/wp-content\/uploads\/2017\/09\/tm03-640.png","width":678,"height":510},{"@type":"WebPage","@id":"https:\/\/www.seac.es\/es\/productos\/estaciones-meteorologicas\/tm-03-y-sc-03\/#webpage","url":"https:\/\/www.seac.es\/es\/productos\/estaciones-meteorologicas\/tm-03-y-sc-03\/","name":"TM-03 y SC-03 - SEAC","isPartOf":{"@id":"https:\/\/www.seac.es\/es\/#website"},"primaryImageOfPage":{"@id":"https:\/\/www.seac.es\/es\/productos\/estaciones-meteorologicas\/tm-03-y-sc-03\/#primaryimage"},"datePublished":"2017-09-22T11:12:20+00:00","dateModified":"2022-09-20T07:16:59+00:00","description":"Equipo de adquisici\u00f3n de datos meteorol\u00f3gicos para ser instalado en veh\u00edculos de mantenimiento de carreteras. Env\u00edo de datos y posici\u00f3n en tiempo real.","breadcrumb":{"@id":"https:\/\/www.seac.es\/es\/productos\/estaciones-meteorologicas\/tm-03-y-sc-03\/#breadcrumb"},"inLanguage":"es","potentialAction":[{"@type":"ReadAction","target":["https:\/\/www.seac.es\/es\/productos\/estaciones-meteorologicas\/tm-03-y-sc-03\/"]}]},{"@type":"BreadcrumbList","@id":"https:\/\/www.seac.es\/es\/productos\/estaciones-meteorologicas\/tm-03-y-sc-03\/#breadcrumb","itemListElement":[{"@type":"ListItem","position":1,"name":"Portada","item":"https:\/\/www.seac.es\/es\/"},{"@type":"ListItem","position":2,"name":"Productos","item":"https:\/\/www.seac.es\/es\/productos\/"},{"@type":"ListItem","position":3,"name":"Estaciones","item":"https:\/\/www.seac.es\/es\/productos\/estaciones-meteorologicas\/"},{"@type":"ListItem","position":4,"name":"TM-03 y SC-03"}]}]}},"_links":{"self":[{"href":"https:\/\/www.seac.es\/es\/wp-json\/wp\/v2\/pages\/848"}],"collection":[{"href":"https:\/\/www.seac.es\/es\/wp-json\/wp\/v2\/pages"}],"about":[{"href":"https:\/\/www.seac.es\/es\/wp-json\/wp\/v2\/types\/page"}],"author":[{"embeddable":true,"href":"https:\/\/www.seac.es\/es\/wp-json\/wp\/v2\/users\/1"}],"replies":[{"embeddable":true,"href":"https:\/\/www.seac.es\/es\/wp-json\/wp\/v2\/comments?post=848"}],"version-history":[{"count":66,"href":"https:\/\/www.seac.es\/es\/wp-json\/wp\/v2\/pages\/848\/revisions"}],"predecessor-version":[{"id":3413,"href":"https:\/\/www.seac.es\/es\/wp-json\/wp\/v2\/pages\/848\/revisions\/3413"}],"up":[{"embeddable":true,"href":"https:\/\/www.seac.es\/es\/wp-json\/wp\/v2\/pages\/706"}],"wp:featuredmedia":[{"embeddable":true,"href":"https:\/\/www.seac.es\/es\/wp-json\/wp\/v2\/media\/849"}],"wp:attachment":[{"href":"https:\/\/www.seac.es\/es\/wp-json\/wp\/v2\/media?parent=848"}],"curies":[{"name":"wp","href":"https:\/\/api.w.org\/{rel}","templated":true}]}}