{"id":773,"date":"2017-09-21T12:22:59","date_gmt":"2017-09-21T12:22:59","guid":{"rendered":"http:\/\/www.seac.es\/es\/?page_id=773"},"modified":"2022-10-11T12:45:50","modified_gmt":"2022-10-11T12:45:50","slug":"la-empresa","status":"publish","type":"page","link":"https:\/\/www.seac.es\/es\/la-empresa\/","title":{"rendered":"Empresa"},"content":{"rendered":"<div id=\"pl-773\"  class=\"panel-layout\" ><div id=\"pg-773-0\"  class=\"panel-grid panel-has-style\" ><div class=\"siteorigin-panels-stretch panel-row-style panel-row-style-for-773-0\" data-stretch-type=\"full-stretched\" ><div id=\"pgc-773-0-0\"  class=\"panel-grid-cell\" ><div id=\"panel-773-0-0-0\" class=\"so-panel widget widget_sow-hero panel-first-child panel-last-child\" data-index=\"0\" ><div\n\t\t\t\n\t\t\tclass=\"so-widget-sow-hero so-widget-sow-hero-default-51b85e3c605c-773\"\n\t\t\t\n\t\t><div class=\"sow-slider-base\" style=\"display: none\"><ul\n\t\t\t\t\tclass=\"sow-slider-images\"\n\t\t\t\t\tdata-settings=\"{&quot;pagination&quot;:true,&quot;speed&quot;:800,&quot;timeout&quot;:8000,&quot;paused&quot;:false,&quot;pause_on_hover&quot;:false,&quot;swipe&quot;:false,&quot;nav_always_show_desktop&quot;:&quot;&quot;,&quot;nav_always_show_mobile&quot;:&quot;&quot;,&quot;breakpoint&quot;:&quot;780px&quot;,&quot;unmute&quot;:false,&quot;anchor&quot;:null}\"\n\t\t\t\t\tstyle=\"min-height: 280px\"\t\t\t\t\tdata-anchor-id=\"\"\n\t\t\t\t>\t\t<li class=\"sow-slider-image  sow-slider-image-cover\" style=\"background-color: #333333\" >\n\t\t\t\t\t<div class=\"sow-slider-image-container\">\n\t\t\t<div class=\"sow-slider-image-wrapper\">\n\t\t\t\t<h2>Empresa<\/h2>\n\t\t\t<\/div>\n\t\t<\/div>\n\t\t<div class=\"sow-slider-image-overlay sow-slider-image-cover\" style=\"background-image: url(https:\/\/www.seac.es\/es\/wp-content\/uploads\/2022\/09\/pc.jpg);opacity: 0.9\"  ><\/div>\t\t<\/li>\n\t\t<\/ul>\t\t\t\t<ol class=\"sow-slider-pagination\">\n\t\t\t\t\t\t\t\t\t\t\t<li><a href=\"#\" data-goto=\"0\" aria-label=\"mostrar diapositiva 1\"><\/a><\/li>\n\t\t\t\t\t\t\t\t\t<\/ol>\n\n\t\t\t\t<div class=\"sow-slide-nav sow-slide-nav-next\">\n\t\t\t\t\t<a href=\"#\" data-goto=\"next\" aria-label=\"diapositiva siguiente\" data-action=\"next\">\n\t\t\t\t\t\t<em class=\"sow-sld-icon-thin-right\"><\/em>\n\t\t\t\t\t<\/a>\n\t\t\t\t<\/div>\n\n\t\t\t\t<div class=\"sow-slide-nav sow-slide-nav-prev\">\n\t\t\t\t\t<a href=\"#\" data-goto=\"previous\" aria-label=\"diapositiva anterior\" data-action=\"prev\">\n\t\t\t\t\t\t<em class=\"sow-sld-icon-thin-left\"><\/em>\n\t\t\t\t\t<\/a>\n\t\t\t\t<\/div>\n\t\t\t\t<\/div><\/div><\/div><\/div><\/div><\/div><div id=\"pg-773-1\"  class=\"panel-grid panel-has-style\" ><div class=\"siteorigin-panels-stretch panel-row-style panel-row-style-for-773-1\" data-stretch-type=\"full\" ><div id=\"pgc-773-1-0\"  class=\"panel-grid-cell\" ><div id=\"panel-773-1-0-0\" class=\"so-panel widget widget_sow-editor panel-first-child\" data-index=\"1\" ><div\n\t\t\t\n\t\t\tclass=\"so-widget-sow-editor so-widget-sow-editor-base\"\n\t\t\t\n\t\t>\n<div class=\"siteorigin-widget-tinymce textwidget\">\n\t<h3>Presentaci\u00f3n<\/h3>\n<p>Seac S.A. ( Sociedad Espa\u00f1ola de Aplicaciones Cibern\u00e9ticas S.A. ) fue fundada en 1981 para trabajar en el \u00e1mbito de la meteorolog\u00eda y el medioambiente con el prop\u00f3sito de ofrecer las mejores soluciones a nuestros clientes mediante la constante innovaci\u00f3n y el empleo de las \u00faltimas tecnolog\u00edas.<br \/>\nTiene sus propias instalaciones en Madrid en un \u00e1rea industrial cercano al aeropuerto Adolfo Suarez Madrid-Barajas.<\/p>\n<\/div>\n<\/div><\/div><div id=\"panel-773-1-0-1\" class=\"so-panel widget widget_sow-editor panel-last-child\" data-index=\"2\" ><div\n\t\t\t\n\t\t\tclass=\"so-widget-sow-editor so-widget-sow-editor-base\"\n\t\t\t\n\t\t>\n<div class=\"siteorigin-widget-tinymce textwidget\">\n\t<h3>Nuestras actividades<\/h3>\n<p>Fabricamos sensores de viento, temperatura y humedad, junto con una amplia gama de estaciones meteorol\u00f3gicas y registradores de datos.<br \/>\nDesarrollamos y actualizamos constantemente una amplia selecci\u00f3n de aplicaciones de software para procesamiento y transmisi\u00f3n de datos.<br \/>\nContamos con personal con cualificaci\u00f3n y experiencia para prestar asistencia t\u00e9cnica post-venta para la mejor operatividad de los equipos.<br \/>\nProporcionamos formaci\u00f3n al usuario para su mejor conocimiento de los equipos.<br \/>\nOfrecemos a nuestros clientes programas de mantenimiento que permita alargar la vida \u00fatil de los equipos de la manera m\u00e1s eficaz y econ\u00f3mica posible.<br \/>\nLlevamos a cabo todas las fases de instalaci\u00f3n del proyecto hasta su puesta en marcha y aprobaci\u00f3n.<br \/>\nOfrecemos nuestro conocimiento a terceras compa\u00f1\u00edas para poner en el mercado nuevos productos.<br \/>\nNuestra finalidad es practicar una innovaci\u00f3n sostenible creando objetos cuya vida \u00fatil sea lo m\u00e1s amplia posible, de calidad y que adem\u00e1s, sean f\u00e1cilmente reparables.<\/p>\n<\/div>\n<\/div><\/div><\/div><div id=\"pgc-773-1-1\"  class=\"panel-grid-cell\" ><div id=\"panel-773-1-1-0\" class=\"so-panel widget widget_sow-editor panel-first-child\" data-index=\"3\" ><div\n\t\t\t\n\t\t\tclass=\"so-widget-sow-editor so-widget-sow-editor-base\"\n\t\t\t\n\t\t>\n<div class=\"siteorigin-widget-tinymce textwidget\">\n\t<h3>\u00c1reas de negocio<\/h3>\n<p>A trav\u00e9s de su actividad principal, Seac S.A. ha adquirido una amplia experiencia desarrollando aplicaciones propias con alto valor a\u00f1adido que aportan un conocimiento que ha sido transferido a otras \u00e1reas como:<br \/>\n- Protecci\u00f3n del medio ambiente.<br \/>\n- Ayudas a la navegaci\u00f3n a\u00e9rea.<br \/>\n- Seguridad de Trafico.<br \/>\n- Energ\u00edas renovables.<br \/>\n- Agricultura.<\/p>\n<h3>Contacto<\/h3>\n<p>Tlf.: \u00a0 \u00a0 \u00a0 \u00a0 \u00a0\u00a0 (+34) 913270123<\/p>\n<p>Email: \u00a0 \u00a0 \u00a0 \u00a0 <strong><a href=\"mailto:seac@seac.es\">seac@seac.es<\/a><\/strong><\/p>\n<p>Sitio web: \u00a0 <a href=\"http:\/\/www.seac.es\/\"><strong>www.seac.es<\/strong><\/a><\/p>\n<p><strong>Direcci\u00f3n:<\/strong><br \/>\n<a href=\"https:\/\/www.google.com\/maps\/place\/Sociedad+Espa%C3%B1ola+de+Aplicaciones+Cibern%C3%A9ticas\/@40.4432363,-3.6446183,12z\/data=!3m1!5s0xd422f0b0d6fe613:0xb3a84ff3f06e746a!4m5!3m4!1s0xd422fa079d8363d:0x680dcd56c725cfb2!8m2!3d40.4381939!4d-3.6218078!5m1!1e1\">C\/ San Romualdo, 26 4\u00aa planta<\/a><br \/>\nC.P. 28037 Madrid<br \/>\nESPA\u00d1A<\/p>\n<\/div>\n<\/div><\/div><div id=\"panel-773-1-1-1\" class=\"so-panel widget widget_sow-button panel-last-child\" data-index=\"4\" ><div\n\t\t\t\n\t\t\tclass=\"so-widget-sow-button so-widget-sow-button-wire-30b3367ab913-773\"\n\t\t\t\n\t\t><div class=\"ow-button-base ow-button-align-left\">\n\t<a href=\"\/docs-pdf\/GE_IE_CAT_0006.pdf\" class=\"ow-icon-placement-left ow-button-hover\" \t\t>\n\t\t<span>\n\t\t\t\n\t\t\tVer cat\u00e1logo\t\t<\/span>\n\t<\/a>\n<\/div>\n<\/div><\/div><\/div><\/div><\/div><div id=\"pg-773-2\"  class=\"panel-grid panel-has-style\" ><div class=\"siteorigin-panels-stretch panel-row-style panel-row-style-for-773-2\" data-stretch-type=\"full\" ><div id=\"pgc-773-2-0\"  class=\"panel-grid-cell panel-grid-cell-empty\" ><\/div><\/div><\/div><\/div>","protected":false},"excerpt":{"rendered":"<p>Presentaci\u00f3n Seac S.A. ( Sociedad Espa\u00f1ola de Aplicaciones Cibern\u00e9ticas S.A. ) fue fundada en 1981 para trabajar en el \u00e1mbito de la meteorolog\u00eda y el<\/p>\n","protected":false},"author":1,"featured_media":7,"parent":0,"menu_order":0,"comment_status":"closed","ping_status":"closed","template":"","meta":[],"yoast_head":"<!-- This site is optimized with the Yoast SEO plugin v19.2 - https:\/\/yoast.com\/wordpress\/plugins\/seo\/ -->\n<title>Empresa - SEAC<\/title>\n<meta name=\"description\" content=\"Seac fue fundada en 1981 para trabajar en el \u00e1mbito de la meteorolog\u00eda y el medioambiente con el prop\u00f3sito de ofrecer las mejores soluciones a nuestros clientes mediante la constante innovaci\u00f3n y el empleo de las \u00faltimas tecnolog\u00edas.\" \/>\n<meta name=\"robots\" content=\"index, follow, max-snippet:-1, max-image-preview:large, max-video-preview:-1\" \/>\n<link rel=\"canonical\" href=\"https:\/\/www.seac.es\/es\/la-empresa\/\" \/>\n<meta property=\"og:locale\" content=\"es_ES\" \/>\n<meta property=\"og:type\" content=\"article\" \/>\n<meta property=\"og:title\" content=\"Empresa - SEAC\" \/>\n<meta property=\"og:description\" content=\"Seac fue fundada en 1981 para trabajar en el \u00e1mbito de la meteorolog\u00eda y el medioambiente con el prop\u00f3sito de ofrecer las mejores soluciones a nuestros clientes mediante la constante innovaci\u00f3n y el empleo de las \u00faltimas tecnolog\u00edas.\" \/>\n<meta property=\"og:url\" content=\"https:\/\/www.seac.es\/es\/la-empresa\/\" \/>\n<meta property=\"og:site_name\" content=\"SEAC\" \/>\n<meta property=\"article:modified_time\" content=\"2022-10-11T12:45:50+00:00\" \/>\n<meta property=\"og:image\" content=\"https:\/\/www.seac.es\/es\/wp-content\/uploads\/2017\/08\/Seac512.png\" \/>\n\t<meta property=\"og:image:width\" content=\"512\" \/>\n\t<meta property=\"og:image:height\" content=\"512\" \/>\n\t<meta property=\"og:image:type\" content=\"image\/png\" \/>\n<meta name=\"author\" content=\"adminblogseac\" \/>\n<meta name=\"twitter:card\" content=\"summary_large_image\" \/>\n<meta name=\"twitter:label1\" content=\"Tiempo de lectura\" \/>\n\t<meta name=\"twitter:data1\" content=\"2 minutos\" \/>\n<script type=\"application\/ld+json\" class=\"yoast-schema-graph\">{\"@context\":\"https:\/\/schema.org\",\"@graph\":[{\"@type\":\"Organization\",\"@id\":\"https:\/\/www.seac.es\/es\/#organization\",\"name\":\"SEAC S.A.\",\"url\":\"https:\/\/www.seac.es\/es\/\",\"sameAs\":[],\"logo\":{\"@type\":\"ImageObject\",\"inLanguage\":\"es\",\"@id\":\"https:\/\/www.seac.es\/es\/#\/schema\/logo\/image\/\",\"url\":\"https:\/\/www.seac.es\/es\/wp-content\/uploads\/2017\/08\/logoSEAC240x105.png\",\"contentUrl\":\"https:\/\/www.seac.es\/es\/wp-content\/uploads\/2017\/08\/logoSEAC240x105.png\",\"width\":240,\"height\":105,\"caption\":\"SEAC S.A.\"},\"image\":{\"@id\":\"https:\/\/www.seac.es\/es\/#\/schema\/logo\/image\/\"}},{\"@type\":\"WebSite\",\"@id\":\"https:\/\/www.seac.es\/es\/#website\",\"url\":\"https:\/\/www.seac.es\/es\/\",\"name\":\"SEAC\",\"description\":\"Meteorolog\u00eda y equipos de medida\",\"publisher\":{\"@id\":\"https:\/\/www.seac.es\/es\/#organization\"},\"potentialAction\":[{\"@type\":\"SearchAction\",\"target\":{\"@type\":\"EntryPoint\",\"urlTemplate\":\"https:\/\/www.seac.es\/es\/?s={search_term_string}\"},\"query-input\":\"required name=search_term_string\"}],\"inLanguage\":\"es\"},{\"@type\":\"ImageObject\",\"inLanguage\":\"es\",\"@id\":\"https:\/\/www.seac.es\/es\/la-empresa\/#primaryimage\",\"url\":\"https:\/\/www.seac.es\/es\/wp-content\/uploads\/2017\/08\/Seac512.png\",\"contentUrl\":\"https:\/\/www.seac.es\/es\/wp-content\/uploads\/2017\/08\/Seac512.png\",\"width\":512,\"height\":512},{\"@type\":\"WebPage\",\"@id\":\"https:\/\/www.seac.es\/es\/la-empresa\/#webpage\",\"url\":\"https:\/\/www.seac.es\/es\/la-empresa\/\",\"name\":\"Empresa - SEAC\",\"isPartOf\":{\"@id\":\"https:\/\/www.seac.es\/es\/#website\"},\"primaryImageOfPage\":{\"@id\":\"https:\/\/www.seac.es\/es\/la-empresa\/#primaryimage\"},\"datePublished\":\"2017-09-21T12:22:59+00:00\",\"dateModified\":\"2022-10-11T12:45:50+00:00\",\"description\":\"Seac fue fundada en 1981 para trabajar en el \u00e1mbito de la meteorolog\u00eda y el medioambiente con el prop\u00f3sito de ofrecer las mejores soluciones a nuestros clientes mediante la constante innovaci\u00f3n y el empleo de las \u00faltimas tecnolog\u00edas.\",\"breadcrumb\":{\"@id\":\"https:\/\/www.seac.es\/es\/la-empresa\/#breadcrumb\"},\"inLanguage\":\"es\",\"potentialAction\":[{\"@type\":\"ReadAction\",\"target\":[\"https:\/\/www.seac.es\/es\/la-empresa\/\"]}]},{\"@type\":\"BreadcrumbList\",\"@id\":\"https:\/\/www.seac.es\/es\/la-empresa\/#breadcrumb\",\"itemListElement\":[{\"@type\":\"ListItem\",\"position\":1,\"name\":\"Portada\",\"item\":\"https:\/\/www.seac.es\/es\/\"},{\"@type\":\"ListItem\",\"position\":2,\"name\":\"Empresa\"}]}]}<\/script>\n<!-- \/ Yoast SEO plugin. -->","yoast_head_json":{"title":"Empresa - SEAC","description":"Seac fue fundada en 1981 para trabajar en el \u00e1mbito de la meteorolog\u00eda y el medioambiente con el prop\u00f3sito de ofrecer las mejores soluciones a nuestros clientes mediante la constante innovaci\u00f3n y el empleo de las \u00faltimas tecnolog\u00edas.","robots":{"index":"index","follow":"follow","max-snippet":"max-snippet:-1","max-image-preview":"max-image-preview:large","max-video-preview":"max-video-preview:-1"},"canonical":"https:\/\/www.seac.es\/es\/la-empresa\/","og_locale":"es_ES","og_type":"article","og_title":"Empresa - SEAC","og_description":"Seac fue fundada en 1981 para trabajar en el \u00e1mbito de la meteorolog\u00eda y el medioambiente con el prop\u00f3sito de ofrecer las mejores soluciones a nuestros clientes mediante la constante innovaci\u00f3n y el empleo de las \u00faltimas tecnolog\u00edas.","og_url":"https:\/\/www.seac.es\/es\/la-empresa\/","og_site_name":"SEAC","article_modified_time":"2022-10-11T12:45:50+00:00","og_image":[{"width":512,"height":512,"url":"https:\/\/www.seac.es\/es\/wp-content\/uploads\/2017\/08\/Seac512.png","type":"image\/png"}],"author":"adminblogseac","twitter_card":"summary_large_image","twitter_misc":{"Tiempo de lectura":"2 minutos"},"schema":{"@context":"https:\/\/schema.org","@graph":[{"@type":"Organization","@id":"https:\/\/www.seac.es\/es\/#organization","name":"SEAC S.A.","url":"https:\/\/www.seac.es\/es\/","sameAs":[],"logo":{"@type":"ImageObject","inLanguage":"es","@id":"https:\/\/www.seac.es\/es\/#\/schema\/logo\/image\/","url":"https:\/\/www.seac.es\/es\/wp-content\/uploads\/2017\/08\/logoSEAC240x105.png","contentUrl":"https:\/\/www.seac.es\/es\/wp-content\/uploads\/2017\/08\/logoSEAC240x105.png","width":240,"height":105,"caption":"SEAC S.A."},"image":{"@id":"https:\/\/www.seac.es\/es\/#\/schema\/logo\/image\/"}},{"@type":"WebSite","@id":"https:\/\/www.seac.es\/es\/#website","url":"https:\/\/www.seac.es\/es\/","name":"SEAC","description":"Meteorolog\u00eda y equipos de medida","publisher":{"@id":"https:\/\/www.seac.es\/es\/#organization"},"potentialAction":[{"@type":"SearchAction","target":{"@type":"EntryPoint","urlTemplate":"https:\/\/www.seac.es\/es\/?s={search_term_string}"},"query-input":"required name=search_term_string"}],"inLanguage":"es"},{"@type":"ImageObject","inLanguage":"es","@id":"https:\/\/www.seac.es\/es\/la-empresa\/#primaryimage","url":"https:\/\/www.seac.es\/es\/wp-content\/uploads\/2017\/08\/Seac512.png","contentUrl":"https:\/\/www.seac.es\/es\/wp-content\/uploads\/2017\/08\/Seac512.png","width":512,"height":512},{"@type":"WebPage","@id":"https:\/\/www.seac.es\/es\/la-empresa\/#webpage","url":"https:\/\/www.seac.es\/es\/la-empresa\/","name":"Empresa - SEAC","isPartOf":{"@id":"https:\/\/www.seac.es\/es\/#website"},"primaryImageOfPage":{"@id":"https:\/\/www.seac.es\/es\/la-empresa\/#primaryimage"},"datePublished":"2017-09-21T12:22:59+00:00","dateModified":"2022-10-11T12:45:50+00:00","description":"Seac fue fundada en 1981 para trabajar en el \u00e1mbito de la meteorolog\u00eda y el medioambiente con el prop\u00f3sito de ofrecer las mejores soluciones a nuestros clientes mediante la constante innovaci\u00f3n y el empleo de las \u00faltimas tecnolog\u00edas.","breadcrumb":{"@id":"https:\/\/www.seac.es\/es\/la-empresa\/#breadcrumb"},"inLanguage":"es","potentialAction":[{"@type":"ReadAction","target":["https:\/\/www.seac.es\/es\/la-empresa\/"]}]},{"@type":"BreadcrumbList","@id":"https:\/\/www.seac.es\/es\/la-empresa\/#breadcrumb","itemListElement":[{"@type":"ListItem","position":1,"name":"Portada","item":"https:\/\/www.seac.es\/es\/"},{"@type":"ListItem","position":2,"name":"Empresa"}]}]}},"_links":{"self":[{"href":"https:\/\/www.seac.es\/es\/wp-json\/wp\/v2\/pages\/773"}],"collection":[{"href":"https:\/\/www.seac.es\/es\/wp-json\/wp\/v2\/pages"}],"about":[{"href":"https:\/\/www.seac.es\/es\/wp-json\/wp\/v2\/types\/page"}],"author":[{"embeddable":true,"href":"https:\/\/www.seac.es\/es\/wp-json\/wp\/v2\/users\/1"}],"replies":[{"embeddable":true,"href":"https:\/\/www.seac.es\/es\/wp-json\/wp\/v2\/comments?post=773"}],"version-history":[{"count":107,"href":"https:\/\/www.seac.es\/es\/wp-json\/wp\/v2\/pages\/773\/revisions"}],"predecessor-version":[{"id":4164,"href":"https:\/\/www.seac.es\/es\/wp-json\/wp\/v2\/pages\/773\/revisions\/4164"}],"wp:featuredmedia":[{"embeddable":true,"href":"https:\/\/www.seac.es\/es\/wp-json\/wp\/v2\/media\/7"}],"wp:attachment":[{"href":"https:\/\/www.seac.es\/es\/wp-json\/wp\/v2\/media?parent=773"}],"curies":[{"name":"wp","href":"https:\/\/api.w.org\/{rel}","templated":true}]}}