{"id":723,"date":"2017-09-21T07:59:58","date_gmt":"2017-09-21T07:59:58","guid":{"rendered":"http:\/\/www.seac.es\/es\/?page_id=723"},"modified":"2022-09-29T05:52:06","modified_gmt":"2022-09-29T05:52:06","slug":"sistemas","status":"publish","type":"page","link":"https:\/\/www.seac.es\/es\/sistemas\/","title":{"rendered":"Sistemas"},"content":{"rendered":"<div id=\"pl-723\"  class=\"panel-layout\" ><div id=\"pg-723-0\"  class=\"panel-grid panel-has-style\" ><div class=\"siteorigin-panels-stretch panel-row-style panel-row-style-for-723-0\" data-stretch-type=\"full-stretched\" ><div id=\"pgc-723-0-0\"  class=\"panel-grid-cell\" ><div id=\"panel-723-0-0-0\" class=\"so-panel widget widget_sow-hero panel-first-child panel-last-child\" data-index=\"0\" ><div\n\t\t\t\n\t\t\tclass=\"so-widget-sow-hero so-widget-sow-hero-default-62309ec3fd34-723\"\n\t\t\t\n\t\t><div class=\"sow-slider-base\" style=\"display: none\"><ul\n\t\t\t\t\tclass=\"sow-slider-images\"\n\t\t\t\t\tdata-settings=\"{&quot;pagination&quot;:true,&quot;speed&quot;:800,&quot;timeout&quot;:8000,&quot;paused&quot;:false,&quot;pause_on_hover&quot;:false,&quot;swipe&quot;:false,&quot;nav_always_show_desktop&quot;:&quot;&quot;,&quot;nav_always_show_mobile&quot;:&quot;&quot;,&quot;breakpoint&quot;:&quot;780px&quot;,&quot;unmute&quot;:false,&quot;anchor&quot;:null}\"\n\t\t\t\t\tstyle=\"min-height: 280px\"\t\t\t\t\tdata-anchor-id=\"\"\n\t\t\t\t>\t\t<li class=\"sow-slider-image  sow-slider-image-cover\" style=\"background-color: #333333;background-image: url(https:\/\/www.seac.es\/es\/wp-content\/uploads\/2022\/06\/aeropuerto290.jpg)\" >\n\t\t\t\t\t<div class=\"sow-slider-image-container\">\n\t\t\t<div class=\"sow-slider-image-wrapper\">\n\t\t\t\t<h2 style=\"text-align: left\">SISTEMAS<\/h2>\n<div class=\"sow-hero-buttons\" style=\"text-align: left\"><\/div>\t\t\t<\/div>\n\t\t<\/div>\n\t\t\t\t<\/li>\n\t\t<\/ul>\t\t\t\t<ol class=\"sow-slider-pagination\">\n\t\t\t\t\t\t\t\t\t\t\t<li><a href=\"#\" data-goto=\"0\" aria-label=\"mostrar diapositiva 1\"><\/a><\/li>\n\t\t\t\t\t\t\t\t\t<\/ol>\n\n\t\t\t\t<div class=\"sow-slide-nav sow-slide-nav-next\">\n\t\t\t\t\t<a href=\"#\" data-goto=\"next\" aria-label=\"diapositiva siguiente\" data-action=\"next\">\n\t\t\t\t\t\t<em class=\"sow-sld-icon-thin-right\"><\/em>\n\t\t\t\t\t<\/a>\n\t\t\t\t<\/div>\n\n\t\t\t\t<div class=\"sow-slide-nav sow-slide-nav-prev\">\n\t\t\t\t\t<a href=\"#\" data-goto=\"previous\" aria-label=\"diapositiva anterior\" data-action=\"prev\">\n\t\t\t\t\t\t<em class=\"sow-sld-icon-thin-left\"><\/em>\n\t\t\t\t\t<\/a>\n\t\t\t\t<\/div>\n\t\t\t\t<\/div><\/div><\/div><\/div><\/div><\/div><div id=\"pg-723-1\"  class=\"panel-grid panel-has-style\" ><div class=\"siteorigin-panels-stretch panel-row-style panel-row-style-for-723-1\" data-stretch-type=\"full\" ><div id=\"pgc-723-1-0\"  class=\"panel-grid-cell\" ><div id=\"panel-723-1-0-0\" class=\"so-panel widget widget_sow-headline panel-first-child panel-last-child\" data-index=\"1\" ><div\n\t\t\t\n\t\t\tclass=\"so-widget-sow-headline so-widget-sow-headline-default-ad6310e5dc19-723\"\n\t\t\t\n\t\t><div class=\"sow-headline-container \">\n\t<h3 class='sow-sub-headline'>Adaptables a una amplia gama de aplicaciones.<\/h3><\/div><\/div><\/div><\/div><\/div><\/div><div id=\"pg-723-2\"  class=\"panel-grid panel-no-style\" ><div id=\"pgc-723-2-0\"  class=\"panel-grid-cell\" ><div id=\"panel-723-2-0-0\" class=\"so-panel widget widget_sow-image panel-first-child\" data-index=\"2\" ><div\n\t\t\t\n\t\t\tclass=\"so-widget-sow-image so-widget-sow-image-default-d6014b76747a-723\"\n\t\t\t\n\t\t>\n\n<div class=\"sow-image-container\">\n\t\t\t<a href=\"https:\/\/www.seac.es\/es\/sistemas\/icaronet\/\"\n\t\t\t\t\t>\n\t\t\t<img src=\"https:\/\/www.seac.es\/es\/wp-content\/uploads\/2022\/06\/icaronet3-470x280.jpg\" width=\"470\" height=\"280\" srcset=\"https:\/\/www.seac.es\/es\/wp-content\/uploads\/2022\/06\/icaronet3-470x280.jpg 470w, https:\/\/www.seac.es\/es\/wp-content\/uploads\/2022\/06\/icaronet3-300x178.jpg 300w, https:\/\/www.seac.es\/es\/wp-content\/uploads\/2022\/06\/icaronet3-768x456.jpg 768w, https:\/\/www.seac.es\/es\/wp-content\/uploads\/2022\/06\/icaronet3-1024x608.jpg 1024w, https:\/\/www.seac.es\/es\/wp-content\/uploads\/2022\/06\/icaronet3-24x14.jpg 24w, https:\/\/www.seac.es\/es\/wp-content\/uploads\/2022\/06\/icaronet3-36x21.jpg 36w, https:\/\/www.seac.es\/es\/wp-content\/uploads\/2022\/06\/icaronet3-48x29.jpg 48w, https:\/\/www.seac.es\/es\/wp-content\/uploads\/2022\/06\/icaronet3.jpg 1600w\" sizes=\"(max-width: 470px) 100vw, 470px\" alt=\"\" loading=\"lazy\" \t\tclass=\"so-widget-image\"\/>\n\t<\/a><\/div>\n\n<\/div><\/div><div id=\"panel-723-2-0-1\" class=\"so-panel widget widget_sow-editor panel-last-child\" data-index=\"3\" ><div\n\t\t\t\n\t\t\tclass=\"so-widget-sow-editor so-widget-sow-editor-base\"\n\t\t\t\n\t\t>\n<div class=\"siteorigin-widget-tinymce textwidget\">\n\t<h2><a href=\"http:\/\/www.seac.es\/es\/icaronet\/\">IcaroNet<\/a><\/h2>\n<h4><span style=\"color: #808080;\"><em>Navegaci\u00f3n a\u00e9rea<\/em><\/span><\/h4>\n<p>Sistema robusto para las necesidades que la navegaci\u00f3n a\u00e9rea requiere e incluye todas las facilidades que proporciona la tecnolog\u00eda actual en cuanto a sistemas de comunicaciones y seguridad de la informaci\u00f3n.<\/p>\n<\/div>\n<\/div><\/div><\/div><div id=\"pgc-723-2-1\"  class=\"panel-grid-cell\" ><div id=\"panel-723-2-1-0\" class=\"so-panel widget widget_sow-image panel-first-child\" data-index=\"4\" ><div\n\t\t\t\n\t\t\tclass=\"so-widget-sow-image so-widget-sow-image-default-d6014b76747a-723\"\n\t\t\t\n\t\t>\n\n<div class=\"sow-image-container\">\n\t\t\t<a href=\"https:\/\/www.seac.es\/es\/sistemas\/copernico-2-0\/\"\n\t\t\t\t\t>\n\t\t\t<img src=\"https:\/\/www.seac.es\/es\/wp-content\/uploads\/2017\/09\/copernico-470x280.png\" width=\"470\" height=\"280\" sizes=\"(max-width: 470px) 100vw, 470px\" alt=\"sistemas monitoreo meteorologia radiologia\" loading=\"lazy\" \t\tclass=\"so-widget-image\"\/>\n\t<\/a><\/div>\n\n<\/div><\/div><div id=\"panel-723-2-1-1\" class=\"so-panel widget widget_sow-editor panel-last-child\" data-index=\"5\" ><div\n\t\t\t\n\t\t\tclass=\"so-widget-sow-editor so-widget-sow-editor-base\"\n\t\t\t\n\t\t>\n<div class=\"siteorigin-widget-tinymce textwidget\">\n\t<h2><a href=\"http:\/\/www.seac.es\/es\/copernico-2-0\/\">Cop\u00e9rnico 2.0<\/a><\/h2>\n<h4><span style=\"color: #808080;\"><em>Estaciones meteorol\u00f3gicas<\/em><\/span><\/h4>\n<p>Software para la comunicaci\u00f3n en tiempo real y as\u00edncrona con estaciones meteorol\u00f3gicas y el posterior tratamiento de la informaci\u00f3n.<\/p><\/div>\n<\/div><\/div><\/div><div id=\"pgc-723-2-2\"  class=\"panel-grid-cell\" ><div id=\"panel-723-2-2-0\" class=\"so-panel widget widget_sow-image panel-first-child\" data-index=\"6\" ><div\n\t\t\t\n\t\t\tclass=\"so-widget-sow-image so-widget-sow-image-default-d6014b76747a-723\"\n\t\t\t\n\t\t>\n\n<div class=\"sow-image-container\">\n\t\t\t<a href=\"https:\/\/www.seac.es\/es\/sistemas\/soluciones-radiologicas\/\"\n\t\t\t\t\t>\n\t\t\t<img src=\"https:\/\/www.seac.es\/es\/wp-content\/uploads\/2021\/10\/IMG_6166_cut_prod-470x280.jpg\" width=\"470\" height=\"280\" srcset=\"https:\/\/www.seac.es\/es\/wp-content\/uploads\/2021\/10\/IMG_6166_cut_prod-470x280.jpg 470w, https:\/\/www.seac.es\/es\/wp-content\/uploads\/2021\/10\/IMG_6166_cut_prod-24x14.jpg 24w, https:\/\/www.seac.es\/es\/wp-content\/uploads\/2021\/10\/IMG_6166_cut_prod-36x20.jpg 36w\" sizes=\"(max-width: 470px) 100vw, 470px\" alt=\"equipos radiologia sensor seac\" loading=\"lazy\" \t\tclass=\"so-widget-image\"\/>\n\t<\/a><\/div>\n\n<\/div><\/div><div id=\"panel-723-2-2-1\" class=\"so-panel widget widget_sow-editor panel-last-child\" data-index=\"7\" ><div\n\t\t\t\n\t\t\tclass=\"so-widget-sow-editor so-widget-sow-editor-base\"\n\t\t\t\n\t\t>\n<div class=\"siteorigin-widget-tinymce textwidget\">\n\t<h2><a href=\"https:\/\/www.seac.es\/es\/sistemas\/soluciones-radiologicas\/\">Soluciones Radiol\u00f3gicas<\/a><\/h2>\n<p>Sistemas para la monitorizaci\u00f3n radiol\u00f3gica en actividades industriales, cient\u00edficas y medioambientales.<\/p><\/div>\n<\/div><\/div><\/div><\/div><div id=\"pg-723-3\"  class=\"panel-grid panel-no-style\" ><div id=\"pgc-723-3-0\"  class=\"panel-grid-cell\" ><div id=\"panel-723-3-0-0\" class=\"so-panel widget widget_sow-image panel-first-child\" data-index=\"8\" ><div\n\t\t\t\n\t\t\tclass=\"so-widget-sow-image so-widget-sow-image-default-d6014b76747a-723\"\n\t\t\t\n\t\t>\n\n<div class=\"sow-image-container\">\n\t\t\t<a href=\"https:\/\/www.seac.es\/es\/sistemas\/hermes\/\"\n\t\t\t\t\t>\n\t\t\t<img src=\"https:\/\/www.seac.es\/es\/wp-content\/uploads\/2017\/09\/MAPA-470x280.png\" width=\"470\" height=\"280\" srcset=\"https:\/\/www.seac.es\/es\/wp-content\/uploads\/2017\/09\/MAPA-470x280.png 470w, https:\/\/www.seac.es\/es\/wp-content\/uploads\/2017\/09\/MAPA-24x13.png 24w, https:\/\/www.seac.es\/es\/wp-content\/uploads\/2017\/09\/MAPA-36x20.png 36w\" sizes=\"(max-width: 470px) 100vw, 470px\" alt=\"\" loading=\"lazy\" \t\tclass=\"so-widget-image\"\/>\n\t<\/a><\/div>\n\n<\/div><\/div><div id=\"panel-723-3-0-1\" class=\"so-panel widget widget_sow-editor panel-last-child\" data-index=\"9\" ><div\n\t\t\t\n\t\t\tclass=\"so-widget-sow-editor so-widget-sow-editor-base\"\n\t\t\t\n\t\t>\n<div class=\"siteorigin-widget-tinymce textwidget\">\n\t<h2><a href=\"http:\/\/www.seac.es\/es\/hermes\/\">Hermes<\/a><\/h2>\n<h4><span style=\"color: #808080;\"><em>Carretera<\/em><\/span><\/h4>\n<p>Sistema de ayudas meteorol\u00f3gicas a la vialidad en carretera especialmente en ambientes severos y a la predicci\u00f3n local y general del tiempo.<\/p><\/div>\n<\/div><\/div><\/div><div id=\"pgc-723-3-1\"  class=\"panel-grid-cell panel-grid-cell-empty panel-grid-cell-mobile-last\" ><\/div><div id=\"pgc-723-3-2\"  class=\"panel-grid-cell panel-grid-cell-empty\" ><\/div><\/div><\/div>","protected":false},"excerpt":{"rendered":"<p>SISTEMAS Adaptables a una amplia gama de aplicaciones. IcaroNet Navegaci\u00f3n a\u00e9rea Sistema robusto para las necesidades que la navegaci\u00f3n a\u00e9rea requiere e incluye todas las<\/p>\n","protected":false},"author":1,"featured_media":642,"parent":0,"menu_order":0,"comment_status":"closed","ping_status":"closed","template":"page-templates\/template-portfolio.php","meta":[],"yoast_head":"<!-- This site is optimized with the Yoast SEO plugin v19.2 - https:\/\/yoast.com\/wordpress\/plugins\/seo\/ -->\n<title>Sistemas - SEAC<\/title>\n<meta name=\"description\" content=\"Sistemas adaptables a una amplia gama de aplicaciones, meteorol\u00f3gicas, navegaci\u00f3n a\u00e9rea, carreteras, radiolog\u00eda, etc.\" \/>\n<meta name=\"robots\" content=\"index, follow, max-snippet:-1, max-image-preview:large, max-video-preview:-1\" \/>\n<link rel=\"canonical\" href=\"https:\/\/www.seac.es\/es\/sistemas\/\" \/>\n<meta property=\"og:locale\" content=\"es_ES\" \/>\n<meta property=\"og:type\" content=\"article\" \/>\n<meta property=\"og:title\" content=\"Sistemas - SEAC\" \/>\n<meta property=\"og:description\" content=\"Sistemas adaptables a una amplia gama de aplicaciones, meteorol\u00f3gicas, navegaci\u00f3n a\u00e9rea, carreteras, radiolog\u00eda, etc.\" \/>\n<meta property=\"og:url\" content=\"https:\/\/www.seac.es\/es\/sistemas\/\" \/>\n<meta property=\"og:site_name\" content=\"SEAC\" \/>\n<meta property=\"article:modified_time\" content=\"2022-09-29T05:52:06+00:00\" \/>\n<meta property=\"og:image\" content=\"https:\/\/www.seac.es\/es\/wp-content\/uploads\/2017\/09\/copernico.png\" \/>\n\t<meta property=\"og:image:width\" content=\"844\" \/>\n\t<meta property=\"og:image:height\" content=\"660\" \/>\n\t<meta property=\"og:image:type\" content=\"image\/png\" \/>\n<meta name=\"author\" content=\"adminblogseac\" \/>\n<meta name=\"twitter:card\" content=\"summary_large_image\" \/>\n<meta name=\"twitter:label1\" content=\"Tiempo de lectura\" \/>\n\t<meta name=\"twitter:data1\" content=\"1 minuto\" \/>\n<script type=\"application\/ld+json\" class=\"yoast-schema-graph\">{\"@context\":\"https:\/\/schema.org\",\"@graph\":[{\"@type\":\"Organization\",\"@id\":\"https:\/\/www.seac.es\/es\/#organization\",\"name\":\"SEAC S.A.\",\"url\":\"https:\/\/www.seac.es\/es\/\",\"sameAs\":[],\"logo\":{\"@type\":\"ImageObject\",\"inLanguage\":\"es\",\"@id\":\"https:\/\/www.seac.es\/es\/#\/schema\/logo\/image\/\",\"url\":\"https:\/\/www.seac.es\/es\/wp-content\/uploads\/2017\/08\/logoSEAC240x105.png\",\"contentUrl\":\"https:\/\/www.seac.es\/es\/wp-content\/uploads\/2017\/08\/logoSEAC240x105.png\",\"width\":240,\"height\":105,\"caption\":\"SEAC S.A.\"},\"image\":{\"@id\":\"https:\/\/www.seac.es\/es\/#\/schema\/logo\/image\/\"}},{\"@type\":\"WebSite\",\"@id\":\"https:\/\/www.seac.es\/es\/#website\",\"url\":\"https:\/\/www.seac.es\/es\/\",\"name\":\"SEAC\",\"description\":\"Meteorolog\u00eda y equipos de medida\",\"publisher\":{\"@id\":\"https:\/\/www.seac.es\/es\/#organization\"},\"potentialAction\":[{\"@type\":\"SearchAction\",\"target\":{\"@type\":\"EntryPoint\",\"urlTemplate\":\"https:\/\/www.seac.es\/es\/?s={search_term_string}\"},\"query-input\":\"required name=search_term_string\"}],\"inLanguage\":\"es\"},{\"@type\":\"ImageObject\",\"inLanguage\":\"es\",\"@id\":\"https:\/\/www.seac.es\/es\/sistemas\/#primaryimage\",\"url\":\"https:\/\/www.seac.es\/es\/wp-content\/uploads\/2017\/09\/copernico.png\",\"contentUrl\":\"https:\/\/www.seac.es\/es\/wp-content\/uploads\/2017\/09\/copernico.png\",\"width\":844,\"height\":660,\"caption\":\"sistemas monitoreo meteorologia radiologia\"},{\"@type\":\"WebPage\",\"@id\":\"https:\/\/www.seac.es\/es\/sistemas\/#webpage\",\"url\":\"https:\/\/www.seac.es\/es\/sistemas\/\",\"name\":\"Sistemas - SEAC\",\"isPartOf\":{\"@id\":\"https:\/\/www.seac.es\/es\/#website\"},\"primaryImageOfPage\":{\"@id\":\"https:\/\/www.seac.es\/es\/sistemas\/#primaryimage\"},\"datePublished\":\"2017-09-21T07:59:58+00:00\",\"dateModified\":\"2022-09-29T05:52:06+00:00\",\"description\":\"Sistemas adaptables a una amplia gama de aplicaciones, meteorol\u00f3gicas, navegaci\u00f3n a\u00e9rea, carreteras, radiolog\u00eda, etc.\",\"breadcrumb\":{\"@id\":\"https:\/\/www.seac.es\/es\/sistemas\/#breadcrumb\"},\"inLanguage\":\"es\",\"potentialAction\":[{\"@type\":\"ReadAction\",\"target\":[\"https:\/\/www.seac.es\/es\/sistemas\/\"]}]},{\"@type\":\"BreadcrumbList\",\"@id\":\"https:\/\/www.seac.es\/es\/sistemas\/#breadcrumb\",\"itemListElement\":[{\"@type\":\"ListItem\",\"position\":1,\"name\":\"Portada\",\"item\":\"https:\/\/www.seac.es\/es\/\"},{\"@type\":\"ListItem\",\"position\":2,\"name\":\"Sistemas\"}]}]}<\/script>\n<!-- \/ Yoast SEO plugin. -->","yoast_head_json":{"title":"Sistemas - SEAC","description":"Sistemas adaptables a una amplia gama de aplicaciones, meteorol\u00f3gicas, navegaci\u00f3n a\u00e9rea, carreteras, radiolog\u00eda, etc.","robots":{"index":"index","follow":"follow","max-snippet":"max-snippet:-1","max-image-preview":"max-image-preview:large","max-video-preview":"max-video-preview:-1"},"canonical":"https:\/\/www.seac.es\/es\/sistemas\/","og_locale":"es_ES","og_type":"article","og_title":"Sistemas - SEAC","og_description":"Sistemas adaptables a una amplia gama de aplicaciones, meteorol\u00f3gicas, navegaci\u00f3n a\u00e9rea, carreteras, radiolog\u00eda, etc.","og_url":"https:\/\/www.seac.es\/es\/sistemas\/","og_site_name":"SEAC","article_modified_time":"2022-09-29T05:52:06+00:00","og_image":[{"width":844,"height":660,"url":"https:\/\/www.seac.es\/es\/wp-content\/uploads\/2017\/09\/copernico.png","type":"image\/png"}],"author":"adminblogseac","twitter_card":"summary_large_image","twitter_misc":{"Tiempo de lectura":"1 minuto"},"schema":{"@context":"https:\/\/schema.org","@graph":[{"@type":"Organization","@id":"https:\/\/www.seac.es\/es\/#organization","name":"SEAC S.A.","url":"https:\/\/www.seac.es\/es\/","sameAs":[],"logo":{"@type":"ImageObject","inLanguage":"es","@id":"https:\/\/www.seac.es\/es\/#\/schema\/logo\/image\/","url":"https:\/\/www.seac.es\/es\/wp-content\/uploads\/2017\/08\/logoSEAC240x105.png","contentUrl":"https:\/\/www.seac.es\/es\/wp-content\/uploads\/2017\/08\/logoSEAC240x105.png","width":240,"height":105,"caption":"SEAC S.A."},"image":{"@id":"https:\/\/www.seac.es\/es\/#\/schema\/logo\/image\/"}},{"@type":"WebSite","@id":"https:\/\/www.seac.es\/es\/#website","url":"https:\/\/www.seac.es\/es\/","name":"SEAC","description":"Meteorolog\u00eda y equipos de medida","publisher":{"@id":"https:\/\/www.seac.es\/es\/#organization"},"potentialAction":[{"@type":"SearchAction","target":{"@type":"EntryPoint","urlTemplate":"https:\/\/www.seac.es\/es\/?s={search_term_string}"},"query-input":"required name=search_term_string"}],"inLanguage":"es"},{"@type":"ImageObject","inLanguage":"es","@id":"https:\/\/www.seac.es\/es\/sistemas\/#primaryimage","url":"https:\/\/www.seac.es\/es\/wp-content\/uploads\/2017\/09\/copernico.png","contentUrl":"https:\/\/www.seac.es\/es\/wp-content\/uploads\/2017\/09\/copernico.png","width":844,"height":660,"caption":"sistemas monitoreo meteorologia radiologia"},{"@type":"WebPage","@id":"https:\/\/www.seac.es\/es\/sistemas\/#webpage","url":"https:\/\/www.seac.es\/es\/sistemas\/","name":"Sistemas - SEAC","isPartOf":{"@id":"https:\/\/www.seac.es\/es\/#website"},"primaryImageOfPage":{"@id":"https:\/\/www.seac.es\/es\/sistemas\/#primaryimage"},"datePublished":"2017-09-21T07:59:58+00:00","dateModified":"2022-09-29T05:52:06+00:00","description":"Sistemas adaptables a una amplia gama de aplicaciones, meteorol\u00f3gicas, navegaci\u00f3n a\u00e9rea, carreteras, radiolog\u00eda, etc.","breadcrumb":{"@id":"https:\/\/www.seac.es\/es\/sistemas\/#breadcrumb"},"inLanguage":"es","potentialAction":[{"@type":"ReadAction","target":["https:\/\/www.seac.es\/es\/sistemas\/"]}]},{"@type":"BreadcrumbList","@id":"https:\/\/www.seac.es\/es\/sistemas\/#breadcrumb","itemListElement":[{"@type":"ListItem","position":1,"name":"Portada","item":"https:\/\/www.seac.es\/es\/"},{"@type":"ListItem","position":2,"name":"Sistemas"}]}]}},"_links":{"self":[{"href":"https:\/\/www.seac.es\/es\/wp-json\/wp\/v2\/pages\/723"}],"collection":[{"href":"https:\/\/www.seac.es\/es\/wp-json\/wp\/v2\/pages"}],"about":[{"href":"https:\/\/www.seac.es\/es\/wp-json\/wp\/v2\/types\/page"}],"author":[{"embeddable":true,"href":"https:\/\/www.seac.es\/es\/wp-json\/wp\/v2\/users\/1"}],"replies":[{"embeddable":true,"href":"https:\/\/www.seac.es\/es\/wp-json\/wp\/v2\/comments?post=723"}],"version-history":[{"count":75,"href":"https:\/\/www.seac.es\/es\/wp-json\/wp\/v2\/pages\/723\/revisions"}],"predecessor-version":[{"id":3283,"href":"https:\/\/www.seac.es\/es\/wp-json\/wp\/v2\/pages\/723\/revisions\/3283"}],"wp:featuredmedia":[{"embeddable":true,"href":"https:\/\/www.seac.es\/es\/wp-json\/wp\/v2\/media\/642"}],"wp:attachment":[{"href":"https:\/\/www.seac.es\/es\/wp-json\/wp\/v2\/media?parent=723"}],"curies":[{"name":"wp","href":"https:\/\/api.w.org\/{rel}","templated":true}]}}