{"id":706,"date":"2017-09-21T07:47:35","date_gmt":"2017-09-21T07:47:35","guid":{"rendered":"http:\/\/www.seac.es\/es\/?page_id=706"},"modified":"2022-11-02T09:03:24","modified_gmt":"2022-11-02T09:03:24","slug":"estaciones-meteorologicas","status":"publish","type":"page","link":"https:\/\/www.seac.es\/es\/productos\/estaciones-meteorologicas\/","title":{"rendered":"Estaciones"},"content":{"rendered":"<div id=\"pl-706\"  class=\"panel-layout\" ><div id=\"pg-706-0\"  class=\"panel-grid panel-has-style\" ><div class=\"siteorigin-panels-stretch panel-row-style panel-row-style-for-706-0\" data-stretch-type=\"full-stretched\" ><div id=\"pgc-706-0-0\"  class=\"panel-grid-cell\" ><div id=\"panel-706-0-0-0\" class=\"so-panel widget widget_sow-hero panel-first-child panel-last-child\" data-index=\"0\" ><div\n\t\t\t\n\t\t\tclass=\"so-widget-sow-hero so-widget-sow-hero-default-62309ec3fd34-706\"\n\t\t\t\n\t\t><div class=\"sow-slider-base\" style=\"display: none\"><ul\n\t\t\t\t\tclass=\"sow-slider-images\"\n\t\t\t\t\tdata-settings=\"{&quot;pagination&quot;:true,&quot;speed&quot;:800,&quot;timeout&quot;:8000,&quot;paused&quot;:false,&quot;pause_on_hover&quot;:false,&quot;swipe&quot;:false,&quot;nav_always_show_desktop&quot;:&quot;&quot;,&quot;nav_always_show_mobile&quot;:&quot;&quot;,&quot;breakpoint&quot;:&quot;780px&quot;,&quot;unmute&quot;:false,&quot;anchor&quot;:null}\"\n\t\t\t\t\tstyle=\"min-height: 280px\"\t\t\t\t\tdata-anchor-id=\"\"\n\t\t\t\t>\t\t<li class=\"sow-slider-image  sow-slider-image-cover\" style=\"background-color: #333333;background-image: url(https:\/\/www.seac.es\/es\/wp-content\/uploads\/2022\/06\/estaciones1920x450.jpg)\" >\n\t\t\t\t\t<div class=\"sow-slider-image-container\">\n\t\t\t<div class=\"sow-slider-image-wrapper\">\n\t\t\t\t<h2 style=\"text-align: left\"><span style=\"color: #ffffff\">ESTACIONES METEOROL\u00d3GICAS<\/span><\/h2>\n<div class=\"sow-hero-buttons\" style=\"text-align: left\"><\/div>\t\t\t<\/div>\n\t\t<\/div>\n\t\t\t\t<\/li>\n\t\t<\/ul>\t\t\t\t<ol class=\"sow-slider-pagination\">\n\t\t\t\t\t\t\t\t\t\t\t<li><a href=\"#\" data-goto=\"0\" aria-label=\"mostrar diapositiva 1\"><\/a><\/li>\n\t\t\t\t\t\t\t\t\t<\/ol>\n\n\t\t\t\t<div class=\"sow-slide-nav sow-slide-nav-next\">\n\t\t\t\t\t<a href=\"#\" data-goto=\"next\" aria-label=\"diapositiva siguiente\" data-action=\"next\">\n\t\t\t\t\t\t<em class=\"sow-sld-icon-thin-right\"><\/em>\n\t\t\t\t\t<\/a>\n\t\t\t\t<\/div>\n\n\t\t\t\t<div class=\"sow-slide-nav sow-slide-nav-prev\">\n\t\t\t\t\t<a href=\"#\" data-goto=\"previous\" aria-label=\"diapositiva anterior\" data-action=\"prev\">\n\t\t\t\t\t\t<em class=\"sow-sld-icon-thin-left\"><\/em>\n\t\t\t\t\t<\/a>\n\t\t\t\t<\/div>\n\t\t\t\t<\/div><\/div><\/div><\/div><\/div><\/div><div id=\"pg-706-1\"  class=\"panel-grid panel-has-style\" ><div class=\"siteorigin-panels-stretch panel-row-style panel-row-style-for-706-1\" data-stretch-type=\"full\" ><div id=\"pgc-706-1-0\"  class=\"panel-grid-cell\" ><div id=\"panel-706-1-0-0\" class=\"so-panel widget widget_sow-headline panel-first-child panel-last-child\" data-index=\"1\" ><div\n\t\t\t\n\t\t\tclass=\"so-widget-sow-headline so-widget-sow-headline-default-ad6310e5dc19-706\"\n\t\t\t\n\t\t><div class=\"sow-headline-container \">\n\t<h3 class='sow-sub-headline'>Diferentes modelos y prestaciones.<\/h3><\/div><\/div><\/div><\/div><\/div><\/div><div id=\"pg-706-2\"  class=\"panel-grid panel-no-style\" ><div id=\"pgc-706-2-0\"  class=\"panel-grid-cell\" ><div id=\"panel-706-2-0-0\" class=\"so-panel widget widget_sow-image panel-first-child\" data-index=\"2\" ><div\n\t\t\t\n\t\t\tclass=\"so-widget-sow-image so-widget-sow-image-default-d6014b76747a-706\"\n\t\t\t\n\t\t>\n\n<div class=\"sow-image-container\">\n\t\t\t<a href=\"https:\/\/www.seac.es\/es\/productos\/estaciones-meteorologicas\/ema32\/\"\n\t\t\t\t\t>\n\t\t\t<img src=\"https:\/\/www.seac.es\/es\/wp-content\/uploads\/2017\/09\/IMG_3724__red-470x280.jpg\" width=\"470\" height=\"280\" sizes=\"(max-width: 470px) 100vw, 470px\" alt=\"\" loading=\"lazy\" \t\tclass=\"so-widget-image\"\/>\n\t<\/a><\/div>\n\n<\/div><\/div><div id=\"panel-706-2-0-1\" class=\"so-panel widget widget_sow-editor panel-last-child\" data-index=\"3\" ><div\n\t\t\t\n\t\t\tclass=\"so-widget-sow-editor so-widget-sow-editor-base\"\n\t\t\t\n\t\t>\n<div class=\"siteorigin-widget-tinymce textwidget\">\n\t<h2><a href=\"http:\/\/www.seac.es\/es\/ema32\/\">EMA32<\/a><\/h2>\n<p>La estaci\u00f3n meteorol\u00f3gica autom\u00e1tica SEAC EMA32 est\u00e1 dise\u00f1ada para aplicaciones de adquisici\u00f3n de datos y transmisi\u00f3n remota en aquellos lugares donde la necesidad de alimentaci\u00f3n y comunicaciones impliquen la instalaci\u00f3n de un equipo aut\u00f3nomo y de muy bajo consumo, haci\u00e9ndolo id\u00f3neo para proyectos de tele medida.<\/p>\n<\/div>\n<\/div><\/div><\/div><div id=\"pgc-706-2-1\"  class=\"panel-grid-cell\" ><div id=\"panel-706-2-1-0\" class=\"so-panel widget widget_sow-image panel-first-child\" data-index=\"4\" ><div\n\t\t\t\n\t\t\tclass=\"so-widget-sow-image so-widget-sow-image-default-d6014b76747a-706\"\n\t\t\t\n\t\t>\n\n<div class=\"sow-image-container\">\n\t\t\t<a href=\"https:\/\/www.seac.es\/es\/productos\/estaciones-meteorologicas\/ema51\/\"\n\t\t\t\t\t>\n\t\t\t<img src=\"https:\/\/www.seac.es\/es\/wp-content\/uploads\/2022\/04\/EMA51_1080-1-470x280.jpg\" width=\"470\" height=\"280\" sizes=\"(max-width: 470px) 100vw, 470px\" title=\"EMA51_1080\" alt=\"\" loading=\"lazy\" \t\tclass=\"so-widget-image\"\/>\n\t<\/a><\/div>\n\n<\/div><\/div><div id=\"panel-706-2-1-1\" class=\"so-panel widget widget_sow-editor panel-last-child\" data-index=\"5\" ><div\n\t\t\t\n\t\t\tclass=\"so-widget-sow-editor so-widget-sow-editor-base\"\n\t\t\t\n\t\t>\n<div class=\"siteorigin-widget-tinymce textwidget\">\n\t<h2><a href=\"https:\/\/www.seac.es\/es\/productos\/estaciones\/ema51\/\">EMA51<\/a><\/h2>\n<p>La estaci\u00f3n meteorol\u00f3gica autom\u00e1tica SEAC EMA51 es una soluci\u00f3n de intemperie y compacta para ser instalada en cualquier emplazamiento y ambiente.<\/p>\n<p>Integra comunicaciones Ethernet, modem interno 4G (opcional) y una salida serie RS232 para cualquier otra forma de transmisi\u00f3n (radio, sat\u00e9lite, etc.)<\/p><\/div>\n<\/div><\/div><\/div><div id=\"pgc-706-2-2\"  class=\"panel-grid-cell\" ><div id=\"panel-706-2-2-0\" class=\"so-panel widget widget_sow-image panel-first-child\" data-index=\"6\" ><div\n\t\t\t\n\t\t\tclass=\"so-widget-sow-image so-widget-sow-image-default-d6014b76747a-706\"\n\t\t\t\n\t\t>\n\n<div class=\"sow-image-container\">\n\t\t\t<a href=\"http:\/\/www.seac.es\/es\/ema55\/\"\n\t\t\t\t\t>\n\t\t\t<img src=\"https:\/\/www.seac.es\/es\/wp-content\/uploads\/2019\/06\/IMG_9481B-470x280.jpg\" width=\"470\" height=\"280\" sizes=\"(max-width: 470px) 100vw, 470px\" alt=\"\" loading=\"lazy\" \t\tclass=\"so-widget-image\"\/>\n\t<\/a><\/div>\n\n<\/div><\/div><div id=\"panel-706-2-2-1\" class=\"so-panel widget widget_sow-editor panel-last-child\" data-index=\"7\" ><div\n\t\t\t\n\t\t\tclass=\"so-widget-sow-editor so-widget-sow-editor-base\"\n\t\t\t\n\t\t>\n<div class=\"siteorigin-widget-tinymce textwidget\">\n\t<h2><a href=\"http:\/\/www.seac.es\/es\/ema55\/\">EMA55<\/a><\/h2>\n<p>Dise\u00f1ada con la tecnolog\u00eda m\u00e1s actual, la estaci\u00f3n meteorol\u00f3gica autom\u00e1tica SEAC EMA55 es uno de los equipos m\u00e1s potentes en prestaciones del mercado.<\/p>\n<p>Integra comunicaciones Ethernet, 3G\/GPRS y GPS. Se comunica con cualquier sensor digital inteligente del mercado.<\/p>\n<p>\u00a0<\/p><\/div>\n<\/div><\/div><\/div><\/div><div id=\"pg-706-3\"  class=\"panel-grid panel-no-style\" ><div id=\"pgc-706-3-0\"  class=\"panel-grid-cell\" ><div id=\"panel-706-3-0-0\" class=\"so-panel widget widget_sow-image panel-first-child\" data-index=\"8\" ><div\n\t\t\t\n\t\t\tclass=\"so-widget-sow-image so-widget-sow-image-default-d6014b76747a-706\"\n\t\t\t\n\t\t>\n\n<div class=\"sow-image-container\">\n\t\t\t<a href=\"https:\/\/www.seac.es\/es\/rwis400\/\"\n\t\t\t\t\t>\n\t\t\t<img src=\"https:\/\/www.seac.es\/es\/wp-content\/uploads\/2022\/11\/rwis400-small-470x280.jpg\" width=\"470\" height=\"280\" sizes=\"(max-width: 470px) 100vw, 470px\" title=\"rwis400 &#8211; small\" alt=\"\" loading=\"lazy\" \t\tclass=\"so-widget-image\"\/>\n\t<\/a><\/div>\n\n<\/div><\/div><div id=\"panel-706-3-0-1\" class=\"so-panel widget widget_sow-editor panel-last-child\" data-index=\"9\" ><div\n\t\t\t\n\t\t\tclass=\"so-widget-sow-editor so-widget-sow-editor-base\"\n\t\t\t\n\t\t>\n<div class=\"siteorigin-widget-tinymce textwidget\">\n\t<h2><a href=\"https:\/\/www.seac.es\/es\/rwis400\/\">RWIS400<\/a><\/h2>\n<p>La soluci\u00f3n m\u00e1s adecuada para ayuda a la vialidad invernal, siendo un equipo sencillo, compacto, completo y escalable, adem\u00e1s de ser f\u00e1cilmente instalada en cualquier emplazamiento y ambiente.<\/p>\n<\/div>\n<\/div><\/div><\/div><div id=\"pgc-706-3-1\"  class=\"panel-grid-cell panel-grid-cell-mobile-last\" ><div id=\"panel-706-3-1-0\" class=\"so-panel widget widget_sow-image panel-first-child\" data-index=\"10\" ><div\n\t\t\t\n\t\t\tclass=\"so-widget-sow-image so-widget-sow-image-default-d6014b76747a-706\"\n\t\t\t\n\t\t>\n\n<div class=\"sow-image-container\">\n\t\t\t<a href=\"https:\/\/www.seac.es\/es\/productos\/estaciones-meteorologicas\/tm-03-y-sc-03\/\"\n\t\t\t\t\t>\n\t\t\t<img src=\"https:\/\/www.seac.es\/es\/wp-content\/uploads\/2022\/04\/TM03_small_transp-470x280.png\" width=\"470\" height=\"280\" sizes=\"(max-width: 470px) 100vw, 470px\" alt=\"\" loading=\"lazy\" \t\tclass=\"so-widget-image\"\/>\n\t<\/a><\/div>\n\n<\/div><\/div><div id=\"panel-706-3-1-1\" class=\"so-panel widget widget_sow-editor panel-last-child\" data-index=\"11\" ><div\n\t\t\t\n\t\t\tclass=\"so-widget-sow-editor so-widget-sow-editor-base\"\n\t\t\t\n\t\t>\n<div class=\"siteorigin-widget-tinymce textwidget\">\n\t<h2><a href=\"http:\/\/www.seac.es\/es\/tm-03-y-sc-03\/\">TM-03 Y SC-03<\/a><\/h2>\n<p>Se trata de un equipo de adquisici\u00f3n de datos meteorol\u00f3gicos para ser instalado en veh\u00edculos de mantenimiento de carreteras. Los datos adquiridos junto con la posici\u00f3n se transmiten en tiempo real al centro de control, para actividades de predicci\u00f3n y mantenimiento.<\/p>\n<\/div>\n<\/div><\/div><\/div><div id=\"pgc-706-3-2\"  class=\"panel-grid-cell panel-grid-cell-empty\" ><\/div><\/div><div id=\"pg-706-4\"  class=\"panel-grid panel-no-style\" ><div id=\"pgc-706-4-0\"  class=\"panel-grid-cell\" ><div id=\"panel-706-4-0-0\" class=\"so-panel widget widget_sow-editor panel-first-child panel-last-child\" data-index=\"12\" ><div\n\t\t\t\n\t\t\tclass=\"so-widget-sow-editor so-widget-sow-editor-base\"\n\t\t\t\n\t\t>\n<div class=\"siteorigin-widget-tinymce textwidget\">\n\t<h3 style=\"text-align: center;\"><em>Una soluci\u00f3n para cada necesidad.<\/em><\/h3><\/div>\n<\/div><\/div><\/div><\/div><\/div>","protected":false},"excerpt":{"rendered":"<p>ESTACIONES METEOROL\u00d3GICAS Diferentes modelos y prestaciones. EMA32 La estaci\u00f3n meteorol\u00f3gica autom\u00e1tica SEAC EMA32 est\u00e1 dise\u00f1ada para aplicaciones de adquisici\u00f3n de datos y transmisi\u00f3n remota en<\/p>\n","protected":false},"author":1,"featured_media":365,"parent":749,"menu_order":0,"comment_status":"closed","ping_status":"closed","template":"page-templates\/template-portfolio.php","meta":[],"yoast_head":"<!-- This site is optimized with the Yoast SEO plugin v19.2 - https:\/\/yoast.com\/wordpress\/plugins\/seo\/ -->\n<title>Estaciones - SEAC<\/title>\n<meta name=\"description\" content=\"Mediante una arquitectura modular componemos una gama amplia de estaciones incorporando el datalogger, sistemas de alimentaci\u00f3n y comunicaciones m\u00e1s adecuados para cada aplicaci\u00f3n.\" \/>\n<meta name=\"robots\" content=\"index, follow, max-snippet:-1, max-image-preview:large, max-video-preview:-1\" \/>\n<link rel=\"canonical\" href=\"https:\/\/www.seac.es\/es\/productos\/estaciones-meteorologicas\/\" \/>\n<meta property=\"og:locale\" content=\"es_ES\" \/>\n<meta property=\"og:type\" content=\"article\" \/>\n<meta property=\"og:title\" content=\"Estaciones - SEAC\" \/>\n<meta property=\"og:description\" content=\"Mediante una arquitectura modular componemos una gama amplia de estaciones incorporando el datalogger, sistemas de alimentaci\u00f3n y comunicaciones m\u00e1s adecuados para cada aplicaci\u00f3n.\" \/>\n<meta property=\"og:url\" content=\"https:\/\/www.seac.es\/es\/productos\/estaciones-meteorologicas\/\" \/>\n<meta property=\"og:site_name\" content=\"SEAC\" \/>\n<meta property=\"article:modified_time\" content=\"2022-11-02T09:03:24+00:00\" \/>\n<meta property=\"og:image\" content=\"https:\/\/www.seac.es\/es\/wp-content\/uploads\/2017\/08\/Fot0112_005.jpg\" \/>\n\t<meta property=\"og:image:width\" content=\"2288\" \/>\n\t<meta property=\"og:image:height\" content=\"1712\" \/>\n\t<meta property=\"og:image:type\" content=\"image\/jpeg\" \/>\n<meta name=\"author\" content=\"adminblogseac\" \/>\n<meta name=\"twitter:card\" content=\"summary_large_image\" \/>\n<meta name=\"twitter:label1\" content=\"Tiempo de lectura\" \/>\n\t<meta name=\"twitter:data1\" content=\"2 minutos\" \/>\n<script type=\"application\/ld+json\" class=\"yoast-schema-graph\">{\"@context\":\"https:\/\/schema.org\",\"@graph\":[{\"@type\":\"Organization\",\"@id\":\"https:\/\/www.seac.es\/es\/#organization\",\"name\":\"SEAC S.A.\",\"url\":\"https:\/\/www.seac.es\/es\/\",\"sameAs\":[],\"logo\":{\"@type\":\"ImageObject\",\"inLanguage\":\"es\",\"@id\":\"https:\/\/www.seac.es\/es\/#\/schema\/logo\/image\/\",\"url\":\"https:\/\/www.seac.es\/es\/wp-content\/uploads\/2017\/08\/logoSEAC240x105.png\",\"contentUrl\":\"https:\/\/www.seac.es\/es\/wp-content\/uploads\/2017\/08\/logoSEAC240x105.png\",\"width\":240,\"height\":105,\"caption\":\"SEAC S.A.\"},\"image\":{\"@id\":\"https:\/\/www.seac.es\/es\/#\/schema\/logo\/image\/\"}},{\"@type\":\"WebSite\",\"@id\":\"https:\/\/www.seac.es\/es\/#website\",\"url\":\"https:\/\/www.seac.es\/es\/\",\"name\":\"SEAC\",\"description\":\"Meteorolog\u00eda y equipos de medida\",\"publisher\":{\"@id\":\"https:\/\/www.seac.es\/es\/#organization\"},\"potentialAction\":[{\"@type\":\"SearchAction\",\"target\":{\"@type\":\"EntryPoint\",\"urlTemplate\":\"https:\/\/www.seac.es\/es\/?s={search_term_string}\"},\"query-input\":\"required name=search_term_string\"}],\"inLanguage\":\"es\"},{\"@type\":\"ImageObject\",\"inLanguage\":\"es\",\"@id\":\"https:\/\/www.seac.es\/es\/productos\/estaciones-meteorologicas\/#primaryimage\",\"url\":\"https:\/\/www.seac.es\/es\/wp-content\/uploads\/2017\/08\/Fot0112_005.jpg\",\"contentUrl\":\"https:\/\/www.seac.es\/es\/wp-content\/uploads\/2017\/08\/Fot0112_005.jpg\",\"width\":2288,\"height\":1712,\"caption\":\"OLYMPUS DIGITAL CAMERA\"},{\"@type\":\"WebPage\",\"@id\":\"https:\/\/www.seac.es\/es\/productos\/estaciones-meteorologicas\/#webpage\",\"url\":\"https:\/\/www.seac.es\/es\/productos\/estaciones-meteorologicas\/\",\"name\":\"Estaciones - SEAC\",\"isPartOf\":{\"@id\":\"https:\/\/www.seac.es\/es\/#website\"},\"primaryImageOfPage\":{\"@id\":\"https:\/\/www.seac.es\/es\/productos\/estaciones-meteorologicas\/#primaryimage\"},\"datePublished\":\"2017-09-21T07:47:35+00:00\",\"dateModified\":\"2022-11-02T09:03:24+00:00\",\"description\":\"Mediante una arquitectura modular componemos una gama amplia de estaciones incorporando el datalogger, sistemas de alimentaci\u00f3n y comunicaciones m\u00e1s adecuados para cada aplicaci\u00f3n.\",\"breadcrumb\":{\"@id\":\"https:\/\/www.seac.es\/es\/productos\/estaciones-meteorologicas\/#breadcrumb\"},\"inLanguage\":\"es\",\"potentialAction\":[{\"@type\":\"ReadAction\",\"target\":[\"https:\/\/www.seac.es\/es\/productos\/estaciones-meteorologicas\/\"]}]},{\"@type\":\"BreadcrumbList\",\"@id\":\"https:\/\/www.seac.es\/es\/productos\/estaciones-meteorologicas\/#breadcrumb\",\"itemListElement\":[{\"@type\":\"ListItem\",\"position\":1,\"name\":\"Portada\",\"item\":\"https:\/\/www.seac.es\/es\/\"},{\"@type\":\"ListItem\",\"position\":2,\"name\":\"Productos\",\"item\":\"https:\/\/www.seac.es\/es\/productos\/\"},{\"@type\":\"ListItem\",\"position\":3,\"name\":\"Estaciones\"}]}]}<\/script>\n<!-- \/ Yoast SEO plugin. -->","yoast_head_json":{"title":"Estaciones - SEAC","description":"Mediante una arquitectura modular componemos una gama amplia de estaciones incorporando el datalogger, sistemas de alimentaci\u00f3n y comunicaciones m\u00e1s adecuados para cada aplicaci\u00f3n.","robots":{"index":"index","follow":"follow","max-snippet":"max-snippet:-1","max-image-preview":"max-image-preview:large","max-video-preview":"max-video-preview:-1"},"canonical":"https:\/\/www.seac.es\/es\/productos\/estaciones-meteorologicas\/","og_locale":"es_ES","og_type":"article","og_title":"Estaciones - SEAC","og_description":"Mediante una arquitectura modular componemos una gama amplia de estaciones incorporando el datalogger, sistemas de alimentaci\u00f3n y comunicaciones m\u00e1s adecuados para cada aplicaci\u00f3n.","og_url":"https:\/\/www.seac.es\/es\/productos\/estaciones-meteorologicas\/","og_site_name":"SEAC","article_modified_time":"2022-11-02T09:03:24+00:00","og_image":[{"width":2288,"height":1712,"url":"https:\/\/www.seac.es\/es\/wp-content\/uploads\/2017\/08\/Fot0112_005.jpg","type":"image\/jpeg"}],"author":"adminblogseac","twitter_card":"summary_large_image","twitter_misc":{"Tiempo de lectura":"2 minutos"},"schema":{"@context":"https:\/\/schema.org","@graph":[{"@type":"Organization","@id":"https:\/\/www.seac.es\/es\/#organization","name":"SEAC S.A.","url":"https:\/\/www.seac.es\/es\/","sameAs":[],"logo":{"@type":"ImageObject","inLanguage":"es","@id":"https:\/\/www.seac.es\/es\/#\/schema\/logo\/image\/","url":"https:\/\/www.seac.es\/es\/wp-content\/uploads\/2017\/08\/logoSEAC240x105.png","contentUrl":"https:\/\/www.seac.es\/es\/wp-content\/uploads\/2017\/08\/logoSEAC240x105.png","width":240,"height":105,"caption":"SEAC S.A."},"image":{"@id":"https:\/\/www.seac.es\/es\/#\/schema\/logo\/image\/"}},{"@type":"WebSite","@id":"https:\/\/www.seac.es\/es\/#website","url":"https:\/\/www.seac.es\/es\/","name":"SEAC","description":"Meteorolog\u00eda y equipos de medida","publisher":{"@id":"https:\/\/www.seac.es\/es\/#organization"},"potentialAction":[{"@type":"SearchAction","target":{"@type":"EntryPoint","urlTemplate":"https:\/\/www.seac.es\/es\/?s={search_term_string}"},"query-input":"required name=search_term_string"}],"inLanguage":"es"},{"@type":"ImageObject","inLanguage":"es","@id":"https:\/\/www.seac.es\/es\/productos\/estaciones-meteorologicas\/#primaryimage","url":"https:\/\/www.seac.es\/es\/wp-content\/uploads\/2017\/08\/Fot0112_005.jpg","contentUrl":"https:\/\/www.seac.es\/es\/wp-content\/uploads\/2017\/08\/Fot0112_005.jpg","width":2288,"height":1712,"caption":"OLYMPUS DIGITAL CAMERA"},{"@type":"WebPage","@id":"https:\/\/www.seac.es\/es\/productos\/estaciones-meteorologicas\/#webpage","url":"https:\/\/www.seac.es\/es\/productos\/estaciones-meteorologicas\/","name":"Estaciones - SEAC","isPartOf":{"@id":"https:\/\/www.seac.es\/es\/#website"},"primaryImageOfPage":{"@id":"https:\/\/www.seac.es\/es\/productos\/estaciones-meteorologicas\/#primaryimage"},"datePublished":"2017-09-21T07:47:35+00:00","dateModified":"2022-11-02T09:03:24+00:00","description":"Mediante una arquitectura modular componemos una gama amplia de estaciones incorporando el datalogger, sistemas de alimentaci\u00f3n y comunicaciones m\u00e1s adecuados para cada aplicaci\u00f3n.","breadcrumb":{"@id":"https:\/\/www.seac.es\/es\/productos\/estaciones-meteorologicas\/#breadcrumb"},"inLanguage":"es","potentialAction":[{"@type":"ReadAction","target":["https:\/\/www.seac.es\/es\/productos\/estaciones-meteorologicas\/"]}]},{"@type":"BreadcrumbList","@id":"https:\/\/www.seac.es\/es\/productos\/estaciones-meteorologicas\/#breadcrumb","itemListElement":[{"@type":"ListItem","position":1,"name":"Portada","item":"https:\/\/www.seac.es\/es\/"},{"@type":"ListItem","position":2,"name":"Productos","item":"https:\/\/www.seac.es\/es\/productos\/"},{"@type":"ListItem","position":3,"name":"Estaciones"}]}]}},"_links":{"self":[{"href":"https:\/\/www.seac.es\/es\/wp-json\/wp\/v2\/pages\/706"}],"collection":[{"href":"https:\/\/www.seac.es\/es\/wp-json\/wp\/v2\/pages"}],"about":[{"href":"https:\/\/www.seac.es\/es\/wp-json\/wp\/v2\/types\/page"}],"author":[{"embeddable":true,"href":"https:\/\/www.seac.es\/es\/wp-json\/wp\/v2\/users\/1"}],"replies":[{"embeddable":true,"href":"https:\/\/www.seac.es\/es\/wp-json\/wp\/v2\/comments?post=706"}],"version-history":[{"count":80,"href":"https:\/\/www.seac.es\/es\/wp-json\/wp\/v2\/pages\/706\/revisions"}],"predecessor-version":[{"id":4231,"href":"https:\/\/www.seac.es\/es\/wp-json\/wp\/v2\/pages\/706\/revisions\/4231"}],"up":[{"embeddable":true,"href":"https:\/\/www.seac.es\/es\/wp-json\/wp\/v2\/pages\/749"}],"wp:featuredmedia":[{"embeddable":true,"href":"https:\/\/www.seac.es\/es\/wp-json\/wp\/v2\/media\/365"}],"wp:attachment":[{"href":"https:\/\/www.seac.es\/es\/wp-json\/wp\/v2\/media?parent=706"}],"curies":[{"name":"wp","href":"https:\/\/api.w.org\/{rel}","templated":true}]}}