{"id":641,"date":"2017-09-21T07:14:39","date_gmt":"2017-09-21T07:14:39","guid":{"rendered":"http:\/\/www.seac.es\/es\/?page_id=641"},"modified":"2022-09-15T09:26:14","modified_gmt":"2022-09-15T09:26:14","slug":"copernico-2-0","status":"publish","type":"page","link":"https:\/\/www.seac.es\/es\/sistemas\/copernico-2-0\/","title":{"rendered":"Cop\u00e9rnico 2.0"},"content":{"rendered":"<div id=\"pl-641\"  class=\"panel-layout\" ><div id=\"pg-641-0\"  class=\"panel-grid panel-has-style\" ><div class=\"siteorigin-panels-stretch panel-row-style panel-row-style-for-641-0\" data-stretch-type=\"full-stretched\" ><div id=\"pgc-641-0-0\"  class=\"panel-grid-cell\" ><div id=\"panel-641-0-0-0\" class=\"so-panel widget widget_sow-editor panel-first-child panel-last-child\" data-index=\"0\" ><div class=\"panel-widget-style panel-widget-style-for-641-0-0-0\" ><div\n\t\t\t\n\t\t\tclass=\"so-widget-sow-editor so-widget-sow-editor-base\"\n\t\t\t\n\t\t>\n<div class=\"siteorigin-widget-tinymce textwidget\">\n\t<h1>\u00a0<\/h1>\n<h1>Cop\u00e9rnico 2.0 - Gesti\u00f3n de estaciones meteorol\u00f3gicas<\/h1>\n<\/div>\n<\/div><\/div><\/div><\/div><\/div><\/div><div id=\"pg-641-1\"  class=\"panel-grid panel-has-style\" ><div class=\"siteorigin-panels-stretch panel-row-style panel-row-style-for-641-1\" data-stretch-type=\"full\" ><div id=\"pgc-641-1-0\"  class=\"panel-grid-cell\" ><div id=\"panel-641-1-0-0\" class=\"so-panel widget widget_sow-image panel-first-child panel-last-child\" data-index=\"1\" ><div\n\t\t\t\n\t\t\tclass=\"so-widget-sow-image so-widget-sow-image-default-2ec334f0a340-641\"\n\t\t\t\n\t\t>\n\n<div class=\"sow-image-container\">\n\t\t<img src=\"https:\/\/www.seac.es\/es\/wp-content\/uploads\/2017\/09\/copernico.png\" width=\"844\" height=\"660\" srcset=\"https:\/\/www.seac.es\/es\/wp-content\/uploads\/2017\/09\/copernico.png 844w, https:\/\/www.seac.es\/es\/wp-content\/uploads\/2017\/09\/copernico-300x235.png 300w, https:\/\/www.seac.es\/es\/wp-content\/uploads\/2017\/09\/copernico-768x601.png 768w\" sizes=\"(max-width: 844px) 100vw, 844px\" alt=\"sistemas monitoreo meteorologia radiologia\" loading=\"lazy\" \t\tclass=\"so-widget-image\"\/>\n\t<\/div>\n\n<\/div><\/div><\/div><div id=\"pgc-641-1-1\"  class=\"panel-grid-cell\" ><div id=\"panel-641-1-1-0\" class=\"so-panel widget widget_sow-editor panel-first-child\" data-index=\"2\" ><div\n\t\t\t\n\t\t\tclass=\"so-widget-sow-editor so-widget-sow-editor-base\"\n\t\t\t\n\t\t>\n<div class=\"siteorigin-widget-tinymce textwidget\">\n\t<h3>Presentaci\u00f3n<\/h3>\n<p>Se trata de un software para la comunicaci\u00f3n en tiempo real y as\u00edncrona con estaciones meteorol\u00f3gicas y el posterior tratamiento de la informaci\u00f3n.<\/p>\n<h3>Caracter\u00edstica Generales<\/h3>\n<p>Sistema completo para redes meteorol\u00f3gicas.<br \/>F\u00e1cil manejo en entorno Windows.<br \/>Diversas posibilidades de comunicaciones.<br \/>Almacenamiento de hist\u00f3ricos en base de datos.<br \/>Comunicaciones y visualizaci\u00f3n en tiempo real.<\/p>\n<h3>F\u00e1cil manejo<\/h3>\n<p>Tras la instalaci\u00f3n, el usuario da de alta en la base de datos las estaciones de su red, define los mecanismos de conexi\u00f3n, la cadencia de interrogaci\u00f3n y almacena localmente la configuraci\u00f3n de las estaciones.<br \/>Dicha configuraci\u00f3n se puede variar en cualquier momento debido a cambios en el tipo o n\u00famero de sensores, comunicaciones, etc. de las estaciones<\/p>\n<h3>Captura de datos<\/h3>\n<p>La aplicaci\u00f3n realiza llamadas a las estaciones de forma autom\u00e1tica en segundo plano, anotando cualquier incidencia producida en dicho proceso. Tambi\u00e9n podemos ver los datos instant\u00e1neos de las estaciones que tienen conexi\u00f3n permanente, as\u00ed como cambiar sus par\u00e1metros de funcionamiento. Para el resto de las estaciones podemos iniciar una comunicaci\u00f3n manual para obtener los datos almacenados, visualizaci\u00f3n en tiempo real, cambio de configuraciones, etc.<\/p>\n<h3>Almac\u00e9n de datos<\/h3>\n<p>Los datos hist\u00f3ricos son almacenados en base de datos, pudi\u00e9ndose explotar de forma gr\u00e1fica, texto, etc.<br \/>Debido a que las estaciones pueden tener diversos intervalos de almacenamiento, la base de datos es gen\u00e9rica en cuanto al tiempo de grabaci\u00f3n de los datos, pudiendo coexistir diferentes tiempos de almacenamiento.<\/p>\n<h3>Generaci\u00f3n de alarmas<\/h3>\n<p>Los valores le\u00eddos por las estaciones pueden ser sometidos a un control de niveles, avisando al operador de forma autom\u00e1tica en el momento que se rebase alguno de ellos.<br \/>Existe la posibilidad de configurar la aplicaci\u00f3n para que env\u00ede correos electr\u00f3nicos y\/o mensajes SMS si el operador no atiende dicha alarma.<\/p>\n<h3>Comunicaciones<\/h3>\n<p>La aplicaci\u00f3n puede controlar diversos medios de conexi\u00f3n con las estaciones como por ejemplo l\u00edneas serie, modems anal\u00f3gicos y GSM, comunicaciones TCP\/IP, modems GPRS (IPs din\u00e1micas), etc.<\/p>\n<h3>Lecturas backup<\/h3>\n<p>La introducci\u00f3n de datos en la base de datos local tambi\u00e9n puede realizarse mediante la lectura de la memoria externa formato pendrive de las estaciones.<br \/>Mediante dicha lectura, podemos agregar a nuestra base de datos la informaci\u00f3n de estaciones climatol\u00f3gicas desatendidas a las que no llegan las comunicaciones.<\/p>\n<h3>Visualizaci\u00f3n<\/h3>\n<p>La informaci\u00f3n tomada de las estaciones en tiempo real puede ser visualizada desde diversos ordenadores dentro de la red de \u00e1rea local, pudiendo configurar en cada uno de ellos los datos a representar, (seleccionando estaciones, par\u00e1metros, etc.)<\/p>\n<\/div>\n<\/div><\/div><div id=\"panel-641-1-1-1\" class=\"so-panel widget widget_sow-button panel-last-child\" data-index=\"3\" ><div\n\t\t\t\n\t\t\tclass=\"so-widget-sow-button so-widget-sow-button-wire-30b3367ab913-641\"\n\t\t\t\n\t\t><div class=\"ow-button-base ow-button-align-left\">\n\t<a href=\"\/docs-pdf\/GE_IE_CAT_0015.pdf\" class=\"ow-icon-placement-left ow-button-hover\" \t\t>\n\t\t<span>\n\t\t\t\n\t\t\tVer cat\u00e1logo\t\t<\/span>\n\t<\/a>\n<\/div>\n<\/div><\/div><\/div><\/div><\/div><div id=\"pg-641-2\"  class=\"panel-grid panel-has-style\" ><div class=\"siteorigin-panels-stretch panel-row-style panel-row-style-for-641-2\" data-stretch-type=\"full-stretched\" ><div id=\"pgc-641-2-0\"  class=\"panel-grid-cell\" ><div id=\"panel-641-2-0-0\" class=\"so-panel widget widget_sow-editor panel-first-child panel-last-child\" data-index=\"4\" ><div class=\"panel-widget-style panel-widget-style-for-641-2-0-0\" ><div\n\t\t\t\n\t\t\tclass=\"so-widget-sow-editor so-widget-sow-editor-base\"\n\t\t\t\n\t\t>\n<div class=\"siteorigin-widget-tinymce textwidget\">\n\t<h1>\u00a0<\/h1>\n<h1>Cop\u00e9rnico 2.0 Caracter\u00edsticas t\u00e9cnicas<\/h1>\n<\/div>\n<\/div><\/div><\/div><\/div><\/div><\/div><div id=\"pg-641-3\"  class=\"panel-grid panel-has-style\" ><div class=\"siteorigin-panels-stretch panel-row-style panel-row-style-for-641-3\" data-stretch-type=\"full\" ><div id=\"pgc-641-3-0\"  class=\"panel-grid-cell\" ><div id=\"panel-641-3-0-0\" class=\"so-panel widget widget_sow-editor panel-first-child panel-last-child\" data-index=\"5\" ><div\n\t\t\t\n\t\t\tclass=\"so-widget-sow-editor so-widget-sow-editor-base\"\n\t\t\t\n\t\t>\n<div class=\"siteorigin-widget-tinymce textwidget\">\n\t<p><strong>General<\/strong><\/p>\n<hr \/>\n<table>\n<tbody>\n<tr>\n<td width=\"135\">\n<p>Sistema operativo<\/p>\n<\/td>\n<td width=\"135\">\n<p>Windows 2000 o superior<\/p>\n<\/td>\n<\/tr>\n<tr>\n<td width=\"135\">\n<p>Almacenamiento<\/p>\n<\/td>\n<td width=\"135\">\n<p>Base de datos ACCESS, SQL Server<\/p>\n<\/td>\n<\/tr>\n<\/tbody>\n<\/table>\n<p><strong>Comunicaciones<\/strong><\/p>\n<hr \/>\n<table>\n<tbody>\n<tr>\n<td width=\"135\">\n<p>Serie<\/p>\n<\/td>\n<td width=\"135\">\u00a0<\/td>\n<\/tr>\n<tr>\n<td width=\"135\">\n<p>Modems RTC<\/p>\n<\/td>\n<td width=\"135\">\u00a0<\/td>\n<\/tr>\n<tr>\n<td width=\"135\">\n<p>Modems GSM<\/p>\n<\/td>\n<td width=\"135\">\u00a0<\/td>\n<\/tr>\n<tr>\n<td width=\"135\">\n<p>TCP\/IP<\/p>\n<\/td>\n<td width=\"135\">\u00a0<\/td>\n<\/tr>\n<tr>\n<td width=\"135\">\n<p>Modems GPRS<\/p>\n<\/td>\n<td width=\"135\">\u00a0<\/td>\n<\/tr>\n<\/tbody>\n<\/table>\n<p>\u00a0<\/p><\/div>\n<\/div><\/div><\/div><div id=\"pgc-641-3-1\"  class=\"panel-grid-cell panel-grid-cell-empty\" ><\/div><div id=\"pgc-641-3-2\"  class=\"panel-grid-cell\" ><div id=\"panel-641-3-2-0\" class=\"so-panel widget widget_sow-editor panel-first-child\" data-index=\"6\" ><div\n\t\t\t\n\t\t\tclass=\"so-widget-sow-editor so-widget-sow-editor-base\"\n\t\t\t\n\t\t>\n<div class=\"siteorigin-widget-tinymce textwidget\">\n\t<p><strong>Aplicaciones<\/strong><\/p>\n<hr \/>\n<table>\n<tbody>\n<tr>\n<td width=\"135\">\n<p>Llamadas c\u00edclicas<\/p>\n<\/td>\n<td width=\"135\">\u00a0<\/td>\n<\/tr>\n<tr>\n<td width=\"135\">\n<p>Gesti\u00f3n<\/p>\n<\/td>\n<td width=\"135\">\u00a0<\/td>\n<\/tr>\n<tr>\n<td width=\"135\">\n<p>Comunicaciones<\/p>\n<\/td>\n<td width=\"135\">\u00a0<\/td>\n<\/tr>\n<tr>\n<td width=\"135\">\n<p>Alarmas<\/p>\n<\/td>\n<td width=\"135\">\u00a0<\/td>\n<\/tr>\n<tr>\n<td width=\"135\">\n<p>Explotaci\u00f3n<\/p>\n<\/td>\n<td width=\"135\">\u00a0<\/td>\n<\/tr>\n<tr>\n<td width=\"135\">\n<p>Visualizadores remotos<\/p>\n<\/td>\n<td width=\"135\">\u00a0<\/td>\n<\/tr>\n<\/tbody>\n<\/table><\/div>\n<\/div><\/div><div id=\"panel-641-3-2-1\" class=\"so-panel widget widget_sow-button panel-last-child\" data-index=\"7\" ><div\n\t\t\t\n\t\t\tclass=\"so-widget-sow-button so-widget-sow-button-wire-30b3367ab913-641\"\n\t\t\t\n\t\t><div class=\"ow-button-base ow-button-align-left\">\n\t<a href=\"\/docs-pdf\/GE_IE_CAT_0015.pdf\" class=\"ow-icon-placement-left ow-button-hover\" \t\t>\n\t\t<span>\n\t\t\t\n\t\t\tVer cat\u00e1logo\t\t<\/span>\n\t<\/a>\n<\/div>\n<\/div><\/div><\/div><\/div><\/div><\/div>","protected":false},"excerpt":{"rendered":"<p>\u00a0 Cop\u00e9rnico 2.0 &#8211; Gesti\u00f3n de estaciones meteorol\u00f3gicas Presentaci\u00f3n Se trata de un software para la comunicaci\u00f3n en tiempo real y as\u00edncrona con estaciones meteorol\u00f3gicas<\/p>\n","protected":false},"author":1,"featured_media":642,"parent":723,"menu_order":0,"comment_status":"closed","ping_status":"closed","template":"","meta":[],"yoast_head":"<!-- This site is optimized with the Yoast SEO plugin v19.2 - https:\/\/yoast.com\/wordpress\/plugins\/seo\/ -->\n<title>Cop\u00e9rnico 2.0 - SEAC<\/title>\n<meta name=\"description\" content=\"Software para la comunicaci\u00f3n en tiempo real y as\u00edncrona con estaciones meteorol\u00f3gicas y el posterior tratamiento de la informaci\u00f3n.\" \/>\n<meta name=\"robots\" content=\"index, follow, max-snippet:-1, max-image-preview:large, max-video-preview:-1\" \/>\n<link rel=\"canonical\" href=\"https:\/\/www.seac.es\/es\/sistemas\/copernico-2-0\/\" \/>\n<meta property=\"og:locale\" content=\"es_ES\" \/>\n<meta property=\"og:type\" content=\"article\" \/>\n<meta property=\"og:title\" content=\"Cop\u00e9rnico 2.0 - SEAC\" \/>\n<meta property=\"og:description\" content=\"Software para la comunicaci\u00f3n en tiempo real y as\u00edncrona con estaciones meteorol\u00f3gicas y el posterior tratamiento de la informaci\u00f3n.\" \/>\n<meta property=\"og:url\" content=\"https:\/\/www.seac.es\/es\/sistemas\/copernico-2-0\/\" \/>\n<meta property=\"og:site_name\" content=\"SEAC\" \/>\n<meta property=\"article:modified_time\" content=\"2022-09-15T09:26:14+00:00\" \/>\n<meta property=\"og:image\" content=\"https:\/\/www.seac.es\/es\/wp-content\/uploads\/2017\/09\/copernico.png\" \/>\n\t<meta property=\"og:image:width\" content=\"844\" \/>\n\t<meta property=\"og:image:height\" content=\"660\" \/>\n\t<meta property=\"og:image:type\" content=\"image\/png\" \/>\n<meta name=\"author\" content=\"adminblogseac\" \/>\n<meta name=\"twitter:card\" content=\"summary_large_image\" \/>\n<meta name=\"twitter:label1\" content=\"Tiempo de lectura\" \/>\n\t<meta name=\"twitter:data1\" content=\"3 minutos\" \/>\n<script type=\"application\/ld+json\" class=\"yoast-schema-graph\">{\"@context\":\"https:\/\/schema.org\",\"@graph\":[{\"@type\":\"Organization\",\"@id\":\"https:\/\/www.seac.es\/es\/#organization\",\"name\":\"SEAC S.A.\",\"url\":\"https:\/\/www.seac.es\/es\/\",\"sameAs\":[],\"logo\":{\"@type\":\"ImageObject\",\"inLanguage\":\"es\",\"@id\":\"https:\/\/www.seac.es\/es\/#\/schema\/logo\/image\/\",\"url\":\"https:\/\/www.seac.es\/es\/wp-content\/uploads\/2017\/08\/logoSEAC240x105.png\",\"contentUrl\":\"https:\/\/www.seac.es\/es\/wp-content\/uploads\/2017\/08\/logoSEAC240x105.png\",\"width\":240,\"height\":105,\"caption\":\"SEAC S.A.\"},\"image\":{\"@id\":\"https:\/\/www.seac.es\/es\/#\/schema\/logo\/image\/\"}},{\"@type\":\"WebSite\",\"@id\":\"https:\/\/www.seac.es\/es\/#website\",\"url\":\"https:\/\/www.seac.es\/es\/\",\"name\":\"SEAC\",\"description\":\"Meteorolog\u00eda y equipos de medida\",\"publisher\":{\"@id\":\"https:\/\/www.seac.es\/es\/#organization\"},\"potentialAction\":[{\"@type\":\"SearchAction\",\"target\":{\"@type\":\"EntryPoint\",\"urlTemplate\":\"https:\/\/www.seac.es\/es\/?s={search_term_string}\"},\"query-input\":\"required name=search_term_string\"}],\"inLanguage\":\"es\"},{\"@type\":\"ImageObject\",\"inLanguage\":\"es\",\"@id\":\"https:\/\/www.seac.es\/es\/sistemas\/copernico-2-0\/#primaryimage\",\"url\":\"https:\/\/www.seac.es\/es\/wp-content\/uploads\/2017\/09\/copernico.png\",\"contentUrl\":\"https:\/\/www.seac.es\/es\/wp-content\/uploads\/2017\/09\/copernico.png\",\"width\":844,\"height\":660,\"caption\":\"sistemas monitoreo meteorologia radiologia\"},{\"@type\":\"WebPage\",\"@id\":\"https:\/\/www.seac.es\/es\/sistemas\/copernico-2-0\/#webpage\",\"url\":\"https:\/\/www.seac.es\/es\/sistemas\/copernico-2-0\/\",\"name\":\"Cop\u00e9rnico 2.0 - SEAC\",\"isPartOf\":{\"@id\":\"https:\/\/www.seac.es\/es\/#website\"},\"primaryImageOfPage\":{\"@id\":\"https:\/\/www.seac.es\/es\/sistemas\/copernico-2-0\/#primaryimage\"},\"datePublished\":\"2017-09-21T07:14:39+00:00\",\"dateModified\":\"2022-09-15T09:26:14+00:00\",\"description\":\"Software para la comunicaci\u00f3n en tiempo real y as\u00edncrona con estaciones meteorol\u00f3gicas y el posterior tratamiento de la informaci\u00f3n.\",\"breadcrumb\":{\"@id\":\"https:\/\/www.seac.es\/es\/sistemas\/copernico-2-0\/#breadcrumb\"},\"inLanguage\":\"es\",\"potentialAction\":[{\"@type\":\"ReadAction\",\"target\":[\"https:\/\/www.seac.es\/es\/sistemas\/copernico-2-0\/\"]}]},{\"@type\":\"BreadcrumbList\",\"@id\":\"https:\/\/www.seac.es\/es\/sistemas\/copernico-2-0\/#breadcrumb\",\"itemListElement\":[{\"@type\":\"ListItem\",\"position\":1,\"name\":\"Portada\",\"item\":\"https:\/\/www.seac.es\/es\/\"},{\"@type\":\"ListItem\",\"position\":2,\"name\":\"Sistemas\",\"item\":\"https:\/\/www.seac.es\/es\/sistemas\/\"},{\"@type\":\"ListItem\",\"position\":3,\"name\":\"Cop\u00e9rnico 2.0\"}]}]}<\/script>\n<!-- \/ Yoast SEO plugin. -->","yoast_head_json":{"title":"Cop\u00e9rnico 2.0 - SEAC","description":"Software para la comunicaci\u00f3n en tiempo real y as\u00edncrona con estaciones meteorol\u00f3gicas y el posterior tratamiento de la informaci\u00f3n.","robots":{"index":"index","follow":"follow","max-snippet":"max-snippet:-1","max-image-preview":"max-image-preview:large","max-video-preview":"max-video-preview:-1"},"canonical":"https:\/\/www.seac.es\/es\/sistemas\/copernico-2-0\/","og_locale":"es_ES","og_type":"article","og_title":"Cop\u00e9rnico 2.0 - SEAC","og_description":"Software para la comunicaci\u00f3n en tiempo real y as\u00edncrona con estaciones meteorol\u00f3gicas y el posterior tratamiento de la informaci\u00f3n.","og_url":"https:\/\/www.seac.es\/es\/sistemas\/copernico-2-0\/","og_site_name":"SEAC","article_modified_time":"2022-09-15T09:26:14+00:00","og_image":[{"width":844,"height":660,"url":"https:\/\/www.seac.es\/es\/wp-content\/uploads\/2017\/09\/copernico.png","type":"image\/png"}],"author":"adminblogseac","twitter_card":"summary_large_image","twitter_misc":{"Tiempo de lectura":"3 minutos"},"schema":{"@context":"https:\/\/schema.org","@graph":[{"@type":"Organization","@id":"https:\/\/www.seac.es\/es\/#organization","name":"SEAC S.A.","url":"https:\/\/www.seac.es\/es\/","sameAs":[],"logo":{"@type":"ImageObject","inLanguage":"es","@id":"https:\/\/www.seac.es\/es\/#\/schema\/logo\/image\/","url":"https:\/\/www.seac.es\/es\/wp-content\/uploads\/2017\/08\/logoSEAC240x105.png","contentUrl":"https:\/\/www.seac.es\/es\/wp-content\/uploads\/2017\/08\/logoSEAC240x105.png","width":240,"height":105,"caption":"SEAC S.A."},"image":{"@id":"https:\/\/www.seac.es\/es\/#\/schema\/logo\/image\/"}},{"@type":"WebSite","@id":"https:\/\/www.seac.es\/es\/#website","url":"https:\/\/www.seac.es\/es\/","name":"SEAC","description":"Meteorolog\u00eda y equipos de medida","publisher":{"@id":"https:\/\/www.seac.es\/es\/#organization"},"potentialAction":[{"@type":"SearchAction","target":{"@type":"EntryPoint","urlTemplate":"https:\/\/www.seac.es\/es\/?s={search_term_string}"},"query-input":"required name=search_term_string"}],"inLanguage":"es"},{"@type":"ImageObject","inLanguage":"es","@id":"https:\/\/www.seac.es\/es\/sistemas\/copernico-2-0\/#primaryimage","url":"https:\/\/www.seac.es\/es\/wp-content\/uploads\/2017\/09\/copernico.png","contentUrl":"https:\/\/www.seac.es\/es\/wp-content\/uploads\/2017\/09\/copernico.png","width":844,"height":660,"caption":"sistemas monitoreo meteorologia radiologia"},{"@type":"WebPage","@id":"https:\/\/www.seac.es\/es\/sistemas\/copernico-2-0\/#webpage","url":"https:\/\/www.seac.es\/es\/sistemas\/copernico-2-0\/","name":"Cop\u00e9rnico 2.0 - SEAC","isPartOf":{"@id":"https:\/\/www.seac.es\/es\/#website"},"primaryImageOfPage":{"@id":"https:\/\/www.seac.es\/es\/sistemas\/copernico-2-0\/#primaryimage"},"datePublished":"2017-09-21T07:14:39+00:00","dateModified":"2022-09-15T09:26:14+00:00","description":"Software para la comunicaci\u00f3n en tiempo real y as\u00edncrona con estaciones meteorol\u00f3gicas y el posterior tratamiento de la informaci\u00f3n.","breadcrumb":{"@id":"https:\/\/www.seac.es\/es\/sistemas\/copernico-2-0\/#breadcrumb"},"inLanguage":"es","potentialAction":[{"@type":"ReadAction","target":["https:\/\/www.seac.es\/es\/sistemas\/copernico-2-0\/"]}]},{"@type":"BreadcrumbList","@id":"https:\/\/www.seac.es\/es\/sistemas\/copernico-2-0\/#breadcrumb","itemListElement":[{"@type":"ListItem","position":1,"name":"Portada","item":"https:\/\/www.seac.es\/es\/"},{"@type":"ListItem","position":2,"name":"Sistemas","item":"https:\/\/www.seac.es\/es\/sistemas\/"},{"@type":"ListItem","position":3,"name":"Cop\u00e9rnico 2.0"}]}]}},"_links":{"self":[{"href":"https:\/\/www.seac.es\/es\/wp-json\/wp\/v2\/pages\/641"}],"collection":[{"href":"https:\/\/www.seac.es\/es\/wp-json\/wp\/v2\/pages"}],"about":[{"href":"https:\/\/www.seac.es\/es\/wp-json\/wp\/v2\/types\/page"}],"author":[{"embeddable":true,"href":"https:\/\/www.seac.es\/es\/wp-json\/wp\/v2\/users\/1"}],"replies":[{"embeddable":true,"href":"https:\/\/www.seac.es\/es\/wp-json\/wp\/v2\/comments?post=641"}],"version-history":[{"count":24,"href":"https:\/\/www.seac.es\/es\/wp-json\/wp\/v2\/pages\/641\/revisions"}],"predecessor-version":[{"id":3374,"href":"https:\/\/www.seac.es\/es\/wp-json\/wp\/v2\/pages\/641\/revisions\/3374"}],"up":[{"embeddable":true,"href":"https:\/\/www.seac.es\/es\/wp-json\/wp\/v2\/pages\/723"}],"wp:featuredmedia":[{"embeddable":true,"href":"https:\/\/www.seac.es\/es\/wp-json\/wp\/v2\/media\/642"}],"wp:attachment":[{"href":"https:\/\/www.seac.es\/es\/wp-json\/wp\/v2\/media?parent=641"}],"curies":[{"name":"wp","href":"https:\/\/api.w.org\/{rel}","templated":true}]}}