{"id":605,"date":"2017-09-21T07:15:39","date_gmt":"2017-09-21T07:15:39","guid":{"rendered":"http:\/\/www.seac.es\/es\/?page_id=605"},"modified":"2022-09-15T09:25:27","modified_gmt":"2022-09-15T09:25:27","slug":"icaronet","status":"publish","type":"page","link":"https:\/\/www.seac.es\/es\/sistemas\/icaronet\/","title":{"rendered":"IcaroNet"},"content":{"rendered":"<div id=\"pl-605\"  class=\"panel-layout\" ><div id=\"pg-605-0\"  class=\"panel-grid panel-has-style\" ><div class=\"siteorigin-panels-stretch panel-row-style panel-row-style-for-605-0\" data-stretch-type=\"full-stretched\" ><div id=\"pgc-605-0-0\"  class=\"panel-grid-cell\" ><div id=\"panel-605-0-0-0\" class=\"so-panel widget widget_sow-editor panel-first-child panel-last-child\" data-index=\"0\" ><div class=\"panel-widget-style panel-widget-style-for-605-0-0-0\" ><div\n\t\t\t\n\t\t\tclass=\"so-widget-sow-editor so-widget-sow-editor-base\"\n\t\t\t\n\t\t>\n<div class=\"siteorigin-widget-tinymce textwidget\">\n\t<h1>\u00a0<\/h1>\n<h1>IcaroNet - Sistema de ayuda a la navegaci\u00f3n a\u00e9rea<\/h1>\n<\/div>\n<\/div><\/div><\/div><\/div><\/div><\/div><div id=\"pg-605-1\"  class=\"panel-grid panel-has-style\" ><div class=\"siteorigin-panels-stretch panel-row-style panel-row-style-for-605-1\" data-stretch-type=\"full\" ><div id=\"pgc-605-1-0\"  class=\"panel-grid-cell\" ><div id=\"panel-605-1-0-0\" class=\"so-panel widget widget_sow-image panel-first-child panel-last-child\" data-index=\"1\" ><div\n\t\t\t\n\t\t\tclass=\"so-widget-sow-image so-widget-sow-image-default-2ec334f0a340-605\"\n\t\t\t\n\t\t>\n\n<div class=\"sow-image-container\">\n\t\t<img src=\"https:\/\/www.seac.es\/es\/wp-content\/uploads\/2017\/09\/zpp640.png\" width=\"853\" height=\"640\" srcset=\"https:\/\/www.seac.es\/es\/wp-content\/uploads\/2017\/09\/zpp640.png 853w, https:\/\/www.seac.es\/es\/wp-content\/uploads\/2017\/09\/zpp640-300x225.png 300w, https:\/\/www.seac.es\/es\/wp-content\/uploads\/2017\/09\/zpp640-768x576.png 768w, https:\/\/www.seac.es\/es\/wp-content\/uploads\/2017\/09\/zpp640-24x18.png 24w, https:\/\/www.seac.es\/es\/wp-content\/uploads\/2017\/09\/zpp640-36x27.png 36w, https:\/\/www.seac.es\/es\/wp-content\/uploads\/2017\/09\/zpp640-48x36.png 48w\" sizes=\"(max-width: 853px) 100vw, 853px\" alt=\"\" loading=\"lazy\" \t\tclass=\"so-widget-image\"\/>\n\t<\/div>\n\n<\/div><\/div><\/div><div id=\"pgc-605-1-1\"  class=\"panel-grid-cell\" ><div id=\"panel-605-1-1-0\" class=\"so-panel widget widget_sow-editor panel-first-child\" data-index=\"2\" ><div\n\t\t\t\n\t\t\tclass=\"so-widget-sow-editor so-widget-sow-editor-base\"\n\t\t\t\n\t\t>\n<div class=\"siteorigin-widget-tinymce textwidget\">\n\t<h3>Presentaci\u00f3n<\/h3>\n<p>El sistema IcaroNet est\u00e1 concebido como un sistema robusto para las necesidades que la navegaci\u00f3n a\u00e9rea requiere.<br \/>Dise\u00f1ado desde la experiencia de SEAC en el sector y como evoluci\u00f3n de los sistemas anteriores, incluye todas las facilidades que la tecnolog\u00eda actual proporciona en cuanto a sistemas de comunicaciones y seguridad de la informaci\u00f3n.<\/p>\n<h3>Caracter\u00edstica Generales<\/h3>\n<p>Modular<br \/>Compatible diversos sensores<br \/>Base de datos meteorol\u00f3gica<br \/>Gesti\u00f3n remota<br \/>Sistema dual<br \/>Categor\u00eda I a III<br \/>Sistema operativo Windows\u00ae<\/p>\n<h3>Sensores<\/h3>\n<p>El sistema admite la instalaci\u00f3n de m\u00faltiples sensores de diversos fabricantes, adapt\u00e1ndose a las necesidades del cliente, pudiendo ser instalado junto con equipamiento proporcionado por el propio cliente.<\/p>\n<h3>Comunicaciones<\/h3>\n<p>El sistema IcaroNet puede comunicarse con los sensores instalados en el aeropuerto por diversos medios de conexi\u00f3n en funci\u00f3n de las necesidades de instalaci\u00f3n como por ejemplo fibra \u00f3ptica, Ethernet, RS485, radio enlaces, etc. La unidad central del sistema adquiere la informaci\u00f3n que es gestionada por la unidad de comunicaciones cualquiera que sea el medio de conexi\u00f3n.<\/p>\n<h3>Gesti\u00f3n y visualizaci\u00f3n<\/h3>\n<p>El sistema dispone de terminales de gesti\u00f3n de la informaci\u00f3n, utilizados por los operadores y meteor\u00f3logos.<br \/>Desde estos terminales se accede a la configuraci\u00f3n del sistema, explotaci\u00f3n de datos hist\u00f3ricos, etc.<br \/>Los operadores de torre y otras dependencias pueden acceder a la informaci\u00f3n en tiempo real mediante los visualizadores del sistema.<\/p>\n<\/div>\n<\/div><\/div><div id=\"panel-605-1-1-1\" class=\"so-panel widget widget_sow-button panel-last-child\" data-index=\"3\" ><div\n\t\t\t\n\t\t\tclass=\"so-widget-sow-button so-widget-sow-button-wire-30b3367ab913-605\"\n\t\t\t\n\t\t><div class=\"ow-button-base ow-button-align-left\">\n\t<a href=\"\/docs-pdf\/GE_IE_CAT_0016.pdf\" class=\"ow-icon-placement-left ow-button-hover\" \t\t>\n\t\t<span>\n\t\t\t\n\t\t\tVer cat\u00e1logo\t\t<\/span>\n\t<\/a>\n<\/div>\n<\/div><\/div><\/div><\/div><\/div><div id=\"pg-605-2\"  class=\"panel-grid panel-has-style\" ><div class=\"siteorigin-panels-stretch panel-row-style panel-row-style-for-605-2\" data-stretch-type=\"full-stretched\" ><div id=\"pgc-605-2-0\"  class=\"panel-grid-cell\" ><div id=\"panel-605-2-0-0\" class=\"so-panel widget widget_sow-editor panel-first-child panel-last-child\" data-index=\"4\" ><div class=\"panel-widget-style panel-widget-style-for-605-2-0-0\" ><div\n\t\t\t\n\t\t\tclass=\"so-widget-sow-editor so-widget-sow-editor-base\"\n\t\t\t\n\t\t>\n<div class=\"siteorigin-widget-tinymce textwidget\">\n\t<h1>\u00a0<\/h1>\n<h1>IcaroNet Caracter\u00edsticas t\u00e9cnicas<\/h1>\n<\/div>\n<\/div><\/div><\/div><\/div><\/div><\/div><div id=\"pg-605-3\"  class=\"panel-grid panel-has-style\" ><div class=\"siteorigin-panels-stretch panel-row-style panel-row-style-for-605-3\" data-stretch-type=\"full\" ><div id=\"pgc-605-3-0\"  class=\"panel-grid-cell\" ><div id=\"panel-605-3-0-0\" class=\"so-panel widget widget_sow-editor panel-first-child\" data-index=\"5\" ><div\n\t\t\t\n\t\t\tclass=\"so-widget-sow-editor so-widget-sow-editor-base\"\n\t\t\t\n\t\t>\n<div class=\"siteorigin-widget-tinymce textwidget\">\n\t<p><strong>Entrada de sensores<\/strong><\/p>\n<hr \/>\n<table>\n<tbody>\n<tr>\n<td width=\"125\">\n<p>Serie<\/p>\n<\/td>\n<td width=\"180\">\n<p>RS232, RS485, RS422<\/p>\n<\/td>\n<\/tr>\n<tr>\n<td width=\"125\">\n<p>IP<\/p>\n<\/td>\n<td width=\"180\">\n<p>Ethernet<\/p>\n<\/td>\n<\/tr>\n<tr>\n<td width=\"125\">\n<p>Radio<\/p>\n<\/td>\n<td width=\"180\">\n<p>Radioenlaces en frecuencias libres<\/p>\n<\/td>\n<\/tr>\n<tr>\n<td width=\"125\">\n<p>Fibra \u00f3ptica<\/p>\n<\/td>\n<td width=\"180\">\n<p>IP o conversores de medio<\/p>\n<\/td>\n<\/tr>\n<\/tbody>\n<\/table>\n<p><strong>Tipo de sensores<\/strong><\/p>\n<hr \/>\n<table>\n<tbody>\n<tr>\n<td width=\"125\">\n<p>Visibilidad<\/p>\n<\/td>\n<td width=\"180\">\u00a0<\/td>\n<\/tr>\n<tr>\n<td width=\"125\">\n<p>Luminosidad<\/p>\n<\/td>\n<td width=\"180\">\u00a0<\/td>\n<\/tr>\n<tr>\n<td width=\"125\">\n<p>Altura de nubes<\/p>\n<\/td>\n<td width=\"180\">\u00a0<\/td>\n<\/tr>\n<tr>\n<td width=\"125\">\n<p>Temperatura<\/p>\n<\/td>\n<td width=\"180\">\u00a0<\/td>\n<\/tr>\n<tr>\n<td width=\"125\">\n<p>Humedad<\/p>\n<\/td>\n<td width=\"180\">\u00a0<\/td>\n<\/tr>\n<tr>\n<td width=\"125\">\n<p>Velocidad y direcci\u00f3n del viento<\/p>\n<\/td>\n<td width=\"180\">\u00a0<\/td>\n<\/tr>\n<tr>\n<td width=\"125\">\n<p>Presi\u00f3n<\/p>\n<\/td>\n<td width=\"180\">\u00a0<\/td>\n<\/tr>\n<tr>\n<td width=\"125\">\n<p>Precipitaci\u00f3n<\/p>\n<\/td>\n<td width=\"180\">\u00a0<\/td>\n<\/tr>\n<tr>\n<td width=\"125\">\n<p>Tiempo presente<\/p>\n<\/td>\n<td width=\"180\">\u00a0<\/td>\n<\/tr>\n<tr>\n<td width=\"125\">\n<p>Part\u00edculas<\/p>\n<\/td>\n<td width=\"180\">\u00a0<\/td>\n<\/tr>\n<\/tbody>\n<\/table>\n<p><strong>Configuraci\u00f3n aeropuerto<\/strong><\/p>\n<hr \/>\n<table>\n<tbody>\n<tr>\n<td width=\"125\">\n<p>Equipos de campo<\/p>\n<\/td>\n<td width=\"180\">\n<p>Hasta 64 est\u00e1ndar<\/p>\n<\/td>\n<\/tr>\n<tr>\n<td width=\"125\">\n<p>N\u00famero de pistas<\/p>\n<\/td>\n<td width=\"180\">\n<p>4 m\u00e1ximo<\/p>\n<\/td>\n<\/tr>\n<tr>\n<td width=\"125\">\u00a0<\/td>\n<td width=\"180\">\u00a0<\/td>\n<\/tr>\n<\/tbody>\n<\/table><\/div>\n<\/div><\/div><div id=\"panel-605-3-0-1\" class=\"so-panel widget widget_sow-image\" data-index=\"6\" ><div\n\t\t\t\n\t\t\tclass=\"so-widget-sow-image so-widget-sow-image-default-2ec334f0a340-605\"\n\t\t\t\n\t\t>\n\n<div class=\"sow-image-container\">\n\t\t<img src=\"https:\/\/www.seac.es\/es\/wp-content\/uploads\/2017\/09\/Fot0432_016_c1-781x512.jpg\" width=\"781\" height=\"512\" srcset=\"https:\/\/www.seac.es\/es\/wp-content\/uploads\/2017\/09\/Fot0432_016_c1-781x512.jpg 781w, https:\/\/www.seac.es\/es\/wp-content\/uploads\/2017\/09\/Fot0432_016_c1-24x17.jpg 24w, https:\/\/www.seac.es\/es\/wp-content\/uploads\/2017\/09\/Fot0432_016_c1-36x25.jpg 36w\" sizes=\"(max-width: 781px) 100vw, 781px\" alt=\"\" loading=\"lazy\" \t\tclass=\"so-widget-image\"\/>\n\t<\/div>\n\n<\/div><\/div><div id=\"panel-605-3-0-2\" class=\"so-panel widget widget_sow-image panel-last-child\" data-index=\"7\" ><div\n\t\t\t\n\t\t\tclass=\"so-widget-sow-image so-widget-sow-image-default-2ec334f0a340-605\"\n\t\t\t\n\t\t>\n\n<div class=\"sow-image-container\">\n\t\t<img src=\"https:\/\/www.seac.es\/es\/wp-content\/uploads\/2017\/09\/Fot0431_041-781x512.jpg\" width=\"781\" height=\"512\" sizes=\"(max-width: 781px) 100vw, 781px\" alt=\"\" loading=\"lazy\" \t\tclass=\"so-widget-image\"\/>\n\t<\/div>\n\n<\/div><\/div><\/div><div id=\"pgc-605-3-1\"  class=\"panel-grid-cell panel-grid-cell-empty\" ><\/div><div id=\"pgc-605-3-2\"  class=\"panel-grid-cell\" ><div id=\"panel-605-3-2-0\" class=\"so-panel widget widget_sow-editor panel-first-child\" data-index=\"8\" ><div\n\t\t\t\n\t\t\tclass=\"so-widget-sow-editor so-widget-sow-editor-base\"\n\t\t\t\n\t\t>\n<div class=\"siteorigin-widget-tinymce textwidget\">\n\t<p><strong>Visualizaci\u00f3n<\/strong><\/p>\n<hr \/>\n<table>\n<tbody>\n<tr>\n<td width=\"125\">\n<p>Visualizador<\/p>\n<\/td>\n<td width=\"180\">\n<p>Sistema Panel PC<\/p>\n<\/td>\n<\/tr>\n<\/tbody>\n<\/table>\n<p><strong>Gesti\u00f3n<\/strong><\/p>\n<hr \/>\n<table>\n<tbody>\n<tr>\n<td width=\"125\">\n<p>Terminales<\/p>\n<\/td>\n<td width=\"180\">\n<p>Mantenimiento, explotaci\u00f3n, operador<\/p>\n<\/td>\n<\/tr>\n<\/tbody>\n<\/table>\n<p><strong>Reloj<\/strong><\/p>\n<hr \/>\n<table>\n<tbody>\n<tr>\n<td width=\"125\">\n<p>Sincronizaci\u00f3n<\/p>\n<\/td>\n<td width=\"180\">\n<p>GPS y NTP<\/p>\n<\/td>\n<\/tr>\n<\/tbody>\n<\/table>\n<p><strong>Almacenamiento<\/strong><\/p>\n<hr \/>\n<table>\n<tbody>\n<tr>\n<td width=\"125\">\n<p>Base datos<\/p>\n<\/td>\n<td width=\"180\">\n<p>Reciente de \u00faltimo mes<\/p>\n<\/td>\n<\/tr>\n<tr>\n<td width=\"125\">\n<p>Base datos hist\u00f3ricos<\/p>\n<\/td>\n<td width=\"180\">\n<p>Sin l\u00edmite de datos<\/p>\n<\/td>\n<\/tr>\n<\/tbody>\n<\/table><\/div>\n<\/div><\/div><div id=\"panel-605-3-2-1\" class=\"so-panel widget widget_sow-button panel-last-child\" data-index=\"9\" ><div\n\t\t\t\n\t\t\tclass=\"so-widget-sow-button so-widget-sow-button-wire-30b3367ab913-605\"\n\t\t\t\n\t\t><div class=\"ow-button-base ow-button-align-left\">\n\t<a href=\"\/docs-pdf\/GE_IE_CAT_0016.pdf\" class=\"ow-icon-placement-left ow-button-hover\" \t\t>\n\t\t<span>\n\t\t\t\n\t\t\tVer cat\u00e1logo\t\t<\/span>\n\t<\/a>\n<\/div>\n<\/div><\/div><\/div><\/div><\/div><\/div>","protected":false},"excerpt":{"rendered":"<p>\u00a0 IcaroNet &#8211; Sistema de ayuda a la navegaci\u00f3n a\u00e9rea Presentaci\u00f3n El sistema IcaroNet est\u00e1 concebido como un sistema robusto para las necesidades que la<\/p>\n","protected":false},"author":1,"featured_media":606,"parent":723,"menu_order":0,"comment_status":"closed","ping_status":"closed","template":"page-templates\/template-portfolio.php","meta":[],"yoast_head":"<!-- This site is optimized with the Yoast SEO plugin v19.2 - https:\/\/yoast.com\/wordpress\/plugins\/seo\/ -->\n<title>IcaroNet - SEAC<\/title>\n<meta name=\"description\" content=\"Sistema robusto para las necesidades que la navegaci\u00f3n a\u00e9rea requiere.\" \/>\n<meta name=\"robots\" content=\"index, follow, max-snippet:-1, max-image-preview:large, max-video-preview:-1\" \/>\n<link rel=\"canonical\" href=\"https:\/\/www.seac.es\/es\/sistemas\/icaronet\/\" \/>\n<meta property=\"og:locale\" content=\"es_ES\" \/>\n<meta property=\"og:type\" content=\"article\" \/>\n<meta property=\"og:title\" content=\"IcaroNet - SEAC\" \/>\n<meta property=\"og:description\" content=\"Sistema robusto para las necesidades que la navegaci\u00f3n a\u00e9rea requiere.\" \/>\n<meta property=\"og:url\" content=\"https:\/\/www.seac.es\/es\/sistemas\/icaronet\/\" \/>\n<meta property=\"og:site_name\" content=\"SEAC\" \/>\n<meta property=\"article:modified_time\" content=\"2022-09-15T09:25:27+00:00\" \/>\n<meta property=\"og:image\" content=\"https:\/\/www.seac.es\/es\/wp-content\/uploads\/2017\/09\/plane-640.png\" \/>\n\t<meta property=\"og:image:width\" content=\"638\" \/>\n\t<meta property=\"og:image:height\" content=\"458\" \/>\n\t<meta property=\"og:image:type\" content=\"image\/png\" \/>\n<meta name=\"author\" content=\"adminblogseac\" \/>\n<meta name=\"twitter:card\" content=\"summary_large_image\" \/>\n<meta name=\"twitter:label1\" content=\"Tiempo de lectura\" \/>\n\t<meta name=\"twitter:data1\" content=\"2 minutos\" \/>\n<script type=\"application\/ld+json\" class=\"yoast-schema-graph\">{\"@context\":\"https:\/\/schema.org\",\"@graph\":[{\"@type\":\"Organization\",\"@id\":\"https:\/\/www.seac.es\/es\/#organization\",\"name\":\"SEAC S.A.\",\"url\":\"https:\/\/www.seac.es\/es\/\",\"sameAs\":[],\"logo\":{\"@type\":\"ImageObject\",\"inLanguage\":\"es\",\"@id\":\"https:\/\/www.seac.es\/es\/#\/schema\/logo\/image\/\",\"url\":\"https:\/\/www.seac.es\/es\/wp-content\/uploads\/2017\/08\/logoSEAC240x105.png\",\"contentUrl\":\"https:\/\/www.seac.es\/es\/wp-content\/uploads\/2017\/08\/logoSEAC240x105.png\",\"width\":240,\"height\":105,\"caption\":\"SEAC S.A.\"},\"image\":{\"@id\":\"https:\/\/www.seac.es\/es\/#\/schema\/logo\/image\/\"}},{\"@type\":\"WebSite\",\"@id\":\"https:\/\/www.seac.es\/es\/#website\",\"url\":\"https:\/\/www.seac.es\/es\/\",\"name\":\"SEAC\",\"description\":\"Meteorolog\u00eda y equipos de medida\",\"publisher\":{\"@id\":\"https:\/\/www.seac.es\/es\/#organization\"},\"potentialAction\":[{\"@type\":\"SearchAction\",\"target\":{\"@type\":\"EntryPoint\",\"urlTemplate\":\"https:\/\/www.seac.es\/es\/?s={search_term_string}\"},\"query-input\":\"required name=search_term_string\"}],\"inLanguage\":\"es\"},{\"@type\":\"ImageObject\",\"inLanguage\":\"es\",\"@id\":\"https:\/\/www.seac.es\/es\/sistemas\/icaronet\/#primaryimage\",\"url\":\"https:\/\/www.seac.es\/es\/wp-content\/uploads\/2017\/09\/plane-640.png\",\"contentUrl\":\"https:\/\/www.seac.es\/es\/wp-content\/uploads\/2017\/09\/plane-640.png\",\"width\":638,\"height\":458,\"caption\":\"Icaronet sistema navegacion aerea seac\"},{\"@type\":\"WebPage\",\"@id\":\"https:\/\/www.seac.es\/es\/sistemas\/icaronet\/#webpage\",\"url\":\"https:\/\/www.seac.es\/es\/sistemas\/icaronet\/\",\"name\":\"IcaroNet - SEAC\",\"isPartOf\":{\"@id\":\"https:\/\/www.seac.es\/es\/#website\"},\"primaryImageOfPage\":{\"@id\":\"https:\/\/www.seac.es\/es\/sistemas\/icaronet\/#primaryimage\"},\"datePublished\":\"2017-09-21T07:15:39+00:00\",\"dateModified\":\"2022-09-15T09:25:27+00:00\",\"description\":\"Sistema robusto para las necesidades que la navegaci\u00f3n a\u00e9rea requiere.\",\"breadcrumb\":{\"@id\":\"https:\/\/www.seac.es\/es\/sistemas\/icaronet\/#breadcrumb\"},\"inLanguage\":\"es\",\"potentialAction\":[{\"@type\":\"ReadAction\",\"target\":[\"https:\/\/www.seac.es\/es\/sistemas\/icaronet\/\"]}]},{\"@type\":\"BreadcrumbList\",\"@id\":\"https:\/\/www.seac.es\/es\/sistemas\/icaronet\/#breadcrumb\",\"itemListElement\":[{\"@type\":\"ListItem\",\"position\":1,\"name\":\"Portada\",\"item\":\"https:\/\/www.seac.es\/es\/\"},{\"@type\":\"ListItem\",\"position\":2,\"name\":\"Sistemas\",\"item\":\"https:\/\/www.seac.es\/es\/sistemas\/\"},{\"@type\":\"ListItem\",\"position\":3,\"name\":\"IcaroNet\"}]}]}<\/script>\n<!-- \/ Yoast SEO plugin. -->","yoast_head_json":{"title":"IcaroNet - SEAC","description":"Sistema robusto para las necesidades que la navegaci\u00f3n a\u00e9rea requiere.","robots":{"index":"index","follow":"follow","max-snippet":"max-snippet:-1","max-image-preview":"max-image-preview:large","max-video-preview":"max-video-preview:-1"},"canonical":"https:\/\/www.seac.es\/es\/sistemas\/icaronet\/","og_locale":"es_ES","og_type":"article","og_title":"IcaroNet - SEAC","og_description":"Sistema robusto para las necesidades que la navegaci\u00f3n a\u00e9rea requiere.","og_url":"https:\/\/www.seac.es\/es\/sistemas\/icaronet\/","og_site_name":"SEAC","article_modified_time":"2022-09-15T09:25:27+00:00","og_image":[{"width":638,"height":458,"url":"https:\/\/www.seac.es\/es\/wp-content\/uploads\/2017\/09\/plane-640.png","type":"image\/png"}],"author":"adminblogseac","twitter_card":"summary_large_image","twitter_misc":{"Tiempo de lectura":"2 minutos"},"schema":{"@context":"https:\/\/schema.org","@graph":[{"@type":"Organization","@id":"https:\/\/www.seac.es\/es\/#organization","name":"SEAC S.A.","url":"https:\/\/www.seac.es\/es\/","sameAs":[],"logo":{"@type":"ImageObject","inLanguage":"es","@id":"https:\/\/www.seac.es\/es\/#\/schema\/logo\/image\/","url":"https:\/\/www.seac.es\/es\/wp-content\/uploads\/2017\/08\/logoSEAC240x105.png","contentUrl":"https:\/\/www.seac.es\/es\/wp-content\/uploads\/2017\/08\/logoSEAC240x105.png","width":240,"height":105,"caption":"SEAC S.A."},"image":{"@id":"https:\/\/www.seac.es\/es\/#\/schema\/logo\/image\/"}},{"@type":"WebSite","@id":"https:\/\/www.seac.es\/es\/#website","url":"https:\/\/www.seac.es\/es\/","name":"SEAC","description":"Meteorolog\u00eda y equipos de medida","publisher":{"@id":"https:\/\/www.seac.es\/es\/#organization"},"potentialAction":[{"@type":"SearchAction","target":{"@type":"EntryPoint","urlTemplate":"https:\/\/www.seac.es\/es\/?s={search_term_string}"},"query-input":"required name=search_term_string"}],"inLanguage":"es"},{"@type":"ImageObject","inLanguage":"es","@id":"https:\/\/www.seac.es\/es\/sistemas\/icaronet\/#primaryimage","url":"https:\/\/www.seac.es\/es\/wp-content\/uploads\/2017\/09\/plane-640.png","contentUrl":"https:\/\/www.seac.es\/es\/wp-content\/uploads\/2017\/09\/plane-640.png","width":638,"height":458,"caption":"Icaronet sistema navegacion aerea seac"},{"@type":"WebPage","@id":"https:\/\/www.seac.es\/es\/sistemas\/icaronet\/#webpage","url":"https:\/\/www.seac.es\/es\/sistemas\/icaronet\/","name":"IcaroNet - SEAC","isPartOf":{"@id":"https:\/\/www.seac.es\/es\/#website"},"primaryImageOfPage":{"@id":"https:\/\/www.seac.es\/es\/sistemas\/icaronet\/#primaryimage"},"datePublished":"2017-09-21T07:15:39+00:00","dateModified":"2022-09-15T09:25:27+00:00","description":"Sistema robusto para las necesidades que la navegaci\u00f3n a\u00e9rea requiere.","breadcrumb":{"@id":"https:\/\/www.seac.es\/es\/sistemas\/icaronet\/#breadcrumb"},"inLanguage":"es","potentialAction":[{"@type":"ReadAction","target":["https:\/\/www.seac.es\/es\/sistemas\/icaronet\/"]}]},{"@type":"BreadcrumbList","@id":"https:\/\/www.seac.es\/es\/sistemas\/icaronet\/#breadcrumb","itemListElement":[{"@type":"ListItem","position":1,"name":"Portada","item":"https:\/\/www.seac.es\/es\/"},{"@type":"ListItem","position":2,"name":"Sistemas","item":"https:\/\/www.seac.es\/es\/sistemas\/"},{"@type":"ListItem","position":3,"name":"IcaroNet"}]}]}},"_links":{"self":[{"href":"https:\/\/www.seac.es\/es\/wp-json\/wp\/v2\/pages\/605"}],"collection":[{"href":"https:\/\/www.seac.es\/es\/wp-json\/wp\/v2\/pages"}],"about":[{"href":"https:\/\/www.seac.es\/es\/wp-json\/wp\/v2\/types\/page"}],"author":[{"embeddable":true,"href":"https:\/\/www.seac.es\/es\/wp-json\/wp\/v2\/users\/1"}],"replies":[{"embeddable":true,"href":"https:\/\/www.seac.es\/es\/wp-json\/wp\/v2\/comments?post=605"}],"version-history":[{"count":47,"href":"https:\/\/www.seac.es\/es\/wp-json\/wp\/v2\/pages\/605\/revisions"}],"predecessor-version":[{"id":3372,"href":"https:\/\/www.seac.es\/es\/wp-json\/wp\/v2\/pages\/605\/revisions\/3372"}],"up":[{"embeddable":true,"href":"https:\/\/www.seac.es\/es\/wp-json\/wp\/v2\/pages\/723"}],"wp:featuredmedia":[{"embeddable":true,"href":"https:\/\/www.seac.es\/es\/wp-json\/wp\/v2\/media\/606"}],"wp:attachment":[{"href":"https:\/\/www.seac.es\/es\/wp-json\/wp\/v2\/media?parent=605"}],"curies":[{"name":"wp","href":"https:\/\/api.w.org\/{rel}","templated":true}]}}