{"id":598,"date":"2017-09-21T07:15:28","date_gmt":"2017-09-21T07:15:28","guid":{"rendered":"http:\/\/www.seac.es\/es\/?page_id=598"},"modified":"2022-09-20T07:20:53","modified_gmt":"2022-09-20T07:20:53","slug":"ema32","status":"publish","type":"page","link":"https:\/\/www.seac.es\/es\/productos\/estaciones-meteorologicas\/ema32\/","title":{"rendered":"EMA32"},"content":{"rendered":"<div id=\"pl-598\"  class=\"panel-layout\" ><div id=\"pg-598-0\"  class=\"panel-grid panel-has-style\" ><div class=\"siteorigin-panels-stretch panel-row-style panel-row-style-for-598-0\" data-stretch-type=\"full-stretched\" ><div id=\"pgc-598-0-0\"  class=\"panel-grid-cell\" ><div id=\"panel-598-0-0-0\" class=\"so-panel widget widget_sow-hero panel-first-child panel-last-child\" data-index=\"0\" ><div\n\t\t\t\n\t\t\tclass=\"so-widget-sow-hero so-widget-sow-hero-default-5dfc655a3c7d-598\"\n\t\t\t\n\t\t><div class=\"sow-slider-base\" style=\"display: none\"><ul\n\t\t\t\t\tclass=\"sow-slider-images\"\n\t\t\t\t\tdata-settings=\"{&quot;pagination&quot;:true,&quot;speed&quot;:800,&quot;timeout&quot;:8000,&quot;paused&quot;:false,&quot;pause_on_hover&quot;:false,&quot;swipe&quot;:false,&quot;nav_always_show_desktop&quot;:&quot;&quot;,&quot;nav_always_show_mobile&quot;:&quot;&quot;,&quot;breakpoint&quot;:&quot;780px&quot;,&quot;unmute&quot;:false,&quot;anchor&quot;:null}\"\n\t\t\t\t\tstyle=\"min-height: 280px\"\t\t\t\t\tdata-anchor-id=\"\"\n\t\t\t\t>\t\t<li class=\"sow-slider-image  sow-slider-image-cover\" style=\"background-color: #333333;background-image: url(https:\/\/www.seac.es\/es\/wp-content\/uploads\/2022\/09\/primavera2.jpg)\" >\n\t\t\t\t\t<div class=\"sow-slider-image-container\">\n\t\t\t<div class=\"sow-slider-image-wrapper\">\n\t\t\t\t<h1>Estaci\u00f3n meteorol\u00f3gica autom\u00e1tica EMA32<\/h1>\n\t\t\t<\/div>\n\t\t<\/div>\n\t\t\t\t<\/li>\n\t\t<\/ul>\t\t\t\t<ol class=\"sow-slider-pagination\">\n\t\t\t\t\t\t\t\t\t\t\t<li><a href=\"#\" data-goto=\"0\" aria-label=\"mostrar diapositiva 1\"><\/a><\/li>\n\t\t\t\t\t\t\t\t\t<\/ol>\n\n\t\t\t\t<div class=\"sow-slide-nav sow-slide-nav-next\">\n\t\t\t\t\t<a href=\"#\" data-goto=\"next\" aria-label=\"diapositiva siguiente\" data-action=\"next\">\n\t\t\t\t\t\t<em class=\"sow-sld-icon-thin-right\"><\/em>\n\t\t\t\t\t<\/a>\n\t\t\t\t<\/div>\n\n\t\t\t\t<div class=\"sow-slide-nav sow-slide-nav-prev\">\n\t\t\t\t\t<a href=\"#\" data-goto=\"previous\" aria-label=\"diapositiva anterior\" data-action=\"prev\">\n\t\t\t\t\t\t<em class=\"sow-sld-icon-thin-left\"><\/em>\n\t\t\t\t\t<\/a>\n\t\t\t\t<\/div>\n\t\t\t\t<\/div><\/div><\/div><\/div><\/div><\/div><div id=\"pg-598-1\"  class=\"panel-grid panel-has-style\" ><div class=\"siteorigin-panels-stretch panel-row-style panel-row-style-for-598-1\" data-stretch-type=\"full\" ><div id=\"pgc-598-1-0\"  class=\"panel-grid-cell\" ><div id=\"panel-598-1-0-0\" class=\"so-panel widget widget_sow-image panel-first-child panel-last-child\" data-index=\"1\" ><div\n\t\t\t\n\t\t\tclass=\"so-widget-sow-image so-widget-sow-image-default-2ec334f0a340-598\"\n\t\t\t\n\t\t>\n\n<div class=\"sow-image-container\">\n\t\t<img src=\"https:\/\/www.seac.es\/es\/wp-content\/uploads\/2017\/09\/IMG_3724__red-781x512.jpg\" width=\"781\" height=\"512\" sizes=\"(max-width: 781px) 100vw, 781px\" alt=\"\" loading=\"lazy\" \t\tclass=\"so-widget-image\"\/>\n\t<\/div>\n\n<\/div><\/div><\/div><div id=\"pgc-598-1-1\"  class=\"panel-grid-cell\" ><div id=\"panel-598-1-1-0\" class=\"so-panel widget widget_sow-editor panel-first-child\" data-index=\"2\" ><div\n\t\t\t\n\t\t\tclass=\"so-widget-sow-editor so-widget-sow-editor-base\"\n\t\t\t\n\t\t>\n<div class=\"siteorigin-widget-tinymce textwidget\">\n\t<h3>Presentaci\u00f3n<\/h3>\n<p>La estaci\u00f3n meteorol\u00f3gica autom\u00e1tica SEAC EMA32 est\u00e1 dise\u00f1ada para aplicaciones de adquisici\u00f3n de datos y transmisi\u00f3n remota en aquellos lugares donde la necesidad de alimentaci\u00f3n y comunicaciones impliquen la instalaci\u00f3n de un equipo aut\u00f3nomo y de bajo consumo, haci\u00e9ndolo id\u00f3neo para proyectos de tele medida.<\/p>\n<h3>Caracter\u00edsticas Generales<\/h3>\n<p>8 entradas anal\u00f3gicas<br \/> 14 entradas digitales<br \/> Almacenamiento interno de 512 KB<br \/> Almacenamiento CompactFlash (hasta 512 MB)<br \/> 2 puertos de comunicaciones<br \/> Display 2 x 20<br \/> Bajo consumo<br \/> Gesti\u00f3n f\u00e1cil e intuitiva<br \/> Sincronismo horario por GPS<br \/> Ambientes severos<\/p>\n<h3>M\u00faltiples entradas<\/h3>\n<p>El registrador de datos RD32 se adapta a la mayor\u00eda de sensores existentes en el mercado, incluidos sensores inteligentes, por disponer de entradas anal\u00f3gicas y digitales con rangos de medida escalables y programables, y dos puertos serie RS232-485.<\/p>\n<h3>Ambientes severos<\/h3>\n<p>Concebida para su instalaci\u00f3n en cualquier tipo de ambiente, todos los elementos de la estaci\u00f3n se encuentran alojados en el interior de una caja de intemperie IP65.<\/p>\n<h3>Facilidad de uso<\/h3>\n<p>El registrador de la estaci\u00f3n dispone de elementos de conexi\u00f3n perfectamente identificados.<br \/>Los elementos interiores est\u00e1n montados sobre carril DIN.<\/p>\n<h3>Opciones de alimentaci\u00f3n<\/h3>\n<p>La estaci\u00f3n presenta un consumo reducido incluso con m\u00faltiples sensores conectados y puede ser alimentada mediante panel solar y bater\u00eda de 38Ah, o bien a 110-220VAC, con bater\u00eda de 17Ah, etc.<\/p>\n<h3>Registro de datos<\/h3>\n<p>Los datos son procesados para el c\u00e1lculo de estad\u00edsticas como m\u00e1ximos, m\u00ednimos, desviaciones, promedios, etc. quedando almacenados en la memoria (tanto interna como externa). Los periodos de integraci\u00f3n de los datos son configurables por el usuario, pudiendo ser modificados en cualquier momento sin que ello afecte a los datos anteriores.<br \/>El almacenamiento interno consiste en memoria RAM de 512Kb con bater\u00eda y el externo en Compact Flash de tipo 1 con capacidad de hasta 512Mb, lo que proporciona una gran autonom\u00eda.<\/p>\n<h3>Salida de informaci\u00f3n<\/h3>\n<p>La estaci\u00f3n dispone de dos salidas de comunicaci\u00f3n serie, una RS232 y otra aislada RS232, RS422 o RS485. Mediante dichos canales de comunicaci\u00f3n, podemos acceder a la informaci\u00f3n sobre la configuraci\u00f3n de la estaci\u00f3n, acceso a los datos almacenados en memoria interna y externa, visualizaci\u00f3n de las entradas, etc.<br \/>Cabe destacar, que los dos puertos de que dispone la estaci\u00f3n son independientes, funcionando de forma simult\u00e1nea de tal modo que es posible la interrogaci\u00f3n por parte de dos sistemas, por ejemplo, uno local y otro remoto.<br \/>En dichos puertos podemos instalar equipos de comunicaciones para telemetr\u00eda como son m\u00f3dems anal\u00f3gicos, digitales y GSM, adaptadores Ethernet y comunicaciones GPRS con la soluci\u00f3n Cop\u00e9rnico de SEAC.<\/p>\n<\/div>\n<\/div><\/div><div id=\"panel-598-1-1-1\" class=\"so-panel widget widget_sow-button panel-last-child\" data-index=\"3\" ><div\n\t\t\t\n\t\t\tclass=\"so-widget-sow-button so-widget-sow-button-wire-30b3367ab913-598\"\n\t\t\t\n\t\t><div class=\"ow-button-base ow-button-align-left\">\n\t<a href=\"\/docs-pdf\/GE_IE_CAT_0054.pdf\" class=\"ow-icon-placement-left ow-button-hover\" \t\t>\n\t\t<span>\n\t\t\t\n\t\t\tVer cat\u00e1logo\t\t<\/span>\n\t<\/a>\n<\/div>\n<\/div><\/div><\/div><\/div><\/div><div id=\"pg-598-2\"  class=\"panel-grid panel-has-style\" ><div class=\"siteorigin-panels-stretch panel-row-style panel-row-style-for-598-2\" data-stretch-type=\"full\" ><div id=\"pgc-598-2-0\"  class=\"panel-grid-cell\" ><div id=\"panel-598-2-0-0\" class=\"so-panel widget widget_sow-editor panel-first-child panel-last-child\" data-index=\"4\" ><div class=\"panel-widget-style panel-widget-style-for-598-2-0-0\" ><div\n\t\t\t\n\t\t\tclass=\"so-widget-sow-editor so-widget-sow-editor-base\"\n\t\t\t\n\t\t>\n<div class=\"siteorigin-widget-tinymce textwidget\">\n\t<h1>\u00a0<\/h1>\n<h1>EMA32 Caracter\u00edsticas t\u00e9cnicas<\/h1>\n<\/div>\n<\/div><\/div><\/div><\/div><\/div><\/div><div id=\"pg-598-3\"  class=\"panel-grid panel-has-style\" ><div class=\"siteorigin-panels-stretch panel-row-style panel-row-style-for-598-3\" data-stretch-type=\"full\" ><div id=\"pgc-598-3-0\"  class=\"panel-grid-cell\" ><div id=\"panel-598-3-0-0\" class=\"so-panel widget widget_sow-editor panel-first-child panel-last-child\" data-index=\"5\" ><div\n\t\t\t\n\t\t\tclass=\"so-widget-sow-editor so-widget-sow-editor-base\"\n\t\t\t\n\t\t>\n<div class=\"siteorigin-widget-tinymce textwidget\">\n\t<p><strong>Escalabilidad<\/strong><\/p>\n<hr \/>\n<p>La estaci\u00f3n puede ser f\u00e1cilmente ampliable conectando los nuevos sensores y configurando sus entradas, as\u00ed como las escalas de medida.<\/p>\n<p><strong>Gesti\u00f3n<\/strong><\/p>\n<hr \/>\n<p>SEAC facilita un programa gr\u00e1fico de f\u00e1cil manejo para la configuraci\u00f3n y supervisi\u00f3n de la estaci\u00f3n y sus sensores.<\/p>\n<p><strong>Integraci\u00f3n en redes<\/strong><\/p>\n<hr \/>\n<p>La estaci\u00f3n meteorol\u00f3gica SEAC EMA32 es compatible con los sistemas de adquisici\u00f3n y gesti\u00f3n de datos remotos y locales Cop\u00e9rnico de SEAC.<br \/>Se pueden dise\u00f1ar redes de adquisici\u00f3n de datos integrando m\u00faltiples estaciones EMA32, cada una de ellas con su configuraci\u00f3n de sensores, tiempos de adquisici\u00f3n, c\u00e1lculos independientes, etc.<br \/>Con el programa Cop\u00e9rnico podemos visualizar datos en tiempo real, generar informes de texto y gr\u00e1ficos de datos hist\u00f3ricos, publicaci\u00f3n de los datos en Web, etc.<\/p>\n<p><b>M\u00e1stiles<\/b><\/p>\n<p>- 10 metros abatible<\/p>\n<p>- 10 metros pintura aeron\u00e1utica<\/p>\n<p>- 4 metros abatible<\/p>\n<p>- 2 metros<\/p>\n<\/div>\n<\/div><\/div><\/div><div id=\"pgc-598-3-1\"  class=\"panel-grid-cell panel-grid-cell-empty\" ><\/div><div id=\"pgc-598-3-2\"  class=\"panel-grid-cell\" ><div id=\"panel-598-3-2-0\" class=\"so-panel widget widget_sow-editor panel-first-child\" data-index=\"6\" ><div\n\t\t\t\n\t\t\tclass=\"so-widget-sow-editor so-widget-sow-editor-base\"\n\t\t\t\n\t\t>\n<div class=\"siteorigin-widget-tinymce textwidget\">\n\t<p><strong>Sensores soportados<\/strong><\/p>\n<hr \/><hr \/>\n<p><strong>Anal\u00f3gicos<\/strong><\/p>\n<hr \/>\n<table>\n<tbody>\n<tr>\n<td width=\"245\">\n<p>Temperatura PT100<\/p>\n<\/td>\n<td width=\"24\">\u00a0<\/td>\n<\/tr>\n<tr>\n<td width=\"245\">\n<p>Temperatura 0-1V<\/p>\n<\/td>\n<td width=\"24\">\u00a0<\/td>\n<\/tr>\n<tr>\n<td width=\"245\">\n<p>Humedad 0-1V<\/p>\n<\/td>\n<td width=\"24\">\u00a0<\/td>\n<\/tr>\n<tr>\n<td width=\"245\">\n<p>Mixtos T\/H (temperatura\/humedad)<\/p>\n<\/td>\n<td width=\"24\">\u00a0<\/td>\n<\/tr>\n<tr>\n<td width=\"245\">\n<p>Irradiaci\u00f3n (Sonda adaptadora IRD10)<\/p>\n<\/td>\n<td width=\"24\">\u00a0<\/td>\n<\/tr>\n<tr>\n<td width=\"245\">\n<p>Temperatura 4-20mA<\/p>\n<\/td>\n<td width=\"24\">\u00a0<\/td>\n<\/tr>\n<\/tbody>\n<\/table>\n<p><strong>Digital frecuencia<\/strong><\/p>\n<hr \/>\n<table>\n<tbody>\n<tr>\n<td width=\"135\">\n<p>Viento<\/p>\n<\/td>\n<td width=\"135\">\u00a0<\/td>\n<\/tr>\n<tr>\n<td width=\"135\">\n<p>Presi\u00f3n<\/p>\n<\/td>\n<td width=\"135\">\u00a0<\/td>\n<\/tr>\n<\/tbody>\n<\/table>\n<p><strong>Digital paralelo<\/strong><\/p>\n<hr \/>\n<table>\n<tbody>\n<tr>\n<td width=\"245\">\n<p>Direcci\u00f3n 8,7 y 6 bits c\u00f3digo Gray.<\/p>\n<\/td>\n<td width=\"24\">\u00a0<\/td>\n<\/tr>\n<\/tbody>\n<\/table>\n<p><strong>Digital serie<\/strong><\/p>\n<hr \/>\n<table>\n<tbody>\n<tr>\n<td width=\"245\">\n<p>Direcci\u00f3n serie s\u00edncrono.<\/p>\n<\/td>\n<td width=\"24\">\u00a0<\/td>\n<\/tr>\n<\/tbody>\n<\/table>\n<p><strong>Digital contador<\/strong><\/p>\n<hr \/>\n<table>\n<tbody>\n<tr>\n<td width=\"135\">\n<p>Pluvi\u00f3metros 0.1, 0.2, etc<\/p>\n<\/td>\n<td width=\"135\">\u00a0<\/td>\n<\/tr>\n<\/tbody>\n<\/table>\n<p><strong>Digital estado<\/strong><\/p>\n<hr \/>\n<table>\n<tbody>\n<tr>\n<td width=\"135\">\n<p>Humectaci\u00f3n<\/p>\n<\/td>\n<td width=\"135\">\u00a0<\/td>\n<\/tr>\n<tr>\n<td width=\"135\">\u00a0<\/td>\n<td width=\"135\">\u00a0<\/td>\n<\/tr>\n<\/tbody>\n<\/table><\/div>\n<\/div><\/div><div id=\"panel-598-3-2-1\" class=\"so-panel widget widget_sow-button panel-last-child\" data-index=\"7\" ><div\n\t\t\t\n\t\t\tclass=\"so-widget-sow-button so-widget-sow-button-wire-30b3367ab913-598\"\n\t\t\t\n\t\t><div class=\"ow-button-base ow-button-align-left\">\n\t<a href=\"\/docs-pdf\/GE_IE_CAT_0054.pdf\" class=\"ow-icon-placement-left ow-button-hover\" \t\t>\n\t\t<span>\n\t\t\t\n\t\t\tVer cat\u00e1logo\t\t<\/span>\n\t<\/a>\n<\/div>\n<\/div><\/div><\/div><\/div><\/div><\/div>","protected":false},"excerpt":{"rendered":"<p>Presentaci\u00f3n La estaci\u00f3n meteorol\u00f3gica autom\u00e1tica SEAC EMA32 est\u00e1 dise\u00f1ada para aplicaciones de adquisici\u00f3n de datos y transmisi\u00f3n remota en aquellos lugares donde la necesidad de<\/p>\n","protected":false},"author":1,"featured_media":595,"parent":706,"menu_order":0,"comment_status":"closed","ping_status":"closed","template":"","meta":[],"yoast_head":"<!-- This site is optimized with the Yoast SEO plugin v19.2 - https:\/\/yoast.com\/wordpress\/plugins\/seo\/ -->\n<title>EMA32 - SEAC<\/title>\n<meta name=\"description\" content=\"Dise\u00f1ada para aplicaciones de adquisici\u00f3n de datos y transmisi\u00f3n remota. Es un equipo aut\u00f3nomo y de bajo consumo, id\u00f3neo para proyectos de tele medida.\" \/>\n<meta name=\"robots\" content=\"index, follow, max-snippet:-1, max-image-preview:large, max-video-preview:-1\" \/>\n<link rel=\"canonical\" href=\"https:\/\/www.seac.es\/es\/productos\/estaciones-meteorologicas\/ema32\/\" \/>\n<meta property=\"og:locale\" content=\"es_ES\" \/>\n<meta property=\"og:type\" content=\"article\" \/>\n<meta property=\"og:title\" content=\"EMA32 - SEAC\" \/>\n<meta property=\"og:description\" content=\"Dise\u00f1ada para aplicaciones de adquisici\u00f3n de datos y transmisi\u00f3n remota. Es un equipo aut\u00f3nomo y de bajo consumo, id\u00f3neo para proyectos de tele medida.\" \/>\n<meta property=\"og:url\" content=\"https:\/\/www.seac.es\/es\/productos\/estaciones-meteorologicas\/ema32\/\" \/>\n<meta property=\"og:site_name\" content=\"SEAC\" \/>\n<meta property=\"article:modified_time\" content=\"2022-09-20T07:20:53+00:00\" \/>\n<meta property=\"og:image\" content=\"https:\/\/www.seac.es\/es\/wp-content\/uploads\/2017\/09\/EMA32-640.png\" \/>\n\t<meta property=\"og:image:width\" content=\"640\" \/>\n\t<meta property=\"og:image:height\" content=\"478\" \/>\n\t<meta property=\"og:image:type\" content=\"image\/png\" \/>\n<meta name=\"author\" content=\"adminblogseac\" \/>\n<meta name=\"twitter:card\" content=\"summary_large_image\" \/>\n<meta name=\"twitter:label1\" content=\"Tiempo de lectura\" \/>\n\t<meta name=\"twitter:data1\" content=\"3 minutos\" \/>\n<script type=\"application\/ld+json\" class=\"yoast-schema-graph\">{\"@context\":\"https:\/\/schema.org\",\"@graph\":[{\"@type\":\"Organization\",\"@id\":\"https:\/\/www.seac.es\/es\/#organization\",\"name\":\"SEAC S.A.\",\"url\":\"https:\/\/www.seac.es\/es\/\",\"sameAs\":[],\"logo\":{\"@type\":\"ImageObject\",\"inLanguage\":\"es\",\"@id\":\"https:\/\/www.seac.es\/es\/#\/schema\/logo\/image\/\",\"url\":\"https:\/\/www.seac.es\/es\/wp-content\/uploads\/2017\/08\/logoSEAC240x105.png\",\"contentUrl\":\"https:\/\/www.seac.es\/es\/wp-content\/uploads\/2017\/08\/logoSEAC240x105.png\",\"width\":240,\"height\":105,\"caption\":\"SEAC S.A.\"},\"image\":{\"@id\":\"https:\/\/www.seac.es\/es\/#\/schema\/logo\/image\/\"}},{\"@type\":\"WebSite\",\"@id\":\"https:\/\/www.seac.es\/es\/#website\",\"url\":\"https:\/\/www.seac.es\/es\/\",\"name\":\"SEAC\",\"description\":\"Meteorolog\u00eda y equipos de medida\",\"publisher\":{\"@id\":\"https:\/\/www.seac.es\/es\/#organization\"},\"potentialAction\":[{\"@type\":\"SearchAction\",\"target\":{\"@type\":\"EntryPoint\",\"urlTemplate\":\"https:\/\/www.seac.es\/es\/?s={search_term_string}\"},\"query-input\":\"required name=search_term_string\"}],\"inLanguage\":\"es\"},{\"@type\":\"ImageObject\",\"inLanguage\":\"es\",\"@id\":\"https:\/\/www.seac.es\/es\/productos\/estaciones-meteorologicas\/ema32\/#primaryimage\",\"url\":\"https:\/\/www.seac.es\/es\/wp-content\/uploads\/2017\/09\/EMA32-640.png\",\"contentUrl\":\"https:\/\/www.seac.es\/es\/wp-content\/uploads\/2017\/09\/EMA32-640.png\",\"width\":640,\"height\":478},{\"@type\":\"WebPage\",\"@id\":\"https:\/\/www.seac.es\/es\/productos\/estaciones-meteorologicas\/ema32\/#webpage\",\"url\":\"https:\/\/www.seac.es\/es\/productos\/estaciones-meteorologicas\/ema32\/\",\"name\":\"EMA32 - SEAC\",\"isPartOf\":{\"@id\":\"https:\/\/www.seac.es\/es\/#website\"},\"primaryImageOfPage\":{\"@id\":\"https:\/\/www.seac.es\/es\/productos\/estaciones-meteorologicas\/ema32\/#primaryimage\"},\"datePublished\":\"2017-09-21T07:15:28+00:00\",\"dateModified\":\"2022-09-20T07:20:53+00:00\",\"description\":\"Dise\u00f1ada para aplicaciones de adquisici\u00f3n de datos y transmisi\u00f3n remota. Es un equipo aut\u00f3nomo y de bajo consumo, id\u00f3neo para proyectos de tele medida.\",\"breadcrumb\":{\"@id\":\"https:\/\/www.seac.es\/es\/productos\/estaciones-meteorologicas\/ema32\/#breadcrumb\"},\"inLanguage\":\"es\",\"potentialAction\":[{\"@type\":\"ReadAction\",\"target\":[\"https:\/\/www.seac.es\/es\/productos\/estaciones-meteorologicas\/ema32\/\"]}]},{\"@type\":\"BreadcrumbList\",\"@id\":\"https:\/\/www.seac.es\/es\/productos\/estaciones-meteorologicas\/ema32\/#breadcrumb\",\"itemListElement\":[{\"@type\":\"ListItem\",\"position\":1,\"name\":\"Portada\",\"item\":\"https:\/\/www.seac.es\/es\/\"},{\"@type\":\"ListItem\",\"position\":2,\"name\":\"Productos\",\"item\":\"https:\/\/www.seac.es\/es\/productos\/\"},{\"@type\":\"ListItem\",\"position\":3,\"name\":\"Estaciones\",\"item\":\"https:\/\/www.seac.es\/es\/productos\/estaciones-meteorologicas\/\"},{\"@type\":\"ListItem\",\"position\":4,\"name\":\"EMA32\"}]}]}<\/script>\n<!-- \/ Yoast SEO plugin. -->","yoast_head_json":{"title":"EMA32 - SEAC","description":"Dise\u00f1ada para aplicaciones de adquisici\u00f3n de datos y transmisi\u00f3n remota. Es un equipo aut\u00f3nomo y de bajo consumo, id\u00f3neo para proyectos de tele medida.","robots":{"index":"index","follow":"follow","max-snippet":"max-snippet:-1","max-image-preview":"max-image-preview:large","max-video-preview":"max-video-preview:-1"},"canonical":"https:\/\/www.seac.es\/es\/productos\/estaciones-meteorologicas\/ema32\/","og_locale":"es_ES","og_type":"article","og_title":"EMA32 - SEAC","og_description":"Dise\u00f1ada para aplicaciones de adquisici\u00f3n de datos y transmisi\u00f3n remota. Es un equipo aut\u00f3nomo y de bajo consumo, id\u00f3neo para proyectos de tele medida.","og_url":"https:\/\/www.seac.es\/es\/productos\/estaciones-meteorologicas\/ema32\/","og_site_name":"SEAC","article_modified_time":"2022-09-20T07:20:53+00:00","og_image":[{"width":640,"height":478,"url":"https:\/\/www.seac.es\/es\/wp-content\/uploads\/2017\/09\/EMA32-640.png","type":"image\/png"}],"author":"adminblogseac","twitter_card":"summary_large_image","twitter_misc":{"Tiempo de lectura":"3 minutos"},"schema":{"@context":"https:\/\/schema.org","@graph":[{"@type":"Organization","@id":"https:\/\/www.seac.es\/es\/#organization","name":"SEAC S.A.","url":"https:\/\/www.seac.es\/es\/","sameAs":[],"logo":{"@type":"ImageObject","inLanguage":"es","@id":"https:\/\/www.seac.es\/es\/#\/schema\/logo\/image\/","url":"https:\/\/www.seac.es\/es\/wp-content\/uploads\/2017\/08\/logoSEAC240x105.png","contentUrl":"https:\/\/www.seac.es\/es\/wp-content\/uploads\/2017\/08\/logoSEAC240x105.png","width":240,"height":105,"caption":"SEAC S.A."},"image":{"@id":"https:\/\/www.seac.es\/es\/#\/schema\/logo\/image\/"}},{"@type":"WebSite","@id":"https:\/\/www.seac.es\/es\/#website","url":"https:\/\/www.seac.es\/es\/","name":"SEAC","description":"Meteorolog\u00eda y equipos de medida","publisher":{"@id":"https:\/\/www.seac.es\/es\/#organization"},"potentialAction":[{"@type":"SearchAction","target":{"@type":"EntryPoint","urlTemplate":"https:\/\/www.seac.es\/es\/?s={search_term_string}"},"query-input":"required name=search_term_string"}],"inLanguage":"es"},{"@type":"ImageObject","inLanguage":"es","@id":"https:\/\/www.seac.es\/es\/productos\/estaciones-meteorologicas\/ema32\/#primaryimage","url":"https:\/\/www.seac.es\/es\/wp-content\/uploads\/2017\/09\/EMA32-640.png","contentUrl":"https:\/\/www.seac.es\/es\/wp-content\/uploads\/2017\/09\/EMA32-640.png","width":640,"height":478},{"@type":"WebPage","@id":"https:\/\/www.seac.es\/es\/productos\/estaciones-meteorologicas\/ema32\/#webpage","url":"https:\/\/www.seac.es\/es\/productos\/estaciones-meteorologicas\/ema32\/","name":"EMA32 - SEAC","isPartOf":{"@id":"https:\/\/www.seac.es\/es\/#website"},"primaryImageOfPage":{"@id":"https:\/\/www.seac.es\/es\/productos\/estaciones-meteorologicas\/ema32\/#primaryimage"},"datePublished":"2017-09-21T07:15:28+00:00","dateModified":"2022-09-20T07:20:53+00:00","description":"Dise\u00f1ada para aplicaciones de adquisici\u00f3n de datos y transmisi\u00f3n remota. Es un equipo aut\u00f3nomo y de bajo consumo, id\u00f3neo para proyectos de tele medida.","breadcrumb":{"@id":"https:\/\/www.seac.es\/es\/productos\/estaciones-meteorologicas\/ema32\/#breadcrumb"},"inLanguage":"es","potentialAction":[{"@type":"ReadAction","target":["https:\/\/www.seac.es\/es\/productos\/estaciones-meteorologicas\/ema32\/"]}]},{"@type":"BreadcrumbList","@id":"https:\/\/www.seac.es\/es\/productos\/estaciones-meteorologicas\/ema32\/#breadcrumb","itemListElement":[{"@type":"ListItem","position":1,"name":"Portada","item":"https:\/\/www.seac.es\/es\/"},{"@type":"ListItem","position":2,"name":"Productos","item":"https:\/\/www.seac.es\/es\/productos\/"},{"@type":"ListItem","position":3,"name":"Estaciones","item":"https:\/\/www.seac.es\/es\/productos\/estaciones-meteorologicas\/"},{"@type":"ListItem","position":4,"name":"EMA32"}]}]}},"_links":{"self":[{"href":"https:\/\/www.seac.es\/es\/wp-json\/wp\/v2\/pages\/598"}],"collection":[{"href":"https:\/\/www.seac.es\/es\/wp-json\/wp\/v2\/pages"}],"about":[{"href":"https:\/\/www.seac.es\/es\/wp-json\/wp\/v2\/types\/page"}],"author":[{"embeddable":true,"href":"https:\/\/www.seac.es\/es\/wp-json\/wp\/v2\/users\/1"}],"replies":[{"embeddable":true,"href":"https:\/\/www.seac.es\/es\/wp-json\/wp\/v2\/comments?post=598"}],"version-history":[{"count":67,"href":"https:\/\/www.seac.es\/es\/wp-json\/wp\/v2\/pages\/598\/revisions"}],"predecessor-version":[{"id":3416,"href":"https:\/\/www.seac.es\/es\/wp-json\/wp\/v2\/pages\/598\/revisions\/3416"}],"up":[{"embeddable":true,"href":"https:\/\/www.seac.es\/es\/wp-json\/wp\/v2\/pages\/706"}],"wp:featuredmedia":[{"embeddable":true,"href":"https:\/\/www.seac.es\/es\/wp-json\/wp\/v2\/media\/595"}],"wp:attachment":[{"href":"https:\/\/www.seac.es\/es\/wp-json\/wp\/v2\/media?parent=598"}],"curies":[{"name":"wp","href":"https:\/\/api.w.org\/{rel}","templated":true}]}}