{"id":574,"date":"2017-09-21T07:15:56","date_gmt":"2017-09-21T07:15:56","guid":{"rendered":"http:\/\/www.seac.es\/es\/?page_id=574"},"modified":"2022-09-29T08:01:06","modified_gmt":"2022-09-29T08:01:06","slug":"sv8-sd8","status":"publish","type":"page","link":"https:\/\/www.seac.es\/es\/productos\/sensores\/sv8-sd8\/","title":{"rendered":"SV8 &#8211; SD8"},"content":{"rendered":"<div id=\"pl-574\"  class=\"panel-layout\" ><div id=\"pg-574-0\"  class=\"panel-grid panel-has-style\" ><div class=\"siteorigin-panels-stretch panel-row-style panel-row-style-for-574-0\" data-stretch-type=\"full-stretched\" ><div id=\"pgc-574-0-0\"  class=\"panel-grid-cell\" ><div id=\"panel-574-0-0-0\" class=\"so-panel widget widget_sow-hero panel-first-child panel-last-child\" data-index=\"0\" ><div\n\t\t\t\n\t\t\tclass=\"so-widget-sow-hero so-widget-sow-hero-default-5dfc655a3c7d-574\"\n\t\t\t\n\t\t><div class=\"sow-slider-base\" style=\"display: none\"><ul\n\t\t\t\t\tclass=\"sow-slider-images\"\n\t\t\t\t\tdata-settings=\"{&quot;pagination&quot;:true,&quot;speed&quot;:800,&quot;timeout&quot;:8000,&quot;paused&quot;:false,&quot;pause_on_hover&quot;:false,&quot;swipe&quot;:false,&quot;nav_always_show_desktop&quot;:&quot;&quot;,&quot;nav_always_show_mobile&quot;:&quot;&quot;,&quot;breakpoint&quot;:&quot;780px&quot;,&quot;unmute&quot;:false,&quot;anchor&quot;:null}\"\n\t\t\t\t\tstyle=\"min-height: 280px\"\t\t\t\t\tdata-anchor-id=\"\"\n\t\t\t\t>\t\t<li class=\"sow-slider-image  sow-slider-image-cover\" style=\"background-color: #333333;background-image: url(https:\/\/www.seac.es\/es\/wp-content\/uploads\/2022\/09\/viento.jpg)\" >\n\t\t\t\t\t<div class=\"sow-slider-image-container\">\n\t\t\t<div class=\"sow-slider-image-wrapper\">\n\t\t\t\t<h1>SV8 - SD8 Anem\u00f3metro y veleta<\/h1>\n\t\t\t<\/div>\n\t\t<\/div>\n\t\t\t\t<\/li>\n\t\t<\/ul>\t\t\t\t<ol class=\"sow-slider-pagination\">\n\t\t\t\t\t\t\t\t\t\t\t<li><a href=\"#\" data-goto=\"0\" aria-label=\"mostrar diapositiva 1\"><\/a><\/li>\n\t\t\t\t\t\t\t\t\t<\/ol>\n\n\t\t\t\t<div class=\"sow-slide-nav sow-slide-nav-next\">\n\t\t\t\t\t<a href=\"#\" data-goto=\"next\" aria-label=\"diapositiva siguiente\" data-action=\"next\">\n\t\t\t\t\t\t<em class=\"sow-sld-icon-thin-right\"><\/em>\n\t\t\t\t\t<\/a>\n\t\t\t\t<\/div>\n\n\t\t\t\t<div class=\"sow-slide-nav sow-slide-nav-prev\">\n\t\t\t\t\t<a href=\"#\" data-goto=\"previous\" aria-label=\"diapositiva anterior\" data-action=\"prev\">\n\t\t\t\t\t\t<em class=\"sow-sld-icon-thin-left\"><\/em>\n\t\t\t\t\t<\/a>\n\t\t\t\t<\/div>\n\t\t\t\t<\/div><\/div><\/div><\/div><\/div><\/div><div id=\"pg-574-1\"  class=\"panel-grid panel-has-style\" ><div class=\"siteorigin-panels-stretch panel-row-style panel-row-style-for-574-1\" data-stretch-type=\"full\" ><div id=\"pgc-574-1-0\"  class=\"panel-grid-cell\" ><div id=\"panel-574-1-0-0\" class=\"so-panel widget widget_sow-image panel-first-child\" data-index=\"1\" ><div\n\t\t\t\n\t\t\tclass=\"so-widget-sow-image so-widget-sow-image-default-2ec334f0a340-574\"\n\t\t\t\n\t\t>\n\n<div class=\"sow-image-container\">\n\t\t<img src=\"https:\/\/www.seac.es\/es\/wp-content\/uploads\/2022\/04\/SV8transp-781x512.png\" width=\"781\" height=\"512\" srcset=\"https:\/\/www.seac.es\/es\/wp-content\/uploads\/2022\/04\/SV8transp-781x512.png 781w, https:\/\/www.seac.es\/es\/wp-content\/uploads\/2022\/04\/SV8transp-24x16.png 24w, https:\/\/www.seac.es\/es\/wp-content\/uploads\/2022\/04\/SV8transp-36x24.png 36w, https:\/\/www.seac.es\/es\/wp-content\/uploads\/2022\/04\/SV8transp-48x32.png 48w\" sizes=\"(max-width: 781px) 100vw, 781px\" alt=\"\" loading=\"lazy\" \t\tclass=\"so-widget-image\"\/>\n\t<\/div>\n\n<\/div><\/div><div id=\"panel-574-1-0-1\" class=\"so-panel widget widget_sow-image panel-last-child\" data-index=\"2\" ><div\n\t\t\t\n\t\t\tclass=\"so-widget-sow-image so-widget-sow-image-default-2ec334f0a340-574\"\n\t\t\t\n\t\t>\n\n<div class=\"sow-image-container\">\n\t\t<img src=\"https:\/\/www.seac.es\/es\/wp-content\/uploads\/2022\/04\/SD8transp-781x512.png\" width=\"781\" height=\"512\" srcset=\"https:\/\/www.seac.es\/es\/wp-content\/uploads\/2022\/04\/SD8transp-781x512.png 781w, https:\/\/www.seac.es\/es\/wp-content\/uploads\/2022\/04\/SD8transp-24x16.png 24w, https:\/\/www.seac.es\/es\/wp-content\/uploads\/2022\/04\/SD8transp-36x24.png 36w, https:\/\/www.seac.es\/es\/wp-content\/uploads\/2022\/04\/SD8transp-48x32.png 48w\" sizes=\"(max-width: 781px) 100vw, 781px\" alt=\"\" loading=\"lazy\" \t\tclass=\"so-widget-image\"\/>\n\t<\/div>\n\n<\/div><\/div><\/div><div id=\"pgc-574-1-1\"  class=\"panel-grid-cell\" ><div id=\"panel-574-1-1-0\" class=\"so-panel widget widget_sow-editor panel-first-child\" data-index=\"3\" ><div\n\t\t\t\n\t\t\tclass=\"so-widget-sow-editor so-widget-sow-editor-base\"\n\t\t\t\n\t\t>\n<div class=\"siteorigin-widget-tinymce textwidget\">\n\t<h3>Anem\u00f3metro SV8<\/h3>\n<p>Compuesto por 3 cazoletas de forma c\u00f3nica inyectadas sobre un eje de acero inoxidable.<br \/>El transductor consiste en un par de led y fototransistor que proporciona una salida de pulso con frecuencia proporcional a la velocidad del viento<br \/>Combinados con cojinetes blindados de alto rendimiento garantizan una excelente linealidad, en toda la gama de medidas y alta fiabilidad en diferentes condiciones de temperatura-humedad. Se garantiza un momento de inercia y un umbral bajos, una respuesta r\u00e1pida y una constante de distancia peque\u00f1a.<br \/>Las distintas opciones de salida se adaptan a la mayor\u00eda de los registradores de datos del mercado.<\/p>\n<h3>Sensor de direcci\u00f3n SD8<\/h3>\n<p>Consiste en una veleta de aluminio y de acero unida a un eje que incorpora un im\u00e1n diametral que act\u00faa sobre un sensor de posici\u00f3n giratorio dando una salida equivalente a la direcci\u00f3n indicada por la veleta.<br \/>Como no hay contacto mec\u00e1nico, no hay fricci\u00f3n y por lo tanto tiene una alta esperanza de vida<br \/>Se garantiza una respuesta r\u00e1pida y un bajo umbral.<br \/>Las distintas opciones de salida se adaptan a la mayor\u00eda de los registradores de datos del mercado.<\/p>\n<h3>Intemperie<\/h3>\n<p>El cuerpo de los sensores est\u00e1 realizado en Aluminio inyectado Al-Si con tratamiento de anodizado y pintura anticorrosiva al horno. <br \/>Est\u00e1 equipado con conectores polarizados M12 IP65 para una operaci\u00f3n m\u00e1s f\u00e1cil.<\/p>\n<h3>Rodamientos<\/h3>\n<p>Ambos sensores disponen de rodamientos de acero inoxidable y doble aislamiento, que les dan una excelente caracter\u00edstica din\u00e1mica con muy baja fricci\u00f3n mec\u00e1nica.<\/p>\n<h3>Calefacci\u00f3n<\/h3>\n<p>Opcionalmente ambos sensores pueden ser provistos de un sistema de calefacci\u00f3n interno, para evitar la congelaci\u00f3n de los cojinetes y del eje. Se recomienda encarecidamente en climas fr\u00edos.<\/p><\/div>\n<\/div><\/div><div id=\"panel-574-1-1-1\" class=\"so-panel widget widget_sow-button panel-last-child\" data-index=\"4\" ><div\n\t\t\t\n\t\t\tclass=\"so-widget-sow-button so-widget-sow-button-wire-30b3367ab913-574\"\n\t\t\t\n\t\t><div class=\"ow-button-base ow-button-align-left\">\n\t<a href=\"\/docs-pdf\/GE_IE_CAT_0010.pdf\" class=\"ow-icon-placement-left ow-button-hover\" \t\t>\n\t\t<span>\n\t\t\t\n\t\t\tVer cat\u00e1logo\t\t<\/span>\n\t<\/a>\n<\/div>\n<\/div><\/div><\/div><\/div><\/div><div id=\"pg-574-2\"  class=\"panel-grid panel-has-style\" ><div class=\"siteorigin-panels-stretch panel-row-style panel-row-style-for-574-2\" data-stretch-type=\"full\" ><div id=\"pgc-574-2-0\"  class=\"panel-grid-cell\" ><div id=\"panel-574-2-0-0\" class=\"so-panel widget widget_sow-image panel-first-child\" data-index=\"5\" ><div\n\t\t\t\n\t\t\tclass=\"so-widget-sow-image so-widget-sow-image-default-2ec334f0a340-574\"\n\t\t\t\n\t\t>\n\n<div class=\"sow-image-container\">\n\t\t<img src=\"https:\/\/www.seac.es\/es\/wp-content\/uploads\/2022\/04\/cruceta_640transp.png\" width=\"650\" height=\"350\" srcset=\"https:\/\/www.seac.es\/es\/wp-content\/uploads\/2022\/04\/cruceta_640transp.png 650w, https:\/\/www.seac.es\/es\/wp-content\/uploads\/2022\/04\/cruceta_640transp-300x162.png 300w, https:\/\/www.seac.es\/es\/wp-content\/uploads\/2022\/04\/cruceta_640transp-24x13.png 24w, https:\/\/www.seac.es\/es\/wp-content\/uploads\/2022\/04\/cruceta_640transp-36x19.png 36w, https:\/\/www.seac.es\/es\/wp-content\/uploads\/2022\/04\/cruceta_640transp-48x26.png 48w\" sizes=\"(max-width: 650px) 100vw, 650px\" alt=\"\" loading=\"lazy\" \t\tclass=\"so-widget-image\"\/>\n\t<\/div>\n\n<\/div><\/div><div id=\"panel-574-2-0-1\" class=\"so-panel widget widget_sow-editor panel-last-child\" data-index=\"6\" ><div class=\"panel-widget-style panel-widget-style-for-574-2-0-1\" ><div\n\t\t\t\n\t\t\tclass=\"so-widget-sow-editor so-widget-sow-editor-base\"\n\t\t\t\n\t\t>\n<div class=\"siteorigin-widget-tinymce textwidget\">\n\t<h1>\u00a0<\/h1>\n<h1>SV8 - SD8 Caracter\u00edsticas t\u00e9cnicas<\/h1>\n<\/div>\n<\/div><\/div><\/div><\/div><\/div><\/div><div id=\"pg-574-3\"  class=\"panel-grid panel-has-style\" ><div class=\"siteorigin-panels-stretch panel-row-style panel-row-style-for-574-3\" data-stretch-type=\"full\" ><div id=\"pgc-574-3-0\"  class=\"panel-grid-cell\" ><div id=\"panel-574-3-0-0\" class=\"so-panel widget widget_sow-editor panel-first-child panel-last-child\" data-index=\"7\" ><div\n\t\t\t\n\t\t\tclass=\"so-widget-sow-editor so-widget-sow-editor-base\"\n\t\t\t\n\t\t>\n<div class=\"siteorigin-widget-tinymce textwidget\">\n\t<strong>Caracter\u00edsticas t\u00e9cnicas SV8<\/strong>\n\n<hr \/>\n\n\n\n<hr \/>\n\n<strong>General<\/strong>\n\n<hr \/>\n\n<table>\n<tbody>\n<tr>\n<td width=\"135\">Sistema de medida<\/td>\n<td width=\"170\">Generador optoelectr\u00f3nico de\n\npulsos (20 pulsos \/ metro)<\/td>\n<\/tr>\n<tr>\n<td width=\"135\">Rango de medida<\/td>\n<td width=\"170\">0~60 m\/s<\/td>\n<\/tr>\n<tr>\n<td width=\"135\">Sensibilidad umbral<\/td>\n<td width=\"170\">0,3 m\/s<\/td>\n<\/tr>\n<tr>\n<td width=\"135\">Precisi\u00f3n<\/td>\n<td width=\"170\">\u00b13%<\/td>\n<\/tr>\n<\/tbody>\n<tbody>\n<tr>\n<td width=\"135\">Salidas<\/td>\n<td width=\"170\">- Pulsos (frecuencia directamente proporcional a la velocidad del viento)<\/td>\n<\/tr>\n<tr>\n<td width=\"135\"><\/td>\n<td width=\"170\">- Corriente (4-20mA)<\/td>\n<\/tr>\n<tr>\n<td width=\"135\"><\/td>\n<td width=\"170\">- Digital 485 Mod-bus<\/td>\n<\/tr>\n<\/tbody>\n<tbody>\n<tr>\n<td width=\"135\">Constante de distancia<\/td>\n<td width=\"170\">&lt; 2m<\/td>\n<\/tr>\n<\/tbody>\n<\/table>\n<strong>El\u00e9ctricas<\/strong>\n\n<hr \/>\n\n<table>\n<tbody>\n<tr>\n<td width=\"135\">Alimentaci\u00f3n sensor<\/td>\n<td width=\"170\">5~26VDC\n\n11~26VDC para 4-20mA<\/td>\n<\/tr>\n<tr>\n<td width=\"135\">Consumo<\/td>\n<td width=\"170\">90 mW (@ 12V)<\/td>\n<\/tr>\n<tr>\n<td width=\"135\">Temperatura de trabajo<\/td>\n<td width=\"170\">-30\u00baC~70\u00baC (con calefacci\u00f3n)<\/td>\n<\/tr>\n<\/tbody>\n<\/table>\n<strong>Mec\u00e1nicas<\/strong>\n\n<hr \/>\n\n<table>\n<tbody>\n<tr>\n<td width=\"135\">Material<\/td>\n<td width=\"170\">Aluminio inyectado Al-Si con tratamiento de anodizado y pintura anticorrosiva al horno<\/td>\n<\/tr>\n<tr>\n<td width=\"135\">Peso<\/td>\n<td width=\"170\">290 gr (cazoletas incluidas)<\/td>\n<\/tr>\n<tr>\n<td width=\"135\">Di\u00e1metro cazoletas<\/td>\n<td width=\"170\">120 mm<\/td>\n<\/tr>\n<tr>\n<td width=\"135\">Di\u00e1metro Max. cuerpo<\/td>\n<td width=\"170\">50 mm<\/td>\n<\/tr>\n<tr>\n<td width=\"135\">Altura<\/td>\n<td width=\"170\">190 mm (cazoletas incluidas)<\/td>\n<\/tr>\n<\/tbody>\n<\/table>\n<strong>Accesorios adicionales<\/strong>\n\n<hr \/>\n\n<table>\n<tbody>\n<tr>\n<td width=\"135\">Sistema de calefacci\u00f3n\u00a0del eje<\/td>\n<td width=\"170\">- Potencia de calefactado 10w<\/td>\n<\/tr>\n<tr>\n<td width=\"135\"><\/td>\n<td width=\"170\">- Control de activaci\u00f3n por termostato a 4\u00baC<\/td>\n<\/tr>\n<\/tbody>\n<\/table><\/div>\n<\/div><\/div><\/div><div id=\"pgc-574-3-1\"  class=\"panel-grid-cell panel-grid-cell-empty\" ><\/div><div id=\"pgc-574-3-2\"  class=\"panel-grid-cell\" ><div id=\"panel-574-3-2-0\" class=\"so-panel widget widget_sow-editor panel-first-child\" data-index=\"8\" ><div\n\t\t\t\n\t\t\tclass=\"so-widget-sow-editor so-widget-sow-editor-base\"\n\t\t\t\n\t\t>\n<div class=\"siteorigin-widget-tinymce textwidget\">\n\t<strong>Caracter\u00edsticas t\u00e9cnicas SD8<\/strong>\n\n<hr \/>\n\n\n\n<hr \/>\n\n<strong>General<\/strong>\n\n<hr \/>\n\n<table>\n<tbody>\n<tr>\n<td width=\"135\">Sistema de medida<\/td>\n<td width=\"170\">Codificador magn\u00e9tico<\/td>\n<\/tr>\n<tr>\n<td width=\"135\">Rango de medida<\/td>\n<td width=\"170\">1\u00ba~360\u00ba<\/td>\n<\/tr>\n<tr>\n<td width=\"135\">Sensibilidad<\/td>\n<td width=\"170\">0,3 m\/s a 10\u00ba desviaci\u00f3n<\/td>\n<\/tr>\n<tr>\n<td width=\"135\">Factor amortiguamiento<\/td>\n<td width=\"170\">0,5<\/td>\n<\/tr>\n<tr>\n<td width=\"135\">Resoluci\u00f3n<\/td>\n<td width=\"170\">1,41\u00ba<\/td>\n<\/tr>\n<tr>\n<td width=\"135\">Precisi\u00f3n<\/td>\n<td width=\"170\">1,41\u00ba<\/td>\n<\/tr>\n<tr>\n<td width=\"135\">Salidas<\/td>\n<td width=\"170\">- 8-bits c\u00f3digo Gray<\/td>\n<\/tr>\n<tr>\n<td width=\"135\"><\/td>\n<td width=\"170\">- Serie s\u00edncrono<\/td>\n<\/tr>\n<tr>\n<td width=\"135\"><\/td>\n<td width=\"170\">- Corriente (4-20mA)<\/td>\n<\/tr>\n<tr>\n<td width=\"135\"><\/td>\n<td width=\"170\">- Digital 485 Mod-bus<\/td>\n<\/tr>\n<\/tbody>\n<\/table>\n<strong>El\u00e9ctricas<\/strong>\n\n<hr \/>\n\n<table>\n<tbody>\n<tr>\n<td width=\"135\">Alimentaci\u00f3n sensor<\/td>\n<td width=\"170\">5~26VDC\n\n11~26VDC para 4-20mA<\/td>\n<\/tr>\n<tr>\n<td width=\"135\">Consumo<\/td>\n<td width=\"170\">150 mW (@ 12V)<\/td>\n<\/tr>\n<tr>\n<td width=\"135\">Temperatura de trabajo<\/td>\n<td width=\"170\">-30\u00baC~70\u00baC (con calefacci\u00f3n)<\/td>\n<\/tr>\n<\/tbody>\n<\/table>\n<strong>Mec\u00e1nicas<\/strong>\n\n<hr \/>\n\n<table>\n<tbody>\n<tr>\n<td width=\"135\">Material<\/td>\n<td width=\"170\">Aluminio inyectado Al-Si con tratamiento de anodizado y pintura anticorrosiva al horno<\/td>\n<\/tr>\n<tr>\n<td width=\"135\">Peso<\/td>\n<td width=\"170\">390 gr. (veleta incluida)<\/td>\n<\/tr>\n<tr>\n<td width=\"135\">Longitud veleta<\/td>\n<td width=\"170\">235 mm<\/td>\n<\/tr>\n<tr>\n<td width=\"135\">Di\u00e1metro Max. cuerpo<\/td>\n<td width=\"170\">50 mm<\/td>\n<\/tr>\n<tr>\n<td width=\"135\">Altura<\/td>\n<td width=\"170\">240 mm (veleta incluida)<\/td>\n<\/tr>\n<\/tbody>\n<\/table>\n<strong>Accesorios adicionales<\/strong>\n\n<hr \/>\n\n<table>\n<tbody>\n<tr>\n<td width=\"135\">Sistema de calefacci\u00f3n\u00a0del eje<\/td>\n<td width=\"170\">- Potencia de calefactado 10w<\/td>\n<\/tr>\n<tr>\n<td width=\"135\"><\/td>\n<td width=\"170\">- Control de activaci\u00f3n por termostato a 4\u00baC<\/td>\n<\/tr>\n<\/tbody>\n<\/table><\/div>\n<\/div><\/div><div id=\"panel-574-3-2-1\" class=\"so-panel widget widget_sow-button panel-last-child\" data-index=\"9\" ><div\n\t\t\t\n\t\t\tclass=\"so-widget-sow-button so-widget-sow-button-wire-30b3367ab913-574\"\n\t\t\t\n\t\t><div class=\"ow-button-base ow-button-align-left\">\n\t<a href=\"\/docs-pdf\/GE_IE_CAT_0010.pdf\" class=\"ow-icon-placement-left ow-button-hover\" \t\t>\n\t\t<span>\n\t\t\t\n\t\t\tVer cat\u00e1logo\t\t<\/span>\n\t<\/a>\n<\/div>\n<\/div><\/div><\/div><\/div><\/div><\/div>","protected":false},"excerpt":{"rendered":"<p>Anem\u00f3metro SV8 Compuesto por 3 cazoletas de forma c\u00f3nica inyectadas sobre un eje de acero inoxidable.El transductor consiste en un par de led y fototransistor<\/p>\n","protected":false},"author":1,"featured_media":577,"parent":664,"menu_order":0,"comment_status":"closed","ping_status":"closed","template":"","meta":[],"yoast_head":"<!-- This site is optimized with the Yoast SEO plugin v19.2 - https:\/\/yoast.com\/wordpress\/plugins\/seo\/ -->\n<title>SV8 - SD8 - SEAC<\/title>\n<meta name=\"description\" content=\"El anem\u00f3metro SV8 y sensor de direcci\u00f3n SD8 garantizan una respuesta r\u00e1pida y un bajo umbral, con una excelente linealidad y alta fiabilidad,\" \/>\n<meta name=\"robots\" content=\"index, follow, max-snippet:-1, max-image-preview:large, max-video-preview:-1\" \/>\n<link rel=\"canonical\" href=\"https:\/\/www.seac.es\/es\/productos\/sensores\/sv8-sd8\/\" \/>\n<meta property=\"og:locale\" content=\"es_ES\" \/>\n<meta property=\"og:type\" content=\"article\" \/>\n<meta property=\"og:title\" content=\"SV8 - SD8 - SEAC\" \/>\n<meta property=\"og:description\" content=\"El anem\u00f3metro SV8 y sensor de direcci\u00f3n SD8 garantizan una respuesta r\u00e1pida y un bajo umbral, con una excelente linealidad y alta fiabilidad,\" \/>\n<meta property=\"og:url\" content=\"https:\/\/www.seac.es\/es\/productos\/sensores\/sv8-sd8\/\" \/>\n<meta property=\"og:site_name\" content=\"SEAC\" \/>\n<meta property=\"article:modified_time\" content=\"2022-09-29T08:01:06+00:00\" \/>\n<meta property=\"og:image\" content=\"https:\/\/www.seac.es\/es\/wp-content\/uploads\/2017\/09\/IMG_5244_ALTA-orientacion-NORTE-640.png\" \/>\n\t<meta property=\"og:image:width\" content=\"636\" \/>\n\t<meta property=\"og:image:height\" content=\"288\" \/>\n\t<meta property=\"og:image:type\" content=\"image\/png\" \/>\n<meta name=\"author\" content=\"adminblogseac\" \/>\n<meta name=\"twitter:card\" content=\"summary_large_image\" \/>\n<meta name=\"twitter:label1\" content=\"Tiempo de lectura\" \/>\n\t<meta name=\"twitter:data1\" content=\"3 minutos\" \/>\n<script type=\"application\/ld+json\" class=\"yoast-schema-graph\">{\"@context\":\"https:\/\/schema.org\",\"@graph\":[{\"@type\":\"Organization\",\"@id\":\"https:\/\/www.seac.es\/es\/#organization\",\"name\":\"SEAC S.A.\",\"url\":\"https:\/\/www.seac.es\/es\/\",\"sameAs\":[],\"logo\":{\"@type\":\"ImageObject\",\"inLanguage\":\"es\",\"@id\":\"https:\/\/www.seac.es\/es\/#\/schema\/logo\/image\/\",\"url\":\"https:\/\/www.seac.es\/es\/wp-content\/uploads\/2017\/08\/logoSEAC240x105.png\",\"contentUrl\":\"https:\/\/www.seac.es\/es\/wp-content\/uploads\/2017\/08\/logoSEAC240x105.png\",\"width\":240,\"height\":105,\"caption\":\"SEAC S.A.\"},\"image\":{\"@id\":\"https:\/\/www.seac.es\/es\/#\/schema\/logo\/image\/\"}},{\"@type\":\"WebSite\",\"@id\":\"https:\/\/www.seac.es\/es\/#website\",\"url\":\"https:\/\/www.seac.es\/es\/\",\"name\":\"SEAC\",\"description\":\"Meteorolog\u00eda y equipos de medida\",\"publisher\":{\"@id\":\"https:\/\/www.seac.es\/es\/#organization\"},\"potentialAction\":[{\"@type\":\"SearchAction\",\"target\":{\"@type\":\"EntryPoint\",\"urlTemplate\":\"https:\/\/www.seac.es\/es\/?s={search_term_string}\"},\"query-input\":\"required name=search_term_string\"}],\"inLanguage\":\"es\"},{\"@type\":\"ImageObject\",\"inLanguage\":\"es\",\"@id\":\"https:\/\/www.seac.es\/es\/productos\/sensores\/sv8-sd8\/#primaryimage\",\"url\":\"https:\/\/www.seac.es\/es\/wp-content\/uploads\/2017\/09\/IMG_5244_ALTA-orientacion-NORTE-640.png\",\"contentUrl\":\"https:\/\/www.seac.es\/es\/wp-content\/uploads\/2017\/09\/IMG_5244_ALTA-orientacion-NORTE-640.png\",\"width\":636,\"height\":288},{\"@type\":\"WebPage\",\"@id\":\"https:\/\/www.seac.es\/es\/productos\/sensores\/sv8-sd8\/#webpage\",\"url\":\"https:\/\/www.seac.es\/es\/productos\/sensores\/sv8-sd8\/\",\"name\":\"SV8 - SD8 - SEAC\",\"isPartOf\":{\"@id\":\"https:\/\/www.seac.es\/es\/#website\"},\"primaryImageOfPage\":{\"@id\":\"https:\/\/www.seac.es\/es\/productos\/sensores\/sv8-sd8\/#primaryimage\"},\"datePublished\":\"2017-09-21T07:15:56+00:00\",\"dateModified\":\"2022-09-29T08:01:06+00:00\",\"description\":\"El anem\u00f3metro SV8 y sensor de direcci\u00f3n SD8 garantizan una respuesta r\u00e1pida y un bajo umbral, con una excelente linealidad y alta fiabilidad,\",\"breadcrumb\":{\"@id\":\"https:\/\/www.seac.es\/es\/productos\/sensores\/sv8-sd8\/#breadcrumb\"},\"inLanguage\":\"es\",\"potentialAction\":[{\"@type\":\"ReadAction\",\"target\":[\"https:\/\/www.seac.es\/es\/productos\/sensores\/sv8-sd8\/\"]}]},{\"@type\":\"BreadcrumbList\",\"@id\":\"https:\/\/www.seac.es\/es\/productos\/sensores\/sv8-sd8\/#breadcrumb\",\"itemListElement\":[{\"@type\":\"ListItem\",\"position\":1,\"name\":\"Portada\",\"item\":\"https:\/\/www.seac.es\/es\/\"},{\"@type\":\"ListItem\",\"position\":2,\"name\":\"Productos\",\"item\":\"https:\/\/www.seac.es\/es\/productos\/\"},{\"@type\":\"ListItem\",\"position\":3,\"name\":\"Sensores\",\"item\":\"https:\/\/www.seac.es\/es\/productos\/sensores\/\"},{\"@type\":\"ListItem\",\"position\":4,\"name\":\"SV8 &#8211; SD8\"}]}]}<\/script>\n<!-- \/ Yoast SEO plugin. -->","yoast_head_json":{"title":"SV8 - SD8 - SEAC","description":"El anem\u00f3metro SV8 y sensor de direcci\u00f3n SD8 garantizan una respuesta r\u00e1pida y un bajo umbral, con una excelente linealidad y alta fiabilidad,","robots":{"index":"index","follow":"follow","max-snippet":"max-snippet:-1","max-image-preview":"max-image-preview:large","max-video-preview":"max-video-preview:-1"},"canonical":"https:\/\/www.seac.es\/es\/productos\/sensores\/sv8-sd8\/","og_locale":"es_ES","og_type":"article","og_title":"SV8 - SD8 - SEAC","og_description":"El anem\u00f3metro SV8 y sensor de direcci\u00f3n SD8 garantizan una respuesta r\u00e1pida y un bajo umbral, con una excelente linealidad y alta fiabilidad,","og_url":"https:\/\/www.seac.es\/es\/productos\/sensores\/sv8-sd8\/","og_site_name":"SEAC","article_modified_time":"2022-09-29T08:01:06+00:00","og_image":[{"width":636,"height":288,"url":"https:\/\/www.seac.es\/es\/wp-content\/uploads\/2017\/09\/IMG_5244_ALTA-orientacion-NORTE-640.png","type":"image\/png"}],"author":"adminblogseac","twitter_card":"summary_large_image","twitter_misc":{"Tiempo de lectura":"3 minutos"},"schema":{"@context":"https:\/\/schema.org","@graph":[{"@type":"Organization","@id":"https:\/\/www.seac.es\/es\/#organization","name":"SEAC S.A.","url":"https:\/\/www.seac.es\/es\/","sameAs":[],"logo":{"@type":"ImageObject","inLanguage":"es","@id":"https:\/\/www.seac.es\/es\/#\/schema\/logo\/image\/","url":"https:\/\/www.seac.es\/es\/wp-content\/uploads\/2017\/08\/logoSEAC240x105.png","contentUrl":"https:\/\/www.seac.es\/es\/wp-content\/uploads\/2017\/08\/logoSEAC240x105.png","width":240,"height":105,"caption":"SEAC S.A."},"image":{"@id":"https:\/\/www.seac.es\/es\/#\/schema\/logo\/image\/"}},{"@type":"WebSite","@id":"https:\/\/www.seac.es\/es\/#website","url":"https:\/\/www.seac.es\/es\/","name":"SEAC","description":"Meteorolog\u00eda y equipos de medida","publisher":{"@id":"https:\/\/www.seac.es\/es\/#organization"},"potentialAction":[{"@type":"SearchAction","target":{"@type":"EntryPoint","urlTemplate":"https:\/\/www.seac.es\/es\/?s={search_term_string}"},"query-input":"required name=search_term_string"}],"inLanguage":"es"},{"@type":"ImageObject","inLanguage":"es","@id":"https:\/\/www.seac.es\/es\/productos\/sensores\/sv8-sd8\/#primaryimage","url":"https:\/\/www.seac.es\/es\/wp-content\/uploads\/2017\/09\/IMG_5244_ALTA-orientacion-NORTE-640.png","contentUrl":"https:\/\/www.seac.es\/es\/wp-content\/uploads\/2017\/09\/IMG_5244_ALTA-orientacion-NORTE-640.png","width":636,"height":288},{"@type":"WebPage","@id":"https:\/\/www.seac.es\/es\/productos\/sensores\/sv8-sd8\/#webpage","url":"https:\/\/www.seac.es\/es\/productos\/sensores\/sv8-sd8\/","name":"SV8 - SD8 - SEAC","isPartOf":{"@id":"https:\/\/www.seac.es\/es\/#website"},"primaryImageOfPage":{"@id":"https:\/\/www.seac.es\/es\/productos\/sensores\/sv8-sd8\/#primaryimage"},"datePublished":"2017-09-21T07:15:56+00:00","dateModified":"2022-09-29T08:01:06+00:00","description":"El anem\u00f3metro SV8 y sensor de direcci\u00f3n SD8 garantizan una respuesta r\u00e1pida y un bajo umbral, con una excelente linealidad y alta fiabilidad,","breadcrumb":{"@id":"https:\/\/www.seac.es\/es\/productos\/sensores\/sv8-sd8\/#breadcrumb"},"inLanguage":"es","potentialAction":[{"@type":"ReadAction","target":["https:\/\/www.seac.es\/es\/productos\/sensores\/sv8-sd8\/"]}]},{"@type":"BreadcrumbList","@id":"https:\/\/www.seac.es\/es\/productos\/sensores\/sv8-sd8\/#breadcrumb","itemListElement":[{"@type":"ListItem","position":1,"name":"Portada","item":"https:\/\/www.seac.es\/es\/"},{"@type":"ListItem","position":2,"name":"Productos","item":"https:\/\/www.seac.es\/es\/productos\/"},{"@type":"ListItem","position":3,"name":"Sensores","item":"https:\/\/www.seac.es\/es\/productos\/sensores\/"},{"@type":"ListItem","position":4,"name":"SV8 &#8211; SD8"}]}]}},"_links":{"self":[{"href":"https:\/\/www.seac.es\/es\/wp-json\/wp\/v2\/pages\/574"}],"collection":[{"href":"https:\/\/www.seac.es\/es\/wp-json\/wp\/v2\/pages"}],"about":[{"href":"https:\/\/www.seac.es\/es\/wp-json\/wp\/v2\/types\/page"}],"author":[{"embeddable":true,"href":"https:\/\/www.seac.es\/es\/wp-json\/wp\/v2\/users\/1"}],"replies":[{"embeddable":true,"href":"https:\/\/www.seac.es\/es\/wp-json\/wp\/v2\/comments?post=574"}],"version-history":[{"count":43,"href":"https:\/\/www.seac.es\/es\/wp-json\/wp\/v2\/pages\/574\/revisions"}],"predecessor-version":[{"id":3445,"href":"https:\/\/www.seac.es\/es\/wp-json\/wp\/v2\/pages\/574\/revisions\/3445"}],"up":[{"embeddable":true,"href":"https:\/\/www.seac.es\/es\/wp-json\/wp\/v2\/pages\/664"}],"wp:featuredmedia":[{"embeddable":true,"href":"https:\/\/www.seac.es\/es\/wp-json\/wp\/v2\/media\/577"}],"wp:attachment":[{"href":"https:\/\/www.seac.es\/es\/wp-json\/wp\/v2\/media?parent=574"}],"curies":[{"name":"wp","href":"https:\/\/api.w.org\/{rel}","templated":true}]}}