{"id":552,"date":"2017-09-19T13:22:39","date_gmt":"2017-09-19T13:22:39","guid":{"rendered":"http:\/\/www.seac.es\/es\/?page_id=552"},"modified":"2022-09-28T10:13:55","modified_gmt":"2022-09-28T10:13:55","slug":"c3a","status":"publish","type":"page","link":"https:\/\/www.seac.es\/es\/productos\/dataloggers\/c3a\/","title":{"rendered":"C3A"},"content":{"rendered":"<div id=\"pl-552\"  class=\"panel-layout\" ><div id=\"pg-552-0\"  class=\"panel-grid panel-has-style\" ><div class=\"siteorigin-panels-stretch panel-row-style panel-row-style-for-552-0\" data-stretch-type=\"full-stretched\" ><div id=\"pgc-552-0-0\"  class=\"panel-grid-cell\" ><div id=\"panel-552-0-0-0\" class=\"so-panel widget widget_sow-hero panel-first-child panel-last-child\" data-index=\"0\" ><div\n\t\t\t\n\t\t\tclass=\"so-widget-sow-hero so-widget-sow-hero-default-5dfc655a3c7d-552\"\n\t\t\t\n\t\t><div class=\"sow-slider-base\" style=\"display: none\"><ul\n\t\t\t\t\tclass=\"sow-slider-images\"\n\t\t\t\t\tdata-settings=\"{&quot;pagination&quot;:true,&quot;speed&quot;:800,&quot;timeout&quot;:8000,&quot;paused&quot;:false,&quot;pause_on_hover&quot;:false,&quot;swipe&quot;:false,&quot;nav_always_show_desktop&quot;:&quot;&quot;,&quot;nav_always_show_mobile&quot;:&quot;&quot;,&quot;breakpoint&quot;:&quot;780px&quot;,&quot;unmute&quot;:false,&quot;anchor&quot;:null}\"\n\t\t\t\t\tstyle=\"min-height: 280px\"\t\t\t\t\tdata-anchor-id=\"\"\n\t\t\t\t>\t\t<li class=\"sow-slider-image  sow-slider-image-cover\" style=\"background-color: #333333;background-image: url(https:\/\/www.seac.es\/es\/wp-content\/uploads\/2022\/09\/grua-scaled.jpg)\" >\n\t\t\t\t\t<div class=\"sow-slider-image-container\">\n\t\t\t<div class=\"sow-slider-image-wrapper\">\n\t\t\t\t<h1>C3A - Control anemom\u00e9trico de tres alarmas<\/h1>\n\t\t\t<\/div>\n\t\t<\/div>\n\t\t\t\t<\/li>\n\t\t<\/ul>\t\t\t\t<ol class=\"sow-slider-pagination\">\n\t\t\t\t\t\t\t\t\t\t\t<li><a href=\"#\" data-goto=\"0\" aria-label=\"mostrar diapositiva 1\"><\/a><\/li>\n\t\t\t\t\t\t\t\t\t<\/ol>\n\n\t\t\t\t<div class=\"sow-slide-nav sow-slide-nav-next\">\n\t\t\t\t\t<a href=\"#\" data-goto=\"next\" aria-label=\"diapositiva siguiente\" data-action=\"next\">\n\t\t\t\t\t\t<em class=\"sow-sld-icon-thin-right\"><\/em>\n\t\t\t\t\t<\/a>\n\t\t\t\t<\/div>\n\n\t\t\t\t<div class=\"sow-slide-nav sow-slide-nav-prev\">\n\t\t\t\t\t<a href=\"#\" data-goto=\"previous\" aria-label=\"diapositiva anterior\" data-action=\"prev\">\n\t\t\t\t\t\t<em class=\"sow-sld-icon-thin-left\"><\/em>\n\t\t\t\t\t<\/a>\n\t\t\t\t<\/div>\n\t\t\t\t<\/div><\/div><\/div><\/div><\/div><\/div><div id=\"pg-552-1\"  class=\"panel-grid panel-has-style\" ><div class=\"siteorigin-panels-stretch panel-row-style panel-row-style-for-552-1\" data-stretch-type=\"full\" ><div id=\"pgc-552-1-0\"  class=\"panel-grid-cell\" ><div id=\"panel-552-1-0-0\" class=\"so-panel widget widget_sow-image panel-first-child panel-last-child\" data-index=\"1\" ><div\n\t\t\t\n\t\t\tclass=\"so-widget-sow-image so-widget-sow-image-default-2ec334f0a340-552\"\n\t\t\t\n\t\t>\n\n<div class=\"sow-image-container\">\n\t\t<img src=\"https:\/\/www.seac.es\/es\/wp-content\/uploads\/2022\/06\/C3Aanemo_gruas.jpg\" width=\"1479\" height=\"1034\" srcset=\"https:\/\/www.seac.es\/es\/wp-content\/uploads\/2022\/06\/C3Aanemo_gruas.jpg 1479w, https:\/\/www.seac.es\/es\/wp-content\/uploads\/2022\/06\/C3Aanemo_gruas-300x210.jpg 300w, https:\/\/www.seac.es\/es\/wp-content\/uploads\/2022\/06\/C3Aanemo_gruas-768x537.jpg 768w, https:\/\/www.seac.es\/es\/wp-content\/uploads\/2022\/06\/C3Aanemo_gruas-1024x716.jpg 1024w, https:\/\/www.seac.es\/es\/wp-content\/uploads\/2022\/06\/C3Aanemo_gruas-24x17.jpg 24w, https:\/\/www.seac.es\/es\/wp-content\/uploads\/2022\/06\/C3Aanemo_gruas-36x25.jpg 36w, https:\/\/www.seac.es\/es\/wp-content\/uploads\/2022\/06\/C3Aanemo_gruas-48x34.jpg 48w\" sizes=\"(max-width: 1479px) 100vw, 1479px\" alt=\"\" loading=\"lazy\" \t\tclass=\"so-widget-image\"\/>\n\t<\/div>\n\n<\/div><\/div><\/div><div id=\"pgc-552-1-1\"  class=\"panel-grid-cell\" ><div id=\"panel-552-1-1-0\" class=\"so-panel widget widget_sow-editor panel-first-child\" data-index=\"2\" ><div\n\t\t\t\n\t\t\tclass=\"so-widget-sow-editor so-widget-sow-editor-base\"\n\t\t\t\n\t\t>\n<div class=\"siteorigin-widget-tinymce textwidget\">\n\t<h3>Presentaci\u00f3n<\/h3>\n<p>El Control Anemom\u00e9trico de tres alarmas (C3A), dise\u00f1ado y fabricado por SEAC SA, es un equipo destinado a medir la velocidad del viento y a la emisi\u00f3n de tres alarmas por umbrales programados por el usuario.<\/p>\n<p>El equipo, adem\u00e1s de realizar la lectura de la velocidad del viento, controla y genera las tres alarmas fijadas, as\u00ed como los par\u00e1metros de activaci\u00f3n\/desactivaci\u00f3n de las mismas, tales como tiempo de muestreo, hist\u00e9resis, tiempo de guarda de permanencia y tiempo de solape.<\/p>\n<p>Este equipo funciona con toda la gama de anem\u00f3metros de Seac. A petici\u00f3n del cliente se puede adaptar a cualquier anem\u00f3metro del mercado.<\/p>\n<h3>Caracter\u00edstica Generales<\/h3>\n<p>Umbrales programables:<br \/>\u00a0 \u00a0 \u00a0 \u00a0\u00a0 - Tiempo de Muestreo<br \/>\u00a0 \u00a0 \u00a0 \u00a0\u00a0 - Umbrales de alarmas<br \/>\u00a0 \u00a0 \u00a0 \u00a0\u00a0 - Hist\u00e9resis<br \/>\u00a0 \u00a0 \u00a0 \u00a0\u00a0 - Tiempo de alarma activa<br \/>\u00a0 \u00a0 \u00a0 \u00a0\u00a0 - Retardo en desactivaciones simult\u00e1neas<br \/>Visualizaci\u00f3n Lecturas<br \/>Salida RS232<\/p>\n<\/div>\n<\/div><\/div><div id=\"panel-552-1-1-1\" class=\"so-panel widget widget_sow-button panel-last-child\" data-index=\"3\" ><div\n\t\t\t\n\t\t\tclass=\"so-widget-sow-button so-widget-sow-button-wire-30b3367ab913-552\"\n\t\t\t\n\t\t><div class=\"ow-button-base ow-button-align-left\">\n\t<a href=\"\/docs-pdf\/GE_C3A_CAT_0001.pdf\" class=\"ow-icon-placement-left ow-button-hover\" \t\t>\n\t\t<span>\n\t\t\t\n\t\t\tVer cat\u00e1logo\t\t<\/span>\n\t<\/a>\n<\/div>\n<\/div><\/div><\/div><\/div><\/div><div id=\"pg-552-2\"  class=\"panel-grid panel-has-style\" ><div class=\"siteorigin-panels-stretch panel-row-style panel-row-style-for-552-2\" data-stretch-type=\"full\" ><div id=\"pgc-552-2-0\"  class=\"panel-grid-cell\" ><div id=\"panel-552-2-0-0\" class=\"so-panel widget widget_sow-editor panel-first-child panel-last-child\" data-index=\"4\" ><div class=\"panel-widget-style panel-widget-style-for-552-2-0-0\" ><div\n\t\t\t\n\t\t\tclass=\"so-widget-sow-editor so-widget-sow-editor-base\"\n\t\t\t\n\t\t>\n<div class=\"siteorigin-widget-tinymce textwidget\">\n\t<h1>\u00a0<\/h1>\n<h1>C3A Caracter\u00edsticas t\u00e9cnicas<\/h1>\n<\/div>\n<\/div><\/div><\/div><\/div><\/div><\/div><div id=\"pg-552-3\"  class=\"panel-grid panel-has-style\" ><div class=\"siteorigin-panels-stretch panel-row-style panel-row-style-for-552-3\" data-stretch-type=\"full\" ><div id=\"pgc-552-3-0\"  class=\"panel-grid-cell\" ><div id=\"panel-552-3-0-0\" class=\"so-panel widget widget_sow-editor panel-first-child panel-last-child\" data-index=\"5\" ><div\n\t\t\t\n\t\t\tclass=\"so-widget-sow-editor so-widget-sow-editor-base\"\n\t\t\t\n\t\t>\n<div class=\"siteorigin-widget-tinymce textwidget\">\n\t<p><strong>General<\/strong><\/p>\n<hr \/>\n<table style=\"height: 256px;\" width=\"461\">\n<tbody>\n<tr>\n<td width=\"108\">Sistema de medida<\/td>\n<td width=\"156\">\u00a0 \u00a0 \u00a0 \u00a0 \u00a0 \u00a0 \u00a0 Entrada de pulsos<\/td>\n<\/tr>\n<tr>\n<td width=\"108\">Rango de medida<\/td>\n<td width=\"156\">\u00a0 \u00a0 \u00a0 \u00a0 \u00a0 \u00a0 \u00a0 0 a 234 Km\/h<\/td>\n<\/tr>\n<tr>\n<td width=\"108\">Sensibilidad umbral<\/td>\n<td width=\"156\">\u00a0 \u00a0 \u00a0 \u00a0 \u00a0 \u00a0 \u00a0 0,7 Km\/h<\/td>\n<\/tr>\n<tr>\n<td width=\"108\">Resoluci\u00f3n<\/td>\n<td width=\"156\">\u00a0 \u00a0 \u00a0 \u00a0 \u00a0 \u00a0 \u00a0 1 Km\/h<\/td>\n<\/tr>\n<tr>\n<td width=\"108\">Precisi\u00f3n<\/td>\n<td width=\"156\"><span style=\"display: inline !important; float: none; background-color: transparent; color: #333333; cursor: text; font-family: Georgia,'Times New Roman','Bitstream Charter',Times,serif; font-size: 16px; font-style: normal; font-variant: normal; font-weight: 400; letter-spacing: normal; orphans: 2; text-align: left; text-decoration: none; text-indent: 0px; text-transform: none; -webkit-text-stroke-width: 0px; white-space: normal; word-spacing: 0px;\">\u00a0 \u00a0 \u00a0 \u00a0 \u00a0 \u00a0\u00a0 <\/span><u>+<\/u><span style=\"display: inline !important; float: none; background-color: transparent; color: #333333; cursor: text; font-family: Georgia,'Times New Roman','Bitstream Charter',Times,serif; font-size: 16px; font-style: normal; font-variant: normal; font-weight: 400; letter-spacing: normal; orphans: 2; text-align: left; text-decoration: none; text-indent: 0px; text-transform: none; -webkit-text-stroke-width: 0px; white-space: normal; word-spacing: 0px;\">2%<\/span><\/td>\n<\/tr>\n<\/tbody>\n<\/table>\n<p><strong>Alimentaci\u00f3n<\/strong><\/p>\n<hr \/>\n<table>\n<tbody>\n<tr>\n<td width=\"132\">Tensi\u00f3n de alimentaci\u00f3n<\/td>\n<td width=\"132\">12 a 24Vcc o 9,0,9 Vca<\/td>\n<\/tr>\n<tr>\n<td width=\"132\">Consumo<\/td>\n<td width=\"132\">200 mW<\/td>\n<\/tr>\n<tr>\n<td width=\"132\">Protecci\u00f3n<\/td>\n<td width=\"132\">Fusible rearmable<\/td>\n<\/tr>\n<tr>\n<td width=\"132\">Temperatura de trabajo<\/td>\n<td width=\"132\">-30\u00baC ... +70\u00baC<\/td>\n<\/tr>\n<\/tbody>\n<\/table>\n<p><strong>Material<\/strong><\/p>\n<hr \/>\n<p>Policarbonato reforzado con fibra.<\/p>\n<p><b>Salidas de alarma<\/b><\/p>\n<hr \/>\n<table>\n<tbody>\n<tr>\n<td width=\"132\">N\u00famero de Alarmas<\/td>\n<td width=\"132\">3<\/td>\n<\/tr>\n<tr>\n<td width=\"132\">Tipo<\/td>\n<td width=\"132\">Colector abierto<\/td>\n<\/tr>\n<tr>\n<td width=\"132\">Protecci\u00f3n<\/td>\n<td width=\"132\">Fusible rearmable<\/td>\n<\/tr>\n<tr>\n<td width=\"132\">Corriente m\u00e1xima<\/td>\n<td width=\"132\">200 mA por salida (est\u00e1ndar)<\/td>\n<\/tr>\n<tr>\n<td width=\"132\">Salida de Comunicaciones<\/td>\n<td width=\"132\">RS232<\/td>\n<\/tr>\n<\/tbody>\n<\/table>\n<\/div>\n<\/div><\/div><\/div><div id=\"pgc-552-3-1\"  class=\"panel-grid-cell panel-grid-cell-empty\" ><\/div><div id=\"pgc-552-3-2\"  class=\"panel-grid-cell\" ><div id=\"panel-552-3-2-0\" class=\"so-panel widget widget_sow-editor panel-first-child\" data-index=\"6\" ><div\n\t\t\t\n\t\t\tclass=\"so-widget-sow-editor so-widget-sow-editor-base\"\n\t\t\t\n\t\t>\n<div class=\"siteorigin-widget-tinymce textwidget\">\n\t<p><strong>Rango de umbrales programables<\/strong><\/p>\n<hr \/>\n<table>\n<tbody>\n<tr>\n<td width=\"132\"><span style=\"display: inline !important; float: none; background-color: transparent; color: #333333; cursor: text; font-family: Georgia,'Times New Roman','Bitstream Charter',Times,serif; font-size: 16px; font-style: normal; font-variant: normal; font-weight: 400; letter-spacing: normal; orphans: 2; text-align: left; text-decoration: none; text-indent: 0px; text-transform: none; -webkit-text-stroke-width: 0px; white-space: normal; word-spacing: 0px;\">Salida 1, 2, 3<\/span><\/td>\n<td width=\"132\"><span style=\"display: inline !important; float: none; background-color: transparent; color: #333333; cursor: text; font-family: Georgia,'Times New Roman','Bitstream Charter',Times,serif; font-size: 16px; font-style: normal; font-variant: normal; font-weight: 400; letter-spacing: normal; orphans: 2; text-align: left; text-decoration: none; text-indent: 0px; text-transform: none; -webkit-text-stroke-width: 0px; white-space: normal; word-spacing: 0px;\">De 0 a 99 Km\/h<\/span><\/td>\n<\/tr>\n<tr>\n<td width=\"132\">Tiempo de Muestreo<\/td>\n<td width=\"132\">De 0 a 99 Seg.<\/td>\n<\/tr>\n<tr>\n<td width=\"132\">Hist\u00e9resis de Alarmas<\/td>\n<td width=\"132\">De 0 a 9 Km\/h.<\/td>\n<\/tr>\n<tr>\n<td width=\"132\"><span style=\"display: inline !important; float: none; background-color: transparent; color: #333333; cursor: text; font-family: Georgia,'Times New Roman','Bitstream Charter',Times,serif; font-size: 16px; font-style: normal; font-variant: normal; font-weight: 400; letter-spacing: normal; orphans: 2; text-align: left; text-decoration: none; text-indent: 0px; text-transform: none; -webkit-text-stroke-width: 0px; white-space: normal; word-spacing: 0px;\">Alarma activa<\/span><\/td>\n<td width=\"132\"><span style=\"display: inline !important; float: none; background-color: transparent; color: #333333; cursor: text; font-family: Georgia,'Times New Roman','Bitstream Charter',Times,serif; font-size: 16px; font-style: normal; font-variant: normal; font-weight: 400; letter-spacing: normal; orphans: 2; text-align: left; text-decoration: none; text-indent: 0px; text-transform: none; -webkit-text-stroke-width: 0px; white-space: normal; word-spacing: 0px;\">De 0 a 99 min.<\/span><\/td>\n<\/tr>\n<tr>\n<td width=\"132\"><span style=\"display: inline !important; float: none; background-color: transparent; color: #333333; cursor: text; font-family: Georgia,'Times New Roman','Bitstream Charter',Times,serif; font-size: 16px; font-style: normal; font-variant: normal; font-weight: 400; letter-spacing: normal; orphans: 2; text-align: left; text-decoration: none; text-indent: 0px; text-transform: none; -webkit-text-stroke-width: 0px; white-space: normal; word-spacing: 0px;\">Retardo de desactivaciones simultaneas<\/span><\/td>\n<td width=\"132\"><span style=\"display: inline !important; float: none; background-color: transparent; color: #333333; cursor: text; font-family: Georgia,'Times New Roman','Bitstream Charter',Times,serif; font-size: 16px; font-style: normal; font-variant: normal; font-weight: 400; letter-spacing: normal; orphans: 2; text-align: left; text-decoration: none; text-indent: 0px; text-transform: none; -webkit-text-stroke-width: 0px; white-space: normal; word-spacing: 0px;\">De 0 a 99 Seg.<\/span><\/td>\n<\/tr>\n<\/tbody>\n<\/table>\n<p><strong>Visualizaci\u00f3n de Lectura y Programaci\u00f3n<\/strong><\/p>\n<hr \/>\n<table>\n<tbody>\n<tr>\n<td width=\"135\">Visualizadores<\/td>\n<td width=\"135\">3 D\u00edgitos Led<\/td>\n<\/tr>\n<tr>\n<td width=\"135\">\u00a0<\/td>\n<td width=\"135\">1 - Estado de programaci\u00f3n<\/td>\n<\/tr>\n<tr>\n<td width=\"135\">\u00a0<\/td>\n<td width=\"135\">2 y 3 - Velocidad o par\u00e1metros de configuraci\u00f3n<\/td>\n<\/tr>\n<\/tbody>\n<\/table>\n<\/div>\n<\/div><\/div><div id=\"panel-552-3-2-1\" class=\"so-panel widget widget_sow-image\" data-index=\"7\" ><div\n\t\t\t\n\t\t\tclass=\"so-widget-sow-image so-widget-sow-image-default-2ec334f0a340-552\"\n\t\t\t\n\t\t>\n\n<div class=\"sow-image-container\">\n\t\t<img src=\"https:\/\/www.seac.es\/es\/wp-content\/uploads\/2022\/04\/Armario_C3A_small_transp.png\" width=\"1080\" height=\"810\" srcset=\"https:\/\/www.seac.es\/es\/wp-content\/uploads\/2022\/04\/Armario_C3A_small_transp.png 1080w, https:\/\/www.seac.es\/es\/wp-content\/uploads\/2022\/04\/Armario_C3A_small_transp-300x225.png 300w, https:\/\/www.seac.es\/es\/wp-content\/uploads\/2022\/04\/Armario_C3A_small_transp-768x576.png 768w, https:\/\/www.seac.es\/es\/wp-content\/uploads\/2022\/04\/Armario_C3A_small_transp-1024x768.png 1024w, https:\/\/www.seac.es\/es\/wp-content\/uploads\/2022\/04\/Armario_C3A_small_transp-24x18.png 24w, https:\/\/www.seac.es\/es\/wp-content\/uploads\/2022\/04\/Armario_C3A_small_transp-36x27.png 36w, https:\/\/www.seac.es\/es\/wp-content\/uploads\/2022\/04\/Armario_C3A_small_transp-48x36.png 48w\" sizes=\"(max-width: 1080px) 100vw, 1080px\" alt=\"\" loading=\"lazy\" \t\tclass=\"so-widget-image\"\/>\n\t<\/div>\n\n<\/div><\/div><div id=\"panel-552-3-2-2\" class=\"so-panel widget widget_sow-button panel-last-child\" data-index=\"8\" ><div\n\t\t\t\n\t\t\tclass=\"so-widget-sow-button so-widget-sow-button-wire-30b3367ab913-552\"\n\t\t\t\n\t\t><div class=\"ow-button-base ow-button-align-left\">\n\t<a href=\"\/docs-pdf\/GE_C3A_CAT_0001.pdf\" class=\"ow-icon-placement-left ow-button-hover\" \t\t>\n\t\t<span>\n\t\t\t\n\t\t\tVer cat\u00e1logo\t\t<\/span>\n\t<\/a>\n<\/div>\n<\/div><\/div><\/div><\/div><\/div><\/div>","protected":false},"excerpt":{"rendered":"<p>Presentaci\u00f3n El Control Anemom\u00e9trico de tres alarmas (C3A), dise\u00f1ado y fabricado por SEAC SA, es un equipo destinado a medir la velocidad del viento y<\/p>\n","protected":false},"author":1,"featured_media":2852,"parent":280,"menu_order":0,"comment_status":"closed","ping_status":"closed","template":"","meta":[],"yoast_head":"<!-- This site is optimized with the Yoast SEO plugin v19.2 - https:\/\/yoast.com\/wordpress\/plugins\/seo\/ -->\n<title>C3A - SEAC<\/title>\n<meta name=\"description\" content=\"El C3A es un equipo destinado a medir la velocidad del viento y a la emisi\u00f3n de tres alarmas por umbrales programados por el usuario.\" \/>\n<meta name=\"robots\" content=\"index, follow, max-snippet:-1, max-image-preview:large, max-video-preview:-1\" \/>\n<link rel=\"canonical\" href=\"https:\/\/www.seac.es\/es\/productos\/dataloggers\/c3a\/\" \/>\n<meta property=\"og:locale\" content=\"es_ES\" \/>\n<meta property=\"og:type\" content=\"article\" \/>\n<meta property=\"og:title\" content=\"C3A - SEAC\" \/>\n<meta property=\"og:description\" content=\"El C3A es un equipo destinado a medir la velocidad del viento y a la emisi\u00f3n de tres alarmas por umbrales programados por el usuario.\" \/>\n<meta property=\"og:url\" content=\"https:\/\/www.seac.es\/es\/productos\/dataloggers\/c3a\/\" \/>\n<meta property=\"og:site_name\" content=\"SEAC\" \/>\n<meta property=\"article:modified_time\" content=\"2022-09-28T10:13:55+00:00\" \/>\n<meta property=\"og:image\" content=\"https:\/\/www.seac.es\/es\/wp-content\/uploads\/2022\/06\/C3A_GREY_640transpDatalog3.png\" \/>\n\t<meta property=\"og:image:width\" content=\"840\" \/>\n\t<meta property=\"og:image:height\" content=\"520\" \/>\n\t<meta property=\"og:image:type\" content=\"image\/png\" \/>\n<meta name=\"author\" content=\"adminblogseac\" \/>\n<meta name=\"twitter:card\" content=\"summary_large_image\" \/>\n<meta name=\"twitter:label1\" content=\"Tiempo de lectura\" \/>\n\t<meta name=\"twitter:data1\" content=\"2 minutos\" \/>\n<script type=\"application\/ld+json\" class=\"yoast-schema-graph\">{\"@context\":\"https:\/\/schema.org\",\"@graph\":[{\"@type\":\"Organization\",\"@id\":\"https:\/\/www.seac.es\/es\/#organization\",\"name\":\"SEAC S.A.\",\"url\":\"https:\/\/www.seac.es\/es\/\",\"sameAs\":[],\"logo\":{\"@type\":\"ImageObject\",\"inLanguage\":\"es\",\"@id\":\"https:\/\/www.seac.es\/es\/#\/schema\/logo\/image\/\",\"url\":\"https:\/\/www.seac.es\/es\/wp-content\/uploads\/2017\/08\/logoSEAC240x105.png\",\"contentUrl\":\"https:\/\/www.seac.es\/es\/wp-content\/uploads\/2017\/08\/logoSEAC240x105.png\",\"width\":240,\"height\":105,\"caption\":\"SEAC S.A.\"},\"image\":{\"@id\":\"https:\/\/www.seac.es\/es\/#\/schema\/logo\/image\/\"}},{\"@type\":\"WebSite\",\"@id\":\"https:\/\/www.seac.es\/es\/#website\",\"url\":\"https:\/\/www.seac.es\/es\/\",\"name\":\"SEAC\",\"description\":\"Meteorolog\u00eda y equipos de medida\",\"publisher\":{\"@id\":\"https:\/\/www.seac.es\/es\/#organization\"},\"potentialAction\":[{\"@type\":\"SearchAction\",\"target\":{\"@type\":\"EntryPoint\",\"urlTemplate\":\"https:\/\/www.seac.es\/es\/?s={search_term_string}\"},\"query-input\":\"required name=search_term_string\"}],\"inLanguage\":\"es\"},{\"@type\":\"ImageObject\",\"inLanguage\":\"es\",\"@id\":\"https:\/\/www.seac.es\/es\/productos\/dataloggers\/c3a\/#primaryimage\",\"url\":\"https:\/\/www.seac.es\/es\/wp-content\/uploads\/2022\/06\/C3A_GREY_640transpDatalog3.png\",\"contentUrl\":\"https:\/\/www.seac.es\/es\/wp-content\/uploads\/2022\/06\/C3A_GREY_640transpDatalog3.png\",\"width\":840,\"height\":520},{\"@type\":\"WebPage\",\"@id\":\"https:\/\/www.seac.es\/es\/productos\/dataloggers\/c3a\/#webpage\",\"url\":\"https:\/\/www.seac.es\/es\/productos\/dataloggers\/c3a\/\",\"name\":\"C3A - SEAC\",\"isPartOf\":{\"@id\":\"https:\/\/www.seac.es\/es\/#website\"},\"primaryImageOfPage\":{\"@id\":\"https:\/\/www.seac.es\/es\/productos\/dataloggers\/c3a\/#primaryimage\"},\"datePublished\":\"2017-09-19T13:22:39+00:00\",\"dateModified\":\"2022-09-28T10:13:55+00:00\",\"description\":\"El C3A es un equipo destinado a medir la velocidad del viento y a la emisi\u00f3n de tres alarmas por umbrales programados por el usuario.\",\"breadcrumb\":{\"@id\":\"https:\/\/www.seac.es\/es\/productos\/dataloggers\/c3a\/#breadcrumb\"},\"inLanguage\":\"es\",\"potentialAction\":[{\"@type\":\"ReadAction\",\"target\":[\"https:\/\/www.seac.es\/es\/productos\/dataloggers\/c3a\/\"]}]},{\"@type\":\"BreadcrumbList\",\"@id\":\"https:\/\/www.seac.es\/es\/productos\/dataloggers\/c3a\/#breadcrumb\",\"itemListElement\":[{\"@type\":\"ListItem\",\"position\":1,\"name\":\"Portada\",\"item\":\"https:\/\/www.seac.es\/es\/\"},{\"@type\":\"ListItem\",\"position\":2,\"name\":\"Productos\",\"item\":\"https:\/\/www.seac.es\/es\/productos\/\"},{\"@type\":\"ListItem\",\"position\":3,\"name\":\"Dataloggers\",\"item\":\"https:\/\/www.seac.es\/es\/productos\/dataloggers\/\"},{\"@type\":\"ListItem\",\"position\":4,\"name\":\"C3A\"}]}]}<\/script>\n<!-- \/ Yoast SEO plugin. -->","yoast_head_json":{"title":"C3A - SEAC","description":"El C3A es un equipo destinado a medir la velocidad del viento y a la emisi\u00f3n de tres alarmas por umbrales programados por el usuario.","robots":{"index":"index","follow":"follow","max-snippet":"max-snippet:-1","max-image-preview":"max-image-preview:large","max-video-preview":"max-video-preview:-1"},"canonical":"https:\/\/www.seac.es\/es\/productos\/dataloggers\/c3a\/","og_locale":"es_ES","og_type":"article","og_title":"C3A - SEAC","og_description":"El C3A es un equipo destinado a medir la velocidad del viento y a la emisi\u00f3n de tres alarmas por umbrales programados por el usuario.","og_url":"https:\/\/www.seac.es\/es\/productos\/dataloggers\/c3a\/","og_site_name":"SEAC","article_modified_time":"2022-09-28T10:13:55+00:00","og_image":[{"width":840,"height":520,"url":"https:\/\/www.seac.es\/es\/wp-content\/uploads\/2022\/06\/C3A_GREY_640transpDatalog3.png","type":"image\/png"}],"author":"adminblogseac","twitter_card":"summary_large_image","twitter_misc":{"Tiempo de lectura":"2 minutos"},"schema":{"@context":"https:\/\/schema.org","@graph":[{"@type":"Organization","@id":"https:\/\/www.seac.es\/es\/#organization","name":"SEAC S.A.","url":"https:\/\/www.seac.es\/es\/","sameAs":[],"logo":{"@type":"ImageObject","inLanguage":"es","@id":"https:\/\/www.seac.es\/es\/#\/schema\/logo\/image\/","url":"https:\/\/www.seac.es\/es\/wp-content\/uploads\/2017\/08\/logoSEAC240x105.png","contentUrl":"https:\/\/www.seac.es\/es\/wp-content\/uploads\/2017\/08\/logoSEAC240x105.png","width":240,"height":105,"caption":"SEAC S.A."},"image":{"@id":"https:\/\/www.seac.es\/es\/#\/schema\/logo\/image\/"}},{"@type":"WebSite","@id":"https:\/\/www.seac.es\/es\/#website","url":"https:\/\/www.seac.es\/es\/","name":"SEAC","description":"Meteorolog\u00eda y equipos de medida","publisher":{"@id":"https:\/\/www.seac.es\/es\/#organization"},"potentialAction":[{"@type":"SearchAction","target":{"@type":"EntryPoint","urlTemplate":"https:\/\/www.seac.es\/es\/?s={search_term_string}"},"query-input":"required name=search_term_string"}],"inLanguage":"es"},{"@type":"ImageObject","inLanguage":"es","@id":"https:\/\/www.seac.es\/es\/productos\/dataloggers\/c3a\/#primaryimage","url":"https:\/\/www.seac.es\/es\/wp-content\/uploads\/2022\/06\/C3A_GREY_640transpDatalog3.png","contentUrl":"https:\/\/www.seac.es\/es\/wp-content\/uploads\/2022\/06\/C3A_GREY_640transpDatalog3.png","width":840,"height":520},{"@type":"WebPage","@id":"https:\/\/www.seac.es\/es\/productos\/dataloggers\/c3a\/#webpage","url":"https:\/\/www.seac.es\/es\/productos\/dataloggers\/c3a\/","name":"C3A - SEAC","isPartOf":{"@id":"https:\/\/www.seac.es\/es\/#website"},"primaryImageOfPage":{"@id":"https:\/\/www.seac.es\/es\/productos\/dataloggers\/c3a\/#primaryimage"},"datePublished":"2017-09-19T13:22:39+00:00","dateModified":"2022-09-28T10:13:55+00:00","description":"El C3A es un equipo destinado a medir la velocidad del viento y a la emisi\u00f3n de tres alarmas por umbrales programados por el usuario.","breadcrumb":{"@id":"https:\/\/www.seac.es\/es\/productos\/dataloggers\/c3a\/#breadcrumb"},"inLanguage":"es","potentialAction":[{"@type":"ReadAction","target":["https:\/\/www.seac.es\/es\/productos\/dataloggers\/c3a\/"]}]},{"@type":"BreadcrumbList","@id":"https:\/\/www.seac.es\/es\/productos\/dataloggers\/c3a\/#breadcrumb","itemListElement":[{"@type":"ListItem","position":1,"name":"Portada","item":"https:\/\/www.seac.es\/es\/"},{"@type":"ListItem","position":2,"name":"Productos","item":"https:\/\/www.seac.es\/es\/productos\/"},{"@type":"ListItem","position":3,"name":"Dataloggers","item":"https:\/\/www.seac.es\/es\/productos\/dataloggers\/"},{"@type":"ListItem","position":4,"name":"C3A"}]}]}},"_links":{"self":[{"href":"https:\/\/www.seac.es\/es\/wp-json\/wp\/v2\/pages\/552"}],"collection":[{"href":"https:\/\/www.seac.es\/es\/wp-json\/wp\/v2\/pages"}],"about":[{"href":"https:\/\/www.seac.es\/es\/wp-json\/wp\/v2\/types\/page"}],"author":[{"embeddable":true,"href":"https:\/\/www.seac.es\/es\/wp-json\/wp\/v2\/users\/1"}],"replies":[{"embeddable":true,"href":"https:\/\/www.seac.es\/es\/wp-json\/wp\/v2\/comments?post=552"}],"version-history":[{"count":75,"href":"https:\/\/www.seac.es\/es\/wp-json\/wp\/v2\/pages\/552\/revisions"}],"predecessor-version":[{"id":3437,"href":"https:\/\/www.seac.es\/es\/wp-json\/wp\/v2\/pages\/552\/revisions\/3437"}],"up":[{"embeddable":true,"href":"https:\/\/www.seac.es\/es\/wp-json\/wp\/v2\/pages\/280"}],"wp:featuredmedia":[{"embeddable":true,"href":"https:\/\/www.seac.es\/es\/wp-json\/wp\/v2\/media\/2852"}],"wp:attachment":[{"href":"https:\/\/www.seac.es\/es\/wp-json\/wp\/v2\/media?parent=552"}],"curies":[{"name":"wp","href":"https:\/\/api.w.org\/{rel}","templated":true}]}}