{"id":531,"date":"2017-09-19T12:55:37","date_gmt":"2017-09-19T12:55:37","guid":{"rendered":"http:\/\/www.seac.es\/es\/?page_id=531"},"modified":"2022-09-29T10:23:48","modified_gmt":"2022-09-29T10:23:48","slug":"rd55","status":"publish","type":"page","link":"https:\/\/www.seac.es\/es\/productos\/dataloggers\/rd55\/","title":{"rendered":"RD55"},"content":{"rendered":"<div id=\"pl-531\"  class=\"panel-layout\" ><div id=\"pg-531-0\"  class=\"panel-grid panel-has-style\" ><div class=\"siteorigin-panels-stretch panel-row-style panel-row-style-for-531-0\" data-stretch-type=\"full-stretched\" ><div id=\"pgc-531-0-0\"  class=\"panel-grid-cell\" ><div id=\"panel-531-0-0-0\" class=\"so-panel widget widget_sow-hero panel-first-child panel-last-child\" data-index=\"0\" ><div\n\t\t\t\n\t\t\tclass=\"so-widget-sow-hero so-widget-sow-hero-default-5dfc655a3c7d-531\"\n\t\t\t\n\t\t><div class=\"sow-slider-base\" style=\"display: none\"><ul\n\t\t\t\t\tclass=\"sow-slider-images\"\n\t\t\t\t\tdata-settings=\"{&quot;pagination&quot;:true,&quot;speed&quot;:800,&quot;timeout&quot;:8000,&quot;paused&quot;:false,&quot;pause_on_hover&quot;:false,&quot;swipe&quot;:false,&quot;nav_always_show_desktop&quot;:&quot;&quot;,&quot;nav_always_show_mobile&quot;:&quot;&quot;,&quot;breakpoint&quot;:&quot;780px&quot;,&quot;unmute&quot;:false,&quot;anchor&quot;:null}\"\n\t\t\t\t\tstyle=\"min-height: 280px\"\t\t\t\t\tdata-anchor-id=\"\"\n\t\t\t\t>\t\t<li class=\"sow-slider-image  sow-slider-image-cover\" style=\"background-color: #333333;background-image: url(https:\/\/www.seac.es\/es\/wp-content\/uploads\/2022\/09\/eolica-scaled.jpg)\" >\n\t\t\t\t\t<div class=\"sow-slider-image-container\">\n\t\t\t<div class=\"sow-slider-image-wrapper\">\n\t\t\t\t<h1>RD55 Registrador de datos<\/h1>\n\t\t\t<\/div>\n\t\t<\/div>\n\t\t\t\t<\/li>\n\t\t<\/ul>\t\t\t\t<ol class=\"sow-slider-pagination\">\n\t\t\t\t\t\t\t\t\t\t\t<li><a href=\"#\" data-goto=\"0\" aria-label=\"mostrar diapositiva 1\"><\/a><\/li>\n\t\t\t\t\t\t\t\t\t<\/ol>\n\n\t\t\t\t<div class=\"sow-slide-nav sow-slide-nav-next\">\n\t\t\t\t\t<a href=\"#\" data-goto=\"next\" aria-label=\"diapositiva siguiente\" data-action=\"next\">\n\t\t\t\t\t\t<em class=\"sow-sld-icon-thin-right\"><\/em>\n\t\t\t\t\t<\/a>\n\t\t\t\t<\/div>\n\n\t\t\t\t<div class=\"sow-slide-nav sow-slide-nav-prev\">\n\t\t\t\t\t<a href=\"#\" data-goto=\"previous\" aria-label=\"diapositiva anterior\" data-action=\"prev\">\n\t\t\t\t\t\t<em class=\"sow-sld-icon-thin-left\"><\/em>\n\t\t\t\t\t<\/a>\n\t\t\t\t<\/div>\n\t\t\t\t<\/div><\/div><\/div><\/div><\/div><\/div><div id=\"pg-531-1\"  class=\"panel-grid panel-has-style\" ><div class=\"siteorigin-panels-stretch panel-row-style panel-row-style-for-531-1\" data-stretch-type=\"full\" ><div id=\"pgc-531-1-0\"  class=\"panel-grid-cell\" ><div id=\"panel-531-1-0-0\" class=\"so-panel widget widget_sow-image panel-first-child panel-last-child\" data-index=\"1\" ><div\n\t\t\t\n\t\t\tclass=\"so-widget-sow-image so-widget-sow-image-default-2ec334f0a340-531\"\n\t\t\t\n\t\t>\n\n<div class=\"sow-image-container\">\n\t\t<img src=\"https:\/\/www.seac.es\/es\/wp-content\/uploads\/2019\/06\/RD55FRONT-1.png\" width=\"1501\" height=\"836\" srcset=\"https:\/\/www.seac.es\/es\/wp-content\/uploads\/2019\/06\/RD55FRONT-1.png 1501w, https:\/\/www.seac.es\/es\/wp-content\/uploads\/2019\/06\/RD55FRONT-1-300x167.png 300w, https:\/\/www.seac.es\/es\/wp-content\/uploads\/2019\/06\/RD55FRONT-1-768x428.png 768w, https:\/\/www.seac.es\/es\/wp-content\/uploads\/2019\/06\/RD55FRONT-1-1024x570.png 1024w, https:\/\/www.seac.es\/es\/wp-content\/uploads\/2019\/06\/RD55FRONT-1-24x13.png 24w, https:\/\/www.seac.es\/es\/wp-content\/uploads\/2019\/06\/RD55FRONT-1-36x20.png 36w, https:\/\/www.seac.es\/es\/wp-content\/uploads\/2019\/06\/RD55FRONT-1-48x27.png 48w\" sizes=\"(max-width: 1501px) 100vw, 1501px\" title=\"RD55FRONT\" alt=\"\" loading=\"lazy\" \t\tclass=\"so-widget-image\"\/>\n\t<\/div>\n\n<\/div><\/div><\/div><div id=\"pgc-531-1-1\"  class=\"panel-grid-cell\" ><div id=\"panel-531-1-1-0\" class=\"so-panel widget widget_sow-editor panel-first-child\" data-index=\"2\" ><div\n\t\t\t\n\t\t\tclass=\"so-widget-sow-editor so-widget-sow-editor-base\"\n\t\t\t\n\t\t>\n<div class=\"siteorigin-widget-tinymce textwidget\">\n\t<h3>Presentaci\u00f3n<\/h3>\n<p>El RD55 es un registrador\u2013transmisor de datos dise\u00f1ado para satisfacer las necesidades de procesamiento, registro y transmisi\u00f3n de datos ambientales procedentes de cualquier tipo de se\u00f1al.<\/p>\n<p>Concebido principalmente para la adquisici\u00f3n de entradas digitales serie, tiene la opci\u00f3n de instalar una tarjeta de interfaz para la adquisici\u00f3n de datos a partir de: frecuencia, pulsos y sensores anal\u00f3gicos.<\/p>\n<h3>Caracter\u00edsticas<\/h3>\n<p>- Entradas serie: RS232, RS485, SDI 12; Construido con protocolos que satisfacen a la mayor\u00eda de fabricantes. <br \/>- El tipo de hardware y sistema operativo Windows CE embebido permite incorporar al RD55 cualquier otro protocolo propietario, as\u00ed como cualquier algoritmo de procesamiento para satisfacer las necesidades del cliente.<br \/>- Los datos recogidos, correspondientes a los intervalos desde 1 segundo hasta 24 horas, se almacenan en una memoria interna de 8 GB.<br \/>- El RD55 tiene una interfaz Ethernet para ser conectado mediante red IP.<br \/>- M\u00f3dem interno 3G \/ GPRS para la transmisi\u00f3n desde ubicaciones remotas sin necesidad de infraestructura.<br \/>- Posee una salida serie RS232 para cualquier otra forma de transmisi\u00f3n (radio, sat\u00e9lite, etc.)<br \/>- GPS interno para la sincronizaci\u00f3n de tiempo.<br \/>- Posee una pantalla t\u00e1ctil a color de 4.3\" para la visualizaci\u00f3n y configuraci\u00f3n de par\u00e1metros y tareas de mantenimiento. <\/p>\n<\/div>\n<\/div><\/div><div id=\"panel-531-1-1-1\" class=\"so-panel widget widget_sow-button panel-last-child\" data-index=\"3\" ><div\n\t\t\t\n\t\t\tclass=\"so-widget-sow-button so-widget-sow-button-wire-30b3367ab913-531\"\n\t\t\t\n\t\t><div class=\"ow-button-base ow-button-align-left\">\n\t<a href=\"\/docs-pdf\/GE_IE_CAT_0009.pdf\" class=\"ow-icon-placement-left ow-button-hover\" \t\t>\n\t\t<span>\n\t\t\t\n\t\t\tVer cat\u00e1logo\t\t<\/span>\n\t<\/a>\n<\/div>\n<\/div><\/div><\/div><\/div><\/div><div id=\"pg-531-2\"  class=\"panel-grid panel-has-style\" ><div class=\"siteorigin-panels-stretch panel-row-style panel-row-style-for-531-2\" data-stretch-type=\"full\" ><div id=\"pgc-531-2-0\"  class=\"panel-grid-cell\" ><div id=\"panel-531-2-0-0\" class=\"so-panel widget widget_sow-editor panel-first-child panel-last-child\" data-index=\"4\" ><div class=\"panel-widget-style panel-widget-style-for-531-2-0-0\" ><div\n\t\t\t\n\t\t\tclass=\"so-widget-sow-editor so-widget-sow-editor-base\"\n\t\t\t\n\t\t>\n<div class=\"siteorigin-widget-tinymce textwidget\">\n\t<h1>\u00a0<\/h1>\n<h1>RD55 Caracter\u00edsticas t\u00e9cnicas<\/h1>\n<\/div>\n<\/div><\/div><\/div><\/div><\/div><\/div><div id=\"pg-531-3\"  class=\"panel-grid panel-has-style\" ><div class=\"siteorigin-panels-stretch panel-row-style panel-row-style-for-531-3\" data-stretch-type=\"full\" ><div id=\"pgc-531-3-0\"  class=\"panel-grid-cell\" ><div id=\"panel-531-3-0-0\" class=\"so-panel widget widget_sow-editor panel-first-child panel-last-child\" data-index=\"5\" ><div\n\t\t\t\n\t\t\tclass=\"so-widget-sow-editor so-widget-sow-editor-base\"\n\t\t\t\n\t\t>\n<div class=\"siteorigin-widget-tinymce textwidget\">\n\t<p><strong>Entrada de sensores<\/strong><\/p>\n<hr \/>\n<table width=\"305\">\n<tbody>\n<tr>\n<td width=\"125\">Anal\u00f3gicas<\/td>\n<td width=\"180\">Modo tensi\u00f3n<\/td>\n<\/tr>\n<tr>\n<td width=\"125\">\u00a0<\/td>\n<td width=\"180\">\u00a0\u00a0\u00a0 - 4 Configuraci\u00f3n modo com\u00fan<\/td>\n<\/tr>\n<tr>\n<td width=\"125\">\u00a0<\/td>\n<td width=\"180\">\u00a0\u00a0\u00a0 - 2 Configuraci\u00f3n modo diferencial<\/td>\n<\/tr>\n<tr>\n<td width=\"125\">\u00a0<\/td>\n<td width=\"180\">Modo resistencia<\/td>\n<\/tr>\n<tr>\n<td width=\"125\">\u00a0<\/td>\n<td width=\"180\">\u00a0\u00a0\u00a0 - 2 entradas (e.j. PT100)<\/td>\n<\/tr>\n<tr>\n<td width=\"125\">\u00a0<\/td>\n<td width=\"180\">Modo corriente<\/td>\n<\/tr>\n<tr>\n<td width=\"125\">\u00a0<\/td>\n<td width=\"180\">\u00a0\u00a0\u00a0 - 4 entradas (e.j. 4-20 mA)<\/td>\n<\/tr>\n<tr>\n<td width=\"125\">Digitales<\/td>\n<td width=\"180\">3 entradas:<\/td>\n<\/tr>\n<tr>\n<td width=\"125\">\u00a0<\/td>\n<td width=\"180\">\u00a0\u00a0\u00a0 - 2 frecuencia\/contador<\/td>\n<\/tr>\n<tr>\n<td width=\"125\">\u00a0<\/td>\n<td width=\"180\">\u00a0\u00a0\u00a0 - 1 paralelo 8 bits o serie s\u00edncrona<\/td>\n<\/tr>\n<\/tbody>\n<\/table>\n<p><strong>Rango, Resoluci\u00f3n y Precisi\u00f3n<\/strong><\/p>\n<hr \/>\n<table>\n<tbody>\n<tr>\n<td width=\"125\">\u00a0<\/td>\n<td width=\"60\">Rango<\/td>\n<td width=\"60\">Resoluci\u00f3n<\/td>\n<td width=\"60\">Precisi\u00f3n<\/td>\n<\/tr>\n<tr>\n<td rowspan=\"2\" width=\"125\">Anal\u00f3gicas<\/td>\n<td width=\"60\">0~2.4 V<\/td>\n<td width=\"60\">50 \u00b5V<\/td>\n<td width=\"60\">500 \u00b5V<\/td>\n<\/tr>\n<tr>\n<td width=\"60\">0~70 mV<\/td>\n<td width=\"60\">10 \u00b5V<\/td>\n<td width=\"60\">100 \u00b5V<\/td>\n<\/tr>\n<tr>\n<td width=\"125\">Digitales frecuencia<\/td>\n<td width=\"60\">10 KHz<\/td>\n<td width=\"60\">1 Hz<\/td>\n<td width=\"60\">1 Hz<\/td>\n<\/tr>\n<tr>\n<td width=\"125\">Contadores<\/td>\n<td width=\"60\">65535<\/td>\n<td width=\"60\">1 pulso<\/td>\n<td width=\"60\">1 pulso<\/td>\n<\/tr>\n<\/tbody>\n<\/table>\n<p><strong>Medidas<\/strong><\/p>\n<hr \/>\n<table width=\"305\">\n<tbody>\n<tr>\n<td width=\"125\">Tipo tiempos<\/td>\n<td width=\"180\">Captura, muestreo e integraci\u00f3n<\/td>\n<\/tr>\n<tr>\n<td width=\"125\">Rangos<\/td>\n<td width=\"180\">De 1 seg a 24 horas<\/td>\n<\/tr>\n<tr>\n<td width=\"125\">Escalado<\/td>\n<td width=\"180\">E.j. -30\u00baC~70\u00baC, 4-20mA, etc.<\/td>\n<\/tr>\n<\/tbody>\n<\/table>\n<p><strong>Reloj<\/strong><\/p>\n<hr \/>\n<table>\n<tbody>\n<tr>\n<td width=\"125\">Tipo<\/td>\n<td width=\"180\">dd\/mm\/aaaa - hh:mm:ss<\/td>\n<\/tr>\n<tr>\n<td width=\"125\">Resoluci\u00f3n y precisi\u00f3n<\/td>\n<td width=\"180\">1 segundo - 10 ppm<\/td>\n<\/tr>\n<tr>\n<td width=\"125\">Sincronizaci\u00f3n<\/td>\n<td width=\"180\">Por GPS interno o SNTP (IP)<\/td>\n<\/tr>\n<\/tbody>\n<\/table>\n<p><strong>Nota<\/strong><\/p>\n<hr \/>\n<p>La tarjeta de interfaz anal\u00f3gica, el display y el modem 3G\/GPRS son elementos opcionales.<\/p><\/div>\n<\/div><\/div><\/div><div id=\"pgc-531-3-1\"  class=\"panel-grid-cell panel-grid-cell-empty\" ><\/div><div id=\"pgc-531-3-2\"  class=\"panel-grid-cell\" ><div id=\"panel-531-3-2-0\" class=\"so-panel widget widget_sow-editor panel-first-child\" data-index=\"6\" ><div\n\t\t\t\n\t\t\tclass=\"so-widget-sow-editor so-widget-sow-editor-base\"\n\t\t\t\n\t\t>\n<div class=\"siteorigin-widget-tinymce textwidget\">\n\t<p><strong>Comunicaciones serie<\/strong><\/p>\n<hr \/>\n<table width=\"369\">\n<tbody>\n<tr>\n<td width=\"175\">Ethernet<\/td>\n<td width=\"194\">1 puerto<\/td>\n<\/tr>\n<tr>\n<td width=\"175\">RS232<\/td>\n<td width=\"194\">2 puertos<\/td>\n<\/tr>\n<tr>\n<td width=\"175\">RS485<\/td>\n<td width=\"194\">2 puertos<\/td>\n<\/tr>\n<tr>\n<td width=\"175\">SDI-12<\/td>\n<td width=\"194\">1 puerto<\/td>\n<\/tr>\n<tr>\n<td width=\"175\">Modem<\/td>\n<td width=\"194\">3G\/GPRS<\/td>\n<\/tr>\n<\/tbody>\n<\/table>\n<p><strong>Visualizaci\u00f3n<\/strong><\/p>\n<hr \/>\n<table width=\"355\">\n<tbody>\n<tr>\n<td width=\"175\">Display<\/td>\n<td width=\"180\">Pantalla t\u00e1ctil de 4.3\u201d<\/td>\n<\/tr>\n<\/tbody>\n<\/table>\n<p><strong>Alimentaci\u00f3n<\/strong><\/p>\n<hr \/>\n<table width=\"376\">\n<tbody>\n<tr>\n<td width=\"175\">Rango<\/td>\n<td colspan=\"2\" width=\"201\">8~32VDC<\/td>\n<\/tr>\n<tr>\n<td width=\"175\">Consumo m\u00e1ximo<\/td>\n<td width=\"194\">1.5W<\/td>\n<td width=\"8\">\u00a0<\/td>\n<\/tr>\n<tr>\n<td width=\"175\">Temperatura de funcionamiento<\/td>\n<td colspan=\"2\" width=\"201\">-40\u00baC~60\u00baC<\/td>\n<\/tr>\n<\/tbody>\n<\/table>\n<p><strong>Procesador y SO<\/strong><\/p>\n<hr \/>\n<table width=\"369\">\n<tbody>\n<tr>\n<td width=\"175\">Procesador<\/td>\n<td width=\"194\">ARM Cortex A5<\/td>\n<\/tr>\n<tr>\n<td width=\"175\">Sistema Operativo<\/td>\n<td width=\"194\">Windows embebido<\/td>\n<\/tr>\n<\/tbody>\n<\/table>\n<p><strong>Mec\u00e1nica y dimensiones<\/strong><\/p>\n<hr \/>\n<table width=\"369\">\n<tbody>\n<tr>\n<td width=\"175\">Material carcasa<\/td>\n<td width=\"194\">Aluminio pintado<\/td>\n<\/tr>\n<tr>\n<td width=\"175\">Longitud<\/td>\n<td width=\"194\">170 mm<\/td>\n<\/tr>\n<tr>\n<td width=\"175\">Anchura<\/td>\n<td width=\"194\">130 mm<\/td>\n<\/tr>\n<tr>\n<td width=\"175\">Altura<\/td>\n<td width=\"194\">60 mm<\/td>\n<\/tr>\n<tr>\n<td width=\"175\">Peso<\/td>\n<td width=\"194\">560 gr<\/td>\n<\/tr>\n<\/tbody>\n<\/table><\/div>\n<\/div><\/div><div id=\"panel-531-3-2-1\" class=\"so-panel widget widget_sow-button panel-last-child\" data-index=\"7\" ><div\n\t\t\t\n\t\t\tclass=\"so-widget-sow-button so-widget-sow-button-wire-30b3367ab913-531\"\n\t\t\t\n\t\t><div class=\"ow-button-base ow-button-align-left\">\n\t<a href=\"\/docs-pdf\/GE_IE_CAT_0009.pdf\" class=\"ow-icon-placement-left ow-button-hover\" \t\t>\n\t\t<span>\n\t\t\t\n\t\t\tVer cat\u00e1logo\t\t<\/span>\n\t<\/a>\n<\/div>\n<\/div><\/div><\/div><\/div><\/div><\/div>","protected":false},"excerpt":{"rendered":"<p>Presentaci\u00f3n El RD55 es un registrador\u2013transmisor de datos dise\u00f1ado para satisfacer las necesidades de procesamiento, registro y transmisi\u00f3n de datos ambientales procedentes de cualquier tipo<\/p>\n","protected":false},"author":1,"featured_media":1775,"parent":280,"menu_order":0,"comment_status":"closed","ping_status":"closed","template":"","meta":[],"yoast_head":"<!-- This site is optimized with the Yoast SEO plugin v19.2 - https:\/\/yoast.com\/wordpress\/plugins\/seo\/ -->\n<title>RD55 - SEAC<\/title>\n<meta name=\"description\" content=\"El RD55 es un registrador\u2013transmisor de datos dise\u00f1ado para satisfacer las necesidades de procesamiento, registro y transmisi\u00f3n de datos ambientales procedentes de cualquier tipo de se\u00f1al.\" \/>\n<meta name=\"robots\" content=\"index, follow, max-snippet:-1, max-image-preview:large, max-video-preview:-1\" \/>\n<link rel=\"canonical\" href=\"https:\/\/www.seac.es\/es\/productos\/dataloggers\/rd55\/\" \/>\n<meta property=\"og:locale\" content=\"es_ES\" \/>\n<meta property=\"og:type\" content=\"article\" \/>\n<meta property=\"og:title\" content=\"RD55 - SEAC\" \/>\n<meta property=\"og:description\" content=\"El RD55 es un registrador\u2013transmisor de datos dise\u00f1ado para satisfacer las necesidades de procesamiento, registro y transmisi\u00f3n de datos ambientales procedentes de cualquier tipo de se\u00f1al.\" \/>\n<meta property=\"og:url\" content=\"https:\/\/www.seac.es\/es\/productos\/dataloggers\/rd55\/\" \/>\n<meta property=\"og:site_name\" content=\"SEAC\" \/>\n<meta property=\"article:modified_time\" content=\"2022-09-29T10:23:48+00:00\" \/>\n<meta property=\"og:image\" content=\"https:\/\/www.seac.es\/es\/wp-content\/uploads\/2019\/06\/RD55A.gif\" \/>\n\t<meta property=\"og:image:width\" content=\"3807\" \/>\n\t<meta property=\"og:image:height\" content=\"2052\" \/>\n\t<meta property=\"og:image:type\" content=\"image\/gif\" \/>\n<meta name=\"author\" content=\"adminblogseac\" \/>\n<meta name=\"twitter:card\" content=\"summary_large_image\" \/>\n<meta name=\"twitter:label1\" content=\"Tiempo de lectura\" \/>\n\t<meta name=\"twitter:data1\" content=\"2 minutos\" \/>\n<script type=\"application\/ld+json\" class=\"yoast-schema-graph\">{\"@context\":\"https:\/\/schema.org\",\"@graph\":[{\"@type\":\"Organization\",\"@id\":\"https:\/\/www.seac.es\/es\/#organization\",\"name\":\"SEAC S.A.\",\"url\":\"https:\/\/www.seac.es\/es\/\",\"sameAs\":[],\"logo\":{\"@type\":\"ImageObject\",\"inLanguage\":\"es\",\"@id\":\"https:\/\/www.seac.es\/es\/#\/schema\/logo\/image\/\",\"url\":\"https:\/\/www.seac.es\/es\/wp-content\/uploads\/2017\/08\/logoSEAC240x105.png\",\"contentUrl\":\"https:\/\/www.seac.es\/es\/wp-content\/uploads\/2017\/08\/logoSEAC240x105.png\",\"width\":240,\"height\":105,\"caption\":\"SEAC S.A.\"},\"image\":{\"@id\":\"https:\/\/www.seac.es\/es\/#\/schema\/logo\/image\/\"}},{\"@type\":\"WebSite\",\"@id\":\"https:\/\/www.seac.es\/es\/#website\",\"url\":\"https:\/\/www.seac.es\/es\/\",\"name\":\"SEAC\",\"description\":\"Meteorolog\u00eda y equipos de medida\",\"publisher\":{\"@id\":\"https:\/\/www.seac.es\/es\/#organization\"},\"potentialAction\":[{\"@type\":\"SearchAction\",\"target\":{\"@type\":\"EntryPoint\",\"urlTemplate\":\"https:\/\/www.seac.es\/es\/?s={search_term_string}\"},\"query-input\":\"required name=search_term_string\"}],\"inLanguage\":\"es\"},{\"@type\":\"ImageObject\",\"inLanguage\":\"es\",\"@id\":\"https:\/\/www.seac.es\/es\/productos\/dataloggers\/rd55\/#primaryimage\",\"url\":\"https:\/\/www.seac.es\/es\/wp-content\/uploads\/2019\/06\/RD55A.gif\",\"contentUrl\":\"https:\/\/www.seac.es\/es\/wp-content\/uploads\/2019\/06\/RD55A.gif\",\"width\":3807,\"height\":2052,\"caption\":\"Datalogger RD55 seac\"},{\"@type\":\"WebPage\",\"@id\":\"https:\/\/www.seac.es\/es\/productos\/dataloggers\/rd55\/#webpage\",\"url\":\"https:\/\/www.seac.es\/es\/productos\/dataloggers\/rd55\/\",\"name\":\"RD55 - SEAC\",\"isPartOf\":{\"@id\":\"https:\/\/www.seac.es\/es\/#website\"},\"primaryImageOfPage\":{\"@id\":\"https:\/\/www.seac.es\/es\/productos\/dataloggers\/rd55\/#primaryimage\"},\"datePublished\":\"2017-09-19T12:55:37+00:00\",\"dateModified\":\"2022-09-29T10:23:48+00:00\",\"description\":\"El RD55 es un registrador\u2013transmisor de datos dise\u00f1ado para satisfacer las necesidades de procesamiento, registro y transmisi\u00f3n de datos ambientales procedentes de cualquier tipo de se\u00f1al.\",\"breadcrumb\":{\"@id\":\"https:\/\/www.seac.es\/es\/productos\/dataloggers\/rd55\/#breadcrumb\"},\"inLanguage\":\"es\",\"potentialAction\":[{\"@type\":\"ReadAction\",\"target\":[\"https:\/\/www.seac.es\/es\/productos\/dataloggers\/rd55\/\"]}]},{\"@type\":\"BreadcrumbList\",\"@id\":\"https:\/\/www.seac.es\/es\/productos\/dataloggers\/rd55\/#breadcrumb\",\"itemListElement\":[{\"@type\":\"ListItem\",\"position\":1,\"name\":\"Portada\",\"item\":\"https:\/\/www.seac.es\/es\/\"},{\"@type\":\"ListItem\",\"position\":2,\"name\":\"Productos\",\"item\":\"https:\/\/www.seac.es\/es\/productos\/\"},{\"@type\":\"ListItem\",\"position\":3,\"name\":\"Dataloggers\",\"item\":\"https:\/\/www.seac.es\/es\/productos\/dataloggers\/\"},{\"@type\":\"ListItem\",\"position\":4,\"name\":\"RD55\"}]}]}<\/script>\n<!-- \/ Yoast SEO plugin. -->","yoast_head_json":{"title":"RD55 - SEAC","description":"El RD55 es un registrador\u2013transmisor de datos dise\u00f1ado para satisfacer las necesidades de procesamiento, registro y transmisi\u00f3n de datos ambientales procedentes de cualquier tipo de se\u00f1al.","robots":{"index":"index","follow":"follow","max-snippet":"max-snippet:-1","max-image-preview":"max-image-preview:large","max-video-preview":"max-video-preview:-1"},"canonical":"https:\/\/www.seac.es\/es\/productos\/dataloggers\/rd55\/","og_locale":"es_ES","og_type":"article","og_title":"RD55 - SEAC","og_description":"El RD55 es un registrador\u2013transmisor de datos dise\u00f1ado para satisfacer las necesidades de procesamiento, registro y transmisi\u00f3n de datos ambientales procedentes de cualquier tipo de se\u00f1al.","og_url":"https:\/\/www.seac.es\/es\/productos\/dataloggers\/rd55\/","og_site_name":"SEAC","article_modified_time":"2022-09-29T10:23:48+00:00","og_image":[{"width":3807,"height":2052,"url":"https:\/\/www.seac.es\/es\/wp-content\/uploads\/2019\/06\/RD55A.gif","type":"image\/gif"}],"author":"adminblogseac","twitter_card":"summary_large_image","twitter_misc":{"Tiempo de lectura":"2 minutos"},"schema":{"@context":"https:\/\/schema.org","@graph":[{"@type":"Organization","@id":"https:\/\/www.seac.es\/es\/#organization","name":"SEAC S.A.","url":"https:\/\/www.seac.es\/es\/","sameAs":[],"logo":{"@type":"ImageObject","inLanguage":"es","@id":"https:\/\/www.seac.es\/es\/#\/schema\/logo\/image\/","url":"https:\/\/www.seac.es\/es\/wp-content\/uploads\/2017\/08\/logoSEAC240x105.png","contentUrl":"https:\/\/www.seac.es\/es\/wp-content\/uploads\/2017\/08\/logoSEAC240x105.png","width":240,"height":105,"caption":"SEAC S.A."},"image":{"@id":"https:\/\/www.seac.es\/es\/#\/schema\/logo\/image\/"}},{"@type":"WebSite","@id":"https:\/\/www.seac.es\/es\/#website","url":"https:\/\/www.seac.es\/es\/","name":"SEAC","description":"Meteorolog\u00eda y equipos de medida","publisher":{"@id":"https:\/\/www.seac.es\/es\/#organization"},"potentialAction":[{"@type":"SearchAction","target":{"@type":"EntryPoint","urlTemplate":"https:\/\/www.seac.es\/es\/?s={search_term_string}"},"query-input":"required name=search_term_string"}],"inLanguage":"es"},{"@type":"ImageObject","inLanguage":"es","@id":"https:\/\/www.seac.es\/es\/productos\/dataloggers\/rd55\/#primaryimage","url":"https:\/\/www.seac.es\/es\/wp-content\/uploads\/2019\/06\/RD55A.gif","contentUrl":"https:\/\/www.seac.es\/es\/wp-content\/uploads\/2019\/06\/RD55A.gif","width":3807,"height":2052,"caption":"Datalogger RD55 seac"},{"@type":"WebPage","@id":"https:\/\/www.seac.es\/es\/productos\/dataloggers\/rd55\/#webpage","url":"https:\/\/www.seac.es\/es\/productos\/dataloggers\/rd55\/","name":"RD55 - SEAC","isPartOf":{"@id":"https:\/\/www.seac.es\/es\/#website"},"primaryImageOfPage":{"@id":"https:\/\/www.seac.es\/es\/productos\/dataloggers\/rd55\/#primaryimage"},"datePublished":"2017-09-19T12:55:37+00:00","dateModified":"2022-09-29T10:23:48+00:00","description":"El RD55 es un registrador\u2013transmisor de datos dise\u00f1ado para satisfacer las necesidades de procesamiento, registro y transmisi\u00f3n de datos ambientales procedentes de cualquier tipo de se\u00f1al.","breadcrumb":{"@id":"https:\/\/www.seac.es\/es\/productos\/dataloggers\/rd55\/#breadcrumb"},"inLanguage":"es","potentialAction":[{"@type":"ReadAction","target":["https:\/\/www.seac.es\/es\/productos\/dataloggers\/rd55\/"]}]},{"@type":"BreadcrumbList","@id":"https:\/\/www.seac.es\/es\/productos\/dataloggers\/rd55\/#breadcrumb","itemListElement":[{"@type":"ListItem","position":1,"name":"Portada","item":"https:\/\/www.seac.es\/es\/"},{"@type":"ListItem","position":2,"name":"Productos","item":"https:\/\/www.seac.es\/es\/productos\/"},{"@type":"ListItem","position":3,"name":"Dataloggers","item":"https:\/\/www.seac.es\/es\/productos\/dataloggers\/"},{"@type":"ListItem","position":4,"name":"RD55"}]}]}},"_links":{"self":[{"href":"https:\/\/www.seac.es\/es\/wp-json\/wp\/v2\/pages\/531"}],"collection":[{"href":"https:\/\/www.seac.es\/es\/wp-json\/wp\/v2\/pages"}],"about":[{"href":"https:\/\/www.seac.es\/es\/wp-json\/wp\/v2\/types\/page"}],"author":[{"embeddable":true,"href":"https:\/\/www.seac.es\/es\/wp-json\/wp\/v2\/users\/1"}],"replies":[{"embeddable":true,"href":"https:\/\/www.seac.es\/es\/wp-json\/wp\/v2\/comments?post=531"}],"version-history":[{"count":82,"href":"https:\/\/www.seac.es\/es\/wp-json\/wp\/v2\/pages\/531\/revisions"}],"predecessor-version":[{"id":3458,"href":"https:\/\/www.seac.es\/es\/wp-json\/wp\/v2\/pages\/531\/revisions\/3458"}],"up":[{"embeddable":true,"href":"https:\/\/www.seac.es\/es\/wp-json\/wp\/v2\/pages\/280"}],"wp:featuredmedia":[{"embeddable":true,"href":"https:\/\/www.seac.es\/es\/wp-json\/wp\/v2\/media\/1775"}],"wp:attachment":[{"href":"https:\/\/www.seac.es\/es\/wp-json\/wp\/v2\/media?parent=531"}],"curies":[{"name":"wp","href":"https:\/\/api.w.org\/{rel}","templated":true}]}}