{"id":4173,"date":"2022-11-02T08:56:11","date_gmt":"2022-11-02T08:56:11","guid":{"rendered":"https:\/\/www.seac.es\/es\/?page_id=4173"},"modified":"2022-11-02T08:56:12","modified_gmt":"2022-11-02T08:56:12","slug":"rwis400","status":"publish","type":"page","link":"https:\/\/www.seac.es\/es\/rwis400\/","title":{"rendered":"RWIS400"},"content":{"rendered":"<div id=\"pl-4173\"  class=\"panel-layout\" ><div id=\"pg-4173-0\"  class=\"panel-grid panel-has-style\" ><div class=\"siteorigin-panels-stretch panel-row-style panel-row-style-for-4173-0\" data-stretch-type=\"full-stretched\" ><div id=\"pgc-4173-0-0\"  class=\"panel-grid-cell\" ><div id=\"panel-4173-0-0-0\" class=\"so-panel widget widget_sow-hero panel-first-child panel-last-child\" data-index=\"0\" ><div\n\t\t\t\n\t\t\tclass=\"so-widget-sow-hero so-widget-sow-hero-default-5dfc655a3c7d-4173\"\n\t\t\t\n\t\t><div class=\"sow-slider-base\" style=\"display: none\"><ul\n\t\t\t\t\tclass=\"sow-slider-images\"\n\t\t\t\t\tdata-settings=\"{&quot;pagination&quot;:true,&quot;speed&quot;:800,&quot;timeout&quot;:8000,&quot;paused&quot;:false,&quot;pause_on_hover&quot;:false,&quot;swipe&quot;:false,&quot;nav_always_show_desktop&quot;:&quot;&quot;,&quot;nav_always_show_mobile&quot;:&quot;&quot;,&quot;breakpoint&quot;:&quot;780px&quot;,&quot;unmute&quot;:false,&quot;anchor&quot;:null}\"\n\t\t\t\t\tstyle=\"min-height: 280px\"\t\t\t\t\tdata-anchor-id=\"\"\n\t\t\t\t>\t\t<li class=\"sow-slider-image  sow-slider-image-cover\" style=\"background-color: #333333;background-image: url(https:\/\/www.seac.es\/es\/wp-content\/uploads\/2022\/10\/rwis400bn-scaled.jpg)\" >\n\t\t\t\t\t<div class=\"sow-slider-image-container\">\n\t\t\t<div class=\"sow-slider-image-wrapper\">\n\t\t\t\t<h1>RWIS400<\/h1>\n\t\t\t<\/div>\n\t\t<\/div>\n\t\t\t\t<\/li>\n\t\t<\/ul>\t\t\t\t<ol class=\"sow-slider-pagination\">\n\t\t\t\t\t\t\t\t\t\t\t<li><a href=\"#\" data-goto=\"0\" aria-label=\"mostrar diapositiva 1\"><\/a><\/li>\n\t\t\t\t\t\t\t\t\t<\/ol>\n\n\t\t\t\t<div class=\"sow-slide-nav sow-slide-nav-next\">\n\t\t\t\t\t<a href=\"#\" data-goto=\"next\" aria-label=\"diapositiva siguiente\" data-action=\"next\">\n\t\t\t\t\t\t<em class=\"sow-sld-icon-thin-right\"><\/em>\n\t\t\t\t\t<\/a>\n\t\t\t\t<\/div>\n\n\t\t\t\t<div class=\"sow-slide-nav sow-slide-nav-prev\">\n\t\t\t\t\t<a href=\"#\" data-goto=\"previous\" aria-label=\"diapositiva anterior\" data-action=\"prev\">\n\t\t\t\t\t\t<em class=\"sow-sld-icon-thin-left\"><\/em>\n\t\t\t\t\t<\/a>\n\t\t\t\t<\/div>\n\t\t\t\t<\/div><\/div><\/div><\/div><\/div><\/div><div id=\"pg-4173-1\"  class=\"panel-grid panel-has-style\" ><div class=\"siteorigin-panels-stretch panel-row-style panel-row-style-for-4173-1\" data-stretch-type=\"full\" ><div id=\"pgc-4173-1-0\"  class=\"panel-grid-cell\" ><div id=\"panel-4173-1-0-0\" class=\"so-panel widget widget_sow-image panel-first-child panel-last-child\" data-index=\"1\" ><div\n\t\t\t\n\t\t\tclass=\"so-widget-sow-image so-widget-sow-image-default-2ec334f0a340-4173\"\n\t\t\t\n\t\t>\n\n<div class=\"sow-image-container\">\n\t\t<img src=\"https:\/\/www.seac.es\/es\/wp-content\/uploads\/2022\/10\/rwis400-1080.jpg\" width=\"1080\" height=\"1824\" srcset=\"https:\/\/www.seac.es\/es\/wp-content\/uploads\/2022\/10\/rwis400-1080.jpg 1080w, https:\/\/www.seac.es\/es\/wp-content\/uploads\/2022\/10\/rwis400-1080-178x300.jpg 178w, https:\/\/www.seac.es\/es\/wp-content\/uploads\/2022\/10\/rwis400-1080-606x1024.jpg 606w, https:\/\/www.seac.es\/es\/wp-content\/uploads\/2022\/10\/rwis400-1080-768x1297.jpg 768w, https:\/\/www.seac.es\/es\/wp-content\/uploads\/2022\/10\/rwis400-1080-909x1536.jpg 909w, https:\/\/www.seac.es\/es\/wp-content\/uploads\/2022\/10\/rwis400-1080-14x24.jpg 14w, https:\/\/www.seac.es\/es\/wp-content\/uploads\/2022\/10\/rwis400-1080-21x36.jpg 21w, https:\/\/www.seac.es\/es\/wp-content\/uploads\/2022\/10\/rwis400-1080-28x48.jpg 28w\" sizes=\"(max-width: 1080px) 100vw, 1080px\" title=\"rwis400 -1080\" alt=\"\" loading=\"lazy\" \t\tclass=\"so-widget-image\"\/>\n\t<\/div>\n\n<\/div><\/div><\/div><div id=\"pgc-4173-1-1\"  class=\"panel-grid-cell\" ><div id=\"panel-4173-1-1-0\" class=\"so-panel widget widget_sow-editor panel-first-child\" data-index=\"2\" ><div\n\t\t\t\n\t\t\tclass=\"so-widget-sow-editor so-widget-sow-editor-base\"\n\t\t\t\n\t\t>\n<div class=\"siteorigin-widget-tinymce textwidget\">\n\t<h3>Presentaci\u00f3n<\/h3>\n<p>La estaci\u00f3n meteorol\u00f3gica autom\u00e1tica RWIS400 es la soluci\u00f3n m\u00e1s adecuada para ayuda a la vialidad invernal, siendo un equipo sencillo, compacto, completo y escalable, adem\u00e1s de ser f\u00e1cilmente instalada en cualquier emplazamiento y ambiente.<br \/>\nLa estaci\u00f3n RWIS400 en su versi\u00f3n m\u00e1s sencilla contempla la entrada exclusiva de sensores digitales, ya sean individuales, multiparam\u00e9tricos o inteligentes; lo que hace innecesario cualquier tipo de calibraci\u00f3n del equipo.<br \/>\nLa estaci\u00f3n mide velocidad y direcci\u00f3n del viento, temperatura, humedad, precipitaci\u00f3n, temperatura de la calzada y presi\u00f3n barom\u00e9trica, integrando la informaci\u00f3n de todos los sensores involucrados y envi\u00e1ndola a los centros de control en diversos protocolos.<\/p>\n<h3>Caracter\u00edsticas Generales<\/h3>\n<h3>M\u00faltiples entradas<\/h3>\n<p>Basada en el registrador de datos RD51, dispone de entradas serie: RS232, RS485, SDI12; Construida con protocolos que satisfacen a la mayor\u00eda de fabricantes.<\/p>\n<h3>Ambientes severos<\/h3>\n<p>Concebida para su instalaci\u00f3n en cualquier tipo de ambiente, todos los elementos de la estaci\u00f3n se encuentran alojados en el interior de una caja de intemperie IP65.<\/p>\n<h3>Integraci\u00f3n con otros sistemas<\/h3>\n<p>La estaci\u00f3n meteorol\u00f3gica RWIS400 proporciona protocolos de comunicaciones est\u00e1ndar para ser integrada dentro de soluciones complejas como sistemas de gesti\u00f3n de t\u00faneles y viaductos o redes de estaciones heterog\u00e9neas.<\/p>\n<\/div>\n<\/div><\/div><div id=\"panel-4173-1-1-1\" class=\"so-panel widget widget_sow-button panel-last-child\" data-index=\"3\" ><div\n\t\t\t\n\t\t\tclass=\"so-widget-sow-button so-widget-sow-button-wire-30b3367ab913-4173\"\n\t\t\t\n\t\t><div class=\"ow-button-base ow-button-align-left\">\n\t<a href=\"\/docs-pdf\/GE_IE_CAT_0060.pdf\" class=\"ow-icon-placement-left ow-button-hover\" \t\t>\n\t\t<span>\n\t\t\t\n\t\t\tVer cat\u00e1logo\t\t<\/span>\n\t<\/a>\n<\/div>\n<\/div><\/div><\/div><\/div><\/div><div id=\"pg-4173-2\"  class=\"panel-grid panel-has-style\" ><div class=\"siteorigin-panels-stretch panel-row-style panel-row-style-for-4173-2\" data-stretch-type=\"full\" ><div id=\"pgc-4173-2-0\"  class=\"panel-grid-cell\" ><div id=\"panel-4173-2-0-0\" class=\"so-panel widget widget_sow-editor panel-first-child panel-last-child\" data-index=\"4\" ><div class=\"panel-widget-style panel-widget-style-for-4173-2-0-0\" ><div\n\t\t\t\n\t\t\tclass=\"so-widget-sow-editor so-widget-sow-editor-base\"\n\t\t\t\n\t\t>\n<div class=\"siteorigin-widget-tinymce textwidget\">\n\t<h1><\/h1>\n<p>&nbsp;<\/p>\n<h1>RWIS400 M\u00e1s Caracter\u00edsticas t\u00e9cnicas<\/h1>\n<\/div>\n<\/div><\/div><\/div><\/div><\/div><\/div><div id=\"pg-4173-3\"  class=\"panel-grid panel-has-style\" ><div class=\"siteorigin-panels-stretch panel-row-style panel-row-style-for-4173-3\" data-stretch-type=\"full\" ><div id=\"pgc-4173-3-0\"  class=\"panel-grid-cell\" ><div id=\"panel-4173-3-0-0\" class=\"so-panel widget widget_sow-editor panel-first-child panel-last-child\" data-index=\"5\" ><div\n\t\t\t\n\t\t\tclass=\"so-widget-sow-editor so-widget-sow-editor-base\"\n\t\t\t\n\t\t>\n<div class=\"siteorigin-widget-tinymce textwidget\">\n\t<h3>Salida de informaci\u00f3n<\/h3>\n<hr \/>\n<p>El RD51 tiene una interfaz Ethernet para ser conectado mediante red IP.<br \/>\nM\u00f3dem interno 4G\/GPRS para la transmisi\u00f3n desde ubicaciones remotas sin necesidad de infraestructura.<br \/>\nLa informaci\u00f3n se puede enviar a varios sistemas inform\u00e1ticos de manera simult\u00e1nea. Esto permite la redundancia en las comunicaciones y compartir la informaci\u00f3n entre diferentes instituciones.<br \/>\nSEAC dispone del sistema Cop\u00e9rnico para aquellos clientes que no dispongan de sistemas concentradores.<\/p>\n<h3>Gesti\u00f3n<\/h3>\n<hr \/>\n<p>SEAC facilita un programa gr\u00e1fico de f\u00e1cil manejo para la configuraci\u00f3n y supervisi\u00f3n de la estaci\u00f3n y sus sensores.<br \/>\nSe pueden dise\u00f1ar redes de adquisici\u00f3n de datos integrando m\u00faltiples estaciones RWIS400, cada una de ellas con su configuraci\u00f3n de sensores, tiempos de adquisici\u00f3n, c\u00e1lculos independientes, etc.<br \/>\nCon el programa Cop\u00e9rnico podemos visualizar los datos en tiempo real, generar informes de texto y gr\u00e1ficos de datos hist\u00f3ricos, publicaci\u00f3n de los datos en Web, etc.<\/p>\n<h3>Facilidad de uso<\/h3>\n<hr \/>\n<p>El registrador de la estaci\u00f3n dispone de elementos de conexi\u00f3n perfectamente identificados.<br \/>\nLos elementos interiores est\u00e1n montados sobre carril DIN.<\/p>\n<h3>Escalabilidad<\/h3>\n<hr \/>\n<p>La estaci\u00f3n puede ser f\u00e1cilmente ampliable conectando los nuevos sensores y configurando sus entradas.<\/p>\n<p>&nbsp;<\/p>\n<\/div>\n<\/div><\/div><\/div><div id=\"pgc-4173-3-1\"  class=\"panel-grid-cell panel-grid-cell-empty\" ><\/div><div id=\"pgc-4173-3-2\"  class=\"panel-grid-cell\" ><div id=\"panel-4173-3-2-0\" class=\"so-panel widget widget_sow-editor panel-first-child\" data-index=\"6\" ><div\n\t\t\t\n\t\t\tclass=\"so-widget-sow-editor so-widget-sow-editor-base\"\n\t\t\t\n\t\t>\n<div class=\"siteorigin-widget-tinymce textwidget\">\n\t<h3>Opciones de alimentaci\u00f3n<\/h3>\n<hr \/>\n<p>La estaci\u00f3n meteorol\u00f3gica RWIS400 presenta un consumo reducido incluso con m\u00faltiples sensores conectados y puede ser alimentada mediante panel solar y bater\u00eda y\/o 110-220VAC.<\/p>\n<h3>Sensores soportados<\/h3>\n<hr \/>\n<p>Multiparam\u00e9tricos<br \/>\nViento de tipo cazoleta y veleta<br \/>\nViento ultras\u00f3nicos<br \/>\nTemperatura y humedad<br \/>\nTemperaturas suelo y subsuelo<br \/>\nPrecipitaci\u00f3n balanc\u00edn<br \/>\nPrecipitaci\u00f3n pesada<br \/>\nPresi\u00f3n<br \/>\nRadiaci\u00f3n solar<br \/>\nVisibilidad y tiempo presente<br \/>\nAltura nieve<br \/>\nCaudal<br \/>\nEstado de la calzada<br \/>\nOtros: SDI12 y Modbus<\/p>\n<\/div>\n<\/div><\/div><div id=\"panel-4173-3-2-1\" class=\"so-panel widget widget_sow-image\" data-index=\"7\" ><div\n\t\t\t\n\t\t\tclass=\"so-widget-sow-image so-widget-sow-image-default-a5258576d588-4173\"\n\t\t\t\n\t\t>\n\n<div class=\"sow-image-container\">\n\t\t<img src=\"https:\/\/www.seac.es\/es\/wp-content\/uploads\/2022\/04\/EMA51_1080-1-228x300.jpg\" width=\"228\" height=\"300\" srcset=\"https:\/\/www.seac.es\/es\/wp-content\/uploads\/2022\/04\/EMA51_1080-1-228x300.jpg 228w, https:\/\/www.seac.es\/es\/wp-content\/uploads\/2022\/04\/EMA51_1080-1-768x1012.jpg 768w, https:\/\/www.seac.es\/es\/wp-content\/uploads\/2022\/04\/EMA51_1080-1-777x1024.jpg 777w, https:\/\/www.seac.es\/es\/wp-content\/uploads\/2022\/04\/EMA51_1080-1-18x24.jpg 18w, https:\/\/www.seac.es\/es\/wp-content\/uploads\/2022\/04\/EMA51_1080-1-27x36.jpg 27w, https:\/\/www.seac.es\/es\/wp-content\/uploads\/2022\/04\/EMA51_1080-1-36x48.jpg 36w, https:\/\/www.seac.es\/es\/wp-content\/uploads\/2022\/04\/EMA51_1080-1.jpg 820w\" sizes=\"(max-width: 228px) 100vw, 228px\" title=\"EMA51_1080\" alt=\"\" loading=\"lazy\" \t\tclass=\"so-widget-image\"\/>\n\t<\/div>\n\n<\/div><\/div><div id=\"panel-4173-3-2-2\" class=\"so-panel widget widget_sow-button panel-last-child\" data-index=\"8\" ><div\n\t\t\t\n\t\t\tclass=\"so-widget-sow-button so-widget-sow-button-wire-30b3367ab913-4173\"\n\t\t\t\n\t\t><div class=\"ow-button-base ow-button-align-left\">\n\t<a href=\"\/docs-pdf\/GE_IE_CAT_0060.pdf\" class=\"ow-icon-placement-left ow-button-hover\" \t\t>\n\t\t<span>\n\t\t\t\n\t\t\tVer cat\u00e1logo\t\t<\/span>\n\t<\/a>\n<\/div>\n<\/div><\/div><\/div><\/div><\/div><\/div>","protected":false},"excerpt":{"rendered":"<p>Presentaci\u00f3n La estaci\u00f3n meteorol\u00f3gica autom\u00e1tica RWIS400 es la soluci\u00f3n m\u00e1s adecuada para ayuda a la vialidad invernal, siendo un equipo sencillo, compacto, completo y escalable,<\/p>\n","protected":false},"author":1,"featured_media":4186,"parent":0,"menu_order":0,"comment_status":"closed","ping_status":"closed","template":"","meta":[],"yoast_head":"<!-- This site is optimized with the Yoast SEO plugin v19.2 - https:\/\/yoast.com\/wordpress\/plugins\/seo\/ -->\n<title>RWIS400 - SEAC<\/title>\n<meta name=\"robots\" content=\"index, follow, max-snippet:-1, max-image-preview:large, max-video-preview:-1\" \/>\n<link rel=\"canonical\" href=\"https:\/\/www.seac.es\/es\/rwis400\/\" \/>\n<meta property=\"og:locale\" content=\"es_ES\" \/>\n<meta property=\"og:type\" content=\"article\" \/>\n<meta property=\"og:title\" content=\"RWIS400 - SEAC\" \/>\n<meta property=\"og:description\" content=\"Presentaci\u00f3n La estaci\u00f3n meteorol\u00f3gica autom\u00e1tica RWIS400 es la soluci\u00f3n m\u00e1s adecuada para ayuda a la vialidad invernal, siendo un equipo sencillo, compacto, completo y escalable,\" \/>\n<meta property=\"og:url\" content=\"https:\/\/www.seac.es\/es\/rwis400\/\" \/>\n<meta property=\"og:site_name\" content=\"SEAC\" \/>\n<meta property=\"article:modified_time\" content=\"2022-11-02T08:56:12+00:00\" \/>\n<meta property=\"og:image\" content=\"https:\/\/www.seac.es\/es\/wp-content\/uploads\/2022\/10\/rwis400-1080.jpg\" \/>\n\t<meta property=\"og:image:width\" content=\"1080\" \/>\n\t<meta property=\"og:image:height\" content=\"1824\" \/>\n\t<meta property=\"og:image:type\" content=\"image\/jpeg\" \/>\n<meta name=\"author\" content=\"adminblogseac\" \/>\n<meta name=\"twitter:card\" content=\"summary_large_image\" \/>\n<meta name=\"twitter:label1\" content=\"Tiempo de lectura\" \/>\n\t<meta name=\"twitter:data1\" content=\"3 minutos\" \/>\n<script type=\"application\/ld+json\" class=\"yoast-schema-graph\">{\"@context\":\"https:\/\/schema.org\",\"@graph\":[{\"@type\":\"Organization\",\"@id\":\"https:\/\/www.seac.es\/es\/#organization\",\"name\":\"SEAC S.A.\",\"url\":\"https:\/\/www.seac.es\/es\/\",\"sameAs\":[],\"logo\":{\"@type\":\"ImageObject\",\"inLanguage\":\"es\",\"@id\":\"https:\/\/www.seac.es\/es\/#\/schema\/logo\/image\/\",\"url\":\"https:\/\/www.seac.es\/es\/wp-content\/uploads\/2017\/08\/logoSEAC240x105.png\",\"contentUrl\":\"https:\/\/www.seac.es\/es\/wp-content\/uploads\/2017\/08\/logoSEAC240x105.png\",\"width\":240,\"height\":105,\"caption\":\"SEAC S.A.\"},\"image\":{\"@id\":\"https:\/\/www.seac.es\/es\/#\/schema\/logo\/image\/\"}},{\"@type\":\"WebSite\",\"@id\":\"https:\/\/www.seac.es\/es\/#website\",\"url\":\"https:\/\/www.seac.es\/es\/\",\"name\":\"SEAC\",\"description\":\"Meteorolog\u00eda y equipos de medida\",\"publisher\":{\"@id\":\"https:\/\/www.seac.es\/es\/#organization\"},\"potentialAction\":[{\"@type\":\"SearchAction\",\"target\":{\"@type\":\"EntryPoint\",\"urlTemplate\":\"https:\/\/www.seac.es\/es\/?s={search_term_string}\"},\"query-input\":\"required name=search_term_string\"}],\"inLanguage\":\"es\"},{\"@type\":\"ImageObject\",\"inLanguage\":\"es\",\"@id\":\"https:\/\/www.seac.es\/es\/rwis400\/#primaryimage\",\"url\":\"https:\/\/www.seac.es\/es\/wp-content\/uploads\/2022\/10\/rwis400-1080.jpg\",\"contentUrl\":\"https:\/\/www.seac.es\/es\/wp-content\/uploads\/2022\/10\/rwis400-1080.jpg\",\"width\":1080,\"height\":1824},{\"@type\":\"WebPage\",\"@id\":\"https:\/\/www.seac.es\/es\/rwis400\/#webpage\",\"url\":\"https:\/\/www.seac.es\/es\/rwis400\/\",\"name\":\"RWIS400 - SEAC\",\"isPartOf\":{\"@id\":\"https:\/\/www.seac.es\/es\/#website\"},\"primaryImageOfPage\":{\"@id\":\"https:\/\/www.seac.es\/es\/rwis400\/#primaryimage\"},\"datePublished\":\"2022-11-02T08:56:11+00:00\",\"dateModified\":\"2022-11-02T08:56:12+00:00\",\"breadcrumb\":{\"@id\":\"https:\/\/www.seac.es\/es\/rwis400\/#breadcrumb\"},\"inLanguage\":\"es\",\"potentialAction\":[{\"@type\":\"ReadAction\",\"target\":[\"https:\/\/www.seac.es\/es\/rwis400\/\"]}]},{\"@type\":\"BreadcrumbList\",\"@id\":\"https:\/\/www.seac.es\/es\/rwis400\/#breadcrumb\",\"itemListElement\":[{\"@type\":\"ListItem\",\"position\":1,\"name\":\"Portada\",\"item\":\"https:\/\/www.seac.es\/es\/\"},{\"@type\":\"ListItem\",\"position\":2,\"name\":\"RWIS400\"}]}]}<\/script>\n<!-- \/ Yoast SEO plugin. -->","yoast_head_json":{"title":"RWIS400 - SEAC","robots":{"index":"index","follow":"follow","max-snippet":"max-snippet:-1","max-image-preview":"max-image-preview:large","max-video-preview":"max-video-preview:-1"},"canonical":"https:\/\/www.seac.es\/es\/rwis400\/","og_locale":"es_ES","og_type":"article","og_title":"RWIS400 - SEAC","og_description":"Presentaci\u00f3n La estaci\u00f3n meteorol\u00f3gica autom\u00e1tica RWIS400 es la soluci\u00f3n m\u00e1s adecuada para ayuda a la vialidad invernal, siendo un equipo sencillo, compacto, completo y escalable,","og_url":"https:\/\/www.seac.es\/es\/rwis400\/","og_site_name":"SEAC","article_modified_time":"2022-11-02T08:56:12+00:00","og_image":[{"width":1080,"height":1824,"url":"https:\/\/www.seac.es\/es\/wp-content\/uploads\/2022\/10\/rwis400-1080.jpg","type":"image\/jpeg"}],"author":"adminblogseac","twitter_card":"summary_large_image","twitter_misc":{"Tiempo de lectura":"3 minutos"},"schema":{"@context":"https:\/\/schema.org","@graph":[{"@type":"Organization","@id":"https:\/\/www.seac.es\/es\/#organization","name":"SEAC S.A.","url":"https:\/\/www.seac.es\/es\/","sameAs":[],"logo":{"@type":"ImageObject","inLanguage":"es","@id":"https:\/\/www.seac.es\/es\/#\/schema\/logo\/image\/","url":"https:\/\/www.seac.es\/es\/wp-content\/uploads\/2017\/08\/logoSEAC240x105.png","contentUrl":"https:\/\/www.seac.es\/es\/wp-content\/uploads\/2017\/08\/logoSEAC240x105.png","width":240,"height":105,"caption":"SEAC S.A."},"image":{"@id":"https:\/\/www.seac.es\/es\/#\/schema\/logo\/image\/"}},{"@type":"WebSite","@id":"https:\/\/www.seac.es\/es\/#website","url":"https:\/\/www.seac.es\/es\/","name":"SEAC","description":"Meteorolog\u00eda y equipos de medida","publisher":{"@id":"https:\/\/www.seac.es\/es\/#organization"},"potentialAction":[{"@type":"SearchAction","target":{"@type":"EntryPoint","urlTemplate":"https:\/\/www.seac.es\/es\/?s={search_term_string}"},"query-input":"required name=search_term_string"}],"inLanguage":"es"},{"@type":"ImageObject","inLanguage":"es","@id":"https:\/\/www.seac.es\/es\/rwis400\/#primaryimage","url":"https:\/\/www.seac.es\/es\/wp-content\/uploads\/2022\/10\/rwis400-1080.jpg","contentUrl":"https:\/\/www.seac.es\/es\/wp-content\/uploads\/2022\/10\/rwis400-1080.jpg","width":1080,"height":1824},{"@type":"WebPage","@id":"https:\/\/www.seac.es\/es\/rwis400\/#webpage","url":"https:\/\/www.seac.es\/es\/rwis400\/","name":"RWIS400 - SEAC","isPartOf":{"@id":"https:\/\/www.seac.es\/es\/#website"},"primaryImageOfPage":{"@id":"https:\/\/www.seac.es\/es\/rwis400\/#primaryimage"},"datePublished":"2022-11-02T08:56:11+00:00","dateModified":"2022-11-02T08:56:12+00:00","breadcrumb":{"@id":"https:\/\/www.seac.es\/es\/rwis400\/#breadcrumb"},"inLanguage":"es","potentialAction":[{"@type":"ReadAction","target":["https:\/\/www.seac.es\/es\/rwis400\/"]}]},{"@type":"BreadcrumbList","@id":"https:\/\/www.seac.es\/es\/rwis400\/#breadcrumb","itemListElement":[{"@type":"ListItem","position":1,"name":"Portada","item":"https:\/\/www.seac.es\/es\/"},{"@type":"ListItem","position":2,"name":"RWIS400"}]}]}},"_links":{"self":[{"href":"https:\/\/www.seac.es\/es\/wp-json\/wp\/v2\/pages\/4173"}],"collection":[{"href":"https:\/\/www.seac.es\/es\/wp-json\/wp\/v2\/pages"}],"about":[{"href":"https:\/\/www.seac.es\/es\/wp-json\/wp\/v2\/types\/page"}],"author":[{"embeddable":true,"href":"https:\/\/www.seac.es\/es\/wp-json\/wp\/v2\/users\/1"}],"replies":[{"embeddable":true,"href":"https:\/\/www.seac.es\/es\/wp-json\/wp\/v2\/comments?post=4173"}],"version-history":[{"count":46,"href":"https:\/\/www.seac.es\/es\/wp-json\/wp\/v2\/pages\/4173\/revisions"}],"predecessor-version":[{"id":4227,"href":"https:\/\/www.seac.es\/es\/wp-json\/wp\/v2\/pages\/4173\/revisions\/4227"}],"wp:featuredmedia":[{"embeddable":true,"href":"https:\/\/www.seac.es\/es\/wp-json\/wp\/v2\/media\/4186"}],"wp:attachment":[{"href":"https:\/\/www.seac.es\/es\/wp-json\/wp\/v2\/media?parent=4173"}],"curies":[{"name":"wp","href":"https:\/\/api.w.org\/{rel}","templated":true}]}}