{"id":412,"date":"2017-09-01T11:41:48","date_gmt":"2017-09-01T11:41:48","guid":{"rendered":"http:\/\/www.seac.es\/es\/?page_id=412"},"modified":"2022-10-07T06:08:26","modified_gmt":"2022-10-07T06:08:26","slug":"desarrollo","status":"publish","type":"page","link":"https:\/\/www.seac.es\/es\/desarrollo\/","title":{"rendered":"Desarrollo"},"content":{"rendered":"<div id=\"pl-412\"  class=\"panel-layout\" ><div id=\"pg-412-0\"  class=\"panel-grid panel-has-style\" ><div class=\"siteorigin-panels-stretch panel-row-style panel-row-style-for-412-0\" data-stretch-type=\"full\" ><div id=\"pgc-412-0-0\"  class=\"panel-grid-cell\" ><div id=\"panel-412-0-0-0\" class=\"so-panel widget widget_sow-editor panel-first-child panel-last-child\" data-index=\"0\" ><div class=\"panel-widget-style panel-widget-style-for-412-0-0-0\" ><div\n\t\t\t\n\t\t\tclass=\"so-widget-sow-editor so-widget-sow-editor-base\"\n\t\t\t\n\t\t>\n<div class=\"siteorigin-widget-tinymce textwidget\">\n\t<h1><\/h1>\n<h1>Desarrollo<\/h1>\n<\/div>\n<\/div><\/div><\/div><\/div><\/div><\/div><div id=\"pg-412-1\"  class=\"panel-grid panel-has-style\" ><div class=\"siteorigin-panels-stretch panel-row-style panel-row-style-for-412-1\" data-stretch-type=\"full\" ><div id=\"pgc-412-1-0\"  class=\"panel-grid-cell\" ><div id=\"panel-412-1-0-0\" class=\"so-panel widget widget_sow-image panel-first-child panel-last-child\" data-index=\"1\" ><div\n\t\t\t\n\t\t\tclass=\"so-widget-sow-image so-widget-sow-image-default-2ec334f0a340-412\"\n\t\t\t\n\t\t>\n\n<div class=\"sow-image-container\">\n\t\t<img src=\"https:\/\/www.seac.es\/es\/wp-content\/uploads\/2017\/09\/fp640.png\" width=\"947\" height=\"640\" srcset=\"https:\/\/www.seac.es\/es\/wp-content\/uploads\/2017\/09\/fp640.png 947w, https:\/\/www.seac.es\/es\/wp-content\/uploads\/2017\/09\/fp640-300x203.png 300w, https:\/\/www.seac.es\/es\/wp-content\/uploads\/2017\/09\/fp640-768x519.png 768w, https:\/\/www.seac.es\/es\/wp-content\/uploads\/2017\/09\/fp640-24x16.png 24w, https:\/\/www.seac.es\/es\/wp-content\/uploads\/2017\/09\/fp640-36x24.png 36w, https:\/\/www.seac.es\/es\/wp-content\/uploads\/2017\/09\/fp640-48x32.png 48w\" sizes=\"(max-width: 947px) 100vw, 947px\" alt=\"\" loading=\"lazy\" \t\tclass=\"so-widget-image\"\/>\n\t<\/div>\n\n<\/div><\/div><\/div><div id=\"pgc-412-1-1\"  class=\"panel-grid-cell\" ><div id=\"panel-412-1-1-0\" class=\"so-panel widget widget_sow-editor panel-first-child panel-last-child\" data-index=\"2\" ><div\n\t\t\t\n\t\t\tclass=\"so-widget-sow-editor so-widget-sow-editor-base\"\n\t\t\t\n\t\t>\n<div class=\"siteorigin-widget-tinymce textwidget\">\n\t<h3>Presentaci\u00f3n<\/h3>\n<p>La empresa dispone de un departamento de desarrollo que lleva a cabo las tareas de dise\u00f1o, desarrollo y pruebas de los productos propios de software y hardware.<br \/>Para llevarlos a cabo cuenta con instrumentaci\u00f3n adecuada, equipos de medida calibrados con trazabilidad en la medida de temperatura, humedad, presi\u00f3n, irradiaci\u00f3n, etc.<br \/>Asimismo, dispone de equipamiento para pruebas y ensayos como c\u00e1mara clim\u00e1tica, t\u00fanel de viento, descargas electrost\u00e1ticas, etc.<\/p>\n<\/div>\n<\/div><\/div><\/div><\/div><\/div><div id=\"pg-412-2\"  class=\"panel-grid panel-has-style\" ><div class=\"siteorigin-panels-stretch panel-row-style panel-row-style-for-412-2\" data-stretch-type=\"full\" ><div id=\"pgc-412-2-0\"  class=\"panel-grid-cell\" ><div id=\"panel-412-2-0-0\" class=\"so-panel widget widget_sow-editor panel-first-child panel-last-child\" data-index=\"3\" ><div class=\"panel-widget-style panel-widget-style-for-412-2-0-0\" ><div\n\t\t\t\n\t\t\tclass=\"so-widget-sow-editor so-widget-sow-editor-base\"\n\t\t\t\n\t\t>\n<div class=\"siteorigin-widget-tinymce textwidget\">\n\t<h1><\/h1>\n<h1>Proyectos<\/h1>\n<\/div>\n<\/div><\/div><\/div><\/div><\/div><\/div><div id=\"pg-412-3\"  class=\"panel-grid panel-has-style\" ><div class=\"siteorigin-panels-stretch panel-row-style panel-row-style-for-412-3\" data-stretch-type=\"full\" ><div id=\"pgc-412-3-0\"  class=\"panel-grid-cell\" ><div id=\"panel-412-3-0-0\" class=\"so-panel widget widget_sow-editor panel-first-child panel-last-child\" data-index=\"4\" ><div\n\t\t\t\n\t\t\tclass=\"so-widget-sow-editor so-widget-sow-editor-base\"\n\t\t\t\n\t\t>\n<div class=\"siteorigin-widget-tinymce textwidget\">\n\t<h3>Innovaci\u00f3n<\/h3>\n<p>Basada en la experiencia y el conocimiento adquiridos a lo largo de muchos a\u00f1os, Seac viene ofreciendo este conocimiento a terceras compa\u00f1\u00edas para poner en el mercado nuevos productos que no compitan con los propios.<br \/>Este conocimiento se ofrece a: Empresas que carezcan de recursos de I+D para el desarrollo de productos relativos a su actividad; empresas con I+D establecido que necesiten apoyos puntuales para proyectos concretos y empresas que est\u00e9n interesadas en desarrollar alg\u00fan producto nuevo para explotarlo en colaboraci\u00f3n.<br \/>Aportamos nuestro conocimiento en adquisici\u00f3n, tratamiento y comunicaciones de datos; electr\u00f3nica basada en microprocesadores, FPGA\u2019s, anal\u00f3gica, etc., as\u00ed como aplicaciones de software de alto nivel.<br \/>Nuestra finalidad es practicar una innovaci\u00f3n sostenible creando objetos cuya vida \u00fatil sea lo m\u00e1s amplia posible, de calidad y que adem\u00e1s, sean f\u00e1cilmente reparables.<\/p>\n<\/div>\n<\/div><\/div><\/div><div id=\"pgc-412-3-1\"  class=\"panel-grid-cell panel-grid-cell-empty\" ><\/div><div id=\"pgc-412-3-2\"  class=\"panel-grid-cell\" ><div id=\"panel-412-3-2-0\" class=\"so-panel widget widget_sow-editor panel-first-child panel-last-child\" data-index=\"5\" ><div\n\t\t\t\n\t\t\tclass=\"so-widget-sow-editor so-widget-sow-editor-base\"\n\t\t\t\n\t\t>\n<div class=\"siteorigin-widget-tinymce textwidget\">\n\t<h3>Investigaci\u00f3n<\/h3>\n<p>La creatividad es la base de la innovaci\u00f3n. Prestamos especial dedicaci\u00f3n a la generaci\u00f3n de ideas con el fin de lograr soluciones originales para nuestros clientes.<br \/>Todas nuestras actividades se han llevado a cabo y se llevan actualmente, mediante acuerdos con la industria, centros de investigaci\u00f3n y universidades que aportan su conocimiento y en algunos casos han conseguido incluir financiaci\u00f3n p\u00fablica dado el inter\u00e9s de los proyectos.<br \/>Como ejemplo de dicha actividad actualmente SEAC, entre otros, est\u00e1 participando en el proyecto <a href=\"http:\/\/www.seac.es\/es\/desarrollo\/salicar\/\">Salicar<\/a>.<\/p>\n<p>\u00a0<\/p>\n<\/div>\n<\/div><\/div><\/div><\/div><\/div><div id=\"pg-412-4\"  class=\"panel-grid panel-no-style\" ><div id=\"pgc-412-4-0\"  class=\"panel-grid-cell\" ><div id=\"panel-412-4-0-0\" class=\"so-panel widget widget_sow-editor panel-first-child panel-last-child\" data-index=\"6\" ><div\n\t\t\t\n\t\t\tclass=\"so-widget-sow-editor so-widget-sow-editor-base\"\n\t\t\t\n\t\t>\n<div class=\"siteorigin-widget-tinymce textwidget\">\n\t<p>\u00a0<\/p>\n<h3 style=\"text-align: center;\"><em>La soluci\u00f3n m\u00e1s adecuada para cada caso.<\/em><\/h3>\n<\/div>\n<\/div><\/div><\/div><\/div><\/div>","protected":false},"excerpt":{"rendered":"<p>Desarrollo Presentaci\u00f3n La empresa dispone de un departamento de desarrollo que lleva a cabo las tareas de dise\u00f1o, desarrollo y pruebas de los productos propios<\/p>\n","protected":false},"author":1,"featured_media":429,"parent":0,"menu_order":0,"comment_status":"closed","ping_status":"closed","template":"","meta":[],"yoast_head":"<!-- This site is optimized with the Yoast SEO plugin v19.2 - https:\/\/yoast.com\/wordpress\/plugins\/seo\/ -->\n<title>Desarrollo - SEAC<\/title>\n<meta name=\"description\" content=\"Departamento de dise\u00f1o, desarrollo y pruebas de los productos propios de software y hardware. C\u00e1mara clim\u00e1tica, t\u00fanel de viento, etc.\" \/>\n<meta name=\"robots\" content=\"index, follow, max-snippet:-1, max-image-preview:large, max-video-preview:-1\" \/>\n<link rel=\"canonical\" href=\"https:\/\/www.seac.es\/es\/desarrollo\/\" \/>\n<meta property=\"og:locale\" content=\"es_ES\" \/>\n<meta property=\"og:type\" content=\"article\" \/>\n<meta property=\"og:title\" content=\"Desarrollo - SEAC\" \/>\n<meta property=\"og:description\" content=\"Departamento de dise\u00f1o, desarrollo y pruebas de los productos propios de software y hardware. C\u00e1mara clim\u00e1tica, t\u00fanel de viento, etc.\" \/>\n<meta property=\"og:url\" content=\"https:\/\/www.seac.es\/es\/desarrollo\/\" \/>\n<meta property=\"og:site_name\" content=\"SEAC\" \/>\n<meta property=\"article:modified_time\" content=\"2022-10-07T06:08:26+00:00\" \/>\n<meta property=\"og:image\" content=\"https:\/\/www.seac.es\/es\/wp-content\/uploads\/2017\/08\/gear-wheel-x2-recorte.png\" \/>\n\t<meta property=\"og:image:width\" content=\"970\" \/>\n\t<meta property=\"og:image:height\" content=\"862\" \/>\n\t<meta property=\"og:image:type\" content=\"image\/png\" \/>\n<meta name=\"author\" content=\"adminblogseac\" \/>\n<meta name=\"twitter:card\" content=\"summary_large_image\" \/>\n<meta name=\"twitter:label1\" content=\"Tiempo de lectura\" \/>\n\t<meta name=\"twitter:data1\" content=\"2 minutos\" \/>\n<script type=\"application\/ld+json\" class=\"yoast-schema-graph\">{\"@context\":\"https:\/\/schema.org\",\"@graph\":[{\"@type\":\"Organization\",\"@id\":\"https:\/\/www.seac.es\/es\/#organization\",\"name\":\"SEAC S.A.\",\"url\":\"https:\/\/www.seac.es\/es\/\",\"sameAs\":[],\"logo\":{\"@type\":\"ImageObject\",\"inLanguage\":\"es\",\"@id\":\"https:\/\/www.seac.es\/es\/#\/schema\/logo\/image\/\",\"url\":\"https:\/\/www.seac.es\/es\/wp-content\/uploads\/2017\/08\/logoSEAC240x105.png\",\"contentUrl\":\"https:\/\/www.seac.es\/es\/wp-content\/uploads\/2017\/08\/logoSEAC240x105.png\",\"width\":240,\"height\":105,\"caption\":\"SEAC S.A.\"},\"image\":{\"@id\":\"https:\/\/www.seac.es\/es\/#\/schema\/logo\/image\/\"}},{\"@type\":\"WebSite\",\"@id\":\"https:\/\/www.seac.es\/es\/#website\",\"url\":\"https:\/\/www.seac.es\/es\/\",\"name\":\"SEAC\",\"description\":\"Meteorolog\u00eda y equipos de medida\",\"publisher\":{\"@id\":\"https:\/\/www.seac.es\/es\/#organization\"},\"potentialAction\":[{\"@type\":\"SearchAction\",\"target\":{\"@type\":\"EntryPoint\",\"urlTemplate\":\"https:\/\/www.seac.es\/es\/?s={search_term_string}\"},\"query-input\":\"required name=search_term_string\"}],\"inLanguage\":\"es\"},{\"@type\":\"ImageObject\",\"inLanguage\":\"es\",\"@id\":\"https:\/\/www.seac.es\/es\/desarrollo\/#primaryimage\",\"url\":\"https:\/\/www.seac.es\/es\/wp-content\/uploads\/2017\/08\/gear-wheel-x2-recorte.png\",\"contentUrl\":\"https:\/\/www.seac.es\/es\/wp-content\/uploads\/2017\/08\/gear-wheel-x2-recorte.png\",\"width\":970,\"height\":862,\"caption\":\"Desarrollo dise\u00f1o pruebas seac\"},{\"@type\":\"WebPage\",\"@id\":\"https:\/\/www.seac.es\/es\/desarrollo\/#webpage\",\"url\":\"https:\/\/www.seac.es\/es\/desarrollo\/\",\"name\":\"Desarrollo - SEAC\",\"isPartOf\":{\"@id\":\"https:\/\/www.seac.es\/es\/#website\"},\"primaryImageOfPage\":{\"@id\":\"https:\/\/www.seac.es\/es\/desarrollo\/#primaryimage\"},\"datePublished\":\"2017-09-01T11:41:48+00:00\",\"dateModified\":\"2022-10-07T06:08:26+00:00\",\"description\":\"Departamento de dise\u00f1o, desarrollo y pruebas de los productos propios de software y hardware. C\u00e1mara clim\u00e1tica, t\u00fanel de viento, etc.\",\"breadcrumb\":{\"@id\":\"https:\/\/www.seac.es\/es\/desarrollo\/#breadcrumb\"},\"inLanguage\":\"es\",\"potentialAction\":[{\"@type\":\"ReadAction\",\"target\":[\"https:\/\/www.seac.es\/es\/desarrollo\/\"]}]},{\"@type\":\"BreadcrumbList\",\"@id\":\"https:\/\/www.seac.es\/es\/desarrollo\/#breadcrumb\",\"itemListElement\":[{\"@type\":\"ListItem\",\"position\":1,\"name\":\"Portada\",\"item\":\"https:\/\/www.seac.es\/es\/\"},{\"@type\":\"ListItem\",\"position\":2,\"name\":\"Desarrollo\"}]}]}<\/script>\n<!-- \/ Yoast SEO plugin. -->","yoast_head_json":{"title":"Desarrollo - SEAC","description":"Departamento de dise\u00f1o, desarrollo y pruebas de los productos propios de software y hardware. C\u00e1mara clim\u00e1tica, t\u00fanel de viento, etc.","robots":{"index":"index","follow":"follow","max-snippet":"max-snippet:-1","max-image-preview":"max-image-preview:large","max-video-preview":"max-video-preview:-1"},"canonical":"https:\/\/www.seac.es\/es\/desarrollo\/","og_locale":"es_ES","og_type":"article","og_title":"Desarrollo - SEAC","og_description":"Departamento de dise\u00f1o, desarrollo y pruebas de los productos propios de software y hardware. C\u00e1mara clim\u00e1tica, t\u00fanel de viento, etc.","og_url":"https:\/\/www.seac.es\/es\/desarrollo\/","og_site_name":"SEAC","article_modified_time":"2022-10-07T06:08:26+00:00","og_image":[{"width":970,"height":862,"url":"https:\/\/www.seac.es\/es\/wp-content\/uploads\/2017\/08\/gear-wheel-x2-recorte.png","type":"image\/png"}],"author":"adminblogseac","twitter_card":"summary_large_image","twitter_misc":{"Tiempo de lectura":"2 minutos"},"schema":{"@context":"https:\/\/schema.org","@graph":[{"@type":"Organization","@id":"https:\/\/www.seac.es\/es\/#organization","name":"SEAC S.A.","url":"https:\/\/www.seac.es\/es\/","sameAs":[],"logo":{"@type":"ImageObject","inLanguage":"es","@id":"https:\/\/www.seac.es\/es\/#\/schema\/logo\/image\/","url":"https:\/\/www.seac.es\/es\/wp-content\/uploads\/2017\/08\/logoSEAC240x105.png","contentUrl":"https:\/\/www.seac.es\/es\/wp-content\/uploads\/2017\/08\/logoSEAC240x105.png","width":240,"height":105,"caption":"SEAC S.A."},"image":{"@id":"https:\/\/www.seac.es\/es\/#\/schema\/logo\/image\/"}},{"@type":"WebSite","@id":"https:\/\/www.seac.es\/es\/#website","url":"https:\/\/www.seac.es\/es\/","name":"SEAC","description":"Meteorolog\u00eda y equipos de medida","publisher":{"@id":"https:\/\/www.seac.es\/es\/#organization"},"potentialAction":[{"@type":"SearchAction","target":{"@type":"EntryPoint","urlTemplate":"https:\/\/www.seac.es\/es\/?s={search_term_string}"},"query-input":"required name=search_term_string"}],"inLanguage":"es"},{"@type":"ImageObject","inLanguage":"es","@id":"https:\/\/www.seac.es\/es\/desarrollo\/#primaryimage","url":"https:\/\/www.seac.es\/es\/wp-content\/uploads\/2017\/08\/gear-wheel-x2-recorte.png","contentUrl":"https:\/\/www.seac.es\/es\/wp-content\/uploads\/2017\/08\/gear-wheel-x2-recorte.png","width":970,"height":862,"caption":"Desarrollo dise\u00f1o pruebas seac"},{"@type":"WebPage","@id":"https:\/\/www.seac.es\/es\/desarrollo\/#webpage","url":"https:\/\/www.seac.es\/es\/desarrollo\/","name":"Desarrollo - SEAC","isPartOf":{"@id":"https:\/\/www.seac.es\/es\/#website"},"primaryImageOfPage":{"@id":"https:\/\/www.seac.es\/es\/desarrollo\/#primaryimage"},"datePublished":"2017-09-01T11:41:48+00:00","dateModified":"2022-10-07T06:08:26+00:00","description":"Departamento de dise\u00f1o, desarrollo y pruebas de los productos propios de software y hardware. C\u00e1mara clim\u00e1tica, t\u00fanel de viento, etc.","breadcrumb":{"@id":"https:\/\/www.seac.es\/es\/desarrollo\/#breadcrumb"},"inLanguage":"es","potentialAction":[{"@type":"ReadAction","target":["https:\/\/www.seac.es\/es\/desarrollo\/"]}]},{"@type":"BreadcrumbList","@id":"https:\/\/www.seac.es\/es\/desarrollo\/#breadcrumb","itemListElement":[{"@type":"ListItem","position":1,"name":"Portada","item":"https:\/\/www.seac.es\/es\/"},{"@type":"ListItem","position":2,"name":"Desarrollo"}]}]}},"_links":{"self":[{"href":"https:\/\/www.seac.es\/es\/wp-json\/wp\/v2\/pages\/412"}],"collection":[{"href":"https:\/\/www.seac.es\/es\/wp-json\/wp\/v2\/pages"}],"about":[{"href":"https:\/\/www.seac.es\/es\/wp-json\/wp\/v2\/types\/page"}],"author":[{"embeddable":true,"href":"https:\/\/www.seac.es\/es\/wp-json\/wp\/v2\/users\/1"}],"replies":[{"embeddable":true,"href":"https:\/\/www.seac.es\/es\/wp-json\/wp\/v2\/comments?post=412"}],"version-history":[{"count":80,"href":"https:\/\/www.seac.es\/es\/wp-json\/wp\/v2\/pages\/412\/revisions"}],"predecessor-version":[{"id":860,"href":"https:\/\/www.seac.es\/es\/wp-json\/wp\/v2\/pages\/412\/revisions\/860"}],"wp:featuredmedia":[{"embeddable":true,"href":"https:\/\/www.seac.es\/es\/wp-json\/wp\/v2\/media\/429"}],"wp:attachment":[{"href":"https:\/\/www.seac.es\/es\/wp-json\/wp\/v2\/media?parent=412"}],"curies":[{"name":"wp","href":"https:\/\/api.w.org\/{rel}","templated":true}]}}