{"id":280,"date":"2017-08-22T10:04:56","date_gmt":"2017-08-22T10:04:56","guid":{"rendered":"http:\/\/www.seac.es\/es\/?page_id=280"},"modified":"2022-07-15T10:00:25","modified_gmt":"2022-07-15T10:00:25","slug":"dataloggers","status":"publish","type":"page","link":"https:\/\/www.seac.es\/es\/productos\/dataloggers\/","title":{"rendered":"Dataloggers"},"content":{"rendered":"<div id=\"pl-280\"  class=\"panel-layout\" ><div id=\"pg-280-0\"  class=\"panel-grid panel-has-style\" ><div class=\"siteorigin-panels-stretch panel-row-style panel-row-style-for-280-0\" data-stretch-type=\"full-stretched\" ><div id=\"pgc-280-0-0\"  class=\"panel-grid-cell\" ><div id=\"panel-280-0-0-0\" class=\"so-panel widget widget_sow-hero panel-first-child panel-last-child\" data-index=\"0\" ><div\n\t\t\t\n\t\t\tclass=\"so-widget-sow-hero so-widget-sow-hero-default-62309ec3fd34-280\"\n\t\t\t\n\t\t><div class=\"sow-slider-base\" style=\"display: none\"><ul\n\t\t\t\t\tclass=\"sow-slider-images\"\n\t\t\t\t\tdata-settings=\"{&quot;pagination&quot;:true,&quot;speed&quot;:800,&quot;timeout&quot;:8000,&quot;paused&quot;:false,&quot;pause_on_hover&quot;:false,&quot;swipe&quot;:false,&quot;nav_always_show_desktop&quot;:&quot;&quot;,&quot;nav_always_show_mobile&quot;:&quot;&quot;,&quot;breakpoint&quot;:&quot;780px&quot;,&quot;unmute&quot;:false,&quot;anchor&quot;:null}\"\n\t\t\t\t\tstyle=\"min-height: 280px\"\t\t\t\t\tdata-anchor-id=\"\"\n\t\t\t\t>\t\t<li class=\"sow-slider-image  sow-slider-image-cover\" style=\"background-color: #333333;background-image: url(https:\/\/www.seac.es\/es\/wp-content\/uploads\/2022\/06\/dataloggers_long3.png)\" >\n\t\t\t\t\t<div class=\"sow-slider-image-container\">\n\t\t\t<div class=\"sow-slider-image-wrapper\">\n\t\t\t\t<h2 style=\"text-align: left\"><span style=\"color: #0c307c\">REGISTRADORES DE DATOS<\/span><\/h2>\n<div class=\"sow-hero-buttons\" style=\"text-align: left\"><\/div>\t\t\t<\/div>\n\t\t<\/div>\n\t\t\t\t<\/li>\n\t\t<\/ul>\t\t\t\t<ol class=\"sow-slider-pagination\">\n\t\t\t\t\t\t\t\t\t\t\t<li><a href=\"#\" data-goto=\"0\" aria-label=\"mostrar diapositiva 1\"><\/a><\/li>\n\t\t\t\t\t\t\t\t\t<\/ol>\n\n\t\t\t\t<div class=\"sow-slide-nav sow-slide-nav-next\">\n\t\t\t\t\t<a href=\"#\" data-goto=\"next\" aria-label=\"diapositiva siguiente\" data-action=\"next\">\n\t\t\t\t\t\t<em class=\"sow-sld-icon-thin-right\"><\/em>\n\t\t\t\t\t<\/a>\n\t\t\t\t<\/div>\n\n\t\t\t\t<div class=\"sow-slide-nav sow-slide-nav-prev\">\n\t\t\t\t\t<a href=\"#\" data-goto=\"previous\" aria-label=\"diapositiva anterior\" data-action=\"prev\">\n\t\t\t\t\t\t<em class=\"sow-sld-icon-thin-left\"><\/em>\n\t\t\t\t\t<\/a>\n\t\t\t\t<\/div>\n\t\t\t\t<\/div><\/div><\/div><\/div><\/div><\/div><div id=\"pg-280-1\"  class=\"panel-grid panel-has-style\" ><div class=\"siteorigin-panels-stretch panel-row-style panel-row-style-for-280-1\" data-stretch-type=\"full\" ><div id=\"pgc-280-1-0\"  class=\"panel-grid-cell\" ><div id=\"panel-280-1-0-0\" class=\"so-panel widget widget_sow-headline panel-first-child panel-last-child\" data-index=\"1\" ><div\n\t\t\t\n\t\t\tclass=\"so-widget-sow-headline so-widget-sow-headline-default-ad6310e5dc19-280\"\n\t\t\t\n\t\t><div class=\"sow-headline-container \">\n\t<h3 class='sow-sub-headline'>Disponemos de una amplia gama de equipos de adquisici\u00f3n de datos de altas prestaciones. Dise\u00f1ados para la lectura, proceso y almacenamiento de medidas, en un rango amplio de temperatura.<\/h3><\/div><\/div><\/div><\/div><\/div><\/div><div id=\"pg-280-2\"  class=\"panel-grid panel-no-style\" ><div id=\"pgc-280-2-0\"  class=\"panel-grid-cell\" ><div id=\"panel-280-2-0-0\" class=\"so-panel widget widget_sow-image panel-first-child\" data-index=\"2\" ><div class=\"panel-widget-style panel-widget-style-for-280-2-0-0\" ><div\n\t\t\t\n\t\t\tclass=\"so-widget-sow-image so-widget-sow-image-default-d6014b76747a-280\"\n\t\t\t\n\t\t>\n\n<div class=\"sow-image-container\">\n\t\t\t<a href=\"https:\/\/www.seac.es\/es\/productos\/dataloggers\/rd32\/\"\n\t\t\t\t\t>\n\t\t\t<img src=\"https:\/\/www.seac.es\/es\/wp-content\/uploads\/2022\/04\/Datalogger_RD32_transp8-470x280.png\" width=\"470\" height=\"280\" sizes=\"(max-width: 470px) 100vw, 470px\" alt=\"datalogger RD32 seac\" loading=\"lazy\" \t\tclass=\"so-widget-image\"\/>\n\t<\/a><\/div>\n\n<\/div><\/div><\/div><div id=\"panel-280-2-0-1\" class=\"so-panel widget widget_sow-editor panel-last-child\" data-index=\"3\" ><div\n\t\t\t\n\t\t\tclass=\"so-widget-sow-editor so-widget-sow-editor-base\"\n\t\t\t\n\t\t>\n<div class=\"siteorigin-widget-tinymce textwidget\">\n\t<h2><a href=\"https:\/\/www.seac.es\/es\/productos\/dataloggers\/rd32\/\">RD32<\/a><\/h2>\n<p>El equipo de adquisici\u00f3n de datos RD32 de SEAC S.A. ha sido dise\u00f1ado para responder a la demanda en el campo de la Instrumentaci\u00f3n, con un equipo de altas prestaciones para la lectura, proceso y almacenamiento de medidas, en un rango amplio de temperatura.<\/p><\/div>\n<\/div><\/div><\/div><div id=\"pgc-280-2-1\"  class=\"panel-grid-cell\" ><div id=\"panel-280-2-1-0\" class=\"so-panel widget widget_sow-image panel-first-child\" data-index=\"4\" ><div class=\"panel-widget-style panel-widget-style-for-280-2-1-0\" ><div\n\t\t\t\n\t\t\tclass=\"so-widget-sow-image so-widget-sow-image-default-d6014b76747a-280\"\n\t\t\t\n\t\t>\n\n<div class=\"sow-image-container\">\n\t\t\t<a href=\"https:\/\/www.seac.es\/es\/productos\/dataloggers\/rd51\/\"\n\t\t\t\t\t>\n\t\t\t<img src=\"https:\/\/www.seac.es\/es\/wp-content\/uploads\/2022\/04\/Datalogger_RD51_transp_1080blc-470x280.jpg\" width=\"470\" height=\"280\" sizes=\"(max-width: 470px) 100vw, 470px\" alt=\"\" loading=\"lazy\" \t\tclass=\"so-widget-image\"\/>\n\t<\/a><\/div>\n\n<\/div><\/div><\/div><div id=\"panel-280-2-1-1\" class=\"so-panel widget widget_sow-editor panel-last-child\" data-index=\"5\" ><div\n\t\t\t\n\t\t\tclass=\"so-widget-sow-editor so-widget-sow-editor-base\"\n\t\t\t\n\t\t>\n<div class=\"siteorigin-widget-tinymce textwidget\">\n\t<h2><a href=\"https:\/\/www.seac.es\/es\/productos\/dataloggers\/rd51\/\">RD51<\/a><\/h2>\n<p>El RD51 es un registrador\u2013transmisor de datos dise\u00f1ado para satisfacer las necesidades de procesamiento, registro y transmisi\u00f3n de datos procedentes de cualquier tipo de se\u00f1al de entrada digital serie.<\/p><\/div>\n<\/div><\/div><\/div><div id=\"pgc-280-2-2\"  class=\"panel-grid-cell\" ><div id=\"panel-280-2-2-0\" class=\"so-panel widget widget_sow-image panel-first-child\" data-index=\"6\" ><div class=\"panel-widget-style panel-widget-style-for-280-2-2-0\" ><div\n\t\t\t\n\t\t\tclass=\"so-widget-sow-image so-widget-sow-image-default-d6014b76747a-280\"\n\t\t\t\n\t\t>\n\n<div class=\"sow-image-container\">\n\t\t\t<a href=\"https:\/\/www.seac.es\/es\/productos\/dataloggers\/rd55\/\"\n\t\t\t\t\t>\n\t\t\t<img src=\"https:\/\/www.seac.es\/es\/wp-content\/uploads\/2019\/06\/RD55A-470x280.gif\" width=\"470\" height=\"280\" srcset=\"https:\/\/www.seac.es\/es\/wp-content\/uploads\/2019\/06\/RD55A-470x280.gif 470w, https:\/\/www.seac.es\/es\/wp-content\/uploads\/2019\/06\/RD55A-24x13.gif 24w\" sizes=\"(max-width: 470px) 100vw, 470px\" alt=\"Datalogger RD55 seac\" loading=\"lazy\" \t\tclass=\"so-widget-image\"\/>\n\t<\/a><\/div>\n\n<\/div><\/div><\/div><div id=\"panel-280-2-2-1\" class=\"so-panel widget widget_sow-editor panel-last-child\" data-index=\"7\" ><div\n\t\t\t\n\t\t\tclass=\"so-widget-sow-editor so-widget-sow-editor-base\"\n\t\t\t\n\t\t>\n<div class=\"siteorigin-widget-tinymce textwidget\">\n\t<h2><a href=\"http:\/\/www.seac.es\/es\/rd55\/\">RD55<\/a><\/h2>\n<p>El RD55 es un registrador\u2013transmisor de datos dise\u00f1ado para satisfacer las necesidades de procesamiento, registro y transmisi\u00f3n de datos ambientales procedentes de cualquier tipo de se\u00f1al.<br \/>Concebido principalmente para la adquisici\u00f3n de entradas digitales serie, tiene la opci\u00f3n de instalar una tarjeta de interfaz para la adquisici\u00f3n de datos a partir de: frecuencia, pulsos y sensores anal\u00f3gicos.<\/p><\/div>\n<\/div><\/div><\/div><\/div><div id=\"pg-280-3\"  class=\"panel-grid panel-no-style\" ><div id=\"pgc-280-3-0\"  class=\"panel-grid-cell\" ><div id=\"panel-280-3-0-0\" class=\"so-panel widget widget_sow-image panel-first-child\" data-index=\"8\" ><div class=\"panel-widget-style panel-widget-style-for-280-3-0-0\" ><div\n\t\t\t\n\t\t\tclass=\"so-widget-sow-image so-widget-sow-image-default-d6014b76747a-280\"\n\t\t\t\n\t\t>\n\n<div class=\"sow-image-container\">\n\t\t\t<a href=\"https:\/\/www.seac.es\/es\/productos\/dataloggers\/c3a\/\"\n\t\t\t\t\t>\n\t\t\t<img src=\"https:\/\/www.seac.es\/es\/wp-content\/uploads\/2022\/06\/C3A_GREY_640transpDatalog3-470x280.png\" width=\"470\" height=\"280\" srcset=\"https:\/\/www.seac.es\/es\/wp-content\/uploads\/2022\/06\/C3A_GREY_640transpDatalog3-470x280.png 470w, https:\/\/www.seac.es\/es\/wp-content\/uploads\/2022\/06\/C3A_GREY_640transpDatalog3-24x15.png 24w, https:\/\/www.seac.es\/es\/wp-content\/uploads\/2022\/06\/C3A_GREY_640transpDatalog3-36x22.png 36w, https:\/\/www.seac.es\/es\/wp-content\/uploads\/2022\/06\/C3A_GREY_640transpDatalog3-48x30.png 48w\" sizes=\"(max-width: 470px) 100vw, 470px\" alt=\"\" loading=\"lazy\" \t\tclass=\"so-widget-image\"\/>\n\t<\/a><\/div>\n\n<\/div><\/div><\/div><div id=\"panel-280-3-0-1\" class=\"so-panel widget widget_sow-editor panel-last-child\" data-index=\"9\" ><div\n\t\t\t\n\t\t\tclass=\"so-widget-sow-editor so-widget-sow-editor-base\"\n\t\t\t\n\t\t>\n<div class=\"siteorigin-widget-tinymce textwidget\">\n\t<h2><a href=\"https:\/\/www.seac.es\/es\/productos\/dataloggers\/c3a\/\">C3A<\/a><\/h2>\n<p>El Control Anemom\u00e9trico de tres alarmas (C3A), dise\u00f1ado y fabricado por SEAC S.A., es un equipo destinado a medir la velocidad del viento y a la emisi\u00f3n de tres alarmas por umbrales programados por el usuario.<\/p><\/div>\n<\/div><\/div><\/div><div id=\"pgc-280-3-1\"  class=\"panel-grid-cell panel-grid-cell-mobile-last\" ><div id=\"panel-280-3-1-0\" class=\"so-panel widget widget_sow-image panel-first-child\" data-index=\"10\" ><div class=\"panel-widget-style panel-widget-style-for-280-3-1-0\" ><div\n\t\t\t\n\t\t\tclass=\"so-widget-sow-image so-widget-sow-image-default-d6014b76747a-280\"\n\t\t\t\n\t\t>\n\n<div class=\"sow-image-container\">\n\t\t\t<a href=\"https:\/\/www.seac.es\/es\/productos\/dataloggers\/esc32\/\"\n\t\t\t\t\t>\n\t\t\t<img src=\"https:\/\/www.seac.es\/es\/wp-content\/uploads\/2022\/04\/esc32_640_transp-470x280.png\" width=\"470\" height=\"280\" sizes=\"(max-width: 470px) 100vw, 470px\" alt=\"datalogger exterior IP65 seac\" loading=\"lazy\" \t\tclass=\"so-widget-image\"\/>\n\t<\/a><\/div>\n\n<\/div><\/div><\/div><div id=\"panel-280-3-1-1\" class=\"so-panel widget widget_sow-editor panel-last-child\" data-index=\"11\" ><div\n\t\t\t\n\t\t\tclass=\"so-widget-sow-editor so-widget-sow-editor-base\"\n\t\t\t\n\t\t>\n<div class=\"siteorigin-widget-tinymce textwidget\">\n\t<h2><a href=\"https:\/\/www.seac.es\/es\/productos\/dataloggers\/esc32\/\">ESC32<\/a><\/h2>\n<p>Equipo optimizado para su uso en el estudio de emplazamientos, explotaci\u00f3n y control de huertos solares con paneles fijos o en seguidores autom\u00e1ticos.\u00a0Es un registrador de datos general de intemperie, completamente configurable.<\/p><\/div>\n<\/div><\/div><\/div><div id=\"pgc-280-3-2\"  class=\"panel-grid-cell panel-grid-cell-empty\" ><\/div><\/div><div id=\"pg-280-4\"  class=\"panel-grid panel-no-style\" ><div id=\"pgc-280-4-0\"  class=\"panel-grid-cell panel-grid-cell-empty\" ><\/div><\/div><\/div>","protected":false},"excerpt":{"rendered":"<p>REGISTRADORES DE DATOS Disponemos de una amplia gama de equipos de adquisici\u00f3n de datos de altas prestaciones. Dise\u00f1ados para la lectura, proceso y almacenamiento de<\/p>\n","protected":false},"author":1,"featured_media":2516,"parent":749,"menu_order":0,"comment_status":"closed","ping_status":"closed","template":"","meta":[],"yoast_head":"<!-- This site is optimized with the Yoast SEO plugin v19.2 - https:\/\/yoast.com\/wordpress\/plugins\/seo\/ -->\n<title>Dataloggers - SEAC<\/title>\n<meta name=\"description\" content=\"Disponemos de una amplia gama de equipos de adquisici\u00f3n de datos de altas prestaciones. Dise\u00f1ados para la lectura, proceso y almacenamiento de medidas, en un rango amplio de temperatura.\" \/>\n<meta name=\"robots\" content=\"index, follow, max-snippet:-1, max-image-preview:large, max-video-preview:-1\" \/>\n<link rel=\"canonical\" href=\"https:\/\/www.seac.es\/es\/productos\/dataloggers\/\" \/>\n<meta property=\"og:locale\" content=\"es_ES\" \/>\n<meta property=\"og:type\" content=\"article\" \/>\n<meta property=\"og:title\" content=\"Dataloggers - SEAC\" \/>\n<meta property=\"og:description\" content=\"Disponemos de una amplia gama de equipos de adquisici\u00f3n de datos de altas prestaciones. Dise\u00f1ados para la lectura, proceso y almacenamiento de medidas, en un rango amplio de temperatura.\" \/>\n<meta property=\"og:url\" content=\"https:\/\/www.seac.es\/es\/productos\/dataloggers\/\" \/>\n<meta property=\"og:site_name\" content=\"SEAC\" \/>\n<meta property=\"article:modified_time\" content=\"2022-07-15T10:00:25+00:00\" \/>\n<meta property=\"og:image\" content=\"https:\/\/www.seac.es\/es\/wp-content\/uploads\/2022\/04\/DATALOGGERSSMALLtransp.png\" \/>\n\t<meta property=\"og:image:width\" content=\"1080\" \/>\n\t<meta property=\"og:image:height\" content=\"632\" \/>\n\t<meta property=\"og:image:type\" content=\"image\/png\" \/>\n<meta name=\"author\" content=\"adminblogseac\" \/>\n<meta name=\"twitter:card\" content=\"summary_large_image\" \/>\n<meta name=\"twitter:label1\" content=\"Tiempo de lectura\" \/>\n\t<meta name=\"twitter:data1\" content=\"2 minutos\" \/>\n<script type=\"application\/ld+json\" class=\"yoast-schema-graph\">{\"@context\":\"https:\/\/schema.org\",\"@graph\":[{\"@type\":\"Organization\",\"@id\":\"https:\/\/www.seac.es\/es\/#organization\",\"name\":\"SEAC S.A.\",\"url\":\"https:\/\/www.seac.es\/es\/\",\"sameAs\":[],\"logo\":{\"@type\":\"ImageObject\",\"inLanguage\":\"es\",\"@id\":\"https:\/\/www.seac.es\/es\/#\/schema\/logo\/image\/\",\"url\":\"https:\/\/www.seac.es\/es\/wp-content\/uploads\/2017\/08\/logoSEAC240x105.png\",\"contentUrl\":\"https:\/\/www.seac.es\/es\/wp-content\/uploads\/2017\/08\/logoSEAC240x105.png\",\"width\":240,\"height\":105,\"caption\":\"SEAC S.A.\"},\"image\":{\"@id\":\"https:\/\/www.seac.es\/es\/#\/schema\/logo\/image\/\"}},{\"@type\":\"WebSite\",\"@id\":\"https:\/\/www.seac.es\/es\/#website\",\"url\":\"https:\/\/www.seac.es\/es\/\",\"name\":\"SEAC\",\"description\":\"Meteorolog\u00eda y equipos de medida\",\"publisher\":{\"@id\":\"https:\/\/www.seac.es\/es\/#organization\"},\"potentialAction\":[{\"@type\":\"SearchAction\",\"target\":{\"@type\":\"EntryPoint\",\"urlTemplate\":\"https:\/\/www.seac.es\/es\/?s={search_term_string}\"},\"query-input\":\"required name=search_term_string\"}],\"inLanguage\":\"es\"},{\"@type\":\"ImageObject\",\"inLanguage\":\"es\",\"@id\":\"https:\/\/www.seac.es\/es\/productos\/dataloggers\/#primaryimage\",\"url\":\"https:\/\/www.seac.es\/es\/wp-content\/uploads\/2022\/04\/DATALOGGERSSMALLtransp.png\",\"contentUrl\":\"https:\/\/www.seac.es\/es\/wp-content\/uploads\/2022\/04\/DATALOGGERSSMALLtransp.png\",\"width\":1080,\"height\":632},{\"@type\":\"WebPage\",\"@id\":\"https:\/\/www.seac.es\/es\/productos\/dataloggers\/#webpage\",\"url\":\"https:\/\/www.seac.es\/es\/productos\/dataloggers\/\",\"name\":\"Dataloggers - SEAC\",\"isPartOf\":{\"@id\":\"https:\/\/www.seac.es\/es\/#website\"},\"primaryImageOfPage\":{\"@id\":\"https:\/\/www.seac.es\/es\/productos\/dataloggers\/#primaryimage\"},\"datePublished\":\"2017-08-22T10:04:56+00:00\",\"dateModified\":\"2022-07-15T10:00:25+00:00\",\"description\":\"Disponemos de una amplia gama de equipos de adquisici\u00f3n de datos de altas prestaciones. Dise\u00f1ados para la lectura, proceso y almacenamiento de medidas, en un rango amplio de temperatura.\",\"breadcrumb\":{\"@id\":\"https:\/\/www.seac.es\/es\/productos\/dataloggers\/#breadcrumb\"},\"inLanguage\":\"es\",\"potentialAction\":[{\"@type\":\"ReadAction\",\"target\":[\"https:\/\/www.seac.es\/es\/productos\/dataloggers\/\"]}]},{\"@type\":\"BreadcrumbList\",\"@id\":\"https:\/\/www.seac.es\/es\/productos\/dataloggers\/#breadcrumb\",\"itemListElement\":[{\"@type\":\"ListItem\",\"position\":1,\"name\":\"Portada\",\"item\":\"https:\/\/www.seac.es\/es\/\"},{\"@type\":\"ListItem\",\"position\":2,\"name\":\"Productos\",\"item\":\"https:\/\/www.seac.es\/es\/productos\/\"},{\"@type\":\"ListItem\",\"position\":3,\"name\":\"Dataloggers\"}]}]}<\/script>\n<!-- \/ Yoast SEO plugin. -->","yoast_head_json":{"title":"Dataloggers - SEAC","description":"Disponemos de una amplia gama de equipos de adquisici\u00f3n de datos de altas prestaciones. Dise\u00f1ados para la lectura, proceso y almacenamiento de medidas, en un rango amplio de temperatura.","robots":{"index":"index","follow":"follow","max-snippet":"max-snippet:-1","max-image-preview":"max-image-preview:large","max-video-preview":"max-video-preview:-1"},"canonical":"https:\/\/www.seac.es\/es\/productos\/dataloggers\/","og_locale":"es_ES","og_type":"article","og_title":"Dataloggers - SEAC","og_description":"Disponemos de una amplia gama de equipos de adquisici\u00f3n de datos de altas prestaciones. Dise\u00f1ados para la lectura, proceso y almacenamiento de medidas, en un rango amplio de temperatura.","og_url":"https:\/\/www.seac.es\/es\/productos\/dataloggers\/","og_site_name":"SEAC","article_modified_time":"2022-07-15T10:00:25+00:00","og_image":[{"width":1080,"height":632,"url":"https:\/\/www.seac.es\/es\/wp-content\/uploads\/2022\/04\/DATALOGGERSSMALLtransp.png","type":"image\/png"}],"author":"adminblogseac","twitter_card":"summary_large_image","twitter_misc":{"Tiempo de lectura":"2 minutos"},"schema":{"@context":"https:\/\/schema.org","@graph":[{"@type":"Organization","@id":"https:\/\/www.seac.es\/es\/#organization","name":"SEAC S.A.","url":"https:\/\/www.seac.es\/es\/","sameAs":[],"logo":{"@type":"ImageObject","inLanguage":"es","@id":"https:\/\/www.seac.es\/es\/#\/schema\/logo\/image\/","url":"https:\/\/www.seac.es\/es\/wp-content\/uploads\/2017\/08\/logoSEAC240x105.png","contentUrl":"https:\/\/www.seac.es\/es\/wp-content\/uploads\/2017\/08\/logoSEAC240x105.png","width":240,"height":105,"caption":"SEAC S.A."},"image":{"@id":"https:\/\/www.seac.es\/es\/#\/schema\/logo\/image\/"}},{"@type":"WebSite","@id":"https:\/\/www.seac.es\/es\/#website","url":"https:\/\/www.seac.es\/es\/","name":"SEAC","description":"Meteorolog\u00eda y equipos de medida","publisher":{"@id":"https:\/\/www.seac.es\/es\/#organization"},"potentialAction":[{"@type":"SearchAction","target":{"@type":"EntryPoint","urlTemplate":"https:\/\/www.seac.es\/es\/?s={search_term_string}"},"query-input":"required name=search_term_string"}],"inLanguage":"es"},{"@type":"ImageObject","inLanguage":"es","@id":"https:\/\/www.seac.es\/es\/productos\/dataloggers\/#primaryimage","url":"https:\/\/www.seac.es\/es\/wp-content\/uploads\/2022\/04\/DATALOGGERSSMALLtransp.png","contentUrl":"https:\/\/www.seac.es\/es\/wp-content\/uploads\/2022\/04\/DATALOGGERSSMALLtransp.png","width":1080,"height":632},{"@type":"WebPage","@id":"https:\/\/www.seac.es\/es\/productos\/dataloggers\/#webpage","url":"https:\/\/www.seac.es\/es\/productos\/dataloggers\/","name":"Dataloggers - SEAC","isPartOf":{"@id":"https:\/\/www.seac.es\/es\/#website"},"primaryImageOfPage":{"@id":"https:\/\/www.seac.es\/es\/productos\/dataloggers\/#primaryimage"},"datePublished":"2017-08-22T10:04:56+00:00","dateModified":"2022-07-15T10:00:25+00:00","description":"Disponemos de una amplia gama de equipos de adquisici\u00f3n de datos de altas prestaciones. Dise\u00f1ados para la lectura, proceso y almacenamiento de medidas, en un rango amplio de temperatura.","breadcrumb":{"@id":"https:\/\/www.seac.es\/es\/productos\/dataloggers\/#breadcrumb"},"inLanguage":"es","potentialAction":[{"@type":"ReadAction","target":["https:\/\/www.seac.es\/es\/productos\/dataloggers\/"]}]},{"@type":"BreadcrumbList","@id":"https:\/\/www.seac.es\/es\/productos\/dataloggers\/#breadcrumb","itemListElement":[{"@type":"ListItem","position":1,"name":"Portada","item":"https:\/\/www.seac.es\/es\/"},{"@type":"ListItem","position":2,"name":"Productos","item":"https:\/\/www.seac.es\/es\/productos\/"},{"@type":"ListItem","position":3,"name":"Dataloggers"}]}]}},"_links":{"self":[{"href":"https:\/\/www.seac.es\/es\/wp-json\/wp\/v2\/pages\/280"}],"collection":[{"href":"https:\/\/www.seac.es\/es\/wp-json\/wp\/v2\/pages"}],"about":[{"href":"https:\/\/www.seac.es\/es\/wp-json\/wp\/v2\/types\/page"}],"author":[{"embeddable":true,"href":"https:\/\/www.seac.es\/es\/wp-json\/wp\/v2\/users\/1"}],"replies":[{"embeddable":true,"href":"https:\/\/www.seac.es\/es\/wp-json\/wp\/v2\/comments?post=280"}],"version-history":[{"count":134,"href":"https:\/\/www.seac.es\/es\/wp-json\/wp\/v2\/pages\/280\/revisions"}],"predecessor-version":[{"id":3167,"href":"https:\/\/www.seac.es\/es\/wp-json\/wp\/v2\/pages\/280\/revisions\/3167"}],"up":[{"embeddable":true,"href":"https:\/\/www.seac.es\/es\/wp-json\/wp\/v2\/pages\/749"}],"wp:featuredmedia":[{"embeddable":true,"href":"https:\/\/www.seac.es\/es\/wp-json\/wp\/v2\/media\/2516"}],"wp:attachment":[{"href":"https:\/\/www.seac.es\/es\/wp-json\/wp\/v2\/media?parent=280"}],"curies":[{"name":"wp","href":"https:\/\/api.w.org\/{rel}","templated":true}]}}