{"id":2730,"date":"2022-06-16T06:44:22","date_gmt":"2022-06-16T06:44:22","guid":{"rendered":"https:\/\/www.seac.es\/es\/?page_id=2730"},"modified":"2022-09-29T10:01:21","modified_gmt":"2022-09-29T10:01:21","slug":"tmc20","status":"publish","type":"page","link":"https:\/\/www.seac.es\/es\/productos\/sensores\/tmc20\/","title":{"rendered":"TMC20"},"content":{"rendered":"<div id=\"pl-2730\"  class=\"panel-layout\" ><div id=\"pg-2730-0\"  class=\"panel-grid panel-has-style\" ><div class=\"siteorigin-panels-stretch panel-row-style panel-row-style-for-2730-0\" data-stretch-type=\"full-stretched\" ><div id=\"pgc-2730-0-0\"  class=\"panel-grid-cell\" ><div id=\"panel-2730-0-0-0\" class=\"so-panel widget widget_sow-hero panel-first-child panel-last-child\" data-index=\"0\" ><div\n\t\t\t\n\t\t\tclass=\"so-widget-sow-hero so-widget-sow-hero-default-5dfc655a3c7d-2730\"\n\t\t\t\n\t\t><div class=\"sow-slider-base\" style=\"display: none\"><ul\n\t\t\t\t\tclass=\"sow-slider-images\"\n\t\t\t\t\tdata-settings=\"{&quot;pagination&quot;:true,&quot;speed&quot;:800,&quot;timeout&quot;:8000,&quot;paused&quot;:false,&quot;pause_on_hover&quot;:false,&quot;swipe&quot;:false,&quot;nav_always_show_desktop&quot;:&quot;&quot;,&quot;nav_always_show_mobile&quot;:&quot;&quot;,&quot;breakpoint&quot;:&quot;780px&quot;,&quot;unmute&quot;:false,&quot;anchor&quot;:null}\"\n\t\t\t\t\tstyle=\"min-height: 280px\"\t\t\t\t\tdata-anchor-id=\"\"\n\t\t\t\t>\t\t<li class=\"sow-slider-image  sow-slider-image-cover\" style=\"background-color: #333333;background-image: url(https:\/\/www.seac.es\/es\/wp-content\/uploads\/2022\/09\/tunel2.jpg)\" >\n\t\t\t\t\t<div class=\"sow-slider-image-container\">\n\t\t\t<div class=\"sow-slider-image-wrapper\">\n\t\t\t\t<h1>TMC20 - Transmisor Ultras\u00f3nico de viento<\/h1>\n\t\t\t<\/div>\n\t\t<\/div>\n\t\t\t\t<\/li>\n\t\t<\/ul>\t\t\t\t<ol class=\"sow-slider-pagination\">\n\t\t\t\t\t\t\t\t\t\t\t<li><a href=\"#\" data-goto=\"0\" aria-label=\"mostrar diapositiva 1\"><\/a><\/li>\n\t\t\t\t\t\t\t\t\t<\/ol>\n\n\t\t\t\t<div class=\"sow-slide-nav sow-slide-nav-next\">\n\t\t\t\t\t<a href=\"#\" data-goto=\"next\" aria-label=\"diapositiva siguiente\" data-action=\"next\">\n\t\t\t\t\t\t<em class=\"sow-sld-icon-thin-right\"><\/em>\n\t\t\t\t\t<\/a>\n\t\t\t\t<\/div>\n\n\t\t\t\t<div class=\"sow-slide-nav sow-slide-nav-prev\">\n\t\t\t\t\t<a href=\"#\" data-goto=\"previous\" aria-label=\"diapositiva anterior\" data-action=\"prev\">\n\t\t\t\t\t\t<em class=\"sow-sld-icon-thin-left\"><\/em>\n\t\t\t\t\t<\/a>\n\t\t\t\t<\/div>\n\t\t\t\t<\/div><\/div><\/div><\/div><\/div><\/div><div id=\"pg-2730-1\"  class=\"panel-grid panel-has-style\" ><div class=\"siteorigin-panels-stretch panel-row-style panel-row-style-for-2730-1\" data-stretch-type=\"full\" ><div id=\"pgc-2730-1-0\"  class=\"panel-grid-cell\" ><div id=\"panel-2730-1-0-0\" class=\"so-panel widget widget_sow-image panel-first-child panel-last-child\" data-index=\"1\" ><div\n\t\t\t\n\t\t\tclass=\"so-widget-sow-image so-widget-sow-image-default-2ec334f0a340-2730\"\n\t\t\t\n\t\t>\n\n<div class=\"sow-image-container\">\n\t\t<img src=\"https:\/\/www.seac.es\/es\/wp-content\/uploads\/2022\/06\/TMC20transp1080.png\" width=\"1080\" height=\"1080\" srcset=\"https:\/\/www.seac.es\/es\/wp-content\/uploads\/2022\/06\/TMC20transp1080.png 1080w, https:\/\/www.seac.es\/es\/wp-content\/uploads\/2022\/06\/TMC20transp1080-150x150.png 150w, https:\/\/www.seac.es\/es\/wp-content\/uploads\/2022\/06\/TMC20transp1080-300x300.png 300w, https:\/\/www.seac.es\/es\/wp-content\/uploads\/2022\/06\/TMC20transp1080-768x768.png 768w, https:\/\/www.seac.es\/es\/wp-content\/uploads\/2022\/06\/TMC20transp1080-1024x1024.png 1024w, https:\/\/www.seac.es\/es\/wp-content\/uploads\/2022\/06\/TMC20transp1080-24x24.png 24w, https:\/\/www.seac.es\/es\/wp-content\/uploads\/2022\/06\/TMC20transp1080-36x36.png 36w, https:\/\/www.seac.es\/es\/wp-content\/uploads\/2022\/06\/TMC20transp1080-48x48.png 48w\" sizes=\"(max-width: 1080px) 100vw, 1080px\" alt=\"sensor viento anemometro seac\" loading=\"lazy\" \t\tclass=\"so-widget-image\"\/>\n\t<\/div>\n\n<\/div><\/div><\/div><div id=\"pgc-2730-1-1\"  class=\"panel-grid-cell\" ><div id=\"panel-2730-1-1-0\" class=\"so-panel widget widget_sow-editor panel-first-child\" data-index=\"2\" ><div\n\t\t\t\n\t\t\tclass=\"so-widget-sow-editor so-widget-sow-editor-base\"\n\t\t\t\n\t\t>\n<div class=\"siteorigin-widget-tinymce textwidget\">\n\t<h3>Presentaci\u00f3n<\/h3>\n<p>El sensor TMC20 es un sensor compacto para medir velocidad y direcci\u00f3n de viento.<br \/>Tiene cuerpo de aluminio y ABS para una estructura ligera y estable.<br \/>M\u00f3dulo de calefacci\u00f3n inteligente para funcionar en ambientes severos.<\/p>\n<h3>Caracter\u00edsticas<\/h3>\n<p>- Compacto, ligero y sin partes m\u00f3viles.<br \/>- Cuerpo de pl\u00e1stico y aluminio.<br \/>- Tecnolog\u00eda de compensaci\u00f3n de fase.<br \/>- Compas de tres ejes.<br \/>- M\u00f3dulo de aceleraci\u00f3n para estabilizar los datos.<\/p>\n<\/div>\n<\/div><\/div><div id=\"panel-2730-1-1-1\" class=\"so-panel widget widget_sow-button panel-last-child\" data-index=\"3\" ><div\n\t\t\t\n\t\t\tclass=\"so-widget-sow-button so-widget-sow-button-wire-30b3367ab913-2730\"\n\t\t\t\n\t\t><div class=\"ow-button-base ow-button-align-left\">\n\t<a href=\"\/docs-pdf\/GE_IE_CAT_0028.pdf\" class=\"ow-icon-placement-left ow-button-hover\" \t\t>\n\t\t<span>\n\t\t\t\n\t\t\tVer cat\u00e1logo\t\t<\/span>\n\t<\/a>\n<\/div>\n<\/div><\/div><\/div><\/div><\/div><div id=\"pg-2730-2\"  class=\"panel-grid panel-has-style\" ><div class=\"siteorigin-panels-stretch panel-row-style panel-row-style-for-2730-2\" data-stretch-type=\"full\" ><div id=\"pgc-2730-2-0\"  class=\"panel-grid-cell\" ><div id=\"panel-2730-2-0-0\" class=\"so-panel widget widget_sow-editor panel-first-child panel-last-child\" data-index=\"4\" ><div class=\"panel-widget-style panel-widget-style-for-2730-2-0-0\" ><div\n\t\t\t\n\t\t\tclass=\"so-widget-sow-editor so-widget-sow-editor-base\"\n\t\t\t\n\t\t>\n<div class=\"siteorigin-widget-tinymce textwidget\">\n\t<h1>\u00a0<\/h1>\n<h1>TMC20\u00a0Caracter\u00edsticas t\u00e9cnicas<\/h1>\n<\/div>\n<\/div><\/div><\/div><\/div><\/div><\/div><div id=\"pg-2730-3\"  class=\"panel-grid panel-has-style\" ><div class=\"siteorigin-panels-stretch panel-row-style panel-row-style-for-2730-3\" data-stretch-type=\"full\" ><div id=\"pgc-2730-3-0\"  class=\"panel-grid-cell\" ><div id=\"panel-2730-3-0-0\" class=\"so-panel widget widget_sow-editor panel-first-child panel-last-child\" data-index=\"5\" ><div\n\t\t\t\n\t\t\tclass=\"so-widget-sow-editor so-widget-sow-editor-base\"\n\t\t\t\n\t\t>\n<div class=\"siteorigin-widget-tinymce textwidget\">\n\t<p><b>General<\/b><\/p>\n<hr \/>\n<table>\n<tbody>\n<tr>\n<td width=\"135\">Protecci\u00f3n<\/td>\n<td width=\"170\">IP65<\/td>\n<\/tr>\n<tr>\n<td width=\"135\">Rango de humedad<\/td>\n<td width=\"170\">0~100%<\/td>\n<\/tr>\n<tr>\n<td width=\"135\">Rango de temperatura<\/td>\n<td width=\"170\">-40~70\u00b0C<\/td>\n<\/tr>\n<tr>\n<td width=\"135\">Alimentaci\u00f3n<\/td>\n<td width=\"170\">7-30V<\/td>\n<\/tr>\n<tr>\n<td width=\"135\">Consumo<\/td>\n<td width=\"170\">10mA@12V<\/td>\n<\/tr>\n<tr>\n<td width=\"135\">Modo bajo consumo<\/td>\n<td width=\"170\">1mA@12V<\/td>\n<\/tr>\n<\/tbody>\n<\/table>\n<p><b>Comunicaciones<\/b><\/p>\n<hr \/>\n<table>\n<tbody>\n<tr>\n<td width=\"135\">Actualizaci\u00f3n de datos de salida<\/td>\n<td width=\"170\">1s (0.20s configurable)<\/td>\n<\/tr>\n<tr>\n<td width=\"135\">Protocolo de comunicaciones<\/td>\n<td width=\"170\">MODBUS\/NMEA-0183 o ASCII<\/td>\n<\/tr>\n<tr>\n<td width=\"135\">Salida anal\u00f3gica<\/td>\n<td width=\"170\">2 salidas 4-20mA<\/td>\n<\/tr>\n<tr>\n<td width=\"135\">Salida digital<\/td>\n<td width=\"170\">SDI-12 &amp; RS232 &amp; RS485<\/td>\n<\/tr>\n<\/tbody>\n<\/table><\/div>\n<\/div><\/div><\/div><div id=\"pgc-2730-3-1\"  class=\"panel-grid-cell panel-grid-cell-empty\" ><\/div><div id=\"pgc-2730-3-2\"  class=\"panel-grid-cell\" ><div id=\"panel-2730-3-2-0\" class=\"so-panel widget widget_sow-editor panel-first-child\" data-index=\"6\" ><div\n\t\t\t\n\t\t\tclass=\"so-widget-sow-editor so-widget-sow-editor-base\"\n\t\t\t\n\t\t>\n<div class=\"siteorigin-widget-tinymce textwidget\">\n\t<p><strong>Direcci\u00f3n del viento<\/strong><\/p>\n<hr \/>\n<table>\n<tbody>\n<tr>\n<td width=\"135\">Sistema de medida<\/td>\n<td width=\"170\">Ultras\u00f3nico<\/td>\n<\/tr>\n<tr>\n<td width=\"135\">Rango de medida<\/td>\n<td width=\"170\">0~359\u00b0<\/td>\n<\/tr>\n<tr>\n<td width=\"135\">Precisi\u00f3n<\/td>\n<td width=\"170\">\u00b13%<\/td>\n<\/tr>\n<tr>\n<td width=\"135\">Resoluci\u00f3n<\/td>\n<td width=\"170\">1\u00ba<\/td>\n<\/tr>\n<tr>\n<td width=\"135\">Tiempo de respuesta<\/td>\n<td width=\"170\">1s (0.20s configurable)<\/td>\n<\/tr>\n<\/tbody>\n<\/table>\n<p><strong>Velocidad del viento<\/strong><\/p>\n<hr \/>\n<table>\n<tbody>\n<tr>\n<td width=\"135\">Sistema de medida<\/td>\n<td width=\"170\">Ultras\u00f3nico<\/td>\n<\/tr>\n<tr>\n<td width=\"135\">Rango de medida<\/td>\n<td width=\"170\">0~60 m\/s<\/td>\n<\/tr>\n<tr>\n<td width=\"135\">Precisi\u00f3n<\/td>\n<td width=\"170\">\u00b12%<\/td>\n<\/tr>\n<tr>\n<td width=\"135\">Resoluci\u00f3n<\/td>\n<td width=\"170\">0.01m\/s<\/td>\n<\/tr>\n<tr>\n<td width=\"135\">Tiempo de respuesta<\/td>\n<td width=\"170\">1s (0.20s configurable)<\/td>\n<\/tr>\n<\/tbody>\n<\/table>\n<p><b>Dimensiones<\/b><\/p>\n<hr \/>\n<table>\n<tbody>\n<tr>\n<td width=\"135\">Di\u00e1metro<\/td>\n<td width=\"170\">144mm<\/td>\n<\/tr>\n<tr>\n<td width=\"135\">Altura<\/td>\n<td width=\"170\">163mm<\/td>\n<\/tr>\n<tr>\n<td width=\"135\">Peso aprox.<\/td>\n<td width=\"170\">0.38kg<\/td>\n<\/tr>\n<tr>\n<td width=\"135\">Material<\/td>\n<td width=\"170\">ASA<\/td>\n<\/tr>\n<\/tbody>\n<\/table>\n<\/div>\n<\/div><\/div><div id=\"panel-2730-3-2-1\" class=\"so-panel widget widget_sow-button panel-last-child\" data-index=\"7\" ><div\n\t\t\t\n\t\t\tclass=\"so-widget-sow-button so-widget-sow-button-wire-30b3367ab913-2730\"\n\t\t\t\n\t\t><div class=\"ow-button-base ow-button-align-left\">\n\t<a href=\"\/docs-pdf\/GE_IE_CAT_0028.pdf\" class=\"ow-icon-placement-left ow-button-hover\" \t\t>\n\t\t<span>\n\t\t\t\n\t\t\tVer cat\u00e1logo\t\t<\/span>\n\t<\/a>\n<\/div>\n<\/div><\/div><\/div><\/div><\/div><\/div>","protected":false},"excerpt":{"rendered":"<p>Presentaci\u00f3n El sensor TMC20 es un sensor compacto para medir velocidad y direcci\u00f3n de viento.Tiene cuerpo de aluminio y ABS para una estructura ligera y<\/p>\n","protected":false},"author":1,"featured_media":2735,"parent":664,"menu_order":0,"comment_status":"closed","ping_status":"closed","template":"","meta":[],"yoast_head":"<!-- This site is optimized with the Yoast SEO plugin v19.2 - https:\/\/yoast.com\/wordpress\/plugins\/seo\/ -->\n<title>TMC20 - SEAC<\/title>\n<meta name=\"description\" content=\"Un sensor compacto para medir velocidad y direcci\u00f3n de viento. Ligero y sin partes m\u00f3viles. Cuerpo de pl\u00e1stico y aluminio.\" \/>\n<meta name=\"robots\" content=\"index, follow, max-snippet:-1, max-image-preview:large, max-video-preview:-1\" \/>\n<link rel=\"canonical\" href=\"https:\/\/www.seac.es\/es\/productos\/sensores\/tmc20\/\" \/>\n<meta property=\"og:locale\" content=\"es_ES\" \/>\n<meta property=\"og:type\" content=\"article\" \/>\n<meta property=\"og:title\" content=\"TMC20 - SEAC\" \/>\n<meta property=\"og:description\" content=\"Un sensor compacto para medir velocidad y direcci\u00f3n de viento. Ligero y sin partes m\u00f3viles. Cuerpo de pl\u00e1stico y aluminio.\" \/>\n<meta property=\"og:url\" content=\"https:\/\/www.seac.es\/es\/productos\/sensores\/tmc20\/\" \/>\n<meta property=\"og:site_name\" content=\"SEAC\" \/>\n<meta property=\"article:modified_time\" content=\"2022-09-29T10:01:21+00:00\" \/>\n<meta property=\"og:image\" content=\"https:\/\/www.seac.es\/es\/wp-content\/uploads\/2022\/06\/TMC20transp1080.png\" \/>\n\t<meta property=\"og:image:width\" content=\"1080\" \/>\n\t<meta property=\"og:image:height\" content=\"1080\" \/>\n\t<meta property=\"og:image:type\" content=\"image\/png\" \/>\n<meta name=\"author\" content=\"adminblogseac\" \/>\n<meta name=\"twitter:card\" content=\"summary_large_image\" \/>\n<meta name=\"twitter:label1\" content=\"Tiempo de lectura\" \/>\n\t<meta name=\"twitter:data1\" content=\"1 minuto\" \/>\n<script type=\"application\/ld+json\" class=\"yoast-schema-graph\">{\"@context\":\"https:\/\/schema.org\",\"@graph\":[{\"@type\":\"Organization\",\"@id\":\"https:\/\/www.seac.es\/es\/#organization\",\"name\":\"SEAC S.A.\",\"url\":\"https:\/\/www.seac.es\/es\/\",\"sameAs\":[],\"logo\":{\"@type\":\"ImageObject\",\"inLanguage\":\"es\",\"@id\":\"https:\/\/www.seac.es\/es\/#\/schema\/logo\/image\/\",\"url\":\"https:\/\/www.seac.es\/es\/wp-content\/uploads\/2017\/08\/logoSEAC240x105.png\",\"contentUrl\":\"https:\/\/www.seac.es\/es\/wp-content\/uploads\/2017\/08\/logoSEAC240x105.png\",\"width\":240,\"height\":105,\"caption\":\"SEAC S.A.\"},\"image\":{\"@id\":\"https:\/\/www.seac.es\/es\/#\/schema\/logo\/image\/\"}},{\"@type\":\"WebSite\",\"@id\":\"https:\/\/www.seac.es\/es\/#website\",\"url\":\"https:\/\/www.seac.es\/es\/\",\"name\":\"SEAC\",\"description\":\"Meteorolog\u00eda y equipos de medida\",\"publisher\":{\"@id\":\"https:\/\/www.seac.es\/es\/#organization\"},\"potentialAction\":[{\"@type\":\"SearchAction\",\"target\":{\"@type\":\"EntryPoint\",\"urlTemplate\":\"https:\/\/www.seac.es\/es\/?s={search_term_string}\"},\"query-input\":\"required name=search_term_string\"}],\"inLanguage\":\"es\"},{\"@type\":\"ImageObject\",\"inLanguage\":\"es\",\"@id\":\"https:\/\/www.seac.es\/es\/productos\/sensores\/tmc20\/#primaryimage\",\"url\":\"https:\/\/www.seac.es\/es\/wp-content\/uploads\/2022\/06\/TMC20transp1080.png\",\"contentUrl\":\"https:\/\/www.seac.es\/es\/wp-content\/uploads\/2022\/06\/TMC20transp1080.png\",\"width\":1080,\"height\":1080,\"caption\":\"sensor viento anemometro seac\"},{\"@type\":\"WebPage\",\"@id\":\"https:\/\/www.seac.es\/es\/productos\/sensores\/tmc20\/#webpage\",\"url\":\"https:\/\/www.seac.es\/es\/productos\/sensores\/tmc20\/\",\"name\":\"TMC20 - SEAC\",\"isPartOf\":{\"@id\":\"https:\/\/www.seac.es\/es\/#website\"},\"primaryImageOfPage\":{\"@id\":\"https:\/\/www.seac.es\/es\/productos\/sensores\/tmc20\/#primaryimage\"},\"datePublished\":\"2022-06-16T06:44:22+00:00\",\"dateModified\":\"2022-09-29T10:01:21+00:00\",\"description\":\"Un sensor compacto para medir velocidad y direcci\u00f3n de viento. Ligero y sin partes m\u00f3viles. Cuerpo de pl\u00e1stico y aluminio.\",\"breadcrumb\":{\"@id\":\"https:\/\/www.seac.es\/es\/productos\/sensores\/tmc20\/#breadcrumb\"},\"inLanguage\":\"es\",\"potentialAction\":[{\"@type\":\"ReadAction\",\"target\":[\"https:\/\/www.seac.es\/es\/productos\/sensores\/tmc20\/\"]}]},{\"@type\":\"BreadcrumbList\",\"@id\":\"https:\/\/www.seac.es\/es\/productos\/sensores\/tmc20\/#breadcrumb\",\"itemListElement\":[{\"@type\":\"ListItem\",\"position\":1,\"name\":\"Portada\",\"item\":\"https:\/\/www.seac.es\/es\/\"},{\"@type\":\"ListItem\",\"position\":2,\"name\":\"Productos\",\"item\":\"https:\/\/www.seac.es\/es\/productos\/\"},{\"@type\":\"ListItem\",\"position\":3,\"name\":\"Sensores\",\"item\":\"https:\/\/www.seac.es\/es\/productos\/sensores\/\"},{\"@type\":\"ListItem\",\"position\":4,\"name\":\"TMC20\"}]}]}<\/script>\n<!-- \/ Yoast SEO plugin. -->","yoast_head_json":{"title":"TMC20 - SEAC","description":"Un sensor compacto para medir velocidad y direcci\u00f3n de viento. Ligero y sin partes m\u00f3viles. Cuerpo de pl\u00e1stico y aluminio.","robots":{"index":"index","follow":"follow","max-snippet":"max-snippet:-1","max-image-preview":"max-image-preview:large","max-video-preview":"max-video-preview:-1"},"canonical":"https:\/\/www.seac.es\/es\/productos\/sensores\/tmc20\/","og_locale":"es_ES","og_type":"article","og_title":"TMC20 - SEAC","og_description":"Un sensor compacto para medir velocidad y direcci\u00f3n de viento. Ligero y sin partes m\u00f3viles. Cuerpo de pl\u00e1stico y aluminio.","og_url":"https:\/\/www.seac.es\/es\/productos\/sensores\/tmc20\/","og_site_name":"SEAC","article_modified_time":"2022-09-29T10:01:21+00:00","og_image":[{"width":1080,"height":1080,"url":"https:\/\/www.seac.es\/es\/wp-content\/uploads\/2022\/06\/TMC20transp1080.png","type":"image\/png"}],"author":"adminblogseac","twitter_card":"summary_large_image","twitter_misc":{"Tiempo de lectura":"1 minuto"},"schema":{"@context":"https:\/\/schema.org","@graph":[{"@type":"Organization","@id":"https:\/\/www.seac.es\/es\/#organization","name":"SEAC S.A.","url":"https:\/\/www.seac.es\/es\/","sameAs":[],"logo":{"@type":"ImageObject","inLanguage":"es","@id":"https:\/\/www.seac.es\/es\/#\/schema\/logo\/image\/","url":"https:\/\/www.seac.es\/es\/wp-content\/uploads\/2017\/08\/logoSEAC240x105.png","contentUrl":"https:\/\/www.seac.es\/es\/wp-content\/uploads\/2017\/08\/logoSEAC240x105.png","width":240,"height":105,"caption":"SEAC S.A."},"image":{"@id":"https:\/\/www.seac.es\/es\/#\/schema\/logo\/image\/"}},{"@type":"WebSite","@id":"https:\/\/www.seac.es\/es\/#website","url":"https:\/\/www.seac.es\/es\/","name":"SEAC","description":"Meteorolog\u00eda y equipos de medida","publisher":{"@id":"https:\/\/www.seac.es\/es\/#organization"},"potentialAction":[{"@type":"SearchAction","target":{"@type":"EntryPoint","urlTemplate":"https:\/\/www.seac.es\/es\/?s={search_term_string}"},"query-input":"required name=search_term_string"}],"inLanguage":"es"},{"@type":"ImageObject","inLanguage":"es","@id":"https:\/\/www.seac.es\/es\/productos\/sensores\/tmc20\/#primaryimage","url":"https:\/\/www.seac.es\/es\/wp-content\/uploads\/2022\/06\/TMC20transp1080.png","contentUrl":"https:\/\/www.seac.es\/es\/wp-content\/uploads\/2022\/06\/TMC20transp1080.png","width":1080,"height":1080,"caption":"sensor viento anemometro seac"},{"@type":"WebPage","@id":"https:\/\/www.seac.es\/es\/productos\/sensores\/tmc20\/#webpage","url":"https:\/\/www.seac.es\/es\/productos\/sensores\/tmc20\/","name":"TMC20 - SEAC","isPartOf":{"@id":"https:\/\/www.seac.es\/es\/#website"},"primaryImageOfPage":{"@id":"https:\/\/www.seac.es\/es\/productos\/sensores\/tmc20\/#primaryimage"},"datePublished":"2022-06-16T06:44:22+00:00","dateModified":"2022-09-29T10:01:21+00:00","description":"Un sensor compacto para medir velocidad y direcci\u00f3n de viento. Ligero y sin partes m\u00f3viles. Cuerpo de pl\u00e1stico y aluminio.","breadcrumb":{"@id":"https:\/\/www.seac.es\/es\/productos\/sensores\/tmc20\/#breadcrumb"},"inLanguage":"es","potentialAction":[{"@type":"ReadAction","target":["https:\/\/www.seac.es\/es\/productos\/sensores\/tmc20\/"]}]},{"@type":"BreadcrumbList","@id":"https:\/\/www.seac.es\/es\/productos\/sensores\/tmc20\/#breadcrumb","itemListElement":[{"@type":"ListItem","position":1,"name":"Portada","item":"https:\/\/www.seac.es\/es\/"},{"@type":"ListItem","position":2,"name":"Productos","item":"https:\/\/www.seac.es\/es\/productos\/"},{"@type":"ListItem","position":3,"name":"Sensores","item":"https:\/\/www.seac.es\/es\/productos\/sensores\/"},{"@type":"ListItem","position":4,"name":"TMC20"}]}]}},"_links":{"self":[{"href":"https:\/\/www.seac.es\/es\/wp-json\/wp\/v2\/pages\/2730"}],"collection":[{"href":"https:\/\/www.seac.es\/es\/wp-json\/wp\/v2\/pages"}],"about":[{"href":"https:\/\/www.seac.es\/es\/wp-json\/wp\/v2\/types\/page"}],"author":[{"embeddable":true,"href":"https:\/\/www.seac.es\/es\/wp-json\/wp\/v2\/users\/1"}],"replies":[{"embeddable":true,"href":"https:\/\/www.seac.es\/es\/wp-json\/wp\/v2\/comments?post=2730"}],"version-history":[{"count":43,"href":"https:\/\/www.seac.es\/es\/wp-json\/wp\/v2\/pages\/2730\/revisions"}],"predecessor-version":[{"id":3453,"href":"https:\/\/www.seac.es\/es\/wp-json\/wp\/v2\/pages\/2730\/revisions\/3453"}],"up":[{"embeddable":true,"href":"https:\/\/www.seac.es\/es\/wp-json\/wp\/v2\/pages\/664"}],"wp:featuredmedia":[{"embeddable":true,"href":"https:\/\/www.seac.es\/es\/wp-json\/wp\/v2\/media\/2735"}],"wp:attachment":[{"href":"https:\/\/www.seac.es\/es\/wp-json\/wp\/v2\/media?parent=2730"}],"curies":[{"name":"wp","href":"https:\/\/api.w.org\/{rel}","templated":true}]}}