{"id":2662,"date":"2022-06-01T11:54:17","date_gmt":"2022-06-01T11:54:17","guid":{"rendered":"https:\/\/www.seac.es\/es\/?page_id=2662"},"modified":"2022-07-21T11:16:18","modified_gmt":"2022-07-21T11:16:18","slug":"sp6","status":"publish","type":"page","link":"https:\/\/www.seac.es\/es\/productos\/sensores\/sp6\/","title":{"rendered":"SP6"},"content":{"rendered":"<div id=\"pl-2662\"  class=\"panel-layout\" ><div id=\"pg-2662-0\"  class=\"panel-grid panel-has-style\" ><div class=\"siteorigin-panels-stretch panel-row-style panel-row-style-for-2662-0\" data-stretch-type=\"full\" ><div id=\"pgc-2662-0-0\"  class=\"panel-grid-cell\" ><div id=\"panel-2662-0-0-0\" class=\"so-panel widget widget_sow-editor panel-first-child panel-last-child\" data-index=\"0\" ><div class=\"panel-widget-style panel-widget-style-for-2662-0-0-0\" ><div\n\t\t\t\n\t\t\tclass=\"so-widget-sow-editor so-widget-sow-editor-base\"\n\t\t\t\n\t\t>\n<div class=\"siteorigin-widget-tinymce textwidget\">\n\t<h1>\u00a0<\/h1>\n<h1>Sensor de presi\u00f3n SP6<\/h1>\n<\/div>\n<\/div><\/div><\/div><\/div><\/div><\/div><div id=\"pg-2662-1\"  class=\"panel-grid panel-has-style\" ><div class=\"siteorigin-panels-stretch panel-row-style panel-row-style-for-2662-1\" data-stretch-type=\"full\" ><div id=\"pgc-2662-1-0\"  class=\"panel-grid-cell\" ><div id=\"panel-2662-1-0-0\" class=\"so-panel widget widget_sow-image panel-first-child panel-last-child\" data-index=\"1\" ><div\n\t\t\t\n\t\t\tclass=\"so-widget-sow-image so-widget-sow-image-default-2ec334f0a340-2662\"\n\t\t\t\n\t\t>\n\n<div class=\"sow-image-container\">\n\t\t<img src=\"https:\/\/www.seac.es\/es\/wp-content\/uploads\/2022\/06\/sp6_transp.png\" width=\"1840\" height=\"1520\" srcset=\"https:\/\/www.seac.es\/es\/wp-content\/uploads\/2022\/06\/sp6_transp.png 1840w, https:\/\/www.seac.es\/es\/wp-content\/uploads\/2022\/06\/sp6_transp-300x248.png 300w, https:\/\/www.seac.es\/es\/wp-content\/uploads\/2022\/06\/sp6_transp-768x634.png 768w, https:\/\/www.seac.es\/es\/wp-content\/uploads\/2022\/06\/sp6_transp-1024x846.png 1024w, https:\/\/www.seac.es\/es\/wp-content\/uploads\/2022\/06\/sp6_transp-24x20.png 24w, https:\/\/www.seac.es\/es\/wp-content\/uploads\/2022\/06\/sp6_transp-36x30.png 36w, https:\/\/www.seac.es\/es\/wp-content\/uploads\/2022\/06\/sp6_transp-48x40.png 48w\" sizes=\"(max-width: 1840px) 100vw, 1840px\" alt=\"sensor presion sp6 meteorologia seac\" loading=\"lazy\" \t\tclass=\"so-widget-image\"\/>\n\t<\/div>\n\n<\/div><\/div><\/div><div id=\"pgc-2662-1-1\"  class=\"panel-grid-cell\" ><div id=\"panel-2662-1-1-0\" class=\"so-panel widget widget_sow-editor panel-first-child\" data-index=\"2\" ><div\n\t\t\t\n\t\t\tclass=\"so-widget-sow-editor so-widget-sow-editor-base\"\n\t\t\t\n\t\t>\n<div class=\"siteorigin-widget-tinymce textwidget\">\n\t<h3>Presentaci\u00f3n<\/h3>\n<p>El sensor de presi\u00f3n SP6 est\u00e1 basado en una c\u00e1psula barom\u00e9trica constituida por un transductor piezoresistivo compensado que produce una se\u00f1al el\u00e9ctrica proporcional a la presi\u00f3n aplicada, la cual es convertida mediante circuito electr\u00f3nico a se\u00f1ales serie digital y pulsos de frecuencia.<br \/>Todo el conjunto est\u00e1 alojado en una caja de intemperie. La se\u00f1al generada, as\u00ed como la alimentaci\u00f3n para el sensor se trasmite a trav\u00e9s de un conector polarizado de intemperie.<\/p>\n<h3>Caracter\u00edstica Generales<\/h3>\n<p>-Rango 500-1200 hPa.<br \/>-Resoluci\u00f3n \u00b10.1 hPa.<br \/>-Precisi\u00f3n \u00b10.1 hPa (a 25\u00baC).<br \/>-Caja de intemperie IP65.<br \/>-Salidas:\u00a0 \u00a0 \u00a0 \u00a0Serie RS232.<br \/>\u00a0 \u00a0 \u00a0 \u00a0 \u00a0 \u00a0 \u00a0 \u00a0 \u00a0 \u00a0 \u00a0 \u00a0Pulsos en frecuencia<\/p>\n<\/div>\n<\/div><\/div><div id=\"panel-2662-1-1-1\" class=\"so-panel widget widget_sow-button panel-last-child\" data-index=\"3\" ><div\n\t\t\t\n\t\t\tclass=\"so-widget-sow-button so-widget-sow-button-wire-30b3367ab913-2662\"\n\t\t\t\n\t\t><div class=\"ow-button-base ow-button-align-left\">\n\t<a href=\"\/docs-pdf\/GE_SPS_CAT_0001.pdf\" class=\"ow-icon-placement-left ow-button-hover\" \t\t>\n\t\t<span>\n\t\t\t\n\t\t\tVer cat\u00e1logo\t\t<\/span>\n\t<\/a>\n<\/div>\n<\/div><\/div><\/div><\/div><\/div><div id=\"pg-2662-2\"  class=\"panel-grid panel-has-style\" ><div class=\"siteorigin-panels-stretch panel-row-style panel-row-style-for-2662-2\" data-stretch-type=\"full\" ><div id=\"pgc-2662-2-0\"  class=\"panel-grid-cell\" ><div id=\"panel-2662-2-0-0\" class=\"so-panel widget widget_sow-editor panel-first-child panel-last-child\" data-index=\"4\" ><div class=\"panel-widget-style panel-widget-style-for-2662-2-0-0\" ><div\n\t\t\t\n\t\t\tclass=\"so-widget-sow-editor so-widget-sow-editor-base\"\n\t\t\t\n\t\t>\n<div class=\"siteorigin-widget-tinymce textwidget\">\n\t<h1>\u00a0<\/h1>\n<h1>SP6 Caracter\u00edsticas t\u00e9cnicas<\/h1>\n<\/div>\n<\/div><\/div><\/div><\/div><\/div><\/div><div id=\"pg-2662-3\"  class=\"panel-grid panel-has-style\" ><div class=\"siteorigin-panels-stretch panel-row-style panel-row-style-for-2662-3\" data-stretch-type=\"full\" ><div id=\"pgc-2662-3-0\"  class=\"panel-grid-cell\" ><div id=\"panel-2662-3-0-0\" class=\"so-panel widget widget_sow-editor panel-first-child panel-last-child\" data-index=\"5\" ><div\n\t\t\t\n\t\t\tclass=\"so-widget-sow-editor so-widget-sow-editor-base\"\n\t\t\t\n\t\t>\n<div class=\"siteorigin-widget-tinymce textwidget\">\n\t<p><strong>General<\/strong><\/p>\n<hr \/>\n<table>\n<tbody>\n<tr>\n<td width=\"132\">Principio de medida<\/td>\n<td width=\"132\">Transductor piezoresistivo compensado<\/td>\n<\/tr>\n<tr>\n<td width=\"132\">Rango de medida<\/td>\n<td width=\"132\">500-1200 hPa<\/td>\n<\/tr>\n<\/tbody>\n<\/table>\n<p><strong>Funcionamiento (-40 a +85\u00baC)<\/strong><\/p>\n<hr \/>\n<table style=\"height: 146px;\" width=\"295\">\n<tbody>\n<tr>\n<td width=\"132\">Precisi\u00f3n<\/td>\n<td width=\"132\">\u00b10.1 hPa (a 25\u00baC)<\/td>\n<\/tr>\n<tr>\n<td width=\"132\">Precisi\u00f3n<\/td>\n<td width=\"132\">\u00b10.4 hPa (-40 a +85\u00baC)<\/td>\n<\/tr>\n<tr>\n<td width=\"132\">Resoluci\u00f3n<\/td>\n<td width=\"132\">\u00b10.1 hPa<\/td>\n<\/tr>\n<tr>\n<td width=\"132\">Desviaci\u00f3n<\/td>\n<td width=\"132\">0.25 hPa m\u00e1x. por a\u00f1o<\/td>\n<\/tr>\n<\/tbody>\n<\/table>\n<\/div>\n<\/div><\/div><\/div><div id=\"pgc-2662-3-1\"  class=\"panel-grid-cell panel-grid-cell-empty\" ><\/div><div id=\"pgc-2662-3-2\"  class=\"panel-grid-cell\" ><div id=\"panel-2662-3-2-0\" class=\"so-panel widget widget_sow-editor panel-first-child\" data-index=\"6\" ><div\n\t\t\t\n\t\t\tclass=\"so-widget-sow-editor so-widget-sow-editor-base\"\n\t\t\t\n\t\t>\n<div class=\"siteorigin-widget-tinymce textwidget\">\n\t<p><strong>Salidas<\/strong><\/p>\n<hr \/>\n<table>\n<tbody>\n<tr>\n<td width=\"132\">Pulsos en frecuencia<\/td>\n<td width=\"132\">1500 Hz-6500 Hz (1100-<br \/>\n600hPa)<\/td>\n<\/tr>\n<tr>\n<td width=\"132\">Serie<\/td>\n<td width=\"132\">RS232<\/td>\n<\/tr>\n<\/tbody>\n<\/table>\n<p><strong>Alimentaci\u00f3n<\/strong><\/p>\n<hr \/>\n<table>\n<tbody>\n<tr>\n<td width=\"132\">Entrada<\/td>\n<td width=\"132\">6,5V a 15V<\/td>\n<\/tr>\n<tr>\n<td width=\"132\">Consumo<\/td>\n<td width=\"132\">92mA @ 12V<\/td>\n<\/tr>\n<\/tbody>\n<\/table>\n<p><strong>Dimensiones<\/strong><\/p>\n<hr \/>\n<table>\n<tbody>\n<tr>\n<td width=\"132\">Altura<\/td>\n<td width=\"132\">120mm<\/td>\n<\/tr>\n<tr>\n<td width=\"132\">Anchura<\/td>\n<td width=\"132\">120mm<\/td>\n<\/tr>\n<tr>\n<td width=\"132\">Profundidad<\/td>\n<td width=\"132\">80mm<\/td>\n<\/tr>\n<\/tbody>\n<\/table>\n<\/div>\n<\/div><\/div><div id=\"panel-2662-3-2-1\" class=\"so-panel widget widget_sow-button panel-last-child\" data-index=\"7\" ><div\n\t\t\t\n\t\t\tclass=\"so-widget-sow-button so-widget-sow-button-wire-30b3367ab913-2662\"\n\t\t\t\n\t\t><div class=\"ow-button-base ow-button-align-left\">\n\t<a href=\"\/docs-pdf\/GE_SPS_CAT_0001.pdf\" class=\"ow-icon-placement-left ow-button-hover\" \t\t>\n\t\t<span>\n\t\t\t\n\t\t\tVer cat\u00e1logo\t\t<\/span>\n\t<\/a>\n<\/div>\n<\/div><\/div><\/div><\/div><\/div><\/div>","protected":false},"excerpt":{"rendered":"<p>\u00a0 Sensor de presi\u00f3n SP6 Presentaci\u00f3n El sensor de presi\u00f3n SP6 est\u00e1 basado en una c\u00e1psula barom\u00e9trica constituida por un transductor piezoresistivo compensado que produce<\/p>\n","protected":false},"author":1,"featured_media":2665,"parent":664,"menu_order":0,"comment_status":"closed","ping_status":"closed","template":"","meta":[],"yoast_head":"<!-- This site is optimized with the Yoast SEO plugin v19.2 - https:\/\/yoast.com\/wordpress\/plugins\/seo\/ -->\n<title>SP6 - SEAC<\/title>\n<meta name=\"description\" content=\"El sensor de presi\u00f3n SP6 est\u00e1 basado en una c\u00e1psula barom\u00e9trica constituida por un transductor piezoresistivo compensado.\" \/>\n<meta name=\"robots\" content=\"index, follow, max-snippet:-1, max-image-preview:large, max-video-preview:-1\" \/>\n<link rel=\"canonical\" href=\"https:\/\/www.seac.es\/es\/productos\/sensores\/sp6\/\" \/>\n<meta property=\"og:locale\" content=\"es_ES\" \/>\n<meta property=\"og:type\" content=\"article\" \/>\n<meta property=\"og:title\" content=\"SP6 - SEAC\" \/>\n<meta property=\"og:description\" content=\"El sensor de presi\u00f3n SP6 est\u00e1 basado en una c\u00e1psula barom\u00e9trica constituida por un transductor piezoresistivo compensado.\" \/>\n<meta property=\"og:url\" content=\"https:\/\/www.seac.es\/es\/productos\/sensores\/sp6\/\" \/>\n<meta property=\"og:site_name\" content=\"SEAC\" \/>\n<meta property=\"article:modified_time\" content=\"2022-07-21T11:16:18+00:00\" \/>\n<meta property=\"og:image\" content=\"https:\/\/www.seac.es\/es\/wp-content\/uploads\/2022\/06\/sp6_transp.png\" \/>\n\t<meta property=\"og:image:width\" content=\"1840\" \/>\n\t<meta property=\"og:image:height\" content=\"1520\" \/>\n\t<meta property=\"og:image:type\" content=\"image\/png\" \/>\n<meta name=\"author\" content=\"adminblogseac\" \/>\n<meta name=\"twitter:card\" content=\"summary_large_image\" \/>\n<meta name=\"twitter:label1\" content=\"Tiempo de lectura\" \/>\n\t<meta name=\"twitter:data1\" content=\"1 minuto\" \/>\n<script type=\"application\/ld+json\" class=\"yoast-schema-graph\">{\"@context\":\"https:\/\/schema.org\",\"@graph\":[{\"@type\":\"Organization\",\"@id\":\"https:\/\/www.seac.es\/es\/#organization\",\"name\":\"SEAC S.A.\",\"url\":\"https:\/\/www.seac.es\/es\/\",\"sameAs\":[],\"logo\":{\"@type\":\"ImageObject\",\"inLanguage\":\"es\",\"@id\":\"https:\/\/www.seac.es\/es\/#\/schema\/logo\/image\/\",\"url\":\"https:\/\/www.seac.es\/es\/wp-content\/uploads\/2017\/08\/logoSEAC240x105.png\",\"contentUrl\":\"https:\/\/www.seac.es\/es\/wp-content\/uploads\/2017\/08\/logoSEAC240x105.png\",\"width\":240,\"height\":105,\"caption\":\"SEAC S.A.\"},\"image\":{\"@id\":\"https:\/\/www.seac.es\/es\/#\/schema\/logo\/image\/\"}},{\"@type\":\"WebSite\",\"@id\":\"https:\/\/www.seac.es\/es\/#website\",\"url\":\"https:\/\/www.seac.es\/es\/\",\"name\":\"SEAC\",\"description\":\"Meteorolog\u00eda y equipos de medida\",\"publisher\":{\"@id\":\"https:\/\/www.seac.es\/es\/#organization\"},\"potentialAction\":[{\"@type\":\"SearchAction\",\"target\":{\"@type\":\"EntryPoint\",\"urlTemplate\":\"https:\/\/www.seac.es\/es\/?s={search_term_string}\"},\"query-input\":\"required name=search_term_string\"}],\"inLanguage\":\"es\"},{\"@type\":\"ImageObject\",\"inLanguage\":\"es\",\"@id\":\"https:\/\/www.seac.es\/es\/productos\/sensores\/sp6\/#primaryimage\",\"url\":\"https:\/\/www.seac.es\/es\/wp-content\/uploads\/2022\/06\/sp6_transp.png\",\"contentUrl\":\"https:\/\/www.seac.es\/es\/wp-content\/uploads\/2022\/06\/sp6_transp.png\",\"width\":1840,\"height\":1520,\"caption\":\"sensor presion sp6 meteorologia seac\"},{\"@type\":\"WebPage\",\"@id\":\"https:\/\/www.seac.es\/es\/productos\/sensores\/sp6\/#webpage\",\"url\":\"https:\/\/www.seac.es\/es\/productos\/sensores\/sp6\/\",\"name\":\"SP6 - SEAC\",\"isPartOf\":{\"@id\":\"https:\/\/www.seac.es\/es\/#website\"},\"primaryImageOfPage\":{\"@id\":\"https:\/\/www.seac.es\/es\/productos\/sensores\/sp6\/#primaryimage\"},\"datePublished\":\"2022-06-01T11:54:17+00:00\",\"dateModified\":\"2022-07-21T11:16:18+00:00\",\"description\":\"El sensor de presi\u00f3n SP6 est\u00e1 basado en una c\u00e1psula barom\u00e9trica constituida por un transductor piezoresistivo compensado.\",\"breadcrumb\":{\"@id\":\"https:\/\/www.seac.es\/es\/productos\/sensores\/sp6\/#breadcrumb\"},\"inLanguage\":\"es\",\"potentialAction\":[{\"@type\":\"ReadAction\",\"target\":[\"https:\/\/www.seac.es\/es\/productos\/sensores\/sp6\/\"]}]},{\"@type\":\"BreadcrumbList\",\"@id\":\"https:\/\/www.seac.es\/es\/productos\/sensores\/sp6\/#breadcrumb\",\"itemListElement\":[{\"@type\":\"ListItem\",\"position\":1,\"name\":\"Portada\",\"item\":\"https:\/\/www.seac.es\/es\/\"},{\"@type\":\"ListItem\",\"position\":2,\"name\":\"Productos\",\"item\":\"https:\/\/www.seac.es\/es\/productos\/\"},{\"@type\":\"ListItem\",\"position\":3,\"name\":\"Sensores\",\"item\":\"https:\/\/www.seac.es\/es\/productos\/sensores\/\"},{\"@type\":\"ListItem\",\"position\":4,\"name\":\"SP6\"}]}]}<\/script>\n<!-- \/ Yoast SEO plugin. -->","yoast_head_json":{"title":"SP6 - SEAC","description":"El sensor de presi\u00f3n SP6 est\u00e1 basado en una c\u00e1psula barom\u00e9trica constituida por un transductor piezoresistivo compensado.","robots":{"index":"index","follow":"follow","max-snippet":"max-snippet:-1","max-image-preview":"max-image-preview:large","max-video-preview":"max-video-preview:-1"},"canonical":"https:\/\/www.seac.es\/es\/productos\/sensores\/sp6\/","og_locale":"es_ES","og_type":"article","og_title":"SP6 - SEAC","og_description":"El sensor de presi\u00f3n SP6 est\u00e1 basado en una c\u00e1psula barom\u00e9trica constituida por un transductor piezoresistivo compensado.","og_url":"https:\/\/www.seac.es\/es\/productos\/sensores\/sp6\/","og_site_name":"SEAC","article_modified_time":"2022-07-21T11:16:18+00:00","og_image":[{"width":1840,"height":1520,"url":"https:\/\/www.seac.es\/es\/wp-content\/uploads\/2022\/06\/sp6_transp.png","type":"image\/png"}],"author":"adminblogseac","twitter_card":"summary_large_image","twitter_misc":{"Tiempo de lectura":"1 minuto"},"schema":{"@context":"https:\/\/schema.org","@graph":[{"@type":"Organization","@id":"https:\/\/www.seac.es\/es\/#organization","name":"SEAC S.A.","url":"https:\/\/www.seac.es\/es\/","sameAs":[],"logo":{"@type":"ImageObject","inLanguage":"es","@id":"https:\/\/www.seac.es\/es\/#\/schema\/logo\/image\/","url":"https:\/\/www.seac.es\/es\/wp-content\/uploads\/2017\/08\/logoSEAC240x105.png","contentUrl":"https:\/\/www.seac.es\/es\/wp-content\/uploads\/2017\/08\/logoSEAC240x105.png","width":240,"height":105,"caption":"SEAC S.A."},"image":{"@id":"https:\/\/www.seac.es\/es\/#\/schema\/logo\/image\/"}},{"@type":"WebSite","@id":"https:\/\/www.seac.es\/es\/#website","url":"https:\/\/www.seac.es\/es\/","name":"SEAC","description":"Meteorolog\u00eda y equipos de medida","publisher":{"@id":"https:\/\/www.seac.es\/es\/#organization"},"potentialAction":[{"@type":"SearchAction","target":{"@type":"EntryPoint","urlTemplate":"https:\/\/www.seac.es\/es\/?s={search_term_string}"},"query-input":"required name=search_term_string"}],"inLanguage":"es"},{"@type":"ImageObject","inLanguage":"es","@id":"https:\/\/www.seac.es\/es\/productos\/sensores\/sp6\/#primaryimage","url":"https:\/\/www.seac.es\/es\/wp-content\/uploads\/2022\/06\/sp6_transp.png","contentUrl":"https:\/\/www.seac.es\/es\/wp-content\/uploads\/2022\/06\/sp6_transp.png","width":1840,"height":1520,"caption":"sensor presion sp6 meteorologia seac"},{"@type":"WebPage","@id":"https:\/\/www.seac.es\/es\/productos\/sensores\/sp6\/#webpage","url":"https:\/\/www.seac.es\/es\/productos\/sensores\/sp6\/","name":"SP6 - SEAC","isPartOf":{"@id":"https:\/\/www.seac.es\/es\/#website"},"primaryImageOfPage":{"@id":"https:\/\/www.seac.es\/es\/productos\/sensores\/sp6\/#primaryimage"},"datePublished":"2022-06-01T11:54:17+00:00","dateModified":"2022-07-21T11:16:18+00:00","description":"El sensor de presi\u00f3n SP6 est\u00e1 basado en una c\u00e1psula barom\u00e9trica constituida por un transductor piezoresistivo compensado.","breadcrumb":{"@id":"https:\/\/www.seac.es\/es\/productos\/sensores\/sp6\/#breadcrumb"},"inLanguage":"es","potentialAction":[{"@type":"ReadAction","target":["https:\/\/www.seac.es\/es\/productos\/sensores\/sp6\/"]}]},{"@type":"BreadcrumbList","@id":"https:\/\/www.seac.es\/es\/productos\/sensores\/sp6\/#breadcrumb","itemListElement":[{"@type":"ListItem","position":1,"name":"Portada","item":"https:\/\/www.seac.es\/es\/"},{"@type":"ListItem","position":2,"name":"Productos","item":"https:\/\/www.seac.es\/es\/productos\/"},{"@type":"ListItem","position":3,"name":"Sensores","item":"https:\/\/www.seac.es\/es\/productos\/sensores\/"},{"@type":"ListItem","position":4,"name":"SP6"}]}]}},"_links":{"self":[{"href":"https:\/\/www.seac.es\/es\/wp-json\/wp\/v2\/pages\/2662"}],"collection":[{"href":"https:\/\/www.seac.es\/es\/wp-json\/wp\/v2\/pages"}],"about":[{"href":"https:\/\/www.seac.es\/es\/wp-json\/wp\/v2\/types\/page"}],"author":[{"embeddable":true,"href":"https:\/\/www.seac.es\/es\/wp-json\/wp\/v2\/users\/1"}],"replies":[{"embeddable":true,"href":"https:\/\/www.seac.es\/es\/wp-json\/wp\/v2\/comments?post=2662"}],"version-history":[{"count":65,"href":"https:\/\/www.seac.es\/es\/wp-json\/wp\/v2\/pages\/2662\/revisions"}],"predecessor-version":[{"id":3267,"href":"https:\/\/www.seac.es\/es\/wp-json\/wp\/v2\/pages\/2662\/revisions\/3267"}],"up":[{"embeddable":true,"href":"https:\/\/www.seac.es\/es\/wp-json\/wp\/v2\/pages\/664"}],"wp:featuredmedia":[{"embeddable":true,"href":"https:\/\/www.seac.es\/es\/wp-json\/wp\/v2\/media\/2665"}],"wp:attachment":[{"href":"https:\/\/www.seac.es\/es\/wp-json\/wp\/v2\/media?parent=2662"}],"curies":[{"name":"wp","href":"https:\/\/api.w.org\/{rel}","templated":true}]}}