{"id":2459,"date":"2022-04-12T11:13:27","date_gmt":"2022-04-12T11:13:27","guid":{"rendered":"https:\/\/www.seac.es\/es\/?page_id=2459"},"modified":"2022-09-20T07:25:42","modified_gmt":"2022-09-20T07:25:42","slug":"ema51","status":"publish","type":"page","link":"https:\/\/www.seac.es\/es\/productos\/estaciones-meteorologicas\/ema51\/","title":{"rendered":"EMA51"},"content":{"rendered":"<div id=\"pl-2459\"  class=\"panel-layout\" ><div id=\"pg-2459-0\"  class=\"panel-grid panel-has-style\" ><div class=\"siteorigin-panels-stretch panel-row-style panel-row-style-for-2459-0\" data-stretch-type=\"full-stretched\" ><div id=\"pgc-2459-0-0\"  class=\"panel-grid-cell\" ><div id=\"panel-2459-0-0-0\" class=\"so-panel widget widget_sow-hero panel-first-child panel-last-child\" data-index=\"0\" ><div\n\t\t\t\n\t\t\tclass=\"so-widget-sow-hero so-widget-sow-hero-default-5dfc655a3c7d-2459\"\n\t\t\t\n\t\t><div class=\"sow-slider-base\" style=\"display: none\"><ul\n\t\t\t\t\tclass=\"sow-slider-images\"\n\t\t\t\t\tdata-settings=\"{&quot;pagination&quot;:true,&quot;speed&quot;:800,&quot;timeout&quot;:8000,&quot;paused&quot;:false,&quot;pause_on_hover&quot;:false,&quot;swipe&quot;:false,&quot;nav_always_show_desktop&quot;:&quot;&quot;,&quot;nav_always_show_mobile&quot;:&quot;&quot;,&quot;breakpoint&quot;:&quot;780px&quot;,&quot;unmute&quot;:false,&quot;anchor&quot;:null}\"\n\t\t\t\t\tstyle=\"min-height: 280px\"\t\t\t\t\tdata-anchor-id=\"\"\n\t\t\t\t>\t\t<li class=\"sow-slider-image  sow-slider-image-cover\" style=\"background-color: #333333;background-image: url(https:\/\/www.seac.es\/es\/wp-content\/uploads\/2022\/09\/verano2.jpg)\" >\n\t\t\t\t\t<div class=\"sow-slider-image-container\">\n\t\t\t<div class=\"sow-slider-image-wrapper\">\n\t\t\t\t<h1>Estaci\u00f3n meteorol\u00f3gica autom\u00e1tica EMA51<\/h1>\n\t\t\t<\/div>\n\t\t<\/div>\n\t\t\t\t<\/li>\n\t\t<\/ul>\t\t\t\t<ol class=\"sow-slider-pagination\">\n\t\t\t\t\t\t\t\t\t\t\t<li><a href=\"#\" data-goto=\"0\" aria-label=\"mostrar diapositiva 1\"><\/a><\/li>\n\t\t\t\t\t\t\t\t\t<\/ol>\n\n\t\t\t\t<div class=\"sow-slide-nav sow-slide-nav-next\">\n\t\t\t\t\t<a href=\"#\" data-goto=\"next\" aria-label=\"diapositiva siguiente\" data-action=\"next\">\n\t\t\t\t\t\t<em class=\"sow-sld-icon-thin-right\"><\/em>\n\t\t\t\t\t<\/a>\n\t\t\t\t<\/div>\n\n\t\t\t\t<div class=\"sow-slide-nav sow-slide-nav-prev\">\n\t\t\t\t\t<a href=\"#\" data-goto=\"previous\" aria-label=\"diapositiva anterior\" data-action=\"prev\">\n\t\t\t\t\t\t<em class=\"sow-sld-icon-thin-left\"><\/em>\n\t\t\t\t\t<\/a>\n\t\t\t\t<\/div>\n\t\t\t\t<\/div><\/div><\/div><\/div><\/div><\/div><div id=\"pg-2459-1\"  class=\"panel-grid panel-has-style\" ><div class=\"siteorigin-panels-stretch panel-row-style panel-row-style-for-2459-1\" data-stretch-type=\"full\" ><div id=\"pgc-2459-1-0\"  class=\"panel-grid-cell\" ><div id=\"panel-2459-1-0-0\" class=\"so-panel widget widget_sow-image panel-first-child panel-last-child\" data-index=\"1\" ><div\n\t\t\t\n\t\t\tclass=\"so-widget-sow-image so-widget-sow-image-default-2ec334f0a340-2459\"\n\t\t\t\n\t\t>\n\n<div class=\"sow-image-container\">\n\t\t<img src=\"https:\/\/www.seac.es\/es\/wp-content\/uploads\/2022\/04\/EMA51-1.jpg\" width=\"820\" height=\"822\" srcset=\"https:\/\/www.seac.es\/es\/wp-content\/uploads\/2022\/04\/EMA51-1.jpg 820w, https:\/\/www.seac.es\/es\/wp-content\/uploads\/2022\/04\/EMA51-1-150x150.jpg 150w, https:\/\/www.seac.es\/es\/wp-content\/uploads\/2022\/04\/EMA51-1-300x300.jpg 300w, https:\/\/www.seac.es\/es\/wp-content\/uploads\/2022\/04\/EMA51-1-768x770.jpg 768w, https:\/\/www.seac.es\/es\/wp-content\/uploads\/2022\/04\/EMA51-1-24x24.jpg 24w, https:\/\/www.seac.es\/es\/wp-content\/uploads\/2022\/04\/EMA51-1-36x36.jpg 36w, https:\/\/www.seac.es\/es\/wp-content\/uploads\/2022\/04\/EMA51-1-48x48.jpg 48w\" sizes=\"(max-width: 820px) 100vw, 820px\" title=\"EMA51\" alt=\"\" loading=\"lazy\" \t\tclass=\"so-widget-image\"\/>\n\t<\/div>\n\n<\/div><\/div><\/div><div id=\"pgc-2459-1-1\"  class=\"panel-grid-cell\" ><div id=\"panel-2459-1-1-0\" class=\"so-panel widget widget_sow-editor panel-first-child\" data-index=\"2\" ><div\n\t\t\t\n\t\t\tclass=\"so-widget-sow-editor so-widget-sow-editor-base\"\n\t\t\t\n\t\t>\n<div class=\"siteorigin-widget-tinymce textwidget\">\n\t<h3>Presentaci\u00f3n<\/h3>\n<p>La estaci\u00f3n meteorol\u00f3gica autom\u00e1tica SEAC EMA51 es una soluci\u00f3n de intemperie y compacta para ser instalada en cualquier emplazamiento y ambiente.<br \/> La estaci\u00f3n EMA51 puede ser configurada atendiendo a las diversas necesidades de la aplicaci\u00f3n: aeron\u00e1utica, climatol\u00f3gica, agrometeorol\u00f3gica, sin\u00f3ptica, instalaciones deportivas, carreteras, ferrocarriles, etc.<br \/> La versi\u00f3n m\u00e1s sencilla contempla la entrada exclusiva de sensores digitales individuales, multiparam\u00e9tricos e inteligentes; lo que hace innecesario cualquier tipo de calibraci\u00f3n del equipo.<\/p>\n<h3>Caracter\u00edsticas Generales<\/h3>\n<h3>M\u00faltiples entradas<\/h3>\n<p>El registrador de datos RD51 dispone de entradas serie: RS232, RS485, SDI12; Construido con protocolos que satisfacen a la mayor\u00eda de fabricantes.<\/p>\n<h3>Ambientes severos<\/h3>\n<p>Concebida para su instalaci\u00f3n en cualquier tipo de ambiente, todos los elementos de la estaci\u00f3n se encuentran alojados en el interior de una caja de intemperie IP65.<\/p>\n<h3>Facilidad de uso<\/h3>\n<p>El registrador de la estaci\u00f3n dispone de elementos de conexi\u00f3n perfectamente identificados.<br \/> Los elementos interiores est\u00e1n montados sobre carril DIN.<\/p>\n<h3>Salida de informaci\u00f3n<\/h3>\n<p>El RD51 tiene una interfaz Ethernet para ser conectado mediante red IP.<br \/> M\u00f3dem interno 4G\/GPRS (opcional) para la transmisi\u00f3n desde ubicaciones remotas sin necesidad de infraestructura.<br \/> Posee una salida serie RS232 para cualquier otra forma de transmisi\u00f3n (radio, sat\u00e9lite, etc.)<br \/> La informaci\u00f3n se puede enviar a varios sistemas inform\u00e1ticos de manera simult\u00e1nea. Esto permite la redundancia en las comunicaciones y compartir la informaci\u00f3n entre diferentes instituciones.<br \/> SEAC dispone del sistema Cop\u00e9rnico para aquellos clientes que no dispongan de sistemas concentradores.<\/p>\n<h3>Opciones de alimentaci\u00f3n<\/h3>\n<p>La estaci\u00f3n meteorol\u00f3gica SEAC EMA51 presenta un consumo reducido incluso con m\u00faltiples sensores conectados y puede ser alimentada mediante panel solar y bater\u00eda de 38Ah, o bien a 110-220VAC, con bater\u00eda de 17Ah, etc.<\/p>\n<\/div>\n<\/div><\/div><div id=\"panel-2459-1-1-1\" class=\"so-panel widget widget_sow-button panel-last-child\" data-index=\"3\" ><div\n\t\t\t\n\t\t\tclass=\"so-widget-sow-button so-widget-sow-button-wire-30b3367ab913-2459\"\n\t\t\t\n\t\t><div class=\"ow-button-base ow-button-align-left\">\n\t<a href=\"\/docs-pdf\/GE_IE_CAT_0051.pdf\" class=\"ow-icon-placement-left ow-button-hover\" \t\t>\n\t\t<span>\n\t\t\t\n\t\t\tVer cat\u00e1logo\t\t<\/span>\n\t<\/a>\n<\/div>\n<\/div><\/div><\/div><\/div><\/div><div id=\"pg-2459-2\"  class=\"panel-grid panel-has-style\" ><div class=\"siteorigin-panels-stretch panel-row-style panel-row-style-for-2459-2\" data-stretch-type=\"full\" ><div id=\"pgc-2459-2-0\"  class=\"panel-grid-cell\" ><div id=\"panel-2459-2-0-0\" class=\"so-panel widget widget_sow-editor panel-first-child panel-last-child\" data-index=\"4\" ><div class=\"panel-widget-style panel-widget-style-for-2459-2-0-0\" ><div\n\t\t\t\n\t\t\tclass=\"so-widget-sow-editor so-widget-sow-editor-base\"\n\t\t\t\n\t\t>\n<div class=\"siteorigin-widget-tinymce textwidget\">\n\t<h1>\u00a0<\/h1>\n<h1>EMA51 M\u00e1s Caracter\u00edsticas t\u00e9cnicas<\/h1>\n<\/div>\n<\/div><\/div><\/div><\/div><\/div><\/div><div id=\"pg-2459-3\"  class=\"panel-grid panel-has-style\" ><div class=\"siteorigin-panels-stretch panel-row-style panel-row-style-for-2459-3\" data-stretch-type=\"full\" ><div id=\"pgc-2459-3-0\"  class=\"panel-grid-cell\" ><div id=\"panel-2459-3-0-0\" class=\"so-panel widget widget_sow-editor panel-first-child panel-last-child\" data-index=\"5\" ><div\n\t\t\t\n\t\t\tclass=\"so-widget-sow-editor so-widget-sow-editor-base\"\n\t\t\t\n\t\t>\n<div class=\"siteorigin-widget-tinymce textwidget\">\n\t<h3>Escalabilidad<\/h3>\n<hr \/>\n<p>La estaci\u00f3n puede ser f\u00e1cilmente ampliable conectando los nuevos sensores y configurando sus entradas.<\/p>\n<h3>Gesti\u00f3n<\/h3>\n<hr \/>\n<p>SEAC facilita un programa gr\u00e1fico de f\u00e1cil manejo para la configuraci\u00f3n y supervisi\u00f3n de la estaci\u00f3n y sus sensores.<\/p>\n<p>\u00a0<\/p>\n<\/div>\n<\/div><\/div><\/div><div id=\"pgc-2459-3-1\"  class=\"panel-grid-cell panel-grid-cell-empty\" ><\/div><div id=\"pgc-2459-3-2\"  class=\"panel-grid-cell\" ><div id=\"panel-2459-3-2-0\" class=\"so-panel widget widget_sow-editor panel-first-child\" data-index=\"6\" ><div\n\t\t\t\n\t\t\tclass=\"so-widget-sow-editor so-widget-sow-editor-base\"\n\t\t\t\n\t\t>\n<div class=\"siteorigin-widget-tinymce textwidget\">\n\t<h3>Sensores soportados<\/h3>\n<hr \/>\n<p>Multiparam\u00e9tricos<br \/>Viento de tipo cazoleta y veleta<br \/>Viento ultras\u00f3nicos<br \/>Temperatura y humedad<br \/>Temperaturas suelo y subsuelo<br \/>Precipitaci\u00f3n balanc\u00edn<br \/>Precipitaci\u00f3n pesada<br \/>Presi\u00f3n<br \/>Altura de nubes<br \/>Radiaci\u00f3n solar<br \/>Visibilidad y tiempo presente<br \/>Altura nieve<br \/>Caudal<br \/>Estado de la calzada<br \/>Otros: SDI12 y Modbus<\/p>\n<\/div>\n<\/div><\/div><div id=\"panel-2459-3-2-1\" class=\"so-panel widget widget_sow-image\" data-index=\"7\" ><div\n\t\t\t\n\t\t\tclass=\"so-widget-sow-image so-widget-sow-image-default-a5258576d588-2459\"\n\t\t\t\n\t\t>\n\n<div class=\"sow-image-container\">\n\t\t<img src=\"https:\/\/www.seac.es\/es\/wp-content\/uploads\/2022\/04\/EMA51_SMALL-209x300.jpg\" width=\"209\" height=\"300\" srcset=\"https:\/\/www.seac.es\/es\/wp-content\/uploads\/2022\/04\/EMA51_SMALL-209x300.jpg 209w, https:\/\/www.seac.es\/es\/wp-content\/uploads\/2022\/04\/EMA51_SMALL-768x1101.jpg 768w, https:\/\/www.seac.es\/es\/wp-content\/uploads\/2022\/04\/EMA51_SMALL-714x1024.jpg 714w, https:\/\/www.seac.es\/es\/wp-content\/uploads\/2022\/04\/EMA51_SMALL-17x24.jpg 17w, https:\/\/www.seac.es\/es\/wp-content\/uploads\/2022\/04\/EMA51_SMALL-25x36.jpg 25w, https:\/\/www.seac.es\/es\/wp-content\/uploads\/2022\/04\/EMA51_SMALL-33x48.jpg 33w\" sizes=\"(max-width: 209px) 100vw, 209px\" alt=\"\" loading=\"lazy\" \t\tclass=\"so-widget-image\"\/>\n\t<\/div>\n\n<\/div><\/div><div id=\"panel-2459-3-2-2\" class=\"so-panel widget widget_sow-button panel-last-child\" data-index=\"8\" ><div\n\t\t\t\n\t\t\tclass=\"so-widget-sow-button so-widget-sow-button-wire-30b3367ab913-2459\"\n\t\t\t\n\t\t><div class=\"ow-button-base ow-button-align-left\">\n\t<a href=\"\/docs-pdf\/GE_IE_CAT_0051.pdf\" class=\"ow-icon-placement-left ow-button-hover\" \t\t>\n\t\t<span>\n\t\t\t\n\t\t\tVer cat\u00e1logo\t\t<\/span>\n\t<\/a>\n<\/div>\n<\/div><\/div><\/div><\/div><\/div><\/div>","protected":false},"excerpt":{"rendered":"<p>Presentaci\u00f3n La estaci\u00f3n meteorol\u00f3gica autom\u00e1tica SEAC EMA51 es una soluci\u00f3n de intemperie y compacta para ser instalada en cualquier emplazamiento y ambiente. La estaci\u00f3n EMA51<\/p>\n","protected":false},"author":1,"featured_media":0,"parent":706,"menu_order":0,"comment_status":"closed","ping_status":"closed","template":"","meta":[],"yoast_head":"<!-- This site is optimized with the Yoast SEO plugin v19.2 - https:\/\/yoast.com\/wordpress\/plugins\/seo\/ -->\n<title>EMA51 - SEAC<\/title>\n<meta name=\"description\" content=\"Es una soluci\u00f3n de intemperie y compacta para ser instalada en cualquier emplazamiento y ambiente. Ethernet, 4G (opcional) y salida serie RS232 para transmisi\u00f3n radio, sat\u00e9lite, etc.\" \/>\n<meta name=\"robots\" content=\"index, follow, max-snippet:-1, max-image-preview:large, max-video-preview:-1\" \/>\n<link rel=\"canonical\" href=\"https:\/\/www.seac.es\/es\/productos\/estaciones-meteorologicas\/ema51\/\" \/>\n<meta property=\"og:locale\" content=\"es_ES\" \/>\n<meta property=\"og:type\" content=\"article\" \/>\n<meta property=\"og:title\" content=\"EMA51 - SEAC\" \/>\n<meta property=\"og:description\" content=\"Es una soluci\u00f3n de intemperie y compacta para ser instalada en cualquier emplazamiento y ambiente. Ethernet, 4G (opcional) y salida serie RS232 para transmisi\u00f3n radio, sat\u00e9lite, etc.\" \/>\n<meta property=\"og:url\" content=\"https:\/\/www.seac.es\/es\/productos\/estaciones-meteorologicas\/ema51\/\" \/>\n<meta property=\"og:site_name\" content=\"SEAC\" \/>\n<meta property=\"article:modified_time\" content=\"2022-09-20T07:25:42+00:00\" \/>\n<meta name=\"author\" content=\"adminblogseac\" \/>\n<meta name=\"twitter:card\" content=\"summary_large_image\" \/>\n<meta name=\"twitter:label1\" content=\"Tiempo de lectura\" \/>\n\t<meta name=\"twitter:data1\" content=\"2 minutos\" \/>\n<script type=\"application\/ld+json\" class=\"yoast-schema-graph\">{\"@context\":\"https:\/\/schema.org\",\"@graph\":[{\"@type\":\"Organization\",\"@id\":\"https:\/\/www.seac.es\/es\/#organization\",\"name\":\"SEAC S.A.\",\"url\":\"https:\/\/www.seac.es\/es\/\",\"sameAs\":[],\"logo\":{\"@type\":\"ImageObject\",\"inLanguage\":\"es\",\"@id\":\"https:\/\/www.seac.es\/es\/#\/schema\/logo\/image\/\",\"url\":\"https:\/\/www.seac.es\/es\/wp-content\/uploads\/2017\/08\/logoSEAC240x105.png\",\"contentUrl\":\"https:\/\/www.seac.es\/es\/wp-content\/uploads\/2017\/08\/logoSEAC240x105.png\",\"width\":240,\"height\":105,\"caption\":\"SEAC S.A.\"},\"image\":{\"@id\":\"https:\/\/www.seac.es\/es\/#\/schema\/logo\/image\/\"}},{\"@type\":\"WebSite\",\"@id\":\"https:\/\/www.seac.es\/es\/#website\",\"url\":\"https:\/\/www.seac.es\/es\/\",\"name\":\"SEAC\",\"description\":\"Meteorolog\u00eda y equipos de medida\",\"publisher\":{\"@id\":\"https:\/\/www.seac.es\/es\/#organization\"},\"potentialAction\":[{\"@type\":\"SearchAction\",\"target\":{\"@type\":\"EntryPoint\",\"urlTemplate\":\"https:\/\/www.seac.es\/es\/?s={search_term_string}\"},\"query-input\":\"required name=search_term_string\"}],\"inLanguage\":\"es\"},{\"@type\":\"WebPage\",\"@id\":\"https:\/\/www.seac.es\/es\/productos\/estaciones-meteorologicas\/ema51\/#webpage\",\"url\":\"https:\/\/www.seac.es\/es\/productos\/estaciones-meteorologicas\/ema51\/\",\"name\":\"EMA51 - SEAC\",\"isPartOf\":{\"@id\":\"https:\/\/www.seac.es\/es\/#website\"},\"datePublished\":\"2022-04-12T11:13:27+00:00\",\"dateModified\":\"2022-09-20T07:25:42+00:00\",\"description\":\"Es una soluci\u00f3n de intemperie y compacta para ser instalada en cualquier emplazamiento y ambiente. Ethernet, 4G (opcional) y salida serie RS232 para transmisi\u00f3n radio, sat\u00e9lite, etc.\",\"breadcrumb\":{\"@id\":\"https:\/\/www.seac.es\/es\/productos\/estaciones-meteorologicas\/ema51\/#breadcrumb\"},\"inLanguage\":\"es\",\"potentialAction\":[{\"@type\":\"ReadAction\",\"target\":[\"https:\/\/www.seac.es\/es\/productos\/estaciones-meteorologicas\/ema51\/\"]}]},{\"@type\":\"BreadcrumbList\",\"@id\":\"https:\/\/www.seac.es\/es\/productos\/estaciones-meteorologicas\/ema51\/#breadcrumb\",\"itemListElement\":[{\"@type\":\"ListItem\",\"position\":1,\"name\":\"Portada\",\"item\":\"https:\/\/www.seac.es\/es\/\"},{\"@type\":\"ListItem\",\"position\":2,\"name\":\"Productos\",\"item\":\"https:\/\/www.seac.es\/es\/productos\/\"},{\"@type\":\"ListItem\",\"position\":3,\"name\":\"Estaciones\",\"item\":\"https:\/\/www.seac.es\/es\/productos\/estaciones-meteorologicas\/\"},{\"@type\":\"ListItem\",\"position\":4,\"name\":\"EMA51\"}]}]}<\/script>\n<!-- \/ Yoast SEO plugin. -->","yoast_head_json":{"title":"EMA51 - SEAC","description":"Es una soluci\u00f3n de intemperie y compacta para ser instalada en cualquier emplazamiento y ambiente. Ethernet, 4G (opcional) y salida serie RS232 para transmisi\u00f3n radio, sat\u00e9lite, etc.","robots":{"index":"index","follow":"follow","max-snippet":"max-snippet:-1","max-image-preview":"max-image-preview:large","max-video-preview":"max-video-preview:-1"},"canonical":"https:\/\/www.seac.es\/es\/productos\/estaciones-meteorologicas\/ema51\/","og_locale":"es_ES","og_type":"article","og_title":"EMA51 - SEAC","og_description":"Es una soluci\u00f3n de intemperie y compacta para ser instalada en cualquier emplazamiento y ambiente. Ethernet, 4G (opcional) y salida serie RS232 para transmisi\u00f3n radio, sat\u00e9lite, etc.","og_url":"https:\/\/www.seac.es\/es\/productos\/estaciones-meteorologicas\/ema51\/","og_site_name":"SEAC","article_modified_time":"2022-09-20T07:25:42+00:00","author":"adminblogseac","twitter_card":"summary_large_image","twitter_misc":{"Tiempo de lectura":"2 minutos"},"schema":{"@context":"https:\/\/schema.org","@graph":[{"@type":"Organization","@id":"https:\/\/www.seac.es\/es\/#organization","name":"SEAC S.A.","url":"https:\/\/www.seac.es\/es\/","sameAs":[],"logo":{"@type":"ImageObject","inLanguage":"es","@id":"https:\/\/www.seac.es\/es\/#\/schema\/logo\/image\/","url":"https:\/\/www.seac.es\/es\/wp-content\/uploads\/2017\/08\/logoSEAC240x105.png","contentUrl":"https:\/\/www.seac.es\/es\/wp-content\/uploads\/2017\/08\/logoSEAC240x105.png","width":240,"height":105,"caption":"SEAC S.A."},"image":{"@id":"https:\/\/www.seac.es\/es\/#\/schema\/logo\/image\/"}},{"@type":"WebSite","@id":"https:\/\/www.seac.es\/es\/#website","url":"https:\/\/www.seac.es\/es\/","name":"SEAC","description":"Meteorolog\u00eda y equipos de medida","publisher":{"@id":"https:\/\/www.seac.es\/es\/#organization"},"potentialAction":[{"@type":"SearchAction","target":{"@type":"EntryPoint","urlTemplate":"https:\/\/www.seac.es\/es\/?s={search_term_string}"},"query-input":"required name=search_term_string"}],"inLanguage":"es"},{"@type":"WebPage","@id":"https:\/\/www.seac.es\/es\/productos\/estaciones-meteorologicas\/ema51\/#webpage","url":"https:\/\/www.seac.es\/es\/productos\/estaciones-meteorologicas\/ema51\/","name":"EMA51 - SEAC","isPartOf":{"@id":"https:\/\/www.seac.es\/es\/#website"},"datePublished":"2022-04-12T11:13:27+00:00","dateModified":"2022-09-20T07:25:42+00:00","description":"Es una soluci\u00f3n de intemperie y compacta para ser instalada en cualquier emplazamiento y ambiente. Ethernet, 4G (opcional) y salida serie RS232 para transmisi\u00f3n radio, sat\u00e9lite, etc.","breadcrumb":{"@id":"https:\/\/www.seac.es\/es\/productos\/estaciones-meteorologicas\/ema51\/#breadcrumb"},"inLanguage":"es","potentialAction":[{"@type":"ReadAction","target":["https:\/\/www.seac.es\/es\/productos\/estaciones-meteorologicas\/ema51\/"]}]},{"@type":"BreadcrumbList","@id":"https:\/\/www.seac.es\/es\/productos\/estaciones-meteorologicas\/ema51\/#breadcrumb","itemListElement":[{"@type":"ListItem","position":1,"name":"Portada","item":"https:\/\/www.seac.es\/es\/"},{"@type":"ListItem","position":2,"name":"Productos","item":"https:\/\/www.seac.es\/es\/productos\/"},{"@type":"ListItem","position":3,"name":"Estaciones","item":"https:\/\/www.seac.es\/es\/productos\/estaciones-meteorologicas\/"},{"@type":"ListItem","position":4,"name":"EMA51"}]}]}},"_links":{"self":[{"href":"https:\/\/www.seac.es\/es\/wp-json\/wp\/v2\/pages\/2459"}],"collection":[{"href":"https:\/\/www.seac.es\/es\/wp-json\/wp\/v2\/pages"}],"about":[{"href":"https:\/\/www.seac.es\/es\/wp-json\/wp\/v2\/types\/page"}],"author":[{"embeddable":true,"href":"https:\/\/www.seac.es\/es\/wp-json\/wp\/v2\/users\/1"}],"replies":[{"embeddable":true,"href":"https:\/\/www.seac.es\/es\/wp-json\/wp\/v2\/comments?post=2459"}],"version-history":[{"count":40,"href":"https:\/\/www.seac.es\/es\/wp-json\/wp\/v2\/pages\/2459\/revisions"}],"predecessor-version":[{"id":3422,"href":"https:\/\/www.seac.es\/es\/wp-json\/wp\/v2\/pages\/2459\/revisions\/3422"}],"up":[{"embeddable":true,"href":"https:\/\/www.seac.es\/es\/wp-json\/wp\/v2\/pages\/706"}],"wp:attachment":[{"href":"https:\/\/www.seac.es\/es\/wp-json\/wp\/v2\/media?parent=2459"}],"curies":[{"name":"wp","href":"https:\/\/api.w.org\/{rel}","templated":true}]}}