{"id":2404,"date":"2022-04-08T10:11:49","date_gmt":"2022-04-08T10:11:49","guid":{"rendered":"https:\/\/www.seac.es\/es\/?page_id=2404"},"modified":"2022-09-29T08:45:12","modified_gmt":"2022-09-29T08:45:12","slug":"rd51","status":"publish","type":"page","link":"https:\/\/www.seac.es\/es\/productos\/dataloggers\/rd51\/","title":{"rendered":"RD51"},"content":{"rendered":"<div id=\"pl-2404\"  class=\"panel-layout\" ><div id=\"pg-2404-0\"  class=\"panel-grid panel-has-style\" ><div class=\"siteorigin-panels-stretch panel-row-style panel-row-style-for-2404-0\" data-stretch-type=\"full-stretched\" ><div id=\"pgc-2404-0-0\"  class=\"panel-grid-cell\" ><div id=\"panel-2404-0-0-0\" class=\"so-panel widget widget_sow-hero panel-first-child panel-last-child\" data-index=\"0\" ><div\n\t\t\t\n\t\t\tclass=\"so-widget-sow-hero so-widget-sow-hero-default-5dfc655a3c7d-2404\"\n\t\t\t\n\t\t><div class=\"sow-slider-base\" style=\"display: none\"><ul\n\t\t\t\t\tclass=\"sow-slider-images\"\n\t\t\t\t\tdata-settings=\"{&quot;pagination&quot;:true,&quot;speed&quot;:800,&quot;timeout&quot;:8000,&quot;paused&quot;:false,&quot;pause_on_hover&quot;:false,&quot;swipe&quot;:false,&quot;nav_always_show_desktop&quot;:&quot;&quot;,&quot;nav_always_show_mobile&quot;:&quot;&quot;,&quot;breakpoint&quot;:&quot;780px&quot;,&quot;unmute&quot;:false,&quot;anchor&quot;:null}\"\n\t\t\t\t\tstyle=\"min-height: 280px\"\t\t\t\t\tdata-anchor-id=\"\"\n\t\t\t\t>\t\t<li class=\"sow-slider-image  sow-slider-image-cover\" style=\"background-color: #333333;background-image: url(https:\/\/www.seac.es\/es\/wp-content\/uploads\/2022\/09\/tunel2.jpg)\" >\n\t\t\t\t\t<div class=\"sow-slider-image-container\">\n\t\t\t<div class=\"sow-slider-image-wrapper\">\n\t\t\t\t<h1>RD51 Registrador de datos<\/h1>\n\t\t\t<\/div>\n\t\t<\/div>\n\t\t\t\t<\/li>\n\t\t<\/ul>\t\t\t\t<ol class=\"sow-slider-pagination\">\n\t\t\t\t\t\t\t\t\t\t\t<li><a href=\"#\" data-goto=\"0\" aria-label=\"mostrar diapositiva 1\"><\/a><\/li>\n\t\t\t\t\t\t\t\t\t<\/ol>\n\n\t\t\t\t<div class=\"sow-slide-nav sow-slide-nav-next\">\n\t\t\t\t\t<a href=\"#\" data-goto=\"next\" aria-label=\"diapositiva siguiente\" data-action=\"next\">\n\t\t\t\t\t\t<em class=\"sow-sld-icon-thin-right\"><\/em>\n\t\t\t\t\t<\/a>\n\t\t\t\t<\/div>\n\n\t\t\t\t<div class=\"sow-slide-nav sow-slide-nav-prev\">\n\t\t\t\t\t<a href=\"#\" data-goto=\"previous\" aria-label=\"diapositiva anterior\" data-action=\"prev\">\n\t\t\t\t\t\t<em class=\"sow-sld-icon-thin-left\"><\/em>\n\t\t\t\t\t<\/a>\n\t\t\t\t<\/div>\n\t\t\t\t<\/div><\/div><\/div><\/div><\/div><\/div><div id=\"pg-2404-1\"  class=\"panel-grid panel-has-style\" ><div class=\"siteorigin-panels-stretch panel-row-style panel-row-style-for-2404-1\" data-stretch-type=\"full\" ><div id=\"pgc-2404-1-0\"  class=\"panel-grid-cell\" ><div id=\"panel-2404-1-0-0\" class=\"so-panel widget widget_sow-image panel-first-child panel-last-child\" data-index=\"1\" ><div\n\t\t\t\n\t\t\tclass=\"so-widget-sow-image so-widget-sow-image-default-2ec334f0a340-2404\"\n\t\t\t\n\t\t>\n\n<div class=\"sow-image-container\">\n\t\t<img src=\"https:\/\/www.seac.es\/es\/wp-content\/uploads\/2022\/04\/Datalogger_RD51_transp_1080.png\" width=\"1440\" height=\"1080\" srcset=\"https:\/\/www.seac.es\/es\/wp-content\/uploads\/2022\/04\/Datalogger_RD51_transp_1080.png 1440w, https:\/\/www.seac.es\/es\/wp-content\/uploads\/2022\/04\/Datalogger_RD51_transp_1080-300x225.png 300w, https:\/\/www.seac.es\/es\/wp-content\/uploads\/2022\/04\/Datalogger_RD51_transp_1080-768x576.png 768w, https:\/\/www.seac.es\/es\/wp-content\/uploads\/2022\/04\/Datalogger_RD51_transp_1080-1024x768.png 1024w, https:\/\/www.seac.es\/es\/wp-content\/uploads\/2022\/04\/Datalogger_RD51_transp_1080-24x18.png 24w, https:\/\/www.seac.es\/es\/wp-content\/uploads\/2022\/04\/Datalogger_RD51_transp_1080-36x27.png 36w, https:\/\/www.seac.es\/es\/wp-content\/uploads\/2022\/04\/Datalogger_RD51_transp_1080-48x36.png 48w\" sizes=\"(max-width: 1440px) 100vw, 1440px\" alt=\"Datalogger RD51 seac\" loading=\"lazy\" \t\tclass=\"so-widget-image\"\/>\n\t<\/div>\n\n<\/div><\/div><\/div><div id=\"pgc-2404-1-1\"  class=\"panel-grid-cell\" ><div id=\"panel-2404-1-1-0\" class=\"so-panel widget widget_sow-editor panel-first-child\" data-index=\"2\" ><div\n\t\t\t\n\t\t\tclass=\"so-widget-sow-editor so-widget-sow-editor-base\"\n\t\t\t\n\t\t>\n<div class=\"siteorigin-widget-tinymce textwidget\">\n\t<h3>Presentaci\u00f3n<\/h3>\n<p>El RD51 es un registrador\u2013transmisor de datos dise\u00f1ado para satisfacer las necesidades de procesamiento, registro y transmisi\u00f3n de datos procedentes de cualquier tipo de se\u00f1al de entrada digital serie.<\/p>\n<h3>Caracter\u00edsticas<\/h3>\n<p>Entradas serie: RS232, RS485, SDI 12; Construido con protocolos que satisfacen a la mayor\u00eda de fabricantes. <br \/>Se puede incorporar al RD51 cualquier otro protocolo propietario, as\u00ed como cualquier algoritmo de procesamiento para satisfacer las necesidades del cliente.<br \/>Los datos recogidos, correspondientes a los intervalos desde 1 segundo hasta 24 horas, se almacenan en una memoria interna de 8 GB.<br \/>El RD51 tiene una interfaz Ethernet para ser conectado mediante red IP.<br \/>M\u00f3dem interno 4G\/GPRS para la transmisi\u00f3n desde ubicaciones remotas sin necesidad de infraestructura.<br \/>Posee una salida serie RS232 para cualquier otra forma de transmisi\u00f3n (radio, sat\u00e9lite, etc.)<\/p>\n<h3>Aplicaciones<\/h3>\n<p>Registro y transmisi\u00f3n de datos de:<\/p>\n<p>- Hidrolog\u00eda<\/p>\n<p>- Medio ambiente<\/p>\n<p>- Meteorolog\u00eda<\/p>\n<p>- Aeropuertos<\/p>\n<p>- Agricultura<\/p>\n<p>- Industria<\/p>\n<\/div>\n<\/div><\/div><div id=\"panel-2404-1-1-1\" class=\"so-panel widget widget_sow-button panel-last-child\" data-index=\"3\" ><div\n\t\t\t\n\t\t\tclass=\"so-widget-sow-button so-widget-sow-button-wire-30b3367ab913-2404\"\n\t\t\t\n\t\t><div class=\"ow-button-base ow-button-align-left\">\n\t<a href=\"\/docs-pdf\/ID_RD51_CAT_0001.pdf\" class=\"ow-icon-placement-left ow-button-hover\" \t\t>\n\t\t<span>\n\t\t\t\n\t\t\tVer cat\u00e1logo\t\t<\/span>\n\t<\/a>\n<\/div>\n<\/div><\/div><\/div><\/div><\/div><div id=\"pg-2404-2\"  class=\"panel-grid panel-has-style\" ><div class=\"siteorigin-panels-stretch panel-row-style panel-row-style-for-2404-2\" data-stretch-type=\"full\" ><div id=\"pgc-2404-2-0\"  class=\"panel-grid-cell\" ><div id=\"panel-2404-2-0-0\" class=\"so-panel widget widget_sow-editor panel-first-child panel-last-child\" data-index=\"4\" ><div class=\"panel-widget-style panel-widget-style-for-2404-2-0-0\" ><div\n\t\t\t\n\t\t\tclass=\"so-widget-sow-editor so-widget-sow-editor-base\"\n\t\t\t\n\t\t>\n<div class=\"siteorigin-widget-tinymce textwidget\">\n\t<h1>\u00a0<\/h1>\n<h1>RD51 Caracter\u00edsticas t\u00e9cnicas<\/h1>\n<\/div>\n<\/div><\/div><\/div><\/div><\/div><\/div><div id=\"pg-2404-3\"  class=\"panel-grid panel-has-style\" ><div class=\"siteorigin-panels-stretch panel-row-style panel-row-style-for-2404-3\" data-stretch-type=\"full\" ><div id=\"pgc-2404-3-0\"  class=\"panel-grid-cell\" ><div id=\"panel-2404-3-0-0\" class=\"so-panel widget widget_sow-editor panel-first-child panel-last-child\" data-index=\"5\" ><div\n\t\t\t\n\t\t\tclass=\"so-widget-sow-editor so-widget-sow-editor-base\"\n\t\t\t\n\t\t>\n<div class=\"siteorigin-widget-tinymce textwidget\">\n\t<p><strong>Comunicaciones serie<\/strong><\/p>\n<hr \/>\n<table width=\"369\">\n<tbody>\n<tr>\n<td width=\"175\">Ethernet<\/td>\n<td width=\"194\">1 puerto<\/td>\n<\/tr>\n<tr>\n<td width=\"175\">RS232<\/td>\n<td width=\"194\">1 puerto<\/td>\n<\/tr>\n<tr>\n<td width=\"175\">RS485<\/td>\n<td width=\"194\">1 puerto<\/td>\n<\/tr>\n<tr>\n<td width=\"175\">SDI-12 \/ RS485<\/td>\n<td width=\"194\">1 puerto<\/td>\n<\/tr>\n<tr>\n<td width=\"175\">Modem interno (opcional)<\/td>\n<td width=\"194\">4G<\/td>\n<\/tr>\n<\/tbody>\n<\/table>\n<p><b>Registro de datos<\/b><\/p>\n<hr \/>\n<table style=\"height: 36px;\" width=\"365\">\n<tbody>\n<tr>\n<td width=\"125\">Rangos<\/td>\n<td width=\"180\">De 1 seg a 24 horas<\/td>\n<\/tr>\n<\/tbody>\n<\/table>\n<p><strong>Reloj<\/strong><\/p>\n<hr \/>\n<table style=\"height: 121px;\" width=\"371\">\n<tbody>\n<tr>\n<td width=\"125\">Tipo<\/td>\n<td width=\"180\">dd\/mm\/aaaa - hh:mm:ss<\/td>\n<\/tr>\n<tr>\n<td width=\"125\">Resoluci\u00f3n y precisi\u00f3n<\/td>\n<td width=\"180\">1 segundo - 10 ppm<\/td>\n<\/tr>\n<tr>\n<td width=\"125\">Sincronizaci\u00f3n<\/td>\n<td width=\"180\">SNTP (IP)<\/td>\n<\/tr>\n<\/tbody>\n<\/table><\/div>\n<\/div><\/div><\/div><div id=\"pgc-2404-3-1\"  class=\"panel-grid-cell panel-grid-cell-empty\" ><\/div><div id=\"pgc-2404-3-2\"  class=\"panel-grid-cell\" ><div id=\"panel-2404-3-2-0\" class=\"so-panel widget widget_sow-editor panel-first-child\" data-index=\"6\" ><div\n\t\t\t\n\t\t\tclass=\"so-widget-sow-editor so-widget-sow-editor-base\"\n\t\t\t\n\t\t>\n<div class=\"siteorigin-widget-tinymce textwidget\">\n\t<p><strong><br \/> Alimentaci\u00f3n<\/strong><\/p>\n<hr \/>\n<table width=\"376\">\n<tbody>\n<tr>\n<td width=\"175\">Rango<\/td>\n<td colspan=\"2\" width=\"201\">8~32VDC<\/td>\n<\/tr>\n<tr>\n<td width=\"175\">Consumo m\u00e1ximo<\/td>\n<td width=\"194\">1.3W<\/td>\n<td width=\"8\">\u00a0<\/td>\n<\/tr>\n<tr>\n<td width=\"175\">Temperatura de funcionamiento<\/td>\n<td colspan=\"2\" width=\"201\">-40\u00baC~60\u00baC<\/td>\n<\/tr>\n<\/tbody>\n<\/table>\n<p><strong>Procesador y SO<\/strong><\/p>\n<hr \/>\n<table width=\"369\">\n<tbody>\n<tr>\n<td width=\"175\">Procesador<\/td>\n<td width=\"194\">ARM Cortex A5<\/td>\n<\/tr>\n<\/tbody>\n<\/table>\n<p><strong>Mec\u00e1nica y dimensiones<\/strong><\/p>\n<hr \/>\n<table width=\"369\">\n<tbody>\n<tr>\n<td width=\"175\">Material carcasa<\/td>\n<td width=\"194\">Poliamida<\/td>\n<\/tr>\n<tr>\n<td width=\"175\">Profundidad<\/td>\n<td width=\"194\">113.65 mm<\/td>\n<\/tr>\n<tr>\n<td width=\"175\">Anchura<\/td>\n<td width=\"194\">45.2 mm<\/td>\n<\/tr>\n<tr>\n<td width=\"175\">Altura<\/td>\n<td width=\"194\">99 mm<\/td>\n<\/tr>\n<tr>\n<td width=\"175\">Peso<\/td>\n<td width=\"194\">200 gr (aprox.)<\/td>\n<\/tr>\n<\/tbody>\n<\/table><\/div>\n<\/div><\/div><div id=\"panel-2404-3-2-1\" class=\"so-panel widget widget_sow-button panel-last-child\" data-index=\"7\" ><div\n\t\t\t\n\t\t\tclass=\"so-widget-sow-button so-widget-sow-button-wire-30b3367ab913-2404\"\n\t\t\t\n\t\t><div class=\"ow-button-base ow-button-align-left\">\n\t<a href=\"\/docs-pdf\/ID_RD51_CAT_0001.pdf\" class=\"ow-icon-placement-left ow-button-hover\" \t\t>\n\t\t<span>\n\t\t\t\n\t\t\tVer cat\u00e1logo\t\t<\/span>\n\t<\/a>\n<\/div>\n<\/div><\/div><\/div><\/div><\/div><\/div>","protected":false},"excerpt":{"rendered":"<p>Presentaci\u00f3n El RD51 es un registrador\u2013transmisor de datos dise\u00f1ado para satisfacer las necesidades de procesamiento, registro y transmisi\u00f3n de datos procedentes de cualquier tipo de<\/p>\n","protected":false},"author":1,"featured_media":2409,"parent":280,"menu_order":0,"comment_status":"closed","ping_status":"closed","template":"","meta":[],"yoast_head":"<!-- This site is optimized with the Yoast SEO plugin v19.2 - https:\/\/yoast.com\/wordpress\/plugins\/seo\/ -->\n<title>RD51 - SEAC<\/title>\n<meta name=\"description\" content=\"Datalogger dise\u00f1ado para el procesamiento, registro y transmisi\u00f3n de datos procedentes de cualquier tipo de se\u00f1al de entrada digital serie.\" \/>\n<meta name=\"robots\" content=\"index, follow, max-snippet:-1, max-image-preview:large, max-video-preview:-1\" \/>\n<link rel=\"canonical\" href=\"https:\/\/www.seac.es\/es\/productos\/dataloggers\/rd51\/\" \/>\n<meta property=\"og:locale\" content=\"es_ES\" \/>\n<meta property=\"og:type\" content=\"article\" \/>\n<meta property=\"og:title\" content=\"RD51 - SEAC\" \/>\n<meta property=\"og:description\" content=\"Datalogger dise\u00f1ado para el procesamiento, registro y transmisi\u00f3n de datos procedentes de cualquier tipo de se\u00f1al de entrada digital serie.\" \/>\n<meta property=\"og:url\" content=\"https:\/\/www.seac.es\/es\/productos\/dataloggers\/rd51\/\" \/>\n<meta property=\"og:site_name\" content=\"SEAC\" \/>\n<meta property=\"article:modified_time\" content=\"2022-09-29T08:45:12+00:00\" \/>\n<meta property=\"og:image\" content=\"https:\/\/www.seac.es\/es\/wp-content\/uploads\/2022\/04\/Datalogger_RD51_transp_1080.png\" \/>\n\t<meta property=\"og:image:width\" content=\"1440\" \/>\n\t<meta property=\"og:image:height\" content=\"1080\" \/>\n\t<meta property=\"og:image:type\" content=\"image\/png\" \/>\n<meta name=\"author\" content=\"adminblogseac\" \/>\n<meta name=\"twitter:card\" content=\"summary_large_image\" \/>\n<meta name=\"twitter:label1\" content=\"Tiempo de lectura\" \/>\n\t<meta name=\"twitter:data1\" content=\"2 minutos\" \/>\n<script type=\"application\/ld+json\" class=\"yoast-schema-graph\">{\"@context\":\"https:\/\/schema.org\",\"@graph\":[{\"@type\":\"Organization\",\"@id\":\"https:\/\/www.seac.es\/es\/#organization\",\"name\":\"SEAC S.A.\",\"url\":\"https:\/\/www.seac.es\/es\/\",\"sameAs\":[],\"logo\":{\"@type\":\"ImageObject\",\"inLanguage\":\"es\",\"@id\":\"https:\/\/www.seac.es\/es\/#\/schema\/logo\/image\/\",\"url\":\"https:\/\/www.seac.es\/es\/wp-content\/uploads\/2017\/08\/logoSEAC240x105.png\",\"contentUrl\":\"https:\/\/www.seac.es\/es\/wp-content\/uploads\/2017\/08\/logoSEAC240x105.png\",\"width\":240,\"height\":105,\"caption\":\"SEAC S.A.\"},\"image\":{\"@id\":\"https:\/\/www.seac.es\/es\/#\/schema\/logo\/image\/\"}},{\"@type\":\"WebSite\",\"@id\":\"https:\/\/www.seac.es\/es\/#website\",\"url\":\"https:\/\/www.seac.es\/es\/\",\"name\":\"SEAC\",\"description\":\"Meteorolog\u00eda y equipos de medida\",\"publisher\":{\"@id\":\"https:\/\/www.seac.es\/es\/#organization\"},\"potentialAction\":[{\"@type\":\"SearchAction\",\"target\":{\"@type\":\"EntryPoint\",\"urlTemplate\":\"https:\/\/www.seac.es\/es\/?s={search_term_string}\"},\"query-input\":\"required name=search_term_string\"}],\"inLanguage\":\"es\"},{\"@type\":\"ImageObject\",\"inLanguage\":\"es\",\"@id\":\"https:\/\/www.seac.es\/es\/productos\/dataloggers\/rd51\/#primaryimage\",\"url\":\"https:\/\/www.seac.es\/es\/wp-content\/uploads\/2022\/04\/Datalogger_RD51_transp_1080.png\",\"contentUrl\":\"https:\/\/www.seac.es\/es\/wp-content\/uploads\/2022\/04\/Datalogger_RD51_transp_1080.png\",\"width\":1440,\"height\":1080,\"caption\":\"Datalogger RD51 seac\"},{\"@type\":\"WebPage\",\"@id\":\"https:\/\/www.seac.es\/es\/productos\/dataloggers\/rd51\/#webpage\",\"url\":\"https:\/\/www.seac.es\/es\/productos\/dataloggers\/rd51\/\",\"name\":\"RD51 - SEAC\",\"isPartOf\":{\"@id\":\"https:\/\/www.seac.es\/es\/#website\"},\"primaryImageOfPage\":{\"@id\":\"https:\/\/www.seac.es\/es\/productos\/dataloggers\/rd51\/#primaryimage\"},\"datePublished\":\"2022-04-08T10:11:49+00:00\",\"dateModified\":\"2022-09-29T08:45:12+00:00\",\"description\":\"Datalogger dise\u00f1ado para el procesamiento, registro y transmisi\u00f3n de datos procedentes de cualquier tipo de se\u00f1al de entrada digital serie.\",\"breadcrumb\":{\"@id\":\"https:\/\/www.seac.es\/es\/productos\/dataloggers\/rd51\/#breadcrumb\"},\"inLanguage\":\"es\",\"potentialAction\":[{\"@type\":\"ReadAction\",\"target\":[\"https:\/\/www.seac.es\/es\/productos\/dataloggers\/rd51\/\"]}]},{\"@type\":\"BreadcrumbList\",\"@id\":\"https:\/\/www.seac.es\/es\/productos\/dataloggers\/rd51\/#breadcrumb\",\"itemListElement\":[{\"@type\":\"ListItem\",\"position\":1,\"name\":\"Portada\",\"item\":\"https:\/\/www.seac.es\/es\/\"},{\"@type\":\"ListItem\",\"position\":2,\"name\":\"Productos\",\"item\":\"https:\/\/www.seac.es\/es\/productos\/\"},{\"@type\":\"ListItem\",\"position\":3,\"name\":\"Dataloggers\",\"item\":\"https:\/\/www.seac.es\/es\/productos\/dataloggers\/\"},{\"@type\":\"ListItem\",\"position\":4,\"name\":\"RD51\"}]}]}<\/script>\n<!-- \/ Yoast SEO plugin. -->","yoast_head_json":{"title":"RD51 - SEAC","description":"Datalogger dise\u00f1ado para el procesamiento, registro y transmisi\u00f3n de datos procedentes de cualquier tipo de se\u00f1al de entrada digital serie.","robots":{"index":"index","follow":"follow","max-snippet":"max-snippet:-1","max-image-preview":"max-image-preview:large","max-video-preview":"max-video-preview:-1"},"canonical":"https:\/\/www.seac.es\/es\/productos\/dataloggers\/rd51\/","og_locale":"es_ES","og_type":"article","og_title":"RD51 - SEAC","og_description":"Datalogger dise\u00f1ado para el procesamiento, registro y transmisi\u00f3n de datos procedentes de cualquier tipo de se\u00f1al de entrada digital serie.","og_url":"https:\/\/www.seac.es\/es\/productos\/dataloggers\/rd51\/","og_site_name":"SEAC","article_modified_time":"2022-09-29T08:45:12+00:00","og_image":[{"width":1440,"height":1080,"url":"https:\/\/www.seac.es\/es\/wp-content\/uploads\/2022\/04\/Datalogger_RD51_transp_1080.png","type":"image\/png"}],"author":"adminblogseac","twitter_card":"summary_large_image","twitter_misc":{"Tiempo de lectura":"2 minutos"},"schema":{"@context":"https:\/\/schema.org","@graph":[{"@type":"Organization","@id":"https:\/\/www.seac.es\/es\/#organization","name":"SEAC S.A.","url":"https:\/\/www.seac.es\/es\/","sameAs":[],"logo":{"@type":"ImageObject","inLanguage":"es","@id":"https:\/\/www.seac.es\/es\/#\/schema\/logo\/image\/","url":"https:\/\/www.seac.es\/es\/wp-content\/uploads\/2017\/08\/logoSEAC240x105.png","contentUrl":"https:\/\/www.seac.es\/es\/wp-content\/uploads\/2017\/08\/logoSEAC240x105.png","width":240,"height":105,"caption":"SEAC S.A."},"image":{"@id":"https:\/\/www.seac.es\/es\/#\/schema\/logo\/image\/"}},{"@type":"WebSite","@id":"https:\/\/www.seac.es\/es\/#website","url":"https:\/\/www.seac.es\/es\/","name":"SEAC","description":"Meteorolog\u00eda y equipos de medida","publisher":{"@id":"https:\/\/www.seac.es\/es\/#organization"},"potentialAction":[{"@type":"SearchAction","target":{"@type":"EntryPoint","urlTemplate":"https:\/\/www.seac.es\/es\/?s={search_term_string}"},"query-input":"required name=search_term_string"}],"inLanguage":"es"},{"@type":"ImageObject","inLanguage":"es","@id":"https:\/\/www.seac.es\/es\/productos\/dataloggers\/rd51\/#primaryimage","url":"https:\/\/www.seac.es\/es\/wp-content\/uploads\/2022\/04\/Datalogger_RD51_transp_1080.png","contentUrl":"https:\/\/www.seac.es\/es\/wp-content\/uploads\/2022\/04\/Datalogger_RD51_transp_1080.png","width":1440,"height":1080,"caption":"Datalogger RD51 seac"},{"@type":"WebPage","@id":"https:\/\/www.seac.es\/es\/productos\/dataloggers\/rd51\/#webpage","url":"https:\/\/www.seac.es\/es\/productos\/dataloggers\/rd51\/","name":"RD51 - SEAC","isPartOf":{"@id":"https:\/\/www.seac.es\/es\/#website"},"primaryImageOfPage":{"@id":"https:\/\/www.seac.es\/es\/productos\/dataloggers\/rd51\/#primaryimage"},"datePublished":"2022-04-08T10:11:49+00:00","dateModified":"2022-09-29T08:45:12+00:00","description":"Datalogger dise\u00f1ado para el procesamiento, registro y transmisi\u00f3n de datos procedentes de cualquier tipo de se\u00f1al de entrada digital serie.","breadcrumb":{"@id":"https:\/\/www.seac.es\/es\/productos\/dataloggers\/rd51\/#breadcrumb"},"inLanguage":"es","potentialAction":[{"@type":"ReadAction","target":["https:\/\/www.seac.es\/es\/productos\/dataloggers\/rd51\/"]}]},{"@type":"BreadcrumbList","@id":"https:\/\/www.seac.es\/es\/productos\/dataloggers\/rd51\/#breadcrumb","itemListElement":[{"@type":"ListItem","position":1,"name":"Portada","item":"https:\/\/www.seac.es\/es\/"},{"@type":"ListItem","position":2,"name":"Productos","item":"https:\/\/www.seac.es\/es\/productos\/"},{"@type":"ListItem","position":3,"name":"Dataloggers","item":"https:\/\/www.seac.es\/es\/productos\/dataloggers\/"},{"@type":"ListItem","position":4,"name":"RD51"}]}]}},"_links":{"self":[{"href":"https:\/\/www.seac.es\/es\/wp-json\/wp\/v2\/pages\/2404"}],"collection":[{"href":"https:\/\/www.seac.es\/es\/wp-json\/wp\/v2\/pages"}],"about":[{"href":"https:\/\/www.seac.es\/es\/wp-json\/wp\/v2\/types\/page"}],"author":[{"embeddable":true,"href":"https:\/\/www.seac.es\/es\/wp-json\/wp\/v2\/users\/1"}],"replies":[{"embeddable":true,"href":"https:\/\/www.seac.es\/es\/wp-json\/wp\/v2\/comments?post=2404"}],"version-history":[{"count":51,"href":"https:\/\/www.seac.es\/es\/wp-json\/wp\/v2\/pages\/2404\/revisions"}],"predecessor-version":[{"id":3450,"href":"https:\/\/www.seac.es\/es\/wp-json\/wp\/v2\/pages\/2404\/revisions\/3450"}],"up":[{"embeddable":true,"href":"https:\/\/www.seac.es\/es\/wp-json\/wp\/v2\/pages\/280"}],"wp:featuredmedia":[{"embeddable":true,"href":"https:\/\/www.seac.es\/es\/wp-json\/wp\/v2\/media\/2409"}],"wp:attachment":[{"href":"https:\/\/www.seac.es\/es\/wp-json\/wp\/v2\/media?parent=2404"}],"curies":[{"name":"wp","href":"https:\/\/api.w.org\/{rel}","templated":true}]}}