{"id":2330,"date":"2021-10-28T11:57:45","date_gmt":"2021-10-28T11:57:45","guid":{"rendered":"https:\/\/www.seac.es\/es\/?page_id=2330"},"modified":"2022-07-28T09:54:38","modified_gmt":"2022-07-28T09:54:38","slug":"argusdr","status":"publish","type":"page","link":"https:\/\/www.seac.es\/es\/productos\/sensores\/argusdr\/","title":{"rendered":"ArgusDR"},"content":{"rendered":"<div id=\"pl-2330\"  class=\"panel-layout\" ><div id=\"pg-2330-0\"  class=\"panel-grid panel-has-style\" ><div class=\"siteorigin-panels-stretch panel-row-style panel-row-style-for-2330-0\" data-stretch-type=\"full-stretched\" ><div id=\"pgc-2330-0-0\"  class=\"panel-grid-cell\" ><div id=\"panel-2330-0-0-0\" class=\"so-panel widget widget_sow-hero panel-first-child panel-last-child\" data-index=\"0\" ><div\n\t\t\t\n\t\t\tclass=\"so-widget-sow-hero so-widget-sow-hero-default-62309ec3fd34-2330\"\n\t\t\t\n\t\t><div class=\"sow-slider-base\" style=\"display: none\"><ul\n\t\t\t\t\tclass=\"sow-slider-images\"\n\t\t\t\t\tdata-settings=\"{&quot;pagination&quot;:true,&quot;speed&quot;:800,&quot;timeout&quot;:8000,&quot;paused&quot;:false,&quot;pause_on_hover&quot;:false,&quot;swipe&quot;:false,&quot;nav_always_show_desktop&quot;:&quot;&quot;,&quot;nav_always_show_mobile&quot;:&quot;&quot;,&quot;breakpoint&quot;:&quot;780px&quot;,&quot;unmute&quot;:false,&quot;anchor&quot;:null}\"\n\t\t\t\t\tstyle=\"min-height: 280px\"\t\t\t\t\tdata-anchor-id=\"\"\n\t\t\t\t>\t\t<li class=\"sow-slider-image  sow-slider-image-cover\" style=\"background-color: #333333;background-image: url(https:\/\/www.seac.es\/es\/wp-content\/uploads\/2021\/11\/pexels-kelly-l-4185121_cut.jpg)\" >\n\t\t\t\t\t<div class=\"sow-slider-image-container\">\n\t\t\t<div class=\"sow-slider-image-wrapper\">\n\t\t\t\t<h2 style=\"text-align: left\">Argus DR<\/h2>\n<div class=\"sow-hero-buttons\" style=\"text-align: left\"><\/div>\t\t\t<\/div>\n\t\t<\/div>\n\t\t\t\t<\/li>\n\t\t<\/ul>\t\t\t\t<ol class=\"sow-slider-pagination\">\n\t\t\t\t\t\t\t\t\t\t\t<li><a href=\"#\" data-goto=\"0\" aria-label=\"mostrar diapositiva 1\"><\/a><\/li>\n\t\t\t\t\t\t\t\t\t<\/ol>\n\n\t\t\t\t<div class=\"sow-slide-nav sow-slide-nav-next\">\n\t\t\t\t\t<a href=\"#\" data-goto=\"next\" aria-label=\"diapositiva siguiente\" data-action=\"next\">\n\t\t\t\t\t\t<em class=\"sow-sld-icon-thin-right\"><\/em>\n\t\t\t\t\t<\/a>\n\t\t\t\t<\/div>\n\n\t\t\t\t<div class=\"sow-slide-nav sow-slide-nav-prev\">\n\t\t\t\t\t<a href=\"#\" data-goto=\"previous\" aria-label=\"diapositiva anterior\" data-action=\"prev\">\n\t\t\t\t\t\t<em class=\"sow-sld-icon-thin-left\"><\/em>\n\t\t\t\t\t<\/a>\n\t\t\t\t<\/div>\n\t\t\t\t<\/div><\/div><\/div><\/div><\/div><\/div><div id=\"pg-2330-1\"  class=\"panel-grid panel-has-style\" ><div class=\"siteorigin-panels-stretch panel-row-style panel-row-style-for-2330-1\" data-stretch-type=\"full\" ><div id=\"pgc-2330-1-0\"  class=\"panel-grid-cell\" ><div id=\"panel-2330-1-0-0\" class=\"so-panel widget widget_sow-image panel-first-child panel-last-child\" data-index=\"1\" ><div\n\t\t\t\n\t\t\tclass=\"so-widget-sow-image so-widget-sow-image-default-2ec334f0a340-2330\"\n\t\t\t\n\t\t>\n\n<div class=\"sow-image-container\">\n\t\t<img src=\"https:\/\/www.seac.es\/es\/wp-content\/uploads\/2021\/10\/IMG_6166_cut_prod.jpg\" width=\"1681\" height=\"957\" srcset=\"https:\/\/www.seac.es\/es\/wp-content\/uploads\/2021\/10\/IMG_6166_cut_prod.jpg 1681w, https:\/\/www.seac.es\/es\/wp-content\/uploads\/2021\/10\/IMG_6166_cut_prod-300x171.jpg 300w, https:\/\/www.seac.es\/es\/wp-content\/uploads\/2021\/10\/IMG_6166_cut_prod-768x437.jpg 768w, https:\/\/www.seac.es\/es\/wp-content\/uploads\/2021\/10\/IMG_6166_cut_prod-1024x583.jpg 1024w, https:\/\/www.seac.es\/es\/wp-content\/uploads\/2021\/10\/IMG_6166_cut_prod-24x14.jpg 24w, https:\/\/www.seac.es\/es\/wp-content\/uploads\/2021\/10\/IMG_6166_cut_prod-36x20.jpg 36w, https:\/\/www.seac.es\/es\/wp-content\/uploads\/2021\/10\/IMG_6166_cut_prod-48x27.jpg 48w\" sizes=\"(max-width: 1681px) 100vw, 1681px\" alt=\"equipos radiologia sensor seac\" loading=\"lazy\" \t\tclass=\"so-widget-image\"\/>\n\t<\/div>\n\n<\/div><\/div><\/div><div id=\"pgc-2330-1-1\"  class=\"panel-grid-cell\" ><div id=\"panel-2330-1-1-0\" class=\"so-panel widget widget_sow-editor panel-first-child\" data-index=\"2\" ><div\n\t\t\t\n\t\t\tclass=\"so-widget-sow-editor so-widget-sow-editor-base\"\n\t\t\t\n\t\t>\n<div class=\"siteorigin-widget-tinymce textwidget\">\n\t<h3>Presentaci\u00f3n<\/h3>\n<p>Los dispositivos de la serie Argus-DR son espectr\u00f3metros y dos\u00edmetros de rayos gamma multiprop\u00f3sito, para detectar radiaci\u00f3n natural y artificial.<\/p>\n<h3>Uso<\/h3>\n<p>Detector de tasa de dosis equivalente, ideal para monitorizaci\u00f3n de radiaci\u00f3n ambiental, desde monitorizaci\u00f3n de \u00e1rea\/anillo hasta redes nacionales.<\/p>\n<h3>Aplicaciones<\/h3>\n<p>Operaciones de seguridad y vigilancia<br \/>\nProtecci\u00f3n de aduanas y fronteras<br \/>\nInstalaciones nucleares<br \/>\nPlantas incineradoras y plantas de reciclaje<br \/>\nReciclaje de chatarra<br \/>\nLaboratorios de investigaci\u00f3n<\/p>\n<h3>Dise\u00f1o abierto<\/h3>\n<p>Los dispositivos de la serie<br \/>\nArgus pueden ser personalizados seg\u00fan las necesidades de cada proyecto.<\/p>\n<\/div>\n<\/div><\/div><div id=\"panel-2330-1-1-1\" class=\"so-panel widget widget_sow-button panel-last-child\" data-index=\"3\" ><div\n\t\t\t\n\t\t\tclass=\"so-widget-sow-button so-widget-sow-button-wire-30b3367ab913-2330\"\n\t\t\t\n\t\t><div class=\"ow-button-base ow-button-align-left\">\n\t<a href=\"\/docs-pdf\/ID_ARG_CAT_0001.pdf\" class=\"ow-icon-placement-left ow-button-hover\" \t\t>\n\t\t<span>\n\t\t\t\n\t\t\tVer cat\u00e1logo\t\t<\/span>\n\t<\/a>\n<\/div>\n<\/div><\/div><\/div><\/div><\/div><div id=\"pg-2330-2\"  class=\"panel-grid panel-has-style\" ><div class=\"siteorigin-panels-stretch panel-row-style panel-row-style-for-2330-2\" data-stretch-type=\"full\" ><div id=\"pgc-2330-2-0\"  class=\"panel-grid-cell\" ><div id=\"panel-2330-2-0-0\" class=\"so-panel widget widget_sow-editor panel-first-child panel-last-child\" data-index=\"4\" ><div class=\"panel-widget-style panel-widget-style-for-2330-2-0-0\" ><div\n\t\t\t\n\t\t\tclass=\"so-widget-sow-editor so-widget-sow-editor-base\"\n\t\t\t\n\t\t>\n<div class=\"siteorigin-widget-tinymce textwidget\">\n\t<h1>\u00a0<\/h1>\n<h1>Argus Caracter\u00edsticas t\u00e9cnicas<\/h1>\n<\/div>\n<\/div><\/div><\/div><\/div><\/div><\/div><div id=\"pg-2330-3\"  class=\"panel-grid panel-has-style\" ><div class=\"siteorigin-panels-stretch panel-row-style panel-row-style-for-2330-3\" data-stretch-type=\"full\" ><div id=\"pgc-2330-3-0\"  class=\"panel-grid-cell\" ><div id=\"panel-2330-3-0-0\" class=\"so-panel widget widget_sow-editor panel-first-child panel-last-child\" data-index=\"5\" ><div\n\t\t\t\n\t\t\tclass=\"so-widget-sow-editor so-widget-sow-editor-base\"\n\t\t\t\n\t\t>\n<div class=\"siteorigin-widget-tinymce textwidget\">\n\t<p><strong>Detectores<\/strong><\/p>\n<hr \/>\n<table style=\"height: 54px;\" width=\"327\">\n<tbody>\n<tr>\n<td width=\"135\">NaI(Tl)<\/td>\n<td width=\"170\">1.5'' x 1.5''<\/td>\n<\/tr>\n<tr>\n<td width=\"135\">Pl\u00e1stico<\/td>\n<td width=\"170\">2 mm cube<\/td>\n<\/tr>\n<tr>\n<td width=\"135\">MCAs<\/td>\n<td width=\"170\">Bridgeport Instruments<\/td>\n<\/tr>\n<\/tbody>\n<\/table>\n<p><strong>Dos\u00edmetro<\/strong><\/p>\n<hr \/>\n<table style=\"height: 69px;\" width=\"406\">\n<tbody>\n<tr>\n<td width=\"135\">NaI<\/td>\n<td width=\"170\">0.01-50 micro Sv\/h<\/td>\n<\/tr>\n<tr>\n<td width=\"135\">Pl\u00e1stico<\/td>\n<td width=\"170\">10 micro Sv\/h - 100 mSv\/h<\/td>\n<\/tr>\n<tr>\n<td width=\"135\">Current mode (pl\u00e1stico)<\/td>\n<td width=\"170\">to 10 Sv\/h<\/td>\n<\/tr>\n<\/tbody>\n<\/table>\n<\/div>\n<\/div><\/div><\/div><div id=\"pgc-2330-3-1\"  class=\"panel-grid-cell panel-grid-cell-empty\" ><\/div><div id=\"pgc-2330-3-2\"  class=\"panel-grid-cell\" ><div id=\"panel-2330-3-2-0\" class=\"so-panel widget widget_sow-editor panel-first-child\" data-index=\"6\" ><div\n\t\t\t\n\t\t\tclass=\"so-widget-sow-editor so-widget-sow-editor-base\"\n\t\t\t\n\t\t>\n<div class=\"siteorigin-widget-tinymce textwidget\">\n\t<p><strong>General<\/strong><\/p>\n<hr \/>\n<table>\n<tbody>\n<tr>\n<td width=\"135\">Interface<\/td>\n<td width=\"170\">RS485\/RS232<\/td>\n<\/tr>\n<tr>\n<td width=\"135\">IP<\/td>\n<td width=\"170\">Ethernet<\/td>\n<\/tr>\n<tr>\n<td width=\"135\">Celular<\/td>\n<td width=\"170\">4G<\/td>\n<\/tr>\n<tr>\n<td width=\"135\">Opciones<\/td>\n<td width=\"170\">Sat\u00e9lite<\/td>\n<\/tr>\n<\/tbody>\n<\/table>\n<\/div>\n<\/div><\/div><div id=\"panel-2330-3-2-1\" class=\"so-panel widget widget_sow-button panel-last-child\" data-index=\"7\" ><div\n\t\t\t\n\t\t\tclass=\"so-widget-sow-button so-widget-sow-button-wire-30b3367ab913-2330\"\n\t\t\t\n\t\t><div class=\"ow-button-base ow-button-align-left\">\n\t<a href=\"\/docs-pdf\/ID_ARG_CAT_0001.pdf\" class=\"ow-icon-placement-left ow-button-hover\" \t\t>\n\t\t<span>\n\t\t\t\n\t\t\tVer cat\u00e1logo\t\t<\/span>\n\t<\/a>\n<\/div>\n<\/div><\/div><\/div><\/div><\/div><\/div>","protected":false},"excerpt":{"rendered":"<p>Presentaci\u00f3n Los dispositivos de la serie Argus-DR son espectr\u00f3metros y dos\u00edmetros de rayos gamma multiprop\u00f3sito, para detectar radiaci\u00f3n natural y artificial. Uso Detector de tasa<\/p>\n","protected":false},"author":1,"featured_media":2267,"parent":664,"menu_order":0,"comment_status":"closed","ping_status":"closed","template":"","meta":[],"yoast_head":"<!-- This site is optimized with the Yoast SEO plugin v19.2 - https:\/\/yoast.com\/wordpress\/plugins\/seo\/ -->\n<title>ArgusDR - SEAC<\/title>\n<meta name=\"description\" content=\"La serie Argus-DR son espectr\u00f3metros y dos\u00edmetros de rayos gamma multiprop\u00f3sito, para detectar radiaci\u00f3n natural y artificial.\" \/>\n<meta name=\"robots\" content=\"index, follow, max-snippet:-1, max-image-preview:large, max-video-preview:-1\" \/>\n<link rel=\"canonical\" href=\"https:\/\/www.seac.es\/es\/productos\/sensores\/argusdr\/\" \/>\n<meta property=\"og:locale\" content=\"es_ES\" \/>\n<meta property=\"og:type\" content=\"article\" \/>\n<meta property=\"og:title\" content=\"ArgusDR - SEAC\" \/>\n<meta property=\"og:description\" content=\"La serie Argus-DR son espectr\u00f3metros y dos\u00edmetros de rayos gamma multiprop\u00f3sito, para detectar radiaci\u00f3n natural y artificial.\" \/>\n<meta property=\"og:url\" content=\"https:\/\/www.seac.es\/es\/productos\/sensores\/argusdr\/\" \/>\n<meta property=\"og:site_name\" content=\"SEAC\" \/>\n<meta property=\"article:modified_time\" content=\"2022-07-28T09:54:38+00:00\" \/>\n<meta property=\"og:image\" content=\"https:\/\/www.seac.es\/es\/wp-content\/uploads\/2021\/10\/IMG_6166_cut_prod.jpg\" \/>\n\t<meta property=\"og:image:width\" content=\"1681\" \/>\n\t<meta property=\"og:image:height\" content=\"957\" \/>\n\t<meta property=\"og:image:type\" content=\"image\/jpeg\" \/>\n<meta name=\"author\" content=\"adminblogseac\" \/>\n<meta name=\"twitter:card\" content=\"summary_large_image\" \/>\n<meta name=\"twitter:label1\" content=\"Tiempo de lectura\" \/>\n\t<meta name=\"twitter:data1\" content=\"1 minuto\" \/>\n<script type=\"application\/ld+json\" class=\"yoast-schema-graph\">{\"@context\":\"https:\/\/schema.org\",\"@graph\":[{\"@type\":\"Organization\",\"@id\":\"https:\/\/www.seac.es\/es\/#organization\",\"name\":\"SEAC S.A.\",\"url\":\"https:\/\/www.seac.es\/es\/\",\"sameAs\":[],\"logo\":{\"@type\":\"ImageObject\",\"inLanguage\":\"es\",\"@id\":\"https:\/\/www.seac.es\/es\/#\/schema\/logo\/image\/\",\"url\":\"https:\/\/www.seac.es\/es\/wp-content\/uploads\/2017\/08\/logoSEAC240x105.png\",\"contentUrl\":\"https:\/\/www.seac.es\/es\/wp-content\/uploads\/2017\/08\/logoSEAC240x105.png\",\"width\":240,\"height\":105,\"caption\":\"SEAC S.A.\"},\"image\":{\"@id\":\"https:\/\/www.seac.es\/es\/#\/schema\/logo\/image\/\"}},{\"@type\":\"WebSite\",\"@id\":\"https:\/\/www.seac.es\/es\/#website\",\"url\":\"https:\/\/www.seac.es\/es\/\",\"name\":\"SEAC\",\"description\":\"Meteorolog\u00eda y equipos de medida\",\"publisher\":{\"@id\":\"https:\/\/www.seac.es\/es\/#organization\"},\"potentialAction\":[{\"@type\":\"SearchAction\",\"target\":{\"@type\":\"EntryPoint\",\"urlTemplate\":\"https:\/\/www.seac.es\/es\/?s={search_term_string}\"},\"query-input\":\"required name=search_term_string\"}],\"inLanguage\":\"es\"},{\"@type\":\"ImageObject\",\"inLanguage\":\"es\",\"@id\":\"https:\/\/www.seac.es\/es\/productos\/sensores\/argusdr\/#primaryimage\",\"url\":\"https:\/\/www.seac.es\/es\/wp-content\/uploads\/2021\/10\/IMG_6166_cut_prod.jpg\",\"contentUrl\":\"https:\/\/www.seac.es\/es\/wp-content\/uploads\/2021\/10\/IMG_6166_cut_prod.jpg\",\"width\":1681,\"height\":957,\"caption\":\"equipos radiologia sensor seac\"},{\"@type\":\"WebPage\",\"@id\":\"https:\/\/www.seac.es\/es\/productos\/sensores\/argusdr\/#webpage\",\"url\":\"https:\/\/www.seac.es\/es\/productos\/sensores\/argusdr\/\",\"name\":\"ArgusDR - SEAC\",\"isPartOf\":{\"@id\":\"https:\/\/www.seac.es\/es\/#website\"},\"primaryImageOfPage\":{\"@id\":\"https:\/\/www.seac.es\/es\/productos\/sensores\/argusdr\/#primaryimage\"},\"datePublished\":\"2021-10-28T11:57:45+00:00\",\"dateModified\":\"2022-07-28T09:54:38+00:00\",\"description\":\"La serie Argus-DR son espectr\u00f3metros y dos\u00edmetros de rayos gamma multiprop\u00f3sito, para detectar radiaci\u00f3n natural y artificial.\",\"breadcrumb\":{\"@id\":\"https:\/\/www.seac.es\/es\/productos\/sensores\/argusdr\/#breadcrumb\"},\"inLanguage\":\"es\",\"potentialAction\":[{\"@type\":\"ReadAction\",\"target\":[\"https:\/\/www.seac.es\/es\/productos\/sensores\/argusdr\/\"]}]},{\"@type\":\"BreadcrumbList\",\"@id\":\"https:\/\/www.seac.es\/es\/productos\/sensores\/argusdr\/#breadcrumb\",\"itemListElement\":[{\"@type\":\"ListItem\",\"position\":1,\"name\":\"Portada\",\"item\":\"https:\/\/www.seac.es\/es\/\"},{\"@type\":\"ListItem\",\"position\":2,\"name\":\"Productos\",\"item\":\"https:\/\/www.seac.es\/es\/productos\/\"},{\"@type\":\"ListItem\",\"position\":3,\"name\":\"Sensores\",\"item\":\"https:\/\/www.seac.es\/es\/productos\/sensores\/\"},{\"@type\":\"ListItem\",\"position\":4,\"name\":\"ArgusDR\"}]}]}<\/script>\n<!-- \/ Yoast SEO plugin. -->","yoast_head_json":{"title":"ArgusDR - SEAC","description":"La serie Argus-DR son espectr\u00f3metros y dos\u00edmetros de rayos gamma multiprop\u00f3sito, para detectar radiaci\u00f3n natural y artificial.","robots":{"index":"index","follow":"follow","max-snippet":"max-snippet:-1","max-image-preview":"max-image-preview:large","max-video-preview":"max-video-preview:-1"},"canonical":"https:\/\/www.seac.es\/es\/productos\/sensores\/argusdr\/","og_locale":"es_ES","og_type":"article","og_title":"ArgusDR - SEAC","og_description":"La serie Argus-DR son espectr\u00f3metros y dos\u00edmetros de rayos gamma multiprop\u00f3sito, para detectar radiaci\u00f3n natural y artificial.","og_url":"https:\/\/www.seac.es\/es\/productos\/sensores\/argusdr\/","og_site_name":"SEAC","article_modified_time":"2022-07-28T09:54:38+00:00","og_image":[{"width":1681,"height":957,"url":"https:\/\/www.seac.es\/es\/wp-content\/uploads\/2021\/10\/IMG_6166_cut_prod.jpg","type":"image\/jpeg"}],"author":"adminblogseac","twitter_card":"summary_large_image","twitter_misc":{"Tiempo de lectura":"1 minuto"},"schema":{"@context":"https:\/\/schema.org","@graph":[{"@type":"Organization","@id":"https:\/\/www.seac.es\/es\/#organization","name":"SEAC S.A.","url":"https:\/\/www.seac.es\/es\/","sameAs":[],"logo":{"@type":"ImageObject","inLanguage":"es","@id":"https:\/\/www.seac.es\/es\/#\/schema\/logo\/image\/","url":"https:\/\/www.seac.es\/es\/wp-content\/uploads\/2017\/08\/logoSEAC240x105.png","contentUrl":"https:\/\/www.seac.es\/es\/wp-content\/uploads\/2017\/08\/logoSEAC240x105.png","width":240,"height":105,"caption":"SEAC S.A."},"image":{"@id":"https:\/\/www.seac.es\/es\/#\/schema\/logo\/image\/"}},{"@type":"WebSite","@id":"https:\/\/www.seac.es\/es\/#website","url":"https:\/\/www.seac.es\/es\/","name":"SEAC","description":"Meteorolog\u00eda y equipos de medida","publisher":{"@id":"https:\/\/www.seac.es\/es\/#organization"},"potentialAction":[{"@type":"SearchAction","target":{"@type":"EntryPoint","urlTemplate":"https:\/\/www.seac.es\/es\/?s={search_term_string}"},"query-input":"required name=search_term_string"}],"inLanguage":"es"},{"@type":"ImageObject","inLanguage":"es","@id":"https:\/\/www.seac.es\/es\/productos\/sensores\/argusdr\/#primaryimage","url":"https:\/\/www.seac.es\/es\/wp-content\/uploads\/2021\/10\/IMG_6166_cut_prod.jpg","contentUrl":"https:\/\/www.seac.es\/es\/wp-content\/uploads\/2021\/10\/IMG_6166_cut_prod.jpg","width":1681,"height":957,"caption":"equipos radiologia sensor seac"},{"@type":"WebPage","@id":"https:\/\/www.seac.es\/es\/productos\/sensores\/argusdr\/#webpage","url":"https:\/\/www.seac.es\/es\/productos\/sensores\/argusdr\/","name":"ArgusDR - SEAC","isPartOf":{"@id":"https:\/\/www.seac.es\/es\/#website"},"primaryImageOfPage":{"@id":"https:\/\/www.seac.es\/es\/productos\/sensores\/argusdr\/#primaryimage"},"datePublished":"2021-10-28T11:57:45+00:00","dateModified":"2022-07-28T09:54:38+00:00","description":"La serie Argus-DR son espectr\u00f3metros y dos\u00edmetros de rayos gamma multiprop\u00f3sito, para detectar radiaci\u00f3n natural y artificial.","breadcrumb":{"@id":"https:\/\/www.seac.es\/es\/productos\/sensores\/argusdr\/#breadcrumb"},"inLanguage":"es","potentialAction":[{"@type":"ReadAction","target":["https:\/\/www.seac.es\/es\/productos\/sensores\/argusdr\/"]}]},{"@type":"BreadcrumbList","@id":"https:\/\/www.seac.es\/es\/productos\/sensores\/argusdr\/#breadcrumb","itemListElement":[{"@type":"ListItem","position":1,"name":"Portada","item":"https:\/\/www.seac.es\/es\/"},{"@type":"ListItem","position":2,"name":"Productos","item":"https:\/\/www.seac.es\/es\/productos\/"},{"@type":"ListItem","position":3,"name":"Sensores","item":"https:\/\/www.seac.es\/es\/productos\/sensores\/"},{"@type":"ListItem","position":4,"name":"ArgusDR"}]}]}},"_links":{"self":[{"href":"https:\/\/www.seac.es\/es\/wp-json\/wp\/v2\/pages\/2330"}],"collection":[{"href":"https:\/\/www.seac.es\/es\/wp-json\/wp\/v2\/pages"}],"about":[{"href":"https:\/\/www.seac.es\/es\/wp-json\/wp\/v2\/types\/page"}],"author":[{"embeddable":true,"href":"https:\/\/www.seac.es\/es\/wp-json\/wp\/v2\/users\/1"}],"replies":[{"embeddable":true,"href":"https:\/\/www.seac.es\/es\/wp-json\/wp\/v2\/comments?post=2330"}],"version-history":[{"count":20,"href":"https:\/\/www.seac.es\/es\/wp-json\/wp\/v2\/pages\/2330\/revisions"}],"predecessor-version":[{"id":3309,"href":"https:\/\/www.seac.es\/es\/wp-json\/wp\/v2\/pages\/2330\/revisions\/3309"}],"up":[{"embeddable":true,"href":"https:\/\/www.seac.es\/es\/wp-json\/wp\/v2\/pages\/664"}],"wp:featuredmedia":[{"embeddable":true,"href":"https:\/\/www.seac.es\/es\/wp-json\/wp\/v2\/media\/2267"}],"wp:attachment":[{"href":"https:\/\/www.seac.es\/es\/wp-json\/wp\/v2\/media?parent=2330"}],"curies":[{"name":"wp","href":"https:\/\/api.w.org\/{rel}","templated":true}]}}