{"id":2296,"date":"2021-10-25T10:36:42","date_gmt":"2021-10-25T10:36:42","guid":{"rendered":"https:\/\/www.seac.es\/es\/?page_id=2296"},"modified":"2022-09-30T12:32:41","modified_gmt":"2022-09-30T12:32:41","slug":"radiological-custom-solutions","status":"publish","type":"page","link":"https:\/\/www.seac.es\/es\/sistemas\/soluciones-radiologicas\/radiological-custom-solutions\/","title":{"rendered":"Radiological custom solutions"},"content":{"rendered":"<div id=\"pl-2296\"  class=\"panel-layout\" ><div id=\"pg-2296-0\"  class=\"panel-grid panel-has-style\" ><div class=\"siteorigin-panels-stretch panel-row-style panel-row-style-for-2296-0\" data-stretch-type=\"full-stretched\" ><div id=\"pgc-2296-0-0\"  class=\"panel-grid-cell\" ><div id=\"panel-2296-0-0-0\" class=\"so-panel widget widget_sow-hero panel-first-child panel-last-child\" data-index=\"0\" ><div\n\t\t\t\n\t\t\tclass=\"so-widget-sow-hero so-widget-sow-hero-default-62309ec3fd34-2296\"\n\t\t\t\n\t\t><div class=\"sow-slider-base\" style=\"display: none\"><ul\n\t\t\t\t\tclass=\"sow-slider-images\"\n\t\t\t\t\tdata-settings=\"{&quot;pagination&quot;:true,&quot;speed&quot;:800,&quot;timeout&quot;:8000,&quot;paused&quot;:false,&quot;pause_on_hover&quot;:false,&quot;swipe&quot;:false,&quot;nav_always_show_desktop&quot;:&quot;&quot;,&quot;nav_always_show_mobile&quot;:&quot;&quot;,&quot;breakpoint&quot;:&quot;780px&quot;,&quot;unmute&quot;:false,&quot;anchor&quot;:null}\"\n\t\t\t\t\tstyle=\"min-height: 280px\"\t\t\t\t\tdata-anchor-id=\"\"\n\t\t\t\t>\t\t<li class=\"sow-slider-image  sow-slider-image-cover\" style=\"background-color: #333333;background-image: url(https:\/\/www.seac.es\/es\/wp-content\/uploads\/2021\/10\/Fot0475_091_cut.jpg)\" >\n\t\t\t\t\t<div class=\"sow-slider-image-container\">\n\t\t\t<div class=\"sow-slider-image-wrapper\">\n\t\t\t\t<h2 style=\"text-align: left\">Soluciones personalizadas<\/h2>\n<div class=\"sow-hero-buttons\" style=\"text-align: left\"><\/div>\t\t\t<\/div>\n\t\t<\/div>\n\t\t\t\t<\/li>\n\t\t<\/ul>\t\t\t\t<ol class=\"sow-slider-pagination\">\n\t\t\t\t\t\t\t\t\t\t\t<li><a href=\"#\" data-goto=\"0\" aria-label=\"mostrar diapositiva 1\"><\/a><\/li>\n\t\t\t\t\t\t\t\t\t<\/ol>\n\n\t\t\t\t<div class=\"sow-slide-nav sow-slide-nav-next\">\n\t\t\t\t\t<a href=\"#\" data-goto=\"next\" aria-label=\"diapositiva siguiente\" data-action=\"next\">\n\t\t\t\t\t\t<em class=\"sow-sld-icon-thin-right\"><\/em>\n\t\t\t\t\t<\/a>\n\t\t\t\t<\/div>\n\n\t\t\t\t<div class=\"sow-slide-nav sow-slide-nav-prev\">\n\t\t\t\t\t<a href=\"#\" data-goto=\"previous\" aria-label=\"diapositiva anterior\" data-action=\"prev\">\n\t\t\t\t\t\t<em class=\"sow-sld-icon-thin-left\"><\/em>\n\t\t\t\t\t<\/a>\n\t\t\t\t<\/div>\n\t\t\t\t<\/div><\/div><\/div><\/div><\/div><\/div><div id=\"pg-2296-1\"  class=\"panel-grid panel-no-style\" ><div id=\"pgc-2296-1-0\"  class=\"panel-grid-cell\" ><div id=\"panel-2296-1-0-0\" class=\"so-panel widget widget_sow-editor panel-first-child panel-last-child\" data-index=\"1\" ><div\n\t\t\t\n\t\t\tclass=\"so-widget-sow-editor so-widget-sow-editor-base\"\n\t\t\t\n\t\t>\n<div class=\"siteorigin-widget-tinymce textwidget\">\n\t<p>Nuestro objetivo es proporcionar a organismos supervisores, empresas integradores, cuerpos cient\u00edficos un partner tecnol\u00f3gico que ayude a dise\u00f1ar e implementar redes de detecci\u00f3n radiol\u00f3gica.<br \/>El dise\u00f1o se realiza de forma sencilla y proporcionamos toda la informaci\u00f3n para que nuestros socios lleven a cabo la implementaci\u00f3n de la red sin necesitar recursos de otras empresas.<br \/>El control de la red estar\u00e1 siempre en sus manos ya que nosotros proporcionamos \u00fanicamente las partes de las que no son expertos.<br \/>Las universidades, gobiernos regionales, etc. se pueden beneficiar y crear un ecosistema tecnol\u00f3gico en su entorno pr\u00f3ximo, no teniendo que recurrir siempre a empresas externas.<\/p>\n<\/div>\n<\/div><\/div><\/div><\/div><div id=\"pg-2296-2\"  class=\"panel-grid panel-no-style\" ><div id=\"pgc-2296-2-0\"  class=\"panel-grid-cell\" ><div id=\"panel-2296-2-0-0\" class=\"so-panel widget widget_sow-image panel-first-child panel-last-child\" data-index=\"2\" ><div\n\t\t\t\n\t\t\tclass=\"so-widget-sow-image so-widget-sow-image-default-d6014b76747a-2296\"\n\t\t\t\n\t\t>\n\n<div class=\"sow-image-container\">\n\t\t<img src=\"https:\/\/www.seac.es\/es\/wp-content\/uploads\/2021\/10\/design3-470x280.jpg\" width=\"470\" height=\"280\" sizes=\"(max-width: 470px) 100vw, 470px\" alt=\"\" loading=\"lazy\" \t\tclass=\"so-widget-image\"\/>\n\t<\/div>\n\n<\/div><\/div><\/div><div id=\"pgc-2296-2-1\"  class=\"panel-grid-cell\" ><div id=\"panel-2296-2-1-0\" class=\"so-panel widget widget_sow-editor panel-first-child panel-last-child\" data-index=\"3\" ><div\n\t\t\t\n\t\t\tclass=\"so-widget-sow-editor so-widget-sow-editor-base\"\n\t\t\t\n\t\t>\n<div class=\"siteorigin-widget-tinymce textwidget\">\n\t<h2>Implementa tu propia red con nuestros recursos<\/h2>\n<p>Con nuestra tecnolog\u00eda de sensores, usted puede desplegar su propia red de monitoreo utilizando su sistemas existentes, personal, empresas locales, universidades.<br \/>\nAyudamos a poner en marcha su propia red de monitoreo sin necesidad de recurrir a costosas licencias de proveedores. S\u00f3lo pague lo que necesite, y seguir\u00e1 generando valor a\u00f1adido.<br \/>\nLa versatilidad de los sistemas de comunicaciones (Ethernet, 4G, radio, etc.) permiten adaptar a sus necesidades el Sistema de monitoreo.<\/p>\n<\/div>\n<\/div><\/div><\/div><\/div><div id=\"pg-2296-3\"  class=\"panel-grid panel-no-style\" ><div id=\"pgc-2296-3-0\"  class=\"panel-grid-cell\" ><div id=\"panel-2296-3-0-0\" class=\"so-panel widget widget_sow-editor panel-first-child panel-last-child\" data-index=\"4\" ><div\n\t\t\t\n\t\t\tclass=\"so-widget-sow-editor so-widget-sow-editor-base\"\n\t\t\t\n\t\t>\n<div class=\"siteorigin-widget-tinymce textwidget\">\n\t<h2>Soluciones software<\/h2>\n<p>Proporcionamos c\u00f3digo Fuente de software de comunicaciones, gesti\u00f3n, an\u00e1lisis, \u2026 siendo la base del Sistema desarrollado por el cliente.<br \/>El uso del c\u00f3digo Fuente es libre de derechos.<br \/>Entre las diversas caracter\u00edsticas podemos citar:<br \/>\u2022 Comunicaciones con los sensores.<br \/>\u2022 Almacenamiento en base de datos<br \/>\u2022 Explotaci\u00f3n de la informaci\u00f3n en forma gr\u00e1fica<br \/>\u2022 An\u00e1lisis autom\u00e1tico<br \/>\u2022 Redundancia<br \/>\u2022 Generaci\u00f3n de alarmas<\/p>\n<\/div>\n<\/div><\/div><\/div><div id=\"pgc-2296-3-1\"  class=\"panel-grid-cell\" ><div id=\"panel-2296-3-1-0\" class=\"so-panel widget widget_sow-image panel-first-child panel-last-child\" data-index=\"5\" ><div\n\t\t\t\n\t\t\tclass=\"so-widget-sow-image so-widget-sow-image-default-d6014b76747a-2296\"\n\t\t\t\n\t\t>\n\n<div class=\"sow-image-container\">\n\t\t<img src=\"https:\/\/www.seac.es\/es\/wp-content\/uploads\/2021\/10\/soft1-470x280.png\" width=\"470\" height=\"280\" sizes=\"(max-width: 470px) 100vw, 470px\" alt=\"Sistemas monitorizaci\u00f3n radiol\u00f3gica seac\" loading=\"lazy\" \t\tclass=\"so-widget-image\"\/>\n\t<\/div>\n\n<\/div><\/div><\/div><\/div><div id=\"pg-2296-4\"  class=\"panel-grid panel-no-style\" ><div id=\"pgc-2296-4-0\"  class=\"panel-grid-cell\" ><div id=\"panel-2296-4-0-0\" class=\"so-panel widget widget_sow-image panel-first-child panel-last-child\" data-index=\"6\" ><div\n\t\t\t\n\t\t\tclass=\"so-widget-sow-image so-widget-sow-image-default-d6014b76747a-2296\"\n\t\t\t\n\t\t>\n\n<div class=\"sow-image-container\">\n\t\t<img src=\"https:\/\/www.seac.es\/es\/wp-content\/uploads\/2021\/10\/System3-470x269.png\" width=\"470\" height=\"269\" sizes=\"(max-width: 470px) 100vw, 470px\" alt=\"\" loading=\"lazy\" \t\tclass=\"so-widget-image\"\/>\n\t<\/div>\n\n<\/div><\/div><\/div><div id=\"pgc-2296-4-1\"  class=\"panel-grid-cell\" ><div id=\"panel-2296-4-1-0\" class=\"so-panel widget widget_sow-editor panel-first-child panel-last-child\" data-index=\"7\" ><div\n\t\t\t\n\t\t\tclass=\"so-widget-sow-editor so-widget-sow-editor-base\"\n\t\t\t\n\t\t>\n<div class=\"siteorigin-widget-tinymce textwidget\">\n\t<h2>Servicios de gesti\u00f3n<\/h2>\n<p>Adicionalmente, el cliente puede optar por delegar la gesti\u00f3n de la red de medida en nuestros sistemas, descargando el dise\u00f1o de la misma.<br \/>Disponemos de diversas opciones que se ajustan a las diversas necesidades.<\/p>\n<p>Alternativamente al uso de nuestros detectores est\u00e1ndar (sondas Argus) se pueden dise\u00f1ar en conjunto nuevos productos, garantizando el ciclo de vida de los mismos.<\/p>\n<p>Del mismo modo, todos los desarrollos software particulares pueden entrar en la l\u00ednea de mantenimiento de software.<br \/>Con estas premisas, nuestros clientes garantizan la continuidad de sus productos y sistemas.<\/p>\n<\/div>\n<\/div><\/div><\/div><\/div><\/div>","protected":false},"excerpt":{"rendered":"<p>Nuestro objetivo es proporcionar a organismos supervisores, empresas integradores, cuerpos cient\u00edficos un partner tecnol\u00f3gico que ayude a dise\u00f1ar e implementar redes de detecci\u00f3n radiol\u00f3gica.El dise\u00f1o<\/p>\n","protected":false},"author":1,"featured_media":0,"parent":2240,"menu_order":0,"comment_status":"closed","ping_status":"closed","template":"","meta":[],"yoast_head":"<!-- This site is optimized with the Yoast SEO plugin v19.2 - https:\/\/yoast.com\/wordpress\/plugins\/seo\/ -->\n<title>Radiological custom solutions - SEAC<\/title>\n<meta name=\"description\" content=\"Ayudamos a poner en marcha su propia red de monitoreo sin necesidad de costosas licencias. El control de la red estar\u00e1 siempre en sus manos.\" \/>\n<meta name=\"robots\" content=\"index, follow, max-snippet:-1, max-image-preview:large, max-video-preview:-1\" \/>\n<link rel=\"canonical\" href=\"https:\/\/www.seac.es\/es\/sistemas\/soluciones-radiologicas\/radiological-custom-solutions\/\" \/>\n<meta property=\"og:locale\" content=\"es_ES\" \/>\n<meta property=\"og:type\" content=\"article\" \/>\n<meta property=\"og:title\" content=\"Radiological custom solutions - SEAC\" \/>\n<meta property=\"og:description\" content=\"Ayudamos a poner en marcha su propia red de monitoreo sin necesidad de costosas licencias. El control de la red estar\u00e1 siempre en sus manos.\" \/>\n<meta property=\"og:url\" content=\"https:\/\/www.seac.es\/es\/sistemas\/soluciones-radiologicas\/radiological-custom-solutions\/\" \/>\n<meta property=\"og:site_name\" content=\"SEAC\" \/>\n<meta property=\"article:modified_time\" content=\"2022-09-30T12:32:41+00:00\" \/>\n<meta name=\"author\" content=\"adminblogseac\" \/>\n<meta name=\"twitter:card\" content=\"summary_large_image\" \/>\n<meta name=\"twitter:label1\" content=\"Tiempo de lectura\" \/>\n\t<meta name=\"twitter:data1\" content=\"2 minutos\" \/>\n<script type=\"application\/ld+json\" class=\"yoast-schema-graph\">{\"@context\":\"https:\/\/schema.org\",\"@graph\":[{\"@type\":\"Organization\",\"@id\":\"https:\/\/www.seac.es\/es\/#organization\",\"name\":\"SEAC S.A.\",\"url\":\"https:\/\/www.seac.es\/es\/\",\"sameAs\":[],\"logo\":{\"@type\":\"ImageObject\",\"inLanguage\":\"es\",\"@id\":\"https:\/\/www.seac.es\/es\/#\/schema\/logo\/image\/\",\"url\":\"https:\/\/www.seac.es\/es\/wp-content\/uploads\/2017\/08\/logoSEAC240x105.png\",\"contentUrl\":\"https:\/\/www.seac.es\/es\/wp-content\/uploads\/2017\/08\/logoSEAC240x105.png\",\"width\":240,\"height\":105,\"caption\":\"SEAC S.A.\"},\"image\":{\"@id\":\"https:\/\/www.seac.es\/es\/#\/schema\/logo\/image\/\"}},{\"@type\":\"WebSite\",\"@id\":\"https:\/\/www.seac.es\/es\/#website\",\"url\":\"https:\/\/www.seac.es\/es\/\",\"name\":\"SEAC\",\"description\":\"Meteorolog\u00eda y equipos de medida\",\"publisher\":{\"@id\":\"https:\/\/www.seac.es\/es\/#organization\"},\"potentialAction\":[{\"@type\":\"SearchAction\",\"target\":{\"@type\":\"EntryPoint\",\"urlTemplate\":\"https:\/\/www.seac.es\/es\/?s={search_term_string}\"},\"query-input\":\"required name=search_term_string\"}],\"inLanguage\":\"es\"},{\"@type\":\"WebPage\",\"@id\":\"https:\/\/www.seac.es\/es\/sistemas\/soluciones-radiologicas\/radiological-custom-solutions\/#webpage\",\"url\":\"https:\/\/www.seac.es\/es\/sistemas\/soluciones-radiologicas\/radiological-custom-solutions\/\",\"name\":\"Radiological custom solutions - SEAC\",\"isPartOf\":{\"@id\":\"https:\/\/www.seac.es\/es\/#website\"},\"datePublished\":\"2021-10-25T10:36:42+00:00\",\"dateModified\":\"2022-09-30T12:32:41+00:00\",\"description\":\"Ayudamos a poner en marcha su propia red de monitoreo sin necesidad de costosas licencias. El control de la red estar\u00e1 siempre en sus manos.\",\"breadcrumb\":{\"@id\":\"https:\/\/www.seac.es\/es\/sistemas\/soluciones-radiologicas\/radiological-custom-solutions\/#breadcrumb\"},\"inLanguage\":\"es\",\"potentialAction\":[{\"@type\":\"ReadAction\",\"target\":[\"https:\/\/www.seac.es\/es\/sistemas\/soluciones-radiologicas\/radiological-custom-solutions\/\"]}]},{\"@type\":\"BreadcrumbList\",\"@id\":\"https:\/\/www.seac.es\/es\/sistemas\/soluciones-radiologicas\/radiological-custom-solutions\/#breadcrumb\",\"itemListElement\":[{\"@type\":\"ListItem\",\"position\":1,\"name\":\"Portada\",\"item\":\"https:\/\/www.seac.es\/es\/\"},{\"@type\":\"ListItem\",\"position\":2,\"name\":\"Sistemas\",\"item\":\"https:\/\/www.seac.es\/es\/sistemas\/\"},{\"@type\":\"ListItem\",\"position\":3,\"name\":\"Soluciones radiol\u00f3gicas\",\"item\":\"https:\/\/www.seac.es\/es\/sistemas\/soluciones-radiologicas\/\"},{\"@type\":\"ListItem\",\"position\":4,\"name\":\"Radiological custom solutions\"}]}]}<\/script>\n<!-- \/ Yoast SEO plugin. -->","yoast_head_json":{"title":"Radiological custom solutions - SEAC","description":"Ayudamos a poner en marcha su propia red de monitoreo sin necesidad de costosas licencias. El control de la red estar\u00e1 siempre en sus manos.","robots":{"index":"index","follow":"follow","max-snippet":"max-snippet:-1","max-image-preview":"max-image-preview:large","max-video-preview":"max-video-preview:-1"},"canonical":"https:\/\/www.seac.es\/es\/sistemas\/soluciones-radiologicas\/radiological-custom-solutions\/","og_locale":"es_ES","og_type":"article","og_title":"Radiological custom solutions - SEAC","og_description":"Ayudamos a poner en marcha su propia red de monitoreo sin necesidad de costosas licencias. El control de la red estar\u00e1 siempre en sus manos.","og_url":"https:\/\/www.seac.es\/es\/sistemas\/soluciones-radiologicas\/radiological-custom-solutions\/","og_site_name":"SEAC","article_modified_time":"2022-09-30T12:32:41+00:00","author":"adminblogseac","twitter_card":"summary_large_image","twitter_misc":{"Tiempo de lectura":"2 minutos"},"schema":{"@context":"https:\/\/schema.org","@graph":[{"@type":"Organization","@id":"https:\/\/www.seac.es\/es\/#organization","name":"SEAC S.A.","url":"https:\/\/www.seac.es\/es\/","sameAs":[],"logo":{"@type":"ImageObject","inLanguage":"es","@id":"https:\/\/www.seac.es\/es\/#\/schema\/logo\/image\/","url":"https:\/\/www.seac.es\/es\/wp-content\/uploads\/2017\/08\/logoSEAC240x105.png","contentUrl":"https:\/\/www.seac.es\/es\/wp-content\/uploads\/2017\/08\/logoSEAC240x105.png","width":240,"height":105,"caption":"SEAC S.A."},"image":{"@id":"https:\/\/www.seac.es\/es\/#\/schema\/logo\/image\/"}},{"@type":"WebSite","@id":"https:\/\/www.seac.es\/es\/#website","url":"https:\/\/www.seac.es\/es\/","name":"SEAC","description":"Meteorolog\u00eda y equipos de medida","publisher":{"@id":"https:\/\/www.seac.es\/es\/#organization"},"potentialAction":[{"@type":"SearchAction","target":{"@type":"EntryPoint","urlTemplate":"https:\/\/www.seac.es\/es\/?s={search_term_string}"},"query-input":"required name=search_term_string"}],"inLanguage":"es"},{"@type":"WebPage","@id":"https:\/\/www.seac.es\/es\/sistemas\/soluciones-radiologicas\/radiological-custom-solutions\/#webpage","url":"https:\/\/www.seac.es\/es\/sistemas\/soluciones-radiologicas\/radiological-custom-solutions\/","name":"Radiological custom solutions - SEAC","isPartOf":{"@id":"https:\/\/www.seac.es\/es\/#website"},"datePublished":"2021-10-25T10:36:42+00:00","dateModified":"2022-09-30T12:32:41+00:00","description":"Ayudamos a poner en marcha su propia red de monitoreo sin necesidad de costosas licencias. El control de la red estar\u00e1 siempre en sus manos.","breadcrumb":{"@id":"https:\/\/www.seac.es\/es\/sistemas\/soluciones-radiologicas\/radiological-custom-solutions\/#breadcrumb"},"inLanguage":"es","potentialAction":[{"@type":"ReadAction","target":["https:\/\/www.seac.es\/es\/sistemas\/soluciones-radiologicas\/radiological-custom-solutions\/"]}]},{"@type":"BreadcrumbList","@id":"https:\/\/www.seac.es\/es\/sistemas\/soluciones-radiologicas\/radiological-custom-solutions\/#breadcrumb","itemListElement":[{"@type":"ListItem","position":1,"name":"Portada","item":"https:\/\/www.seac.es\/es\/"},{"@type":"ListItem","position":2,"name":"Sistemas","item":"https:\/\/www.seac.es\/es\/sistemas\/"},{"@type":"ListItem","position":3,"name":"Soluciones radiol\u00f3gicas","item":"https:\/\/www.seac.es\/es\/sistemas\/soluciones-radiologicas\/"},{"@type":"ListItem","position":4,"name":"Radiological custom solutions"}]}]}},"_links":{"self":[{"href":"https:\/\/www.seac.es\/es\/wp-json\/wp\/v2\/pages\/2296"}],"collection":[{"href":"https:\/\/www.seac.es\/es\/wp-json\/wp\/v2\/pages"}],"about":[{"href":"https:\/\/www.seac.es\/es\/wp-json\/wp\/v2\/types\/page"}],"author":[{"embeddable":true,"href":"https:\/\/www.seac.es\/es\/wp-json\/wp\/v2\/users\/1"}],"replies":[{"embeddable":true,"href":"https:\/\/www.seac.es\/es\/wp-json\/wp\/v2\/comments?post=2296"}],"version-history":[{"count":26,"href":"https:\/\/www.seac.es\/es\/wp-json\/wp\/v2\/pages\/2296\/revisions"}],"predecessor-version":[{"id":3696,"href":"https:\/\/www.seac.es\/es\/wp-json\/wp\/v2\/pages\/2296\/revisions\/3696"}],"up":[{"embeddable":true,"href":"https:\/\/www.seac.es\/es\/wp-json\/wp\/v2\/pages\/2240"}],"wp:attachment":[{"href":"https:\/\/www.seac.es\/es\/wp-json\/wp\/v2\/media?parent=2296"}],"curies":[{"name":"wp","href":"https:\/\/api.w.org\/{rel}","templated":true}]}}