{"id":2279,"date":"2021-10-25T10:08:39","date_gmt":"2021-10-25T10:08:39","guid":{"rendered":"https:\/\/www.seac.es\/es\/?page_id=2279"},"modified":"2022-07-22T08:40:25","modified_gmt":"2022-07-22T08:40:25","slug":"multichannel-analyzers","status":"publish","type":"page","link":"https:\/\/www.seac.es\/es\/sistemas\/soluciones-radiologicas\/equipos-radiologia\/multichannel-analyzers\/","title":{"rendered":"Multichannel analyzers"},"content":{"rendered":"<div id=\"pl-2279\"  class=\"panel-layout\" ><div id=\"pg-2279-0\"  class=\"panel-grid panel-has-style\" ><div class=\"siteorigin-panels-stretch panel-row-style panel-row-style-for-2279-0\" data-stretch-type=\"full-stretched\" ><div id=\"pgc-2279-0-0\"  class=\"panel-grid-cell\" ><div id=\"panel-2279-0-0-0\" class=\"so-panel widget widget_sow-hero panel-first-child panel-last-child\" data-index=\"0\" ><div\n\t\t\t\n\t\t\tclass=\"so-widget-sow-hero so-widget-sow-hero-default-62309ec3fd34-2279\"\n\t\t\t\n\t\t><div class=\"sow-slider-base\" style=\"display: none\"><ul\n\t\t\t\t\tclass=\"sow-slider-images\"\n\t\t\t\t\tdata-settings=\"{&quot;pagination&quot;:true,&quot;speed&quot;:800,&quot;timeout&quot;:8000,&quot;paused&quot;:false,&quot;pause_on_hover&quot;:false,&quot;swipe&quot;:false,&quot;nav_always_show_desktop&quot;:&quot;&quot;,&quot;nav_always_show_mobile&quot;:&quot;&quot;,&quot;breakpoint&quot;:&quot;780px&quot;,&quot;unmute&quot;:false,&quot;anchor&quot;:null}\"\n\t\t\t\t\tstyle=\"min-height: 280px\"\t\t\t\t\tdata-anchor-id=\"\"\n\t\t\t\t>\t\t<li class=\"sow-slider-image  sow-slider-image-cover\" style=\"background-color: #333333;background-image: url(https:\/\/www.seac.es\/es\/wp-content\/uploads\/2021\/10\/MCAs.png)\" >\n\t\t\t\t\t<div class=\"sow-slider-image-container\">\n\t\t\t<div class=\"sow-slider-image-wrapper\">\n\t\t\t\t<h2 style=\"text-align: left\">Multichannel Analyzer<\/h2>\n<div class=\"sow-hero-buttons\" style=\"text-align: left\"><\/div>\t\t\t<\/div>\n\t\t<\/div>\n\t\t\t\t<\/li>\n\t\t<\/ul>\t\t\t\t<ol class=\"sow-slider-pagination\">\n\t\t\t\t\t\t\t\t\t\t\t<li><a href=\"#\" data-goto=\"0\" aria-label=\"mostrar diapositiva 1\"><\/a><\/li>\n\t\t\t\t\t\t\t\t\t<\/ol>\n\n\t\t\t\t<div class=\"sow-slide-nav sow-slide-nav-next\">\n\t\t\t\t\t<a href=\"#\" data-goto=\"next\" aria-label=\"diapositiva siguiente\" data-action=\"next\">\n\t\t\t\t\t\t<em class=\"sow-sld-icon-thin-right\"><\/em>\n\t\t\t\t\t<\/a>\n\t\t\t\t<\/div>\n\n\t\t\t\t<div class=\"sow-slide-nav sow-slide-nav-prev\">\n\t\t\t\t\t<a href=\"#\" data-goto=\"previous\" aria-label=\"diapositiva anterior\" data-action=\"prev\">\n\t\t\t\t\t\t<em class=\"sow-sld-icon-thin-left\"><\/em>\n\t\t\t\t\t<\/a>\n\t\t\t\t<\/div>\n\t\t\t\t<\/div><\/div><\/div><\/div><\/div><\/div><div id=\"pg-2279-1\"  class=\"panel-grid panel-has-style\" ><div class=\"siteorigin-panels-stretch panel-row-style panel-row-style-for-2279-1\" data-stretch-type=\"full\" ><div id=\"pgc-2279-1-0\"  class=\"panel-grid-cell\" ><div id=\"panel-2279-1-0-0\" class=\"so-panel widget widget_sow-headline panel-first-child\" data-index=\"1\" ><div\n\t\t\t\n\t\t\tclass=\"so-widget-sow-headline so-widget-sow-headline-default-ad6310e5dc19-2279\"\n\t\t\t\n\t\t><div class=\"sow-headline-container \">\n\t<h3 class='sow-sub-headline'>MCAs para desarrollo de equipos OEM<\/h3><\/div><\/div><\/div><div id=\"panel-2279-1-0-1\" class=\"so-panel widget widget_sow-editor panel-last-child\" data-index=\"2\" ><div\n\t\t\t\n\t\t\tclass=\"so-widget-sow-editor so-widget-sow-editor-base\"\n\t\t\t\n\t\t>\n<div class=\"siteorigin-widget-tinymce textwidget\">\n\t<p>SEAC distribuye y proporciona asistencia t\u00e9cnica para la integraci\u00f3n de MCAs de nuestro partner <strong><a href=\"http:\/\/www.bridgeportinstruments.com\">Bridgeport Instruments<\/a><\/strong>.<\/p>\n<p>El abanico de MCAs se muestra a continuaci\u00f3n. Para la seleci\u00f3n del modelo id\u00f3neo para cada necesidad se puede consultar la <a href=\"https:\/\/www.bridgeportinstruments.com\/products\/images\/MCA_Selection_Guide.pdf\" target=\"_blank\" rel=\"noopener\">Gu\u00eda de selecci\u00f3n de MCA<\/a>.<\/p>\n<p>A continuaci\u00f3n se muestran los diversos modelos.<\/p>\n<\/div>\n<\/div><\/div><\/div><\/div><\/div><div id=\"pg-2279-2\"  class=\"panel-grid panel-no-style\" ><div id=\"pgc-2279-2-0\"  class=\"panel-grid-cell\" ><div id=\"panel-2279-2-0-0\" class=\"so-panel widget widget_sow-image panel-first-child panel-last-child\" data-index=\"3\" ><div\n\t\t\t\n\t\t\tclass=\"so-widget-sow-image so-widget-sow-image-default-d6014b76747a-2279\"\n\t\t\t\n\t\t>\n\n<div class=\"sow-image-container\">\n\t\t<img src=\"https:\/\/www.seac.es\/es\/wp-content\/uploads\/2021\/10\/sipm_counter_logo-278x300.png\" width=\"278\" height=\"300\" srcset=\"https:\/\/www.seac.es\/es\/wp-content\/uploads\/2021\/10\/sipm_counter_logo-278x300.png 278w, https:\/\/www.seac.es\/es\/wp-content\/uploads\/2021\/10\/sipm_counter_logo-22x24.png 22w, https:\/\/www.seac.es\/es\/wp-content\/uploads\/2021\/10\/sipm_counter_logo-33x36.png 33w, https:\/\/www.seac.es\/es\/wp-content\/uploads\/2021\/10\/sipm_counter_logo-45x48.png 45w, https:\/\/www.seac.es\/es\/wp-content\/uploads\/2021\/10\/sipm_counter_logo.png 649w\" sizes=\"(max-width: 278px) 100vw, 278px\" alt=\"\" loading=\"lazy\" \t\tclass=\"so-widget-image\"\/>\n\t<\/div>\n\n<\/div><\/div><\/div><div id=\"pgc-2279-2-1\"  class=\"panel-grid-cell\" ><div id=\"panel-2279-2-1-0\" class=\"so-panel widget widget_sow-editor panel-first-child panel-last-child\" data-index=\"4\" ><div\n\t\t\t\n\t\t\tclass=\"so-widget-sow-editor so-widget-sow-editor-base\"\n\t\t\t\n\t\t>\n<div class=\"siteorigin-widget-tinymce textwidget\">\n\t<h2><a href=\"https:\/\/www.bridgeportinstruments.com\/products\/sipm\/sipm_counter\/sipm_counter_flyer.pdf\" target=\"_blank\" rel=\"noopener\">SiPM-Counter<\/a><\/h2>\n<p>The SiPM-Counter is ideal for applications where the developer would like to migrate from a simple counter to an IoT-ready device with many built-in capabilities \u2013 while retaining the simplicity of just having a plain counter<\/p>\n<\/div>\n<\/div><\/div><\/div><\/div><div id=\"pg-2279-3\"  class=\"panel-grid panel-no-style\" ><div id=\"pgc-2279-3-0\"  class=\"panel-grid-cell\" ><div id=\"panel-2279-3-0-0\" class=\"so-panel widget widget_sow-image panel-first-child panel-last-child\" data-index=\"5\" ><div\n\t\t\t\n\t\t\tclass=\"so-widget-sow-image so-widget-sow-image-default-d6014b76747a-2279\"\n\t\t\t\n\t\t>\n\n<div class=\"sow-image-container\">\n\t\t<img src=\"https:\/\/www.seac.es\/es\/wp-content\/uploads\/2021\/10\/sipm1k_detector-153x300.png\" width=\"153\" height=\"300\" srcset=\"https:\/\/www.seac.es\/es\/wp-content\/uploads\/2021\/10\/sipm1k_detector-153x300.png 153w, https:\/\/www.seac.es\/es\/wp-content\/uploads\/2021\/10\/sipm1k_detector-12x24.png 12w, https:\/\/www.seac.es\/es\/wp-content\/uploads\/2021\/10\/sipm1k_detector-18x36.png 18w, https:\/\/www.seac.es\/es\/wp-content\/uploads\/2021\/10\/sipm1k_detector-24x48.png 24w, https:\/\/www.seac.es\/es\/wp-content\/uploads\/2021\/10\/sipm1k_detector.png 367w\" sizes=\"(max-width: 153px) 100vw, 153px\" alt=\"\" loading=\"lazy\" \t\tclass=\"so-widget-image\"\/>\n\t<\/div>\n\n<\/div><\/div><\/div><div id=\"pgc-2279-3-1\"  class=\"panel-grid-cell\" ><div id=\"panel-2279-3-1-0\" class=\"so-panel widget widget_sow-editor panel-first-child panel-last-child\" data-index=\"6\" ><div\n\t\t\t\n\t\t\tclass=\"so-widget-sow-editor so-widget-sow-editor-base\"\n\t\t\t\n\t\t>\n<div class=\"siteorigin-widget-tinymce textwidget\">\n\t<h2><a href=\"https:\/\/www.bridgeportinstruments.com\/products\/sipm\/sipm1k\/sipm1k_flyer.pdf\" target=\"_blank\" rel=\"noopener\">SiPM 1000<\/a><\/h2>\n<p>MCA with SiPM voltage supply and embedded 32-bit ARM M0+ processor, providing many built-in functions. Shown with housing for 38mm scintillator.<\/p>\n<\/div>\n<\/div><\/div><\/div><\/div><div id=\"pg-2279-4\"  class=\"panel-grid panel-no-style\" ><div id=\"pgc-2279-4-0\"  class=\"panel-grid-cell\" ><div id=\"panel-2279-4-0-0\" class=\"so-panel widget widget_sow-image panel-first-child panel-last-child\" data-index=\"7\" ><div\n\t\t\t\n\t\t\tclass=\"so-widget-sow-image so-widget-sow-image-default-d6014b76747a-2279\"\n\t\t\t\n\t\t>\n\n<div class=\"sow-image-container\">\n\t\t<img src=\"https:\/\/www.seac.es\/es\/wp-content\/uploads\/2021\/10\/sipm3k_detector-1-147x300.png\" width=\"147\" height=\"300\" srcset=\"https:\/\/www.seac.es\/es\/wp-content\/uploads\/2021\/10\/sipm3k_detector-1-147x300.png 147w, https:\/\/www.seac.es\/es\/wp-content\/uploads\/2021\/10\/sipm3k_detector-1-12x24.png 12w, https:\/\/www.seac.es\/es\/wp-content\/uploads\/2021\/10\/sipm3k_detector-1-18x36.png 18w, https:\/\/www.seac.es\/es\/wp-content\/uploads\/2021\/10\/sipm3k_detector-1-23x48.png 23w, https:\/\/www.seac.es\/es\/wp-content\/uploads\/2021\/10\/sipm3k_detector-1.png 357w\" sizes=\"(max-width: 147px) 100vw, 147px\" title=\"sipm3k_detector\" alt=\"\" loading=\"lazy\" \t\tclass=\"so-widget-image\"\/>\n\t<\/div>\n\n<\/div><\/div><\/div><div id=\"pgc-2279-4-1\"  class=\"panel-grid-cell\" ><div id=\"panel-2279-4-1-0\" class=\"so-panel widget widget_sow-editor panel-first-child panel-last-child\" data-index=\"8\" ><div\n\t\t\t\n\t\t\tclass=\"so-widget-sow-editor so-widget-sow-editor-base\"\n\t\t\t\n\t\t>\n<div class=\"siteorigin-widget-tinymce textwidget\">\n\t<h2><a href=\"https:\/\/www.bridgeportinstruments.com\/products\/sipm\/sipm3k\/sipm3k_flyer.pdf\" target=\"_blank\" rel=\"noopener\">SiPM 3000<\/a><\/h2>\n<p>FPGA-based, high-speed MCA with SiPM voltage supply and embedded 32-bit ARM M0+ processor. Shown with housing for 50mm scintillator.<\/p>\n<\/div>\n<\/div><\/div><\/div><\/div><div id=\"pg-2279-5\"  class=\"panel-grid panel-no-style\" ><div id=\"pgc-2279-5-0\"  class=\"panel-grid-cell\" ><div id=\"panel-2279-5-0-0\" class=\"so-panel widget widget_sow-image panel-first-child panel-last-child\" data-index=\"9\" ><div\n\t\t\t\n\t\t\tclass=\"so-widget-sow-image so-widget-sow-image-default-d6014b76747a-2279\"\n\t\t\t\n\t\t>\n\n<div class=\"sow-image-container\">\n\t\t<img src=\"https:\/\/www.seac.es\/es\/wp-content\/uploads\/2021\/10\/pmt1k_logo-225x300.png\" width=\"225\" height=\"300\" srcset=\"https:\/\/www.seac.es\/es\/wp-content\/uploads\/2021\/10\/pmt1k_logo-225x300.png 225w, https:\/\/www.seac.es\/es\/wp-content\/uploads\/2021\/10\/pmt1k_logo-18x24.png 18w, https:\/\/www.seac.es\/es\/wp-content\/uploads\/2021\/10\/pmt1k_logo-27x36.png 27w, https:\/\/www.seac.es\/es\/wp-content\/uploads\/2021\/10\/pmt1k_logo-36x48.png 36w, https:\/\/www.seac.es\/es\/wp-content\/uploads\/2021\/10\/pmt1k_logo.png 519w\" sizes=\"(max-width: 225px) 100vw, 225px\" alt=\"\" loading=\"lazy\" \t\tclass=\"so-widget-image\"\/>\n\t<\/div>\n\n<\/div><\/div><\/div><div id=\"pgc-2279-5-1\"  class=\"panel-grid-cell\" ><div id=\"panel-2279-5-1-0\" class=\"so-panel widget widget_sow-editor panel-first-child panel-last-child\" data-index=\"10\" ><div\n\t\t\t\n\t\t\tclass=\"so-widget-sow-editor so-widget-sow-editor-base\"\n\t\t\t\n\t\t>\n<div class=\"siteorigin-widget-tinymce textwidget\">\n\t<h2><a href=\"https:\/\/www.bridgeportinstruments.com\/products\/pmt\/pmt1k\/pmt1k_flyer.pdf\" target=\"_blank\" rel=\"noopener\">PMT 1000<\/a><\/h2>\n<p>MCA for PMT with high voltage supply and embedded 32-bit ARM M0+ processor, providing many built-in functions.<\/p>\n<\/div>\n<\/div><\/div><\/div><\/div><div id=\"pg-2279-6\"  class=\"panel-grid panel-no-style\" ><div id=\"pgc-2279-6-0\"  class=\"panel-grid-cell\" ><div id=\"panel-2279-6-0-0\" class=\"so-panel widget widget_sow-image panel-first-child panel-last-child\" data-index=\"11\" ><div\n\t\t\t\n\t\t\tclass=\"so-widget-sow-image so-widget-sow-image-default-d6014b76747a-2279\"\n\t\t\t\n\t\t>\n\n<div class=\"sow-image-container\">\n\t\t<img src=\"https:\/\/www.seac.es\/es\/wp-content\/uploads\/2021\/10\/pmt3k_logo-190x300.png\" width=\"190\" height=\"300\" srcset=\"https:\/\/www.seac.es\/es\/wp-content\/uploads\/2021\/10\/pmt3k_logo-190x300.png 190w, https:\/\/www.seac.es\/es\/wp-content\/uploads\/2021\/10\/pmt3k_logo-15x24.png 15w, https:\/\/www.seac.es\/es\/wp-content\/uploads\/2021\/10\/pmt3k_logo-23x36.png 23w, https:\/\/www.seac.es\/es\/wp-content\/uploads\/2021\/10\/pmt3k_logo-30x48.png 30w, https:\/\/www.seac.es\/es\/wp-content\/uploads\/2021\/10\/pmt3k_logo.png 446w\" sizes=\"(max-width: 190px) 100vw, 190px\" alt=\"\" loading=\"lazy\" \t\tclass=\"so-widget-image\"\/>\n\t<\/div>\n\n<\/div><\/div><\/div><div id=\"pgc-2279-6-1\"  class=\"panel-grid-cell\" ><div id=\"panel-2279-6-1-0\" class=\"so-panel widget widget_sow-editor panel-first-child panel-last-child\" data-index=\"12\" ><div\n\t\t\t\n\t\t\tclass=\"so-widget-sow-editor so-widget-sow-editor-base\"\n\t\t\t\n\t\t>\n<div class=\"siteorigin-widget-tinymce textwidget\">\n\t<h2><a href=\"https:\/\/www.bridgeportinstruments.com\/products\/pmt\/pmt3k\/pmt3k_flyer.pdf\" target=\"_blank\" rel=\"noopener\">PMT 3000<\/a><\/h2>\n<p>FPGA-based high-speed MCA for PMT with high voltage supply and embedded 32-bit ARM M0+ processor<\/p>\n<\/div>\n<\/div><\/div><\/div><\/div><div id=\"pg-2279-7\"  class=\"panel-grid panel-no-style\" ><div id=\"pgc-2279-7-0\"  class=\"panel-grid-cell\" ><div id=\"panel-2279-7-0-0\" class=\"so-panel widget widget_sow-image panel-first-child panel-last-child\" data-index=\"13\" ><div\n\t\t\t\n\t\t\tclass=\"so-widget-sow-image so-widget-sow-image-default-d6014b76747a-2279\"\n\t\t\t\n\t\t>\n\n<div class=\"sow-image-container\">\n\t\t<img src=\"https:\/\/www.seac.es\/es\/wp-content\/uploads\/2021\/10\/usb_oem_base-300x206.png\" width=\"300\" height=\"206\" srcset=\"https:\/\/www.seac.es\/es\/wp-content\/uploads\/2021\/10\/usb_oem_base-300x206.png 300w, https:\/\/www.seac.es\/es\/wp-content\/uploads\/2021\/10\/usb_oem_base-24x16.png 24w, https:\/\/www.seac.es\/es\/wp-content\/uploads\/2021\/10\/usb_oem_base-36x25.png 36w, https:\/\/www.seac.es\/es\/wp-content\/uploads\/2021\/10\/usb_oem_base-48x33.png 48w, https:\/\/www.seac.es\/es\/wp-content\/uploads\/2021\/10\/usb_oem_base.png 706w\" sizes=\"(max-width: 300px) 100vw, 300px\" alt=\"\" loading=\"lazy\" \t\tclass=\"so-widget-image\"\/>\n\t<\/div>\n\n<\/div><\/div><\/div><div id=\"pgc-2279-7-1\"  class=\"panel-grid-cell\" ><div id=\"panel-2279-7-1-0\" class=\"so-panel widget widget_sow-editor panel-first-child panel-last-child\" data-index=\"14\" ><div\n\t\t\t\n\t\t\tclass=\"so-widget-sow-editor so-widget-sow-editor-base\"\n\t\t\t\n\t\t>\n<div class=\"siteorigin-widget-tinymce textwidget\">\n\t<h2><a href=\"https:\/\/www.bridgeportinstruments.com\/products\/pmt\/emorpho\/emorpho_brief_u11.pdf\" target=\"_blank\" rel=\"noopener\">usbBase<\/a><\/h2>\n<p>usbBase on the left with sealed connectors for USB and GPIO. The oemBase\u00a0at the right is sealed as well, but exposes pin headers for all I\/O functions.<\/p>\n<\/div>\n<\/div><\/div><\/div><\/div><\/div>","protected":false},"excerpt":{"rendered":"<p>SEAC distribuye y proporciona asistencia t\u00e9cnica para la integraci\u00f3n de MCAs de nuestro partner Bridgeport Instruments. El abanico de MCAs se muestra a continuaci\u00f3n. Para<\/p>\n","protected":false},"author":1,"featured_media":2280,"parent":2272,"menu_order":0,"comment_status":"closed","ping_status":"closed","template":"","meta":[],"yoast_head":"<!-- This site is optimized with the Yoast SEO plugin v19.2 - https:\/\/yoast.com\/wordpress\/plugins\/seo\/ -->\n<title>Multichannel analyzers - SEAC<\/title>\n<meta name=\"description\" content=\"SEAC distribuye y proporciona asistencia t\u00e9cnica para la integraci\u00f3n de MCAs de nuestro partner Bridgeport Instruments.\" \/>\n<meta name=\"robots\" content=\"index, follow, max-snippet:-1, max-image-preview:large, max-video-preview:-1\" \/>\n<link rel=\"canonical\" href=\"https:\/\/www.seac.es\/es\/sistemas\/soluciones-radiologicas\/equipos-radiologia\/multichannel-analyzers\/\" \/>\n<meta property=\"og:locale\" content=\"es_ES\" \/>\n<meta property=\"og:type\" content=\"article\" \/>\n<meta property=\"og:title\" content=\"Multichannel analyzers - SEAC\" \/>\n<meta property=\"og:description\" content=\"SEAC distribuye y proporciona asistencia t\u00e9cnica para la integraci\u00f3n de MCAs de nuestro partner Bridgeport Instruments.\" \/>\n<meta property=\"og:url\" content=\"https:\/\/www.seac.es\/es\/sistemas\/soluciones-radiologicas\/equipos-radiologia\/multichannel-analyzers\/\" \/>\n<meta property=\"og:site_name\" content=\"SEAC\" \/>\n<meta property=\"article:modified_time\" content=\"2022-07-22T08:40:25+00:00\" \/>\n<meta property=\"og:image\" content=\"https:\/\/www.seac.es\/es\/wp-content\/uploads\/2021\/10\/MCAs.png\" \/>\n\t<meta property=\"og:image:width\" content=\"2336\" \/>\n\t<meta property=\"og:image:height\" content=\"439\" \/>\n\t<meta property=\"og:image:type\" content=\"image\/png\" \/>\n<meta name=\"author\" content=\"adminblogseac\" \/>\n<meta name=\"twitter:card\" content=\"summary_large_image\" \/>\n<meta name=\"twitter:label1\" content=\"Tiempo de lectura\" \/>\n\t<meta name=\"twitter:data1\" content=\"1 minuto\" \/>\n<script type=\"application\/ld+json\" class=\"yoast-schema-graph\">{\"@context\":\"https:\/\/schema.org\",\"@graph\":[{\"@type\":\"Organization\",\"@id\":\"https:\/\/www.seac.es\/es\/#organization\",\"name\":\"SEAC S.A.\",\"url\":\"https:\/\/www.seac.es\/es\/\",\"sameAs\":[],\"logo\":{\"@type\":\"ImageObject\",\"inLanguage\":\"es\",\"@id\":\"https:\/\/www.seac.es\/es\/#\/schema\/logo\/image\/\",\"url\":\"https:\/\/www.seac.es\/es\/wp-content\/uploads\/2017\/08\/logoSEAC240x105.png\",\"contentUrl\":\"https:\/\/www.seac.es\/es\/wp-content\/uploads\/2017\/08\/logoSEAC240x105.png\",\"width\":240,\"height\":105,\"caption\":\"SEAC S.A.\"},\"image\":{\"@id\":\"https:\/\/www.seac.es\/es\/#\/schema\/logo\/image\/\"}},{\"@type\":\"WebSite\",\"@id\":\"https:\/\/www.seac.es\/es\/#website\",\"url\":\"https:\/\/www.seac.es\/es\/\",\"name\":\"SEAC\",\"description\":\"Meteorolog\u00eda y equipos de medida\",\"publisher\":{\"@id\":\"https:\/\/www.seac.es\/es\/#organization\"},\"potentialAction\":[{\"@type\":\"SearchAction\",\"target\":{\"@type\":\"EntryPoint\",\"urlTemplate\":\"https:\/\/www.seac.es\/es\/?s={search_term_string}\"},\"query-input\":\"required name=search_term_string\"}],\"inLanguage\":\"es\"},{\"@type\":\"ImageObject\",\"inLanguage\":\"es\",\"@id\":\"https:\/\/www.seac.es\/es\/sistemas\/soluciones-radiologicas\/equipos-radiologia\/multichannel-analyzers\/#primaryimage\",\"url\":\"https:\/\/www.seac.es\/es\/wp-content\/uploads\/2021\/10\/MCAs.png\",\"contentUrl\":\"https:\/\/www.seac.es\/es\/wp-content\/uploads\/2021\/10\/MCAs.png\",\"width\":2336,\"height\":439,\"caption\":\"MCAs multichannel analyzers seac\"},{\"@type\":\"WebPage\",\"@id\":\"https:\/\/www.seac.es\/es\/sistemas\/soluciones-radiologicas\/equipos-radiologia\/multichannel-analyzers\/#webpage\",\"url\":\"https:\/\/www.seac.es\/es\/sistemas\/soluciones-radiologicas\/equipos-radiologia\/multichannel-analyzers\/\",\"name\":\"Multichannel analyzers - SEAC\",\"isPartOf\":{\"@id\":\"https:\/\/www.seac.es\/es\/#website\"},\"primaryImageOfPage\":{\"@id\":\"https:\/\/www.seac.es\/es\/sistemas\/soluciones-radiologicas\/equipos-radiologia\/multichannel-analyzers\/#primaryimage\"},\"datePublished\":\"2021-10-25T10:08:39+00:00\",\"dateModified\":\"2022-07-22T08:40:25+00:00\",\"description\":\"SEAC distribuye y proporciona asistencia t\u00e9cnica para la integraci\u00f3n de MCAs de nuestro partner Bridgeport Instruments.\",\"breadcrumb\":{\"@id\":\"https:\/\/www.seac.es\/es\/sistemas\/soluciones-radiologicas\/equipos-radiologia\/multichannel-analyzers\/#breadcrumb\"},\"inLanguage\":\"es\",\"potentialAction\":[{\"@type\":\"ReadAction\",\"target\":[\"https:\/\/www.seac.es\/es\/sistemas\/soluciones-radiologicas\/equipos-radiologia\/multichannel-analyzers\/\"]}]},{\"@type\":\"BreadcrumbList\",\"@id\":\"https:\/\/www.seac.es\/es\/sistemas\/soluciones-radiologicas\/equipos-radiologia\/multichannel-analyzers\/#breadcrumb\",\"itemListElement\":[{\"@type\":\"ListItem\",\"position\":1,\"name\":\"Portada\",\"item\":\"https:\/\/www.seac.es\/es\/\"},{\"@type\":\"ListItem\",\"position\":2,\"name\":\"Sistemas\",\"item\":\"https:\/\/www.seac.es\/es\/sistemas\/\"},{\"@type\":\"ListItem\",\"position\":3,\"name\":\"Soluciones radiol\u00f3gicas\",\"item\":\"https:\/\/www.seac.es\/es\/sistemas\/soluciones-radiologicas\/\"},{\"@type\":\"ListItem\",\"position\":4,\"name\":\"Equipos radiolog\u00eda\",\"item\":\"https:\/\/www.seac.es\/es\/sistemas\/soluciones-radiologicas\/equipos-radiologia\/\"},{\"@type\":\"ListItem\",\"position\":5,\"name\":\"Multichannel analyzers\"}]}]}<\/script>\n<!-- \/ Yoast SEO plugin. -->","yoast_head_json":{"title":"Multichannel analyzers - SEAC","description":"SEAC distribuye y proporciona asistencia t\u00e9cnica para la integraci\u00f3n de MCAs de nuestro partner Bridgeport Instruments.","robots":{"index":"index","follow":"follow","max-snippet":"max-snippet:-1","max-image-preview":"max-image-preview:large","max-video-preview":"max-video-preview:-1"},"canonical":"https:\/\/www.seac.es\/es\/sistemas\/soluciones-radiologicas\/equipos-radiologia\/multichannel-analyzers\/","og_locale":"es_ES","og_type":"article","og_title":"Multichannel analyzers - SEAC","og_description":"SEAC distribuye y proporciona asistencia t\u00e9cnica para la integraci\u00f3n de MCAs de nuestro partner Bridgeport Instruments.","og_url":"https:\/\/www.seac.es\/es\/sistemas\/soluciones-radiologicas\/equipos-radiologia\/multichannel-analyzers\/","og_site_name":"SEAC","article_modified_time":"2022-07-22T08:40:25+00:00","og_image":[{"width":2336,"height":439,"url":"https:\/\/www.seac.es\/es\/wp-content\/uploads\/2021\/10\/MCAs.png","type":"image\/png"}],"author":"adminblogseac","twitter_card":"summary_large_image","twitter_misc":{"Tiempo de lectura":"1 minuto"},"schema":{"@context":"https:\/\/schema.org","@graph":[{"@type":"Organization","@id":"https:\/\/www.seac.es\/es\/#organization","name":"SEAC S.A.","url":"https:\/\/www.seac.es\/es\/","sameAs":[],"logo":{"@type":"ImageObject","inLanguage":"es","@id":"https:\/\/www.seac.es\/es\/#\/schema\/logo\/image\/","url":"https:\/\/www.seac.es\/es\/wp-content\/uploads\/2017\/08\/logoSEAC240x105.png","contentUrl":"https:\/\/www.seac.es\/es\/wp-content\/uploads\/2017\/08\/logoSEAC240x105.png","width":240,"height":105,"caption":"SEAC S.A."},"image":{"@id":"https:\/\/www.seac.es\/es\/#\/schema\/logo\/image\/"}},{"@type":"WebSite","@id":"https:\/\/www.seac.es\/es\/#website","url":"https:\/\/www.seac.es\/es\/","name":"SEAC","description":"Meteorolog\u00eda y equipos de medida","publisher":{"@id":"https:\/\/www.seac.es\/es\/#organization"},"potentialAction":[{"@type":"SearchAction","target":{"@type":"EntryPoint","urlTemplate":"https:\/\/www.seac.es\/es\/?s={search_term_string}"},"query-input":"required name=search_term_string"}],"inLanguage":"es"},{"@type":"ImageObject","inLanguage":"es","@id":"https:\/\/www.seac.es\/es\/sistemas\/soluciones-radiologicas\/equipos-radiologia\/multichannel-analyzers\/#primaryimage","url":"https:\/\/www.seac.es\/es\/wp-content\/uploads\/2021\/10\/MCAs.png","contentUrl":"https:\/\/www.seac.es\/es\/wp-content\/uploads\/2021\/10\/MCAs.png","width":2336,"height":439,"caption":"MCAs multichannel analyzers seac"},{"@type":"WebPage","@id":"https:\/\/www.seac.es\/es\/sistemas\/soluciones-radiologicas\/equipos-radiologia\/multichannel-analyzers\/#webpage","url":"https:\/\/www.seac.es\/es\/sistemas\/soluciones-radiologicas\/equipos-radiologia\/multichannel-analyzers\/","name":"Multichannel analyzers - SEAC","isPartOf":{"@id":"https:\/\/www.seac.es\/es\/#website"},"primaryImageOfPage":{"@id":"https:\/\/www.seac.es\/es\/sistemas\/soluciones-radiologicas\/equipos-radiologia\/multichannel-analyzers\/#primaryimage"},"datePublished":"2021-10-25T10:08:39+00:00","dateModified":"2022-07-22T08:40:25+00:00","description":"SEAC distribuye y proporciona asistencia t\u00e9cnica para la integraci\u00f3n de MCAs de nuestro partner Bridgeport Instruments.","breadcrumb":{"@id":"https:\/\/www.seac.es\/es\/sistemas\/soluciones-radiologicas\/equipos-radiologia\/multichannel-analyzers\/#breadcrumb"},"inLanguage":"es","potentialAction":[{"@type":"ReadAction","target":["https:\/\/www.seac.es\/es\/sistemas\/soluciones-radiologicas\/equipos-radiologia\/multichannel-analyzers\/"]}]},{"@type":"BreadcrumbList","@id":"https:\/\/www.seac.es\/es\/sistemas\/soluciones-radiologicas\/equipos-radiologia\/multichannel-analyzers\/#breadcrumb","itemListElement":[{"@type":"ListItem","position":1,"name":"Portada","item":"https:\/\/www.seac.es\/es\/"},{"@type":"ListItem","position":2,"name":"Sistemas","item":"https:\/\/www.seac.es\/es\/sistemas\/"},{"@type":"ListItem","position":3,"name":"Soluciones radiol\u00f3gicas","item":"https:\/\/www.seac.es\/es\/sistemas\/soluciones-radiologicas\/"},{"@type":"ListItem","position":4,"name":"Equipos radiolog\u00eda","item":"https:\/\/www.seac.es\/es\/sistemas\/soluciones-radiologicas\/equipos-radiologia\/"},{"@type":"ListItem","position":5,"name":"Multichannel analyzers"}]}]}},"_links":{"self":[{"href":"https:\/\/www.seac.es\/es\/wp-json\/wp\/v2\/pages\/2279"}],"collection":[{"href":"https:\/\/www.seac.es\/es\/wp-json\/wp\/v2\/pages"}],"about":[{"href":"https:\/\/www.seac.es\/es\/wp-json\/wp\/v2\/types\/page"}],"author":[{"embeddable":true,"href":"https:\/\/www.seac.es\/es\/wp-json\/wp\/v2\/users\/1"}],"replies":[{"embeddable":true,"href":"https:\/\/www.seac.es\/es\/wp-json\/wp\/v2\/comments?post=2279"}],"version-history":[{"count":32,"href":"https:\/\/www.seac.es\/es\/wp-json\/wp\/v2\/pages\/2279\/revisions"}],"predecessor-version":[{"id":2283,"href":"https:\/\/www.seac.es\/es\/wp-json\/wp\/v2\/pages\/2279\/revisions\/2283"}],"up":[{"embeddable":true,"href":"https:\/\/www.seac.es\/es\/wp-json\/wp\/v2\/pages\/2272"}],"wp:featuredmedia":[{"embeddable":true,"href":"https:\/\/www.seac.es\/es\/wp-json\/wp\/v2\/media\/2280"}],"wp:attachment":[{"href":"https:\/\/www.seac.es\/es\/wp-json\/wp\/v2\/media?parent=2279"}],"curies":[{"name":"wp","href":"https:\/\/api.w.org\/{rel}","templated":true}]}}