{"id":2252,"date":"2021-10-25T09:26:46","date_gmt":"2021-10-25T09:26:46","guid":{"rendered":"https:\/\/www.seac.es\/es\/?page_id=2252"},"modified":"2022-07-22T08:35:08","modified_gmt":"2022-07-22T08:35:08","slug":"detectores-radiologicos","status":"publish","type":"page","link":"https:\/\/www.seac.es\/es\/sistemas\/soluciones-radiologicas\/detectores-radiologicos\/","title":{"rendered":"Detectores radiol\u00f3gicos"},"content":{"rendered":"<div id=\"pl-2252\"  class=\"panel-layout\" ><div id=\"pg-2252-0\"  class=\"panel-grid panel-has-style\" ><div class=\"siteorigin-panels-stretch panel-row-style panel-row-style-for-2252-0\" data-stretch-type=\"full-stretched\" ><div id=\"pgc-2252-0-0\"  class=\"panel-grid-cell\" ><div id=\"panel-2252-0-0-0\" class=\"so-panel widget widget_sow-hero panel-first-child panel-last-child\" data-index=\"0\" ><div\n\t\t\t\n\t\t\tclass=\"so-widget-sow-hero so-widget-sow-hero-default-62309ec3fd34-2252\"\n\t\t\t\n\t\t><div class=\"sow-slider-base\" style=\"display: none\"><ul\n\t\t\t\t\tclass=\"sow-slider-images\"\n\t\t\t\t\tdata-settings=\"{&quot;pagination&quot;:true,&quot;speed&quot;:800,&quot;timeout&quot;:8000,&quot;paused&quot;:false,&quot;pause_on_hover&quot;:false,&quot;swipe&quot;:false,&quot;nav_always_show_desktop&quot;:&quot;&quot;,&quot;nav_always_show_mobile&quot;:&quot;&quot;,&quot;breakpoint&quot;:&quot;780px&quot;,&quot;unmute&quot;:false,&quot;anchor&quot;:null}\"\n\t\t\t\t\tstyle=\"min-height: 280px\"\t\t\t\t\tdata-anchor-id=\"\"\n\t\t\t\t>\t\t<li class=\"sow-slider-image  sow-slider-image-cover\" style=\"background-color: #333333;background-image: url(https:\/\/www.seac.es\/es\/wp-content\/uploads\/2021\/10\/DSC_0155_cut_fit_02.jpg)\" >\n\t\t\t\t\t<div class=\"sow-slider-image-container\">\n\t\t\t<div class=\"sow-slider-image-wrapper\">\n\t\t\t\t<h2 style=\"text-align: left\">Detectores radiol\u00f3gicos<\/h2>\n<div class=\"sow-hero-buttons\" style=\"text-align: left\"><\/div>\t\t\t<\/div>\n\t\t<\/div>\n\t\t\t\t<\/li>\n\t\t<\/ul>\t\t\t\t<ol class=\"sow-slider-pagination\">\n\t\t\t\t\t\t\t\t\t\t\t<li><a href=\"#\" data-goto=\"0\" aria-label=\"mostrar diapositiva 1\"><\/a><\/li>\n\t\t\t\t\t\t\t\t\t<\/ol>\n\n\t\t\t\t<div class=\"sow-slide-nav sow-slide-nav-next\">\n\t\t\t\t\t<a href=\"#\" data-goto=\"next\" aria-label=\"diapositiva siguiente\" data-action=\"next\">\n\t\t\t\t\t\t<em class=\"sow-sld-icon-thin-right\"><\/em>\n\t\t\t\t\t<\/a>\n\t\t\t\t<\/div>\n\n\t\t\t\t<div class=\"sow-slide-nav sow-slide-nav-prev\">\n\t\t\t\t\t<a href=\"#\" data-goto=\"previous\" aria-label=\"diapositiva anterior\" data-action=\"prev\">\n\t\t\t\t\t\t<em class=\"sow-sld-icon-thin-left\"><\/em>\n\t\t\t\t\t<\/a>\n\t\t\t\t<\/div>\n\t\t\t\t<\/div><\/div><\/div><\/div><\/div><\/div><div id=\"pg-2252-1\"  class=\"panel-grid panel-no-style\" ><div id=\"pgc-2252-1-0\"  class=\"panel-grid-cell\" ><div id=\"panel-2252-1-0-0\" class=\"so-panel widget widget_sow-editor panel-first-child panel-last-child\" data-index=\"1\" ><div\n\t\t\t\n\t\t\tclass=\"so-widget-sow-editor so-widget-sow-editor-base\"\n\t\t\t\n\t\t>\n<div class=\"siteorigin-widget-tinymce textwidget\">\n\t<p>Seac proporciona mecanismos para el desarrollo de redes de detecci\u00f3n basadas en productos est\u00e1ndar o en colaboraci\u00f3n con el cliente.<\/p>\n<p>Dispone de herramientas de desarrollo<\/p>\n<p>Proporciona todo el conocimiento<\/p>\n<\/div>\n<\/div><\/div><\/div><\/div><div id=\"pg-2252-2\"  class=\"panel-grid panel-no-style\" ><div id=\"pgc-2252-2-0\"  class=\"panel-grid-cell\" ><div id=\"panel-2252-2-0-0\" class=\"so-panel widget widget_sow-image panel-first-child\" data-index=\"2\" ><div\n\t\t\t\n\t\t\tclass=\"so-widget-sow-image so-widget-sow-image-default-d6014b76747a-2252\"\n\t\t\t\n\t\t>\n\n<div class=\"sow-image-container\">\n\t\t\t<a href=\"https:\/\/www.seac.es\/es\/productos\/sensores\/argus\/\"\n\t\t\t\t\t>\n\t\t\t<img src=\"https:\/\/www.seac.es\/es\/wp-content\/uploads\/2019\/06\/IMG_4642-470x280.jpg\" width=\"470\" height=\"280\" sizes=\"(max-width: 470px) 100vw, 470px\" alt=\"\" loading=\"lazy\" \t\tclass=\"so-widget-image\"\/>\n\t<\/a><\/div>\n\n<\/div><\/div><div id=\"panel-2252-2-0-1\" class=\"so-panel widget widget_sow-editor panel-last-child\" data-index=\"3\" ><div\n\t\t\t\n\t\t\tclass=\"so-widget-sow-editor so-widget-sow-editor-base\"\n\t\t\t\n\t\t>\n<div class=\"siteorigin-widget-tinymce textwidget\">\n\t<h2><a href=\"https:\/\/www.seac.es\/es\/productos\/sensores\/argus\/\">Argus<\/a><\/h2>\n<p>Detector de referencia para sistemas de medida medioambientales.<\/p>\n<\/div>\n<\/div><\/div><\/div><div id=\"pgc-2252-2-1\"  class=\"panel-grid-cell\" ><div id=\"panel-2252-2-1-0\" class=\"so-panel widget widget_sow-image panel-first-child\" data-index=\"4\" ><div\n\t\t\t\n\t\t\tclass=\"so-widget-sow-image so-widget-sow-image-default-d6014b76747a-2252\"\n\t\t\t\n\t\t>\n\n<div class=\"sow-image-container\">\n\t\t\t<a href=\"https:\/\/www.seac.es\/es\/productos\/sensores\/argusdr\/\"\n\t\t\t\t\t>\n\t\t\t<img src=\"https:\/\/www.seac.es\/es\/wp-content\/uploads\/2021\/10\/IMG_6166_cut_prod-470x280.jpg\" width=\"470\" height=\"280\" srcset=\"https:\/\/www.seac.es\/es\/wp-content\/uploads\/2021\/10\/IMG_6166_cut_prod-470x280.jpg 470w, https:\/\/www.seac.es\/es\/wp-content\/uploads\/2021\/10\/IMG_6166_cut_prod-24x14.jpg 24w, https:\/\/www.seac.es\/es\/wp-content\/uploads\/2021\/10\/IMG_6166_cut_prod-36x20.jpg 36w\" sizes=\"(max-width: 470px) 100vw, 470px\" alt=\"equipos radiologia sensor seac\" loading=\"lazy\" \t\tclass=\"so-widget-image\"\/>\n\t<\/a><\/div>\n\n<\/div><\/div><div id=\"panel-2252-2-1-1\" class=\"so-panel widget widget_sow-editor panel-last-child\" data-index=\"5\" ><div\n\t\t\t\n\t\t\tclass=\"so-widget-sow-editor so-widget-sow-editor-base\"\n\t\t\t\n\t\t>\n<div class=\"siteorigin-widget-tinymce textwidget\">\n\t<h2><a href=\"https:\/\/www.seac.es\/es\/productos\/sensores\/argusdr\/\">Argus DR<\/a><\/h2>\n<p>La mejor opci\u00f3n para sistemas de monitorizaci\u00f3n en anillo.<\/p><\/div>\n<\/div><\/div><\/div><\/div><div id=\"pg-2252-3\"  class=\"panel-grid panel-has-style\" ><div class=\"siteorigin-panels-stretch panel-row-style panel-row-style-for-2252-3\" data-stretch-type=\"full\" ><div id=\"pgc-2252-3-0\"  class=\"panel-grid-cell\" ><div id=\"panel-2252-3-0-0\" class=\"so-panel widget widget_sow-headline panel-first-child panel-last-child\" data-index=\"6\" ><div\n\t\t\t\n\t\t\tclass=\"so-widget-sow-headline so-widget-sow-headline-default-ad6310e5dc19-2252\"\n\t\t\t\n\t\t><div class=\"sow-headline-container \">\n\t<h3 class='sow-sub-headline'>Adaptables a una amplia gama de aplicaciones.<\/h3><\/div><\/div><\/div><\/div><\/div><\/div><\/div>","protected":false},"excerpt":{"rendered":"<p>Seac proporciona mecanismos para el desarrollo de redes de detecci\u00f3n basadas en productos est\u00e1ndar o en colaboraci\u00f3n con el cliente. Dispone de herramientas de desarrollo<\/p>\n","protected":false},"author":1,"featured_media":2267,"parent":2240,"menu_order":0,"comment_status":"closed","ping_status":"closed","template":"","meta":[],"yoast_head":"<!-- This site is optimized with the Yoast SEO plugin v19.2 - https:\/\/yoast.com\/wordpress\/plugins\/seo\/ -->\n<title>Detectores radiol\u00f3gicos - SEAC<\/title>\n<meta name=\"description\" content=\"ARGUS, detector de referencia para sistemas de medida medioambientales. ARGUS DR, la mejor opci\u00f3n para sistemas de monitorizaci\u00f3n en anillo.\" \/>\n<meta name=\"robots\" content=\"index, follow, max-snippet:-1, max-image-preview:large, max-video-preview:-1\" \/>\n<link rel=\"canonical\" href=\"https:\/\/www.seac.es\/es\/sistemas\/soluciones-radiologicas\/detectores-radiologicos\/\" \/>\n<meta property=\"og:locale\" content=\"es_ES\" \/>\n<meta property=\"og:type\" content=\"article\" \/>\n<meta property=\"og:title\" content=\"Detectores radiol\u00f3gicos - SEAC\" \/>\n<meta property=\"og:description\" content=\"ARGUS, detector de referencia para sistemas de medida medioambientales. ARGUS DR, la mejor opci\u00f3n para sistemas de monitorizaci\u00f3n en anillo.\" \/>\n<meta property=\"og:url\" content=\"https:\/\/www.seac.es\/es\/sistemas\/soluciones-radiologicas\/detectores-radiologicos\/\" \/>\n<meta property=\"og:site_name\" content=\"SEAC\" \/>\n<meta property=\"article:modified_time\" content=\"2022-07-22T08:35:08+00:00\" \/>\n<meta property=\"og:image\" content=\"https:\/\/www.seac.es\/es\/wp-content\/uploads\/2021\/10\/IMG_6166_cut_prod.jpg\" \/>\n\t<meta property=\"og:image:width\" content=\"1681\" \/>\n\t<meta property=\"og:image:height\" content=\"957\" \/>\n\t<meta property=\"og:image:type\" content=\"image\/jpeg\" \/>\n<meta name=\"author\" content=\"adminblogseac\" \/>\n<meta name=\"twitter:card\" content=\"summary_large_image\" \/>\n<meta name=\"twitter:label1\" content=\"Tiempo de lectura\" \/>\n\t<meta name=\"twitter:data1\" content=\"1 minuto\" \/>\n<script type=\"application\/ld+json\" class=\"yoast-schema-graph\">{\"@context\":\"https:\/\/schema.org\",\"@graph\":[{\"@type\":\"Organization\",\"@id\":\"https:\/\/www.seac.es\/es\/#organization\",\"name\":\"SEAC S.A.\",\"url\":\"https:\/\/www.seac.es\/es\/\",\"sameAs\":[],\"logo\":{\"@type\":\"ImageObject\",\"inLanguage\":\"es\",\"@id\":\"https:\/\/www.seac.es\/es\/#\/schema\/logo\/image\/\",\"url\":\"https:\/\/www.seac.es\/es\/wp-content\/uploads\/2017\/08\/logoSEAC240x105.png\",\"contentUrl\":\"https:\/\/www.seac.es\/es\/wp-content\/uploads\/2017\/08\/logoSEAC240x105.png\",\"width\":240,\"height\":105,\"caption\":\"SEAC S.A.\"},\"image\":{\"@id\":\"https:\/\/www.seac.es\/es\/#\/schema\/logo\/image\/\"}},{\"@type\":\"WebSite\",\"@id\":\"https:\/\/www.seac.es\/es\/#website\",\"url\":\"https:\/\/www.seac.es\/es\/\",\"name\":\"SEAC\",\"description\":\"Meteorolog\u00eda y equipos de medida\",\"publisher\":{\"@id\":\"https:\/\/www.seac.es\/es\/#organization\"},\"potentialAction\":[{\"@type\":\"SearchAction\",\"target\":{\"@type\":\"EntryPoint\",\"urlTemplate\":\"https:\/\/www.seac.es\/es\/?s={search_term_string}\"},\"query-input\":\"required name=search_term_string\"}],\"inLanguage\":\"es\"},{\"@type\":\"ImageObject\",\"inLanguage\":\"es\",\"@id\":\"https:\/\/www.seac.es\/es\/sistemas\/soluciones-radiologicas\/detectores-radiologicos\/#primaryimage\",\"url\":\"https:\/\/www.seac.es\/es\/wp-content\/uploads\/2021\/10\/IMG_6166_cut_prod.jpg\",\"contentUrl\":\"https:\/\/www.seac.es\/es\/wp-content\/uploads\/2021\/10\/IMG_6166_cut_prod.jpg\",\"width\":1681,\"height\":957,\"caption\":\"equipos radiologia sensor seac\"},{\"@type\":\"WebPage\",\"@id\":\"https:\/\/www.seac.es\/es\/sistemas\/soluciones-radiologicas\/detectores-radiologicos\/#webpage\",\"url\":\"https:\/\/www.seac.es\/es\/sistemas\/soluciones-radiologicas\/detectores-radiologicos\/\",\"name\":\"Detectores radiol\u00f3gicos - SEAC\",\"isPartOf\":{\"@id\":\"https:\/\/www.seac.es\/es\/#website\"},\"primaryImageOfPage\":{\"@id\":\"https:\/\/www.seac.es\/es\/sistemas\/soluciones-radiologicas\/detectores-radiologicos\/#primaryimage\"},\"datePublished\":\"2021-10-25T09:26:46+00:00\",\"dateModified\":\"2022-07-22T08:35:08+00:00\",\"description\":\"ARGUS, detector de referencia para sistemas de medida medioambientales. ARGUS DR, la mejor opci\u00f3n para sistemas de monitorizaci\u00f3n en anillo.\",\"breadcrumb\":{\"@id\":\"https:\/\/www.seac.es\/es\/sistemas\/soluciones-radiologicas\/detectores-radiologicos\/#breadcrumb\"},\"inLanguage\":\"es\",\"potentialAction\":[{\"@type\":\"ReadAction\",\"target\":[\"https:\/\/www.seac.es\/es\/sistemas\/soluciones-radiologicas\/detectores-radiologicos\/\"]}]},{\"@type\":\"BreadcrumbList\",\"@id\":\"https:\/\/www.seac.es\/es\/sistemas\/soluciones-radiologicas\/detectores-radiologicos\/#breadcrumb\",\"itemListElement\":[{\"@type\":\"ListItem\",\"position\":1,\"name\":\"Portada\",\"item\":\"https:\/\/www.seac.es\/es\/\"},{\"@type\":\"ListItem\",\"position\":2,\"name\":\"Sistemas\",\"item\":\"https:\/\/www.seac.es\/es\/sistemas\/\"},{\"@type\":\"ListItem\",\"position\":3,\"name\":\"Soluciones radiol\u00f3gicas\",\"item\":\"https:\/\/www.seac.es\/es\/sistemas\/soluciones-radiologicas\/\"},{\"@type\":\"ListItem\",\"position\":4,\"name\":\"Detectores radiol\u00f3gicos\"}]}]}<\/script>\n<!-- \/ Yoast SEO plugin. -->","yoast_head_json":{"title":"Detectores radiol\u00f3gicos - SEAC","description":"ARGUS, detector de referencia para sistemas de medida medioambientales. ARGUS DR, la mejor opci\u00f3n para sistemas de monitorizaci\u00f3n en anillo.","robots":{"index":"index","follow":"follow","max-snippet":"max-snippet:-1","max-image-preview":"max-image-preview:large","max-video-preview":"max-video-preview:-1"},"canonical":"https:\/\/www.seac.es\/es\/sistemas\/soluciones-radiologicas\/detectores-radiologicos\/","og_locale":"es_ES","og_type":"article","og_title":"Detectores radiol\u00f3gicos - SEAC","og_description":"ARGUS, detector de referencia para sistemas de medida medioambientales. ARGUS DR, la mejor opci\u00f3n para sistemas de monitorizaci\u00f3n en anillo.","og_url":"https:\/\/www.seac.es\/es\/sistemas\/soluciones-radiologicas\/detectores-radiologicos\/","og_site_name":"SEAC","article_modified_time":"2022-07-22T08:35:08+00:00","og_image":[{"width":1681,"height":957,"url":"https:\/\/www.seac.es\/es\/wp-content\/uploads\/2021\/10\/IMG_6166_cut_prod.jpg","type":"image\/jpeg"}],"author":"adminblogseac","twitter_card":"summary_large_image","twitter_misc":{"Tiempo de lectura":"1 minuto"},"schema":{"@context":"https:\/\/schema.org","@graph":[{"@type":"Organization","@id":"https:\/\/www.seac.es\/es\/#organization","name":"SEAC S.A.","url":"https:\/\/www.seac.es\/es\/","sameAs":[],"logo":{"@type":"ImageObject","inLanguage":"es","@id":"https:\/\/www.seac.es\/es\/#\/schema\/logo\/image\/","url":"https:\/\/www.seac.es\/es\/wp-content\/uploads\/2017\/08\/logoSEAC240x105.png","contentUrl":"https:\/\/www.seac.es\/es\/wp-content\/uploads\/2017\/08\/logoSEAC240x105.png","width":240,"height":105,"caption":"SEAC S.A."},"image":{"@id":"https:\/\/www.seac.es\/es\/#\/schema\/logo\/image\/"}},{"@type":"WebSite","@id":"https:\/\/www.seac.es\/es\/#website","url":"https:\/\/www.seac.es\/es\/","name":"SEAC","description":"Meteorolog\u00eda y equipos de medida","publisher":{"@id":"https:\/\/www.seac.es\/es\/#organization"},"potentialAction":[{"@type":"SearchAction","target":{"@type":"EntryPoint","urlTemplate":"https:\/\/www.seac.es\/es\/?s={search_term_string}"},"query-input":"required name=search_term_string"}],"inLanguage":"es"},{"@type":"ImageObject","inLanguage":"es","@id":"https:\/\/www.seac.es\/es\/sistemas\/soluciones-radiologicas\/detectores-radiologicos\/#primaryimage","url":"https:\/\/www.seac.es\/es\/wp-content\/uploads\/2021\/10\/IMG_6166_cut_prod.jpg","contentUrl":"https:\/\/www.seac.es\/es\/wp-content\/uploads\/2021\/10\/IMG_6166_cut_prod.jpg","width":1681,"height":957,"caption":"equipos radiologia sensor seac"},{"@type":"WebPage","@id":"https:\/\/www.seac.es\/es\/sistemas\/soluciones-radiologicas\/detectores-radiologicos\/#webpage","url":"https:\/\/www.seac.es\/es\/sistemas\/soluciones-radiologicas\/detectores-radiologicos\/","name":"Detectores radiol\u00f3gicos - SEAC","isPartOf":{"@id":"https:\/\/www.seac.es\/es\/#website"},"primaryImageOfPage":{"@id":"https:\/\/www.seac.es\/es\/sistemas\/soluciones-radiologicas\/detectores-radiologicos\/#primaryimage"},"datePublished":"2021-10-25T09:26:46+00:00","dateModified":"2022-07-22T08:35:08+00:00","description":"ARGUS, detector de referencia para sistemas de medida medioambientales. ARGUS DR, la mejor opci\u00f3n para sistemas de monitorizaci\u00f3n en anillo.","breadcrumb":{"@id":"https:\/\/www.seac.es\/es\/sistemas\/soluciones-radiologicas\/detectores-radiologicos\/#breadcrumb"},"inLanguage":"es","potentialAction":[{"@type":"ReadAction","target":["https:\/\/www.seac.es\/es\/sistemas\/soluciones-radiologicas\/detectores-radiologicos\/"]}]},{"@type":"BreadcrumbList","@id":"https:\/\/www.seac.es\/es\/sistemas\/soluciones-radiologicas\/detectores-radiologicos\/#breadcrumb","itemListElement":[{"@type":"ListItem","position":1,"name":"Portada","item":"https:\/\/www.seac.es\/es\/"},{"@type":"ListItem","position":2,"name":"Sistemas","item":"https:\/\/www.seac.es\/es\/sistemas\/"},{"@type":"ListItem","position":3,"name":"Soluciones radiol\u00f3gicas","item":"https:\/\/www.seac.es\/es\/sistemas\/soluciones-radiologicas\/"},{"@type":"ListItem","position":4,"name":"Detectores radiol\u00f3gicos"}]}]}},"_links":{"self":[{"href":"https:\/\/www.seac.es\/es\/wp-json\/wp\/v2\/pages\/2252"}],"collection":[{"href":"https:\/\/www.seac.es\/es\/wp-json\/wp\/v2\/pages"}],"about":[{"href":"https:\/\/www.seac.es\/es\/wp-json\/wp\/v2\/types\/page"}],"author":[{"embeddable":true,"href":"https:\/\/www.seac.es\/es\/wp-json\/wp\/v2\/users\/1"}],"replies":[{"embeddable":true,"href":"https:\/\/www.seac.es\/es\/wp-json\/wp\/v2\/comments?post=2252"}],"version-history":[{"count":25,"href":"https:\/\/www.seac.es\/es\/wp-json\/wp\/v2\/pages\/2252\/revisions"}],"predecessor-version":[{"id":3277,"href":"https:\/\/www.seac.es\/es\/wp-json\/wp\/v2\/pages\/2252\/revisions\/3277"}],"up":[{"embeddable":true,"href":"https:\/\/www.seac.es\/es\/wp-json\/wp\/v2\/pages\/2240"}],"wp:featuredmedia":[{"embeddable":true,"href":"https:\/\/www.seac.es\/es\/wp-json\/wp\/v2\/media\/2267"}],"wp:attachment":[{"href":"https:\/\/www.seac.es\/es\/wp-json\/wp\/v2\/media?parent=2252"}],"curies":[{"name":"wp","href":"https:\/\/api.w.org\/{rel}","templated":true}]}}