{"id":2099,"date":"2019-07-11T09:51:58","date_gmt":"2019-07-11T09:51:58","guid":{"rendered":"http:\/\/www.seac.es\/es\/?page_id=2099"},"modified":"2022-10-04T09:07:20","modified_gmt":"2022-10-04T09:07:20","slug":"sondas-de-th","status":"publish","type":"page","link":"https:\/\/www.seac.es\/es\/productos\/sensores\/sondas-de-th\/","title":{"rendered":"Sondas de TH"},"content":{"rendered":"<div id=\"pl-2099\"  class=\"panel-layout\" ><div id=\"pg-2099-0\"  class=\"panel-grid panel-has-style\" ><div class=\"siteorigin-panels-stretch panel-row-style panel-row-style-for-2099-0\" data-stretch-type=\"full-stretched\" ><div id=\"pgc-2099-0-0\"  class=\"panel-grid-cell\" ><div id=\"panel-2099-0-0-0\" class=\"so-panel widget widget_sow-hero panel-first-child panel-last-child\" data-index=\"0\" ><div\n\t\t\t\n\t\t\tclass=\"so-widget-sow-hero so-widget-sow-hero-default-416ffa12c570-2099\"\n\t\t\t\n\t\t><div class=\"sow-slider-base\" style=\"display: none\"><ul\n\t\t\t\t\tclass=\"sow-slider-images\"\n\t\t\t\t\tdata-settings=\"{&quot;pagination&quot;:true,&quot;speed&quot;:800,&quot;timeout&quot;:8000,&quot;paused&quot;:false,&quot;pause_on_hover&quot;:false,&quot;swipe&quot;:false,&quot;nav_always_show_desktop&quot;:&quot;&quot;,&quot;nav_always_show_mobile&quot;:&quot;&quot;,&quot;breakpoint&quot;:&quot;780px&quot;,&quot;unmute&quot;:false,&quot;anchor&quot;:null}\"\n\t\t\t\t\tstyle=\"min-height: 280px\"\t\t\t\t\tdata-anchor-id=\"\"\n\t\t\t\t>\t\t<li class=\"sow-slider-image  sow-slider-image-cover\" style=\"background-color: #333333\" >\n\t\t\t\t\t<div class=\"sow-slider-image-container\">\n\t\t\t<div class=\"sow-slider-image-wrapper\">\n\t\t\t\t<h1>Sondas de Temperatura y Humedad<\/h1>\n\t\t\t<\/div>\n\t\t<\/div>\n\t\t<div class=\"sow-slider-image-overlay sow-slider-image-cover\" style=\"background-image: url(https:\/\/www.seac.es\/es\/wp-content\/uploads\/2022\/09\/bridge2.jpg);opacity: 0.9\"  ><\/div>\t\t<\/li>\n\t\t<\/ul>\t\t\t\t<ol class=\"sow-slider-pagination\">\n\t\t\t\t\t\t\t\t\t\t\t<li><a href=\"#\" data-goto=\"0\" aria-label=\"mostrar diapositiva 1\"><\/a><\/li>\n\t\t\t\t\t\t\t\t\t<\/ol>\n\n\t\t\t\t<div class=\"sow-slide-nav sow-slide-nav-next\">\n\t\t\t\t\t<a href=\"#\" data-goto=\"next\" aria-label=\"diapositiva siguiente\" data-action=\"next\">\n\t\t\t\t\t\t<em class=\"sow-sld-icon-thin-right\"><\/em>\n\t\t\t\t\t<\/a>\n\t\t\t\t<\/div>\n\n\t\t\t\t<div class=\"sow-slide-nav sow-slide-nav-prev\">\n\t\t\t\t\t<a href=\"#\" data-goto=\"previous\" aria-label=\"diapositiva anterior\" data-action=\"prev\">\n\t\t\t\t\t\t<em class=\"sow-sld-icon-thin-left\"><\/em>\n\t\t\t\t\t<\/a>\n\t\t\t\t<\/div>\n\t\t\t\t<\/div><\/div><\/div><\/div><\/div><\/div><div id=\"pg-2099-1\"  class=\"panel-grid panel-has-style\" ><div class=\"siteorigin-panels-stretch panel-row-style panel-row-style-for-2099-1\" data-stretch-type=\"full\" ><div id=\"pgc-2099-1-0\"  class=\"panel-grid-cell\" ><div id=\"panel-2099-1-0-0\" class=\"so-panel widget widget_sow-editor panel-first-child\" data-index=\"1\" ><div\n\t\t\t\n\t\t\tclass=\"so-widget-sow-editor so-widget-sow-editor-base\"\n\t\t\t\n\t\t>\n<div class=\"siteorigin-widget-tinymce textwidget\">\n\t<h3 class=\"widget-title\">Sonda de TH EE072 con salida Modbus<\/h3>\n<hr \/>\n<\/div>\n<\/div><\/div><div id=\"panel-2099-1-0-1\" class=\"so-panel widget widget_sow-image panel-last-child\" data-index=\"2\" ><div\n\t\t\t\n\t\t\tclass=\"so-widget-sow-image so-widget-sow-image-default-17bc2272b535-2099\"\n\t\t\t\n\t\t>\n\n<div class=\"sow-image-container\">\n\t\t<img src=\"https:\/\/www.seac.es\/es\/wp-content\/uploads\/2022\/10\/EE072.jpg\" width=\"1022\" height=\"758\" srcset=\"https:\/\/www.seac.es\/es\/wp-content\/uploads\/2022\/10\/EE072.jpg 1022w, https:\/\/www.seac.es\/es\/wp-content\/uploads\/2022\/10\/EE072-300x223.jpg 300w, https:\/\/www.seac.es\/es\/wp-content\/uploads\/2022\/10\/EE072-768x570.jpg 768w, https:\/\/www.seac.es\/es\/wp-content\/uploads\/2022\/10\/EE072-24x18.jpg 24w, https:\/\/www.seac.es\/es\/wp-content\/uploads\/2022\/10\/EE072-36x27.jpg 36w, https:\/\/www.seac.es\/es\/wp-content\/uploads\/2022\/10\/EE072-48x36.jpg 48w\" sizes=\"(max-width: 1022px) 100vw, 1022px\" title=\"EE072\" alt=\"\" loading=\"lazy\" \t\tclass=\"so-widget-image\"\/>\n\t<\/div>\n\n<\/div><\/div><\/div><div id=\"pgc-2099-1-1\"  class=\"panel-grid-cell\" ><div id=\"panel-2099-1-1-0\" class=\"so-panel widget widget_sow-editor panel-first-child\" data-index=\"3\" ><div\n\t\t\t\n\t\t\tclass=\"so-widget-sow-editor so-widget-sow-editor-base\"\n\t\t\t\n\t\t>\n<div class=\"siteorigin-widget-tinymce textwidget\">\n\t<h3><\/h3>\n<h3>Presentaci\u00f3n<\/h3>\n<p>La sonda EE072 Modbus mide con precisi\u00f3n la temperatura y la humedad relativa, adem\u00e1s de calcular variables como el punto de roc\u00edo, la humedad absoluta, etc.<br \/>\nEst\u00e1 especialmente dise\u00f1ada para ofrecer un bajo consumo y una f\u00e1cil integraci\u00f3n en redes mediante la interfaz digital Modbus RTU. Sencilla instalaci\u00f3n ya que se ofrece con conector M12 est\u00e1ndar. Los datos de calibraci\u00f3n y las funciones de medici\u00f3n est\u00e1n almacenados internamente en la electr\u00f3nica de la propia sonda, por lo que las sondas pueden intercambiarse sin ajuste.<\/p>\n<h3>Caracter\u00edsticas<\/h3>\n<p>- Gran precisi\u00f3n en la medici\u00f3n.<br \/>\n- Bajo consumo de energ\u00eda.<br \/>\n- Interfaz Modbus RTU.<br \/>\n- F\u00e1cil integraci\u00f3n en redes.<br \/>\n- Compacto y f\u00e1cilmente intercambiable.<br \/>\n- Excelente protecci\u00f3n contra la contaminaci\u00f3n y la corrosi\u00f3n.<br \/>\n- Excelente estabilidad a largo plazo.<br \/>\n- Amplio rango de temperatura de trabajo.<br \/>\n- Compensaci\u00f3n de temperatura.<br \/>\n- C\u00e1lculo de variables f\u00edsicas adicionales.<br \/>\n- Ajuste y configuraci\u00f3n de Modbus por parte del usuario.<\/p>\n<\/div>\n<\/div><\/div><div id=\"panel-2099-1-1-1\" class=\"so-panel widget widget_sow-button panel-last-child\" data-index=\"4\" ><div\n\t\t\t\n\t\t\tclass=\"so-widget-sow-button so-widget-sow-button-wire-30b3367ab913-2099\"\n\t\t\t\n\t\t><div class=\"ow-button-base ow-button-align-left\">\n\t<a href=\"\/docs-pdf\/GE_EEX_CAT_0041.pdf\" class=\"ow-icon-placement-left ow-button-hover\" \t\t>\n\t\t<span>\n\t\t\t\n\t\t\tVer cat\u00e1logo\t\t<\/span>\n\t<\/a>\n<\/div>\n<\/div><\/div><\/div><\/div><\/div><div id=\"pg-2099-2\"  class=\"panel-grid panel-no-style\" ><div id=\"pgc-2099-2-0\"  class=\"panel-grid-cell panel-grid-cell-empty\" ><\/div><\/div><div id=\"pg-2099-3\"  class=\"panel-grid panel-has-style\" ><div class=\"siteorigin-panels-stretch panel-row-style panel-row-style-for-2099-3\" data-stretch-type=\"full\" ><div id=\"pgc-2099-3-0\"  class=\"panel-grid-cell\" ><div id=\"panel-2099-3-0-0\" class=\"so-panel widget widget_sow-editor panel-first-child\" data-index=\"5\" ><div\n\t\t\t\n\t\t\tclass=\"so-widget-sow-editor so-widget-sow-editor-base\"\n\t\t\t\n\t\t>\n<div class=\"siteorigin-widget-tinymce textwidget\">\n\t<h3 class=\"widget-title\">Sonda de TH HC2A-S3<\/h3>\n<hr \/>\n<\/div>\n<\/div><\/div><div id=\"panel-2099-3-0-1\" class=\"so-panel widget widget_sow-image panel-last-child\" data-index=\"6\" ><div\n\t\t\t\n\t\t\tclass=\"so-widget-sow-image so-widget-sow-image-default-17bc2272b535-2099\"\n\t\t\t\n\t\t>\n\n<div class=\"sow-image-container\">\n\t\t<img src=\"https:\/\/www.seac.es\/es\/wp-content\/uploads\/2019\/07\/hc2a-s3_pfad-1-e1562762644394.jpg\" width=\"340\" height=\"340\" srcset=\"https:\/\/www.seac.es\/es\/wp-content\/uploads\/2019\/07\/hc2a-s3_pfad-1-e1562762644394.jpg 340w, https:\/\/www.seac.es\/es\/wp-content\/uploads\/2019\/07\/hc2a-s3_pfad-1-e1562762644394-150x150.jpg 150w, https:\/\/www.seac.es\/es\/wp-content\/uploads\/2019\/07\/hc2a-s3_pfad-1-e1562762644394-300x300.jpg 300w, https:\/\/www.seac.es\/es\/wp-content\/uploads\/2019\/07\/hc2a-s3_pfad-1-e1562762644394-24x24.jpg 24w, https:\/\/www.seac.es\/es\/wp-content\/uploads\/2019\/07\/hc2a-s3_pfad-1-e1562762644394-36x36.jpg 36w, https:\/\/www.seac.es\/es\/wp-content\/uploads\/2019\/07\/hc2a-s3_pfad-1-e1562762644394-48x48.jpg 48w\" sizes=\"(max-width: 340px) 100vw, 340px\" title=\"HC2A-S3\" alt=\"\" loading=\"lazy\" \t\tclass=\"so-widget-image\"\/>\n\t<\/div>\n\n<\/div><\/div><\/div><div id=\"pgc-2099-3-1\"  class=\"panel-grid-cell\" ><div id=\"panel-2099-3-1-0\" class=\"so-panel widget widget_sow-editor panel-first-child\" data-index=\"7\" ><div\n\t\t\t\n\t\t\tclass=\"so-widget-sow-editor so-widget-sow-editor-base\"\n\t\t\t\n\t\t>\n<div class=\"siteorigin-widget-tinymce textwidget\">\n\t<h3>\u00a0<\/h3>\n<h3>Presentaci\u00f3n<\/h3>\n<p>La sonda HC2A-S3 mide con precisi\u00f3n: humedad, temperatura y calcula el punto de roc\u00edo. Est\u00e1 dise\u00f1ada para cumplir con los requisitos de un gran n\u00famero de aplicaciones y entornos. Los datos de calibraci\u00f3n se almacenan internamente, por lo que las sondas pueden intercambiarse sin ajuste.<\/p>\n<h3>Caracter\u00edsticas<\/h3>\n<p>- Interfaz digital UART.<br \/>- Excelente precisi\u00f3n, repetibilidad y estabilidad a largo plazo.<br \/>- Carcasa de sonda avanzada y construcci\u00f3n.<br \/>- Disponible con sensor intercambiable.<br \/>- Intercambiables en caliente.<br \/>- C\u00e1lculo de punto de roc\u00edo.<br \/>- Se\u00f1ales de salida anal\u00f3gicas escalables por el usuario.<br \/>- Generaci\u00f3n de alarmas.<\/p>\n<\/div>\n<\/div><\/div><div id=\"panel-2099-3-1-1\" class=\"so-panel widget widget_sow-button panel-last-child\" data-index=\"8\" ><div\n\t\t\t\n\t\t\tclass=\"so-widget-sow-button so-widget-sow-button-wire-30b3367ab913-2099\"\n\t\t\t\n\t\t><div class=\"ow-button-base ow-button-align-left\">\n\t<a href=\"\/docs-pdf\/HC2A-S3.pdf\" class=\"ow-icon-placement-left ow-button-hover\" \t\t>\n\t\t<span>\n\t\t\t\n\t\t\tVer cat\u00e1logo\t\t<\/span>\n\t<\/a>\n<\/div>\n<\/div><\/div><\/div><\/div><\/div><div id=\"pg-2099-4\"  class=\"panel-grid panel-no-style\" ><div id=\"pgc-2099-4-0\"  class=\"panel-grid-cell panel-grid-cell-empty\" ><\/div><\/div><\/div>","protected":false},"excerpt":{"rendered":"<p>Sonda de TH EE072 con salida Modbus Presentaci\u00f3n La sonda EE072 Modbus mide con precisi\u00f3n la temperatura y la humedad relativa, adem\u00e1s de calcular variables<\/p>\n","protected":false},"author":1,"featured_media":2100,"parent":664,"menu_order":0,"comment_status":"closed","ping_status":"closed","template":"","meta":[],"yoast_head":"<!-- This site is optimized with the Yoast SEO plugin v19.2 - https:\/\/yoast.com\/wordpress\/plugins\/seo\/ -->\n<title>Sondas de TH - SEAC<\/title>\n<meta name=\"description\" content=\"Una selecci\u00f3n de sondas de terceros, capaces de medir con precisi\u00f3n la temperatura y la humedad relativa, ofreciendo un consumo muy bajo.\" \/>\n<meta name=\"robots\" content=\"index, follow, max-snippet:-1, max-image-preview:large, max-video-preview:-1\" \/>\n<link rel=\"canonical\" href=\"http:\/\/www.seac.es\/es\/productos\/sensores\/sondas-de-th\/\" \/>\n<meta property=\"og:locale\" content=\"es_ES\" \/>\n<meta property=\"og:type\" content=\"article\" \/>\n<meta property=\"og:title\" content=\"Sondas de TH - SEAC\" \/>\n<meta property=\"og:description\" content=\"Una selecci\u00f3n de sondas de terceros, capaces de medir con precisi\u00f3n la temperatura y la humedad relativa, ofreciendo un consumo muy bajo.\" \/>\n<meta property=\"og:url\" content=\"http:\/\/www.seac.es\/es\/productos\/sensores\/sondas-de-th\/\" \/>\n<meta property=\"og:site_name\" content=\"SEAC\" \/>\n<meta property=\"article:modified_time\" content=\"2022-10-04T09:07:20+00:00\" \/>\n<meta property=\"og:image\" content=\"https:\/\/www.seac.es\/es\/wp-content\/uploads\/2019\/07\/ths.jpg\" \/>\n\t<meta property=\"og:image:width\" content=\"902\" \/>\n\t<meta property=\"og:image:height\" content=\"474\" \/>\n\t<meta property=\"og:image:type\" content=\"image\/jpeg\" \/>\n<meta name=\"author\" content=\"adminblogseac\" \/>\n<meta name=\"twitter:card\" content=\"summary_large_image\" \/>\n<meta name=\"twitter:label1\" content=\"Tiempo de lectura\" \/>\n\t<meta name=\"twitter:data1\" content=\"2 minutos\" \/>\n<script type=\"application\/ld+json\" class=\"yoast-schema-graph\">{\"@context\":\"https:\/\/schema.org\",\"@graph\":[{\"@type\":\"Organization\",\"@id\":\"https:\/\/www.seac.es\/es\/#organization\",\"name\":\"SEAC S.A.\",\"url\":\"https:\/\/www.seac.es\/es\/\",\"sameAs\":[],\"logo\":{\"@type\":\"ImageObject\",\"inLanguage\":\"es\",\"@id\":\"https:\/\/www.seac.es\/es\/#\/schema\/logo\/image\/\",\"url\":\"https:\/\/www.seac.es\/es\/wp-content\/uploads\/2017\/08\/logoSEAC240x105.png\",\"contentUrl\":\"https:\/\/www.seac.es\/es\/wp-content\/uploads\/2017\/08\/logoSEAC240x105.png\",\"width\":240,\"height\":105,\"caption\":\"SEAC S.A.\"},\"image\":{\"@id\":\"https:\/\/www.seac.es\/es\/#\/schema\/logo\/image\/\"}},{\"@type\":\"WebSite\",\"@id\":\"https:\/\/www.seac.es\/es\/#website\",\"url\":\"https:\/\/www.seac.es\/es\/\",\"name\":\"SEAC\",\"description\":\"Meteorolog\u00eda y equipos de medida\",\"publisher\":{\"@id\":\"https:\/\/www.seac.es\/es\/#organization\"},\"potentialAction\":[{\"@type\":\"SearchAction\",\"target\":{\"@type\":\"EntryPoint\",\"urlTemplate\":\"https:\/\/www.seac.es\/es\/?s={search_term_string}\"},\"query-input\":\"required name=search_term_string\"}],\"inLanguage\":\"es\"},{\"@type\":\"ImageObject\",\"inLanguage\":\"es\",\"@id\":\"http:\/\/www.seac.es\/es\/productos\/sensores\/sondas-de-th\/#primaryimage\",\"url\":\"https:\/\/www.seac.es\/es\/wp-content\/uploads\/2019\/07\/ths.jpg\",\"contentUrl\":\"https:\/\/www.seac.es\/es\/wp-content\/uploads\/2019\/07\/ths.jpg\",\"width\":902,\"height\":474,\"caption\":\"sensor temperatura humedad\"},{\"@type\":\"WebPage\",\"@id\":\"http:\/\/www.seac.es\/es\/productos\/sensores\/sondas-de-th\/#webpage\",\"url\":\"http:\/\/www.seac.es\/es\/productos\/sensores\/sondas-de-th\/\",\"name\":\"Sondas de TH - SEAC\",\"isPartOf\":{\"@id\":\"https:\/\/www.seac.es\/es\/#website\"},\"primaryImageOfPage\":{\"@id\":\"http:\/\/www.seac.es\/es\/productos\/sensores\/sondas-de-th\/#primaryimage\"},\"datePublished\":\"2019-07-11T09:51:58+00:00\",\"dateModified\":\"2022-10-04T09:07:20+00:00\",\"description\":\"Una selecci\u00f3n de sondas de terceros, capaces de medir con precisi\u00f3n la temperatura y la humedad relativa, ofreciendo un consumo muy bajo.\",\"breadcrumb\":{\"@id\":\"http:\/\/www.seac.es\/es\/productos\/sensores\/sondas-de-th\/#breadcrumb\"},\"inLanguage\":\"es\",\"potentialAction\":[{\"@type\":\"ReadAction\",\"target\":[\"http:\/\/www.seac.es\/es\/productos\/sensores\/sondas-de-th\/\"]}]},{\"@type\":\"BreadcrumbList\",\"@id\":\"http:\/\/www.seac.es\/es\/productos\/sensores\/sondas-de-th\/#breadcrumb\",\"itemListElement\":[{\"@type\":\"ListItem\",\"position\":1,\"name\":\"Portada\",\"item\":\"https:\/\/www.seac.es\/es\/\"},{\"@type\":\"ListItem\",\"position\":2,\"name\":\"Productos\",\"item\":\"https:\/\/www.seac.es\/es\/productos\/\"},{\"@type\":\"ListItem\",\"position\":3,\"name\":\"Sensores\",\"item\":\"https:\/\/www.seac.es\/es\/productos\/sensores\/\"},{\"@type\":\"ListItem\",\"position\":4,\"name\":\"Sondas de TH\"}]}]}<\/script>\n<!-- \/ Yoast SEO plugin. -->","yoast_head_json":{"title":"Sondas de TH - SEAC","description":"Una selecci\u00f3n de sondas de terceros, capaces de medir con precisi\u00f3n la temperatura y la humedad relativa, ofreciendo un consumo muy bajo.","robots":{"index":"index","follow":"follow","max-snippet":"max-snippet:-1","max-image-preview":"max-image-preview:large","max-video-preview":"max-video-preview:-1"},"canonical":"http:\/\/www.seac.es\/es\/productos\/sensores\/sondas-de-th\/","og_locale":"es_ES","og_type":"article","og_title":"Sondas de TH - SEAC","og_description":"Una selecci\u00f3n de sondas de terceros, capaces de medir con precisi\u00f3n la temperatura y la humedad relativa, ofreciendo un consumo muy bajo.","og_url":"http:\/\/www.seac.es\/es\/productos\/sensores\/sondas-de-th\/","og_site_name":"SEAC","article_modified_time":"2022-10-04T09:07:20+00:00","og_image":[{"width":902,"height":474,"url":"https:\/\/www.seac.es\/es\/wp-content\/uploads\/2019\/07\/ths.jpg","type":"image\/jpeg"}],"author":"adminblogseac","twitter_card":"summary_large_image","twitter_misc":{"Tiempo de lectura":"2 minutos"},"schema":{"@context":"https:\/\/schema.org","@graph":[{"@type":"Organization","@id":"https:\/\/www.seac.es\/es\/#organization","name":"SEAC S.A.","url":"https:\/\/www.seac.es\/es\/","sameAs":[],"logo":{"@type":"ImageObject","inLanguage":"es","@id":"https:\/\/www.seac.es\/es\/#\/schema\/logo\/image\/","url":"https:\/\/www.seac.es\/es\/wp-content\/uploads\/2017\/08\/logoSEAC240x105.png","contentUrl":"https:\/\/www.seac.es\/es\/wp-content\/uploads\/2017\/08\/logoSEAC240x105.png","width":240,"height":105,"caption":"SEAC S.A."},"image":{"@id":"https:\/\/www.seac.es\/es\/#\/schema\/logo\/image\/"}},{"@type":"WebSite","@id":"https:\/\/www.seac.es\/es\/#website","url":"https:\/\/www.seac.es\/es\/","name":"SEAC","description":"Meteorolog\u00eda y equipos de medida","publisher":{"@id":"https:\/\/www.seac.es\/es\/#organization"},"potentialAction":[{"@type":"SearchAction","target":{"@type":"EntryPoint","urlTemplate":"https:\/\/www.seac.es\/es\/?s={search_term_string}"},"query-input":"required name=search_term_string"}],"inLanguage":"es"},{"@type":"ImageObject","inLanguage":"es","@id":"http:\/\/www.seac.es\/es\/productos\/sensores\/sondas-de-th\/#primaryimage","url":"https:\/\/www.seac.es\/es\/wp-content\/uploads\/2019\/07\/ths.jpg","contentUrl":"https:\/\/www.seac.es\/es\/wp-content\/uploads\/2019\/07\/ths.jpg","width":902,"height":474,"caption":"sensor temperatura humedad"},{"@type":"WebPage","@id":"http:\/\/www.seac.es\/es\/productos\/sensores\/sondas-de-th\/#webpage","url":"http:\/\/www.seac.es\/es\/productos\/sensores\/sondas-de-th\/","name":"Sondas de TH - SEAC","isPartOf":{"@id":"https:\/\/www.seac.es\/es\/#website"},"primaryImageOfPage":{"@id":"http:\/\/www.seac.es\/es\/productos\/sensores\/sondas-de-th\/#primaryimage"},"datePublished":"2019-07-11T09:51:58+00:00","dateModified":"2022-10-04T09:07:20+00:00","description":"Una selecci\u00f3n de sondas de terceros, capaces de medir con precisi\u00f3n la temperatura y la humedad relativa, ofreciendo un consumo muy bajo.","breadcrumb":{"@id":"http:\/\/www.seac.es\/es\/productos\/sensores\/sondas-de-th\/#breadcrumb"},"inLanguage":"es","potentialAction":[{"@type":"ReadAction","target":["http:\/\/www.seac.es\/es\/productos\/sensores\/sondas-de-th\/"]}]},{"@type":"BreadcrumbList","@id":"http:\/\/www.seac.es\/es\/productos\/sensores\/sondas-de-th\/#breadcrumb","itemListElement":[{"@type":"ListItem","position":1,"name":"Portada","item":"https:\/\/www.seac.es\/es\/"},{"@type":"ListItem","position":2,"name":"Productos","item":"https:\/\/www.seac.es\/es\/productos\/"},{"@type":"ListItem","position":3,"name":"Sensores","item":"https:\/\/www.seac.es\/es\/productos\/sensores\/"},{"@type":"ListItem","position":4,"name":"Sondas de TH"}]}]}},"_links":{"self":[{"href":"https:\/\/www.seac.es\/es\/wp-json\/wp\/v2\/pages\/2099"}],"collection":[{"href":"https:\/\/www.seac.es\/es\/wp-json\/wp\/v2\/pages"}],"about":[{"href":"https:\/\/www.seac.es\/es\/wp-json\/wp\/v2\/types\/page"}],"author":[{"embeddable":true,"href":"https:\/\/www.seac.es\/es\/wp-json\/wp\/v2\/users\/1"}],"replies":[{"embeddable":true,"href":"https:\/\/www.seac.es\/es\/wp-json\/wp\/v2\/comments?post=2099"}],"version-history":[{"count":65,"href":"https:\/\/www.seac.es\/es\/wp-json\/wp\/v2\/pages\/2099\/revisions"}],"predecessor-version":[{"id":3791,"href":"https:\/\/www.seac.es\/es\/wp-json\/wp\/v2\/pages\/2099\/revisions\/3791"}],"up":[{"embeddable":true,"href":"https:\/\/www.seac.es\/es\/wp-json\/wp\/v2\/pages\/664"}],"wp:featuredmedia":[{"embeddable":true,"href":"https:\/\/www.seac.es\/es\/wp-json\/wp\/v2\/media\/2100"}],"wp:attachment":[{"href":"https:\/\/www.seac.es\/es\/wp-json\/wp\/v2\/media?parent=2099"}],"curies":[{"name":"wp","href":"https:\/\/api.w.org\/{rel}","templated":true}]}}