{"id":1912,"date":"2019-07-05T08:08:52","date_gmt":"2019-07-05T08:08:52","guid":{"rendered":"http:\/\/www.seac.es\/es\/?page_id=1912"},"modified":"2022-09-19T07:27:21","modified_gmt":"2022-09-19T07:27:21","slug":"pluviometros","status":"publish","type":"page","link":"https:\/\/www.seac.es\/es\/productos\/sensores\/pluviometros\/","title":{"rendered":"Pluvi\u00f3metros"},"content":{"rendered":"<div id=\"pl-1912\"  class=\"panel-layout\" ><div id=\"pg-1912-0\"  class=\"panel-grid panel-has-style\" ><div class=\"siteorigin-panels-stretch panel-row-style panel-row-style-for-1912-0\" data-stretch-type=\"full-stretched\" ><div id=\"pgc-1912-0-0\"  class=\"panel-grid-cell\" ><div id=\"panel-1912-0-0-0\" class=\"so-panel widget widget_sow-hero panel-first-child panel-last-child\" data-index=\"0\" ><div\n\t\t\t\n\t\t\tclass=\"so-widget-sow-hero so-widget-sow-hero-default-5dfc655a3c7d-1912\"\n\t\t\t\n\t\t><div class=\"sow-slider-base\" style=\"display: none\"><ul\n\t\t\t\t\tclass=\"sow-slider-images\"\n\t\t\t\t\tdata-settings=\"{&quot;pagination&quot;:true,&quot;speed&quot;:800,&quot;timeout&quot;:8000,&quot;paused&quot;:false,&quot;pause_on_hover&quot;:false,&quot;swipe&quot;:false,&quot;nav_always_show_desktop&quot;:&quot;&quot;,&quot;nav_always_show_mobile&quot;:&quot;&quot;,&quot;breakpoint&quot;:&quot;780px&quot;,&quot;unmute&quot;:false,&quot;anchor&quot;:null}\"\n\t\t\t\t\tstyle=\"min-height: 280px\"\t\t\t\t\tdata-anchor-id=\"\"\n\t\t\t\t>\t\t<li class=\"sow-slider-image  sow-slider-image-cover\" style=\"background-color: #333333;background-image: url(https:\/\/www.seac.es\/es\/wp-content\/uploads\/2022\/09\/puddle-g374b81ef1_1920.jpg)\" >\n\t\t\t\t\t<div class=\"sow-slider-image-container\">\n\t\t\t<div class=\"sow-slider-image-wrapper\">\n\t\t\t\t<h2>Pluvi\u00f3metros<\/h2>\n\t\t\t<\/div>\n\t\t<\/div>\n\t\t\t\t<\/li>\n\t\t<\/ul>\t\t\t\t<ol class=\"sow-slider-pagination\">\n\t\t\t\t\t\t\t\t\t\t\t<li><a href=\"#\" data-goto=\"0\" aria-label=\"mostrar diapositiva 1\"><\/a><\/li>\n\t\t\t\t\t\t\t\t\t<\/ol>\n\n\t\t\t\t<div class=\"sow-slide-nav sow-slide-nav-next\">\n\t\t\t\t\t<a href=\"#\" data-goto=\"next\" aria-label=\"diapositiva siguiente\" data-action=\"next\">\n\t\t\t\t\t\t<em class=\"sow-sld-icon-thin-right\"><\/em>\n\t\t\t\t\t<\/a>\n\t\t\t\t<\/div>\n\n\t\t\t\t<div class=\"sow-slide-nav sow-slide-nav-prev\">\n\t\t\t\t\t<a href=\"#\" data-goto=\"previous\" aria-label=\"diapositiva anterior\" data-action=\"prev\">\n\t\t\t\t\t\t<em class=\"sow-sld-icon-thin-left\"><\/em>\n\t\t\t\t\t<\/a>\n\t\t\t\t<\/div>\n\t\t\t\t<\/div><\/div><\/div><\/div><\/div><\/div><div id=\"pg-1912-1\"  class=\"panel-grid panel-has-style\" ><div class=\"siteorigin-panels-stretch panel-row-style panel-row-style-for-1912-1\" data-stretch-type=\"full\" ><div id=\"pgc-1912-1-0\"  class=\"panel-grid-cell\" ><div id=\"panel-1912-1-0-0\" class=\"so-panel widget widget_sow-editor panel-first-child\" data-index=\"1\" ><div\n\t\t\t\n\t\t\tclass=\"so-widget-sow-editor so-widget-sow-editor-base\"\n\t\t\t\n\t\t>\n<div class=\"siteorigin-widget-tinymce textwidget\">\n\t<h3 class=\"widget-title\">Rain[e] Modbus<\/h3>\n<hr \/>\n<\/div>\n<\/div><\/div><div id=\"panel-1912-1-0-1\" class=\"so-panel widget widget_sow-image panel-last-child\" data-index=\"2\" ><div\n\t\t\t\n\t\t\tclass=\"so-widget-sow-image so-widget-sow-image-default-17bc2272b535-1912\"\n\t\t\t\n\t\t>\n\n<div class=\"sow-image-container\">\n\t\t<img src=\"https:\/\/www.seac.es\/es\/wp-content\/uploads\/2019\/06\/raine-Modbus-45-e1655724421844.png\" width=\"237\" height=\"271\" sizes=\"(max-width: 237px) 100vw, 237px\" title=\"Rain[e] Modbus\" alt=\"\" loading=\"lazy\" \t\tclass=\"so-widget-image\"\/>\n\t<\/div>\n\n<\/div><\/div><\/div><div id=\"pgc-1912-1-1\"  class=\"panel-grid-cell\" ><div id=\"panel-1912-1-1-0\" class=\"so-panel widget widget_sow-editor panel-first-child\" data-index=\"3\" ><div\n\t\t\t\n\t\t\tclass=\"so-widget-sow-editor so-widget-sow-editor-base\"\n\t\t\t\n\t\t>\n<div class=\"siteorigin-widget-tinymce textwidget\">\n\t<h3>\u00a0<\/h3>\n<h3>Presentaci\u00f3n<\/h3>\n<p>El primero de una nueva clase. La \u00faltima tecnolog\u00eda de pesada combinada con un sistema de recogida autovaciante permite al rain[e] unas alta resoluci\u00f3n y precisi\u00f3n en un volumen muy peque\u00f1o.<br \/>Habr\u00e1 medida desde la primera gota. El rain[e] es ideal tanto para implantar una nueva red de medida como para a\u00f1adirle a una red existente.<br \/>El interface Modbus RTU simplifica la instalaci\u00f3n del sensor y la integraci\u00f3n en redes.<\/p>\n<h3>Caracter\u00edsticas<\/h3>\n<p>- Incre\u00edbles resoluci\u00f3n y exactitud.<br \/>- Verificaci\u00f3n de sensores de balanc\u00edn y otros sistemas de pesada.<br \/>- Construcci\u00f3n compacta y robusta con muy poco peso.<br \/>- Caja enteramente met\u00e1lica, estanca y duradera.<br \/>- La mejor conectividad por varias interfaces.<br \/>- Instalaci\u00f3n y mantenimiento sencillos.<\/p>\n<\/div>\n<\/div><\/div><div id=\"panel-1912-1-1-1\" class=\"so-panel widget widget_sow-button panel-last-child\" data-index=\"4\" ><div\n\t\t\t\n\t\t\tclass=\"so-widget-sow-button so-widget-sow-button-wire-30b3367ab913-1912\"\n\t\t\t\n\t\t><div class=\"ow-button-base ow-button-align-left\">\n\t<a href=\"\/docs-pdf\/Precipitation%20sensor%20rain%5Be%5D_Modbus.pdf\" class=\"ow-icon-placement-left ow-button-hover\" \t\t>\n\t\t<span>\n\t\t\t\n\t\t\tVer cat\u00e1logo\t\t<\/span>\n\t<\/a>\n<\/div>\n<\/div><\/div><\/div><\/div><\/div><div id=\"pg-1912-2\"  class=\"panel-grid panel-no-style\" ><div id=\"pgc-1912-2-0\"  class=\"panel-grid-cell panel-grid-cell-empty\" ><\/div><\/div><div id=\"pg-1912-3\"  class=\"panel-grid panel-has-style\" ><div class=\"siteorigin-panels-stretch panel-row-style panel-row-style-for-1912-3\" data-stretch-type=\"full\" ><div id=\"pgc-1912-3-0\"  class=\"panel-grid-cell\" ><div id=\"panel-1912-3-0-0\" class=\"so-panel widget widget_sow-editor panel-first-child\" data-index=\"5\" ><div\n\t\t\t\n\t\t\tclass=\"so-widget-sow-editor so-widget-sow-editor-base\"\n\t\t\t\n\t\t>\n<div class=\"siteorigin-widget-tinymce textwidget\">\n\t<h3 class=\"widget-title\">Sensor de\u00a0precipitaci\u00f3n (15189)<\/h3>\n<hr \/>\n<\/div>\n<\/div><\/div><div id=\"panel-1912-3-0-1\" class=\"so-panel widget widget_sow-image panel-last-child\" data-index=\"6\" ><div\n\t\t\t\n\t\t\tclass=\"so-widget-sow-image so-widget-sow-image-default-17bc2272b535-1912\"\n\t\t\t\n\t\t>\n\n<div class=\"sow-image-container\">\n\t\t<img src=\"https:\/\/www.seac.es\/es\/wp-content\/uploads\/2019\/06\/PRECIPITATION-SENSOR40.png\" width=\"258\" height=\"299\" srcset=\"https:\/\/www.seac.es\/es\/wp-content\/uploads\/2019\/06\/PRECIPITATION-SENSOR40.png 258w, https:\/\/www.seac.es\/es\/wp-content\/uploads\/2019\/06\/PRECIPITATION-SENSOR40-21x24.png 21w, https:\/\/www.seac.es\/es\/wp-content\/uploads\/2019\/06\/PRECIPITATION-SENSOR40-31x36.png 31w, https:\/\/www.seac.es\/es\/wp-content\/uploads\/2019\/06\/PRECIPITATION-SENSOR40-41x48.png 41w\" sizes=\"(max-width: 258px) 100vw, 258px\" title=\"Sensor de\u00a0precipitaci\u00f3n (15189)\" alt=\"\" loading=\"lazy\" \t\tclass=\"so-widget-image\"\/>\n\t<\/div>\n\n<\/div><\/div><\/div><div id=\"pgc-1912-3-1\"  class=\"panel-grid-cell\" ><div id=\"panel-1912-3-1-0\" class=\"so-panel widget widget_sow-editor panel-first-child\" data-index=\"7\" ><div\n\t\t\t\n\t\t\tclass=\"so-widget-sow-editor so-widget-sow-editor-base\"\n\t\t\t\n\t\t>\n<div class=\"siteorigin-widget-tinymce textwidget\">\n\t<h3>\u00a0<\/h3>\n<h3>Presentaci\u00f3n<\/h3>\n<p>Evolucionado por la experiencia y equipado con las caracter\u00edsticas y ventajas de sus precursores, el sensor 15189 es el ganador en su clase.<br \/>Su funcionalidad cumple exactamente las necesidades de las meteorolog\u00eda e hidrolog\u00eda cl\u00e1sicas as\u00ed como la meteorolog\u00eda industrial profesional.<br \/>El sensor y sus variantes son una inversi\u00f3n muy eficiente y econ\u00f3mica para siempre.<\/p>\n<h3>Caracter\u00edsticas<\/h3>\n<p>- Mejor relaci\u00f3n precio\/prestaciones en su clase.<br \/>- Sensor individual o parte de una estaci\u00f3n meteorol\u00f3gica.<br \/>- Sistema de medida muy fiable.<br \/>- Materiales de alta calidad.<br \/>- F\u00e1cil instalaci\u00f3n.<\/p>\n<\/div>\n<\/div><\/div><div id=\"panel-1912-3-1-1\" class=\"so-panel widget widget_sow-button panel-last-child\" data-index=\"8\" ><div\n\t\t\t\n\t\t\tclass=\"so-widget-sow-button so-widget-sow-button-wire-30b3367ab913-1912\"\n\t\t\t\n\t\t><div class=\"ow-button-base ow-button-align-left\">\n\t<a href=\"\/docs-pdf\/Precipitation%20sensor%2015189.pdf\" class=\"ow-icon-placement-left ow-button-hover\" \t\t>\n\t\t<span>\n\t\t\t\n\t\t\tVer cat\u00e1logo\t\t<\/span>\n\t<\/a>\n<\/div>\n<\/div><\/div><\/div><\/div><\/div><div id=\"pg-1912-4\"  class=\"panel-grid panel-no-style\" ><div id=\"pgc-1912-4-0\"  class=\"panel-grid-cell panel-grid-cell-empty\" ><\/div><\/div><div id=\"pg-1912-5\"  class=\"panel-grid panel-has-style\" ><div class=\"siteorigin-panels-stretch panel-row-style panel-row-style-for-1912-5\" data-stretch-type=\"full\" ><div id=\"pgc-1912-5-0\"  class=\"panel-grid-cell\" ><div id=\"panel-1912-5-0-0\" class=\"so-panel widget widget_sow-editor panel-first-child\" data-index=\"9\" ><div\n\t\t\t\n\t\t\tclass=\"so-widget-sow-editor so-widget-sow-editor-base\"\n\t\t\t\n\t\t>\n<div class=\"siteorigin-widget-tinymce textwidget\">\n\t<h3 class=\"widget-title\">Rain-O\u2010Matic Pluvi\u00f3metro Profesional<\/h3>\n<hr \/>\n<\/div>\n<\/div><\/div><div id=\"panel-1912-5-0-1\" class=\"so-panel widget widget_sow-image panel-last-child\" data-index=\"10\" ><div\n\t\t\t\n\t\t\tclass=\"so-widget-sow-image so-widget-sow-image-default-17bc2272b535-1912\"\n\t\t\t\n\t\t>\n\n<div class=\"sow-image-container\">\n\t\t<img src=\"https:\/\/www.seac.es\/es\/wp-content\/uploads\/2019\/06\/getimage-2.jpg\" width=\"369\" height=\"306\" srcset=\"https:\/\/www.seac.es\/es\/wp-content\/uploads\/2019\/06\/getimage-2.jpg 369w, https:\/\/www.seac.es\/es\/wp-content\/uploads\/2019\/06\/getimage-2-300x249.jpg 300w, https:\/\/www.seac.es\/es\/wp-content\/uploads\/2019\/06\/getimage-2-24x20.jpg 24w, https:\/\/www.seac.es\/es\/wp-content\/uploads\/2019\/06\/getimage-2-36x30.jpg 36w, https:\/\/www.seac.es\/es\/wp-content\/uploads\/2019\/06\/getimage-2-48x40.jpg 48w\" sizes=\"(max-width: 369px) 100vw, 369px\" title=\"Rain-O\u2010Matic Pluvi\u00f3metro Profesional\" alt=\"\" loading=\"lazy\" \t\tclass=\"so-widget-image\"\/>\n\t<\/div>\n\n<\/div><\/div><\/div><div id=\"pgc-1912-5-1\"  class=\"panel-grid-cell\" ><div id=\"panel-1912-5-1-0\" class=\"so-panel widget widget_sow-editor panel-first-child\" data-index=\"11\" ><div\n\t\t\t\n\t\t\tclass=\"so-widget-sow-editor so-widget-sow-editor-base\"\n\t\t\t\n\t\t>\n<div class=\"siteorigin-widget-tinymce textwidget\">\n\t<h3>\u00a0<\/h3>\n<h3>Presentaci\u00f3n<\/h3>\n<p>Rain-O-Matic profesional, es uno de los pluvi\u00f3metros m\u00e1s precisos y fiables del mercado.<br \/>Mide la precipitaci\u00f3n por medio de un embudo, que lleva el agua hacia un \u00fanico recipiente de vaciado autom\u00e1tico que se mantiene en su lugar mediante un im\u00e1n de ferrita, el cual ejerce solo la tensi\u00f3n necesaria para permitir que la cubeta se vac\u00ede en un movimiento r\u00e1pido y luego vuelva a su posici\u00f3n normal, listo para volver a acumular precipitaci\u00f3n. El contrapeso siempre es el mismo, al contrario de los balancines convencionales de dos cubetas.<\/p>\n<h3>Caracter\u00edsticas<\/h3>\n<p>- Mediciones m\u00e1s precisas.<br \/>- Sensores de lluvia con m\u00ednimo mantenimiento.<br \/>- Solo un tornillo de ajuste que facilita la recalibraci\u00f3n.<br \/>- Fabricado con materiales pl\u00e1sticos de alta calidad extremadamente resistente en condiciones clim\u00e1ticas severas.<br \/>- Dise\u00f1o sencillo para una larga vida \u00fatil.<\/p>\n<\/div>\n<\/div><\/div><div id=\"panel-1912-5-1-1\" class=\"so-panel widget widget_sow-button panel-last-child\" data-index=\"12\" ><div\n\t\t\t\n\t\t\tclass=\"so-widget-sow-button so-widget-sow-button-wire-30b3367ab913-1912\"\n\t\t\t\n\t\t><div class=\"ow-button-base ow-button-align-left\">\n\t<a href=\"\/docs-pdf\/Precipitation%20sensor%20-Professional.pdf\" class=\"ow-icon-placement-left ow-button-hover\" \t\t>\n\t\t<span>\n\t\t\t\n\t\t\tVer cat\u00e1logo\t\t<\/span>\n\t<\/a>\n<\/div>\n<\/div><\/div><\/div><\/div><\/div><\/div>","protected":false},"excerpt":{"rendered":"<p>Rain[e] Modbus \u00a0 Presentaci\u00f3n El primero de una nueva clase. La \u00faltima tecnolog\u00eda de pesada combinada con un sistema de recogida autovaciante permite al rain[e]<\/p>\n","protected":false},"author":1,"featured_media":1902,"parent":664,"menu_order":0,"comment_status":"closed","ping_status":"closed","template":"","meta":[],"yoast_head":"<!-- This site is optimized with the Yoast SEO plugin v19.2 - https:\/\/yoast.com\/wordpress\/plugins\/seo\/ -->\n<title>Pluvi\u00f3metros - SEAC<\/title>\n<meta name=\"description\" content=\"Pluvi\u00f3metros de altas prestaciones, capaces de trabajar en condiciones ambientales severas.\" \/>\n<meta name=\"robots\" content=\"index, follow, max-snippet:-1, max-image-preview:large, max-video-preview:-1\" \/>\n<link rel=\"canonical\" href=\"https:\/\/www.seac.es\/es\/productos\/sensores\/pluviometros\/\" \/>\n<meta property=\"og:locale\" content=\"es_ES\" \/>\n<meta property=\"og:type\" content=\"article\" \/>\n<meta property=\"og:title\" content=\"Pluvi\u00f3metros - SEAC\" \/>\n<meta property=\"og:description\" content=\"Pluvi\u00f3metros de altas prestaciones, capaces de trabajar en condiciones ambientales severas.\" \/>\n<meta property=\"og:url\" content=\"https:\/\/www.seac.es\/es\/productos\/sensores\/pluviometros\/\" \/>\n<meta property=\"og:site_name\" content=\"SEAC\" \/>\n<meta property=\"article:modified_time\" content=\"2022-09-19T07:27:21+00:00\" \/>\n<meta property=\"og:image\" content=\"https:\/\/www.seac.es\/es\/wp-content\/uploads\/2019\/06\/pluviometros.png\" \/>\n\t<meta property=\"og:image:width\" content=\"826\" \/>\n\t<meta property=\"og:image:height\" content=\"589\" \/>\n\t<meta property=\"og:image:type\" content=\"image\/png\" \/>\n<meta name=\"author\" content=\"adminblogseac\" \/>\n<meta name=\"twitter:card\" content=\"summary_large_image\" \/>\n<meta name=\"twitter:label1\" content=\"Tiempo de lectura\" \/>\n\t<meta name=\"twitter:data1\" content=\"2 minutos\" \/>\n<script type=\"application\/ld+json\" class=\"yoast-schema-graph\">{\"@context\":\"https:\/\/schema.org\",\"@graph\":[{\"@type\":\"Organization\",\"@id\":\"https:\/\/www.seac.es\/es\/#organization\",\"name\":\"SEAC S.A.\",\"url\":\"https:\/\/www.seac.es\/es\/\",\"sameAs\":[],\"logo\":{\"@type\":\"ImageObject\",\"inLanguage\":\"es\",\"@id\":\"https:\/\/www.seac.es\/es\/#\/schema\/logo\/image\/\",\"url\":\"https:\/\/www.seac.es\/es\/wp-content\/uploads\/2017\/08\/logoSEAC240x105.png\",\"contentUrl\":\"https:\/\/www.seac.es\/es\/wp-content\/uploads\/2017\/08\/logoSEAC240x105.png\",\"width\":240,\"height\":105,\"caption\":\"SEAC S.A.\"},\"image\":{\"@id\":\"https:\/\/www.seac.es\/es\/#\/schema\/logo\/image\/\"}},{\"@type\":\"WebSite\",\"@id\":\"https:\/\/www.seac.es\/es\/#website\",\"url\":\"https:\/\/www.seac.es\/es\/\",\"name\":\"SEAC\",\"description\":\"Meteorolog\u00eda y equipos de medida\",\"publisher\":{\"@id\":\"https:\/\/www.seac.es\/es\/#organization\"},\"potentialAction\":[{\"@type\":\"SearchAction\",\"target\":{\"@type\":\"EntryPoint\",\"urlTemplate\":\"https:\/\/www.seac.es\/es\/?s={search_term_string}\"},\"query-input\":\"required name=search_term_string\"}],\"inLanguage\":\"es\"},{\"@type\":\"ImageObject\",\"inLanguage\":\"es\",\"@id\":\"https:\/\/www.seac.es\/es\/productos\/sensores\/pluviometros\/#primaryimage\",\"url\":\"https:\/\/www.seac.es\/es\/wp-content\/uploads\/2019\/06\/pluviometros.png\",\"contentUrl\":\"https:\/\/www.seac.es\/es\/wp-content\/uploads\/2019\/06\/pluviometros.png\",\"width\":826,\"height\":589},{\"@type\":\"WebPage\",\"@id\":\"https:\/\/www.seac.es\/es\/productos\/sensores\/pluviometros\/#webpage\",\"url\":\"https:\/\/www.seac.es\/es\/productos\/sensores\/pluviometros\/\",\"name\":\"Pluvi\u00f3metros - SEAC\",\"isPartOf\":{\"@id\":\"https:\/\/www.seac.es\/es\/#website\"},\"primaryImageOfPage\":{\"@id\":\"https:\/\/www.seac.es\/es\/productos\/sensores\/pluviometros\/#primaryimage\"},\"datePublished\":\"2019-07-05T08:08:52+00:00\",\"dateModified\":\"2022-09-19T07:27:21+00:00\",\"description\":\"Pluvi\u00f3metros de altas prestaciones, capaces de trabajar en condiciones ambientales severas.\",\"breadcrumb\":{\"@id\":\"https:\/\/www.seac.es\/es\/productos\/sensores\/pluviometros\/#breadcrumb\"},\"inLanguage\":\"es\",\"potentialAction\":[{\"@type\":\"ReadAction\",\"target\":[\"https:\/\/www.seac.es\/es\/productos\/sensores\/pluviometros\/\"]}]},{\"@type\":\"BreadcrumbList\",\"@id\":\"https:\/\/www.seac.es\/es\/productos\/sensores\/pluviometros\/#breadcrumb\",\"itemListElement\":[{\"@type\":\"ListItem\",\"position\":1,\"name\":\"Portada\",\"item\":\"https:\/\/www.seac.es\/es\/\"},{\"@type\":\"ListItem\",\"position\":2,\"name\":\"Productos\",\"item\":\"https:\/\/www.seac.es\/es\/productos\/\"},{\"@type\":\"ListItem\",\"position\":3,\"name\":\"Sensores\",\"item\":\"https:\/\/www.seac.es\/es\/productos\/sensores\/\"},{\"@type\":\"ListItem\",\"position\":4,\"name\":\"Pluvi\u00f3metros\"}]}]}<\/script>\n<!-- \/ Yoast SEO plugin. -->","yoast_head_json":{"title":"Pluvi\u00f3metros - SEAC","description":"Pluvi\u00f3metros de altas prestaciones, capaces de trabajar en condiciones ambientales severas.","robots":{"index":"index","follow":"follow","max-snippet":"max-snippet:-1","max-image-preview":"max-image-preview:large","max-video-preview":"max-video-preview:-1"},"canonical":"https:\/\/www.seac.es\/es\/productos\/sensores\/pluviometros\/","og_locale":"es_ES","og_type":"article","og_title":"Pluvi\u00f3metros - SEAC","og_description":"Pluvi\u00f3metros de altas prestaciones, capaces de trabajar en condiciones ambientales severas.","og_url":"https:\/\/www.seac.es\/es\/productos\/sensores\/pluviometros\/","og_site_name":"SEAC","article_modified_time":"2022-09-19T07:27:21+00:00","og_image":[{"width":826,"height":589,"url":"https:\/\/www.seac.es\/es\/wp-content\/uploads\/2019\/06\/pluviometros.png","type":"image\/png"}],"author":"adminblogseac","twitter_card":"summary_large_image","twitter_misc":{"Tiempo de lectura":"2 minutos"},"schema":{"@context":"https:\/\/schema.org","@graph":[{"@type":"Organization","@id":"https:\/\/www.seac.es\/es\/#organization","name":"SEAC S.A.","url":"https:\/\/www.seac.es\/es\/","sameAs":[],"logo":{"@type":"ImageObject","inLanguage":"es","@id":"https:\/\/www.seac.es\/es\/#\/schema\/logo\/image\/","url":"https:\/\/www.seac.es\/es\/wp-content\/uploads\/2017\/08\/logoSEAC240x105.png","contentUrl":"https:\/\/www.seac.es\/es\/wp-content\/uploads\/2017\/08\/logoSEAC240x105.png","width":240,"height":105,"caption":"SEAC S.A."},"image":{"@id":"https:\/\/www.seac.es\/es\/#\/schema\/logo\/image\/"}},{"@type":"WebSite","@id":"https:\/\/www.seac.es\/es\/#website","url":"https:\/\/www.seac.es\/es\/","name":"SEAC","description":"Meteorolog\u00eda y equipos de medida","publisher":{"@id":"https:\/\/www.seac.es\/es\/#organization"},"potentialAction":[{"@type":"SearchAction","target":{"@type":"EntryPoint","urlTemplate":"https:\/\/www.seac.es\/es\/?s={search_term_string}"},"query-input":"required name=search_term_string"}],"inLanguage":"es"},{"@type":"ImageObject","inLanguage":"es","@id":"https:\/\/www.seac.es\/es\/productos\/sensores\/pluviometros\/#primaryimage","url":"https:\/\/www.seac.es\/es\/wp-content\/uploads\/2019\/06\/pluviometros.png","contentUrl":"https:\/\/www.seac.es\/es\/wp-content\/uploads\/2019\/06\/pluviometros.png","width":826,"height":589},{"@type":"WebPage","@id":"https:\/\/www.seac.es\/es\/productos\/sensores\/pluviometros\/#webpage","url":"https:\/\/www.seac.es\/es\/productos\/sensores\/pluviometros\/","name":"Pluvi\u00f3metros - SEAC","isPartOf":{"@id":"https:\/\/www.seac.es\/es\/#website"},"primaryImageOfPage":{"@id":"https:\/\/www.seac.es\/es\/productos\/sensores\/pluviometros\/#primaryimage"},"datePublished":"2019-07-05T08:08:52+00:00","dateModified":"2022-09-19T07:27:21+00:00","description":"Pluvi\u00f3metros de altas prestaciones, capaces de trabajar en condiciones ambientales severas.","breadcrumb":{"@id":"https:\/\/www.seac.es\/es\/productos\/sensores\/pluviometros\/#breadcrumb"},"inLanguage":"es","potentialAction":[{"@type":"ReadAction","target":["https:\/\/www.seac.es\/es\/productos\/sensores\/pluviometros\/"]}]},{"@type":"BreadcrumbList","@id":"https:\/\/www.seac.es\/es\/productos\/sensores\/pluviometros\/#breadcrumb","itemListElement":[{"@type":"ListItem","position":1,"name":"Portada","item":"https:\/\/www.seac.es\/es\/"},{"@type":"ListItem","position":2,"name":"Productos","item":"https:\/\/www.seac.es\/es\/productos\/"},{"@type":"ListItem","position":3,"name":"Sensores","item":"https:\/\/www.seac.es\/es\/productos\/sensores\/"},{"@type":"ListItem","position":4,"name":"Pluvi\u00f3metros"}]}]}},"_links":{"self":[{"href":"https:\/\/www.seac.es\/es\/wp-json\/wp\/v2\/pages\/1912"}],"collection":[{"href":"https:\/\/www.seac.es\/es\/wp-json\/wp\/v2\/pages"}],"about":[{"href":"https:\/\/www.seac.es\/es\/wp-json\/wp\/v2\/types\/page"}],"author":[{"embeddable":true,"href":"https:\/\/www.seac.es\/es\/wp-json\/wp\/v2\/users\/1"}],"replies":[{"embeddable":true,"href":"https:\/\/www.seac.es\/es\/wp-json\/wp\/v2\/comments?post=1912"}],"version-history":[{"count":122,"href":"https:\/\/www.seac.es\/es\/wp-json\/wp\/v2\/pages\/1912\/revisions"}],"predecessor-version":[{"id":3391,"href":"https:\/\/www.seac.es\/es\/wp-json\/wp\/v2\/pages\/1912\/revisions\/3391"}],"up":[{"embeddable":true,"href":"https:\/\/www.seac.es\/es\/wp-json\/wp\/v2\/pages\/664"}],"wp:featuredmedia":[{"embeddable":true,"href":"https:\/\/www.seac.es\/es\/wp-json\/wp\/v2\/media\/1902"}],"wp:attachment":[{"href":"https:\/\/www.seac.es\/es\/wp-json\/wp\/v2\/media?parent=1912"}],"curies":[{"name":"wp","href":"https:\/\/api.w.org\/{rel}","templated":true}]}}