{"id":1795,"date":"2019-06-04T07:23:55","date_gmt":"2019-06-04T07:23:55","guid":{"rendered":"http:\/\/www.seac.es\/es\/?page_id=1795"},"modified":"2022-07-21T11:15:28","modified_gmt":"2022-07-21T11:15:28","slug":"tmc70","status":"publish","type":"page","link":"https:\/\/www.seac.es\/es\/productos\/sensores\/tmc70\/","title":{"rendered":"TMC70"},"content":{"rendered":"<div id=\"pl-1795\"  class=\"panel-layout\" ><div id=\"pg-1795-0\"  class=\"panel-grid panel-has-style\" ><div class=\"siteorigin-panels-stretch panel-row-style panel-row-style-for-1795-0\" data-stretch-type=\"full\" ><div id=\"pgc-1795-0-0\"  class=\"panel-grid-cell\" ><div id=\"panel-1795-0-0-0\" class=\"so-panel widget widget_sow-editor panel-first-child panel-last-child\" data-index=\"0\" ><div class=\"panel-widget-style panel-widget-style-for-1795-0-0-0\" ><div\n\t\t\t\n\t\t\tclass=\"so-widget-sow-editor so-widget-sow-editor-base\"\n\t\t\t\n\t\t>\n<div class=\"siteorigin-widget-tinymce textwidget\">\n\t<h1>\u00a0<\/h1>\n<h1>TMC70 - Transmisor meteorol\u00f3gico compacto<\/h1>\n<\/div>\n<\/div><\/div><\/div><\/div><\/div><\/div><div id=\"pg-1795-1\"  class=\"panel-grid panel-has-style\" ><div class=\"siteorigin-panels-stretch panel-row-style panel-row-style-for-1795-1\" data-stretch-type=\"full\" ><div id=\"pgc-1795-1-0\"  class=\"panel-grid-cell\" ><div id=\"panel-1795-1-0-0\" class=\"so-panel widget widget_sow-image panel-first-child panel-last-child\" data-index=\"1\" ><div\n\t\t\t\n\t\t\tclass=\"so-widget-sow-image so-widget-sow-image-default-2ec334f0a340-1795\"\n\t\t\t\n\t\t>\n\n<div class=\"sow-image-container\">\n\t\t<img src=\"https:\/\/www.seac.es\/es\/wp-content\/uploads\/2022\/04\/TMC70TRANSP2.png\" width=\"3000\" height=\"2000\" srcset=\"https:\/\/www.seac.es\/es\/wp-content\/uploads\/2022\/04\/TMC70TRANSP2.png 3000w, https:\/\/www.seac.es\/es\/wp-content\/uploads\/2022\/04\/TMC70TRANSP2-300x200.png 300w, https:\/\/www.seac.es\/es\/wp-content\/uploads\/2022\/04\/TMC70TRANSP2-768x512.png 768w, https:\/\/www.seac.es\/es\/wp-content\/uploads\/2022\/04\/TMC70TRANSP2-1024x683.png 1024w, https:\/\/www.seac.es\/es\/wp-content\/uploads\/2022\/04\/TMC70TRANSP2-24x16.png 24w, https:\/\/www.seac.es\/es\/wp-content\/uploads\/2022\/04\/TMC70TRANSP2-36x24.png 36w, https:\/\/www.seac.es\/es\/wp-content\/uploads\/2022\/04\/TMC70TRANSP2-48x32.png 48w, https:\/\/www.seac.es\/es\/wp-content\/uploads\/2022\/04\/TMC70TRANSP2-272x182.png 272w\" sizes=\"(max-width: 3000px) 100vw, 3000px\" alt=\"\" loading=\"lazy\" \t\tclass=\"so-widget-image\"\/>\n\t<\/div>\n\n<\/div><\/div><\/div><div id=\"pgc-1795-1-1\"  class=\"panel-grid-cell\" ><div id=\"panel-1795-1-1-0\" class=\"so-panel widget widget_sow-editor panel-first-child\" data-index=\"2\" ><div\n\t\t\t\n\t\t\tclass=\"so-widget-sow-editor so-widget-sow-editor-base\"\n\t\t\t\n\t\t>\n<div class=\"siteorigin-widget-tinymce textwidget\">\n\t<h3>Presentaci\u00f3n<\/h3>\n<p>Con el mundo cada vez m\u00e1s dependiente de las condiciones meteorol\u00f3gicas, es importante medir con precisi\u00f3n los par\u00e1metros relativos a las principales variables atmosf\u00e9ricas. El transmisor meteorol\u00f3gico compacto de Seac TMC70 ofrece la soluci\u00f3n m\u00e1s actual para medir con un solo instrumento: velocidad y direcci\u00f3n del viento, temperatura, humedad, precipitaci\u00f3n, radiaci\u00f3n solar y presi\u00f3n barom\u00e9trica.<\/p>\n<h3>Caracter\u00edsticas<\/h3>\n<p>- Emplea tecnolog\u00eda de sensores ultras\u00f3nicos para medir la velocidad y direcci\u00f3n del viento y radar Doppler para medida de precipitaci\u00f3n. <br \/>- Estructura robusta.<br \/>- Compacto, ligero y sin partes m\u00f3viles.<br \/>- F\u00e1cil instalaci\u00f3n y mantenimiento.<br \/>- Sistema de calefacci\u00f3n integrada.<br \/>- GPS y br\u00fajula electr\u00f3nica internos opcionales.<br \/>- La salida de datos se hace en RS485, con protocolos MODBUS, NMEA-0183 o SDI12.<\/p>\n<\/div>\n<\/div><\/div><div id=\"panel-1795-1-1-1\" class=\"so-panel widget widget_sow-button panel-last-child\" data-index=\"3\" ><div\n\t\t\t\n\t\t\tclass=\"so-widget-sow-button so-widget-sow-button-wire-30b3367ab913-1795\"\n\t\t\t\n\t\t><div class=\"ow-button-base ow-button-align-left\">\n\t<a href=\"\/docs-pdf\/GE_IE_CAT_0022.pdf\" class=\"ow-icon-placement-left ow-button-hover\" \t\t>\n\t\t<span>\n\t\t\t\n\t\t\tVer cat\u00e1logo\t\t<\/span>\n\t<\/a>\n<\/div>\n<\/div><\/div><\/div><\/div><\/div><div id=\"pg-1795-2\"  class=\"panel-grid panel-has-style\" ><div class=\"siteorigin-panels-stretch panel-row-style panel-row-style-for-1795-2\" data-stretch-type=\"full\" ><div id=\"pgc-1795-2-0\"  class=\"panel-grid-cell\" ><div id=\"panel-1795-2-0-0\" class=\"so-panel widget widget_sow-editor panel-first-child panel-last-child\" data-index=\"4\" ><div class=\"panel-widget-style panel-widget-style-for-1795-2-0-0\" ><div\n\t\t\t\n\t\t\tclass=\"so-widget-sow-editor so-widget-sow-editor-base\"\n\t\t\t\n\t\t>\n<div class=\"siteorigin-widget-tinymce textwidget\">\n\t<h1>\u00a0<\/h1>\n<h1>TMC70\u00a0Caracter\u00edsticas t\u00e9cnicas<\/h1>\n<\/div>\n<\/div><\/div><\/div><\/div><\/div><\/div><div id=\"pg-1795-3\"  class=\"panel-grid panel-has-style\" ><div class=\"siteorigin-panels-stretch panel-row-style panel-row-style-for-1795-3\" data-stretch-type=\"full\" ><div id=\"pgc-1795-3-0\"  class=\"panel-grid-cell\" ><div id=\"panel-1795-3-0-0\" class=\"so-panel widget widget_sow-editor panel-first-child panel-last-child\" data-index=\"5\" ><div\n\t\t\t\n\t\t\tclass=\"so-widget-sow-editor so-widget-sow-editor-base\"\n\t\t\t\n\t\t>\n<div class=\"siteorigin-widget-tinymce textwidget\">\n\t<p><strong>Dimensiones<\/strong><\/p>\n<hr \/>\n<table>\n<tbody>\n<tr>\n<td width=\"135\">Di\u00e1metro<\/td>\n<td width=\"170\">144mm<\/td>\n<\/tr>\n<tr>\n<td width=\"135\">Altura<\/td>\n<td width=\"170\">248mm<\/td>\n<\/tr>\n<tr>\n<td width=\"135\">Peso aprox.<\/td>\n<td width=\"170\">720gr<\/td>\n<\/tr>\n<\/tbody>\n<\/table>\n<p><strong>Temperatura<\/strong><\/p>\n<hr \/>\n<table>\n<tbody>\n<tr>\n<td width=\"135\">Rango de medida<\/td>\n<td width=\"170\">-40~80\u00b0C<\/td>\n<\/tr>\n<tr>\n<td width=\"135\">Precisi\u00f3n<\/td>\n<td width=\"170\">\u00b10.5\u00b0C<\/td>\n<\/tr>\n<\/tbody>\n<\/table>\n<p><strong>Humedad Relativa<\/strong><\/p>\n<hr \/>\n<table>\n<tbody>\n<tr>\n<td width=\"135\">Rango de medida<\/td>\n<td width=\"170\">0~100%<\/td>\n<\/tr>\n<tr>\n<td width=\"135\">Precisi\u00f3n<\/td>\n<td width=\"170\">\u00b12%<\/td>\n<\/tr>\n<\/tbody>\n<\/table>\n<p><strong>Presi\u00f3n<\/strong><\/p>\n<hr \/>\n<table>\n<tbody>\n<tr>\n<td width=\"135\">Rango de medida<\/td>\n<td width=\"170\">150~1100 hPa<\/td>\n<\/tr>\n<tr>\n<td width=\"135\">Precisi\u00f3n<\/td>\n<td width=\"170\">\u00b11 hPa<\/td>\n<\/tr>\n<\/tbody>\n<\/table><\/div>\n<\/div><\/div><\/div><div id=\"pgc-1795-3-1\"  class=\"panel-grid-cell panel-grid-cell-empty\" ><\/div><div id=\"pgc-1795-3-2\"  class=\"panel-grid-cell\" ><div id=\"panel-1795-3-2-0\" class=\"so-panel widget widget_sow-editor panel-first-child\" data-index=\"6\" ><div\n\t\t\t\n\t\t\tclass=\"so-widget-sow-editor so-widget-sow-editor-base\"\n\t\t\t\n\t\t>\n<div class=\"siteorigin-widget-tinymce textwidget\">\n\t<p><strong>Direcci\u00f3n del viento<\/strong><\/p>\n<hr \/>\n<table>\n<tbody>\n<tr>\n<td width=\"135\">Sistema de medida<\/td>\n<td width=\"170\">Ultras\u00f3nico<\/td>\n<\/tr>\n<tr>\n<td width=\"135\">Rango de medida<\/td>\n<td width=\"170\">0~360\u00b0<\/td>\n<\/tr>\n<tr>\n<td width=\"135\">Precisi\u00f3n<\/td>\n<td width=\"170\">&lt;3\u00b0<\/td>\n<\/tr>\n<\/tbody>\n<\/table>\n<p><strong>Velocidad del viento<\/strong><\/p>\n<hr \/>\n<table>\n<tbody>\n<tr>\n<td width=\"135\">Sistema de medida<\/td>\n<td width=\"170\">Ultras\u00f3nico<\/td>\n<\/tr>\n<tr>\n<td width=\"135\">Rango de medida<\/td>\n<td width=\"170\">0~60 m\/s<\/td>\n<\/tr>\n<tr>\n<td width=\"135\">Precisi\u00f3n<\/td>\n<td width=\"170\">\u00b12%<\/td>\n<\/tr>\n<\/tbody>\n<\/table>\n<p><strong>Precipitaci\u00f3n<\/strong><\/p>\n<hr \/>\n<table>\n<tbody>\n<tr>\n<td width=\"135\">Sistema de medida<\/td>\n<td width=\"170\">Radar Doppler 24Ghz<\/td>\n<\/tr>\n<tr>\n<td width=\"135\">Rango de medida<\/td>\n<td width=\"170\">0-100 mm\/h<\/td>\n<\/tr>\n<tr>\n<td width=\"135\">Precisi\u00f3n<\/td>\n<td width=\"170\">\u00b110%<\/td>\n<\/tr>\n<\/tbody>\n<\/table>\n<p><strong>Radiaci\u00f3n<\/strong><\/p>\n<hr \/>\n<table>\n<tbody>\n<tr>\n<td width=\"135\">Rango de medida<\/td>\n<td width=\"170\">0~2000W\/m2<\/td>\n<\/tr>\n<tr>\n<td width=\"135\">Precisi\u00f3n<\/td>\n<td width=\"170\">\u00b15%<\/td>\n<\/tr>\n<\/tbody>\n<\/table>\n<p><strong>General<\/strong><\/p>\n<hr \/>\n<table>\n<tbody>\n<tr>\n<td width=\"135\">Interfaz<\/td>\n<td width=\"170\">RS485\/RS232<\/td>\n<\/tr>\n<tr>\n<td width=\"135\">Protocolo<\/td>\n<td width=\"170\">MODBUS, NMEA-0183, SDI12<\/td>\n<\/tr>\n<tr>\n<td width=\"135\">Alimentaci\u00f3n<\/td>\n<td width=\"170\">7-24VDC<\/td>\n<\/tr>\n<tr>\n<td width=\"135\">Consumo<\/td>\n<td width=\"170\">185mA@12V<\/td>\n<\/tr>\n<tr>\n<td width=\"135\">Material<\/td>\n<td width=\"170\">ABS + aleaci\u00f3n de aluminio<\/td>\n<\/tr>\n<\/tbody>\n<\/table><\/div>\n<\/div><\/div><div id=\"panel-1795-3-2-1\" class=\"so-panel widget widget_sow-button panel-last-child\" data-index=\"7\" ><div\n\t\t\t\n\t\t\tclass=\"so-widget-sow-button so-widget-sow-button-wire-30b3367ab913-1795\"\n\t\t\t\n\t\t><div class=\"ow-button-base ow-button-align-left\">\n\t<a href=\"\/docs-pdf\/GE_IE_CAT_0022.pdf\" class=\"ow-icon-placement-left ow-button-hover\" \t\t>\n\t\t<span>\n\t\t\t\n\t\t\tVer cat\u00e1logo\t\t<\/span>\n\t<\/a>\n<\/div>\n<\/div><\/div><\/div><\/div><\/div><\/div>","protected":false},"excerpt":{"rendered":"<p>\u00a0 TMC70 &#8211; Transmisor meteorol\u00f3gico compacto Presentaci\u00f3n Con el mundo cada vez m\u00e1s dependiente de las condiciones meteorol\u00f3gicas, es importante medir con precisi\u00f3n los par\u00e1metros<\/p>\n","protected":false},"author":1,"featured_media":2833,"parent":664,"menu_order":0,"comment_status":"closed","ping_status":"closed","template":"","meta":[],"yoast_head":"<!-- This site is optimized with the Yoast SEO plugin v19.2 - https:\/\/yoast.com\/wordpress\/plugins\/seo\/ -->\n<title>TMC70 - SEAC<\/title>\n<meta name=\"description\" content=\"La soluci\u00f3n m\u00e1s actual para medir con un solo instrumento: velocidad y direcci\u00f3n del viento, temperatura, humedad, precipitaci\u00f3n, radiaci\u00f3n solar y presi\u00f3n barom\u00e9trica.\" \/>\n<meta name=\"robots\" content=\"index, follow, max-snippet:-1, max-image-preview:large, max-video-preview:-1\" \/>\n<link rel=\"canonical\" href=\"http:\/\/www.seac.es\/es\/productos\/sensores\/tmc70\/\" \/>\n<meta property=\"og:locale\" content=\"es_ES\" \/>\n<meta property=\"og:type\" content=\"article\" \/>\n<meta property=\"og:title\" content=\"TMC70 - SEAC\" \/>\n<meta property=\"og:description\" content=\"La soluci\u00f3n m\u00e1s actual para medir con un solo instrumento: velocidad y direcci\u00f3n del viento, temperatura, humedad, precipitaci\u00f3n, radiaci\u00f3n solar y presi\u00f3n barom\u00e9trica.\" \/>\n<meta property=\"og:url\" content=\"http:\/\/www.seac.es\/es\/productos\/sensores\/tmc70\/\" \/>\n<meta property=\"og:site_name\" content=\"SEAC\" \/>\n<meta property=\"article:modified_time\" content=\"2022-07-21T11:15:28+00:00\" \/>\n<meta property=\"og:image\" content=\"https:\/\/www.seac.es\/es\/wp-content\/uploads\/2022\/06\/TMC70TRANSP2menu.png\" \/>\n\t<meta property=\"og:image:width\" content=\"2300\" \/>\n\t<meta property=\"og:image:height\" content=\"1800\" \/>\n\t<meta property=\"og:image:type\" content=\"image\/png\" \/>\n<meta name=\"author\" content=\"adminblogseac\" \/>\n<meta name=\"twitter:card\" content=\"summary_large_image\" \/>\n<meta name=\"twitter:label1\" content=\"Tiempo de lectura\" \/>\n\t<meta name=\"twitter:data1\" content=\"2 minutos\" \/>\n<script type=\"application\/ld+json\" class=\"yoast-schema-graph\">{\"@context\":\"https:\/\/schema.org\",\"@graph\":[{\"@type\":\"Organization\",\"@id\":\"https:\/\/www.seac.es\/es\/#organization\",\"name\":\"SEAC S.A.\",\"url\":\"https:\/\/www.seac.es\/es\/\",\"sameAs\":[],\"logo\":{\"@type\":\"ImageObject\",\"inLanguage\":\"es\",\"@id\":\"https:\/\/www.seac.es\/es\/#\/schema\/logo\/image\/\",\"url\":\"https:\/\/www.seac.es\/es\/wp-content\/uploads\/2017\/08\/logoSEAC240x105.png\",\"contentUrl\":\"https:\/\/www.seac.es\/es\/wp-content\/uploads\/2017\/08\/logoSEAC240x105.png\",\"width\":240,\"height\":105,\"caption\":\"SEAC S.A.\"},\"image\":{\"@id\":\"https:\/\/www.seac.es\/es\/#\/schema\/logo\/image\/\"}},{\"@type\":\"WebSite\",\"@id\":\"https:\/\/www.seac.es\/es\/#website\",\"url\":\"https:\/\/www.seac.es\/es\/\",\"name\":\"SEAC\",\"description\":\"Meteorolog\u00eda y equipos de medida\",\"publisher\":{\"@id\":\"https:\/\/www.seac.es\/es\/#organization\"},\"potentialAction\":[{\"@type\":\"SearchAction\",\"target\":{\"@type\":\"EntryPoint\",\"urlTemplate\":\"https:\/\/www.seac.es\/es\/?s={search_term_string}\"},\"query-input\":\"required name=search_term_string\"}],\"inLanguage\":\"es\"},{\"@type\":\"ImageObject\",\"inLanguage\":\"es\",\"@id\":\"http:\/\/www.seac.es\/es\/productos\/sensores\/tmc70\/#primaryimage\",\"url\":\"https:\/\/www.seac.es\/es\/wp-content\/uploads\/2022\/06\/TMC70TRANSP2menu.png\",\"contentUrl\":\"https:\/\/www.seac.es\/es\/wp-content\/uploads\/2022\/06\/TMC70TRANSP2menu.png\",\"width\":2300,\"height\":1800,\"caption\":\"sensor meteorologico compacto multiparametrico seac\"},{\"@type\":\"WebPage\",\"@id\":\"http:\/\/www.seac.es\/es\/productos\/sensores\/tmc70\/#webpage\",\"url\":\"http:\/\/www.seac.es\/es\/productos\/sensores\/tmc70\/\",\"name\":\"TMC70 - SEAC\",\"isPartOf\":{\"@id\":\"https:\/\/www.seac.es\/es\/#website\"},\"primaryImageOfPage\":{\"@id\":\"http:\/\/www.seac.es\/es\/productos\/sensores\/tmc70\/#primaryimage\"},\"datePublished\":\"2019-06-04T07:23:55+00:00\",\"dateModified\":\"2022-07-21T11:15:28+00:00\",\"description\":\"La soluci\u00f3n m\u00e1s actual para medir con un solo instrumento: velocidad y direcci\u00f3n del viento, temperatura, humedad, precipitaci\u00f3n, radiaci\u00f3n solar y presi\u00f3n barom\u00e9trica.\",\"breadcrumb\":{\"@id\":\"http:\/\/www.seac.es\/es\/productos\/sensores\/tmc70\/#breadcrumb\"},\"inLanguage\":\"es\",\"potentialAction\":[{\"@type\":\"ReadAction\",\"target\":[\"http:\/\/www.seac.es\/es\/productos\/sensores\/tmc70\/\"]}]},{\"@type\":\"BreadcrumbList\",\"@id\":\"http:\/\/www.seac.es\/es\/productos\/sensores\/tmc70\/#breadcrumb\",\"itemListElement\":[{\"@type\":\"ListItem\",\"position\":1,\"name\":\"Portada\",\"item\":\"https:\/\/www.seac.es\/es\/\"},{\"@type\":\"ListItem\",\"position\":2,\"name\":\"Productos\",\"item\":\"https:\/\/www.seac.es\/es\/productos\/\"},{\"@type\":\"ListItem\",\"position\":3,\"name\":\"Sensores\",\"item\":\"https:\/\/www.seac.es\/es\/productos\/sensores\/\"},{\"@type\":\"ListItem\",\"position\":4,\"name\":\"TMC70\"}]}]}<\/script>\n<!-- \/ Yoast SEO plugin. -->","yoast_head_json":{"title":"TMC70 - SEAC","description":"La soluci\u00f3n m\u00e1s actual para medir con un solo instrumento: velocidad y direcci\u00f3n del viento, temperatura, humedad, precipitaci\u00f3n, radiaci\u00f3n solar y presi\u00f3n barom\u00e9trica.","robots":{"index":"index","follow":"follow","max-snippet":"max-snippet:-1","max-image-preview":"max-image-preview:large","max-video-preview":"max-video-preview:-1"},"canonical":"http:\/\/www.seac.es\/es\/productos\/sensores\/tmc70\/","og_locale":"es_ES","og_type":"article","og_title":"TMC70 - SEAC","og_description":"La soluci\u00f3n m\u00e1s actual para medir con un solo instrumento: velocidad y direcci\u00f3n del viento, temperatura, humedad, precipitaci\u00f3n, radiaci\u00f3n solar y presi\u00f3n barom\u00e9trica.","og_url":"http:\/\/www.seac.es\/es\/productos\/sensores\/tmc70\/","og_site_name":"SEAC","article_modified_time":"2022-07-21T11:15:28+00:00","og_image":[{"width":2300,"height":1800,"url":"https:\/\/www.seac.es\/es\/wp-content\/uploads\/2022\/06\/TMC70TRANSP2menu.png","type":"image\/png"}],"author":"adminblogseac","twitter_card":"summary_large_image","twitter_misc":{"Tiempo de lectura":"2 minutos"},"schema":{"@context":"https:\/\/schema.org","@graph":[{"@type":"Organization","@id":"https:\/\/www.seac.es\/es\/#organization","name":"SEAC S.A.","url":"https:\/\/www.seac.es\/es\/","sameAs":[],"logo":{"@type":"ImageObject","inLanguage":"es","@id":"https:\/\/www.seac.es\/es\/#\/schema\/logo\/image\/","url":"https:\/\/www.seac.es\/es\/wp-content\/uploads\/2017\/08\/logoSEAC240x105.png","contentUrl":"https:\/\/www.seac.es\/es\/wp-content\/uploads\/2017\/08\/logoSEAC240x105.png","width":240,"height":105,"caption":"SEAC S.A."},"image":{"@id":"https:\/\/www.seac.es\/es\/#\/schema\/logo\/image\/"}},{"@type":"WebSite","@id":"https:\/\/www.seac.es\/es\/#website","url":"https:\/\/www.seac.es\/es\/","name":"SEAC","description":"Meteorolog\u00eda y equipos de medida","publisher":{"@id":"https:\/\/www.seac.es\/es\/#organization"},"potentialAction":[{"@type":"SearchAction","target":{"@type":"EntryPoint","urlTemplate":"https:\/\/www.seac.es\/es\/?s={search_term_string}"},"query-input":"required name=search_term_string"}],"inLanguage":"es"},{"@type":"ImageObject","inLanguage":"es","@id":"http:\/\/www.seac.es\/es\/productos\/sensores\/tmc70\/#primaryimage","url":"https:\/\/www.seac.es\/es\/wp-content\/uploads\/2022\/06\/TMC70TRANSP2menu.png","contentUrl":"https:\/\/www.seac.es\/es\/wp-content\/uploads\/2022\/06\/TMC70TRANSP2menu.png","width":2300,"height":1800,"caption":"sensor meteorologico compacto multiparametrico seac"},{"@type":"WebPage","@id":"http:\/\/www.seac.es\/es\/productos\/sensores\/tmc70\/#webpage","url":"http:\/\/www.seac.es\/es\/productos\/sensores\/tmc70\/","name":"TMC70 - SEAC","isPartOf":{"@id":"https:\/\/www.seac.es\/es\/#website"},"primaryImageOfPage":{"@id":"http:\/\/www.seac.es\/es\/productos\/sensores\/tmc70\/#primaryimage"},"datePublished":"2019-06-04T07:23:55+00:00","dateModified":"2022-07-21T11:15:28+00:00","description":"La soluci\u00f3n m\u00e1s actual para medir con un solo instrumento: velocidad y direcci\u00f3n del viento, temperatura, humedad, precipitaci\u00f3n, radiaci\u00f3n solar y presi\u00f3n barom\u00e9trica.","breadcrumb":{"@id":"http:\/\/www.seac.es\/es\/productos\/sensores\/tmc70\/#breadcrumb"},"inLanguage":"es","potentialAction":[{"@type":"ReadAction","target":["http:\/\/www.seac.es\/es\/productos\/sensores\/tmc70\/"]}]},{"@type":"BreadcrumbList","@id":"http:\/\/www.seac.es\/es\/productos\/sensores\/tmc70\/#breadcrumb","itemListElement":[{"@type":"ListItem","position":1,"name":"Portada","item":"https:\/\/www.seac.es\/es\/"},{"@type":"ListItem","position":2,"name":"Productos","item":"https:\/\/www.seac.es\/es\/productos\/"},{"@type":"ListItem","position":3,"name":"Sensores","item":"https:\/\/www.seac.es\/es\/productos\/sensores\/"},{"@type":"ListItem","position":4,"name":"TMC70"}]}]}},"_links":{"self":[{"href":"https:\/\/www.seac.es\/es\/wp-json\/wp\/v2\/pages\/1795"}],"collection":[{"href":"https:\/\/www.seac.es\/es\/wp-json\/wp\/v2\/pages"}],"about":[{"href":"https:\/\/www.seac.es\/es\/wp-json\/wp\/v2\/types\/page"}],"author":[{"embeddable":true,"href":"https:\/\/www.seac.es\/es\/wp-json\/wp\/v2\/users\/1"}],"replies":[{"embeddable":true,"href":"https:\/\/www.seac.es\/es\/wp-json\/wp\/v2\/comments?post=1795"}],"version-history":[{"count":45,"href":"https:\/\/www.seac.es\/es\/wp-json\/wp\/v2\/pages\/1795\/revisions"}],"predecessor-version":[{"id":3265,"href":"https:\/\/www.seac.es\/es\/wp-json\/wp\/v2\/pages\/1795\/revisions\/3265"}],"up":[{"embeddable":true,"href":"https:\/\/www.seac.es\/es\/wp-json\/wp\/v2\/pages\/664"}],"wp:featuredmedia":[{"embeddable":true,"href":"https:\/\/www.seac.es\/es\/wp-json\/wp\/v2\/media\/2833"}],"wp:attachment":[{"href":"https:\/\/www.seac.es\/es\/wp-json\/wp\/v2\/media?parent=1795"}],"curies":[{"name":"wp","href":"https:\/\/api.w.org\/{rel}","templated":true}]}}