{"id":1754,"date":"2019-04-29T07:06:41","date_gmt":"2019-04-29T07:06:41","guid":{"rendered":"http:\/\/www.seac.es\/es\/?page_id=1754"},"modified":"2019-04-29T07:06:41","modified_gmt":"2019-04-29T07:06:41","slug":"salicar","status":"publish","type":"page","link":"https:\/\/www.seac.es\/es\/desarrollo\/salicar\/","title":{"rendered":"Salicar"},"content":{"rendered":"<div id=\"pl-1754\"  class=\"panel-layout\" ><div id=\"pg-1754-0\"  class=\"panel-grid panel-has-style\" ><div class=\"siteorigin-panels-stretch panel-row-style panel-row-style-for-1754-0\" data-stretch-type=\"full\" ><div id=\"pgc-1754-0-0\"  class=\"panel-grid-cell\" ><div id=\"panel-1754-0-0-0\" class=\"so-panel widget widget_sow-editor panel-first-child panel-last-child\" data-index=\"0\" ><div class=\"panel-widget-style panel-widget-style-for-1754-0-0-0\" ><div\n\t\t\t\n\t\t\tclass=\"so-widget-sow-editor so-widget-sow-editor-base\"\n\t\t\t\n\t\t>\n<div class=\"siteorigin-widget-tinymce textwidget\">\n\t<h1>\u00a0<\/h1>\n<h1>Salicar<\/h1>\n<\/div>\n<\/div><\/div><\/div><\/div><\/div><\/div><div id=\"pg-1754-1\"  class=\"panel-grid panel-has-style\" ><div class=\"siteorigin-panels-stretch panel-row-style panel-row-style-for-1754-1\" data-stretch-type=\"full\" ><div id=\"pgc-1754-1-0\"  class=\"panel-grid-cell\" ><div id=\"panel-1754-1-0-0\" class=\"so-panel widget widget_sow-image panel-first-child panel-last-child\" data-index=\"1\" ><div\n\t\t\t\n\t\t\tclass=\"so-widget-sow-image so-widget-sow-image-default-2ec334f0a340-1754\"\n\t\t\t\n\t\t>\n\n<div class=\"sow-image-container\">\n\t\t<img src=\"https:\/\/www.seac.es\/es\/wp-content\/uploads\/2019\/04\/IMG_20170309_134228_reduced.jpg\" width=\"1632\" height=\"1224\" srcset=\"https:\/\/www.seac.es\/es\/wp-content\/uploads\/2019\/04\/IMG_20170309_134228_reduced.jpg 1632w, https:\/\/www.seac.es\/es\/wp-content\/uploads\/2019\/04\/IMG_20170309_134228_reduced-300x225.jpg 300w, https:\/\/www.seac.es\/es\/wp-content\/uploads\/2019\/04\/IMG_20170309_134228_reduced-768x576.jpg 768w, https:\/\/www.seac.es\/es\/wp-content\/uploads\/2019\/04\/IMG_20170309_134228_reduced-1024x768.jpg 1024w, https:\/\/www.seac.es\/es\/wp-content\/uploads\/2019\/04\/IMG_20170309_134228_reduced-24x18.jpg 24w, https:\/\/www.seac.es\/es\/wp-content\/uploads\/2019\/04\/IMG_20170309_134228_reduced-36x27.jpg 36w, https:\/\/www.seac.es\/es\/wp-content\/uploads\/2019\/04\/IMG_20170309_134228_reduced-48x36.jpg 48w\" sizes=\"(max-width: 1632px) 100vw, 1632px\" alt=\"\" loading=\"lazy\" \t\tclass=\"so-widget-image\"\/>\n\t<\/div>\n\n<\/div><\/div><\/div><div id=\"pgc-1754-1-1\"  class=\"panel-grid-cell\" ><div id=\"panel-1754-1-1-0\" class=\"so-panel widget widget_sow-editor panel-first-child panel-last-child\" data-index=\"2\" ><div\n\t\t\t\n\t\t\tclass=\"so-widget-sow-editor so-widget-sow-editor-base\"\n\t\t\t\n\t\t>\n<div class=\"siteorigin-widget-tinymce textwidget\">\n\t<h3>Presentaci\u00f3n<\/h3>\n<p>El proyecto SALICAR es un proyecto de la convocatoria Retos-Colaboraci\u00f3n 2015 del MINECO.<\/p>\n<p>En \u00e9l participa un consorcio formado por SEAC que proporciona desde hace m\u00e1s de 30 a\u00f1os al mercado estaciones meteorol\u00f3gicas y ambientales completas con tecnolog\u00eda propia, la empresa ALVAC SA, pionera en la conservaci\u00f3n integral de carreteras, y el grupo de optoelectr\u00f3nica y tecnolog\u00eda l\u00e1ser de la Universidad Carlos III de Madrid (UC3M), que aporta experiencia para el desarrollo de nuevas t\u00e9cnicas y sensores \u00f3pticos.<\/p>\n<p>El objetivo global del proyecto es la mejora de la seguridad y la utilizaci\u00f3n de recursos (concretamente la salmuera utilizada en la carretera) por medio de la recopilaci\u00f3n de informaci\u00f3n relevante local y en tiempo real sobre el estado de la misma (temperatura, humedad, salinidad residual, etc).<\/p>\n<p>El sistema, que se encuentra actualmente en fase de test, est\u00e1 compuesto por una unidad de adquisici\u00f3n de datos y procesamiento que recoge los datos de diferentes sensores: temperatura de pavimento, temperatura y humedad del aire, informaci\u00f3n espectral del pavimento (sensor desarrollado para este proyecto en la UC3M capaz de detectar hielo y, potencialmente, fundentes sobre el pavimento) y GPS interno.<\/p>\n<\/div>\n<\/div><\/div><\/div><\/div><\/div><div id=\"pg-1754-2\"  class=\"panel-grid panel-no-style\" ><div id=\"pgc-1754-2-0\"  class=\"panel-grid-cell\" ><div id=\"panel-1754-2-0-0\" class=\"so-panel widget widget_sow-image panel-first-child panel-last-child\" data-index=\"3\" ><div\n\t\t\t\n\t\t\tclass=\"so-widget-sow-image so-widget-sow-image-default-d6014b76747a-1754\"\n\t\t\t\n\t\t>\n\n<div class=\"sow-image-container\">\n\t\t<img src=\"https:\/\/www.seac.es\/es\/wp-content\/uploads\/2019\/04\/mineco.png\" width=\"384\" height=\"118\" srcset=\"https:\/\/www.seac.es\/es\/wp-content\/uploads\/2019\/04\/mineco.png 384w, https:\/\/www.seac.es\/es\/wp-content\/uploads\/2019\/04\/mineco-300x92.png 300w, https:\/\/www.seac.es\/es\/wp-content\/uploads\/2019\/04\/mineco-24x7.png 24w, https:\/\/www.seac.es\/es\/wp-content\/uploads\/2019\/04\/mineco-36x11.png 36w, https:\/\/www.seac.es\/es\/wp-content\/uploads\/2019\/04\/mineco-48x15.png 48w\" sizes=\"(max-width: 384px) 100vw, 384px\" alt=\"\" loading=\"lazy\" \t\tclass=\"so-widget-image\"\/>\n\t<\/div>\n\n<\/div><\/div><\/div><div id=\"pgc-1754-2-1\"  class=\"panel-grid-cell panel-grid-cell-empty\" ><\/div><div id=\"pgc-1754-2-2\"  class=\"panel-grid-cell\" ><div id=\"panel-1754-2-2-0\" class=\"so-panel widget widget_sow-image panel-first-child panel-last-child\" data-index=\"4\" ><div\n\t\t\t\n\t\t\tclass=\"so-widget-sow-image so-widget-sow-image-default-d6014b76747a-1754\"\n\t\t\t\n\t\t>\n\n<div class=\"sow-image-container\">\n\t\t<img src=\"https:\/\/www.seac.es\/es\/wp-content\/uploads\/2019\/04\/feder.png\" width=\"114\" height=\"119\" srcset=\"https:\/\/www.seac.es\/es\/wp-content\/uploads\/2019\/04\/feder.png 114w, https:\/\/www.seac.es\/es\/wp-content\/uploads\/2019\/04\/feder-24x24.png 24w, https:\/\/www.seac.es\/es\/wp-content\/uploads\/2019\/04\/feder-34x36.png 34w, https:\/\/www.seac.es\/es\/wp-content\/uploads\/2019\/04\/feder-46x48.png 46w\" sizes=\"(max-width: 114px) 100vw, 114px\" alt=\"\" loading=\"lazy\" \t\tclass=\"so-widget-image\"\/>\n\t<\/div>\n\n<\/div><\/div><\/div><\/div><\/div>","protected":false},"excerpt":{"rendered":"<p>\u00a0 Salicar Presentaci\u00f3n El proyecto SALICAR es un proyecto de la convocatoria Retos-Colaboraci\u00f3n 2015 del MINECO. En \u00e9l participa un consorcio formado por SEAC que<\/p>\n","protected":false},"author":1,"featured_media":0,"parent":412,"menu_order":0,"comment_status":"closed","ping_status":"closed","template":"","meta":[],"yoast_head":"<!-- This site is optimized with the Yoast SEO plugin v19.2 - https:\/\/yoast.com\/wordpress\/plugins\/seo\/ -->\n<title>Salicar - SEAC<\/title>\n<meta name=\"robots\" content=\"index, follow, max-snippet:-1, max-image-preview:large, max-video-preview:-1\" \/>\n<link rel=\"canonical\" href=\"https:\/\/www.seac.es\/es\/desarrollo\/salicar\/\" \/>\n<meta property=\"og:locale\" content=\"es_ES\" \/>\n<meta property=\"og:type\" content=\"article\" \/>\n<meta property=\"og:title\" content=\"Salicar - SEAC\" \/>\n<meta property=\"og:description\" content=\"\u00a0 Salicar Presentaci\u00f3n El proyecto SALICAR es un proyecto de la convocatoria Retos-Colaboraci\u00f3n 2015 del MINECO. En \u00e9l participa un consorcio formado por SEAC que\" \/>\n<meta property=\"og:url\" content=\"https:\/\/www.seac.es\/es\/desarrollo\/salicar\/\" \/>\n<meta property=\"og:site_name\" content=\"SEAC\" \/>\n<meta name=\"author\" content=\"adminblogseac\" \/>\n<meta name=\"twitter:card\" content=\"summary_large_image\" \/>\n<meta name=\"twitter:label1\" content=\"Tiempo de lectura\" \/>\n\t<meta name=\"twitter:data1\" content=\"1 minuto\" \/>\n<script type=\"application\/ld+json\" class=\"yoast-schema-graph\">{\"@context\":\"https:\/\/schema.org\",\"@graph\":[{\"@type\":\"Organization\",\"@id\":\"https:\/\/www.seac.es\/es\/#organization\",\"name\":\"SEAC S.A.\",\"url\":\"https:\/\/www.seac.es\/es\/\",\"sameAs\":[],\"logo\":{\"@type\":\"ImageObject\",\"inLanguage\":\"es\",\"@id\":\"https:\/\/www.seac.es\/es\/#\/schema\/logo\/image\/\",\"url\":\"https:\/\/www.seac.es\/es\/wp-content\/uploads\/2017\/08\/logoSEAC240x105.png\",\"contentUrl\":\"https:\/\/www.seac.es\/es\/wp-content\/uploads\/2017\/08\/logoSEAC240x105.png\",\"width\":240,\"height\":105,\"caption\":\"SEAC S.A.\"},\"image\":{\"@id\":\"https:\/\/www.seac.es\/es\/#\/schema\/logo\/image\/\"}},{\"@type\":\"WebSite\",\"@id\":\"https:\/\/www.seac.es\/es\/#website\",\"url\":\"https:\/\/www.seac.es\/es\/\",\"name\":\"SEAC\",\"description\":\"Meteorolog\u00eda y equipos de medida\",\"publisher\":{\"@id\":\"https:\/\/www.seac.es\/es\/#organization\"},\"potentialAction\":[{\"@type\":\"SearchAction\",\"target\":{\"@type\":\"EntryPoint\",\"urlTemplate\":\"https:\/\/www.seac.es\/es\/?s={search_term_string}\"},\"query-input\":\"required name=search_term_string\"}],\"inLanguage\":\"es\"},{\"@type\":\"WebPage\",\"@id\":\"https:\/\/www.seac.es\/es\/desarrollo\/salicar\/#webpage\",\"url\":\"https:\/\/www.seac.es\/es\/desarrollo\/salicar\/\",\"name\":\"Salicar - SEAC\",\"isPartOf\":{\"@id\":\"https:\/\/www.seac.es\/es\/#website\"},\"datePublished\":\"2019-04-29T07:06:41+00:00\",\"dateModified\":\"2019-04-29T07:06:41+00:00\",\"breadcrumb\":{\"@id\":\"https:\/\/www.seac.es\/es\/desarrollo\/salicar\/#breadcrumb\"},\"inLanguage\":\"es\",\"potentialAction\":[{\"@type\":\"ReadAction\",\"target\":[\"https:\/\/www.seac.es\/es\/desarrollo\/salicar\/\"]}]},{\"@type\":\"BreadcrumbList\",\"@id\":\"https:\/\/www.seac.es\/es\/desarrollo\/salicar\/#breadcrumb\",\"itemListElement\":[{\"@type\":\"ListItem\",\"position\":1,\"name\":\"Portada\",\"item\":\"https:\/\/www.seac.es\/es\/\"},{\"@type\":\"ListItem\",\"position\":2,\"name\":\"Desarrollo\",\"item\":\"https:\/\/www.seac.es\/es\/desarrollo\/\"},{\"@type\":\"ListItem\",\"position\":3,\"name\":\"Salicar\"}]}]}<\/script>\n<!-- \/ Yoast SEO plugin. -->","yoast_head_json":{"title":"Salicar - SEAC","robots":{"index":"index","follow":"follow","max-snippet":"max-snippet:-1","max-image-preview":"max-image-preview:large","max-video-preview":"max-video-preview:-1"},"canonical":"https:\/\/www.seac.es\/es\/desarrollo\/salicar\/","og_locale":"es_ES","og_type":"article","og_title":"Salicar - SEAC","og_description":"\u00a0 Salicar Presentaci\u00f3n El proyecto SALICAR es un proyecto de la convocatoria Retos-Colaboraci\u00f3n 2015 del MINECO. En \u00e9l participa un consorcio formado por SEAC que","og_url":"https:\/\/www.seac.es\/es\/desarrollo\/salicar\/","og_site_name":"SEAC","author":"adminblogseac","twitter_card":"summary_large_image","twitter_misc":{"Tiempo de lectura":"1 minuto"},"schema":{"@context":"https:\/\/schema.org","@graph":[{"@type":"Organization","@id":"https:\/\/www.seac.es\/es\/#organization","name":"SEAC S.A.","url":"https:\/\/www.seac.es\/es\/","sameAs":[],"logo":{"@type":"ImageObject","inLanguage":"es","@id":"https:\/\/www.seac.es\/es\/#\/schema\/logo\/image\/","url":"https:\/\/www.seac.es\/es\/wp-content\/uploads\/2017\/08\/logoSEAC240x105.png","contentUrl":"https:\/\/www.seac.es\/es\/wp-content\/uploads\/2017\/08\/logoSEAC240x105.png","width":240,"height":105,"caption":"SEAC S.A."},"image":{"@id":"https:\/\/www.seac.es\/es\/#\/schema\/logo\/image\/"}},{"@type":"WebSite","@id":"https:\/\/www.seac.es\/es\/#website","url":"https:\/\/www.seac.es\/es\/","name":"SEAC","description":"Meteorolog\u00eda y equipos de medida","publisher":{"@id":"https:\/\/www.seac.es\/es\/#organization"},"potentialAction":[{"@type":"SearchAction","target":{"@type":"EntryPoint","urlTemplate":"https:\/\/www.seac.es\/es\/?s={search_term_string}"},"query-input":"required name=search_term_string"}],"inLanguage":"es"},{"@type":"WebPage","@id":"https:\/\/www.seac.es\/es\/desarrollo\/salicar\/#webpage","url":"https:\/\/www.seac.es\/es\/desarrollo\/salicar\/","name":"Salicar - SEAC","isPartOf":{"@id":"https:\/\/www.seac.es\/es\/#website"},"datePublished":"2019-04-29T07:06:41+00:00","dateModified":"2019-04-29T07:06:41+00:00","breadcrumb":{"@id":"https:\/\/www.seac.es\/es\/desarrollo\/salicar\/#breadcrumb"},"inLanguage":"es","potentialAction":[{"@type":"ReadAction","target":["https:\/\/www.seac.es\/es\/desarrollo\/salicar\/"]}]},{"@type":"BreadcrumbList","@id":"https:\/\/www.seac.es\/es\/desarrollo\/salicar\/#breadcrumb","itemListElement":[{"@type":"ListItem","position":1,"name":"Portada","item":"https:\/\/www.seac.es\/es\/"},{"@type":"ListItem","position":2,"name":"Desarrollo","item":"https:\/\/www.seac.es\/es\/desarrollo\/"},{"@type":"ListItem","position":3,"name":"Salicar"}]}]}},"_links":{"self":[{"href":"https:\/\/www.seac.es\/es\/wp-json\/wp\/v2\/pages\/1754"}],"collection":[{"href":"https:\/\/www.seac.es\/es\/wp-json\/wp\/v2\/pages"}],"about":[{"href":"https:\/\/www.seac.es\/es\/wp-json\/wp\/v2\/types\/page"}],"author":[{"embeddable":true,"href":"https:\/\/www.seac.es\/es\/wp-json\/wp\/v2\/users\/1"}],"replies":[{"embeddable":true,"href":"https:\/\/www.seac.es\/es\/wp-json\/wp\/v2\/comments?post=1754"}],"version-history":[{"count":15,"href":"https:\/\/www.seac.es\/es\/wp-json\/wp\/v2\/pages\/1754\/revisions"}],"predecessor-version":[{"id":1853,"href":"https:\/\/www.seac.es\/es\/wp-json\/wp\/v2\/pages\/1754\/revisions\/1853"}],"up":[{"embeddable":true,"href":"https:\/\/www.seac.es\/es\/wp-json\/wp\/v2\/pages\/412"}],"wp:attachment":[{"href":"https:\/\/www.seac.es\/es\/wp-json\/wp\/v2\/media?parent=1754"}],"curies":[{"name":"wp","href":"https:\/\/api.w.org\/{rel}","templated":true}]}}