{"id":1283,"date":"2017-10-11T11:51:18","date_gmt":"2017-10-11T11:51:18","guid":{"rendered":"http:\/\/www.seac.es\/es\/?page_id=1283"},"modified":"2022-09-20T07:34:07","modified_gmt":"2022-09-20T07:34:07","slug":"ema55","status":"publish","type":"page","link":"https:\/\/www.seac.es\/es\/productos\/estaciones-meteorologicas\/ema55\/","title":{"rendered":"EMA55"},"content":{"rendered":"<div id=\"pl-1283\"  class=\"panel-layout\" ><div id=\"pg-1283-0\"  class=\"panel-grid panel-has-style\" ><div class=\"siteorigin-panels-stretch panel-row-style panel-row-style-for-1283-0\" data-stretch-type=\"full-stretched\" ><div id=\"pgc-1283-0-0\"  class=\"panel-grid-cell\" ><div id=\"panel-1283-0-0-0\" class=\"so-panel widget widget_sow-hero panel-first-child panel-last-child\" data-index=\"0\" ><div\n\t\t\t\n\t\t\tclass=\"so-widget-sow-hero so-widget-sow-hero-default-5dfc655a3c7d-1283\"\n\t\t\t\n\t\t><div class=\"sow-slider-base\" style=\"display: none\"><ul\n\t\t\t\t\tclass=\"sow-slider-images\"\n\t\t\t\t\tdata-settings=\"{&quot;pagination&quot;:true,&quot;speed&quot;:800,&quot;timeout&quot;:8000,&quot;paused&quot;:false,&quot;pause_on_hover&quot;:false,&quot;swipe&quot;:false,&quot;nav_always_show_desktop&quot;:&quot;&quot;,&quot;nav_always_show_mobile&quot;:&quot;&quot;,&quot;breakpoint&quot;:&quot;780px&quot;,&quot;unmute&quot;:false,&quot;anchor&quot;:null}\"\n\t\t\t\t\tstyle=\"min-height: 280px\"\t\t\t\t\tdata-anchor-id=\"\"\n\t\t\t\t>\t\t<li class=\"sow-slider-image  sow-slider-image-cover\" style=\"background-color: #333333;background-image: url(https:\/\/www.seac.es\/es\/wp-content\/uploads\/2022\/09\/otono.jpg)\" >\n\t\t\t\t\t<div class=\"sow-slider-image-container\">\n\t\t\t<div class=\"sow-slider-image-wrapper\">\n\t\t\t\t<h1>Estaci\u00f3n meteorol\u00f3gica autom\u00e1tica EMA55<\/h1>\n\t\t\t<\/div>\n\t\t<\/div>\n\t\t\t\t<\/li>\n\t\t<\/ul>\t\t\t\t<ol class=\"sow-slider-pagination\">\n\t\t\t\t\t\t\t\t\t\t\t<li><a href=\"#\" data-goto=\"0\" aria-label=\"mostrar diapositiva 1\"><\/a><\/li>\n\t\t\t\t\t\t\t\t\t<\/ol>\n\n\t\t\t\t<div class=\"sow-slide-nav sow-slide-nav-next\">\n\t\t\t\t\t<a href=\"#\" data-goto=\"next\" aria-label=\"diapositiva siguiente\" data-action=\"next\">\n\t\t\t\t\t\t<em class=\"sow-sld-icon-thin-right\"><\/em>\n\t\t\t\t\t<\/a>\n\t\t\t\t<\/div>\n\n\t\t\t\t<div class=\"sow-slide-nav sow-slide-nav-prev\">\n\t\t\t\t\t<a href=\"#\" data-goto=\"previous\" aria-label=\"diapositiva anterior\" data-action=\"prev\">\n\t\t\t\t\t\t<em class=\"sow-sld-icon-thin-left\"><\/em>\n\t\t\t\t\t<\/a>\n\t\t\t\t<\/div>\n\t\t\t\t<\/div><\/div><\/div><\/div><\/div><\/div><div id=\"pg-1283-1\"  class=\"panel-grid panel-has-style\" ><div class=\"siteorigin-panels-stretch panel-row-style panel-row-style-for-1283-1\" data-stretch-type=\"full\" ><div id=\"pgc-1283-1-0\"  class=\"panel-grid-cell\" ><div id=\"panel-1283-1-0-0\" class=\"so-panel widget widget_sow-image panel-first-child panel-last-child\" data-index=\"1\" ><div\n\t\t\t\n\t\t\tclass=\"so-widget-sow-image so-widget-sow-image-default-2ec334f0a340-1283\"\n\t\t\t\n\t\t>\n\n<div class=\"sow-image-container\">\n\t\t<img src=\"https:\/\/www.seac.es\/es\/wp-content\/uploads\/2022\/04\/EMA51_SMALL.jpg\" width=\"2520\" height=\"3612\" srcset=\"https:\/\/www.seac.es\/es\/wp-content\/uploads\/2022\/04\/EMA51_SMALL.jpg 2520w, https:\/\/www.seac.es\/es\/wp-content\/uploads\/2022\/04\/EMA51_SMALL-209x300.jpg 209w, https:\/\/www.seac.es\/es\/wp-content\/uploads\/2022\/04\/EMA51_SMALL-768x1101.jpg 768w, https:\/\/www.seac.es\/es\/wp-content\/uploads\/2022\/04\/EMA51_SMALL-714x1024.jpg 714w, https:\/\/www.seac.es\/es\/wp-content\/uploads\/2022\/04\/EMA51_SMALL-17x24.jpg 17w, https:\/\/www.seac.es\/es\/wp-content\/uploads\/2022\/04\/EMA51_SMALL-25x36.jpg 25w, https:\/\/www.seac.es\/es\/wp-content\/uploads\/2022\/04\/EMA51_SMALL-33x48.jpg 33w\" sizes=\"(max-width: 2520px) 100vw, 2520px\" alt=\"\" loading=\"lazy\" \t\tclass=\"so-widget-image\"\/>\n\t<\/div>\n\n<\/div><\/div><\/div><div id=\"pgc-1283-1-1\"  class=\"panel-grid-cell\" ><div id=\"panel-1283-1-1-0\" class=\"so-panel widget widget_sow-editor panel-first-child\" data-index=\"2\" ><div\n\t\t\t\n\t\t\tclass=\"so-widget-sow-editor so-widget-sow-editor-base\"\n\t\t\t\n\t\t>\n<div class=\"siteorigin-widget-tinymce textwidget\">\n\t<h3>Presentaci\u00f3n<\/h3>\n<p>La estaci\u00f3n meteorol\u00f3gica autom\u00e1tica SEAC EMA55 est\u00e1 dise\u00f1ada para aplicaciones de adquisici\u00f3n y transmisi\u00f3n de datos meteorol\u00f3gicos y medioambientales.<br \/>Est\u00e1 orientada preferentemente a la conexi\u00f3n con equipos con salida digital serie.<\/p>\n<h3>Caracter\u00edsticas Generales<\/h3>\n<h3>M\u00faltiples entradas<\/h3>\n<p>El registrador de datos de la estaci\u00f3n dispone de 5 entradas digitales, RS232, RS485 y SDI12. Opcionalmente se le puede instalar una tarjeta de interfaz para la adquisici\u00f3n de datos anal\u00f3gicos o digitales de pulsos o frecuencia. Las entradas son configurables seg\u00fan el tipo de sensor y escala de la medida, pudiendo adaptarse a casi la totalidad de los sensores existentes en el mercado.<br \/>Admite la conexi\u00f3n de sensores inteligentes que proporcionen informaci\u00f3n mediante comunicaci\u00f3n serie, tal como sensores de presi\u00f3n, visibilidad, etc.<\/p>\n<h3>Ambientes severos<\/h3>\n<p>Concebida para su instalaci\u00f3n en cualquier tipo de ambiente, todos los elementos de la estaci\u00f3n se encuentran alojados en el interior de una caja de intemperie IP65, con excepci\u00f3n del panel solar y antenas de comunicaciones en su caso.<\/p>\n<h3>Facilidad de uso<\/h3>\n<p>La estaci\u00f3n dispone de elementos de conexi\u00f3n perfectamente identificados que facilitan la instalaci\u00f3n de los m\u00faltiples sensores con que puede ir equipada. Todos los elementos interiores de la estaci\u00f3n (registrador de datos RD55, equipos de alimentaci\u00f3n etc., est\u00e1n montados sobre carril DIN, o sujetos directamente por tornillos a la placa de montaje.<\/p>\n<h3>Registro de datos<\/h3>\n<p>Los datos son procesados para el c\u00e1lculo de estad\u00edsticas como m\u00e1ximos, m\u00ednimos, desviaciones, promedios, etc. quedando almacenados en la memoria interna.<br \/>Los periodos de integraci\u00f3n de los datos son configurables por el usuario, pudiendo ser modificados en cualquier momento sin que ello afecte a los datos anteriores.<br \/>El almacenamiento interno consiste en memoria RAM de formato \u03bcSD. Los datos son extra\u00edbles mediante un Pen Drive.<\/p>\n<h3>Salida de informaci\u00f3n<\/h3>\n<p>Para acceder a la informaci\u00f3n almacenada, la estaci\u00f3n dispone conexi\u00f3n por modem interno 3G\/GPRS e interfaz ethernet para conexi\u00f3n IP. Dispone adem\u00e1s de una salida RS232 para comunicarse por otro medio de transmisi\u00f3n como radio, sat\u00e9lite etc.<br \/>Mediante dichos canales de comunicaci\u00f3n, podemos acceder a la informaci\u00f3n sobre la configuraci\u00f3n de la estaci\u00f3n, acceso a los datos almacenados en memoria interna, visualizaci\u00f3n de las entradas, etc.<br \/>Cabe destacar, que los puertos de que dispone la estaci\u00f3n son independientes, funcionando de forma simult\u00e1nea de tal modo que es posible la interrogaci\u00f3n por parte de dos sistemas, por ejemplo, uno local y otro remoto.<\/p>\n<h3>Opciones de alimentaci\u00f3n<\/h3>\n<p>La estaci\u00f3n meteorol\u00f3gica SEAC EMA55 presenta un consumo muy reducido incluso con m\u00faltiples sensores conectados. Esta puede ser alimentada mediante un panel solar y una bater\u00eda tamp\u00f3n de 38Ah, o bien a 110-220VAC, con bater\u00eda tamp\u00f3n de 17Ah, etc.<\/p>\n<\/div>\n<\/div><\/div><div id=\"panel-1283-1-1-1\" class=\"so-panel widget widget_sow-button panel-last-child\" data-index=\"3\" ><div\n\t\t\t\n\t\t\tclass=\"so-widget-sow-button so-widget-sow-button-wire-30b3367ab913-1283\"\n\t\t\t\n\t\t><div class=\"ow-button-base ow-button-align-left\">\n\t<a href=\"\/docs-pdf\/GE_IE_CAT_0029.pdf\" class=\"ow-icon-placement-left ow-button-hover\" \t\t>\n\t\t<span>\n\t\t\t\n\t\t\tVer cat\u00e1logo\t\t<\/span>\n\t<\/a>\n<\/div>\n<\/div><\/div><\/div><\/div><\/div><div id=\"pg-1283-2\"  class=\"panel-grid panel-has-style\" ><div class=\"siteorigin-panels-stretch panel-row-style panel-row-style-for-1283-2\" data-stretch-type=\"full\" ><div id=\"pgc-1283-2-0\"  class=\"panel-grid-cell\" ><div id=\"panel-1283-2-0-0\" class=\"so-panel widget widget_sow-editor panel-first-child panel-last-child\" data-index=\"4\" ><div class=\"panel-widget-style panel-widget-style-for-1283-2-0-0\" ><div\n\t\t\t\n\t\t\tclass=\"so-widget-sow-editor so-widget-sow-editor-base\"\n\t\t\t\n\t\t>\n<div class=\"siteorigin-widget-tinymce textwidget\">\n\t<h1>\u00a0<\/h1>\n<h1>EMA55 M\u00e1s Caracter\u00edsticas t\u00e9cnicas<\/h1>\n<\/div>\n<\/div><\/div><\/div><\/div><\/div><\/div><div id=\"pg-1283-3\"  class=\"panel-grid panel-has-style\" ><div class=\"siteorigin-panels-stretch panel-row-style panel-row-style-for-1283-3\" data-stretch-type=\"full\" ><div id=\"pgc-1283-3-0\"  class=\"panel-grid-cell\" ><div id=\"panel-1283-3-0-0\" class=\"so-panel widget widget_sow-editor panel-first-child panel-last-child\" data-index=\"5\" ><div\n\t\t\t\n\t\t\tclass=\"so-widget-sow-editor so-widget-sow-editor-base\"\n\t\t\t\n\t\t>\n<div class=\"siteorigin-widget-tinymce textwidget\">\n\t<h3>Escalabilidad<\/h3>\n<hr \/>\n<p>La estaci\u00f3n meteorol\u00f3gica SEAC EMA55 puede ser f\u00e1cilmente ampliable simplemente conectando los nuevos sensores y reconfigurando las entradas, as\u00ed como las escalas de medida.<\/p>\n<h3>Gesti\u00f3n<\/h3>\n<hr \/>\n<p>Para la configuraci\u00f3n y supervisi\u00f3n de la estaci\u00f3n meteorol\u00f3gica EMA55 y sus sensores, SEAC facilita un programa gr\u00e1fico de f\u00e1cil manejo con el cual se puede por ejemplo, a\u00f1adir nuevos sensores, cambiar los existentes, modificar los tiempos de registro, extraer los datos, realizar una explotaci\u00f3n de los mismos, visualizador de datos en tiempo real, etc.<\/p>\n<h3>Integraci\u00f3n en redes<\/h3>\n<hr \/>\n<p>La estaci\u00f3n meteorol\u00f3gica SEAC EMA55 es compatible con los sistemas de adquisici\u00f3n y gesti\u00f3n de datos remotos y locales Cop\u00e9rnico de SEAC.<br \/>Se pueden dise\u00f1ar redes de adquisici\u00f3n de datos integrando m\u00faltiples estaciones EMA55, cada una de ellas con su configuraci\u00f3n de sensores, tiempos de adquisici\u00f3n, c\u00e1lculos independientes, etc.<br \/>Con el programa Cop\u00e9rnico podemos visualizar los datos en tiempo real, generar informes de texto y gr\u00e1ficos de datos hist\u00f3ricos, publicaci\u00f3n de los datos en Web, etc.<\/p>\n<\/div>\n<\/div><\/div><\/div><div id=\"pgc-1283-3-1\"  class=\"panel-grid-cell panel-grid-cell-empty\" ><\/div><div id=\"pgc-1283-3-2\"  class=\"panel-grid-cell\" ><div id=\"panel-1283-3-2-0\" class=\"so-panel widget widget_sow-editor panel-first-child\" data-index=\"6\" ><div\n\t\t\t\n\t\t\tclass=\"so-widget-sow-editor so-widget-sow-editor-base\"\n\t\t\t\n\t\t>\n<div class=\"siteorigin-widget-tinymce textwidget\">\n\t<h3>Sensores soportados<\/h3>\n<hr \/>\n<p>Sensores multiparam\u00e9tricos<br \/>Sensores de temperatura y humedad<br \/>Sensores de velocidad y direcci\u00f3n<br \/>Sensores de viento ultras\u00f3nicos<br \/>Sensores de presi\u00f3n<br \/>Pluvi\u00f3metros de pesada<br \/>Sensores de visibilidad y tiempo presente<br \/>Altura de nubes<br \/>Sensores de calzada<br \/>Sensores de radiaci\u00f3n<br \/>Sensores gamma<br \/>Sondas de espectroscop\u00eda gamma<\/p>\n<\/div>\n<\/div><\/div><div id=\"panel-1283-3-2-1\" class=\"so-panel widget widget_sow-image\" data-index=\"7\" ><div\n\t\t\t\n\t\t\tclass=\"so-widget-sow-image so-widget-sow-image-default-a5258576d588-1283\"\n\t\t\t\n\t\t>\n\n<div class=\"sow-image-container\">\n\t\t<img src=\"https:\/\/www.seac.es\/es\/wp-content\/uploads\/2019\/06\/IMG_9481B-200x300.jpg\" width=\"200\" height=\"300\" srcset=\"https:\/\/www.seac.es\/es\/wp-content\/uploads\/2019\/06\/IMG_9481B-200x300.jpg 200w, https:\/\/www.seac.es\/es\/wp-content\/uploads\/2019\/06\/IMG_9481B-768x1152.jpg 768w, https:\/\/www.seac.es\/es\/wp-content\/uploads\/2019\/06\/IMG_9481B-683x1024.jpg 683w, https:\/\/www.seac.es\/es\/wp-content\/uploads\/2019\/06\/IMG_9481B-16x24.jpg 16w, https:\/\/www.seac.es\/es\/wp-content\/uploads\/2019\/06\/IMG_9481B-24x36.jpg 24w, https:\/\/www.seac.es\/es\/wp-content\/uploads\/2019\/06\/IMG_9481B-32x48.jpg 32w\" sizes=\"(max-width: 200px) 100vw, 200px\" alt=\"\" loading=\"lazy\" \t\tclass=\"so-widget-image\"\/>\n\t<\/div>\n\n<\/div><\/div><div id=\"panel-1283-3-2-2\" class=\"so-panel widget widget_sow-button panel-last-child\" data-index=\"8\" ><div\n\t\t\t\n\t\t\tclass=\"so-widget-sow-button so-widget-sow-button-wire-30b3367ab913-1283\"\n\t\t\t\n\t\t><div class=\"ow-button-base ow-button-align-left\">\n\t<a href=\"\/docs-pdf\/GE_IE_CAT_0029.pdf\" class=\"ow-icon-placement-left ow-button-hover\" \t\t>\n\t\t<span>\n\t\t\t\n\t\t\tVer cat\u00e1logo\t\t<\/span>\n\t<\/a>\n<\/div>\n<\/div><\/div><\/div><\/div><\/div><\/div>","protected":false},"excerpt":{"rendered":"<p>Presentaci\u00f3n La estaci\u00f3n meteorol\u00f3gica autom\u00e1tica SEAC EMA55 est\u00e1 dise\u00f1ada para aplicaciones de adquisici\u00f3n y transmisi\u00f3n de datos meteorol\u00f3gicos y medioambientales.Est\u00e1 orientada preferentemente a la conexi\u00f3n<\/p>\n","protected":false},"author":1,"featured_media":0,"parent":706,"menu_order":0,"comment_status":"closed","ping_status":"closed","template":"","meta":[],"yoast_head":"<!-- This site is optimized with the Yoast SEO plugin v19.2 - https:\/\/yoast.com\/wordpress\/plugins\/seo\/ -->\n<title>EMA55 - SEAC<\/title>\n<meta name=\"description\" content=\"Dise\u00f1ada con la tecnolog\u00eda m\u00e1s actual, es uno de los equipos m\u00e1s potentes en prestaciones del mercado. Ethernet, 3G\/GPRS y GPS\" \/>\n<meta name=\"robots\" content=\"index, follow, max-snippet:-1, max-image-preview:large, max-video-preview:-1\" \/>\n<link rel=\"canonical\" href=\"https:\/\/www.seac.es\/es\/productos\/estaciones-meteorologicas\/ema55\/\" \/>\n<meta property=\"og:locale\" content=\"es_ES\" \/>\n<meta property=\"og:type\" content=\"article\" \/>\n<meta property=\"og:title\" content=\"EMA55 - SEAC\" \/>\n<meta property=\"og:description\" content=\"Dise\u00f1ada con la tecnolog\u00eda m\u00e1s actual, es uno de los equipos m\u00e1s potentes en prestaciones del mercado. Ethernet, 3G\/GPRS y GPS\" \/>\n<meta property=\"og:url\" content=\"https:\/\/www.seac.es\/es\/productos\/estaciones-meteorologicas\/ema55\/\" \/>\n<meta property=\"og:site_name\" content=\"SEAC\" \/>\n<meta property=\"article:modified_time\" content=\"2022-09-20T07:34:07+00:00\" \/>\n<meta name=\"author\" content=\"adminblogseac\" \/>\n<meta name=\"twitter:card\" content=\"summary_large_image\" \/>\n<meta name=\"twitter:label1\" content=\"Tiempo de lectura\" \/>\n\t<meta name=\"twitter:data1\" content=\"3 minutos\" \/>\n<script type=\"application\/ld+json\" class=\"yoast-schema-graph\">{\"@context\":\"https:\/\/schema.org\",\"@graph\":[{\"@type\":\"Organization\",\"@id\":\"https:\/\/www.seac.es\/es\/#organization\",\"name\":\"SEAC S.A.\",\"url\":\"https:\/\/www.seac.es\/es\/\",\"sameAs\":[],\"logo\":{\"@type\":\"ImageObject\",\"inLanguage\":\"es\",\"@id\":\"https:\/\/www.seac.es\/es\/#\/schema\/logo\/image\/\",\"url\":\"https:\/\/www.seac.es\/es\/wp-content\/uploads\/2017\/08\/logoSEAC240x105.png\",\"contentUrl\":\"https:\/\/www.seac.es\/es\/wp-content\/uploads\/2017\/08\/logoSEAC240x105.png\",\"width\":240,\"height\":105,\"caption\":\"SEAC S.A.\"},\"image\":{\"@id\":\"https:\/\/www.seac.es\/es\/#\/schema\/logo\/image\/\"}},{\"@type\":\"WebSite\",\"@id\":\"https:\/\/www.seac.es\/es\/#website\",\"url\":\"https:\/\/www.seac.es\/es\/\",\"name\":\"SEAC\",\"description\":\"Meteorolog\u00eda y equipos de medida\",\"publisher\":{\"@id\":\"https:\/\/www.seac.es\/es\/#organization\"},\"potentialAction\":[{\"@type\":\"SearchAction\",\"target\":{\"@type\":\"EntryPoint\",\"urlTemplate\":\"https:\/\/www.seac.es\/es\/?s={search_term_string}\"},\"query-input\":\"required name=search_term_string\"}],\"inLanguage\":\"es\"},{\"@type\":\"WebPage\",\"@id\":\"https:\/\/www.seac.es\/es\/productos\/estaciones-meteorologicas\/ema55\/#webpage\",\"url\":\"https:\/\/www.seac.es\/es\/productos\/estaciones-meteorologicas\/ema55\/\",\"name\":\"EMA55 - SEAC\",\"isPartOf\":{\"@id\":\"https:\/\/www.seac.es\/es\/#website\"},\"datePublished\":\"2017-10-11T11:51:18+00:00\",\"dateModified\":\"2022-09-20T07:34:07+00:00\",\"description\":\"Dise\u00f1ada con la tecnolog\u00eda m\u00e1s actual, es uno de los equipos m\u00e1s potentes en prestaciones del mercado. Ethernet, 3G\/GPRS y GPS\",\"breadcrumb\":{\"@id\":\"https:\/\/www.seac.es\/es\/productos\/estaciones-meteorologicas\/ema55\/#breadcrumb\"},\"inLanguage\":\"es\",\"potentialAction\":[{\"@type\":\"ReadAction\",\"target\":[\"https:\/\/www.seac.es\/es\/productos\/estaciones-meteorologicas\/ema55\/\"]}]},{\"@type\":\"BreadcrumbList\",\"@id\":\"https:\/\/www.seac.es\/es\/productos\/estaciones-meteorologicas\/ema55\/#breadcrumb\",\"itemListElement\":[{\"@type\":\"ListItem\",\"position\":1,\"name\":\"Portada\",\"item\":\"https:\/\/www.seac.es\/es\/\"},{\"@type\":\"ListItem\",\"position\":2,\"name\":\"Productos\",\"item\":\"https:\/\/www.seac.es\/es\/productos\/\"},{\"@type\":\"ListItem\",\"position\":3,\"name\":\"Estaciones\",\"item\":\"https:\/\/www.seac.es\/es\/productos\/estaciones-meteorologicas\/\"},{\"@type\":\"ListItem\",\"position\":4,\"name\":\"EMA55\"}]}]}<\/script>\n<!-- \/ Yoast SEO plugin. -->","yoast_head_json":{"title":"EMA55 - SEAC","description":"Dise\u00f1ada con la tecnolog\u00eda m\u00e1s actual, es uno de los equipos m\u00e1s potentes en prestaciones del mercado. Ethernet, 3G\/GPRS y GPS","robots":{"index":"index","follow":"follow","max-snippet":"max-snippet:-1","max-image-preview":"max-image-preview:large","max-video-preview":"max-video-preview:-1"},"canonical":"https:\/\/www.seac.es\/es\/productos\/estaciones-meteorologicas\/ema55\/","og_locale":"es_ES","og_type":"article","og_title":"EMA55 - SEAC","og_description":"Dise\u00f1ada con la tecnolog\u00eda m\u00e1s actual, es uno de los equipos m\u00e1s potentes en prestaciones del mercado. Ethernet, 3G\/GPRS y GPS","og_url":"https:\/\/www.seac.es\/es\/productos\/estaciones-meteorologicas\/ema55\/","og_site_name":"SEAC","article_modified_time":"2022-09-20T07:34:07+00:00","author":"adminblogseac","twitter_card":"summary_large_image","twitter_misc":{"Tiempo de lectura":"3 minutos"},"schema":{"@context":"https:\/\/schema.org","@graph":[{"@type":"Organization","@id":"https:\/\/www.seac.es\/es\/#organization","name":"SEAC S.A.","url":"https:\/\/www.seac.es\/es\/","sameAs":[],"logo":{"@type":"ImageObject","inLanguage":"es","@id":"https:\/\/www.seac.es\/es\/#\/schema\/logo\/image\/","url":"https:\/\/www.seac.es\/es\/wp-content\/uploads\/2017\/08\/logoSEAC240x105.png","contentUrl":"https:\/\/www.seac.es\/es\/wp-content\/uploads\/2017\/08\/logoSEAC240x105.png","width":240,"height":105,"caption":"SEAC S.A."},"image":{"@id":"https:\/\/www.seac.es\/es\/#\/schema\/logo\/image\/"}},{"@type":"WebSite","@id":"https:\/\/www.seac.es\/es\/#website","url":"https:\/\/www.seac.es\/es\/","name":"SEAC","description":"Meteorolog\u00eda y equipos de medida","publisher":{"@id":"https:\/\/www.seac.es\/es\/#organization"},"potentialAction":[{"@type":"SearchAction","target":{"@type":"EntryPoint","urlTemplate":"https:\/\/www.seac.es\/es\/?s={search_term_string}"},"query-input":"required name=search_term_string"}],"inLanguage":"es"},{"@type":"WebPage","@id":"https:\/\/www.seac.es\/es\/productos\/estaciones-meteorologicas\/ema55\/#webpage","url":"https:\/\/www.seac.es\/es\/productos\/estaciones-meteorologicas\/ema55\/","name":"EMA55 - SEAC","isPartOf":{"@id":"https:\/\/www.seac.es\/es\/#website"},"datePublished":"2017-10-11T11:51:18+00:00","dateModified":"2022-09-20T07:34:07+00:00","description":"Dise\u00f1ada con la tecnolog\u00eda m\u00e1s actual, es uno de los equipos m\u00e1s potentes en prestaciones del mercado. Ethernet, 3G\/GPRS y GPS","breadcrumb":{"@id":"https:\/\/www.seac.es\/es\/productos\/estaciones-meteorologicas\/ema55\/#breadcrumb"},"inLanguage":"es","potentialAction":[{"@type":"ReadAction","target":["https:\/\/www.seac.es\/es\/productos\/estaciones-meteorologicas\/ema55\/"]}]},{"@type":"BreadcrumbList","@id":"https:\/\/www.seac.es\/es\/productos\/estaciones-meteorologicas\/ema55\/#breadcrumb","itemListElement":[{"@type":"ListItem","position":1,"name":"Portada","item":"https:\/\/www.seac.es\/es\/"},{"@type":"ListItem","position":2,"name":"Productos","item":"https:\/\/www.seac.es\/es\/productos\/"},{"@type":"ListItem","position":3,"name":"Estaciones","item":"https:\/\/www.seac.es\/es\/productos\/estaciones-meteorologicas\/"},{"@type":"ListItem","position":4,"name":"EMA55"}]}]}},"_links":{"self":[{"href":"https:\/\/www.seac.es\/es\/wp-json\/wp\/v2\/pages\/1283"}],"collection":[{"href":"https:\/\/www.seac.es\/es\/wp-json\/wp\/v2\/pages"}],"about":[{"href":"https:\/\/www.seac.es\/es\/wp-json\/wp\/v2\/types\/page"}],"author":[{"embeddable":true,"href":"https:\/\/www.seac.es\/es\/wp-json\/wp\/v2\/users\/1"}],"replies":[{"embeddable":true,"href":"https:\/\/www.seac.es\/es\/wp-json\/wp\/v2\/comments?post=1283"}],"version-history":[{"count":39,"href":"https:\/\/www.seac.es\/es\/wp-json\/wp\/v2\/pages\/1283\/revisions"}],"predecessor-version":[{"id":3427,"href":"https:\/\/www.seac.es\/es\/wp-json\/wp\/v2\/pages\/1283\/revisions\/3427"}],"up":[{"embeddable":true,"href":"https:\/\/www.seac.es\/es\/wp-json\/wp\/v2\/pages\/706"}],"wp:attachment":[{"href":"https:\/\/www.seac.es\/es\/wp-json\/wp\/v2\/media?parent=1283"}],"curies":[{"name":"wp","href":"https:\/\/api.w.org\/{rel}","templated":true}]}}