{"id":1215,"date":"2017-10-09T12:07:17","date_gmt":"2017-10-09T12:07:17","guid":{"rendered":"http:\/\/www.seac.es\/es\/?page_id=1215"},"modified":"2022-09-15T09:27:01","modified_gmt":"2022-09-15T09:27:01","slug":"hermes","status":"publish","type":"page","link":"https:\/\/www.seac.es\/es\/sistemas\/hermes\/","title":{"rendered":"Hermes"},"content":{"rendered":"<div id=\"pl-1215\"  class=\"panel-layout\" ><div id=\"pg-1215-0\"  class=\"panel-grid panel-has-style\" ><div class=\"siteorigin-panels-stretch panel-row-style panel-row-style-for-1215-0\" data-stretch-type=\"full-stretched\" ><div id=\"pgc-1215-0-0\"  class=\"panel-grid-cell\" ><div id=\"panel-1215-0-0-0\" class=\"so-panel widget widget_sow-editor panel-first-child panel-last-child\" data-index=\"0\" ><div class=\"panel-widget-style panel-widget-style-for-1215-0-0-0\" ><div\n\t\t\t\n\t\t\tclass=\"so-widget-sow-editor so-widget-sow-editor-base\"\n\t\t\t\n\t\t>\n<div class=\"siteorigin-widget-tinymce textwidget\">\n\t<h1>\u00a0<\/h1>\n<h1>Hermes\u00a0- Sistema de ayudas meteorol\u00f3gicas en carretera<\/h1>\n<\/div>\n<\/div><\/div><\/div><\/div><\/div><\/div><div id=\"pg-1215-1\"  class=\"panel-grid panel-has-style\" ><div class=\"siteorigin-panels-stretch panel-row-style panel-row-style-for-1215-1\" data-stretch-type=\"full\" ><div id=\"pgc-1215-1-0\"  class=\"panel-grid-cell\" ><div id=\"panel-1215-1-0-0\" class=\"so-panel widget widget_sow-image panel-first-child panel-last-child\" data-index=\"1\" ><div\n\t\t\t\n\t\t\tclass=\"so-widget-sow-image so-widget-sow-image-default-2ec334f0a340-1215\"\n\t\t\t\n\t\t>\n\n<div class=\"sow-image-container\">\n\t\t<img src=\"https:\/\/www.seac.es\/es\/wp-content\/uploads\/2017\/09\/MAPA.png\" width=\"965\" height=\"540\" srcset=\"https:\/\/www.seac.es\/es\/wp-content\/uploads\/2017\/09\/MAPA.png 965w, https:\/\/www.seac.es\/es\/wp-content\/uploads\/2017\/09\/MAPA-300x168.png 300w, https:\/\/www.seac.es\/es\/wp-content\/uploads\/2017\/09\/MAPA-768x430.png 768w, https:\/\/www.seac.es\/es\/wp-content\/uploads\/2017\/09\/MAPA-24x13.png 24w, https:\/\/www.seac.es\/es\/wp-content\/uploads\/2017\/09\/MAPA-36x20.png 36w, https:\/\/www.seac.es\/es\/wp-content\/uploads\/2017\/09\/MAPA-48x27.png 48w\" sizes=\"(max-width: 965px) 100vw, 965px\" alt=\"\" loading=\"lazy\" \t\tclass=\"so-widget-image\"\/>\n\t<\/div>\n\n<\/div><\/div><\/div><div id=\"pgc-1215-1-1\"  class=\"panel-grid-cell\" ><div id=\"panel-1215-1-1-0\" class=\"so-panel widget widget_sow-editor panel-first-child panel-last-child\" data-index=\"2\" ><div\n\t\t\t\n\t\t\tclass=\"so-widget-sow-editor so-widget-sow-editor-base\"\n\t\t\t\n\t\t>\n<div class=\"siteorigin-widget-tinymce textwidget\">\n\t<h3>Presentaci\u00f3n<\/h3>\n<p>El sistema Hermes est\u00e1 desarrollado para proporcionar ayudas meteorol\u00f3gicas a las actividades de mantenimiento relativas a la vialidad en carreteras en condiciones adversas, as\u00ed como a la predicci\u00f3n local y general del tiempo.<br \/>Incluye todas las facilidades que la tecnolog\u00eda actual proporciona en cuanto a sistemas de comunicaciones y seguridad de la informaci\u00f3n.<br \/>Adem\u00e1s de la fabricaci\u00f3n, podemos llevar a cabo la instalaci\u00f3n y puesta a punto, as\u00ed como el mantenimiento de los sistemas instalados.<\/p>\n<h3>Caracter\u00edstica Generales<\/h3>\n<p>Los sistemas instalados son modulares, pudiendo ampliarse en la medida que las necesidades lo requieran.<br \/>Gracias a la versatilidad de los productos SEAC, junto con otros complementarios de terceros es posible calcular otros factores de riesgo vial como por ejemplo, el nivel de viento en viaductos, riesgo de deslizamiento. etc.<\/p>\n<h3>Mapas t\u00e9rmicos<\/h3>\n<p>Mediante la utilizaci\u00f3n de estaciones m\u00f3viles dotadas con sondas de temperatura y humedad del ambiente as\u00ed como de temperatura de calzada por infrarrojos se realizan mapas t\u00e9rmicos de la ruta deseada, comunicando en tiempo real con la estaci\u00f3n base, avisando de la posible necesidad de realizar mantenimientos preventivos.<br \/>Las estaciones tambi\u00e9n ayudan a la predicci\u00f3n de las condiciones meteorol\u00f3gicas de la zona, alertando de la existencia de condiciones adversas y aconsejando la utilizaci\u00f3n o no de elementos anticongelantes de la calzada y la dosificaci\u00f3n m\u00e1s adecuada.<\/p>\n<\/div>\n<\/div><\/div><\/div><\/div><\/div><div id=\"pg-1215-2\"  class=\"panel-grid panel-has-style\" ><div class=\"siteorigin-panels-stretch panel-row-style panel-row-style-for-1215-2\" data-stretch-type=\"full-stretched\" ><div id=\"pgc-1215-2-0\"  class=\"panel-grid-cell\" ><div id=\"panel-1215-2-0-0\" class=\"so-panel widget widget_sow-editor panel-first-child panel-last-child\" data-index=\"3\" ><div class=\"panel-widget-style panel-widget-style-for-1215-2-0-0\" ><div\n\t\t\t\n\t\t\tclass=\"so-widget-sow-editor so-widget-sow-editor-base\"\n\t\t\t\n\t\t>\n<div class=\"siteorigin-widget-tinymce textwidget\">\n\t<h1>\u00a0<\/h1>\n<h1>Hermes Caracter\u00edsticas t\u00e9cnicas<\/h1>\n<\/div>\n<\/div><\/div><\/div><\/div><\/div><\/div><div id=\"pg-1215-3\"  class=\"panel-grid panel-has-style\" ><div class=\"siteorigin-panels-stretch panel-row-style panel-row-style-for-1215-3\" data-stretch-type=\"full\" ><div id=\"pgc-1215-3-0\"  class=\"panel-grid-cell\" ><div id=\"panel-1215-3-0-0\" class=\"so-panel widget widget_sow-editor panel-first-child panel-last-child\" data-index=\"4\" ><div\n\t\t\t\n\t\t\tclass=\"so-widget-sow-editor so-widget-sow-editor-base\"\n\t\t\t\n\t\t>\n<div class=\"siteorigin-widget-tinymce textwidget\">\n\t<p>Se trata de un software para la comunicaci\u00f3n en tiempo real y as\u00edncrona con estaciones meteorol\u00f3gicas y el posterior tratamiento de la informaci\u00f3n.<\/p>\n<h3>F\u00e1cil manejo<\/h3>\n<p>Tras la instalaci\u00f3n, el usuario da de alta en la base de datos las estaciones de su red, define los mecanismos de conexi\u00f3n, la cadencia de interrogaci\u00f3n y almacena localmente la configuraci\u00f3n de las estaciones. Dicha configuraci\u00f3n se puede variar en cualquier momento debido a cambios en el tipo o n\u00famero de sensores, comunicaciones, etc. de las estaciones.<\/p>\n<h3>Captura de datos<\/h3>\n<p>La aplicaci\u00f3n realiza llamadas a las estaciones de forma autom\u00e1tica en segundo plano, anotando cualquier incidencia producida en dicho proceso. Tambi\u00e9n podemos ver los datos instant\u00e1neos de las estaciones que tienen conexi\u00f3n permanente, as\u00ed como cambiar sus par\u00e1metros de funcionamiento. Para el resto de las estaciones podemos iniciar una comunicaci\u00f3n manual para obtener los datos almacenados, visualizaci\u00f3n en tiempo real, cambio de configuraciones, etc.<\/p>\n<h3>Almac\u00e9n de datos<\/h3>\n<p>Los datos hist\u00f3ricos se almacenan en base de datos, pudi\u00e9ndose explotar de forma gr\u00e1fica, texto, etc.<br \/>Debido a que las estaciones pueden tener diversos intervalos de almacenamiento, la base de datos es gen\u00e9rica en cuanto al tiempo de grabaci\u00f3n de los datos, pudiendo coexistir diferentes tiempos de almacenamiento.<\/p>\n<\/div>\n<\/div><\/div><\/div><div id=\"pgc-1215-3-1\"  class=\"panel-grid-cell panel-grid-cell-empty\" ><\/div><div id=\"pgc-1215-3-2\"  class=\"panel-grid-cell\" ><div id=\"panel-1215-3-2-0\" class=\"so-panel widget widget_sow-editor panel-first-child panel-last-child\" data-index=\"5\" ><div\n\t\t\t\n\t\t\tclass=\"so-widget-sow-editor so-widget-sow-editor-base\"\n\t\t\t\n\t\t>\n<div class=\"siteorigin-widget-tinymce textwidget\">\n\t<h3>Generaci\u00f3n de alarmas<\/h3>\n<p>Los datos le\u00eddos por las estaciones pueden ser sometidos a un control de niveles, avisando al operador de forma autom\u00e1tica en el momento que se rebase alguno de ellos.<br \/>Existe la posibilidad de configurar la aplicaci\u00f3n para que env\u00ede correos electr\u00f3nicos y\/o mensajes SMS si el operador no atiende dicha alarma.<\/p>\n<h3>Comunicaciones<\/h3>\n<p>La aplicaci\u00f3n puede controlar diversos medios de conexi\u00f3n con las estaciones como por ejemplo l\u00edneas serie, modems anal\u00f3gicos y GSM, comunicaciones TCP\/IP, modems GPRS (IPs din\u00e1micas), etc.<\/p>\n<h3>Backup de datos<\/h3>\n<p>La introducci\u00f3n de datos en la base de datos local tambi\u00e9n puede realizarse mediante la lectura de la memoria externa formato pendrive de las estaciones.<br \/>Mediante dicha lectura, podemos agregar a nuestra base de datos la informaci\u00f3n de estaciones climatol\u00f3gicas desatendidas a las que no llegan las comunicaciones.<\/p>\n<h3>Visualizaci\u00f3n<\/h3>\n<p>La informaci\u00f3n recibida de las estaciones en tiempo real puede ser visualizada desde diversos ordenadores dentro de la red de \u00e1rea local, pudiendo configurar en cada uno de ellos los datos a representar, (seleccionando estaciones, par\u00e1metros, etc.).<\/p>\n<\/div>\n<\/div><\/div><\/div><\/div><\/div><\/div>","protected":false},"excerpt":{"rendered":"<p>\u00a0 Hermes\u00a0&#8211; Sistema de ayudas meteorol\u00f3gicas en carretera Presentaci\u00f3n El sistema Hermes est\u00e1 desarrollado para proporcionar ayudas meteorol\u00f3gicas a las actividades de mantenimiento relativas a<\/p>\n","protected":false},"author":1,"featured_media":1044,"parent":723,"menu_order":0,"comment_status":"closed","ping_status":"closed","template":"","meta":[],"yoast_head":"<!-- This site is optimized with the Yoast SEO plugin v19.2 - https:\/\/yoast.com\/wordpress\/plugins\/seo\/ -->\n<title>Hermes - SEAC<\/title>\n<meta name=\"description\" content=\"Sistema de ayudas meteorol\u00f3gicas a la vialidad en carretera especialmente en ambientes severos y a la predicci\u00f3n local y general del tiempo.\" \/>\n<meta name=\"robots\" content=\"index, follow, max-snippet:-1, max-image-preview:large, max-video-preview:-1\" \/>\n<link rel=\"canonical\" href=\"https:\/\/www.seac.es\/es\/sistemas\/hermes\/\" \/>\n<meta property=\"og:locale\" content=\"es_ES\" \/>\n<meta property=\"og:type\" content=\"article\" \/>\n<meta property=\"og:title\" content=\"Hermes - SEAC\" \/>\n<meta property=\"og:description\" content=\"Sistema de ayudas meteorol\u00f3gicas a la vialidad en carretera especialmente en ambientes severos y a la predicci\u00f3n local y general del tiempo.\" \/>\n<meta property=\"og:url\" content=\"https:\/\/www.seac.es\/es\/sistemas\/hermes\/\" \/>\n<meta property=\"og:site_name\" content=\"SEAC\" \/>\n<meta property=\"article:modified_time\" content=\"2022-09-15T09:27:01+00:00\" \/>\n<meta property=\"og:image\" content=\"https:\/\/www.seac.es\/es\/wp-content\/uploads\/2017\/09\/MAPA.png\" \/>\n\t<meta property=\"og:image:width\" content=\"965\" \/>\n\t<meta property=\"og:image:height\" content=\"540\" \/>\n\t<meta property=\"og:image:type\" content=\"image\/png\" \/>\n<meta name=\"author\" content=\"adminblogseac\" \/>\n<meta name=\"twitter:card\" content=\"summary_large_image\" \/>\n<meta name=\"twitter:label1\" content=\"Tiempo de lectura\" \/>\n\t<meta name=\"twitter:data1\" content=\"3 minutos\" \/>\n<script type=\"application\/ld+json\" class=\"yoast-schema-graph\">{\"@context\":\"https:\/\/schema.org\",\"@graph\":[{\"@type\":\"Organization\",\"@id\":\"https:\/\/www.seac.es\/es\/#organization\",\"name\":\"SEAC S.A.\",\"url\":\"https:\/\/www.seac.es\/es\/\",\"sameAs\":[],\"logo\":{\"@type\":\"ImageObject\",\"inLanguage\":\"es\",\"@id\":\"https:\/\/www.seac.es\/es\/#\/schema\/logo\/image\/\",\"url\":\"https:\/\/www.seac.es\/es\/wp-content\/uploads\/2017\/08\/logoSEAC240x105.png\",\"contentUrl\":\"https:\/\/www.seac.es\/es\/wp-content\/uploads\/2017\/08\/logoSEAC240x105.png\",\"width\":240,\"height\":105,\"caption\":\"SEAC S.A.\"},\"image\":{\"@id\":\"https:\/\/www.seac.es\/es\/#\/schema\/logo\/image\/\"}},{\"@type\":\"WebSite\",\"@id\":\"https:\/\/www.seac.es\/es\/#website\",\"url\":\"https:\/\/www.seac.es\/es\/\",\"name\":\"SEAC\",\"description\":\"Meteorolog\u00eda y equipos de medida\",\"publisher\":{\"@id\":\"https:\/\/www.seac.es\/es\/#organization\"},\"potentialAction\":[{\"@type\":\"SearchAction\",\"target\":{\"@type\":\"EntryPoint\",\"urlTemplate\":\"https:\/\/www.seac.es\/es\/?s={search_term_string}\"},\"query-input\":\"required name=search_term_string\"}],\"inLanguage\":\"es\"},{\"@type\":\"ImageObject\",\"inLanguage\":\"es\",\"@id\":\"https:\/\/www.seac.es\/es\/sistemas\/hermes\/#primaryimage\",\"url\":\"https:\/\/www.seac.es\/es\/wp-content\/uploads\/2017\/09\/MAPA.png\",\"contentUrl\":\"https:\/\/www.seac.es\/es\/wp-content\/uploads\/2017\/09\/MAPA.png\",\"width\":965,\"height\":540},{\"@type\":\"WebPage\",\"@id\":\"https:\/\/www.seac.es\/es\/sistemas\/hermes\/#webpage\",\"url\":\"https:\/\/www.seac.es\/es\/sistemas\/hermes\/\",\"name\":\"Hermes - SEAC\",\"isPartOf\":{\"@id\":\"https:\/\/www.seac.es\/es\/#website\"},\"primaryImageOfPage\":{\"@id\":\"https:\/\/www.seac.es\/es\/sistemas\/hermes\/#primaryimage\"},\"datePublished\":\"2017-10-09T12:07:17+00:00\",\"dateModified\":\"2022-09-15T09:27:01+00:00\",\"description\":\"Sistema de ayudas meteorol\u00f3gicas a la vialidad en carretera especialmente en ambientes severos y a la predicci\u00f3n local y general del tiempo.\",\"breadcrumb\":{\"@id\":\"https:\/\/www.seac.es\/es\/sistemas\/hermes\/#breadcrumb\"},\"inLanguage\":\"es\",\"potentialAction\":[{\"@type\":\"ReadAction\",\"target\":[\"https:\/\/www.seac.es\/es\/sistemas\/hermes\/\"]}]},{\"@type\":\"BreadcrumbList\",\"@id\":\"https:\/\/www.seac.es\/es\/sistemas\/hermes\/#breadcrumb\",\"itemListElement\":[{\"@type\":\"ListItem\",\"position\":1,\"name\":\"Portada\",\"item\":\"https:\/\/www.seac.es\/es\/\"},{\"@type\":\"ListItem\",\"position\":2,\"name\":\"Sistemas\",\"item\":\"https:\/\/www.seac.es\/es\/sistemas\/\"},{\"@type\":\"ListItem\",\"position\":3,\"name\":\"Hermes\"}]}]}<\/script>\n<!-- \/ Yoast SEO plugin. -->","yoast_head_json":{"title":"Hermes - SEAC","description":"Sistema de ayudas meteorol\u00f3gicas a la vialidad en carretera especialmente en ambientes severos y a la predicci\u00f3n local y general del tiempo.","robots":{"index":"index","follow":"follow","max-snippet":"max-snippet:-1","max-image-preview":"max-image-preview:large","max-video-preview":"max-video-preview:-1"},"canonical":"https:\/\/www.seac.es\/es\/sistemas\/hermes\/","og_locale":"es_ES","og_type":"article","og_title":"Hermes - SEAC","og_description":"Sistema de ayudas meteorol\u00f3gicas a la vialidad en carretera especialmente en ambientes severos y a la predicci\u00f3n local y general del tiempo.","og_url":"https:\/\/www.seac.es\/es\/sistemas\/hermes\/","og_site_name":"SEAC","article_modified_time":"2022-09-15T09:27:01+00:00","og_image":[{"width":965,"height":540,"url":"https:\/\/www.seac.es\/es\/wp-content\/uploads\/2017\/09\/MAPA.png","type":"image\/png"}],"author":"adminblogseac","twitter_card":"summary_large_image","twitter_misc":{"Tiempo de lectura":"3 minutos"},"schema":{"@context":"https:\/\/schema.org","@graph":[{"@type":"Organization","@id":"https:\/\/www.seac.es\/es\/#organization","name":"SEAC S.A.","url":"https:\/\/www.seac.es\/es\/","sameAs":[],"logo":{"@type":"ImageObject","inLanguage":"es","@id":"https:\/\/www.seac.es\/es\/#\/schema\/logo\/image\/","url":"https:\/\/www.seac.es\/es\/wp-content\/uploads\/2017\/08\/logoSEAC240x105.png","contentUrl":"https:\/\/www.seac.es\/es\/wp-content\/uploads\/2017\/08\/logoSEAC240x105.png","width":240,"height":105,"caption":"SEAC S.A."},"image":{"@id":"https:\/\/www.seac.es\/es\/#\/schema\/logo\/image\/"}},{"@type":"WebSite","@id":"https:\/\/www.seac.es\/es\/#website","url":"https:\/\/www.seac.es\/es\/","name":"SEAC","description":"Meteorolog\u00eda y equipos de medida","publisher":{"@id":"https:\/\/www.seac.es\/es\/#organization"},"potentialAction":[{"@type":"SearchAction","target":{"@type":"EntryPoint","urlTemplate":"https:\/\/www.seac.es\/es\/?s={search_term_string}"},"query-input":"required name=search_term_string"}],"inLanguage":"es"},{"@type":"ImageObject","inLanguage":"es","@id":"https:\/\/www.seac.es\/es\/sistemas\/hermes\/#primaryimage","url":"https:\/\/www.seac.es\/es\/wp-content\/uploads\/2017\/09\/MAPA.png","contentUrl":"https:\/\/www.seac.es\/es\/wp-content\/uploads\/2017\/09\/MAPA.png","width":965,"height":540},{"@type":"WebPage","@id":"https:\/\/www.seac.es\/es\/sistemas\/hermes\/#webpage","url":"https:\/\/www.seac.es\/es\/sistemas\/hermes\/","name":"Hermes - SEAC","isPartOf":{"@id":"https:\/\/www.seac.es\/es\/#website"},"primaryImageOfPage":{"@id":"https:\/\/www.seac.es\/es\/sistemas\/hermes\/#primaryimage"},"datePublished":"2017-10-09T12:07:17+00:00","dateModified":"2022-09-15T09:27:01+00:00","description":"Sistema de ayudas meteorol\u00f3gicas a la vialidad en carretera especialmente en ambientes severos y a la predicci\u00f3n local y general del tiempo.","breadcrumb":{"@id":"https:\/\/www.seac.es\/es\/sistemas\/hermes\/#breadcrumb"},"inLanguage":"es","potentialAction":[{"@type":"ReadAction","target":["https:\/\/www.seac.es\/es\/sistemas\/hermes\/"]}]},{"@type":"BreadcrumbList","@id":"https:\/\/www.seac.es\/es\/sistemas\/hermes\/#breadcrumb","itemListElement":[{"@type":"ListItem","position":1,"name":"Portada","item":"https:\/\/www.seac.es\/es\/"},{"@type":"ListItem","position":2,"name":"Sistemas","item":"https:\/\/www.seac.es\/es\/sistemas\/"},{"@type":"ListItem","position":3,"name":"Hermes"}]}]}},"_links":{"self":[{"href":"https:\/\/www.seac.es\/es\/wp-json\/wp\/v2\/pages\/1215"}],"collection":[{"href":"https:\/\/www.seac.es\/es\/wp-json\/wp\/v2\/pages"}],"about":[{"href":"https:\/\/www.seac.es\/es\/wp-json\/wp\/v2\/types\/page"}],"author":[{"embeddable":true,"href":"https:\/\/www.seac.es\/es\/wp-json\/wp\/v2\/users\/1"}],"replies":[{"embeddable":true,"href":"https:\/\/www.seac.es\/es\/wp-json\/wp\/v2\/comments?post=1215"}],"version-history":[{"count":47,"href":"https:\/\/www.seac.es\/es\/wp-json\/wp\/v2\/pages\/1215\/revisions"}],"predecessor-version":[{"id":3376,"href":"https:\/\/www.seac.es\/es\/wp-json\/wp\/v2\/pages\/1215\/revisions\/3376"}],"up":[{"embeddable":true,"href":"https:\/\/www.seac.es\/es\/wp-json\/wp\/v2\/pages\/723"}],"wp:featuredmedia":[{"embeddable":true,"href":"https:\/\/www.seac.es\/es\/wp-json\/wp\/v2\/media\/1044"}],"wp:attachment":[{"href":"https:\/\/www.seac.es\/es\/wp-json\/wp\/v2\/media?parent=1215"}],"curies":[{"name":"wp","href":"https:\/\/api.w.org\/{rel}","templated":true}]}}