{"id":1198,"date":"2017-10-09T11:24:15","date_gmt":"2017-10-09T11:24:15","guid":{"rendered":"http:\/\/www.seac.es\/es\/?page_id=1198"},"modified":"2023-05-19T09:28:33","modified_gmt":"2023-05-19T09:28:33","slug":"sd03th","status":"publish","type":"page","link":"https:\/\/www.seac.es\/es\/productos\/sensores\/sd03th\/","title":{"rendered":"SD03TH"},"content":{"rendered":"<div id=\"pl-1198\"  class=\"panel-layout\" ><div id=\"pg-1198-0\"  class=\"panel-grid panel-has-style\" ><div class=\"siteorigin-panels-stretch panel-row-style panel-row-style-for-1198-0\" data-stretch-type=\"full\" ><div id=\"pgc-1198-0-0\"  class=\"panel-grid-cell\" ><div id=\"panel-1198-0-0-0\" class=\"so-panel widget widget_sow-editor panel-first-child panel-last-child\" data-index=\"0\" ><div class=\"panel-widget-style panel-widget-style-for-1198-0-0-0\" ><div\n\t\t\t\n\t\t\tclass=\"so-widget-sow-editor so-widget-sow-editor-base\"\n\t\t\t\n\t\t>\n<div class=\"siteorigin-widget-tinymce textwidget\">\n\t<h1>\u00a0<\/h1>\n<h1>Sensor de temperatura y humedad SD03TH<\/h1>\n<\/div>\n<\/div><\/div><\/div><\/div><\/div><\/div><div id=\"pg-1198-1\"  class=\"panel-grid panel-has-style\" ><div class=\"siteorigin-panels-stretch panel-row-style panel-row-style-for-1198-1\" data-stretch-type=\"full\" ><div id=\"pgc-1198-1-0\"  class=\"panel-grid-cell\" ><div id=\"panel-1198-1-0-0\" class=\"so-panel widget widget_sow-image panel-first-child panel-last-child\" data-index=\"1\" ><div\n\t\t\t\n\t\t\tclass=\"so-widget-sow-image so-widget-sow-image-default-2ec334f0a340-1198\"\n\t\t\t\n\t\t>\n\n<div class=\"sow-image-container\">\n\t\t<img src=\"https:\/\/www.seac.es\/es\/wp-content\/uploads\/2022\/04\/TH640transp.png\" width=\"956\" height=\"640\" srcset=\"https:\/\/www.seac.es\/es\/wp-content\/uploads\/2022\/04\/TH640transp.png 956w, https:\/\/www.seac.es\/es\/wp-content\/uploads\/2022\/04\/TH640transp-300x201.png 300w, https:\/\/www.seac.es\/es\/wp-content\/uploads\/2022\/04\/TH640transp-768x514.png 768w, https:\/\/www.seac.es\/es\/wp-content\/uploads\/2022\/04\/TH640transp-24x16.png 24w, https:\/\/www.seac.es\/es\/wp-content\/uploads\/2022\/04\/TH640transp-36x24.png 36w, https:\/\/www.seac.es\/es\/wp-content\/uploads\/2022\/04\/TH640transp-48x32.png 48w, https:\/\/www.seac.es\/es\/wp-content\/uploads\/2022\/04\/TH640transp-272x182.png 272w\" sizes=\"(max-width: 956px) 100vw, 956px\" alt=\"\" loading=\"lazy\" \t\tclass=\"so-widget-image\"\/>\n\t<\/div>\n\n<\/div><\/div><\/div><div id=\"pgc-1198-1-1\"  class=\"panel-grid-cell\" ><div id=\"panel-1198-1-1-0\" class=\"so-panel widget widget_sow-editor panel-first-child panel-last-child\" data-index=\"2\" ><div\n\t\t\t\n\t\t\tclass=\"so-widget-sow-editor so-widget-sow-editor-base\"\n\t\t\t\n\t\t>\n<div class=\"siteorigin-widget-tinymce textwidget\">\n\t<h3>Presentaci\u00f3n<\/h3>\n<p>El sensor SD03TH es un sensor combinado de temperatura y humedad que proporciona medidas estables y precisas. Est\u00e1 basado en el circuito integrado Sensirion SHT35 protegido con un filtro de poli\u00e9ster con membrana permeable al vapor de agua que con una junta t\u00f3rica se asegura una completa estanqueidad.<br \/>\nDebe ser instalado en un protector solar del tipo del protector Seac PS05 para la mejor exactitud de la medida.<\/p>\n<\/div>\n<\/div><\/div><\/div><\/div><\/div><div id=\"pg-1198-2\"  class=\"panel-grid panel-has-style\" ><div class=\"siteorigin-panels-stretch panel-row-style panel-row-style-for-1198-2\" data-stretch-type=\"full\" ><div id=\"pgc-1198-2-0\"  class=\"panel-grid-cell\" ><div id=\"panel-1198-2-0-0\" class=\"so-panel widget widget_sow-editor panel-first-child panel-last-child\" data-index=\"3\" ><div class=\"panel-widget-style panel-widget-style-for-1198-2-0-0\" ><div\n\t\t\t\n\t\t\tclass=\"so-widget-sow-editor so-widget-sow-editor-base\"\n\t\t\t\n\t\t>\n<div class=\"siteorigin-widget-tinymce textwidget\">\n\t<h1>\u00a0<\/h1>\n<h1>SD03TH\u00a0Caracter\u00edsticas t\u00e9cnicas<\/h1>\n<\/div>\n<\/div><\/div><\/div><\/div><\/div><\/div><div id=\"pg-1198-3\"  class=\"panel-grid panel-has-style\" ><div class=\"siteorigin-panels-stretch panel-row-style panel-row-style-for-1198-3\" data-stretch-type=\"full\" ><div id=\"pgc-1198-3-0\"  class=\"panel-grid-cell\" ><div id=\"panel-1198-3-0-0\" class=\"so-panel widget widget_sow-editor panel-first-child panel-last-child\" data-index=\"4\" ><div\n\t\t\t\n\t\t\tclass=\"so-widget-sow-editor so-widget-sow-editor-base\"\n\t\t\t\n\t\t>\n<div class=\"siteorigin-widget-tinymce textwidget\">\n\t<\/div>\n<\/div><\/div><\/div><div id=\"pgc-1198-3-1\"  class=\"panel-grid-cell panel-grid-cell-empty\" ><\/div><div id=\"pgc-1198-3-2\"  class=\"panel-grid-cell\" ><div id=\"panel-1198-3-2-0\" class=\"so-panel widget widget_sow-editor panel-first-child panel-last-child\" data-index=\"5\" ><div\n\t\t\t\n\t\t\tclass=\"so-widget-sow-editor so-widget-sow-editor-base\"\n\t\t\t\n\t\t>\n<div class=\"siteorigin-widget-tinymce textwidget\">\n\t<h3>Especificaciones<\/h3>\n<p>Temperatura de operaci\u00f3n -40 a 70\u00baC.<br \/>Comunicaci\u00f3n est\u00e1ndar: IIC compatible con el equipo Seac SC03.\u00a0<br \/>Dimensiones: Longitud 56 mm, Di\u00e1metro 19 mm.<br \/>Alimentaci\u00f3n 3,6 v cc.<br \/>Estanqueidad del conector IP65.<br \/>Consumo 1,7 mA.<\/p>\n<h3>Humedad<\/h3>\n<p>Rango de medida 0 a 100% HR.<br \/>Resoluci\u00f3n 0,05% HR.<br \/>Exactitud a 25\u00ba +-3% de 0 a 100% HR.<br \/>Dependencia de la temperatura +- 1,5% ( -20 a 60 \u00baC ).<br \/>Tiempo de respuesta 10 s ( 63% ).<\/p>\n<h3>Temperatura<\/h3>\n<p>Rango de medida est\u00e1ndar: -30 a 70 \u00baC<br \/>Resoluci\u00f3n: 0,02 \u00baC<br \/>Exactitud: +- 0,3 \u00baC a 25 \u00baC; +- 0,5 \u00baC de -30 a 70 \u00baC<\/p>\n<\/div>\n<\/div><\/div><\/div><\/div><\/div><\/div>","protected":false},"excerpt":{"rendered":"<p>\u00a0 Sensor de temperatura y humedad SD03TH Presentaci\u00f3n El sensor SD03TH es un sensor combinado de temperatura y humedad que proporciona medidas estables y precisas.<\/p>\n","protected":false},"author":1,"featured_media":2564,"parent":664,"menu_order":0,"comment_status":"closed","ping_status":"closed","template":"","meta":[],"yoast_head":"<!-- This site is optimized with the Yoast SEO plugin v19.2 - https:\/\/yoast.com\/wordpress\/plugins\/seo\/ -->\n<title>SD03TH - SEAC<\/title>\n<meta name=\"description\" content=\"El sensor SD03TH es un sensor combinado de temperatura y humedad que proporciona medidas estables y precisas.\" \/>\n<meta name=\"robots\" content=\"index, follow, max-snippet:-1, max-image-preview:large, max-video-preview:-1\" \/>\n<link rel=\"canonical\" href=\"https:\/\/www.seac.es\/es\/productos\/sensores\/sd03th\/\" \/>\n<meta property=\"og:locale\" content=\"es_ES\" \/>\n<meta property=\"og:type\" content=\"article\" \/>\n<meta property=\"og:title\" content=\"SD03TH - SEAC\" \/>\n<meta property=\"og:description\" content=\"El sensor SD03TH es un sensor combinado de temperatura y humedad que proporciona medidas estables y precisas.\" \/>\n<meta property=\"og:url\" content=\"https:\/\/www.seac.es\/es\/productos\/sensores\/sd03th\/\" \/>\n<meta property=\"og:site_name\" content=\"SEAC\" \/>\n<meta property=\"article:modified_time\" content=\"2023-05-19T09:28:33+00:00\" \/>\n<meta property=\"og:image\" content=\"https:\/\/www.seac.es\/es\/wp-content\/uploads\/2022\/04\/TH640transp.png\" \/>\n\t<meta property=\"og:image:width\" content=\"956\" \/>\n\t<meta property=\"og:image:height\" content=\"640\" \/>\n\t<meta property=\"og:image:type\" content=\"image\/png\" \/>\n<meta name=\"author\" content=\"adminblogseac\" \/>\n<meta name=\"twitter:card\" content=\"summary_large_image\" \/>\n<meta name=\"twitter:label1\" content=\"Tiempo de lectura\" \/>\n\t<meta name=\"twitter:data1\" content=\"1 minuto\" \/>\n<script type=\"application\/ld+json\" class=\"yoast-schema-graph\">{\"@context\":\"https:\/\/schema.org\",\"@graph\":[{\"@type\":\"Organization\",\"@id\":\"https:\/\/www.seac.es\/es\/#organization\",\"name\":\"SEAC S.A.\",\"url\":\"https:\/\/www.seac.es\/es\/\",\"sameAs\":[],\"logo\":{\"@type\":\"ImageObject\",\"inLanguage\":\"es\",\"@id\":\"https:\/\/www.seac.es\/es\/#\/schema\/logo\/image\/\",\"url\":\"https:\/\/www.seac.es\/es\/wp-content\/uploads\/2017\/08\/logoSEAC240x105.png\",\"contentUrl\":\"https:\/\/www.seac.es\/es\/wp-content\/uploads\/2017\/08\/logoSEAC240x105.png\",\"width\":240,\"height\":105,\"caption\":\"SEAC S.A.\"},\"image\":{\"@id\":\"https:\/\/www.seac.es\/es\/#\/schema\/logo\/image\/\"}},{\"@type\":\"WebSite\",\"@id\":\"https:\/\/www.seac.es\/es\/#website\",\"url\":\"https:\/\/www.seac.es\/es\/\",\"name\":\"SEAC\",\"description\":\"Meteorolog\u00eda y equipos de medida\",\"publisher\":{\"@id\":\"https:\/\/www.seac.es\/es\/#organization\"},\"potentialAction\":[{\"@type\":\"SearchAction\",\"target\":{\"@type\":\"EntryPoint\",\"urlTemplate\":\"https:\/\/www.seac.es\/es\/?s={search_term_string}\"},\"query-input\":\"required name=search_term_string\"}],\"inLanguage\":\"es\"},{\"@type\":\"ImageObject\",\"inLanguage\":\"es\",\"@id\":\"https:\/\/www.seac.es\/es\/productos\/sensores\/sd03th\/#primaryimage\",\"url\":\"https:\/\/www.seac.es\/es\/wp-content\/uploads\/2022\/04\/TH640transp.png\",\"contentUrl\":\"https:\/\/www.seac.es\/es\/wp-content\/uploads\/2022\/04\/TH640transp.png\",\"width\":956,\"height\":640},{\"@type\":\"WebPage\",\"@id\":\"https:\/\/www.seac.es\/es\/productos\/sensores\/sd03th\/#webpage\",\"url\":\"https:\/\/www.seac.es\/es\/productos\/sensores\/sd03th\/\",\"name\":\"SD03TH - SEAC\",\"isPartOf\":{\"@id\":\"https:\/\/www.seac.es\/es\/#website\"},\"primaryImageOfPage\":{\"@id\":\"https:\/\/www.seac.es\/es\/productos\/sensores\/sd03th\/#primaryimage\"},\"datePublished\":\"2017-10-09T11:24:15+00:00\",\"dateModified\":\"2023-05-19T09:28:33+00:00\",\"description\":\"El sensor SD03TH es un sensor combinado de temperatura y humedad que proporciona medidas estables y precisas.\",\"breadcrumb\":{\"@id\":\"https:\/\/www.seac.es\/es\/productos\/sensores\/sd03th\/#breadcrumb\"},\"inLanguage\":\"es\",\"potentialAction\":[{\"@type\":\"ReadAction\",\"target\":[\"https:\/\/www.seac.es\/es\/productos\/sensores\/sd03th\/\"]}]},{\"@type\":\"BreadcrumbList\",\"@id\":\"https:\/\/www.seac.es\/es\/productos\/sensores\/sd03th\/#breadcrumb\",\"itemListElement\":[{\"@type\":\"ListItem\",\"position\":1,\"name\":\"Portada\",\"item\":\"https:\/\/www.seac.es\/es\/\"},{\"@type\":\"ListItem\",\"position\":2,\"name\":\"Productos\",\"item\":\"https:\/\/www.seac.es\/es\/productos\/\"},{\"@type\":\"ListItem\",\"position\":3,\"name\":\"Sensores\",\"item\":\"https:\/\/www.seac.es\/es\/productos\/sensores\/\"},{\"@type\":\"ListItem\",\"position\":4,\"name\":\"SD03TH\"}]}]}<\/script>\n<!-- \/ Yoast SEO plugin. -->","yoast_head_json":{"title":"SD03TH - SEAC","description":"El sensor SD03TH es un sensor combinado de temperatura y humedad que proporciona medidas estables y precisas.","robots":{"index":"index","follow":"follow","max-snippet":"max-snippet:-1","max-image-preview":"max-image-preview:large","max-video-preview":"max-video-preview:-1"},"canonical":"https:\/\/www.seac.es\/es\/productos\/sensores\/sd03th\/","og_locale":"es_ES","og_type":"article","og_title":"SD03TH - SEAC","og_description":"El sensor SD03TH es un sensor combinado de temperatura y humedad que proporciona medidas estables y precisas.","og_url":"https:\/\/www.seac.es\/es\/productos\/sensores\/sd03th\/","og_site_name":"SEAC","article_modified_time":"2023-05-19T09:28:33+00:00","og_image":[{"width":956,"height":640,"url":"https:\/\/www.seac.es\/es\/wp-content\/uploads\/2022\/04\/TH640transp.png","type":"image\/png"}],"author":"adminblogseac","twitter_card":"summary_large_image","twitter_misc":{"Tiempo de lectura":"1 minuto"},"schema":{"@context":"https:\/\/schema.org","@graph":[{"@type":"Organization","@id":"https:\/\/www.seac.es\/es\/#organization","name":"SEAC S.A.","url":"https:\/\/www.seac.es\/es\/","sameAs":[],"logo":{"@type":"ImageObject","inLanguage":"es","@id":"https:\/\/www.seac.es\/es\/#\/schema\/logo\/image\/","url":"https:\/\/www.seac.es\/es\/wp-content\/uploads\/2017\/08\/logoSEAC240x105.png","contentUrl":"https:\/\/www.seac.es\/es\/wp-content\/uploads\/2017\/08\/logoSEAC240x105.png","width":240,"height":105,"caption":"SEAC S.A."},"image":{"@id":"https:\/\/www.seac.es\/es\/#\/schema\/logo\/image\/"}},{"@type":"WebSite","@id":"https:\/\/www.seac.es\/es\/#website","url":"https:\/\/www.seac.es\/es\/","name":"SEAC","description":"Meteorolog\u00eda y equipos de medida","publisher":{"@id":"https:\/\/www.seac.es\/es\/#organization"},"potentialAction":[{"@type":"SearchAction","target":{"@type":"EntryPoint","urlTemplate":"https:\/\/www.seac.es\/es\/?s={search_term_string}"},"query-input":"required name=search_term_string"}],"inLanguage":"es"},{"@type":"ImageObject","inLanguage":"es","@id":"https:\/\/www.seac.es\/es\/productos\/sensores\/sd03th\/#primaryimage","url":"https:\/\/www.seac.es\/es\/wp-content\/uploads\/2022\/04\/TH640transp.png","contentUrl":"https:\/\/www.seac.es\/es\/wp-content\/uploads\/2022\/04\/TH640transp.png","width":956,"height":640},{"@type":"WebPage","@id":"https:\/\/www.seac.es\/es\/productos\/sensores\/sd03th\/#webpage","url":"https:\/\/www.seac.es\/es\/productos\/sensores\/sd03th\/","name":"SD03TH - SEAC","isPartOf":{"@id":"https:\/\/www.seac.es\/es\/#website"},"primaryImageOfPage":{"@id":"https:\/\/www.seac.es\/es\/productos\/sensores\/sd03th\/#primaryimage"},"datePublished":"2017-10-09T11:24:15+00:00","dateModified":"2023-05-19T09:28:33+00:00","description":"El sensor SD03TH es un sensor combinado de temperatura y humedad que proporciona medidas estables y precisas.","breadcrumb":{"@id":"https:\/\/www.seac.es\/es\/productos\/sensores\/sd03th\/#breadcrumb"},"inLanguage":"es","potentialAction":[{"@type":"ReadAction","target":["https:\/\/www.seac.es\/es\/productos\/sensores\/sd03th\/"]}]},{"@type":"BreadcrumbList","@id":"https:\/\/www.seac.es\/es\/productos\/sensores\/sd03th\/#breadcrumb","itemListElement":[{"@type":"ListItem","position":1,"name":"Portada","item":"https:\/\/www.seac.es\/es\/"},{"@type":"ListItem","position":2,"name":"Productos","item":"https:\/\/www.seac.es\/es\/productos\/"},{"@type":"ListItem","position":3,"name":"Sensores","item":"https:\/\/www.seac.es\/es\/productos\/sensores\/"},{"@type":"ListItem","position":4,"name":"SD03TH"}]}]}},"_links":{"self":[{"href":"https:\/\/www.seac.es\/es\/wp-json\/wp\/v2\/pages\/1198"}],"collection":[{"href":"https:\/\/www.seac.es\/es\/wp-json\/wp\/v2\/pages"}],"about":[{"href":"https:\/\/www.seac.es\/es\/wp-json\/wp\/v2\/types\/page"}],"author":[{"embeddable":true,"href":"https:\/\/www.seac.es\/es\/wp-json\/wp\/v2\/users\/1"}],"replies":[{"embeddable":true,"href":"https:\/\/www.seac.es\/es\/wp-json\/wp\/v2\/comments?post=1198"}],"version-history":[{"count":39,"href":"https:\/\/www.seac.es\/es\/wp-json\/wp\/v2\/pages\/1198\/revisions"}],"predecessor-version":[{"id":4250,"href":"https:\/\/www.seac.es\/es\/wp-json\/wp\/v2\/pages\/1198\/revisions\/4250"}],"up":[{"embeddable":true,"href":"https:\/\/www.seac.es\/es\/wp-json\/wp\/v2\/pages\/664"}],"wp:featuredmedia":[{"embeddable":true,"href":"https:\/\/www.seac.es\/es\/wp-json\/wp\/v2\/media\/2564"}],"wp:attachment":[{"href":"https:\/\/www.seac.es\/es\/wp-json\/wp\/v2\/media?parent=1198"}],"curies":[{"name":"wp","href":"https:\/\/api.w.org\/{rel}","templated":true}]}}