{"id":1139,"date":"2017-10-05T12:13:57","date_gmt":"2017-10-05T12:13:57","guid":{"rendered":"http:\/\/www.seac.es\/es\/?page_id=1139"},"modified":"2022-07-28T10:06:42","modified_gmt":"2022-07-28T10:06:42","slug":"sd03tir","status":"publish","type":"page","link":"https:\/\/www.seac.es\/es\/productos\/sensores\/sd03tir\/","title":{"rendered":"SD03TIR"},"content":{"rendered":"<div id=\"pl-1139\"  class=\"panel-layout\" ><div id=\"pg-1139-0\"  class=\"panel-grid panel-has-style\" ><div class=\"siteorigin-panels-stretch panel-row-style panel-row-style-for-1139-0\" data-stretch-type=\"full\" ><div id=\"pgc-1139-0-0\"  class=\"panel-grid-cell\" ><div id=\"panel-1139-0-0-0\" class=\"so-panel widget widget_sow-editor panel-first-child panel-last-child\" data-index=\"0\" ><div class=\"panel-widget-style panel-widget-style-for-1139-0-0-0\" ><div\n\t\t\t\n\t\t\tclass=\"so-widget-sow-editor so-widget-sow-editor-base\"\n\t\t\t\n\t\t>\n<div class=\"siteorigin-widget-tinymce textwidget\">\n\t<h1>\u00a0<\/h1>\n<h1>Term\u00f3metro de infrarrojos SD03TIR<\/h1>\n<\/div>\n<\/div><\/div><\/div><\/div><\/div><\/div><div id=\"pg-1139-1\"  class=\"panel-grid panel-has-style\" ><div class=\"siteorigin-panels-stretch panel-row-style panel-row-style-for-1139-1\" data-stretch-type=\"full\" ><div id=\"pgc-1139-1-0\"  class=\"panel-grid-cell\" ><div id=\"panel-1139-1-0-0\" class=\"so-panel widget widget_sow-image panel-first-child panel-last-child\" data-index=\"1\" ><div\n\t\t\t\n\t\t\tclass=\"so-widget-sow-image so-widget-sow-image-default-2ec334f0a340-1139\"\n\t\t\t\n\t\t>\n\n<div class=\"sow-image-container\">\n\t\t<img src=\"https:\/\/www.seac.es\/es\/wp-content\/uploads\/2022\/04\/IR640transp.png\" width=\"956\" height=\"640\" srcset=\"https:\/\/www.seac.es\/es\/wp-content\/uploads\/2022\/04\/IR640transp.png 956w, https:\/\/www.seac.es\/es\/wp-content\/uploads\/2022\/04\/IR640transp-300x201.png 300w, https:\/\/www.seac.es\/es\/wp-content\/uploads\/2022\/04\/IR640transp-768x514.png 768w, https:\/\/www.seac.es\/es\/wp-content\/uploads\/2022\/04\/IR640transp-24x16.png 24w, https:\/\/www.seac.es\/es\/wp-content\/uploads\/2022\/04\/IR640transp-36x24.png 36w, https:\/\/www.seac.es\/es\/wp-content\/uploads\/2022\/04\/IR640transp-48x32.png 48w, https:\/\/www.seac.es\/es\/wp-content\/uploads\/2022\/04\/IR640transp-272x182.png 272w\" sizes=\"(max-width: 956px) 100vw, 956px\" alt=\"sensor temperatura infrarrojos seac\" loading=\"lazy\" \t\tclass=\"so-widget-image\"\/>\n\t<\/div>\n\n<\/div><\/div><\/div><div id=\"pgc-1139-1-1\"  class=\"panel-grid-cell\" ><div id=\"panel-1139-1-1-0\" class=\"so-panel widget widget_sow-editor panel-first-child panel-last-child\" data-index=\"2\" ><div\n\t\t\t\n\t\t\tclass=\"so-widget-sow-editor so-widget-sow-editor-base\"\n\t\t\t\n\t\t>\n<div class=\"siteorigin-widget-tinymce textwidget\">\n\t<h3>Presentaci\u00f3n<\/h3>\n<p>El sensor SD03TIR es un medidor de temperatura por infrarrojos para medidas sin contacto.<\/p>\n<h3>Compatibilidad<\/h3>\n<p>Es compatible con los equipos SC03 y TM03.<\/p>\n<h3>Composici\u00f3n<\/h3>\n<p>Est\u00e1 basado en un chip termopila sensible al infrarrojo integrado en capsula TO39 junto con un acondicionador de se\u00f1al ASIC, convertidor AD de 17 bits y unidad DSP.<\/p>\n<h3>Precisi\u00f3n<\/h3>\n<p>El term\u00f3metro viene calibrado de f\u00e1brica y proporciona una salida digital con una resoluci\u00f3n de 0.02 \u00baC en todo el rango de medida.<\/p>\n<p>\u00a0<\/p><\/div>\n<\/div><\/div><\/div><\/div><\/div><div id=\"pg-1139-2\"  class=\"panel-grid panel-has-style\" ><div class=\"siteorigin-panels-stretch panel-row-style panel-row-style-for-1139-2\" data-stretch-type=\"full\" ><div id=\"pgc-1139-2-0\"  class=\"panel-grid-cell\" ><div id=\"panel-1139-2-0-0\" class=\"so-panel widget widget_sow-editor panel-first-child panel-last-child\" data-index=\"3\" ><div class=\"panel-widget-style panel-widget-style-for-1139-2-0-0\" ><div\n\t\t\t\n\t\t\tclass=\"so-widget-sow-editor so-widget-sow-editor-base\"\n\t\t\t\n\t\t>\n<div class=\"siteorigin-widget-tinymce textwidget\">\n\t<h1>\u00a0<\/h1>\n<h1>SD03TIR\u00a0Caracter\u00edsticas t\u00e9cnicas<\/h1>\n<\/div>\n<\/div><\/div><\/div><\/div><\/div><\/div><div id=\"pg-1139-3\"  class=\"panel-grid panel-has-style\" ><div class=\"siteorigin-panels-stretch panel-row-style panel-row-style-for-1139-3\" data-stretch-type=\"full\" ><div id=\"pgc-1139-3-0\"  class=\"panel-grid-cell\" ><div id=\"panel-1139-3-0-0\" class=\"so-panel widget widget_sow-editor panel-first-child panel-last-child\" data-index=\"4\" ><div\n\t\t\t\n\t\t\tclass=\"so-widget-sow-editor so-widget-sow-editor-base\"\n\t\t\t\n\t\t>\n<div class=\"siteorigin-widget-tinymce textwidget\">\n\t<\/div>\n<\/div><\/div><\/div><div id=\"pgc-1139-3-1\"  class=\"panel-grid-cell panel-grid-cell-empty\" ><\/div><div id=\"pgc-1139-3-2\"  class=\"panel-grid-cell\" ><div id=\"panel-1139-3-2-0\" class=\"so-panel widget widget_sow-editor panel-first-child panel-last-child\" data-index=\"5\" ><div\n\t\t\t\n\t\t\tclass=\"so-widget-sow-editor so-widget-sow-editor-base\"\n\t\t\t\n\t\t>\n<div class=\"siteorigin-widget-tinymce textwidget\">\n\t<p>Peque\u00f1o tama\u00f1o<br \/>\nF\u00e1cil de integrar<br \/>\nCalibrado en f\u00e1brica en el rango de -40 a 125\u00baC para el sensor y -70 a 380\u00baC para el objeto.<br \/>\nExactitud de 0.2\u00baC de 0 a 70\u00baC<br \/>\nResoluci\u00f3n de 0.02\u00baC<br \/>\nComunicaci\u00f3n SMBus compatible<br \/>\nAlimentaci\u00f3n a 5v cc.<br \/>\nModo de ahorro de consumo<br \/>\nDimensiones: Longitud 57 mm. Di\u00e1metro 19 mm.<\/p>\n<\/div>\n<\/div><\/div><\/div><\/div><\/div><\/div>","protected":false},"excerpt":{"rendered":"<p>\u00a0 Term\u00f3metro de infrarrojos SD03TIR Presentaci\u00f3n El sensor SD03TIR es un medidor de temperatura por infrarrojos para medidas sin contacto. Compatibilidad Es compatible con los<\/p>\n","protected":false},"author":1,"featured_media":2566,"parent":664,"menu_order":0,"comment_status":"closed","ping_status":"closed","template":"","meta":[],"yoast_head":"<!-- This site is optimized with the Yoast SEO plugin v19.2 - https:\/\/yoast.com\/wordpress\/plugins\/seo\/ -->\n<title>SD03TIR - SEAC<\/title>\n<meta name=\"description\" content=\"El sensor SD03TIR es un medidor de temperatura por infrarrojos para medidas sin contacto. Es compatible con los equipos SC03 y TM03.\" \/>\n<meta name=\"robots\" content=\"index, follow, max-snippet:-1, max-image-preview:large, max-video-preview:-1\" \/>\n<link rel=\"canonical\" href=\"https:\/\/www.seac.es\/es\/productos\/sensores\/sd03tir\/\" \/>\n<meta property=\"og:locale\" content=\"es_ES\" \/>\n<meta property=\"og:type\" content=\"article\" \/>\n<meta property=\"og:title\" content=\"SD03TIR - SEAC\" \/>\n<meta property=\"og:description\" content=\"El sensor SD03TIR es un medidor de temperatura por infrarrojos para medidas sin contacto. Es compatible con los equipos SC03 y TM03.\" \/>\n<meta property=\"og:url\" content=\"https:\/\/www.seac.es\/es\/productos\/sensores\/sd03tir\/\" \/>\n<meta property=\"og:site_name\" content=\"SEAC\" \/>\n<meta property=\"article:modified_time\" content=\"2022-07-28T10:06:42+00:00\" \/>\n<meta property=\"og:image\" content=\"https:\/\/www.seac.es\/es\/wp-content\/uploads\/2022\/04\/IR640transp.png\" \/>\n\t<meta property=\"og:image:width\" content=\"956\" \/>\n\t<meta property=\"og:image:height\" content=\"640\" \/>\n\t<meta property=\"og:image:type\" content=\"image\/png\" \/>\n<meta name=\"author\" content=\"adminblogseac\" \/>\n<meta name=\"twitter:card\" content=\"summary_large_image\" \/>\n<meta name=\"twitter:label1\" content=\"Tiempo de lectura\" \/>\n\t<meta name=\"twitter:data1\" content=\"1 minuto\" \/>\n<script type=\"application\/ld+json\" class=\"yoast-schema-graph\">{\"@context\":\"https:\/\/schema.org\",\"@graph\":[{\"@type\":\"Organization\",\"@id\":\"https:\/\/www.seac.es\/es\/#organization\",\"name\":\"SEAC S.A.\",\"url\":\"https:\/\/www.seac.es\/es\/\",\"sameAs\":[],\"logo\":{\"@type\":\"ImageObject\",\"inLanguage\":\"es\",\"@id\":\"https:\/\/www.seac.es\/es\/#\/schema\/logo\/image\/\",\"url\":\"https:\/\/www.seac.es\/es\/wp-content\/uploads\/2017\/08\/logoSEAC240x105.png\",\"contentUrl\":\"https:\/\/www.seac.es\/es\/wp-content\/uploads\/2017\/08\/logoSEAC240x105.png\",\"width\":240,\"height\":105,\"caption\":\"SEAC S.A.\"},\"image\":{\"@id\":\"https:\/\/www.seac.es\/es\/#\/schema\/logo\/image\/\"}},{\"@type\":\"WebSite\",\"@id\":\"https:\/\/www.seac.es\/es\/#website\",\"url\":\"https:\/\/www.seac.es\/es\/\",\"name\":\"SEAC\",\"description\":\"Meteorolog\u00eda y equipos de medida\",\"publisher\":{\"@id\":\"https:\/\/www.seac.es\/es\/#organization\"},\"potentialAction\":[{\"@type\":\"SearchAction\",\"target\":{\"@type\":\"EntryPoint\",\"urlTemplate\":\"https:\/\/www.seac.es\/es\/?s={search_term_string}\"},\"query-input\":\"required name=search_term_string\"}],\"inLanguage\":\"es\"},{\"@type\":\"ImageObject\",\"inLanguage\":\"es\",\"@id\":\"https:\/\/www.seac.es\/es\/productos\/sensores\/sd03tir\/#primaryimage\",\"url\":\"https:\/\/www.seac.es\/es\/wp-content\/uploads\/2022\/04\/IR640transp.png\",\"contentUrl\":\"https:\/\/www.seac.es\/es\/wp-content\/uploads\/2022\/04\/IR640transp.png\",\"width\":956,\"height\":640,\"caption\":\"sensor temperatura infrarrojos seac\"},{\"@type\":\"WebPage\",\"@id\":\"https:\/\/www.seac.es\/es\/productos\/sensores\/sd03tir\/#webpage\",\"url\":\"https:\/\/www.seac.es\/es\/productos\/sensores\/sd03tir\/\",\"name\":\"SD03TIR - SEAC\",\"isPartOf\":{\"@id\":\"https:\/\/www.seac.es\/es\/#website\"},\"primaryImageOfPage\":{\"@id\":\"https:\/\/www.seac.es\/es\/productos\/sensores\/sd03tir\/#primaryimage\"},\"datePublished\":\"2017-10-05T12:13:57+00:00\",\"dateModified\":\"2022-07-28T10:06:42+00:00\",\"description\":\"El sensor SD03TIR es un medidor de temperatura por infrarrojos para medidas sin contacto. Es compatible con los equipos SC03 y TM03.\",\"breadcrumb\":{\"@id\":\"https:\/\/www.seac.es\/es\/productos\/sensores\/sd03tir\/#breadcrumb\"},\"inLanguage\":\"es\",\"potentialAction\":[{\"@type\":\"ReadAction\",\"target\":[\"https:\/\/www.seac.es\/es\/productos\/sensores\/sd03tir\/\"]}]},{\"@type\":\"BreadcrumbList\",\"@id\":\"https:\/\/www.seac.es\/es\/productos\/sensores\/sd03tir\/#breadcrumb\",\"itemListElement\":[{\"@type\":\"ListItem\",\"position\":1,\"name\":\"Portada\",\"item\":\"https:\/\/www.seac.es\/es\/\"},{\"@type\":\"ListItem\",\"position\":2,\"name\":\"Productos\",\"item\":\"https:\/\/www.seac.es\/es\/productos\/\"},{\"@type\":\"ListItem\",\"position\":3,\"name\":\"Sensores\",\"item\":\"https:\/\/www.seac.es\/es\/productos\/sensores\/\"},{\"@type\":\"ListItem\",\"position\":4,\"name\":\"SD03TIR\"}]}]}<\/script>\n<!-- \/ Yoast SEO plugin. -->","yoast_head_json":{"title":"SD03TIR - SEAC","description":"El sensor SD03TIR es un medidor de temperatura por infrarrojos para medidas sin contacto. Es compatible con los equipos SC03 y TM03.","robots":{"index":"index","follow":"follow","max-snippet":"max-snippet:-1","max-image-preview":"max-image-preview:large","max-video-preview":"max-video-preview:-1"},"canonical":"https:\/\/www.seac.es\/es\/productos\/sensores\/sd03tir\/","og_locale":"es_ES","og_type":"article","og_title":"SD03TIR - SEAC","og_description":"El sensor SD03TIR es un medidor de temperatura por infrarrojos para medidas sin contacto. Es compatible con los equipos SC03 y TM03.","og_url":"https:\/\/www.seac.es\/es\/productos\/sensores\/sd03tir\/","og_site_name":"SEAC","article_modified_time":"2022-07-28T10:06:42+00:00","og_image":[{"width":956,"height":640,"url":"https:\/\/www.seac.es\/es\/wp-content\/uploads\/2022\/04\/IR640transp.png","type":"image\/png"}],"author":"adminblogseac","twitter_card":"summary_large_image","twitter_misc":{"Tiempo de lectura":"1 minuto"},"schema":{"@context":"https:\/\/schema.org","@graph":[{"@type":"Organization","@id":"https:\/\/www.seac.es\/es\/#organization","name":"SEAC S.A.","url":"https:\/\/www.seac.es\/es\/","sameAs":[],"logo":{"@type":"ImageObject","inLanguage":"es","@id":"https:\/\/www.seac.es\/es\/#\/schema\/logo\/image\/","url":"https:\/\/www.seac.es\/es\/wp-content\/uploads\/2017\/08\/logoSEAC240x105.png","contentUrl":"https:\/\/www.seac.es\/es\/wp-content\/uploads\/2017\/08\/logoSEAC240x105.png","width":240,"height":105,"caption":"SEAC S.A."},"image":{"@id":"https:\/\/www.seac.es\/es\/#\/schema\/logo\/image\/"}},{"@type":"WebSite","@id":"https:\/\/www.seac.es\/es\/#website","url":"https:\/\/www.seac.es\/es\/","name":"SEAC","description":"Meteorolog\u00eda y equipos de medida","publisher":{"@id":"https:\/\/www.seac.es\/es\/#organization"},"potentialAction":[{"@type":"SearchAction","target":{"@type":"EntryPoint","urlTemplate":"https:\/\/www.seac.es\/es\/?s={search_term_string}"},"query-input":"required name=search_term_string"}],"inLanguage":"es"},{"@type":"ImageObject","inLanguage":"es","@id":"https:\/\/www.seac.es\/es\/productos\/sensores\/sd03tir\/#primaryimage","url":"https:\/\/www.seac.es\/es\/wp-content\/uploads\/2022\/04\/IR640transp.png","contentUrl":"https:\/\/www.seac.es\/es\/wp-content\/uploads\/2022\/04\/IR640transp.png","width":956,"height":640,"caption":"sensor temperatura infrarrojos seac"},{"@type":"WebPage","@id":"https:\/\/www.seac.es\/es\/productos\/sensores\/sd03tir\/#webpage","url":"https:\/\/www.seac.es\/es\/productos\/sensores\/sd03tir\/","name":"SD03TIR - SEAC","isPartOf":{"@id":"https:\/\/www.seac.es\/es\/#website"},"primaryImageOfPage":{"@id":"https:\/\/www.seac.es\/es\/productos\/sensores\/sd03tir\/#primaryimage"},"datePublished":"2017-10-05T12:13:57+00:00","dateModified":"2022-07-28T10:06:42+00:00","description":"El sensor SD03TIR es un medidor de temperatura por infrarrojos para medidas sin contacto. Es compatible con los equipos SC03 y TM03.","breadcrumb":{"@id":"https:\/\/www.seac.es\/es\/productos\/sensores\/sd03tir\/#breadcrumb"},"inLanguage":"es","potentialAction":[{"@type":"ReadAction","target":["https:\/\/www.seac.es\/es\/productos\/sensores\/sd03tir\/"]}]},{"@type":"BreadcrumbList","@id":"https:\/\/www.seac.es\/es\/productos\/sensores\/sd03tir\/#breadcrumb","itemListElement":[{"@type":"ListItem","position":1,"name":"Portada","item":"https:\/\/www.seac.es\/es\/"},{"@type":"ListItem","position":2,"name":"Productos","item":"https:\/\/www.seac.es\/es\/productos\/"},{"@type":"ListItem","position":3,"name":"Sensores","item":"https:\/\/www.seac.es\/es\/productos\/sensores\/"},{"@type":"ListItem","position":4,"name":"SD03TIR"}]}]}},"_links":{"self":[{"href":"https:\/\/www.seac.es\/es\/wp-json\/wp\/v2\/pages\/1139"}],"collection":[{"href":"https:\/\/www.seac.es\/es\/wp-json\/wp\/v2\/pages"}],"about":[{"href":"https:\/\/www.seac.es\/es\/wp-json\/wp\/v2\/types\/page"}],"author":[{"embeddable":true,"href":"https:\/\/www.seac.es\/es\/wp-json\/wp\/v2\/users\/1"}],"replies":[{"embeddable":true,"href":"https:\/\/www.seac.es\/es\/wp-json\/wp\/v2\/comments?post=1139"}],"version-history":[{"count":23,"href":"https:\/\/www.seac.es\/es\/wp-json\/wp\/v2\/pages\/1139\/revisions"}],"predecessor-version":[{"id":3311,"href":"https:\/\/www.seac.es\/es\/wp-json\/wp\/v2\/pages\/1139\/revisions\/3311"}],"up":[{"embeddable":true,"href":"https:\/\/www.seac.es\/es\/wp-json\/wp\/v2\/pages\/664"}],"wp:featuredmedia":[{"embeddable":true,"href":"https:\/\/www.seac.es\/es\/wp-json\/wp\/v2\/media\/2566"}],"wp:attachment":[{"href":"https:\/\/www.seac.es\/es\/wp-json\/wp\/v2\/media?parent=1139"}],"curies":[{"name":"wp","href":"https:\/\/api.w.org\/{rel}","templated":true}]}}