{"id":1114,"date":"2017-10-04T11:06:09","date_gmt":"2017-10-04T11:06:09","guid":{"rendered":"http:\/\/www.seac.es\/es\/?page_id=1114"},"modified":"2022-07-28T09:33:47","modified_gmt":"2022-07-28T09:33:47","slug":"esc32","status":"publish","type":"page","link":"https:\/\/www.seac.es\/es\/productos\/dataloggers\/esc32\/","title":{"rendered":"ESC32"},"content":{"rendered":"<div id=\"pl-1114\"  class=\"panel-layout\" ><div id=\"pg-1114-0\"  class=\"panel-grid panel-has-style\" ><div class=\"siteorigin-panels-stretch panel-row-style panel-row-style-for-1114-0\" data-stretch-type=\"full\" ><div id=\"pgc-1114-0-0\"  class=\"panel-grid-cell\" ><div id=\"panel-1114-0-0-0\" class=\"so-panel widget widget_sow-editor panel-first-child panel-last-child\" data-index=\"0\" ><div class=\"panel-widget-style panel-widget-style-for-1114-0-0-0\" ><div\n\t\t\t\n\t\t\tclass=\"so-widget-sow-editor so-widget-sow-editor-base\"\n\t\t\t\n\t\t>\n<div class=\"siteorigin-widget-tinymce textwidget\">\n\t<h1>\u00a0<\/h1>\n<h1>ESC32 Registrador\/interfaz de datos<\/h1>\n<\/div>\n<\/div><\/div><\/div><\/div><\/div><\/div><div id=\"pg-1114-1\"  class=\"panel-grid panel-has-style\" ><div class=\"siteorigin-panels-stretch panel-row-style panel-row-style-for-1114-1\" data-stretch-type=\"full\" ><div id=\"pgc-1114-1-0\"  class=\"panel-grid-cell\" ><div id=\"panel-1114-1-0-0\" class=\"so-panel widget widget_sow-image panel-first-child panel-last-child\" data-index=\"1\" ><div\n\t\t\t\n\t\t\tclass=\"so-widget-sow-image so-widget-sow-image-default-2ec334f0a340-1114\"\n\t\t\t\n\t\t>\n\n<div class=\"sow-image-container\">\n\t\t<img src=\"https:\/\/www.seac.es\/es\/wp-content\/uploads\/2022\/04\/esc32_640_transp.png\" width=\"956\" height=\"640\" srcset=\"https:\/\/www.seac.es\/es\/wp-content\/uploads\/2022\/04\/esc32_640_transp.png 956w, https:\/\/www.seac.es\/es\/wp-content\/uploads\/2022\/04\/esc32_640_transp-300x201.png 300w, https:\/\/www.seac.es\/es\/wp-content\/uploads\/2022\/04\/esc32_640_transp-768x514.png 768w, https:\/\/www.seac.es\/es\/wp-content\/uploads\/2022\/04\/esc32_640_transp-24x16.png 24w, https:\/\/www.seac.es\/es\/wp-content\/uploads\/2022\/04\/esc32_640_transp-36x24.png 36w, https:\/\/www.seac.es\/es\/wp-content\/uploads\/2022\/04\/esc32_640_transp-48x32.png 48w, https:\/\/www.seac.es\/es\/wp-content\/uploads\/2022\/04\/esc32_640_transp-272x182.png 272w\" sizes=\"(max-width: 956px) 100vw, 956px\" alt=\"datalogger exterior IP65 seac\" loading=\"lazy\" \t\tclass=\"so-widget-image\"\/>\n\t<\/div>\n\n<\/div><\/div><\/div><div id=\"pgc-1114-1-1\"  class=\"panel-grid-cell\" ><div id=\"panel-1114-1-1-0\" class=\"so-panel widget widget_sow-editor panel-first-child\" data-index=\"2\" ><div\n\t\t\t\n\t\t\tclass=\"so-widget-sow-editor so-widget-sow-editor-base\"\n\t\t\t\n\t\t>\n<div class=\"siteorigin-widget-tinymce textwidget\">\n\t<h3>Presentaci\u00f3n<\/h3>\n<p>El equipo de adquisici\u00f3n de datos ESC32 de SEAC, S.A. ha sido dise\u00f1ado para responder a la demanda en el campo de la Instrumentaci\u00f3n, con un equipo de altas prestaciones para la lectura, proceso y almacenamiento de medidas, en un rango amplio de temperatura.<br \/>Est\u00e1 basado en el registrador de datos RD32, pero dise\u00f1ado como equipo de exterior (IP65 con conectores M12)<\/p>\n<h3>Sensores<\/h3>\n<p>El ESC32 se adapta a la mayor\u00eda de sensores existentes en el mercado por disponer de entradas anal\u00f3gicas y digitales, con rangos de medidas escalables y programables.<\/p>\n<h3>Almacenamiento<\/h3>\n<p>Los datos son grabados internamente en dos memorias, una es memoria RAM interna con bater\u00eda de alta autonom\u00eda.<\/p>\n<h3>Consumo<\/h3>\n<p>Dispone de algoritmos de ahorro de energ\u00eda para aumentar la autonom\u00eda de funcionamiento al m\u00e1ximo. Es ideal por tanto para instalaciones de campo donde la energ\u00eda disponible es limitada.<\/p>\n<h3>Gesti\u00f3n<\/h3>\n<p>El ESC32 dispone de un puerto de comunicaciones RS485 por el que realizar la gesti\u00f3n, de forma f\u00e1cil y amigable, a trav\u00e9s de una consola de comandos. Con este procedimiento podemos realizar la configuraci\u00f3n de par\u00e1metros, supervisi\u00f3n de funcionamiento, gesti\u00f3n de alarmas y visualizaci\u00f3n de los datos tanto en tiempo real como los grabados en memoria. Por otro lado, el acceso a la informaci\u00f3n tambi\u00e9n puede realizarse utilizando el protocolo Modbus, ideal para instalaciones con varios equipos distribuidos.<\/p>\n<h3>Sincronismo horario<\/h3>\n<p>El ESC32 permite su puesta en hora por detecci\u00f3n autom\u00e1tica de un GPS conectado al puerto.<\/p><\/div>\n<\/div><\/div><div id=\"panel-1114-1-1-1\" class=\"so-panel widget widget_sow-button panel-last-child\" data-index=\"3\" ><div\n\t\t\t\n\t\t\tclass=\"so-widget-sow-button so-widget-sow-button-wire-30b3367ab913-1114\"\n\t\t\t\n\t\t><div class=\"ow-button-base ow-button-align-left\">\n\t<a href=\"\/docs-pdf\/GE_IE_CAT_0019.pdf\" class=\"ow-icon-placement-left ow-button-hover\" \t\t>\n\t\t<span>\n\t\t\t\n\t\t\tVer cat\u00e1logo\t\t<\/span>\n\t<\/a>\n<\/div>\n<\/div><\/div><\/div><\/div><\/div><div id=\"pg-1114-2\"  class=\"panel-grid panel-has-style\" ><div class=\"siteorigin-panels-stretch panel-row-style panel-row-style-for-1114-2\" data-stretch-type=\"full\" ><div id=\"pgc-1114-2-0\"  class=\"panel-grid-cell\" ><div id=\"panel-1114-2-0-0\" class=\"so-panel widget widget_sow-editor panel-first-child panel-last-child\" data-index=\"4\" ><div class=\"panel-widget-style panel-widget-style-for-1114-2-0-0\" ><div\n\t\t\t\n\t\t\tclass=\"so-widget-sow-editor so-widget-sow-editor-base\"\n\t\t\t\n\t\t>\n<div class=\"siteorigin-widget-tinymce textwidget\">\n\t<h1>\u00a0<\/h1>\n<h1>ESC32 Caracter\u00edsticas t\u00e9cnicas<\/h1>\n<\/div>\n<\/div><\/div><\/div><\/div><\/div><\/div><div id=\"pg-1114-3\"  class=\"panel-grid panel-has-style\" ><div class=\"siteorigin-panels-stretch panel-row-style panel-row-style-for-1114-3\" data-stretch-type=\"full\" ><div id=\"pgc-1114-3-0\"  class=\"panel-grid-cell\" ><div id=\"panel-1114-3-0-0\" class=\"so-panel widget widget_sow-editor panel-first-child panel-last-child\" data-index=\"5\" ><div\n\t\t\t\n\t\t\tclass=\"so-widget-sow-editor so-widget-sow-editor-base\"\n\t\t\t\n\t\t>\n<div class=\"siteorigin-widget-tinymce textwidget\">\n\t<p><strong>Entrada sensores<\/strong><\/p>\n<hr \/>\n<table>\n<tbody>\n<tr>\n<td width=\"119\">Anal\u00f3gicas<\/td>\n<td width=\"186\">\n<p>Modo tensi\u00f3n<br \/> - 0-1V, 4-20mA, etc<br \/> - Configuraci\u00f3n modo com\u00fan 8<br \/> - Configuraci\u00f3n modo diferencial 4<br \/> - Configuraci\u00f3n modo resistencia<br \/> (excitaci\u00f3n interna para PT100)<\/p>\n<\/td>\n<\/tr>\n<tr>\n<td width=\"119\">Digitales<\/td>\n<td width=\"186\">7 Canales<\/td>\n<\/tr>\n<tr>\n<td width=\"119\">\u00a0<\/td>\n<td width=\"186\">\u00a0- 5 frecuencia\/contador<\/td>\n<\/tr>\n<tr>\n<td width=\"119\">\u00a0<\/td>\n<td width=\"186\">\u00a0- 1 paralelo 8 bits o serie s\u00edncrona<\/td>\n<\/tr>\n<\/tbody>\n<\/table>\n<p><strong>Rangos de medida, Resoluci\u00f3n y Precisi\u00f3n<\/strong><\/p>\n<hr \/>\n<table style=\"height: 360px;\" width=\"315\">\n<tbody>\n<tr>\n<td width=\"119\">\u00a0<\/td>\n<td style=\"text-align: left;\" width=\"60\">\n<p style=\"text-align: center;\">Rango<\/p>\n<\/td>\n<td style=\"text-align: center;\" width=\"60\">Resoluci\u00f3n<\/td>\n<td style=\"text-align: left;\" width=\"60\">\n<p style=\"text-align: center;\">Precisi\u00f3n<\/p>\n<\/td>\n<\/tr>\n<tr>\n<td rowspan=\"2\" width=\"119\">Anal\u00f3gicas<\/td>\n<td width=\"60\">\n<p style=\"text-align: center;\">0\u00f72.4 V<\/p>\n<\/td>\n<td style=\"text-align: center;\" width=\"60\">50 \u03bcV<\/td>\n<td width=\"60\">\n<p style=\"text-align: center;\">500 <span style=\"display: inline !important; float: none; background-color: transparent; color: #333333; cursor: text; font-family: Georgia,'Times New Roman','Bitstream Charter',Times,serif; font-size: 16px; font-style: normal; font-variant: normal; font-weight: 400; letter-spacing: normal; orphans: 2; text-align: left; text-decoration: none; text-indent: 0px; text-transform: none; -webkit-text-stroke-width: 0px; white-space: normal; word-spacing: 0px;\">\u03bc<\/span>V<\/p>\n<\/td>\n<\/tr>\n<tr>\n<td width=\"60\">\n<p style=\"text-align: center;\">0\u00f770 mV<\/p>\n<\/td>\n<td style=\"text-align: center;\" width=\"60\">10 <span style=\"display: inline !important; float: none; background-color: transparent; color: #333333; cursor: text; font-family: Georgia,'Times New Roman','Bitstream Charter',Times,serif; font-size: 16px; font-style: normal; font-variant: normal; font-weight: 400; letter-spacing: normal; orphans: 2; text-align: left; text-decoration: none; text-indent: 0px; text-transform: none; -webkit-text-stroke-width: 0px; white-space: normal; word-spacing: 0px;\">\u03bc<\/span>V<\/td>\n<td width=\"60\">\n<p style=\"text-align: center;\">100 <span style=\"display: inline !important; float: none; background-color: transparent; color: #333333; cursor: text; font-family: Georgia,'Times New Roman','Bitstream Charter',Times,serif; font-size: 16px; font-style: normal; font-variant: normal; font-weight: 400; letter-spacing: normal; orphans: 2; text-align: left; text-decoration: none; text-indent: 0px; text-transform: none; -webkit-text-stroke-width: 0px; white-space: normal; word-spacing: 0px;\">\u03bc<\/span>V<\/p>\n<\/td>\n<\/tr>\n<tr>\n<td width=\"119\">Digitales frecuencia<\/td>\n<td width=\"60\">\n<p style=\"text-align: center;\">10 KHz<\/p>\n<\/td>\n<td style=\"text-align: center;\" width=\"60\">1 Hz<\/td>\n<td width=\"60\">\n<p style=\"text-align: center;\">1 Hz<\/p>\n<\/td>\n<\/tr>\n<tr>\n<td style=\"text-align: left;\" width=\"119\">Contador<\/td>\n<td style=\"text-align: left;\" width=\"60\">\n<p style=\"text-align: center;\">65535<\/p>\n<\/td>\n<td style=\"text-align: center;\" width=\"60\">1 pulso<\/td>\n<td width=\"60\">\n<p style=\"text-align: center;\">1 pulso<\/p>\n<\/td>\n<\/tr>\n<\/tbody>\n<\/table>\n<p><strong>Almacenamiento<\/strong><\/p>\n<hr \/>\n<table>\n<tbody>\n<tr>\n<td width=\"119\">Memoria interna<\/td>\n<td width=\"180\">512 Kbytes (RAM con bater\u00eda)<\/td>\n<\/tr>\n<\/tbody>\n<\/table>\n<p><strong>Medidas<\/strong><\/p>\n<hr \/>\n<table>\n<tbody>\n<tr>\n<td width=\"119\">Tipo tiempos<\/td>\n<td width=\"180\">Captura, muestreo e integraci\u00f3n<\/td>\n<\/tr>\n<tr>\n<td width=\"119\">Rangos<\/td>\n<td width=\"180\">De 1 seg a 12 horas<\/td>\n<\/tr>\n<tr>\n<td width=\"119\">Escalado<\/td>\n<td width=\"180\">Ej.: -30\u00baC~70\u00baC, 4-20mA, etc.<\/td>\n<\/tr>\n<\/tbody>\n<\/table>\n<p><strong>Reloj<\/strong><\/p>\n<hr \/>\n<table>\n<tbody>\n<tr>\n<td width=\"119\">Tipo<\/td>\n<td width=\"180\">dd\/mm\/aaaa - hh:mm:ss<\/td>\n<\/tr>\n<tr>\n<td width=\"119\">Resoluci\u00f3n y deriva<\/td>\n<td width=\"180\">1 segundo - 10 ppm<\/td>\n<\/tr>\n<tr>\n<td width=\"119\">Sincronizaci\u00f3n<\/td>\n<td width=\"180\">Manual o por GPS<\/td>\n<\/tr>\n<\/tbody>\n<\/table>\n<p><strong>Comunicaciones serie<\/strong><\/p>\n<hr \/>\n<table>\n<tbody>\n<tr>\n<td width=\"125\">Puerto<\/td>\n<td width=\"180\">RS485 \/ RS422 aislado (1200 ... 9.600 bps)<\/td>\n<\/tr>\n<tr>\n<td width=\"125\">Protocolo<\/td>\n<td width=\"180\">Modbus y consola gesti\u00f3n<\/td>\n<\/tr>\n<tr>\n<td colspan=\"2\" width=\"305\">\u00a0<\/td>\n<\/tr>\n<\/tbody>\n<\/table>\n<p><strong>Gesti\u00f3n y Control<\/strong><\/p>\n<hr \/>\n<table>\n<tbody>\n<tr>\n<td width=\"125\">Tipo<\/td>\n<td width=\"180\">Consola<\/td>\n<\/tr>\n<tr>\n<td width=\"125\">Configuraci\u00f3n<\/td>\n<td width=\"180\">Comandos de configuraci\u00f3n, supervisi\u00f3n, funcionamiento, gesti\u00f3n de alarmas y visualizaci\u00f3n<\/td>\n<\/tr>\n<tr>\n<td width=\"125\">Datos<\/td>\n<td width=\"180\">\n<p>Peticiones de datos grabados en RAM y\/o Compact Flash<\/p>\n<p>Peticiones en tiempo real<\/p>\n<\/td>\n<\/tr>\n<tr>\n<td width=\"125\">Diagn\u00f3stico<\/td>\n<td width=\"180\">Modo de diagn\u00f3stico con lecturas de las entradas en tiempo real<\/td>\n<\/tr>\n<\/tbody>\n<\/table>\n<\/div>\n<\/div><\/div><\/div><div id=\"pgc-1114-3-1\"  class=\"panel-grid-cell panel-grid-cell-empty\" ><\/div><div id=\"pgc-1114-3-2\"  class=\"panel-grid-cell\" ><div id=\"panel-1114-3-2-0\" class=\"so-panel widget widget_sow-editor panel-first-child\" data-index=\"6\" ><div\n\t\t\t\n\t\t\tclass=\"so-widget-sow-editor so-widget-sow-editor-base\"\n\t\t\t\n\t\t>\n<div class=\"siteorigin-widget-tinymce textwidget\">\n\t<p><strong>Salidas digitales<\/strong><\/p>\n<hr \/>\n<table>\n<tbody>\n<tr>\n<td width=\"125\">N\u00famero<\/td>\n<td width=\"180\">2<\/td>\n<\/tr>\n<tr>\n<td width=\"125\">Tipo<\/td>\n<td width=\"180\">Colector abierto y optoaisladas<\/td>\n<\/tr>\n<tr>\n<td width=\"125\">Modos<\/td>\n<td width=\"180\">Alarma, control temporizado o salida gen\u00e9rica configurable.<\/td>\n<\/tr>\n<\/tbody>\n<\/table>\n<p><strong>Alimentaci\u00f3n<\/strong><\/p>\n<hr \/>\n<table>\n<tbody>\n<tr>\n<td width=\"125\">Interna<\/td>\n<td width=\"180\">Bater\u00eda de backup y reloj en tiempo real de Ion Litio de 3.7 V<\/td>\n<\/tr>\n<tr>\n<td width=\"125\">Externa<\/td>\n<td width=\"180\">De 6 a 16 VDC<\/td>\n<\/tr>\n<tr>\n<td width=\"125\">Gesti\u00f3n<\/td>\n<td width=\"180\">Medici\u00f3n de bater\u00edas externa e interna<\/td>\n<\/tr>\n<tr>\n<td width=\"125\">Alarma<\/td>\n<td width=\"180\">Entrada digital para detecci\u00f3n de fallo de carga de bater\u00eda externa<\/td>\n<\/tr>\n<\/tbody>\n<\/table>\n<p><strong>Consumos de funcionamiento<\/strong><\/p>\n<hr \/>\n<table>\n<tbody>\n<tr>\n<td width=\"125\">Activo<\/td>\n<td width=\"180\">&lt;15 mA<\/td>\n<\/tr>\n<tr>\n<td width=\"125\">Bajo consumo<\/td>\n<td width=\"180\">&lt;6 mA<\/td>\n<\/tr>\n<tr>\n<td width=\"125\">Dormido<\/td>\n<td width=\"180\">&lt;1 mA<\/td>\n<\/tr>\n<tr>\n<td width=\"125\">Puerto serie<\/td>\n<td width=\"180\">20 mA<\/td>\n<\/tr>\n<\/tbody>\n<\/table>\n<p><strong>Alimentaci\u00f3n sensores<\/strong><\/p>\n<hr \/>\n<table>\n<tbody>\n<tr>\n<td width=\"125\">Fuente<\/td>\n<td width=\"180\">Entrada de alimentaci\u00f3n independiente de alimentaci\u00f3n del equipo<\/td>\n<\/tr>\n<tr>\n<td width=\"125\">Rango<\/td>\n<td width=\"180\">De 8 a 24 VDC<\/td>\n<\/tr>\n<tr>\n<td width=\"125\">Distribuci\u00f3n<\/td>\n<td width=\"180\">Control optoaislado e individual por grupo de sensores<\/td>\n<\/tr>\n<\/tbody>\n<\/table>\n<p><strong>Rangos ambientales de funcionamiento<\/strong><\/p>\n<hr \/>\n<table>\n<tbody>\n<tr>\n<td width=\"125\">Operaci\u00f3n<\/td>\n<td width=\"180\">-30\u00baC a +70\u00baC<\/td>\n<\/tr>\n<tr>\n<td width=\"125\">Almacenamiento<\/td>\n<td width=\"180\">-30\u00baC a +85\u00baC<\/td>\n<\/tr>\n<\/tbody>\n<\/table>\n<p><strong>Mec\u00e1nica y dimensiones<\/strong><\/p>\n<hr \/>\n<table>\n<tbody>\n<tr>\n<td width=\"125\">Material carcasa<\/td>\n<td width=\"180\">Policarbonato<\/td>\n<\/tr>\n<tr>\n<td width=\"125\">Longitud<\/td>\n<td width=\"180\">200 mm<\/td>\n<\/tr>\n<tr>\n<td width=\"125\">Anchura<\/td>\n<td width=\"180\">120 mm (148 mm con conectores)<\/td>\n<\/tr>\n<tr>\n<td width=\"125\">Altura<\/td>\n<td width=\"180\">66 mm<\/td>\n<\/tr>\n<tr>\n<td width=\"125\">Peso<\/td>\n<td width=\"180\">790 gr<\/td>\n<\/tr>\n<\/tbody>\n<\/table><\/div>\n<\/div><\/div><div id=\"panel-1114-3-2-1\" class=\"so-panel widget widget_sow-button panel-last-child\" data-index=\"7\" ><div\n\t\t\t\n\t\t\tclass=\"so-widget-sow-button so-widget-sow-button-wire-30b3367ab913-1114\"\n\t\t\t\n\t\t><div class=\"ow-button-base ow-button-align-left\">\n\t<a href=\"\/docs-pdf\/GE_IE_CAT_0019.pdf\" class=\"ow-icon-placement-left ow-button-hover\" \t\t>\n\t\t<span>\n\t\t\t\n\t\t\tVer cat\u00e1logo\t\t<\/span>\n\t<\/a>\n<\/div>\n<\/div><\/div><\/div><\/div><\/div><\/div>","protected":false},"excerpt":{"rendered":"<p>\u00a0 ESC32 Registrador\/interfaz de datos Presentaci\u00f3n El equipo de adquisici\u00f3n de datos ESC32 de SEAC, S.A. ha sido dise\u00f1ado para responder a la demanda en<\/p>\n","protected":false},"author":1,"featured_media":2552,"parent":280,"menu_order":0,"comment_status":"closed","ping_status":"closed","template":"","meta":[],"yoast_head":"<!-- This site is optimized with the Yoast SEO plugin v19.2 - https:\/\/yoast.com\/wordpress\/plugins\/seo\/ -->\n<title>ESC32 - SEAC<\/title>\n<meta name=\"description\" content=\"Est\u00e1 basado en el registrador de datos RD32, pero dise\u00f1ado como equipo de exterior (IP65 con conectores M12).\" \/>\n<meta name=\"robots\" content=\"index, follow, max-snippet:-1, max-image-preview:large, max-video-preview:-1\" \/>\n<link rel=\"canonical\" href=\"https:\/\/www.seac.es\/es\/productos\/dataloggers\/esc32\/\" \/>\n<meta property=\"og:locale\" content=\"es_ES\" \/>\n<meta property=\"og:type\" content=\"article\" \/>\n<meta property=\"og:title\" content=\"ESC32 - SEAC\" \/>\n<meta property=\"og:description\" content=\"Est\u00e1 basado en el registrador de datos RD32, pero dise\u00f1ado como equipo de exterior (IP65 con conectores M12).\" \/>\n<meta property=\"og:url\" content=\"https:\/\/www.seac.es\/es\/productos\/dataloggers\/esc32\/\" \/>\n<meta property=\"og:site_name\" content=\"SEAC\" \/>\n<meta property=\"article:modified_time\" content=\"2022-07-28T09:33:47+00:00\" \/>\n<meta property=\"og:image\" content=\"https:\/\/www.seac.es\/es\/wp-content\/uploads\/2022\/04\/esc32_640_transp.png\" \/>\n\t<meta property=\"og:image:width\" content=\"956\" \/>\n\t<meta property=\"og:image:height\" content=\"640\" \/>\n\t<meta property=\"og:image:type\" content=\"image\/png\" \/>\n<meta name=\"author\" content=\"adminblogseac\" \/>\n<meta name=\"twitter:card\" content=\"summary_large_image\" \/>\n<meta name=\"twitter:label1\" content=\"Tiempo de lectura\" \/>\n\t<meta name=\"twitter:data1\" content=\"3 minutos\" \/>\n<script type=\"application\/ld+json\" class=\"yoast-schema-graph\">{\"@context\":\"https:\/\/schema.org\",\"@graph\":[{\"@type\":\"Organization\",\"@id\":\"https:\/\/www.seac.es\/es\/#organization\",\"name\":\"SEAC S.A.\",\"url\":\"https:\/\/www.seac.es\/es\/\",\"sameAs\":[],\"logo\":{\"@type\":\"ImageObject\",\"inLanguage\":\"es\",\"@id\":\"https:\/\/www.seac.es\/es\/#\/schema\/logo\/image\/\",\"url\":\"https:\/\/www.seac.es\/es\/wp-content\/uploads\/2017\/08\/logoSEAC240x105.png\",\"contentUrl\":\"https:\/\/www.seac.es\/es\/wp-content\/uploads\/2017\/08\/logoSEAC240x105.png\",\"width\":240,\"height\":105,\"caption\":\"SEAC S.A.\"},\"image\":{\"@id\":\"https:\/\/www.seac.es\/es\/#\/schema\/logo\/image\/\"}},{\"@type\":\"WebSite\",\"@id\":\"https:\/\/www.seac.es\/es\/#website\",\"url\":\"https:\/\/www.seac.es\/es\/\",\"name\":\"SEAC\",\"description\":\"Meteorolog\u00eda y equipos de medida\",\"publisher\":{\"@id\":\"https:\/\/www.seac.es\/es\/#organization\"},\"potentialAction\":[{\"@type\":\"SearchAction\",\"target\":{\"@type\":\"EntryPoint\",\"urlTemplate\":\"https:\/\/www.seac.es\/es\/?s={search_term_string}\"},\"query-input\":\"required name=search_term_string\"}],\"inLanguage\":\"es\"},{\"@type\":\"ImageObject\",\"inLanguage\":\"es\",\"@id\":\"https:\/\/www.seac.es\/es\/productos\/dataloggers\/esc32\/#primaryimage\",\"url\":\"https:\/\/www.seac.es\/es\/wp-content\/uploads\/2022\/04\/esc32_640_transp.png\",\"contentUrl\":\"https:\/\/www.seac.es\/es\/wp-content\/uploads\/2022\/04\/esc32_640_transp.png\",\"width\":956,\"height\":640,\"caption\":\"datalogger exterior IP65 seac\"},{\"@type\":\"WebPage\",\"@id\":\"https:\/\/www.seac.es\/es\/productos\/dataloggers\/esc32\/#webpage\",\"url\":\"https:\/\/www.seac.es\/es\/productos\/dataloggers\/esc32\/\",\"name\":\"ESC32 - SEAC\",\"isPartOf\":{\"@id\":\"https:\/\/www.seac.es\/es\/#website\"},\"primaryImageOfPage\":{\"@id\":\"https:\/\/www.seac.es\/es\/productos\/dataloggers\/esc32\/#primaryimage\"},\"datePublished\":\"2017-10-04T11:06:09+00:00\",\"dateModified\":\"2022-07-28T09:33:47+00:00\",\"description\":\"Est\u00e1 basado en el registrador de datos RD32, pero dise\u00f1ado como equipo de exterior (IP65 con conectores M12).\",\"breadcrumb\":{\"@id\":\"https:\/\/www.seac.es\/es\/productos\/dataloggers\/esc32\/#breadcrumb\"},\"inLanguage\":\"es\",\"potentialAction\":[{\"@type\":\"ReadAction\",\"target\":[\"https:\/\/www.seac.es\/es\/productos\/dataloggers\/esc32\/\"]}]},{\"@type\":\"BreadcrumbList\",\"@id\":\"https:\/\/www.seac.es\/es\/productos\/dataloggers\/esc32\/#breadcrumb\",\"itemListElement\":[{\"@type\":\"ListItem\",\"position\":1,\"name\":\"Portada\",\"item\":\"https:\/\/www.seac.es\/es\/\"},{\"@type\":\"ListItem\",\"position\":2,\"name\":\"Productos\",\"item\":\"https:\/\/www.seac.es\/es\/productos\/\"},{\"@type\":\"ListItem\",\"position\":3,\"name\":\"Dataloggers\",\"item\":\"https:\/\/www.seac.es\/es\/productos\/dataloggers\/\"},{\"@type\":\"ListItem\",\"position\":4,\"name\":\"ESC32\"}]}]}<\/script>\n<!-- \/ Yoast SEO plugin. -->","yoast_head_json":{"title":"ESC32 - SEAC","description":"Est\u00e1 basado en el registrador de datos RD32, pero dise\u00f1ado como equipo de exterior (IP65 con conectores M12).","robots":{"index":"index","follow":"follow","max-snippet":"max-snippet:-1","max-image-preview":"max-image-preview:large","max-video-preview":"max-video-preview:-1"},"canonical":"https:\/\/www.seac.es\/es\/productos\/dataloggers\/esc32\/","og_locale":"es_ES","og_type":"article","og_title":"ESC32 - SEAC","og_description":"Est\u00e1 basado en el registrador de datos RD32, pero dise\u00f1ado como equipo de exterior (IP65 con conectores M12).","og_url":"https:\/\/www.seac.es\/es\/productos\/dataloggers\/esc32\/","og_site_name":"SEAC","article_modified_time":"2022-07-28T09:33:47+00:00","og_image":[{"width":956,"height":640,"url":"https:\/\/www.seac.es\/es\/wp-content\/uploads\/2022\/04\/esc32_640_transp.png","type":"image\/png"}],"author":"adminblogseac","twitter_card":"summary_large_image","twitter_misc":{"Tiempo de lectura":"3 minutos"},"schema":{"@context":"https:\/\/schema.org","@graph":[{"@type":"Organization","@id":"https:\/\/www.seac.es\/es\/#organization","name":"SEAC S.A.","url":"https:\/\/www.seac.es\/es\/","sameAs":[],"logo":{"@type":"ImageObject","inLanguage":"es","@id":"https:\/\/www.seac.es\/es\/#\/schema\/logo\/image\/","url":"https:\/\/www.seac.es\/es\/wp-content\/uploads\/2017\/08\/logoSEAC240x105.png","contentUrl":"https:\/\/www.seac.es\/es\/wp-content\/uploads\/2017\/08\/logoSEAC240x105.png","width":240,"height":105,"caption":"SEAC S.A."},"image":{"@id":"https:\/\/www.seac.es\/es\/#\/schema\/logo\/image\/"}},{"@type":"WebSite","@id":"https:\/\/www.seac.es\/es\/#website","url":"https:\/\/www.seac.es\/es\/","name":"SEAC","description":"Meteorolog\u00eda y equipos de medida","publisher":{"@id":"https:\/\/www.seac.es\/es\/#organization"},"potentialAction":[{"@type":"SearchAction","target":{"@type":"EntryPoint","urlTemplate":"https:\/\/www.seac.es\/es\/?s={search_term_string}"},"query-input":"required name=search_term_string"}],"inLanguage":"es"},{"@type":"ImageObject","inLanguage":"es","@id":"https:\/\/www.seac.es\/es\/productos\/dataloggers\/esc32\/#primaryimage","url":"https:\/\/www.seac.es\/es\/wp-content\/uploads\/2022\/04\/esc32_640_transp.png","contentUrl":"https:\/\/www.seac.es\/es\/wp-content\/uploads\/2022\/04\/esc32_640_transp.png","width":956,"height":640,"caption":"datalogger exterior IP65 seac"},{"@type":"WebPage","@id":"https:\/\/www.seac.es\/es\/productos\/dataloggers\/esc32\/#webpage","url":"https:\/\/www.seac.es\/es\/productos\/dataloggers\/esc32\/","name":"ESC32 - SEAC","isPartOf":{"@id":"https:\/\/www.seac.es\/es\/#website"},"primaryImageOfPage":{"@id":"https:\/\/www.seac.es\/es\/productos\/dataloggers\/esc32\/#primaryimage"},"datePublished":"2017-10-04T11:06:09+00:00","dateModified":"2022-07-28T09:33:47+00:00","description":"Est\u00e1 basado en el registrador de datos RD32, pero dise\u00f1ado como equipo de exterior (IP65 con conectores M12).","breadcrumb":{"@id":"https:\/\/www.seac.es\/es\/productos\/dataloggers\/esc32\/#breadcrumb"},"inLanguage":"es","potentialAction":[{"@type":"ReadAction","target":["https:\/\/www.seac.es\/es\/productos\/dataloggers\/esc32\/"]}]},{"@type":"BreadcrumbList","@id":"https:\/\/www.seac.es\/es\/productos\/dataloggers\/esc32\/#breadcrumb","itemListElement":[{"@type":"ListItem","position":1,"name":"Portada","item":"https:\/\/www.seac.es\/es\/"},{"@type":"ListItem","position":2,"name":"Productos","item":"https:\/\/www.seac.es\/es\/productos\/"},{"@type":"ListItem","position":3,"name":"Dataloggers","item":"https:\/\/www.seac.es\/es\/productos\/dataloggers\/"},{"@type":"ListItem","position":4,"name":"ESC32"}]}]}},"_links":{"self":[{"href":"https:\/\/www.seac.es\/es\/wp-json\/wp\/v2\/pages\/1114"}],"collection":[{"href":"https:\/\/www.seac.es\/es\/wp-json\/wp\/v2\/pages"}],"about":[{"href":"https:\/\/www.seac.es\/es\/wp-json\/wp\/v2\/types\/page"}],"author":[{"embeddable":true,"href":"https:\/\/www.seac.es\/es\/wp-json\/wp\/v2\/users\/1"}],"replies":[{"embeddable":true,"href":"https:\/\/www.seac.es\/es\/wp-json\/wp\/v2\/comments?post=1114"}],"version-history":[{"count":51,"href":"https:\/\/www.seac.es\/es\/wp-json\/wp\/v2\/pages\/1114\/revisions"}],"predecessor-version":[{"id":3301,"href":"https:\/\/www.seac.es\/es\/wp-json\/wp\/v2\/pages\/1114\/revisions\/3301"}],"up":[{"embeddable":true,"href":"https:\/\/www.seac.es\/es\/wp-json\/wp\/v2\/pages\/280"}],"wp:featuredmedia":[{"embeddable":true,"href":"https:\/\/www.seac.es\/es\/wp-json\/wp\/v2\/media\/2552"}],"wp:attachment":[{"href":"https:\/\/www.seac.es\/es\/wp-json\/wp\/v2\/media?parent=1114"}],"curies":[{"name":"wp","href":"https:\/\/api.w.org\/{rel}","templated":true}]}}