{"id":2818,"date":"2022-06-30T09:39:45","date_gmt":"2022-06-30T09:39:45","guid":{"rendered":"https:\/\/www.seac.es\/en\/?page_id=2818"},"modified":"2022-06-30T09:39:45","modified_gmt":"2022-06-30T09:39:45","slug":"privacy-policy","status":"publish","type":"page","link":"https:\/\/www.seac.es\/en\/privacy-policy\/","title":{"rendered":"Privacy policy"},"content":{"rendered":"<div id=\"pl-2818\"  class=\"panel-layout\" ><div id=\"pg-2818-0\"  class=\"panel-grid panel-has-style\" ><div class=\"siteorigin-panels-stretch panel-row-style panel-row-style-for-2818-0\" data-stretch-type=\"full\" ><div id=\"pgc-2818-0-0\"  class=\"panel-grid-cell\" ><div id=\"panel-2818-0-0-0\" class=\"so-panel widget widget_sow-editor panel-first-child panel-last-child\" data-index=\"0\" ><div class=\"panel-widget-style panel-widget-style-for-2818-0-0-0\" ><div\n\t\t\t\n\t\t\tclass=\"so-widget-sow-editor so-widget-sow-editor-base\"\n\t\t\t\n\t\t>\n<div class=\"siteorigin-widget-tinymce textwidget\">\n\t<p>&nbsp;<\/p>\n<h1>Privacy policy<\/h1>\n<\/div>\n<\/div><\/div><\/div><\/div><\/div><\/div><div id=\"pg-2818-1\"  class=\"panel-grid panel-has-style\" ><div class=\"siteorigin-panels-stretch panel-row-style panel-row-style-for-2818-1\" data-stretch-type=\"full\" ><div id=\"pgc-2818-1-0\"  class=\"panel-grid-cell\" ><div id=\"panel-2818-1-0-0\" class=\"so-panel widget widget_sow-editor panel-first-child panel-last-child\" data-index=\"1\" ><div\n\t\t\t\n\t\t\tclass=\"so-widget-sow-editor so-widget-sow-editor-base\"\n\t\t\t\n\t\t>\n<div class=\"siteorigin-widget-tinymce textwidget\">\n\t<h4>POL\u00cdTICA DE PRIVACIDAD<\/h4>\n<h5>1. INFORMACI\u00d3N AL USUARIO<\/h5>\n<p>SOCIEDAD ESPA\u00d1OLA DE APLICACIONES CIBERN\u00c9TICAS SEAC S.A. , en adelante RESPONSABLE, es el Responsable del tratamiento de los datos personales del Usuario y le informa que estos datos ser\u00e1n tratados de conformidad con lo dispuesto en el Reglamento (UE) 2016\/679 de 27 de abril (GDPR) y la Ley Org\u00e1nica 3\/2018 de 5 de diciembre (LOPDGDD), por lo que se le facilita la siguiente informaci\u00f3n del tratamiento:<\/p>\n<p><strong>Fin del tratamiento:<\/strong> mantener una relaci\u00f3n comercial con el Usuario. Las operaciones previstas para realizar el tratamiento son:<\/p>\n<p>- Remisi\u00f3n de comunicaciones comerciales publicitarias por email, fax, SMS, MMS, comunidades sociales o cualquier otro medio electr\u00f3nico o f\u00edsico, presente o futuro, que posibilite realizar comunicaciones comerciales. Estas comunicaciones ser\u00e1n realizadas por el RESPONSABLE y relacionadas sobre sus productos y servicios, o de sus colaboradores o proveedores con los que \u00e9ste haya alcanzado alg\u00fan acuerdo de promoci\u00f3n. En este caso, los terceros nunca tendr\u00e1n acceso a los datos personales.<\/p>\n<p>- Realizar estudios estad\u00edsticos.<\/p>\n<p>- Tramitar encargos, solicitudes o cualquier tipo de petici\u00f3n que sea realizada por el usuario a trav\u00e9s de cualquiera de las formas de contacto que se ponen a su disposici\u00f3n.<\/p>\n<p>- Remitir el bolet\u00edn de noticias de la p\u00e1gina web.<\/p>\n<p><strong>Base jur\u00eddica del tratamiento:<\/strong> consentimiento del interesado.<\/p>\n<p><strong>Criterios de conservaci\u00f3n de los datos :<\/strong> se conservar\u00e1n durante no m\u00e1s tiempo del necesario para mantener el fin del tratamiento y cuando ya no sea necesario para tal fin, se suprimir\u00e1n con medidas de seguridad adecuadas para garantizar la seudonimizaci\u00f3n de los datos o la destrucci\u00f3n total de los mismos.<\/p>\n<p><strong>Comunicaci\u00f3n de los datos :<\/strong> No se comunicar\u00e1n los datos a terceros, salvo obligaci\u00f3n legal.<\/p>\n<p><strong>Derechos que asisten al Usuario:<\/strong><\/p>\n<p>- Derecho a retirar el consentimiento en cualquier momento.<\/p>\n<p>- Derecho de acceso, rectificaci\u00f3n, portabilidad y supresi\u00f3n de sus datos y a la limitaci\u00f3n u oposici\u00f3n a su tratamiento.<\/p>\n<p>- Derecho a presentar una reclamaci\u00f3n ante la autoridad de control (www.aepd.es) si considera que el tratamiento no se ajusta a la normativa vigente.<\/p>\n<p><strong>Datos de contacto para ejercer sus derechos:<\/strong><\/p>\n<p>SOCIEDAD ESPA\u00d1OLA DE APLICACIONES CIBERN\u00c9TICAS SEAC S.A.. c\/ San Romualdo, 26 - 28037 Madrid (Madrid). Email: seac@seac.es<\/p>\n<h5>2. CAR\u00c1CTER OBLIGATORIO O FACULTATIVO DE LA INFORMACI\u00d3N FACILITADA POR EL USUARIO<\/h5>\n<p>Los Usuarios, mediante la marcaci\u00f3n de las casillas correspondientes y entrada de datos en los campos, marcados con un asterisco (*) en el formulario de contacto o presentados en formularios de descarga, aceptan expresamente y de forma libre e inequ\u00edvoca, que sus datos son necesarios para atender su petici\u00f3n, por parte del prestador, siendo voluntaria la inclusi\u00f3n de datos en los campos restantes. El Usuario garantiza que los datos personales facilitados al RESPONSABLE son veraces y se hace responsable de comunicar cualquier modificaci\u00f3n de los mismos.<br \/>\nEl RESPONSABLE informa y garantiza expresamente a los usuarios que sus datos personales no ser\u00e1n cedidos en ning\u00fan caso a terceros, y que siempre que realizara alg\u00fan tipo de cesi\u00f3n de datos personales, se pedir\u00e1 previamente el consentimiento expreso, informado e inequ\u00edvoco por parte los Usuarios. Todos los datos solicitados a trav\u00e9s del sitio web son obligatorios, ya que son necesarios para la prestaci\u00f3n de un servicio \u00f3ptimo al Usuario. En caso de que no sean facilitados todos los datos, no se garantiza que la informaci\u00f3n y servicios facilitados sean completamente ajustados a sus necesidades.<\/p>\n<h5>3. MEDIDAS DE SEGURIDAD<\/h5>\n<p>Que de conformidad con lo dispuesto en las normativas vigentes en protecci\u00f3n de datos personales, el RESPONSABLE est\u00e1 cumpliendo con todas las disposiciones de las normativas GDPR para el tratamiento de los datos personales de su responsabilidad, y manifiestamente con los principios descritos en el art\u00edculo 5 del GDPR, por los cuales son tratados de manera l\u00edcita, leal y transparente en relaci\u00f3n con el interesado y adecuados, pertinentes y limitados a lo necesario en relaci\u00f3n con los fines para los que son tratados.<\/p>\n<p>El RESPONSABLE garantiza que ha implementado pol\u00edticas t\u00e9cnicas y organizativas apropiadas para aplicar las medidas de seguridad que establecen el GDPR con el fin de proteger los derechos y libertades de los Usuarios y les ha comunicado la informaci\u00f3n adecuada para que puedan ejercerlos.<\/p>\n<\/div>\n<\/div><\/div><\/div><\/div><\/div><div id=\"pg-2818-2\"  class=\"panel-grid panel-has-style\" ><div class=\"siteorigin-panels-stretch panel-row-style panel-row-style-for-2818-2\" data-stretch-type=\"full\" ><div id=\"pgc-2818-2-0\"  class=\"panel-grid-cell panel-grid-cell-empty\" ><\/div><\/div><\/div><div id=\"pg-2818-3\"  class=\"panel-grid panel-has-style\" ><div class=\"siteorigin-panels-stretch panel-row-style panel-row-style-for-2818-3\" data-stretch-type=\"full\" ><div id=\"pgc-2818-3-0\"  class=\"panel-grid-cell panel-grid-cell-empty\" ><\/div><\/div><\/div><\/div>","protected":false},"excerpt":{"rendered":"<p>&nbsp; Privacy policy POL\u00cdTICA DE PRIVACIDAD 1. INFORMACI\u00d3N AL USUARIO SOCIEDAD ESPA\u00d1OLA DE APLICACIONES CIBERN\u00c9TICAS SEAC S.A. , en adelante RESPONSABLE, es el Responsable del<\/p>\n","protected":false},"author":1,"featured_media":0,"parent":0,"menu_order":0,"comment_status":"closed","ping_status":"closed","template":"","meta":[],"yoast_head":"<!-- This site is optimized with the Yoast SEO plugin v19.2 - https:\/\/yoast.com\/wordpress\/plugins\/seo\/ -->\n<title>Privacy policy - SEAC<\/title>\n<meta name=\"robots\" content=\"index, follow, max-snippet:-1, max-image-preview:large, max-video-preview:-1\" \/>\n<link rel=\"canonical\" href=\"https:\/\/www.seac.es\/en\/privacy-policy\/\" \/>\n<meta property=\"og:locale\" content=\"en_US\" \/>\n<meta property=\"og:type\" content=\"article\" \/>\n<meta property=\"og:title\" content=\"Privacy policy - SEAC\" \/>\n<meta property=\"og:description\" content=\"&nbsp; Privacy policy POL\u00cdTICA DE PRIVACIDAD 1. INFORMACI\u00d3N AL USUARIO SOCIEDAD ESPA\u00d1OLA DE APLICACIONES CIBERN\u00c9TICAS SEAC S.A. , en adelante RESPONSABLE, es el Responsable del\" \/>\n<meta property=\"og:url\" content=\"https:\/\/www.seac.es\/en\/privacy-policy\/\" \/>\n<meta property=\"og:site_name\" content=\"SEAC\" \/>\n<meta name=\"author\" content=\"adminblogseac\" \/>\n<meta name=\"twitter:card\" content=\"summary_large_image\" \/>\n<meta name=\"twitter:label1\" content=\"Est. reading time\" \/>\n\t<meta name=\"twitter:data1\" content=\"4 minutes\" \/>\n<script type=\"application\/ld+json\" class=\"yoast-schema-graph\">{\"@context\":\"https:\/\/schema.org\",\"@graph\":[{\"@type\":\"Organization\",\"@id\":\"https:\/\/www.seac.es\/en\/#organization\",\"name\":\"SEAC S.A.\",\"url\":\"https:\/\/www.seac.es\/en\/\",\"sameAs\":[],\"logo\":{\"@type\":\"ImageObject\",\"inLanguage\":\"en-US\",\"@id\":\"https:\/\/www.seac.es\/en\/#\/schema\/logo\/image\/\",\"url\":\"https:\/\/www.seac.es\/en\/wp-content\/uploads\/2017\/08\/logoSEAC240x105.png\",\"contentUrl\":\"https:\/\/www.seac.es\/en\/wp-content\/uploads\/2017\/08\/logoSEAC240x105.png\",\"width\":240,\"height\":105,\"caption\":\"SEAC S.A.\"},\"image\":{\"@id\":\"https:\/\/www.seac.es\/en\/#\/schema\/logo\/image\/\"}},{\"@type\":\"WebSite\",\"@id\":\"https:\/\/www.seac.es\/en\/#website\",\"url\":\"https:\/\/www.seac.es\/en\/\",\"name\":\"SEAC\",\"description\":\"Weather instruments and equipment\",\"publisher\":{\"@id\":\"https:\/\/www.seac.es\/en\/#organization\"},\"potentialAction\":[{\"@type\":\"SearchAction\",\"target\":{\"@type\":\"EntryPoint\",\"urlTemplate\":\"https:\/\/www.seac.es\/en\/?s={search_term_string}\"},\"query-input\":\"required name=search_term_string\"}],\"inLanguage\":\"en-US\"},{\"@type\":\"WebPage\",\"@id\":\"https:\/\/www.seac.es\/en\/privacy-policy\/#webpage\",\"url\":\"https:\/\/www.seac.es\/en\/privacy-policy\/\",\"name\":\"Privacy policy - SEAC\",\"isPartOf\":{\"@id\":\"https:\/\/www.seac.es\/en\/#website\"},\"datePublished\":\"2022-06-30T09:39:45+00:00\",\"dateModified\":\"2022-06-30T09:39:45+00:00\",\"breadcrumb\":{\"@id\":\"https:\/\/www.seac.es\/en\/privacy-policy\/#breadcrumb\"},\"inLanguage\":\"en-US\",\"potentialAction\":[{\"@type\":\"ReadAction\",\"target\":[\"https:\/\/www.seac.es\/en\/privacy-policy\/\"]}]},{\"@type\":\"BreadcrumbList\",\"@id\":\"https:\/\/www.seac.es\/en\/privacy-policy\/#breadcrumb\",\"itemListElement\":[{\"@type\":\"ListItem\",\"position\":1,\"name\":\"Home\",\"item\":\"https:\/\/www.seac.es\/en\/\"},{\"@type\":\"ListItem\",\"position\":2,\"name\":\"Privacy policy\"}]}]}<\/script>\n<!-- \/ Yoast SEO plugin. -->","yoast_head_json":{"title":"Privacy policy - SEAC","robots":{"index":"index","follow":"follow","max-snippet":"max-snippet:-1","max-image-preview":"max-image-preview:large","max-video-preview":"max-video-preview:-1"},"canonical":"https:\/\/www.seac.es\/en\/privacy-policy\/","og_locale":"en_US","og_type":"article","og_title":"Privacy policy - SEAC","og_description":"&nbsp; Privacy policy POL\u00cdTICA DE PRIVACIDAD 1. INFORMACI\u00d3N AL USUARIO SOCIEDAD ESPA\u00d1OLA DE APLICACIONES CIBERN\u00c9TICAS SEAC S.A. , en adelante RESPONSABLE, es el Responsable del","og_url":"https:\/\/www.seac.es\/en\/privacy-policy\/","og_site_name":"SEAC","author":"adminblogseac","twitter_card":"summary_large_image","twitter_misc":{"Est. reading time":"4 minutes"},"schema":{"@context":"https:\/\/schema.org","@graph":[{"@type":"Organization","@id":"https:\/\/www.seac.es\/en\/#organization","name":"SEAC S.A.","url":"https:\/\/www.seac.es\/en\/","sameAs":[],"logo":{"@type":"ImageObject","inLanguage":"en-US","@id":"https:\/\/www.seac.es\/en\/#\/schema\/logo\/image\/","url":"https:\/\/www.seac.es\/en\/wp-content\/uploads\/2017\/08\/logoSEAC240x105.png","contentUrl":"https:\/\/www.seac.es\/en\/wp-content\/uploads\/2017\/08\/logoSEAC240x105.png","width":240,"height":105,"caption":"SEAC S.A."},"image":{"@id":"https:\/\/www.seac.es\/en\/#\/schema\/logo\/image\/"}},{"@type":"WebSite","@id":"https:\/\/www.seac.es\/en\/#website","url":"https:\/\/www.seac.es\/en\/","name":"SEAC","description":"Weather instruments and equipment","publisher":{"@id":"https:\/\/www.seac.es\/en\/#organization"},"potentialAction":[{"@type":"SearchAction","target":{"@type":"EntryPoint","urlTemplate":"https:\/\/www.seac.es\/en\/?s={search_term_string}"},"query-input":"required name=search_term_string"}],"inLanguage":"en-US"},{"@type":"WebPage","@id":"https:\/\/www.seac.es\/en\/privacy-policy\/#webpage","url":"https:\/\/www.seac.es\/en\/privacy-policy\/","name":"Privacy policy - SEAC","isPartOf":{"@id":"https:\/\/www.seac.es\/en\/#website"},"datePublished":"2022-06-30T09:39:45+00:00","dateModified":"2022-06-30T09:39:45+00:00","breadcrumb":{"@id":"https:\/\/www.seac.es\/en\/privacy-policy\/#breadcrumb"},"inLanguage":"en-US","potentialAction":[{"@type":"ReadAction","target":["https:\/\/www.seac.es\/en\/privacy-policy\/"]}]},{"@type":"BreadcrumbList","@id":"https:\/\/www.seac.es\/en\/privacy-policy\/#breadcrumb","itemListElement":[{"@type":"ListItem","position":1,"name":"Home","item":"https:\/\/www.seac.es\/en\/"},{"@type":"ListItem","position":2,"name":"Privacy policy"}]}]}},"_links":{"self":[{"href":"https:\/\/www.seac.es\/en\/wp-json\/wp\/v2\/pages\/2818"}],"collection":[{"href":"https:\/\/www.seac.es\/en\/wp-json\/wp\/v2\/pages"}],"about":[{"href":"https:\/\/www.seac.es\/en\/wp-json\/wp\/v2\/types\/page"}],"author":[{"embeddable":true,"href":"https:\/\/www.seac.es\/en\/wp-json\/wp\/v2\/users\/1"}],"replies":[{"embeddable":true,"href":"https:\/\/www.seac.es\/en\/wp-json\/wp\/v2\/comments?post=2818"}],"version-history":[{"count":3,"href":"https:\/\/www.seac.es\/en\/wp-json\/wp\/v2\/pages\/2818\/revisions"}],"predecessor-version":[{"id":2821,"href":"https:\/\/www.seac.es\/en\/wp-json\/wp\/v2\/pages\/2818\/revisions\/2821"}],"wp:attachment":[{"href":"https:\/\/www.seac.es\/en\/wp-json\/wp\/v2\/media?parent=2818"}],"curies":[{"name":"wp","href":"https:\/\/api.w.org\/{rel}","templated":true}]}}